{"id":256557,"date":"2024-07-04T16:58:42","date_gmt":"2024-07-04T14:58:42","guid":{"rendered":"https:\/\/nueva.ledsolintel.com\/product\/roblan-aplique-de-lectura-akademi-con-punto-de-carga-usb\/"},"modified":"2024-07-04T16:58:42","modified_gmt":"2024-07-04T14:58:42","slug":"lampe-de-lecture-roblan-akademi-avec-point-de-charge-usb","status":"publish","type":"product","link":"https:\/\/ledsolintel.com\/fr\/produit-2\/lampe-de-lecture-roblan-akademi-avec-point-de-charge-usb\/","title":{"rendered":"Lampe de lecture ROBLAN AKADEMI avec prise de charge USB"},"content":{"rendered":"<ul>\n<li>Puissance : 3 W<\/li>\n<li>Tension : AC 220-240 V \/ 50 Hz<\/li>\n<li>Luminosit\u00e9 : 250 lm<\/li>\n<li>CCT : 3000 K<\/li>\n<li>Optique : 120\u00ba.<\/li>\n<li>IRC &gt; 80<\/li>\n<li>Protection IP20<\/li>\n<li>Protection IK03<\/li>\n<li>Facteur de puissance &gt; 0,5<\/li>\n<li>Dur\u00e9e de vie : 50 000 h<\/li>\n<li>Dimensions : 155 x 180 x 70 mm<\/li>\n<\/ul>","protected":false},"excerpt":{"rendered":"<p>Liseuse AKADEMI de Roblan. Lumi\u00e8re chaude et lampe r\u00e9glable. Corps en aluminium avec prise de charge USB. Id\u00e9ale pour les chambres \u00e0 coucher et l'\u00e9clairage professionnel des h\u00f4tels.<\/p>","protected":false},"featured_media":256556,"template":"","meta":[],"product_brand":[99355],"product_cat":[99573,99887,99659],"product_tag":[],"class_list":{"0":"post-256557","1":"product","2":"type-product","3":"status-publish","4":"has-post-thumbnail","6":"product_brand-roblan","7":"product_cat-iluminacion-interior","8":"product_cat-lamparas-de-lectura","9":"product_cat-lamparas-de-pared","10":"pa_acabado-blanco","11":"pa_acabado-negro","14":"instock","15":"taxable","16":"shipping-taxable","17":"purchasable","18":"product-type-variable","19":"has-default-attributes"},"yoast_head":"<!-- This site is optimized with the Yoast SEO plugin v27.4 - https:\/\/yoast.com\/product\/yoast-seo-wordpress\/ -->\n<title>ROBLAN aplique de lectura AKADEMI con punto de carga USB<\/title>\n<meta name=\"description\" content=\"Aplique de lectura AKADEMI de Roblan. Luz c\u00e1lida y l\u00e1mpara orientable. Cuerpo de aluminio con punto de carga USB. iluminaci\u00f3n profesional en hoteles.\" \/>\n<meta name=\"robots\" content=\"index, follow, max-snippet:-1, max-image-preview:large, max-video-preview:-1\" \/>\n<link rel=\"canonical\" href=\"https:\/\/ledsolintel.com\/fr\/produit-2\/lampe-de-lecture-roblan-akademi-avec-point-de-charge-usb\/\" \/>\n<meta property=\"og:locale\" content=\"fr_FR\" \/>\n<meta property=\"og:type\" content=\"article\" \/>\n<meta property=\"og:title\" content=\"ROBLAN aplique de lectura AKADEMI con punto de carga USB\" \/>\n<meta property=\"og:description\" content=\"Aplique de lectura AKADEMI de Roblan. Luz c\u00e1lida y l\u00e1mpara orientable. Cuerpo de aluminio con punto de carga USB. iluminaci\u00f3n profesional en hoteles.\" \/>\n<meta property=\"og:url\" content=\"https:\/\/ledsolintel.com\/fr\/produit-2\/lampe-de-lecture-roblan-akademi-avec-point-de-charge-usb\/\" \/>\n<meta property=\"og:site_name\" content=\"Ledsolintel\" \/>\n<meta property=\"article:publisher\" content=\"http:\/\/www.facebook.com\/webmenaje\" \/>\n<meta property=\"og:image\" content=\"https:\/\/ledsolintel.com\/wp-content\/uploads\/2024\/07\/31495-ROBLAN-aplique-de-lectura-AKADEMI-con-punto-de-carga-USB.jpg\" \/>\n\t<meta property=\"og:image:width\" content=\"1\" \/>\n\t<meta property=\"og:image:height\" content=\"1\" \/>\n\t<meta property=\"og:image:type\" content=\"image\/jpeg\" \/>\n<meta name=\"twitter:card\" content=\"summary_large_image\" \/>\n<meta name=\"twitter:site\" content=\"@webmenaje\" \/>\n<script type=\"application\/ld+json\" class=\"yoast-schema-graph\">{\"@context\":\"https:\\\/\\\/schema.org\",\"@graph\":[{\"@type\":\"WebPage\",\"@id\":\"https:\\\/\\\/ledsolintel.com\\\/product\\\/roblan-aplique-de-lectura-akademi-con-punto-de-carga-usb\\\/\",\"url\":\"https:\\\/\\\/ledsolintel.com\\\/product\\\/roblan-aplique-de-lectura-akademi-con-punto-de-carga-usb\\\/\",\"name\":\"ROBLAN aplique de lectura AKADEMI con punto de carga USB\",\"isPartOf\":{\"@id\":\"https:\\\/\\\/ledsolintel.com\\\/#website\"},\"primaryImageOfPage\":{\"@id\":\"https:\\\/\\\/ledsolintel.com\\\/product\\\/roblan-aplique-de-lectura-akademi-con-punto-de-carga-usb\\\/#primaryimage\"},\"image\":{\"@id\":\"https:\\\/\\\/ledsolintel.com\\\/product\\\/roblan-aplique-de-lectura-akademi-con-punto-de-carga-usb\\\/#primaryimage\"},\"thumbnailUrl\":\"https:\\\/\\\/ledsolintel.com\\\/wp-content\\\/uploads\\\/2024\\\/07\\\/31495-ROBLAN-aplique-de-lectura-AKADEMI-con-punto-de-carga-USB.jpg\",\"datePublished\":\"2024-07-04T14:58:42+00:00\",\"description\":\"Aplique de lectura AKADEMI de Roblan. Luz c\u00e1lida y l\u00e1mpara orientable. Cuerpo de aluminio con punto de carga USB. iluminaci\u00f3n profesional en hoteles.\",\"breadcrumb\":{\"@id\":\"https:\\\/\\\/ledsolintel.com\\\/product\\\/roblan-aplique-de-lectura-akademi-con-punto-de-carga-usb\\\/#breadcrumb\"},\"inLanguage\":\"fr-FR\",\"potentialAction\":[{\"@type\":\"ReadAction\",\"target\":[\"https:\\\/\\\/ledsolintel.com\\\/product\\\/roblan-aplique-de-lectura-akademi-con-punto-de-carga-usb\\\/\"]}]},{\"@type\":\"ImageObject\",\"inLanguage\":\"fr-FR\",\"@id\":\"https:\\\/\\\/ledsolintel.com\\\/product\\\/roblan-aplique-de-lectura-akademi-con-punto-de-carga-usb\\\/#primaryimage\",\"url\":\"https:\\\/\\\/ledsolintel.com\\\/wp-content\\\/uploads\\\/2024\\\/07\\\/31495-ROBLAN-aplique-de-lectura-AKADEMI-con-punto-de-carga-USB.jpg\",\"contentUrl\":\"https:\\\/\\\/ledsolintel.com\\\/wp-content\\\/uploads\\\/2024\\\/07\\\/31495-ROBLAN-aplique-de-lectura-AKADEMI-con-punto-de-carga-USB.jpg\",\"caption\":\"ROBLAN aplique de lectura AKADEMI con punto de carga USB\"},{\"@type\":\"BreadcrumbList\",\"@id\":\"https:\\\/\\\/ledsolintel.com\\\/product\\\/roblan-aplique-de-lectura-akademi-con-punto-de-carga-usb\\\/#breadcrumb\",\"itemListElement\":[{\"@type\":\"ListItem\",\"position\":1,\"name\":\"Portada\",\"item\":\"https:\\\/\\\/ledsolintel.com\\\/fr\\\/\"},{\"@type\":\"ListItem\",\"position\":2,\"name\":\"Tienda\",\"item\":\"https:\\\/\\\/ledsolintel.com\\\/tienda\\\/\"},{\"@type\":\"ListItem\",\"position\":3,\"name\":\"ROBLAN aplique de lectura AKADEMI con punto de carga USB\"}]},{\"@type\":\"WebSite\",\"@id\":\"https:\\\/\\\/ledsolintel.com\\\/#website\",\"url\":\"https:\\\/\\\/ledsolintel.com\\\/\",\"name\":\"Webmenaje\",\"description\":\"Tienda de bombillas y l\u00e1mparas LED para profesionales\",\"publisher\":{\"@id\":\"https:\\\/\\\/ledsolintel.com\\\/#organization\"},\"potentialAction\":[{\"@type\":\"SearchAction\",\"target\":{\"@type\":\"EntryPoint\",\"urlTemplate\":\"https:\\\/\\\/ledsolintel.com\\\/?s={search_term_string}\"},\"query-input\":{\"@type\":\"PropertyValueSpecification\",\"valueRequired\":true,\"valueName\":\"search_term_string\"}}],\"inLanguage\":\"fr-FR\"},{\"@type\":\"Organization\",\"@id\":\"https:\\\/\\\/ledsolintel.com\\\/#organization\",\"name\":\"Solintel Noroeste, S.L.\",\"url\":\"https:\\\/\\\/ledsolintel.com\\\/\",\"logo\":{\"@type\":\"ImageObject\",\"inLanguage\":\"fr-FR\",\"@id\":\"https:\\\/\\\/ledsolintel.com\\\/#\\\/schema\\\/logo\\\/image\\\/\",\"url\":\"https:\\\/\\\/ledsolintel.com\\\/wp-content\\\/uploads\\\/2024\\\/11\\\/webmenaje-logo-1508269066.jpg\",\"contentUrl\":\"https:\\\/\\\/ledsolintel.com\\\/wp-content\\\/uploads\\\/2024\\\/11\\\/webmenaje-logo-1508269066.jpg\",\"width\":370,\"height\":90,\"caption\":\"Solintel Noroeste, S.L.\"},\"image\":{\"@id\":\"https:\\\/\\\/ledsolintel.com\\\/#\\\/schema\\\/logo\\\/image\\\/\"},\"sameAs\":[\"http:\\\/\\\/www.facebook.com\\\/webmenaje\",\"https:\\\/\\\/x.com\\\/webmenaje\",\"https:\\\/\\\/www.youtube.com\\\/channel\\\/UCX2KoVoeCG4LocZjUc6LmSQ\",\"http:\\\/\\\/www.pinterest.com\\\/webmenaje\"]}]}<\/script>\n<!-- \/ Yoast SEO plugin. -->","yoast_head_json":{"title":"Lampe de lecture ROBLAN AKADEMI avec prise de charge USB","description":"Liseuse AKADEMI de Roblan. Lumi\u00e8re chaude et lampe r\u00e9glable. Corps en aluminium avec prise de charge USB. \u00c9clairage professionnel pour les h\u00f4tels.","robots":{"index":"index","follow":"follow","max-snippet":"max-snippet:-1","max-image-preview":"max-image-preview:large","max-video-preview":"max-video-preview:-1"},"canonical":"https:\/\/ledsolintel.com\/fr\/produit-2\/lampe-de-lecture-roblan-akademi-avec-point-de-charge-usb\/","og_locale":"fr_FR","og_type":"article","og_title":"ROBLAN aplique de lectura AKADEMI con punto de carga USB","og_description":"Aplique de lectura AKADEMI de Roblan. Luz c\u00e1lida y l\u00e1mpara orientable. Cuerpo de aluminio con punto de carga USB. iluminaci\u00f3n profesional en hoteles.","og_url":"https:\/\/ledsolintel.com\/fr\/produit-2\/lampe-de-lecture-roblan-akademi-avec-point-de-charge-usb\/","og_site_name":"Ledsolintel","article_publisher":"http:\/\/www.facebook.com\/webmenaje","og_image":[{"url":"https:\/\/ledsolintel.com\/wp-content\/uploads\/2024\/07\/31495-ROBLAN-aplique-de-lectura-AKADEMI-con-punto-de-carga-USB.jpg","width":1,"height":1,"type":"image\/jpeg"}],"twitter_card":"summary_large_image","twitter_site":"@webmenaje","schema":{"@context":"https:\/\/schema.org","@graph":[{"@type":"WebPage","@id":"https:\/\/ledsolintel.com\/product\/roblan-aplique-de-lectura-akademi-con-punto-de-carga-usb\/","url":"https:\/\/ledsolintel.com\/product\/roblan-aplique-de-lectura-akademi-con-punto-de-carga-usb\/","name":"Lampe de lecture ROBLAN AKADEMI avec prise de charge USB","isPartOf":{"@id":"https:\/\/ledsolintel.com\/#website"},"primaryImageOfPage":{"@id":"https:\/\/ledsolintel.com\/product\/roblan-aplique-de-lectura-akademi-con-punto-de-carga-usb\/#primaryimage"},"image":{"@id":"https:\/\/ledsolintel.com\/product\/roblan-aplique-de-lectura-akademi-con-punto-de-carga-usb\/#primaryimage"},"thumbnailUrl":"https:\/\/ledsolintel.com\/wp-content\/uploads\/2024\/07\/31495-ROBLAN-aplique-de-lectura-AKADEMI-con-punto-de-carga-USB.jpg","datePublished":"2024-07-04T14:58:42+00:00","description":"Liseuse AKADEMI de Roblan. Lumi\u00e8re chaude et lampe r\u00e9glable. Corps en aluminium avec prise de charge USB. \u00c9clairage professionnel pour les h\u00f4tels.","breadcrumb":{"@id":"https:\/\/ledsolintel.com\/product\/roblan-aplique-de-lectura-akademi-con-punto-de-carga-usb\/#breadcrumb"},"inLanguage":"fr-FR","potentialAction":[{"@type":"ReadAction","target":["https:\/\/ledsolintel.com\/product\/roblan-aplique-de-lectura-akademi-con-punto-de-carga-usb\/"]}]},{"@type":"ImageObject","inLanguage":"fr-FR","@id":"https:\/\/ledsolintel.com\/product\/roblan-aplique-de-lectura-akademi-con-punto-de-carga-usb\/#primaryimage","url":"https:\/\/ledsolintel.com\/wp-content\/uploads\/2024\/07\/31495-ROBLAN-aplique-de-lectura-AKADEMI-con-punto-de-carga-USB.jpg","contentUrl":"https:\/\/ledsolintel.com\/wp-content\/uploads\/2024\/07\/31495-ROBLAN-aplique-de-lectura-AKADEMI-con-punto-de-carga-USB.jpg","caption":"ROBLAN aplique de lectura AKADEMI con punto de carga USB"},{"@type":"BreadcrumbList","@id":"https:\/\/ledsolintel.com\/product\/roblan-aplique-de-lectura-akademi-con-punto-de-carga-usb\/#breadcrumb","itemListElement":[{"@type":"ListItem","position":1,"name":"Portada","item":"https:\/\/ledsolintel.com\/fr\/"},{"@type":"ListItem","position":2,"name":"Tienda","item":"https:\/\/ledsolintel.com\/tienda\/"},{"@type":"ListItem","position":3,"name":"ROBLAN aplique de lectura AKADEMI con punto de carga USB"}]},{"@type":"WebSite","@id":"https:\/\/ledsolintel.com\/#website","url":"https:\/\/ledsolintel.com\/","name":"Webmenaje","description":"Magasin d'ampoules et de lampes LED pour les professionnels","publisher":{"@id":"https:\/\/ledsolintel.com\/#organization"},"potentialAction":[{"@type":"SearchAction","target":{"@type":"EntryPoint","urlTemplate":"https:\/\/ledsolintel.com\/?s={search_term_string}"},"query-input":{"@type":"PropertyValueSpecification","valueRequired":true,"valueName":"search_term_string"}}],"inLanguage":"fr-FR"},{"@type":"Organization","@id":"https:\/\/ledsolintel.com\/#organization","name":"Solintel Noroeste, S.L.","url":"https:\/\/ledsolintel.com\/","logo":{"@type":"ImageObject","inLanguage":"fr-FR","@id":"https:\/\/ledsolintel.com\/#\/schema\/logo\/image\/","url":"https:\/\/ledsolintel.com\/wp-content\/uploads\/2024\/11\/webmenaje-logo-1508269066.jpg","contentUrl":"https:\/\/ledsolintel.com\/wp-content\/uploads\/2024\/11\/webmenaje-logo-1508269066.jpg","width":370,"height":90,"caption":"Solintel Noroeste, S.L."},"image":{"@id":"https:\/\/ledsolintel.com\/#\/schema\/logo\/image\/"},"sameAs":["http:\/\/www.facebook.com\/webmenaje","https:\/\/x.com\/webmenaje","https:\/\/www.youtube.com\/channel\/UCX2KoVoeCG4LocZjUc6LmSQ","http:\/\/www.pinterest.com\/webmenaje"]}]}},"_links":{"self":[{"href":"https:\/\/ledsolintel.com\/fr\/wp-json\/wp\/v2\/product\/256557","targetHints":{"allow":["GET"]}}],"collection":[{"href":"https:\/\/ledsolintel.com\/fr\/wp-json\/wp\/v2\/product"}],"about":[{"href":"https:\/\/ledsolintel.com\/fr\/wp-json\/wp\/v2\/types\/product"}],"version-history":[{"count":0,"href":"https:\/\/ledsolintel.com\/fr\/wp-json\/wp\/v2\/product\/256557\/revisions"}],"wp:featuredmedia":[{"embeddable":true,"href":"https:\/\/ledsolintel.com\/fr\/wp-json\/wp\/v2\/media\/256556"}],"wp:attachment":[{"href":"https:\/\/ledsolintel.com\/fr\/wp-json\/wp\/v2\/media?parent=256557"}],"wp:term":[{"taxonomy":"product_brand","embeddable":true,"href":"https:\/\/ledsolintel.com\/fr\/wp-json\/wp\/v2\/product_brand?post=256557"},{"taxonomy":"product_cat","embeddable":true,"href":"https:\/\/ledsolintel.com\/fr\/wp-json\/wp\/v2\/product_cat?post=256557"},{"taxonomy":"product_tag","embeddable":true,"href":"https:\/\/ledsolintel.com\/fr\/wp-json\/wp\/v2\/product_tag?post=256557"}],"curies":[{"name":"wp","href":"https:\/\/api.w.org\/{rel}","templated":true}]}}