{"id":256518,"date":"2024-06-12T12:51:27","date_gmt":"2024-06-12T10:51:27","guid":{"rendered":"https:\/\/nueva.ledsolintel.com\/product\/beneito-faure-campana-led-ufo-lens-switch-140w-190w-240w\/"},"modified":"2024-06-12T12:51:27","modified_gmt":"2024-06-12T10:51:27","slug":"beneito-faure-led-hood-ufo-lens-switch-140w-190w-240w","status":"publish","type":"product","link":"https:\/\/ledsolintel.com\/fr\/produit-2\/beneito-faure-led-hood-ufo-lens-switch-140w-190w-240w\/","title":{"rendered":"BENEITO FAURE Hotte LED LENTILLE UFO SWITCH 140W \/ 190W \/ 240W"},"content":{"rendered":"<h1>Hotte LED industrielle UFO LENS SWITCH par Beneito Faure<\/h1>\n<h3><\/h3>\n<ul>\n<li>Puissance : 140W \/ 190W \/ 240W<\/li>\n<li>Tension : 100-260 VAC<\/li>\n<li>Luminance : 125-156 lm\/W<strong><br \/><\/strong><\/li>\n<li>Optique : 60\u00ba \/ 90\u00ba \/ 110\u00ba r\u00e9glable<\/li>\n<li>CCT : 3000 \/ 4000 \/ 5000 K (interrupteur)<\/li>\n<li>Dur\u00e9e de vie : 50000 h<\/li>\n<li>Protection IP65<\/li>\n<li>Protection IK10<\/li>\n<li>C.R.I. &gt; 80<\/li>\n<li>Diam\u00e8tre : 441 mm<\/li>\n<li>Facteur de puissance &gt;0,9<\/li>\n<\/ul>","protected":false},"excerpt":{"rendered":"<p>LED industrielle UFO LENS SWITCH par Beneito Faure. Tonalit\u00e9 et puissance r\u00e9glables gr\u00e2ce \u00e0 un interrupteur. \u00c9clairage industriel pour les entrep\u00f4ts, les gymnases et les espaces publics.<\/p>","protected":false},"featured_media":256517,"template":"","meta":[],"product_brand":[99357],"product_cat":[99611,99577],"product_tag":[],"class_list":{"0":"post-256518","1":"product","2":"type-product","3":"status-publish","4":"has-post-thumbnail","6":"product_brand-beneito-faure","7":"product_cat-campanas-industriales-led","8":"product_cat-iluminacion-industrial-y-comercial","11":"instock","12":"taxable","13":"shipping-taxable","14":"purchasable","15":"product-type-simple"},"yoast_head":"<!-- This site is optimized with the Yoast SEO plugin v26.6 - https:\/\/yoast.com\/wordpress\/plugins\/seo\/ -->\n<title>BENEITO FAURE campana LED UFO LENS SWITCH 140W \/ 190W \/ 240W<\/title>\n<meta name=\"description\" content=\"Campana industrial LED UFO LENS SWITCH de Beneito Faure. Tono de luz y potencia regulables. Iluminaci\u00f3n industrial para almacenes, gimnasios y espacios p\u00fablicos\" \/>\n<meta name=\"robots\" content=\"index, follow, max-snippet:-1, max-image-preview:large, max-video-preview:-1\" \/>\n<link rel=\"canonical\" href=\"https:\/\/ledsolintel.com\/fr\/produit-2\/beneito-faure-led-hood-ufo-lens-switch-140w-190w-240w\/\" \/>\n<meta property=\"og:locale\" content=\"fr_FR\" \/>\n<meta property=\"og:type\" content=\"article\" \/>\n<meta property=\"og:title\" content=\"BENEITO FAURE campana LED UFO LENS SWITCH 140W \/ 190W \/ 240W\" \/>\n<meta property=\"og:description\" content=\"Campana industrial LED UFO LENS SWITCH de Beneito Faure. Tono de luz y potencia regulables. Iluminaci\u00f3n industrial para almacenes, gimnasios y espacios p\u00fablicos\" \/>\n<meta property=\"og:url\" content=\"https:\/\/ledsolintel.com\/fr\/produit-2\/beneito-faure-led-hood-ufo-lens-switch-140w-190w-240w\/\" \/>\n<meta property=\"og:site_name\" content=\"Ledsolintel\" \/>\n<meta property=\"article:publisher\" content=\"http:\/\/www.facebook.com\/webmenaje\" \/>\n<meta property=\"og:image\" content=\"https:\/\/ledsolintel.com\/wp-content\/uploads\/2024\/06\/31459-UFO-LENS-de-Beneito-Faure.jpg\" \/>\n\t<meta property=\"og:image:width\" content=\"1\" \/>\n\t<meta property=\"og:image:height\" content=\"1\" \/>\n\t<meta property=\"og:image:type\" content=\"image\/jpeg\" \/>\n<meta name=\"twitter:card\" content=\"summary_large_image\" \/>\n<meta name=\"twitter:site\" content=\"@webmenaje\" \/>\n<script type=\"application\/ld+json\" class=\"yoast-schema-graph\">{\"@context\":\"https:\/\/schema.org\",\"@graph\":[{\"@type\":\"WebPage\",\"@id\":\"https:\/\/ledsolintel.com\/product\/beneito-faure-campana-led-ufo-lens-switch-140w-190w-240w\/\",\"url\":\"https:\/\/ledsolintel.com\/product\/beneito-faure-campana-led-ufo-lens-switch-140w-190w-240w\/\",\"name\":\"BENEITO FAURE campana LED UFO LENS SWITCH 140W \/ 190W \/ 240W\",\"isPartOf\":{\"@id\":\"https:\/\/ledsolintel.com\/#website\"},\"primaryImageOfPage\":{\"@id\":\"https:\/\/ledsolintel.com\/product\/beneito-faure-campana-led-ufo-lens-switch-140w-190w-240w\/#primaryimage\"},\"image\":{\"@id\":\"https:\/\/ledsolintel.com\/product\/beneito-faure-campana-led-ufo-lens-switch-140w-190w-240w\/#primaryimage\"},\"thumbnailUrl\":\"https:\/\/ledsolintel.com\/wp-content\/uploads\/2024\/06\/31459-UFO-LENS-de-Beneito-Faure.jpg\",\"datePublished\":\"2024-06-12T10:51:27+00:00\",\"description\":\"Campana industrial LED UFO LENS SWITCH de Beneito Faure. Tono de luz y potencia regulables. Iluminaci\u00f3n industrial para almacenes, gimnasios y espacios p\u00fablicos\",\"breadcrumb\":{\"@id\":\"https:\/\/ledsolintel.com\/product\/beneito-faure-campana-led-ufo-lens-switch-140w-190w-240w\/#breadcrumb\"},\"inLanguage\":\"fr-FR\",\"potentialAction\":[{\"@type\":\"ReadAction\",\"target\":[\"https:\/\/ledsolintel.com\/product\/beneito-faure-campana-led-ufo-lens-switch-140w-190w-240w\/\"]}]},{\"@type\":\"ImageObject\",\"inLanguage\":\"fr-FR\",\"@id\":\"https:\/\/ledsolintel.com\/product\/beneito-faure-campana-led-ufo-lens-switch-140w-190w-240w\/#primaryimage\",\"url\":\"https:\/\/ledsolintel.com\/wp-content\/uploads\/2024\/06\/31459-UFO-LENS-de-Beneito-Faure.jpg\",\"contentUrl\":\"https:\/\/ledsolintel.com\/wp-content\/uploads\/2024\/06\/31459-UFO-LENS-de-Beneito-Faure.jpg\",\"caption\":\"UFO LENS de Beneito Faure\"},{\"@type\":\"BreadcrumbList\",\"@id\":\"https:\/\/ledsolintel.com\/product\/beneito-faure-campana-led-ufo-lens-switch-140w-190w-240w\/#breadcrumb\",\"itemListElement\":[{\"@type\":\"ListItem\",\"position\":1,\"name\":\"Portada\",\"item\":\"https:\/\/ledsolintel.com\/fr\/\"},{\"@type\":\"ListItem\",\"position\":2,\"name\":\"Tienda\",\"item\":\"https:\/\/ledsolintel.com\/tienda\/\"},{\"@type\":\"ListItem\",\"position\":3,\"name\":\"BENEITO FAURE campana LED UFO LENS SWITCH 140W \/ 190W \/ 240W\"}]},{\"@type\":\"WebSite\",\"@id\":\"https:\/\/ledsolintel.com\/#website\",\"url\":\"https:\/\/ledsolintel.com\/\",\"name\":\"Webmenaje\",\"description\":\"Tienda de bombillas y l\u00e1mparas LED para profesionales\",\"publisher\":{\"@id\":\"https:\/\/ledsolintel.com\/#organization\"},\"potentialAction\":[{\"@type\":\"SearchAction\",\"target\":{\"@type\":\"EntryPoint\",\"urlTemplate\":\"https:\/\/ledsolintel.com\/?s={search_term_string}\"},\"query-input\":{\"@type\":\"PropertyValueSpecification\",\"valueRequired\":true,\"valueName\":\"search_term_string\"}}],\"inLanguage\":\"fr-FR\"},{\"@type\":\"Organization\",\"@id\":\"https:\/\/ledsolintel.com\/#organization\",\"name\":\"Solintel Noroeste, S.L.\",\"url\":\"https:\/\/ledsolintel.com\/\",\"logo\":{\"@type\":\"ImageObject\",\"inLanguage\":\"fr-FR\",\"@id\":\"https:\/\/ledsolintel.com\/#\/schema\/logo\/image\/\",\"url\":\"https:\/\/ledsolintel.com\/wp-content\/uploads\/2024\/11\/webmenaje-logo-1508269066.jpg\",\"contentUrl\":\"https:\/\/ledsolintel.com\/wp-content\/uploads\/2024\/11\/webmenaje-logo-1508269066.jpg\",\"width\":370,\"height\":90,\"caption\":\"Solintel Noroeste, S.L.\"},\"image\":{\"@id\":\"https:\/\/ledsolintel.com\/#\/schema\/logo\/image\/\"},\"sameAs\":[\"http:\/\/www.facebook.com\/webmenaje\",\"https:\/\/x.com\/webmenaje\",\"https:\/\/www.youtube.com\/channel\/UCX2KoVoeCG4LocZjUc6LmSQ\",\"http:\/\/www.pinterest.com\/webmenaje\"]}]}<\/script>\n<!-- \/ Yoast SEO plugin. -->","yoast_head_json":{"title":"BENEITO FAURE Hotte LED LENTILLE UFO SWITCH 140W \/ 190W \/ 240W","description":"Interrupteur LED industriel \u00e0 lentille ovale par Beneito Faure. Tonalit\u00e9 et puissance r\u00e9glables. \u00c9clairage industriel pour les entrep\u00f4ts, les gymnases et les espaces publics.","robots":{"index":"index","follow":"follow","max-snippet":"max-snippet:-1","max-image-preview":"max-image-preview:large","max-video-preview":"max-video-preview:-1"},"canonical":"https:\/\/ledsolintel.com\/fr\/produit-2\/beneito-faure-led-hood-ufo-lens-switch-140w-190w-240w\/","og_locale":"fr_FR","og_type":"article","og_title":"BENEITO FAURE campana LED UFO LENS SWITCH 140W \/ 190W \/ 240W","og_description":"Campana industrial LED UFO LENS SWITCH de Beneito Faure. Tono de luz y potencia regulables. Iluminaci\u00f3n industrial para almacenes, gimnasios y espacios p\u00fablicos","og_url":"https:\/\/ledsolintel.com\/fr\/produit-2\/beneito-faure-led-hood-ufo-lens-switch-140w-190w-240w\/","og_site_name":"Ledsolintel","article_publisher":"http:\/\/www.facebook.com\/webmenaje","og_image":[{"url":"https:\/\/ledsolintel.com\/wp-content\/uploads\/2024\/06\/31459-UFO-LENS-de-Beneito-Faure.jpg","width":1,"height":1,"type":"image\/jpeg"}],"twitter_card":"summary_large_image","twitter_site":"@webmenaje","schema":{"@context":"https:\/\/schema.org","@graph":[{"@type":"WebPage","@id":"https:\/\/ledsolintel.com\/product\/beneito-faure-campana-led-ufo-lens-switch-140w-190w-240w\/","url":"https:\/\/ledsolintel.com\/product\/beneito-faure-campana-led-ufo-lens-switch-140w-190w-240w\/","name":"BENEITO FAURE Hotte LED LENTILLE UFO SWITCH 140W \/ 190W \/ 240W","isPartOf":{"@id":"https:\/\/ledsolintel.com\/#website"},"primaryImageOfPage":{"@id":"https:\/\/ledsolintel.com\/product\/beneito-faure-campana-led-ufo-lens-switch-140w-190w-240w\/#primaryimage"},"image":{"@id":"https:\/\/ledsolintel.com\/product\/beneito-faure-campana-led-ufo-lens-switch-140w-190w-240w\/#primaryimage"},"thumbnailUrl":"https:\/\/ledsolintel.com\/wp-content\/uploads\/2024\/06\/31459-UFO-LENS-de-Beneito-Faure.jpg","datePublished":"2024-06-12T10:51:27+00:00","description":"Interrupteur LED industriel \u00e0 lentille ovale par Beneito Faure. Tonalit\u00e9 et puissance r\u00e9glables. \u00c9clairage industriel pour les entrep\u00f4ts, les gymnases et les espaces publics.","breadcrumb":{"@id":"https:\/\/ledsolintel.com\/product\/beneito-faure-campana-led-ufo-lens-switch-140w-190w-240w\/#breadcrumb"},"inLanguage":"fr-FR","potentialAction":[{"@type":"ReadAction","target":["https:\/\/ledsolintel.com\/product\/beneito-faure-campana-led-ufo-lens-switch-140w-190w-240w\/"]}]},{"@type":"ImageObject","inLanguage":"fr-FR","@id":"https:\/\/ledsolintel.com\/product\/beneito-faure-campana-led-ufo-lens-switch-140w-190w-240w\/#primaryimage","url":"https:\/\/ledsolintel.com\/wp-content\/uploads\/2024\/06\/31459-UFO-LENS-de-Beneito-Faure.jpg","contentUrl":"https:\/\/ledsolintel.com\/wp-content\/uploads\/2024\/06\/31459-UFO-LENS-de-Beneito-Faure.jpg","caption":"UFO LENS de Beneito Faure"},{"@type":"BreadcrumbList","@id":"https:\/\/ledsolintel.com\/product\/beneito-faure-campana-led-ufo-lens-switch-140w-190w-240w\/#breadcrumb","itemListElement":[{"@type":"ListItem","position":1,"name":"Portada","item":"https:\/\/ledsolintel.com\/fr\/"},{"@type":"ListItem","position":2,"name":"Tienda","item":"https:\/\/ledsolintel.com\/tienda\/"},{"@type":"ListItem","position":3,"name":"BENEITO FAURE campana LED UFO LENS SWITCH 140W \/ 190W \/ 240W"}]},{"@type":"WebSite","@id":"https:\/\/ledsolintel.com\/#website","url":"https:\/\/ledsolintel.com\/","name":"Webmenaje","description":"Magasin d'ampoules et de lampes LED pour les professionnels","publisher":{"@id":"https:\/\/ledsolintel.com\/#organization"},"potentialAction":[{"@type":"SearchAction","target":{"@type":"EntryPoint","urlTemplate":"https:\/\/ledsolintel.com\/?s={search_term_string}"},"query-input":{"@type":"PropertyValueSpecification","valueRequired":true,"valueName":"search_term_string"}}],"inLanguage":"fr-FR"},{"@type":"Organization","@id":"https:\/\/ledsolintel.com\/#organization","name":"Solintel Noroeste, S.L.","url":"https:\/\/ledsolintel.com\/","logo":{"@type":"ImageObject","inLanguage":"fr-FR","@id":"https:\/\/ledsolintel.com\/#\/schema\/logo\/image\/","url":"https:\/\/ledsolintel.com\/wp-content\/uploads\/2024\/11\/webmenaje-logo-1508269066.jpg","contentUrl":"https:\/\/ledsolintel.com\/wp-content\/uploads\/2024\/11\/webmenaje-logo-1508269066.jpg","width":370,"height":90,"caption":"Solintel Noroeste, S.L."},"image":{"@id":"https:\/\/ledsolintel.com\/#\/schema\/logo\/image\/"},"sameAs":["http:\/\/www.facebook.com\/webmenaje","https:\/\/x.com\/webmenaje","https:\/\/www.youtube.com\/channel\/UCX2KoVoeCG4LocZjUc6LmSQ","http:\/\/www.pinterest.com\/webmenaje"]}]}},"_links":{"self":[{"href":"https:\/\/ledsolintel.com\/fr\/wp-json\/wp\/v2\/product\/256518","targetHints":{"allow":["GET"]}}],"collection":[{"href":"https:\/\/ledsolintel.com\/fr\/wp-json\/wp\/v2\/product"}],"about":[{"href":"https:\/\/ledsolintel.com\/fr\/wp-json\/wp\/v2\/types\/product"}],"version-history":[{"count":0,"href":"https:\/\/ledsolintel.com\/fr\/wp-json\/wp\/v2\/product\/256518\/revisions"}],"wp:featuredmedia":[{"embeddable":true,"href":"https:\/\/ledsolintel.com\/fr\/wp-json\/wp\/v2\/media\/256517"}],"wp:attachment":[{"href":"https:\/\/ledsolintel.com\/fr\/wp-json\/wp\/v2\/media?parent=256518"}],"wp:term":[{"taxonomy":"product_brand","embeddable":true,"href":"https:\/\/ledsolintel.com\/fr\/wp-json\/wp\/v2\/product_brand?post=256518"},{"taxonomy":"product_cat","embeddable":true,"href":"https:\/\/ledsolintel.com\/fr\/wp-json\/wp\/v2\/product_cat?post=256518"},{"taxonomy":"product_tag","embeddable":true,"href":"https:\/\/ledsolintel.com\/fr\/wp-json\/wp\/v2\/product_tag?post=256518"}],"curies":[{"name":"wp","href":"https:\/\/api.w.org\/{rel}","templated":true}]}}