{"id":256509,"date":"2024-06-10T14:00:40","date_gmt":"2024-06-10T12:00:40","guid":{"rendered":"https:\/\/nueva.ledsolintel.com\/product\/bastilipo-ventilador-con-luz-sintra-60-cm-mando-a-distancia-bluetooth\/"},"modified":"2024-06-10T14:00:40","modified_gmt":"2024-06-10T12:00:40","slug":"bastilipo-ventilador-con-luz-sintra-60-cm-mando-a-distancia-bluetooth","status":"publish","type":"product","link":"https:\/\/ledsolintel.com\/fr\/produit-2\/bastilipo-ventilador-con-luz-sintra-60-cm-mando-a-distancia-bluetooth\/","title":{"rendered":"BASTILIPO ventilateur avec lumi\u00e8re SINTRA 60 cm t\u00e9l\u00e9commande et bluetooth"},"content":{"rendered":"<ul>\n<li>Tension : 220-240 V<\/li>\n<li>Consumo motor: 40 W<\/li>\n<li>Di\u00e1metro: 60 cm<\/li>\n<li>Velocidad: 250-1050 RPM<\/li>\n<li>Fonction hivernale<\/li>\n<li>Minuterie : 1-8 h<\/li>\n<li>T\u00e9l\u00e9commande<\/li>\n<li>Fuente de luz: SMD LED 40 W<\/li>\n<li>Nivel sonoro: 25 dB<\/li>\n<li>Recomendaci\u00f3n superficie de uso: 10-16 m<\/li>\n<li>Doble tija: 15 y 25 cm<\/li>\n<\/ul>\n<p>\u00a0<\/p>\n<p><iframe width=\"560\" height=\"315\" src=\"https:\/\/www.youtube.com\/embed\/mf7FYb_nqxw?si=EL5slxY6T3dq8xCl\" title=\"YouTube video player\" frameborder=\"0\" allow=\"accelerometer; autoplay; clipboard-write; encrypted-media; gyroscope; picture-in-picture; web-share\" referrerpolicy=\"strict-origin-when-cross-origin\" allowfullscreen=\"allowfullscreen\"><\/iframe><\/p>","protected":false},"excerpt":{"rendered":"<p>Ventilador con luz SINTRA de Bastilipo. 60 cm y 3 velocidades, con mando a distancia y funci\u00f3n de invierno.<\/p>","protected":false},"featured_media":256508,"template":"","meta":[],"product_brand":[99567],"product_cat":[99587,99645],"product_tag":[],"class_list":{"0":"post-256509","1":"product","2":"type-product","3":"status-publish","4":"has-post-thumbnail","6":"product_brand-bastilipo","7":"product_cat-ventiladores","8":"product_cat-ventiladores-pequenos","11":"instock","12":"taxable","13":"shipping-taxable","14":"purchasable","15":"product-type-simple"},"yoast_head":"<!-- This site is optimized with the Yoast SEO plugin v27.4 - https:\/\/yoast.com\/product\/yoast-seo-wordpress\/ -->\n<title>BASTILIPO ventilador con luz SINTRA 60 cm mando a distancia bluetooth<\/title>\n<meta name=\"description\" content=\"Ventilador con luz ALGARVE de Bastilipo. 75 cm y 6 velocidades, con mando a distancia y funci\u00f3n de invierno.\" \/>\n<meta name=\"robots\" content=\"index, follow, max-snippet:-1, max-image-preview:large, max-video-preview:-1\" \/>\n<link rel=\"canonical\" href=\"https:\/\/ledsolintel.com\/fr\/produit-2\/bastilipo-ventilador-con-luz-sintra-60-cm-mando-a-distancia-bluetooth\/\" \/>\n<meta property=\"og:locale\" content=\"fr_FR\" \/>\n<meta property=\"og:type\" content=\"article\" \/>\n<meta property=\"og:title\" content=\"BASTILIPO ventilador con luz SINTRA 60 cm mando a distancia bluetooth\" \/>\n<meta property=\"og:description\" content=\"Ventilador con luz ALGARVE de Bastilipo. 75 cm y 6 velocidades, con mando a distancia y funci\u00f3n de invierno.\" \/>\n<meta property=\"og:url\" content=\"https:\/\/ledsolintel.com\/fr\/produit-2\/bastilipo-ventilador-con-luz-sintra-60-cm-mando-a-distancia-bluetooth\/\" \/>\n<meta property=\"og:site_name\" content=\"Ledsolintel\" \/>\n<meta property=\"article:publisher\" content=\"http:\/\/www.facebook.com\/webmenaje\" \/>\n<meta property=\"og:image\" content=\"https:\/\/ledsolintel.com\/wp-content\/uploads\/2024\/06\/31451-BASTILIPO-ventilador-con-luz-SINTRA-60-cm-mando-a-distancia-y-bluetooth.jpg\" \/>\n\t<meta property=\"og:image:width\" content=\"1\" \/>\n\t<meta property=\"og:image:height\" content=\"1\" \/>\n\t<meta property=\"og:image:type\" content=\"image\/jpeg\" \/>\n<meta name=\"twitter:card\" content=\"summary_large_image\" \/>\n<meta name=\"twitter:site\" content=\"@webmenaje\" \/>\n<script type=\"application\/ld+json\" class=\"yoast-schema-graph\">{\"@context\":\"https:\\\/\\\/schema.org\",\"@graph\":[{\"@type\":\"WebPage\",\"@id\":\"https:\\\/\\\/ledsolintel.com\\\/product\\\/bastilipo-ventilador-con-luz-sintra-60-cm-mando-a-distancia-bluetooth\\\/\",\"url\":\"https:\\\/\\\/ledsolintel.com\\\/product\\\/bastilipo-ventilador-con-luz-sintra-60-cm-mando-a-distancia-bluetooth\\\/\",\"name\":\"BASTILIPO ventilador con luz SINTRA 60 cm mando a distancia bluetooth\",\"isPartOf\":{\"@id\":\"https:\\\/\\\/ledsolintel.com\\\/#website\"},\"primaryImageOfPage\":{\"@id\":\"https:\\\/\\\/ledsolintel.com\\\/product\\\/bastilipo-ventilador-con-luz-sintra-60-cm-mando-a-distancia-bluetooth\\\/#primaryimage\"},\"image\":{\"@id\":\"https:\\\/\\\/ledsolintel.com\\\/product\\\/bastilipo-ventilador-con-luz-sintra-60-cm-mando-a-distancia-bluetooth\\\/#primaryimage\"},\"thumbnailUrl\":\"https:\\\/\\\/ledsolintel.com\\\/wp-content\\\/uploads\\\/2024\\\/06\\\/31451-BASTILIPO-ventilador-con-luz-SINTRA-60-cm-mando-a-distancia-y-bluetooth.jpg\",\"datePublished\":\"2024-06-10T12:00:40+00:00\",\"description\":\"Ventilador con luz ALGARVE de Bastilipo. 75 cm y 6 velocidades, con mando a distancia y funci\u00f3n de invierno.\",\"breadcrumb\":{\"@id\":\"https:\\\/\\\/ledsolintel.com\\\/product\\\/bastilipo-ventilador-con-luz-sintra-60-cm-mando-a-distancia-bluetooth\\\/#breadcrumb\"},\"inLanguage\":\"fr-FR\",\"potentialAction\":[{\"@type\":\"ReadAction\",\"target\":[\"https:\\\/\\\/ledsolintel.com\\\/product\\\/bastilipo-ventilador-con-luz-sintra-60-cm-mando-a-distancia-bluetooth\\\/\"]}]},{\"@type\":\"ImageObject\",\"inLanguage\":\"fr-FR\",\"@id\":\"https:\\\/\\\/ledsolintel.com\\\/product\\\/bastilipo-ventilador-con-luz-sintra-60-cm-mando-a-distancia-bluetooth\\\/#primaryimage\",\"url\":\"https:\\\/\\\/ledsolintel.com\\\/wp-content\\\/uploads\\\/2024\\\/06\\\/31451-BASTILIPO-ventilador-con-luz-SINTRA-60-cm-mando-a-distancia-y-bluetooth.jpg\",\"contentUrl\":\"https:\\\/\\\/ledsolintel.com\\\/wp-content\\\/uploads\\\/2024\\\/06\\\/31451-BASTILIPO-ventilador-con-luz-SINTRA-60-cm-mando-a-distancia-y-bluetooth.jpg\",\"caption\":\"BASTILIPO ventilador con luz SINTRA 60 cm mando a distancia y bluetooth\"},{\"@type\":\"BreadcrumbList\",\"@id\":\"https:\\\/\\\/ledsolintel.com\\\/product\\\/bastilipo-ventilador-con-luz-sintra-60-cm-mando-a-distancia-bluetooth\\\/#breadcrumb\",\"itemListElement\":[{\"@type\":\"ListItem\",\"position\":1,\"name\":\"Portada\",\"item\":\"https:\\\/\\\/ledsolintel.com\\\/fr\\\/\"},{\"@type\":\"ListItem\",\"position\":2,\"name\":\"Tienda\",\"item\":\"https:\\\/\\\/ledsolintel.com\\\/tienda\\\/\"},{\"@type\":\"ListItem\",\"position\":3,\"name\":\"BASTILIPO ventilador con luz SINTRA 60 cm mando a distancia y bluetooth\"}]},{\"@type\":\"WebSite\",\"@id\":\"https:\\\/\\\/ledsolintel.com\\\/#website\",\"url\":\"https:\\\/\\\/ledsolintel.com\\\/\",\"name\":\"Webmenaje\",\"description\":\"Tienda de bombillas y l\u00e1mparas LED para profesionales\",\"publisher\":{\"@id\":\"https:\\\/\\\/ledsolintel.com\\\/#organization\"},\"potentialAction\":[{\"@type\":\"SearchAction\",\"target\":{\"@type\":\"EntryPoint\",\"urlTemplate\":\"https:\\\/\\\/ledsolintel.com\\\/?s={search_term_string}\"},\"query-input\":{\"@type\":\"PropertyValueSpecification\",\"valueRequired\":true,\"valueName\":\"search_term_string\"}}],\"inLanguage\":\"fr-FR\"},{\"@type\":\"Organization\",\"@id\":\"https:\\\/\\\/ledsolintel.com\\\/#organization\",\"name\":\"Solintel Noroeste, S.L.\",\"url\":\"https:\\\/\\\/ledsolintel.com\\\/\",\"logo\":{\"@type\":\"ImageObject\",\"inLanguage\":\"fr-FR\",\"@id\":\"https:\\\/\\\/ledsolintel.com\\\/#\\\/schema\\\/logo\\\/image\\\/\",\"url\":\"https:\\\/\\\/ledsolintel.com\\\/wp-content\\\/uploads\\\/2024\\\/11\\\/webmenaje-logo-1508269066.jpg\",\"contentUrl\":\"https:\\\/\\\/ledsolintel.com\\\/wp-content\\\/uploads\\\/2024\\\/11\\\/webmenaje-logo-1508269066.jpg\",\"width\":370,\"height\":90,\"caption\":\"Solintel Noroeste, S.L.\"},\"image\":{\"@id\":\"https:\\\/\\\/ledsolintel.com\\\/#\\\/schema\\\/logo\\\/image\\\/\"},\"sameAs\":[\"http:\\\/\\\/www.facebook.com\\\/webmenaje\",\"https:\\\/\\\/x.com\\\/webmenaje\",\"https:\\\/\\\/www.youtube.com\\\/channel\\\/UCX2KoVoeCG4LocZjUc6LmSQ\",\"http:\\\/\\\/www.pinterest.com\\\/webmenaje\"]}]}<\/script>\n<!-- \/ Yoast SEO plugin. -->","yoast_head_json":{"title":"BASTILIPO ventilador con luz SINTRA 60 cm mando a distancia bluetooth","description":"Ventilateur ALGARVE avec lumi\u00e8re de Bastilipo. 75 cm et 6 vitesses, avec t\u00e9l\u00e9commande et fonction hiver.","robots":{"index":"index","follow":"follow","max-snippet":"max-snippet:-1","max-image-preview":"max-image-preview:large","max-video-preview":"max-video-preview:-1"},"canonical":"https:\/\/ledsolintel.com\/fr\/produit-2\/bastilipo-ventilador-con-luz-sintra-60-cm-mando-a-distancia-bluetooth\/","og_locale":"fr_FR","og_type":"article","og_title":"BASTILIPO ventilador con luz SINTRA 60 cm mando a distancia bluetooth","og_description":"Ventilador con luz ALGARVE de Bastilipo. 75 cm y 6 velocidades, con mando a distancia y funci\u00f3n de invierno.","og_url":"https:\/\/ledsolintel.com\/fr\/produit-2\/bastilipo-ventilador-con-luz-sintra-60-cm-mando-a-distancia-bluetooth\/","og_site_name":"Ledsolintel","article_publisher":"http:\/\/www.facebook.com\/webmenaje","og_image":[{"url":"https:\/\/ledsolintel.com\/wp-content\/uploads\/2024\/06\/31451-BASTILIPO-ventilador-con-luz-SINTRA-60-cm-mando-a-distancia-y-bluetooth.jpg","width":1,"height":1,"type":"image\/jpeg"}],"twitter_card":"summary_large_image","twitter_site":"@webmenaje","schema":{"@context":"https:\/\/schema.org","@graph":[{"@type":"WebPage","@id":"https:\/\/ledsolintel.com\/product\/bastilipo-ventilador-con-luz-sintra-60-cm-mando-a-distancia-bluetooth\/","url":"https:\/\/ledsolintel.com\/product\/bastilipo-ventilador-con-luz-sintra-60-cm-mando-a-distancia-bluetooth\/","name":"BASTILIPO ventilador con luz SINTRA 60 cm mando a distancia bluetooth","isPartOf":{"@id":"https:\/\/ledsolintel.com\/#website"},"primaryImageOfPage":{"@id":"https:\/\/ledsolintel.com\/product\/bastilipo-ventilador-con-luz-sintra-60-cm-mando-a-distancia-bluetooth\/#primaryimage"},"image":{"@id":"https:\/\/ledsolintel.com\/product\/bastilipo-ventilador-con-luz-sintra-60-cm-mando-a-distancia-bluetooth\/#primaryimage"},"thumbnailUrl":"https:\/\/ledsolintel.com\/wp-content\/uploads\/2024\/06\/31451-BASTILIPO-ventilador-con-luz-SINTRA-60-cm-mando-a-distancia-y-bluetooth.jpg","datePublished":"2024-06-10T12:00:40+00:00","description":"Ventilateur ALGARVE avec lumi\u00e8re de Bastilipo. 75 cm et 6 vitesses, avec t\u00e9l\u00e9commande et fonction hiver.","breadcrumb":{"@id":"https:\/\/ledsolintel.com\/product\/bastilipo-ventilador-con-luz-sintra-60-cm-mando-a-distancia-bluetooth\/#breadcrumb"},"inLanguage":"fr-FR","potentialAction":[{"@type":"ReadAction","target":["https:\/\/ledsolintel.com\/product\/bastilipo-ventilador-con-luz-sintra-60-cm-mando-a-distancia-bluetooth\/"]}]},{"@type":"ImageObject","inLanguage":"fr-FR","@id":"https:\/\/ledsolintel.com\/product\/bastilipo-ventilador-con-luz-sintra-60-cm-mando-a-distancia-bluetooth\/#primaryimage","url":"https:\/\/ledsolintel.com\/wp-content\/uploads\/2024\/06\/31451-BASTILIPO-ventilador-con-luz-SINTRA-60-cm-mando-a-distancia-y-bluetooth.jpg","contentUrl":"https:\/\/ledsolintel.com\/wp-content\/uploads\/2024\/06\/31451-BASTILIPO-ventilador-con-luz-SINTRA-60-cm-mando-a-distancia-y-bluetooth.jpg","caption":"BASTILIPO ventilador con luz SINTRA 60 cm mando a distancia y bluetooth"},{"@type":"BreadcrumbList","@id":"https:\/\/ledsolintel.com\/product\/bastilipo-ventilador-con-luz-sintra-60-cm-mando-a-distancia-bluetooth\/#breadcrumb","itemListElement":[{"@type":"ListItem","position":1,"name":"Portada","item":"https:\/\/ledsolintel.com\/fr\/"},{"@type":"ListItem","position":2,"name":"Tienda","item":"https:\/\/ledsolintel.com\/tienda\/"},{"@type":"ListItem","position":3,"name":"BASTILIPO ventilador con luz SINTRA 60 cm mando a distancia y bluetooth"}]},{"@type":"WebSite","@id":"https:\/\/ledsolintel.com\/#website","url":"https:\/\/ledsolintel.com\/","name":"Webmenaje","description":"Magasin d'ampoules et de lampes LED pour les professionnels","publisher":{"@id":"https:\/\/ledsolintel.com\/#organization"},"potentialAction":[{"@type":"SearchAction","target":{"@type":"EntryPoint","urlTemplate":"https:\/\/ledsolintel.com\/?s={search_term_string}"},"query-input":{"@type":"PropertyValueSpecification","valueRequired":true,"valueName":"search_term_string"}}],"inLanguage":"fr-FR"},{"@type":"Organization","@id":"https:\/\/ledsolintel.com\/#organization","name":"Solintel Noroeste, S.L.","url":"https:\/\/ledsolintel.com\/","logo":{"@type":"ImageObject","inLanguage":"fr-FR","@id":"https:\/\/ledsolintel.com\/#\/schema\/logo\/image\/","url":"https:\/\/ledsolintel.com\/wp-content\/uploads\/2024\/11\/webmenaje-logo-1508269066.jpg","contentUrl":"https:\/\/ledsolintel.com\/wp-content\/uploads\/2024\/11\/webmenaje-logo-1508269066.jpg","width":370,"height":90,"caption":"Solintel Noroeste, S.L."},"image":{"@id":"https:\/\/ledsolintel.com\/#\/schema\/logo\/image\/"},"sameAs":["http:\/\/www.facebook.com\/webmenaje","https:\/\/x.com\/webmenaje","https:\/\/www.youtube.com\/channel\/UCX2KoVoeCG4LocZjUc6LmSQ","http:\/\/www.pinterest.com\/webmenaje"]}]}},"_links":{"self":[{"href":"https:\/\/ledsolintel.com\/fr\/wp-json\/wp\/v2\/product\/256509","targetHints":{"allow":["GET"]}}],"collection":[{"href":"https:\/\/ledsolintel.com\/fr\/wp-json\/wp\/v2\/product"}],"about":[{"href":"https:\/\/ledsolintel.com\/fr\/wp-json\/wp\/v2\/types\/product"}],"version-history":[{"count":0,"href":"https:\/\/ledsolintel.com\/fr\/wp-json\/wp\/v2\/product\/256509\/revisions"}],"wp:featuredmedia":[{"embeddable":true,"href":"https:\/\/ledsolintel.com\/fr\/wp-json\/wp\/v2\/media\/256508"}],"wp:attachment":[{"href":"https:\/\/ledsolintel.com\/fr\/wp-json\/wp\/v2\/media?parent=256509"}],"wp:term":[{"taxonomy":"product_brand","embeddable":true,"href":"https:\/\/ledsolintel.com\/fr\/wp-json\/wp\/v2\/product_brand?post=256509"},{"taxonomy":"product_cat","embeddable":true,"href":"https:\/\/ledsolintel.com\/fr\/wp-json\/wp\/v2\/product_cat?post=256509"},{"taxonomy":"product_tag","embeddable":true,"href":"https:\/\/ledsolintel.com\/fr\/wp-json\/wp\/v2\/product_tag?post=256509"}],"curies":[{"name":"wp","href":"https:\/\/api.w.org\/{rel}","templated":true}]}}