{"id":256507,"date":"2024-06-06T16:50:04","date_gmt":"2024-06-06T14:50:04","guid":{"rendered":"https:\/\/nueva.ledsolintel.com\/product\/bastilipo-ventilador-con-luz-cala-blanca-75-cm-con-mando-a-distancia\/"},"modified":"2024-06-06T16:50:04","modified_gmt":"2024-06-06T14:50:04","slug":"bastilipo-ventilador-con-luz-cala-blanca-75-cm-con-mando-a-distancia","status":"publish","type":"product","link":"https:\/\/ledsolintel.com\/fr\/produit-2\/bastilipo-ventilador-con-luz-cala-blanca-75-cm-con-mando-a-distancia\/","title":{"rendered":"BASTILIPO ventilateur avec lumi\u00e8re CALA WHITE 75 cm avec t\u00e9l\u00e9commande"},"content":{"rendered":"<ul>\n<li>Tension : 220-240 V<\/li>\n<li>Consommation du moteur : 2-8,5 W<\/li>\n<li>Diam\u00e8tre : 75 cm<\/li>\n<li>Vitesse : 80-200 RPM<\/li>\n<li>D\u00e9bit d'air : 28-90 m\u00b3\/min<\/li>\n<li>Fonction hivernale<\/li>\n<li>Minuterie : 1-8 h<\/li>\n<li>T\u00e9l\u00e9commande<\/li>\n<li>Source lumineuse : SMD LED 15 W CCT<\/li>\n<li>Niveau sonore : 20-38 dB<\/li>\n<li>Surface d'utilisation recommand\u00e9e : 10-16 m\u00b2<\/li>\n<li>6 lames<\/li>\n<li>Color: Roble claro \/ Blanco<\/li>\n<\/ul>","protected":false},"excerpt":{"rendered":"<p>Ventilador con luz CALA BLANCA de Bastilipo. 75 cm y 6 velocidades, con mando a distancia y funci\u00f3n de invierno. Palas reversibles: roble claro y blanco.<\/p>","protected":false},"featured_media":256505,"template":"","meta":[],"product_brand":[99567],"product_cat":[99587,99643],"product_tag":[],"class_list":{"0":"post-256507","1":"product","2":"type-product","3":"status-publish","4":"has-post-thumbnail","6":"product_brand-bastilipo","7":"product_cat-ventiladores","8":"product_cat-ventiladores-medianos","11":"instock","12":"taxable","13":"shipping-taxable","14":"purchasable","15":"product-type-simple"},"yoast_head":"<!-- This site is optimized with the Yoast SEO plugin v27.4 - https:\/\/yoast.com\/product\/yoast-seo-wordpress\/ -->\n<title>BASTILIPO ventilador con luz CALA BLANCA 75 cm con mando a distancia<\/title>\n<meta name=\"description\" content=\"Ventilador con luz CALA BLANCA de Bastilipo. 75 cm y 6 velocidades, mando a distancia y funci\u00f3n invierno. Palas reversibles: roble claro y blanco 8436592935659\" \/>\n<meta name=\"robots\" content=\"index, follow, max-snippet:-1, max-image-preview:large, max-video-preview:-1\" \/>\n<link rel=\"canonical\" href=\"https:\/\/ledsolintel.com\/fr\/produit-2\/bastilipo-ventilador-con-luz-cala-blanca-75-cm-con-mando-a-distancia\/\" \/>\n<meta property=\"og:locale\" content=\"fr_FR\" \/>\n<meta property=\"og:type\" content=\"article\" \/>\n<meta property=\"og:title\" content=\"BASTILIPO ventilador con luz CALA BLANCA 75 cm con mando a distancia\" \/>\n<meta property=\"og:description\" content=\"Ventilador con luz CALA BLANCA de Bastilipo. 75 cm y 6 velocidades, mando a distancia y funci\u00f3n invierno. Palas reversibles: roble claro y blanco 8436592935659\" \/>\n<meta property=\"og:url\" content=\"https:\/\/ledsolintel.com\/fr\/produit-2\/bastilipo-ventilador-con-luz-cala-blanca-75-cm-con-mando-a-distancia\/\" \/>\n<meta property=\"og:site_name\" content=\"Ledsolintel\" \/>\n<meta property=\"article:publisher\" content=\"http:\/\/www.facebook.com\/webmenaje\" \/>\n<meta property=\"og:image\" content=\"https:\/\/ledsolintel.com\/wp-content\/uploads\/2024\/06\/31447-BASTILIPO-ventilador-con-luz-CALA-BLANCA-75-cm-con-mando-a-distancia.jpg\" \/>\n\t<meta property=\"og:image:width\" content=\"1\" \/>\n\t<meta property=\"og:image:height\" content=\"1\" \/>\n\t<meta property=\"og:image:type\" content=\"image\/jpeg\" \/>\n<meta name=\"twitter:card\" content=\"summary_large_image\" \/>\n<meta name=\"twitter:site\" content=\"@webmenaje\" \/>\n<script type=\"application\/ld+json\" class=\"yoast-schema-graph\">{\"@context\":\"https:\\\/\\\/schema.org\",\"@graph\":[{\"@type\":\"WebPage\",\"@id\":\"https:\\\/\\\/ledsolintel.com\\\/product\\\/bastilipo-ventilador-con-luz-cala-blanca-75-cm-con-mando-a-distancia\\\/\",\"url\":\"https:\\\/\\\/ledsolintel.com\\\/product\\\/bastilipo-ventilador-con-luz-cala-blanca-75-cm-con-mando-a-distancia\\\/\",\"name\":\"BASTILIPO ventilador con luz CALA BLANCA 75 cm con mando a distancia\",\"isPartOf\":{\"@id\":\"https:\\\/\\\/ledsolintel.com\\\/#website\"},\"primaryImageOfPage\":{\"@id\":\"https:\\\/\\\/ledsolintel.com\\\/product\\\/bastilipo-ventilador-con-luz-cala-blanca-75-cm-con-mando-a-distancia\\\/#primaryimage\"},\"image\":{\"@id\":\"https:\\\/\\\/ledsolintel.com\\\/product\\\/bastilipo-ventilador-con-luz-cala-blanca-75-cm-con-mando-a-distancia\\\/#primaryimage\"},\"thumbnailUrl\":\"https:\\\/\\\/ledsolintel.com\\\/wp-content\\\/uploads\\\/2024\\\/06\\\/31447-BASTILIPO-ventilador-con-luz-CALA-BLANCA-75-cm-con-mando-a-distancia.jpg\",\"datePublished\":\"2024-06-06T14:50:04+00:00\",\"description\":\"Ventilador con luz CALA BLANCA de Bastilipo. 75 cm y 6 velocidades, mando a distancia y funci\u00f3n invierno. Palas reversibles: roble claro y blanco 8436592935659\",\"breadcrumb\":{\"@id\":\"https:\\\/\\\/ledsolintel.com\\\/product\\\/bastilipo-ventilador-con-luz-cala-blanca-75-cm-con-mando-a-distancia\\\/#breadcrumb\"},\"inLanguage\":\"fr-FR\",\"potentialAction\":[{\"@type\":\"ReadAction\",\"target\":[\"https:\\\/\\\/ledsolintel.com\\\/product\\\/bastilipo-ventilador-con-luz-cala-blanca-75-cm-con-mando-a-distancia\\\/\"]}]},{\"@type\":\"ImageObject\",\"inLanguage\":\"fr-FR\",\"@id\":\"https:\\\/\\\/ledsolintel.com\\\/product\\\/bastilipo-ventilador-con-luz-cala-blanca-75-cm-con-mando-a-distancia\\\/#primaryimage\",\"url\":\"https:\\\/\\\/ledsolintel.com\\\/wp-content\\\/uploads\\\/2024\\\/06\\\/31447-BASTILIPO-ventilador-con-luz-CALA-BLANCA-75-cm-con-mando-a-distancia.jpg\",\"contentUrl\":\"https:\\\/\\\/ledsolintel.com\\\/wp-content\\\/uploads\\\/2024\\\/06\\\/31447-BASTILIPO-ventilador-con-luz-CALA-BLANCA-75-cm-con-mando-a-distancia.jpg\",\"caption\":\"BASTILIPO ventilador con luz CALA BLANCA 75 cm con mando a distancia\"},{\"@type\":\"BreadcrumbList\",\"@id\":\"https:\\\/\\\/ledsolintel.com\\\/product\\\/bastilipo-ventilador-con-luz-cala-blanca-75-cm-con-mando-a-distancia\\\/#breadcrumb\",\"itemListElement\":[{\"@type\":\"ListItem\",\"position\":1,\"name\":\"Portada\",\"item\":\"https:\\\/\\\/ledsolintel.com\\\/fr\\\/\"},{\"@type\":\"ListItem\",\"position\":2,\"name\":\"Tienda\",\"item\":\"https:\\\/\\\/ledsolintel.com\\\/tienda\\\/\"},{\"@type\":\"ListItem\",\"position\":3,\"name\":\"BASTILIPO ventilador con luz CALA BLANCA 75 cm con mando a distancia\"}]},{\"@type\":\"WebSite\",\"@id\":\"https:\\\/\\\/ledsolintel.com\\\/#website\",\"url\":\"https:\\\/\\\/ledsolintel.com\\\/\",\"name\":\"Webmenaje\",\"description\":\"Tienda de bombillas y l\u00e1mparas LED para profesionales\",\"publisher\":{\"@id\":\"https:\\\/\\\/ledsolintel.com\\\/#organization\"},\"potentialAction\":[{\"@type\":\"SearchAction\",\"target\":{\"@type\":\"EntryPoint\",\"urlTemplate\":\"https:\\\/\\\/ledsolintel.com\\\/?s={search_term_string}\"},\"query-input\":{\"@type\":\"PropertyValueSpecification\",\"valueRequired\":true,\"valueName\":\"search_term_string\"}}],\"inLanguage\":\"fr-FR\"},{\"@type\":\"Organization\",\"@id\":\"https:\\\/\\\/ledsolintel.com\\\/#organization\",\"name\":\"Solintel Noroeste, S.L.\",\"url\":\"https:\\\/\\\/ledsolintel.com\\\/\",\"logo\":{\"@type\":\"ImageObject\",\"inLanguage\":\"fr-FR\",\"@id\":\"https:\\\/\\\/ledsolintel.com\\\/#\\\/schema\\\/logo\\\/image\\\/\",\"url\":\"https:\\\/\\\/ledsolintel.com\\\/wp-content\\\/uploads\\\/2024\\\/11\\\/webmenaje-logo-1508269066.jpg\",\"contentUrl\":\"https:\\\/\\\/ledsolintel.com\\\/wp-content\\\/uploads\\\/2024\\\/11\\\/webmenaje-logo-1508269066.jpg\",\"width\":370,\"height\":90,\"caption\":\"Solintel Noroeste, S.L.\"},\"image\":{\"@id\":\"https:\\\/\\\/ledsolintel.com\\\/#\\\/schema\\\/logo\\\/image\\\/\"},\"sameAs\":[\"http:\\\/\\\/www.facebook.com\\\/webmenaje\",\"https:\\\/\\\/x.com\\\/webmenaje\",\"https:\\\/\\\/www.youtube.com\\\/channel\\\/UCX2KoVoeCG4LocZjUc6LmSQ\",\"http:\\\/\\\/www.pinterest.com\\\/webmenaje\"]}]}<\/script>\n<!-- \/ Yoast SEO plugin. -->","yoast_head_json":{"title":"BASTILIPO ventilateur avec lumi\u00e8re CALA WHITE 75 cm avec t\u00e9l\u00e9commande","description":"Ventilador con luz CALA BLANCA de Bastilipo. 75 cm y 6 velocidades, mando a distancia y funci\u00f3n invierno. Palas reversibles: roble claro y blanco 8436592935659","robots":{"index":"index","follow":"follow","max-snippet":"max-snippet:-1","max-image-preview":"max-image-preview:large","max-video-preview":"max-video-preview:-1"},"canonical":"https:\/\/ledsolintel.com\/fr\/produit-2\/bastilipo-ventilador-con-luz-cala-blanca-75-cm-con-mando-a-distancia\/","og_locale":"fr_FR","og_type":"article","og_title":"BASTILIPO ventilador con luz CALA BLANCA 75 cm con mando a distancia","og_description":"Ventilador con luz CALA BLANCA de Bastilipo. 75 cm y 6 velocidades, mando a distancia y funci\u00f3n invierno. Palas reversibles: roble claro y blanco 8436592935659","og_url":"https:\/\/ledsolintel.com\/fr\/produit-2\/bastilipo-ventilador-con-luz-cala-blanca-75-cm-con-mando-a-distancia\/","og_site_name":"Ledsolintel","article_publisher":"http:\/\/www.facebook.com\/webmenaje","og_image":[{"url":"https:\/\/ledsolintel.com\/wp-content\/uploads\/2024\/06\/31447-BASTILIPO-ventilador-con-luz-CALA-BLANCA-75-cm-con-mando-a-distancia.jpg","width":1,"height":1,"type":"image\/jpeg"}],"twitter_card":"summary_large_image","twitter_site":"@webmenaje","schema":{"@context":"https:\/\/schema.org","@graph":[{"@type":"WebPage","@id":"https:\/\/ledsolintel.com\/product\/bastilipo-ventilador-con-luz-cala-blanca-75-cm-con-mando-a-distancia\/","url":"https:\/\/ledsolintel.com\/product\/bastilipo-ventilador-con-luz-cala-blanca-75-cm-con-mando-a-distancia\/","name":"BASTILIPO ventilateur avec lumi\u00e8re CALA WHITE 75 cm avec t\u00e9l\u00e9commande","isPartOf":{"@id":"https:\/\/ledsolintel.com\/#website"},"primaryImageOfPage":{"@id":"https:\/\/ledsolintel.com\/product\/bastilipo-ventilador-con-luz-cala-blanca-75-cm-con-mando-a-distancia\/#primaryimage"},"image":{"@id":"https:\/\/ledsolintel.com\/product\/bastilipo-ventilador-con-luz-cala-blanca-75-cm-con-mando-a-distancia\/#primaryimage"},"thumbnailUrl":"https:\/\/ledsolintel.com\/wp-content\/uploads\/2024\/06\/31447-BASTILIPO-ventilador-con-luz-CALA-BLANCA-75-cm-con-mando-a-distancia.jpg","datePublished":"2024-06-06T14:50:04+00:00","description":"Ventilador con luz CALA BLANCA de Bastilipo. 75 cm y 6 velocidades, mando a distancia y funci\u00f3n invierno. Palas reversibles: roble claro y blanco 8436592935659","breadcrumb":{"@id":"https:\/\/ledsolintel.com\/product\/bastilipo-ventilador-con-luz-cala-blanca-75-cm-con-mando-a-distancia\/#breadcrumb"},"inLanguage":"fr-FR","potentialAction":[{"@type":"ReadAction","target":["https:\/\/ledsolintel.com\/product\/bastilipo-ventilador-con-luz-cala-blanca-75-cm-con-mando-a-distancia\/"]}]},{"@type":"ImageObject","inLanguage":"fr-FR","@id":"https:\/\/ledsolintel.com\/product\/bastilipo-ventilador-con-luz-cala-blanca-75-cm-con-mando-a-distancia\/#primaryimage","url":"https:\/\/ledsolintel.com\/wp-content\/uploads\/2024\/06\/31447-BASTILIPO-ventilador-con-luz-CALA-BLANCA-75-cm-con-mando-a-distancia.jpg","contentUrl":"https:\/\/ledsolintel.com\/wp-content\/uploads\/2024\/06\/31447-BASTILIPO-ventilador-con-luz-CALA-BLANCA-75-cm-con-mando-a-distancia.jpg","caption":"BASTILIPO ventilador con luz CALA BLANCA 75 cm con mando a distancia"},{"@type":"BreadcrumbList","@id":"https:\/\/ledsolintel.com\/product\/bastilipo-ventilador-con-luz-cala-blanca-75-cm-con-mando-a-distancia\/#breadcrumb","itemListElement":[{"@type":"ListItem","position":1,"name":"Portada","item":"https:\/\/ledsolintel.com\/fr\/"},{"@type":"ListItem","position":2,"name":"Tienda","item":"https:\/\/ledsolintel.com\/tienda\/"},{"@type":"ListItem","position":3,"name":"BASTILIPO ventilador con luz CALA BLANCA 75 cm con mando a distancia"}]},{"@type":"WebSite","@id":"https:\/\/ledsolintel.com\/#website","url":"https:\/\/ledsolintel.com\/","name":"Webmenaje","description":"Magasin d'ampoules et de lampes LED pour les professionnels","publisher":{"@id":"https:\/\/ledsolintel.com\/#organization"},"potentialAction":[{"@type":"SearchAction","target":{"@type":"EntryPoint","urlTemplate":"https:\/\/ledsolintel.com\/?s={search_term_string}"},"query-input":{"@type":"PropertyValueSpecification","valueRequired":true,"valueName":"search_term_string"}}],"inLanguage":"fr-FR"},{"@type":"Organization","@id":"https:\/\/ledsolintel.com\/#organization","name":"Solintel Noroeste, S.L.","url":"https:\/\/ledsolintel.com\/","logo":{"@type":"ImageObject","inLanguage":"fr-FR","@id":"https:\/\/ledsolintel.com\/#\/schema\/logo\/image\/","url":"https:\/\/ledsolintel.com\/wp-content\/uploads\/2024\/11\/webmenaje-logo-1508269066.jpg","contentUrl":"https:\/\/ledsolintel.com\/wp-content\/uploads\/2024\/11\/webmenaje-logo-1508269066.jpg","width":370,"height":90,"caption":"Solintel Noroeste, S.L."},"image":{"@id":"https:\/\/ledsolintel.com\/#\/schema\/logo\/image\/"},"sameAs":["http:\/\/www.facebook.com\/webmenaje","https:\/\/x.com\/webmenaje","https:\/\/www.youtube.com\/channel\/UCX2KoVoeCG4LocZjUc6LmSQ","http:\/\/www.pinterest.com\/webmenaje"]}]}},"_links":{"self":[{"href":"https:\/\/ledsolintel.com\/fr\/wp-json\/wp\/v2\/product\/256507","targetHints":{"allow":["GET"]}}],"collection":[{"href":"https:\/\/ledsolintel.com\/fr\/wp-json\/wp\/v2\/product"}],"about":[{"href":"https:\/\/ledsolintel.com\/fr\/wp-json\/wp\/v2\/types\/product"}],"version-history":[{"count":0,"href":"https:\/\/ledsolintel.com\/fr\/wp-json\/wp\/v2\/product\/256507\/revisions"}],"wp:featuredmedia":[{"embeddable":true,"href":"https:\/\/ledsolintel.com\/fr\/wp-json\/wp\/v2\/media\/256505"}],"wp:attachment":[{"href":"https:\/\/ledsolintel.com\/fr\/wp-json\/wp\/v2\/media?parent=256507"}],"wp:term":[{"taxonomy":"product_brand","embeddable":true,"href":"https:\/\/ledsolintel.com\/fr\/wp-json\/wp\/v2\/product_brand?post=256507"},{"taxonomy":"product_cat","embeddable":true,"href":"https:\/\/ledsolintel.com\/fr\/wp-json\/wp\/v2\/product_cat?post=256507"},{"taxonomy":"product_tag","embeddable":true,"href":"https:\/\/ledsolintel.com\/fr\/wp-json\/wp\/v2\/product_tag?post=256507"}],"curies":[{"name":"wp","href":"https:\/\/api.w.org\/{rel}","templated":true}]}}