{"id":256411,"date":"2024-05-23T13:19:24","date_gmt":"2024-05-23T11:19:24","guid":{"rendered":"https:\/\/nueva.ledsolintel.com\/product\/cl819-calienta-leche-y-chocolate-1l-400w-jata\/"},"modified":"2024-05-23T13:19:24","modified_gmt":"2024-05-23T11:19:24","slug":"cl819-chauffe-lait-et-chocolat-1l-400w-jata","status":"publish","type":"product","link":"https:\/\/ledsolintel.com\/fr\/produit-2\/cl819-chauffe-lait-et-chocolat-1l-400w-jata\/","title":{"rendered":"CL819 CHAUFFE-LAIT ET CHOCOLAT 1L 400W JATA"},"content":{"rendered":"<p>Id\u00e9al pour chauffer le lait et pr\u00e9parer le chocolat. Rev\u00eatement int\u00e9rieur antiadh\u00e9sif sans PFOA et respectueux de l'environnement. Corps \u00e0 contact froid. Maintient la temp\u00e9rature du lait \u00e0 80 \u00baC. \u00c9l\u00e9ment chauffant dissimul\u00e9. Facile \u00e0 nettoyer. Protection contre la surchauffe. Ind<\/p>","protected":false},"excerpt":{"rendered":"<p>Id\u00e9al pour chauffer le lait et pr\u00e9parer le chocolat. Rev\u00eatement int\u00e9rieur antiadh\u00e9sif sans PFOA et respectueux de l'environnement. Corps \u00e0 contact froid. Maintient la temp\u00e9rature du lait \u00e0 80 \u00baC. \u00c9l\u00e9ment chauffant dissimul\u00e9. Facile \u00e0 nettoyer. Protection contre la surchauffe. Ind<\/p>","protected":false},"featured_media":256406,"template":"","meta":[],"product_brand":[99547],"product_cat":[99601,99613],"product_tag":[],"class_list":{"0":"post-256411","1":"product","2":"type-product","3":"status-publish","4":"has-post-thumbnail","6":"product_brand-jata","7":"product_cat-gyemo","8":"product_cat-pequeno-aparato-electrico","11":"instock","12":"taxable","13":"shipping-taxable","14":"purchasable","15":"product-type-simple"},"yoast_head":"<!-- This site is optimized with the Yoast SEO plugin v26.6 - https:\/\/yoast.com\/wordpress\/plugins\/seo\/ -->\n<title>CL819 CALIENTA LECHE Y CHOCOLATE 1L 400W JATA - Ledsolintel<\/title>\n<meta name=\"robots\" content=\"index, follow, max-snippet:-1, max-image-preview:large, max-video-preview:-1\" \/>\n<link rel=\"canonical\" href=\"https:\/\/ledsolintel.com\/fr\/produit-2\/cl819-chauffe-lait-et-chocolat-1l-400w-jata\/\" \/>\n<meta property=\"og:locale\" content=\"fr_FR\" \/>\n<meta property=\"og:type\" content=\"article\" \/>\n<meta property=\"og:title\" content=\"CL819 CALIENTA LECHE Y CHOCOLATE 1L 400W JATA - Ledsolintel\" \/>\n<meta property=\"og:description\" content=\"Ideal para calentar leche y preparar chocolate. Interior con recubrimiento antiadherente ecol\u00f3gico libre de PFOA. Cuerpo toque fr\u00edo. Mantiene la temperatura de la leche a 80 \u00baC. Resistencia oculta. F\u00e1cil limpieza. Protecci\u00f3n contra sobrecalentamiento. Ind\" \/>\n<meta property=\"og:url\" content=\"https:\/\/ledsolintel.com\/fr\/produit-2\/cl819-chauffe-lait-et-chocolat-1l-400w-jata\/\" \/>\n<meta property=\"og:site_name\" content=\"Ledsolintel\" \/>\n<meta property=\"article:publisher\" content=\"http:\/\/www.facebook.com\/webmenaje\" \/>\n<meta property=\"og:image\" content=\"https:\/\/ledsolintel.com\/wp-content\/uploads\/2024\/05\/30939-CL819-CALIENTA-LECHE-Y-CHOCOLATE-1L-400W-JATA.jpg\" \/>\n\t<meta property=\"og:image:width\" content=\"1\" \/>\n\t<meta property=\"og:image:height\" content=\"1\" \/>\n\t<meta property=\"og:image:type\" content=\"image\/jpeg\" \/>\n<meta name=\"twitter:card\" content=\"summary_large_image\" \/>\n<meta name=\"twitter:site\" content=\"@webmenaje\" \/>\n<script type=\"application\/ld+json\" class=\"yoast-schema-graph\">{\"@context\":\"https:\/\/schema.org\",\"@graph\":[{\"@type\":\"WebPage\",\"@id\":\"https:\/\/ledsolintel.com\/product\/cl819-calienta-leche-y-chocolate-1l-400w-jata\/\",\"url\":\"https:\/\/ledsolintel.com\/product\/cl819-calienta-leche-y-chocolate-1l-400w-jata\/\",\"name\":\"CL819 CALIENTA LECHE Y CHOCOLATE 1L 400W JATA - Ledsolintel\",\"isPartOf\":{\"@id\":\"https:\/\/ledsolintel.com\/#website\"},\"primaryImageOfPage\":{\"@id\":\"https:\/\/ledsolintel.com\/product\/cl819-calienta-leche-y-chocolate-1l-400w-jata\/#primaryimage\"},\"image\":{\"@id\":\"https:\/\/ledsolintel.com\/product\/cl819-calienta-leche-y-chocolate-1l-400w-jata\/#primaryimage\"},\"thumbnailUrl\":\"https:\/\/ledsolintel.com\/wp-content\/uploads\/2024\/05\/30939-CL819-CALIENTA-LECHE-Y-CHOCOLATE-1L-400W-JATA.jpg\",\"datePublished\":\"2024-05-23T11:19:24+00:00\",\"breadcrumb\":{\"@id\":\"https:\/\/ledsolintel.com\/product\/cl819-calienta-leche-y-chocolate-1l-400w-jata\/#breadcrumb\"},\"inLanguage\":\"fr-FR\",\"potentialAction\":[{\"@type\":\"ReadAction\",\"target\":[\"https:\/\/ledsolintel.com\/product\/cl819-calienta-leche-y-chocolate-1l-400w-jata\/\"]}]},{\"@type\":\"ImageObject\",\"inLanguage\":\"fr-FR\",\"@id\":\"https:\/\/ledsolintel.com\/product\/cl819-calienta-leche-y-chocolate-1l-400w-jata\/#primaryimage\",\"url\":\"https:\/\/ledsolintel.com\/wp-content\/uploads\/2024\/05\/30939-CL819-CALIENTA-LECHE-Y-CHOCOLATE-1L-400W-JATA.jpg\",\"contentUrl\":\"https:\/\/ledsolintel.com\/wp-content\/uploads\/2024\/05\/30939-CL819-CALIENTA-LECHE-Y-CHOCOLATE-1L-400W-JATA.jpg\",\"caption\":\"CL819 CALIENTA LECHE Y CHOCOLATE 1L 400W JATA\"},{\"@type\":\"BreadcrumbList\",\"@id\":\"https:\/\/ledsolintel.com\/product\/cl819-calienta-leche-y-chocolate-1l-400w-jata\/#breadcrumb\",\"itemListElement\":[{\"@type\":\"ListItem\",\"position\":1,\"name\":\"Portada\",\"item\":\"https:\/\/ledsolintel.com\/fr\/\"},{\"@type\":\"ListItem\",\"position\":2,\"name\":\"Tienda\",\"item\":\"https:\/\/ledsolintel.com\/tienda\/\"},{\"@type\":\"ListItem\",\"position\":3,\"name\":\"CL819 CALIENTA LECHE Y CHOCOLATE 1L 400W JATA\"}]},{\"@type\":\"WebSite\",\"@id\":\"https:\/\/ledsolintel.com\/#website\",\"url\":\"https:\/\/ledsolintel.com\/\",\"name\":\"Webmenaje\",\"description\":\"Tienda de bombillas y l\u00e1mparas LED para profesionales\",\"publisher\":{\"@id\":\"https:\/\/ledsolintel.com\/#organization\"},\"potentialAction\":[{\"@type\":\"SearchAction\",\"target\":{\"@type\":\"EntryPoint\",\"urlTemplate\":\"https:\/\/ledsolintel.com\/?s={search_term_string}\"},\"query-input\":{\"@type\":\"PropertyValueSpecification\",\"valueRequired\":true,\"valueName\":\"search_term_string\"}}],\"inLanguage\":\"fr-FR\"},{\"@type\":\"Organization\",\"@id\":\"https:\/\/ledsolintel.com\/#organization\",\"name\":\"Solintel Noroeste, S.L.\",\"url\":\"https:\/\/ledsolintel.com\/\",\"logo\":{\"@type\":\"ImageObject\",\"inLanguage\":\"fr-FR\",\"@id\":\"https:\/\/ledsolintel.com\/#\/schema\/logo\/image\/\",\"url\":\"https:\/\/ledsolintel.com\/wp-content\/uploads\/2024\/11\/webmenaje-logo-1508269066.jpg\",\"contentUrl\":\"https:\/\/ledsolintel.com\/wp-content\/uploads\/2024\/11\/webmenaje-logo-1508269066.jpg\",\"width\":370,\"height\":90,\"caption\":\"Solintel Noroeste, S.L.\"},\"image\":{\"@id\":\"https:\/\/ledsolintel.com\/#\/schema\/logo\/image\/\"},\"sameAs\":[\"http:\/\/www.facebook.com\/webmenaje\",\"https:\/\/x.com\/webmenaje\",\"https:\/\/www.youtube.com\/channel\/UCX2KoVoeCG4LocZjUc6LmSQ\",\"http:\/\/www.pinterest.com\/webmenaje\"]}]}<\/script>\n<!-- \/ Yoast SEO plugin. -->","yoast_head_json":{"title":"CL819 CHAUFFE LAIT ET CHOCOLAT 1L 400W JATA - Ledsolintel","robots":{"index":"index","follow":"follow","max-snippet":"max-snippet:-1","max-image-preview":"max-image-preview:large","max-video-preview":"max-video-preview:-1"},"canonical":"https:\/\/ledsolintel.com\/fr\/produit-2\/cl819-chauffe-lait-et-chocolat-1l-400w-jata\/","og_locale":"fr_FR","og_type":"article","og_title":"CL819 CALIENTA LECHE Y CHOCOLATE 1L 400W JATA - Ledsolintel","og_description":"Ideal para calentar leche y preparar chocolate. Interior con recubrimiento antiadherente ecol\u00f3gico libre de PFOA. Cuerpo toque fr\u00edo. Mantiene la temperatura de la leche a 80 \u00baC. Resistencia oculta. F\u00e1cil limpieza. Protecci\u00f3n contra sobrecalentamiento. Ind","og_url":"https:\/\/ledsolintel.com\/fr\/produit-2\/cl819-chauffe-lait-et-chocolat-1l-400w-jata\/","og_site_name":"Ledsolintel","article_publisher":"http:\/\/www.facebook.com\/webmenaje","og_image":[{"url":"https:\/\/ledsolintel.com\/wp-content\/uploads\/2024\/05\/30939-CL819-CALIENTA-LECHE-Y-CHOCOLATE-1L-400W-JATA.jpg","width":1,"height":1,"type":"image\/jpeg"}],"twitter_card":"summary_large_image","twitter_site":"@webmenaje","schema":{"@context":"https:\/\/schema.org","@graph":[{"@type":"WebPage","@id":"https:\/\/ledsolintel.com\/product\/cl819-calienta-leche-y-chocolate-1l-400w-jata\/","url":"https:\/\/ledsolintel.com\/product\/cl819-calienta-leche-y-chocolate-1l-400w-jata\/","name":"CL819 CHAUFFE LAIT ET CHOCOLAT 1L 400W JATA - Ledsolintel","isPartOf":{"@id":"https:\/\/ledsolintel.com\/#website"},"primaryImageOfPage":{"@id":"https:\/\/ledsolintel.com\/product\/cl819-calienta-leche-y-chocolate-1l-400w-jata\/#primaryimage"},"image":{"@id":"https:\/\/ledsolintel.com\/product\/cl819-calienta-leche-y-chocolate-1l-400w-jata\/#primaryimage"},"thumbnailUrl":"https:\/\/ledsolintel.com\/wp-content\/uploads\/2024\/05\/30939-CL819-CALIENTA-LECHE-Y-CHOCOLATE-1L-400W-JATA.jpg","datePublished":"2024-05-23T11:19:24+00:00","breadcrumb":{"@id":"https:\/\/ledsolintel.com\/product\/cl819-calienta-leche-y-chocolate-1l-400w-jata\/#breadcrumb"},"inLanguage":"fr-FR","potentialAction":[{"@type":"ReadAction","target":["https:\/\/ledsolintel.com\/product\/cl819-calienta-leche-y-chocolate-1l-400w-jata\/"]}]},{"@type":"ImageObject","inLanguage":"fr-FR","@id":"https:\/\/ledsolintel.com\/product\/cl819-calienta-leche-y-chocolate-1l-400w-jata\/#primaryimage","url":"https:\/\/ledsolintel.com\/wp-content\/uploads\/2024\/05\/30939-CL819-CALIENTA-LECHE-Y-CHOCOLATE-1L-400W-JATA.jpg","contentUrl":"https:\/\/ledsolintel.com\/wp-content\/uploads\/2024\/05\/30939-CL819-CALIENTA-LECHE-Y-CHOCOLATE-1L-400W-JATA.jpg","caption":"CL819 CALIENTA LECHE Y CHOCOLATE 1L 400W JATA"},{"@type":"BreadcrumbList","@id":"https:\/\/ledsolintel.com\/product\/cl819-calienta-leche-y-chocolate-1l-400w-jata\/#breadcrumb","itemListElement":[{"@type":"ListItem","position":1,"name":"Portada","item":"https:\/\/ledsolintel.com\/fr\/"},{"@type":"ListItem","position":2,"name":"Tienda","item":"https:\/\/ledsolintel.com\/tienda\/"},{"@type":"ListItem","position":3,"name":"CL819 CALIENTA LECHE Y CHOCOLATE 1L 400W JATA"}]},{"@type":"WebSite","@id":"https:\/\/ledsolintel.com\/#website","url":"https:\/\/ledsolintel.com\/","name":"Webmenaje","description":"Magasin d'ampoules et de lampes LED pour les professionnels","publisher":{"@id":"https:\/\/ledsolintel.com\/#organization"},"potentialAction":[{"@type":"SearchAction","target":{"@type":"EntryPoint","urlTemplate":"https:\/\/ledsolintel.com\/?s={search_term_string}"},"query-input":{"@type":"PropertyValueSpecification","valueRequired":true,"valueName":"search_term_string"}}],"inLanguage":"fr-FR"},{"@type":"Organization","@id":"https:\/\/ledsolintel.com\/#organization","name":"Solintel Noroeste, S.L.","url":"https:\/\/ledsolintel.com\/","logo":{"@type":"ImageObject","inLanguage":"fr-FR","@id":"https:\/\/ledsolintel.com\/#\/schema\/logo\/image\/","url":"https:\/\/ledsolintel.com\/wp-content\/uploads\/2024\/11\/webmenaje-logo-1508269066.jpg","contentUrl":"https:\/\/ledsolintel.com\/wp-content\/uploads\/2024\/11\/webmenaje-logo-1508269066.jpg","width":370,"height":90,"caption":"Solintel Noroeste, S.L."},"image":{"@id":"https:\/\/ledsolintel.com\/#\/schema\/logo\/image\/"},"sameAs":["http:\/\/www.facebook.com\/webmenaje","https:\/\/x.com\/webmenaje","https:\/\/www.youtube.com\/channel\/UCX2KoVoeCG4LocZjUc6LmSQ","http:\/\/www.pinterest.com\/webmenaje"]}]}},"_links":{"self":[{"href":"https:\/\/ledsolintel.com\/fr\/wp-json\/wp\/v2\/product\/256411","targetHints":{"allow":["GET"]}}],"collection":[{"href":"https:\/\/ledsolintel.com\/fr\/wp-json\/wp\/v2\/product"}],"about":[{"href":"https:\/\/ledsolintel.com\/fr\/wp-json\/wp\/v2\/types\/product"}],"version-history":[{"count":0,"href":"https:\/\/ledsolintel.com\/fr\/wp-json\/wp\/v2\/product\/256411\/revisions"}],"wp:featuredmedia":[{"embeddable":true,"href":"https:\/\/ledsolintel.com\/fr\/wp-json\/wp\/v2\/media\/256406"}],"wp:attachment":[{"href":"https:\/\/ledsolintel.com\/fr\/wp-json\/wp\/v2\/media?parent=256411"}],"wp:term":[{"taxonomy":"product_brand","embeddable":true,"href":"https:\/\/ledsolintel.com\/fr\/wp-json\/wp\/v2\/product_brand?post=256411"},{"taxonomy":"product_cat","embeddable":true,"href":"https:\/\/ledsolintel.com\/fr\/wp-json\/wp\/v2\/product_cat?post=256411"},{"taxonomy":"product_tag","embeddable":true,"href":"https:\/\/ledsolintel.com\/fr\/wp-json\/wp\/v2\/product_tag?post=256411"}],"curies":[{"name":"wp","href":"https:\/\/api.w.org\/{rel}","templated":true}]}}