{"id":256400,"date":"2024-05-23T13:19:24","date_gmt":"2024-05-23T11:19:24","guid":{"rendered":"https:\/\/nueva.ledsolintel.com\/product\/7510-calentador-de-agua-directo-vaso-350w-220v\/"},"modified":"2024-05-23T13:19:24","modified_gmt":"2024-05-23T11:19:24","slug":"7510-calentador-de-agua-directo-vaso-350w-220v","status":"publish","type":"product","link":"https:\/\/ledsolintel.com\/fr\/produit-2\/7510-calentador-de-agua-directo-vaso-350w-220v\/","title":{"rendered":"7510 CHAUFFE-EAU \u00c0 VERRE DIRECT 350W 220V"},"content":{"rendered":"<p>Pour les petits contenants. Son \u00e9conomie, sa conception et sa s\u00e9curit\u00e9 le rendent tr\u00e8s utile pour l'usage domestique, les bureaux, les voyages et le camping. Il \u00e9vite le gaspillage inutile d'eau froide, de gaz et d'\u00e9lectricit\u00e9 pour obtenir de l'eau chaude.<\/p>","protected":false},"excerpt":{"rendered":"<p>Pour les petits contenants. Son \u00e9conomie, sa conception et sa s\u00e9curit\u00e9 le rendent tr\u00e8s utile pour l'usage domestique, les bureaux, les voyages et le camping. Il \u00e9vite le gaspillage inutile d'eau froide, de gaz et d'\u00e9lectricit\u00e9 pour obtenir de l'eau chaude.<\/p>","protected":false},"featured_media":256399,"template":"","meta":[],"product_brand":[99427],"product_cat":[99601,99613],"product_tag":[],"class_list":{"0":"post-256400","1":"product","2":"type-product","3":"status-publish","4":"has-post-thumbnail","6":"product_brand-marca","7":"product_cat-gyemo","8":"product_cat-pequeno-aparato-electrico","11":"instock","12":"taxable","13":"shipping-taxable","14":"purchasable","15":"product-type-simple"},"yoast_head":"<!-- This site is optimized with the Yoast SEO plugin v27.4 - https:\/\/yoast.com\/product\/yoast-seo-wordpress\/ -->\n<title>7510 CALENTADOR DE AGUA DIRECTO VASO 350W 220V - Ledsolintel<\/title>\n<meta name=\"robots\" content=\"index, follow, max-snippet:-1, max-image-preview:large, max-video-preview:-1\" \/>\n<link rel=\"canonical\" href=\"https:\/\/ledsolintel.com\/fr\/produit-2\/7510-calentador-de-agua-directo-vaso-350w-220v\/\" \/>\n<meta property=\"og:locale\" content=\"fr_FR\" \/>\n<meta property=\"og:type\" content=\"article\" \/>\n<meta property=\"og:title\" content=\"7510 CALENTADOR DE AGUA DIRECTO VASO 350W 220V - Ledsolintel\" \/>\n<meta property=\"og:description\" content=\"Para recipientes de tama\u00f1o peque\u00f1o. Su econom\u00eda, dise\u00f1o y seguridad lo hacen muy \u00fatil para usos dom\u00e9sticos, oficinas, viajes y campings. Evita el gasto in\u00fatil de agua fr\u00eda, gas y electricidad que desperdicia la red hasta obtener agua caliente.\" \/>\n<meta property=\"og:url\" content=\"https:\/\/ledsolintel.com\/fr\/produit-2\/7510-calentador-de-agua-directo-vaso-350w-220v\/\" \/>\n<meta property=\"og:site_name\" content=\"Ledsolintel\" \/>\n<meta property=\"article:publisher\" content=\"http:\/\/www.facebook.com\/webmenaje\" \/>\n<meta property=\"og:image\" content=\"https:\/\/ledsolintel.com\/wp-content\/uploads\/2024\/05\/30926-7510-CALENTADOR-DE-AGUA-DIRECTO-VASO-350W-220V.jpg\" \/>\n\t<meta property=\"og:image:width\" content=\"1\" \/>\n\t<meta property=\"og:image:height\" content=\"1\" \/>\n\t<meta property=\"og:image:type\" content=\"image\/jpeg\" \/>\n<meta name=\"twitter:card\" content=\"summary_large_image\" \/>\n<meta name=\"twitter:site\" content=\"@webmenaje\" \/>\n<script type=\"application\/ld+json\" class=\"yoast-schema-graph\">{\"@context\":\"https:\\\/\\\/schema.org\",\"@graph\":[{\"@type\":\"WebPage\",\"@id\":\"https:\\\/\\\/ledsolintel.com\\\/product\\\/7510-calentador-de-agua-directo-vaso-350w-220v\\\/\",\"url\":\"https:\\\/\\\/ledsolintel.com\\\/product\\\/7510-calentador-de-agua-directo-vaso-350w-220v\\\/\",\"name\":\"7510 CALENTADOR DE AGUA DIRECTO VASO 350W 220V - Ledsolintel\",\"isPartOf\":{\"@id\":\"https:\\\/\\\/ledsolintel.com\\\/#website\"},\"primaryImageOfPage\":{\"@id\":\"https:\\\/\\\/ledsolintel.com\\\/product\\\/7510-calentador-de-agua-directo-vaso-350w-220v\\\/#primaryimage\"},\"image\":{\"@id\":\"https:\\\/\\\/ledsolintel.com\\\/product\\\/7510-calentador-de-agua-directo-vaso-350w-220v\\\/#primaryimage\"},\"thumbnailUrl\":\"https:\\\/\\\/ledsolintel.com\\\/wp-content\\\/uploads\\\/2024\\\/05\\\/30926-7510-CALENTADOR-DE-AGUA-DIRECTO-VASO-350W-220V.jpg\",\"datePublished\":\"2024-05-23T11:19:24+00:00\",\"breadcrumb\":{\"@id\":\"https:\\\/\\\/ledsolintel.com\\\/product\\\/7510-calentador-de-agua-directo-vaso-350w-220v\\\/#breadcrumb\"},\"inLanguage\":\"fr-FR\",\"potentialAction\":[{\"@type\":\"ReadAction\",\"target\":[\"https:\\\/\\\/ledsolintel.com\\\/product\\\/7510-calentador-de-agua-directo-vaso-350w-220v\\\/\"]}]},{\"@type\":\"ImageObject\",\"inLanguage\":\"fr-FR\",\"@id\":\"https:\\\/\\\/ledsolintel.com\\\/product\\\/7510-calentador-de-agua-directo-vaso-350w-220v\\\/#primaryimage\",\"url\":\"https:\\\/\\\/ledsolintel.com\\\/wp-content\\\/uploads\\\/2024\\\/05\\\/30926-7510-CALENTADOR-DE-AGUA-DIRECTO-VASO-350W-220V.jpg\",\"contentUrl\":\"https:\\\/\\\/ledsolintel.com\\\/wp-content\\\/uploads\\\/2024\\\/05\\\/30926-7510-CALENTADOR-DE-AGUA-DIRECTO-VASO-350W-220V.jpg\",\"caption\":\"7510 CALENTADOR DE AGUA DIRECTO VASO 350W 220V\"},{\"@type\":\"BreadcrumbList\",\"@id\":\"https:\\\/\\\/ledsolintel.com\\\/product\\\/7510-calentador-de-agua-directo-vaso-350w-220v\\\/#breadcrumb\",\"itemListElement\":[{\"@type\":\"ListItem\",\"position\":1,\"name\":\"Portada\",\"item\":\"https:\\\/\\\/ledsolintel.com\\\/fr\\\/\"},{\"@type\":\"ListItem\",\"position\":2,\"name\":\"Tienda\",\"item\":\"https:\\\/\\\/ledsolintel.com\\\/tienda\\\/\"},{\"@type\":\"ListItem\",\"position\":3,\"name\":\"7510 CALENTADOR DE AGUA DIRECTO VASO 350W 220V\"}]},{\"@type\":\"WebSite\",\"@id\":\"https:\\\/\\\/ledsolintel.com\\\/#website\",\"url\":\"https:\\\/\\\/ledsolintel.com\\\/\",\"name\":\"Webmenaje\",\"description\":\"Tienda de bombillas y l\u00e1mparas LED para profesionales\",\"publisher\":{\"@id\":\"https:\\\/\\\/ledsolintel.com\\\/#organization\"},\"potentialAction\":[{\"@type\":\"SearchAction\",\"target\":{\"@type\":\"EntryPoint\",\"urlTemplate\":\"https:\\\/\\\/ledsolintel.com\\\/?s={search_term_string}\"},\"query-input\":{\"@type\":\"PropertyValueSpecification\",\"valueRequired\":true,\"valueName\":\"search_term_string\"}}],\"inLanguage\":\"fr-FR\"},{\"@type\":\"Organization\",\"@id\":\"https:\\\/\\\/ledsolintel.com\\\/#organization\",\"name\":\"Solintel Noroeste, S.L.\",\"url\":\"https:\\\/\\\/ledsolintel.com\\\/\",\"logo\":{\"@type\":\"ImageObject\",\"inLanguage\":\"fr-FR\",\"@id\":\"https:\\\/\\\/ledsolintel.com\\\/#\\\/schema\\\/logo\\\/image\\\/\",\"url\":\"https:\\\/\\\/ledsolintel.com\\\/wp-content\\\/uploads\\\/2024\\\/11\\\/webmenaje-logo-1508269066.jpg\",\"contentUrl\":\"https:\\\/\\\/ledsolintel.com\\\/wp-content\\\/uploads\\\/2024\\\/11\\\/webmenaje-logo-1508269066.jpg\",\"width\":370,\"height\":90,\"caption\":\"Solintel Noroeste, S.L.\"},\"image\":{\"@id\":\"https:\\\/\\\/ledsolintel.com\\\/#\\\/schema\\\/logo\\\/image\\\/\"},\"sameAs\":[\"http:\\\/\\\/www.facebook.com\\\/webmenaje\",\"https:\\\/\\\/x.com\\\/webmenaje\",\"https:\\\/\\\/www.youtube.com\\\/channel\\\/UCX2KoVoeCG4LocZjUc6LmSQ\",\"http:\\\/\\\/www.pinterest.com\\\/webmenaje\"]}]}<\/script>\n<!-- \/ Yoast SEO plugin. -->","yoast_head_json":{"title":"7510 CALENTADOR DE AGUA DIRECTO VASO 350W 220V - Ledsolintel","robots":{"index":"index","follow":"follow","max-snippet":"max-snippet:-1","max-image-preview":"max-image-preview:large","max-video-preview":"max-video-preview:-1"},"canonical":"https:\/\/ledsolintel.com\/fr\/produit-2\/7510-calentador-de-agua-directo-vaso-350w-220v\/","og_locale":"fr_FR","og_type":"article","og_title":"7510 CALENTADOR DE AGUA DIRECTO VASO 350W 220V - Ledsolintel","og_description":"Para recipientes de tama\u00f1o peque\u00f1o. Su econom\u00eda, dise\u00f1o y seguridad lo hacen muy \u00fatil para usos dom\u00e9sticos, oficinas, viajes y campings. Evita el gasto in\u00fatil de agua fr\u00eda, gas y electricidad que desperdicia la red hasta obtener agua caliente.","og_url":"https:\/\/ledsolintel.com\/fr\/produit-2\/7510-calentador-de-agua-directo-vaso-350w-220v\/","og_site_name":"Ledsolintel","article_publisher":"http:\/\/www.facebook.com\/webmenaje","og_image":[{"url":"https:\/\/ledsolintel.com\/wp-content\/uploads\/2024\/05\/30926-7510-CALENTADOR-DE-AGUA-DIRECTO-VASO-350W-220V.jpg","width":1,"height":1,"type":"image\/jpeg"}],"twitter_card":"summary_large_image","twitter_site":"@webmenaje","schema":{"@context":"https:\/\/schema.org","@graph":[{"@type":"WebPage","@id":"https:\/\/ledsolintel.com\/product\/7510-calentador-de-agua-directo-vaso-350w-220v\/","url":"https:\/\/ledsolintel.com\/product\/7510-calentador-de-agua-directo-vaso-350w-220v\/","name":"7510 CALENTADOR DE AGUA DIRECTO VASO 350W 220V - Ledsolintel","isPartOf":{"@id":"https:\/\/ledsolintel.com\/#website"},"primaryImageOfPage":{"@id":"https:\/\/ledsolintel.com\/product\/7510-calentador-de-agua-directo-vaso-350w-220v\/#primaryimage"},"image":{"@id":"https:\/\/ledsolintel.com\/product\/7510-calentador-de-agua-directo-vaso-350w-220v\/#primaryimage"},"thumbnailUrl":"https:\/\/ledsolintel.com\/wp-content\/uploads\/2024\/05\/30926-7510-CALENTADOR-DE-AGUA-DIRECTO-VASO-350W-220V.jpg","datePublished":"2024-05-23T11:19:24+00:00","breadcrumb":{"@id":"https:\/\/ledsolintel.com\/product\/7510-calentador-de-agua-directo-vaso-350w-220v\/#breadcrumb"},"inLanguage":"fr-FR","potentialAction":[{"@type":"ReadAction","target":["https:\/\/ledsolintel.com\/product\/7510-calentador-de-agua-directo-vaso-350w-220v\/"]}]},{"@type":"ImageObject","inLanguage":"fr-FR","@id":"https:\/\/ledsolintel.com\/product\/7510-calentador-de-agua-directo-vaso-350w-220v\/#primaryimage","url":"https:\/\/ledsolintel.com\/wp-content\/uploads\/2024\/05\/30926-7510-CALENTADOR-DE-AGUA-DIRECTO-VASO-350W-220V.jpg","contentUrl":"https:\/\/ledsolintel.com\/wp-content\/uploads\/2024\/05\/30926-7510-CALENTADOR-DE-AGUA-DIRECTO-VASO-350W-220V.jpg","caption":"7510 CALENTADOR DE AGUA DIRECTO VASO 350W 220V"},{"@type":"BreadcrumbList","@id":"https:\/\/ledsolintel.com\/product\/7510-calentador-de-agua-directo-vaso-350w-220v\/#breadcrumb","itemListElement":[{"@type":"ListItem","position":1,"name":"Portada","item":"https:\/\/ledsolintel.com\/fr\/"},{"@type":"ListItem","position":2,"name":"Tienda","item":"https:\/\/ledsolintel.com\/tienda\/"},{"@type":"ListItem","position":3,"name":"7510 CALENTADOR DE AGUA DIRECTO VASO 350W 220V"}]},{"@type":"WebSite","@id":"https:\/\/ledsolintel.com\/#website","url":"https:\/\/ledsolintel.com\/","name":"Webmenaje","description":"Magasin d'ampoules et de lampes LED pour les professionnels","publisher":{"@id":"https:\/\/ledsolintel.com\/#organization"},"potentialAction":[{"@type":"SearchAction","target":{"@type":"EntryPoint","urlTemplate":"https:\/\/ledsolintel.com\/?s={search_term_string}"},"query-input":{"@type":"PropertyValueSpecification","valueRequired":true,"valueName":"search_term_string"}}],"inLanguage":"fr-FR"},{"@type":"Organization","@id":"https:\/\/ledsolintel.com\/#organization","name":"Solintel Noroeste, S.L.","url":"https:\/\/ledsolintel.com\/","logo":{"@type":"ImageObject","inLanguage":"fr-FR","@id":"https:\/\/ledsolintel.com\/#\/schema\/logo\/image\/","url":"https:\/\/ledsolintel.com\/wp-content\/uploads\/2024\/11\/webmenaje-logo-1508269066.jpg","contentUrl":"https:\/\/ledsolintel.com\/wp-content\/uploads\/2024\/11\/webmenaje-logo-1508269066.jpg","width":370,"height":90,"caption":"Solintel Noroeste, S.L."},"image":{"@id":"https:\/\/ledsolintel.com\/#\/schema\/logo\/image\/"},"sameAs":["http:\/\/www.facebook.com\/webmenaje","https:\/\/x.com\/webmenaje","https:\/\/www.youtube.com\/channel\/UCX2KoVoeCG4LocZjUc6LmSQ","http:\/\/www.pinterest.com\/webmenaje"]}]}},"_links":{"self":[{"href":"https:\/\/ledsolintel.com\/fr\/wp-json\/wp\/v2\/product\/256400","targetHints":{"allow":["GET"]}}],"collection":[{"href":"https:\/\/ledsolintel.com\/fr\/wp-json\/wp\/v2\/product"}],"about":[{"href":"https:\/\/ledsolintel.com\/fr\/wp-json\/wp\/v2\/types\/product"}],"version-history":[{"count":0,"href":"https:\/\/ledsolintel.com\/fr\/wp-json\/wp\/v2\/product\/256400\/revisions"}],"wp:featuredmedia":[{"embeddable":true,"href":"https:\/\/ledsolintel.com\/fr\/wp-json\/wp\/v2\/media\/256399"}],"wp:attachment":[{"href":"https:\/\/ledsolintel.com\/fr\/wp-json\/wp\/v2\/media?parent=256400"}],"wp:term":[{"taxonomy":"product_brand","embeddable":true,"href":"https:\/\/ledsolintel.com\/fr\/wp-json\/wp\/v2\/product_brand?post=256400"},{"taxonomy":"product_cat","embeddable":true,"href":"https:\/\/ledsolintel.com\/fr\/wp-json\/wp\/v2\/product_cat?post=256400"},{"taxonomy":"product_tag","embeddable":true,"href":"https:\/\/ledsolintel.com\/fr\/wp-json\/wp\/v2\/product_tag?post=256400"}],"curies":[{"name":"wp","href":"https:\/\/api.w.org\/{rel}","templated":true}]}}