{"id":256335,"date":"2024-05-23T13:19:24","date_gmt":"2024-05-23T11:19:24","guid":{"rendered":"https:\/\/nueva.ledsolintel.com\/product\/bt157-batidora-inoxidable-1000w-c-accesorios-jata\/"},"modified":"2024-05-23T13:19:24","modified_gmt":"2024-05-23T11:19:24","slug":"bt157-batidora-inoxidable-1000w-c-accesorios-jata","status":"publish","type":"product","link":"https:\/\/ledsolintel.com\/fr\/produit-2\/bt157-batidora-inoxidable-1000w-c-accesorios-jata\/","title":{"rendered":"BT157 1000W MIXEUR EN ACIER INOXYDABLE AVEC ACCESSOIRES JATA"},"content":{"rendered":"<p>Mixeur plongeant comprenant un gobelet doseur et un hachoir. Avec r\u00e9gulateur de vitesse \u00e9lectronique, tr\u00e8s pratique pour que les m\u00e9langes acqui\u00e8rent la couleur, le go\u00fbt et la pointe souhait\u00e9s. Base amovible en acier inoxydable. Anneau de suspension.<\/p>","protected":false},"excerpt":{"rendered":"<p>Mixeur plongeant comprenant un gobelet doseur et un hachoir. Avec r\u00e9gulateur de vitesse \u00e9lectronique, tr\u00e8s pratique pour que les m\u00e9langes acqui\u00e8rent la couleur, le go\u00fbt et la pointe souhait\u00e9s. Base amovible en acier inoxydable. Anneau de suspension.<\/p>","protected":false},"featured_media":256328,"template":"","meta":[],"product_brand":[99547],"product_cat":[99613,99601],"product_tag":[],"class_list":{"0":"post-256335","1":"product","2":"type-product","3":"status-publish","4":"has-post-thumbnail","6":"product_brand-jata","7":"product_cat-pequeno-aparato-electrico","8":"product_cat-gyemo","11":"instock","12":"taxable","13":"shipping-taxable","14":"purchasable","15":"product-type-simple"},"yoast_head":"<!-- This site is optimized with the Yoast SEO plugin v26.6 - https:\/\/yoast.com\/wordpress\/plugins\/seo\/ -->\n<title>BT157 BATIDORA INOXIDABLE 1000W C\/ACCESORIOS JATA - Ledsolintel<\/title>\n<meta name=\"robots\" content=\"index, follow, max-snippet:-1, max-image-preview:large, max-video-preview:-1\" \/>\n<link rel=\"canonical\" href=\"https:\/\/ledsolintel.com\/fr\/produit-2\/bt157-batidora-inoxidable-1000w-c-accesorios-jata\/\" \/>\n<meta property=\"og:locale\" content=\"fr_FR\" \/>\n<meta property=\"og:type\" content=\"article\" \/>\n<meta property=\"og:title\" content=\"BT157 BATIDORA INOXIDABLE 1000W C\/ACCESORIOS JATA - Ledsolintel\" \/>\n<meta property=\"og:description\" content=\"Batidora de mano que incluye vaso medidor y accesorio picador. Con regulador de velocidad electr\u00f3nico, muy pr\u00e1ctico para que las mezclas adquieran el color, gusto y punto que deseas. Pie es de acero inoxidable desmontable. Anilla para colgar.\" \/>\n<meta property=\"og:url\" content=\"https:\/\/ledsolintel.com\/fr\/produit-2\/bt157-batidora-inoxidable-1000w-c-accesorios-jata\/\" \/>\n<meta property=\"og:site_name\" content=\"Ledsolintel\" \/>\n<meta property=\"article:publisher\" content=\"http:\/\/www.facebook.com\/webmenaje\" \/>\n<meta property=\"og:image\" content=\"https:\/\/ledsolintel.com\/wp-content\/uploads\/2024\/05\/30866-BT157-BATIDORA-INOXIDABLE-1000W-CACCESORIOS-JATA.jpg\" \/>\n\t<meta property=\"og:image:width\" content=\"1\" \/>\n\t<meta property=\"og:image:height\" content=\"1\" \/>\n\t<meta property=\"og:image:type\" content=\"image\/jpeg\" \/>\n<meta name=\"twitter:card\" content=\"summary_large_image\" \/>\n<meta name=\"twitter:site\" content=\"@webmenaje\" \/>\n<script type=\"application\/ld+json\" class=\"yoast-schema-graph\">{\"@context\":\"https:\/\/schema.org\",\"@graph\":[{\"@type\":\"WebPage\",\"@id\":\"https:\/\/ledsolintel.com\/fr\/product\/bt157-batidora-inoxidable-1000w-c-accesorios-jata\/\",\"url\":\"https:\/\/ledsolintel.com\/fr\/product\/bt157-batidora-inoxidable-1000w-c-accesorios-jata\/\",\"name\":\"BT157 BATIDORA INOXIDABLE 1000W C\/ACCESORIOS JATA - Ledsolintel\",\"isPartOf\":{\"@id\":\"https:\/\/ledsolintel.com\/#website\"},\"primaryImageOfPage\":{\"@id\":\"https:\/\/ledsolintel.com\/fr\/product\/bt157-batidora-inoxidable-1000w-c-accesorios-jata\/#primaryimage\"},\"image\":{\"@id\":\"https:\/\/ledsolintel.com\/fr\/product\/bt157-batidora-inoxidable-1000w-c-accesorios-jata\/#primaryimage\"},\"thumbnailUrl\":\"https:\/\/ledsolintel.com\/wp-content\/uploads\/2024\/05\/30866-BT157-BATIDORA-INOXIDABLE-1000W-CACCESORIOS-JATA.jpg\",\"datePublished\":\"2024-05-23T11:19:24+00:00\",\"breadcrumb\":{\"@id\":\"https:\/\/ledsolintel.com\/fr\/product\/bt157-batidora-inoxidable-1000w-c-accesorios-jata\/#breadcrumb\"},\"inLanguage\":\"fr-FR\",\"potentialAction\":[{\"@type\":\"ReadAction\",\"target\":[\"https:\/\/ledsolintel.com\/fr\/product\/bt157-batidora-inoxidable-1000w-c-accesorios-jata\/\"]}]},{\"@type\":\"ImageObject\",\"inLanguage\":\"fr-FR\",\"@id\":\"https:\/\/ledsolintel.com\/fr\/product\/bt157-batidora-inoxidable-1000w-c-accesorios-jata\/#primaryimage\",\"url\":\"https:\/\/ledsolintel.com\/wp-content\/uploads\/2024\/05\/30866-BT157-BATIDORA-INOXIDABLE-1000W-CACCESORIOS-JATA.jpg\",\"contentUrl\":\"https:\/\/ledsolintel.com\/wp-content\/uploads\/2024\/05\/30866-BT157-BATIDORA-INOXIDABLE-1000W-CACCESORIOS-JATA.jpg\",\"caption\":\"BT157 BATIDORA INOXIDABLE 1000W C\/ACCESORIOS JATA\"},{\"@type\":\"BreadcrumbList\",\"@id\":\"https:\/\/ledsolintel.com\/fr\/product\/bt157-batidora-inoxidable-1000w-c-accesorios-jata\/#breadcrumb\",\"itemListElement\":[{\"@type\":\"ListItem\",\"position\":1,\"name\":\"Portada\",\"item\":\"https:\/\/ledsolintel.com\/fr\/\"},{\"@type\":\"ListItem\",\"position\":2,\"name\":\"Tienda\",\"item\":\"https:\/\/ledsolintel.com\/tienda\/\"},{\"@type\":\"ListItem\",\"position\":3,\"name\":\"BT157 BATIDORA INOXIDABLE 1000W C\/ACCESORIOS JATA\"}]},{\"@type\":\"WebSite\",\"@id\":\"https:\/\/ledsolintel.com\/#website\",\"url\":\"https:\/\/ledsolintel.com\/\",\"name\":\"Webmenaje\",\"description\":\"Tienda de bombillas y l\u00e1mparas LED para profesionales\",\"publisher\":{\"@id\":\"https:\/\/ledsolintel.com\/#organization\"},\"potentialAction\":[{\"@type\":\"SearchAction\",\"target\":{\"@type\":\"EntryPoint\",\"urlTemplate\":\"https:\/\/ledsolintel.com\/?s={search_term_string}\"},\"query-input\":{\"@type\":\"PropertyValueSpecification\",\"valueRequired\":true,\"valueName\":\"search_term_string\"}}],\"inLanguage\":\"fr-FR\"},{\"@type\":\"Organization\",\"@id\":\"https:\/\/ledsolintel.com\/#organization\",\"name\":\"Solintel Noroeste, S.L.\",\"url\":\"https:\/\/ledsolintel.com\/\",\"logo\":{\"@type\":\"ImageObject\",\"inLanguage\":\"fr-FR\",\"@id\":\"https:\/\/ledsolintel.com\/#\/schema\/logo\/image\/\",\"url\":\"https:\/\/ledsolintel.com\/wp-content\/uploads\/2024\/11\/webmenaje-logo-1508269066.jpg\",\"contentUrl\":\"https:\/\/ledsolintel.com\/wp-content\/uploads\/2024\/11\/webmenaje-logo-1508269066.jpg\",\"width\":370,\"height\":90,\"caption\":\"Solintel Noroeste, S.L.\"},\"image\":{\"@id\":\"https:\/\/ledsolintel.com\/#\/schema\/logo\/image\/\"},\"sameAs\":[\"http:\/\/www.facebook.com\/webmenaje\",\"https:\/\/x.com\/webmenaje\",\"https:\/\/www.youtube.com\/channel\/UCX2KoVoeCG4LocZjUc6LmSQ\",\"http:\/\/www.pinterest.com\/webmenaje\"]}]}<\/script>\n<!-- \/ Yoast SEO plugin. -->","yoast_head_json":{"title":"BT157 BATIDORA INOXIDABLE 1000W C\/ACCESORIOS JATA - Ledsolintel","robots":{"index":"index","follow":"follow","max-snippet":"max-snippet:-1","max-image-preview":"max-image-preview:large","max-video-preview":"max-video-preview:-1"},"canonical":"https:\/\/ledsolintel.com\/fr\/produit-2\/bt157-batidora-inoxidable-1000w-c-accesorios-jata\/","og_locale":"fr_FR","og_type":"article","og_title":"BT157 BATIDORA INOXIDABLE 1000W C\/ACCESORIOS JATA - Ledsolintel","og_description":"Batidora de mano que incluye vaso medidor y accesorio picador. Con regulador de velocidad electr\u00f3nico, muy pr\u00e1ctico para que las mezclas adquieran el color, gusto y punto que deseas. Pie es de acero inoxidable desmontable. Anilla para colgar.","og_url":"https:\/\/ledsolintel.com\/fr\/produit-2\/bt157-batidora-inoxidable-1000w-c-accesorios-jata\/","og_site_name":"Ledsolintel","article_publisher":"http:\/\/www.facebook.com\/webmenaje","og_image":[{"url":"https:\/\/ledsolintel.com\/wp-content\/uploads\/2024\/05\/30866-BT157-BATIDORA-INOXIDABLE-1000W-CACCESORIOS-JATA.jpg","width":1,"height":1,"type":"image\/jpeg"}],"twitter_card":"summary_large_image","twitter_site":"@webmenaje","schema":{"@context":"https:\/\/schema.org","@graph":[{"@type":"WebPage","@id":"https:\/\/ledsolintel.com\/fr\/product\/bt157-batidora-inoxidable-1000w-c-accesorios-jata\/","url":"https:\/\/ledsolintel.com\/fr\/product\/bt157-batidora-inoxidable-1000w-c-accesorios-jata\/","name":"BT157 BATIDORA INOXIDABLE 1000W C\/ACCESORIOS JATA - Ledsolintel","isPartOf":{"@id":"https:\/\/ledsolintel.com\/#website"},"primaryImageOfPage":{"@id":"https:\/\/ledsolintel.com\/fr\/product\/bt157-batidora-inoxidable-1000w-c-accesorios-jata\/#primaryimage"},"image":{"@id":"https:\/\/ledsolintel.com\/fr\/product\/bt157-batidora-inoxidable-1000w-c-accesorios-jata\/#primaryimage"},"thumbnailUrl":"https:\/\/ledsolintel.com\/wp-content\/uploads\/2024\/05\/30866-BT157-BATIDORA-INOXIDABLE-1000W-CACCESORIOS-JATA.jpg","datePublished":"2024-05-23T11:19:24+00:00","breadcrumb":{"@id":"https:\/\/ledsolintel.com\/fr\/product\/bt157-batidora-inoxidable-1000w-c-accesorios-jata\/#breadcrumb"},"inLanguage":"fr-FR","potentialAction":[{"@type":"ReadAction","target":["https:\/\/ledsolintel.com\/fr\/product\/bt157-batidora-inoxidable-1000w-c-accesorios-jata\/"]}]},{"@type":"ImageObject","inLanguage":"fr-FR","@id":"https:\/\/ledsolintel.com\/fr\/product\/bt157-batidora-inoxidable-1000w-c-accesorios-jata\/#primaryimage","url":"https:\/\/ledsolintel.com\/wp-content\/uploads\/2024\/05\/30866-BT157-BATIDORA-INOXIDABLE-1000W-CACCESORIOS-JATA.jpg","contentUrl":"https:\/\/ledsolintel.com\/wp-content\/uploads\/2024\/05\/30866-BT157-BATIDORA-INOXIDABLE-1000W-CACCESORIOS-JATA.jpg","caption":"BT157 BATIDORA INOXIDABLE 1000W C\/ACCESORIOS JATA"},{"@type":"BreadcrumbList","@id":"https:\/\/ledsolintel.com\/fr\/product\/bt157-batidora-inoxidable-1000w-c-accesorios-jata\/#breadcrumb","itemListElement":[{"@type":"ListItem","position":1,"name":"Portada","item":"https:\/\/ledsolintel.com\/fr\/"},{"@type":"ListItem","position":2,"name":"Tienda","item":"https:\/\/ledsolintel.com\/tienda\/"},{"@type":"ListItem","position":3,"name":"BT157 BATIDORA INOXIDABLE 1000W C\/ACCESORIOS JATA"}]},{"@type":"WebSite","@id":"https:\/\/ledsolintel.com\/#website","url":"https:\/\/ledsolintel.com\/","name":"Webmenaje","description":"Magasin d'ampoules et de lampes LED pour les professionnels","publisher":{"@id":"https:\/\/ledsolintel.com\/#organization"},"potentialAction":[{"@type":"SearchAction","target":{"@type":"EntryPoint","urlTemplate":"https:\/\/ledsolintel.com\/?s={search_term_string}"},"query-input":{"@type":"PropertyValueSpecification","valueRequired":true,"valueName":"search_term_string"}}],"inLanguage":"fr-FR"},{"@type":"Organization","@id":"https:\/\/ledsolintel.com\/#organization","name":"Solintel Noroeste, S.L.","url":"https:\/\/ledsolintel.com\/","logo":{"@type":"ImageObject","inLanguage":"fr-FR","@id":"https:\/\/ledsolintel.com\/#\/schema\/logo\/image\/","url":"https:\/\/ledsolintel.com\/wp-content\/uploads\/2024\/11\/webmenaje-logo-1508269066.jpg","contentUrl":"https:\/\/ledsolintel.com\/wp-content\/uploads\/2024\/11\/webmenaje-logo-1508269066.jpg","width":370,"height":90,"caption":"Solintel Noroeste, S.L."},"image":{"@id":"https:\/\/ledsolintel.com\/#\/schema\/logo\/image\/"},"sameAs":["http:\/\/www.facebook.com\/webmenaje","https:\/\/x.com\/webmenaje","https:\/\/www.youtube.com\/channel\/UCX2KoVoeCG4LocZjUc6LmSQ","http:\/\/www.pinterest.com\/webmenaje"]}]}},"_links":{"self":[{"href":"https:\/\/ledsolintel.com\/fr\/wp-json\/wp\/v2\/product\/256335","targetHints":{"allow":["GET"]}}],"collection":[{"href":"https:\/\/ledsolintel.com\/fr\/wp-json\/wp\/v2\/product"}],"about":[{"href":"https:\/\/ledsolintel.com\/fr\/wp-json\/wp\/v2\/types\/product"}],"version-history":[{"count":0,"href":"https:\/\/ledsolintel.com\/fr\/wp-json\/wp\/v2\/product\/256335\/revisions"}],"wp:featuredmedia":[{"embeddable":true,"href":"https:\/\/ledsolintel.com\/fr\/wp-json\/wp\/v2\/media\/256328"}],"wp:attachment":[{"href":"https:\/\/ledsolintel.com\/fr\/wp-json\/wp\/v2\/media?parent=256335"}],"wp:term":[{"taxonomy":"product_brand","embeddable":true,"href":"https:\/\/ledsolintel.com\/fr\/wp-json\/wp\/v2\/product_brand?post=256335"},{"taxonomy":"product_cat","embeddable":true,"href":"https:\/\/ledsolintel.com\/fr\/wp-json\/wp\/v2\/product_cat?post=256335"},{"taxonomy":"product_tag","embeddable":true,"href":"https:\/\/ledsolintel.com\/fr\/wp-json\/wp\/v2\/product_tag?post=256335"}],"curies":[{"name":"wp","href":"https:\/\/api.w.org\/{rel}","templated":true}]}}