{"id":256263,"date":"2024-05-23T13:19:24","date_gmt":"2024-05-23T11:19:24","guid":{"rendered":"https:\/\/nueva.ledsolintel.com\/product\/20000940-039-bastidor-4-elementos-serie-simon-270\/"},"modified":"2024-05-23T13:19:24","modified_gmt":"2024-05-23T11:19:24","slug":"20000940-039-bastidor-4-elementos-serie-simon-270","status":"publish","type":"product","link":"https:\/\/ledsolintel.com\/fr\/produit-2\/20000940-039-bastidor-4-elementos-serie-simon-270\/","title":{"rendered":"20000940-039 CADRE 4 \u00c9L\u00c9MENTS S\u00c9RIE SIMON 270"},"content":{"rendered":"<p>Les multiples cadres m\u00e9talliques assurent une installation align\u00e9e qui garantit s\u00e9curit\u00e9 et robustesse. Ils sont dot\u00e9s d'un syst\u00e8me de clipsage facile \u00e0 installer et d'un support rigide pour une finition parfaite sur le mur.<\/p>","protected":false},"excerpt":{"rendered":"<p>Les multiples cadres m\u00e9talliques assurent une installation align\u00e9e qui garantit s\u00e9curit\u00e9 et robustesse. Ils sont dot\u00e9s d'un syst\u00e8me de clipsage facile \u00e0 installer et d'un support rigide pour une finition parfaite sur le mur.<\/p>","protected":false},"featured_media":256262,"template":"","meta":[],"product_brand":[99535],"product_cat":[99601],"product_tag":[],"class_list":{"0":"post-256263","1":"product","2":"type-product","3":"status-publish","4":"has-post-thumbnail","6":"product_brand-simon","7":"product_cat-gyemo","10":"instock","11":"taxable","12":"shipping-taxable","13":"purchasable","14":"product-type-simple"},"yoast_head":"<!-- This site is optimized with the Yoast SEO plugin v26.6 - https:\/\/yoast.com\/wordpress\/plugins\/seo\/ -->\n<title>20000940-039 BASTIDOR 4 ELEMENTOS SERIE SIMON 270 - Ledsolintel<\/title>\n<meta name=\"robots\" content=\"index, follow, max-snippet:-1, max-image-preview:large, max-video-preview:-1\" \/>\n<link rel=\"canonical\" href=\"https:\/\/ledsolintel.com\/fr\/produit-2\/20000940-039-bastidor-4-elementos-serie-simon-270\/\" \/>\n<meta property=\"og:locale\" content=\"fr_FR\" \/>\n<meta property=\"og:type\" content=\"article\" \/>\n<meta property=\"og:title\" content=\"20000940-039 BASTIDOR 4 ELEMENTOS SERIE SIMON 270 - Ledsolintel\" \/>\n<meta property=\"og:description\" content=\"Los bastidores met\u00e1licos m\u00faltiples aseguran una instalaci\u00f3n alineada que garantiza seguridad y robustez. Cuentan con un clipaje f\u00e1cil de instalar, adem\u00e1s de un soporte r\u00edgido para un acabado perfecto sobre la pared.\" \/>\n<meta property=\"og:url\" content=\"https:\/\/ledsolintel.com\/fr\/produit-2\/20000940-039-bastidor-4-elementos-serie-simon-270\/\" \/>\n<meta property=\"og:site_name\" content=\"Ledsolintel\" \/>\n<meta property=\"article:publisher\" content=\"http:\/\/www.facebook.com\/webmenaje\" \/>\n<meta property=\"og:image\" content=\"https:\/\/ledsolintel.com\/wp-content\/uploads\/2024\/05\/30811-20000940-039-BASTIDOR-4-ELEMENTOS-SERIE-SIMON-270.jpg\" \/>\n\t<meta property=\"og:image:width\" content=\"1\" \/>\n\t<meta property=\"og:image:height\" content=\"1\" \/>\n\t<meta property=\"og:image:type\" content=\"image\/jpeg\" \/>\n<meta name=\"twitter:card\" content=\"summary_large_image\" \/>\n<meta name=\"twitter:site\" content=\"@webmenaje\" \/>\n<script type=\"application\/ld+json\" class=\"yoast-schema-graph\">{\"@context\":\"https:\/\/schema.org\",\"@graph\":[{\"@type\":\"WebPage\",\"@id\":\"https:\/\/ledsolintel.com\/product\/20000940-039-bastidor-4-elementos-serie-simon-270\/\",\"url\":\"https:\/\/ledsolintel.com\/product\/20000940-039-bastidor-4-elementos-serie-simon-270\/\",\"name\":\"20000940-039 BASTIDOR 4 ELEMENTOS SERIE SIMON 270 - Ledsolintel\",\"isPartOf\":{\"@id\":\"https:\/\/ledsolintel.com\/#website\"},\"primaryImageOfPage\":{\"@id\":\"https:\/\/ledsolintel.com\/product\/20000940-039-bastidor-4-elementos-serie-simon-270\/#primaryimage\"},\"image\":{\"@id\":\"https:\/\/ledsolintel.com\/product\/20000940-039-bastidor-4-elementos-serie-simon-270\/#primaryimage\"},\"thumbnailUrl\":\"https:\/\/ledsolintel.com\/wp-content\/uploads\/2024\/05\/30811-20000940-039-BASTIDOR-4-ELEMENTOS-SERIE-SIMON-270.jpg\",\"datePublished\":\"2024-05-23T11:19:24+00:00\",\"breadcrumb\":{\"@id\":\"https:\/\/ledsolintel.com\/product\/20000940-039-bastidor-4-elementos-serie-simon-270\/#breadcrumb\"},\"inLanguage\":\"fr-FR\",\"potentialAction\":[{\"@type\":\"ReadAction\",\"target\":[\"https:\/\/ledsolintel.com\/product\/20000940-039-bastidor-4-elementos-serie-simon-270\/\"]}]},{\"@type\":\"ImageObject\",\"inLanguage\":\"fr-FR\",\"@id\":\"https:\/\/ledsolintel.com\/product\/20000940-039-bastidor-4-elementos-serie-simon-270\/#primaryimage\",\"url\":\"https:\/\/ledsolintel.com\/wp-content\/uploads\/2024\/05\/30811-20000940-039-BASTIDOR-4-ELEMENTOS-SERIE-SIMON-270.jpg\",\"contentUrl\":\"https:\/\/ledsolintel.com\/wp-content\/uploads\/2024\/05\/30811-20000940-039-BASTIDOR-4-ELEMENTOS-SERIE-SIMON-270.jpg\",\"caption\":\"20000940-039 BASTIDOR 4 ELEMENTOS SERIE SIMON 270\"},{\"@type\":\"BreadcrumbList\",\"@id\":\"https:\/\/ledsolintel.com\/product\/20000940-039-bastidor-4-elementos-serie-simon-270\/#breadcrumb\",\"itemListElement\":[{\"@type\":\"ListItem\",\"position\":1,\"name\":\"Portada\",\"item\":\"https:\/\/ledsolintel.com\/fr\/\"},{\"@type\":\"ListItem\",\"position\":2,\"name\":\"Tienda\",\"item\":\"https:\/\/ledsolintel.com\/tienda\/\"},{\"@type\":\"ListItem\",\"position\":3,\"name\":\"20000940-039 BASTIDOR 4 ELEMENTOS SERIE SIMON 270\"}]},{\"@type\":\"WebSite\",\"@id\":\"https:\/\/ledsolintel.com\/#website\",\"url\":\"https:\/\/ledsolintel.com\/\",\"name\":\"Webmenaje\",\"description\":\"Tienda de bombillas y l\u00e1mparas LED para profesionales\",\"publisher\":{\"@id\":\"https:\/\/ledsolintel.com\/#organization\"},\"potentialAction\":[{\"@type\":\"SearchAction\",\"target\":{\"@type\":\"EntryPoint\",\"urlTemplate\":\"https:\/\/ledsolintel.com\/?s={search_term_string}\"},\"query-input\":{\"@type\":\"PropertyValueSpecification\",\"valueRequired\":true,\"valueName\":\"search_term_string\"}}],\"inLanguage\":\"fr-FR\"},{\"@type\":\"Organization\",\"@id\":\"https:\/\/ledsolintel.com\/#organization\",\"name\":\"Solintel Noroeste, S.L.\",\"url\":\"https:\/\/ledsolintel.com\/\",\"logo\":{\"@type\":\"ImageObject\",\"inLanguage\":\"fr-FR\",\"@id\":\"https:\/\/ledsolintel.com\/#\/schema\/logo\/image\/\",\"url\":\"https:\/\/ledsolintel.com\/wp-content\/uploads\/2024\/11\/webmenaje-logo-1508269066.jpg\",\"contentUrl\":\"https:\/\/ledsolintel.com\/wp-content\/uploads\/2024\/11\/webmenaje-logo-1508269066.jpg\",\"width\":370,\"height\":90,\"caption\":\"Solintel Noroeste, S.L.\"},\"image\":{\"@id\":\"https:\/\/ledsolintel.com\/#\/schema\/logo\/image\/\"},\"sameAs\":[\"http:\/\/www.facebook.com\/webmenaje\",\"https:\/\/x.com\/webmenaje\",\"https:\/\/www.youtube.com\/channel\/UCX2KoVoeCG4LocZjUc6LmSQ\",\"http:\/\/www.pinterest.com\/webmenaje\"]}]}<\/script>\n<!-- \/ Yoast SEO plugin. -->","yoast_head_json":{"title":"20000940-039 BASTIDOR 4 ELEMENTOS SERIE SIMON 270 - Ledsolintel","robots":{"index":"index","follow":"follow","max-snippet":"max-snippet:-1","max-image-preview":"max-image-preview:large","max-video-preview":"max-video-preview:-1"},"canonical":"https:\/\/ledsolintel.com\/fr\/produit-2\/20000940-039-bastidor-4-elementos-serie-simon-270\/","og_locale":"fr_FR","og_type":"article","og_title":"20000940-039 BASTIDOR 4 ELEMENTOS SERIE SIMON 270 - Ledsolintel","og_description":"Los bastidores met\u00e1licos m\u00faltiples aseguran una instalaci\u00f3n alineada que garantiza seguridad y robustez. Cuentan con un clipaje f\u00e1cil de instalar, adem\u00e1s de un soporte r\u00edgido para un acabado perfecto sobre la pared.","og_url":"https:\/\/ledsolintel.com\/fr\/produit-2\/20000940-039-bastidor-4-elementos-serie-simon-270\/","og_site_name":"Ledsolintel","article_publisher":"http:\/\/www.facebook.com\/webmenaje","og_image":[{"url":"https:\/\/ledsolintel.com\/wp-content\/uploads\/2024\/05\/30811-20000940-039-BASTIDOR-4-ELEMENTOS-SERIE-SIMON-270.jpg","width":1,"height":1,"type":"image\/jpeg"}],"twitter_card":"summary_large_image","twitter_site":"@webmenaje","schema":{"@context":"https:\/\/schema.org","@graph":[{"@type":"WebPage","@id":"https:\/\/ledsolintel.com\/product\/20000940-039-bastidor-4-elementos-serie-simon-270\/","url":"https:\/\/ledsolintel.com\/product\/20000940-039-bastidor-4-elementos-serie-simon-270\/","name":"20000940-039 BASTIDOR 4 ELEMENTOS SERIE SIMON 270 - Ledsolintel","isPartOf":{"@id":"https:\/\/ledsolintel.com\/#website"},"primaryImageOfPage":{"@id":"https:\/\/ledsolintel.com\/product\/20000940-039-bastidor-4-elementos-serie-simon-270\/#primaryimage"},"image":{"@id":"https:\/\/ledsolintel.com\/product\/20000940-039-bastidor-4-elementos-serie-simon-270\/#primaryimage"},"thumbnailUrl":"https:\/\/ledsolintel.com\/wp-content\/uploads\/2024\/05\/30811-20000940-039-BASTIDOR-4-ELEMENTOS-SERIE-SIMON-270.jpg","datePublished":"2024-05-23T11:19:24+00:00","breadcrumb":{"@id":"https:\/\/ledsolintel.com\/product\/20000940-039-bastidor-4-elementos-serie-simon-270\/#breadcrumb"},"inLanguage":"fr-FR","potentialAction":[{"@type":"ReadAction","target":["https:\/\/ledsolintel.com\/product\/20000940-039-bastidor-4-elementos-serie-simon-270\/"]}]},{"@type":"ImageObject","inLanguage":"fr-FR","@id":"https:\/\/ledsolintel.com\/product\/20000940-039-bastidor-4-elementos-serie-simon-270\/#primaryimage","url":"https:\/\/ledsolintel.com\/wp-content\/uploads\/2024\/05\/30811-20000940-039-BASTIDOR-4-ELEMENTOS-SERIE-SIMON-270.jpg","contentUrl":"https:\/\/ledsolintel.com\/wp-content\/uploads\/2024\/05\/30811-20000940-039-BASTIDOR-4-ELEMENTOS-SERIE-SIMON-270.jpg","caption":"20000940-039 BASTIDOR 4 ELEMENTOS SERIE SIMON 270"},{"@type":"BreadcrumbList","@id":"https:\/\/ledsolintel.com\/product\/20000940-039-bastidor-4-elementos-serie-simon-270\/#breadcrumb","itemListElement":[{"@type":"ListItem","position":1,"name":"Portada","item":"https:\/\/ledsolintel.com\/fr\/"},{"@type":"ListItem","position":2,"name":"Tienda","item":"https:\/\/ledsolintel.com\/tienda\/"},{"@type":"ListItem","position":3,"name":"20000940-039 BASTIDOR 4 ELEMENTOS SERIE SIMON 270"}]},{"@type":"WebSite","@id":"https:\/\/ledsolintel.com\/#website","url":"https:\/\/ledsolintel.com\/","name":"Webmenaje","description":"Magasin d'ampoules et de lampes LED pour les professionnels","publisher":{"@id":"https:\/\/ledsolintel.com\/#organization"},"potentialAction":[{"@type":"SearchAction","target":{"@type":"EntryPoint","urlTemplate":"https:\/\/ledsolintel.com\/?s={search_term_string}"},"query-input":{"@type":"PropertyValueSpecification","valueRequired":true,"valueName":"search_term_string"}}],"inLanguage":"fr-FR"},{"@type":"Organization","@id":"https:\/\/ledsolintel.com\/#organization","name":"Solintel Noroeste, S.L.","url":"https:\/\/ledsolintel.com\/","logo":{"@type":"ImageObject","inLanguage":"fr-FR","@id":"https:\/\/ledsolintel.com\/#\/schema\/logo\/image\/","url":"https:\/\/ledsolintel.com\/wp-content\/uploads\/2024\/11\/webmenaje-logo-1508269066.jpg","contentUrl":"https:\/\/ledsolintel.com\/wp-content\/uploads\/2024\/11\/webmenaje-logo-1508269066.jpg","width":370,"height":90,"caption":"Solintel Noroeste, S.L."},"image":{"@id":"https:\/\/ledsolintel.com\/#\/schema\/logo\/image\/"},"sameAs":["http:\/\/www.facebook.com\/webmenaje","https:\/\/x.com\/webmenaje","https:\/\/www.youtube.com\/channel\/UCX2KoVoeCG4LocZjUc6LmSQ","http:\/\/www.pinterest.com\/webmenaje"]}]}},"_links":{"self":[{"href":"https:\/\/ledsolintel.com\/fr\/wp-json\/wp\/v2\/product\/256263","targetHints":{"allow":["GET"]}}],"collection":[{"href":"https:\/\/ledsolintel.com\/fr\/wp-json\/wp\/v2\/product"}],"about":[{"href":"https:\/\/ledsolintel.com\/fr\/wp-json\/wp\/v2\/types\/product"}],"version-history":[{"count":0,"href":"https:\/\/ledsolintel.com\/fr\/wp-json\/wp\/v2\/product\/256263\/revisions"}],"wp:featuredmedia":[{"embeddable":true,"href":"https:\/\/ledsolintel.com\/fr\/wp-json\/wp\/v2\/media\/256262"}],"wp:attachment":[{"href":"https:\/\/ledsolintel.com\/fr\/wp-json\/wp\/v2\/media?parent=256263"}],"wp:term":[{"taxonomy":"product_brand","embeddable":true,"href":"https:\/\/ledsolintel.com\/fr\/wp-json\/wp\/v2\/product_brand?post=256263"},{"taxonomy":"product_cat","embeddable":true,"href":"https:\/\/ledsolintel.com\/fr\/wp-json\/wp\/v2\/product_cat?post=256263"},{"taxonomy":"product_tag","embeddable":true,"href":"https:\/\/ledsolintel.com\/fr\/wp-json\/wp\/v2\/product_tag?post=256263"}],"curies":[{"name":"wp","href":"https:\/\/api.w.org\/{rel}","templated":true}]}}