{"id":256213,"date":"2024-05-23T13:19:24","date_gmt":"2024-05-23T11:19:24","guid":{"rendered":"https:\/\/nueva.ledsolintel.com\/product\/3320-pulsador-estanco-ip54-solera\/"},"modified":"2024-05-23T13:19:24","modified_gmt":"2024-05-23T11:19:24","slug":"3320-pulsador-estanco-ip54-solera","status":"publish","type":"product","link":"https:\/\/ledsolintel.com\/fr\/produit-2\/3320-pulsador-estanco-ip54-solera\/","title":{"rendered":"3320 BOUTON POUSSOIR \u00c9TANCHE IP54 SOLERA"},"content":{"rendered":"<p>Les m\u00e9canismes \u00e9tanches en surface de Solera sont parfaits pour une utilisation en ext\u00e9rieur : jardins, piscines, parkings, voies publiques, etc. Bouton d'inclinaison. Fixation par vis. Entr\u00e9e pour tuyaux jusqu'\u00e0 \u00d8 20 mm.<\/p>","protected":false},"excerpt":{"rendered":"<p>Les m\u00e9canismes \u00e9tanches en surface de Solera sont parfaits pour une utilisation en ext\u00e9rieur : jardins, piscines, parkings, voies publiques, etc. Bouton d'inclinaison. Fixation par vis. Entr\u00e9e pour tuyaux jusqu'\u00e0 \u00d8 20 mm.<\/p>","protected":false},"featured_media":256212,"template":"","meta":[],"product_brand":[99499],"product_cat":[99601],"product_tag":[],"class_list":{"0":"post-256213","1":"product","2":"type-product","3":"status-publish","4":"has-post-thumbnail","6":"product_brand-solera","7":"product_cat-gyemo","10":"instock","11":"taxable","12":"shipping-taxable","13":"purchasable","14":"product-type-simple"},"yoast_head":"<!-- This site is optimized with the Yoast SEO plugin v26.6 - https:\/\/yoast.com\/wordpress\/plugins\/seo\/ -->\n<title>3320 PULSADOR ESTANCO IP54 SOLERA - Ledsolintel<\/title>\n<meta name=\"robots\" content=\"index, follow, max-snippet:-1, max-image-preview:large, max-video-preview:-1\" \/>\n<link rel=\"canonical\" href=\"https:\/\/ledsolintel.com\/fr\/produit-2\/3320-pulsador-estanco-ip54-solera\/\" \/>\n<meta property=\"og:locale\" content=\"fr_FR\" \/>\n<meta property=\"og:type\" content=\"article\" \/>\n<meta property=\"og:title\" content=\"3320 PULSADOR ESTANCO IP54 SOLERA - Ledsolintel\" \/>\n<meta property=\"og:description\" content=\"Los mecanismos estancos de superficie de Solera, son perfectos para utilizar en exteriores como jard\u00edn, piscina, parking, v\u00eda p\u00fablica, etc. Tecla basculante. Embornamiento por tornillo. Entrada para tubo hasta \u00d8 20 mm\" \/>\n<meta property=\"og:url\" content=\"https:\/\/ledsolintel.com\/fr\/produit-2\/3320-pulsador-estanco-ip54-solera\/\" \/>\n<meta property=\"og:site_name\" content=\"Ledsolintel\" \/>\n<meta property=\"article:publisher\" content=\"http:\/\/www.facebook.com\/webmenaje\" \/>\n<meta property=\"og:image\" content=\"https:\/\/ledsolintel.com\/wp-content\/uploads\/2024\/05\/30780-3320-PULSADOR-ESTANCO-IP54-SOLERA.jpg\" \/>\n\t<meta property=\"og:image:width\" content=\"1\" \/>\n\t<meta property=\"og:image:height\" content=\"1\" \/>\n\t<meta property=\"og:image:type\" content=\"image\/jpeg\" \/>\n<meta name=\"twitter:card\" content=\"summary_large_image\" \/>\n<meta name=\"twitter:site\" content=\"@webmenaje\" \/>\n<script type=\"application\/ld+json\" class=\"yoast-schema-graph\">{\"@context\":\"https:\/\/schema.org\",\"@graph\":[{\"@type\":\"WebPage\",\"@id\":\"https:\/\/ledsolintel.com\/fr\/product\/3320-pulsador-estanco-ip54-solera\/\",\"url\":\"https:\/\/ledsolintel.com\/fr\/product\/3320-pulsador-estanco-ip54-solera\/\",\"name\":\"3320 PULSADOR ESTANCO IP54 SOLERA - Ledsolintel\",\"isPartOf\":{\"@id\":\"https:\/\/ledsolintel.com\/#website\"},\"primaryImageOfPage\":{\"@id\":\"https:\/\/ledsolintel.com\/fr\/product\/3320-pulsador-estanco-ip54-solera\/#primaryimage\"},\"image\":{\"@id\":\"https:\/\/ledsolintel.com\/fr\/product\/3320-pulsador-estanco-ip54-solera\/#primaryimage\"},\"thumbnailUrl\":\"https:\/\/ledsolintel.com\/wp-content\/uploads\/2024\/05\/30780-3320-PULSADOR-ESTANCO-IP54-SOLERA.jpg\",\"datePublished\":\"2024-05-23T11:19:24+00:00\",\"breadcrumb\":{\"@id\":\"https:\/\/ledsolintel.com\/fr\/product\/3320-pulsador-estanco-ip54-solera\/#breadcrumb\"},\"inLanguage\":\"fr-FR\",\"potentialAction\":[{\"@type\":\"ReadAction\",\"target\":[\"https:\/\/ledsolintel.com\/fr\/product\/3320-pulsador-estanco-ip54-solera\/\"]}]},{\"@type\":\"ImageObject\",\"inLanguage\":\"fr-FR\",\"@id\":\"https:\/\/ledsolintel.com\/fr\/product\/3320-pulsador-estanco-ip54-solera\/#primaryimage\",\"url\":\"https:\/\/ledsolintel.com\/wp-content\/uploads\/2024\/05\/30780-3320-PULSADOR-ESTANCO-IP54-SOLERA.jpg\",\"contentUrl\":\"https:\/\/ledsolintel.com\/wp-content\/uploads\/2024\/05\/30780-3320-PULSADOR-ESTANCO-IP54-SOLERA.jpg\",\"caption\":\"3320 PULSADOR ESTANCO IP54 SOLERA\"},{\"@type\":\"BreadcrumbList\",\"@id\":\"https:\/\/ledsolintel.com\/fr\/product\/3320-pulsador-estanco-ip54-solera\/#breadcrumb\",\"itemListElement\":[{\"@type\":\"ListItem\",\"position\":1,\"name\":\"Portada\",\"item\":\"https:\/\/ledsolintel.com\/fr\/\"},{\"@type\":\"ListItem\",\"position\":2,\"name\":\"Tienda\",\"item\":\"https:\/\/ledsolintel.com\/tienda\/\"},{\"@type\":\"ListItem\",\"position\":3,\"name\":\"3320 PULSADOR ESTANCO IP54 SOLERA\"}]},{\"@type\":\"WebSite\",\"@id\":\"https:\/\/ledsolintel.com\/#website\",\"url\":\"https:\/\/ledsolintel.com\/\",\"name\":\"Webmenaje\",\"description\":\"Tienda de bombillas y l\u00e1mparas LED para profesionales\",\"publisher\":{\"@id\":\"https:\/\/ledsolintel.com\/#organization\"},\"potentialAction\":[{\"@type\":\"SearchAction\",\"target\":{\"@type\":\"EntryPoint\",\"urlTemplate\":\"https:\/\/ledsolintel.com\/?s={search_term_string}\"},\"query-input\":{\"@type\":\"PropertyValueSpecification\",\"valueRequired\":true,\"valueName\":\"search_term_string\"}}],\"inLanguage\":\"fr-FR\"},{\"@type\":\"Organization\",\"@id\":\"https:\/\/ledsolintel.com\/#organization\",\"name\":\"Solintel Noroeste, S.L.\",\"url\":\"https:\/\/ledsolintel.com\/\",\"logo\":{\"@type\":\"ImageObject\",\"inLanguage\":\"fr-FR\",\"@id\":\"https:\/\/ledsolintel.com\/#\/schema\/logo\/image\/\",\"url\":\"https:\/\/ledsolintel.com\/wp-content\/uploads\/2024\/11\/webmenaje-logo-1508269066.jpg\",\"contentUrl\":\"https:\/\/ledsolintel.com\/wp-content\/uploads\/2024\/11\/webmenaje-logo-1508269066.jpg\",\"width\":370,\"height\":90,\"caption\":\"Solintel Noroeste, S.L.\"},\"image\":{\"@id\":\"https:\/\/ledsolintel.com\/#\/schema\/logo\/image\/\"},\"sameAs\":[\"http:\/\/www.facebook.com\/webmenaje\",\"https:\/\/x.com\/webmenaje\",\"https:\/\/www.youtube.com\/channel\/UCX2KoVoeCG4LocZjUc6LmSQ\",\"http:\/\/www.pinterest.com\/webmenaje\"]}]}<\/script>\n<!-- \/ Yoast SEO plugin. -->","yoast_head_json":{"title":"3320 PULSADOR ESTANCO IP54 SOLERA - Ledsolintel","robots":{"index":"index","follow":"follow","max-snippet":"max-snippet:-1","max-image-preview":"max-image-preview:large","max-video-preview":"max-video-preview:-1"},"canonical":"https:\/\/ledsolintel.com\/fr\/produit-2\/3320-pulsador-estanco-ip54-solera\/","og_locale":"fr_FR","og_type":"article","og_title":"3320 PULSADOR ESTANCO IP54 SOLERA - Ledsolintel","og_description":"Los mecanismos estancos de superficie de Solera, son perfectos para utilizar en exteriores como jard\u00edn, piscina, parking, v\u00eda p\u00fablica, etc. Tecla basculante. Embornamiento por tornillo. Entrada para tubo hasta \u00d8 20 mm","og_url":"https:\/\/ledsolintel.com\/fr\/produit-2\/3320-pulsador-estanco-ip54-solera\/","og_site_name":"Ledsolintel","article_publisher":"http:\/\/www.facebook.com\/webmenaje","og_image":[{"url":"https:\/\/ledsolintel.com\/wp-content\/uploads\/2024\/05\/30780-3320-PULSADOR-ESTANCO-IP54-SOLERA.jpg","width":1,"height":1,"type":"image\/jpeg"}],"twitter_card":"summary_large_image","twitter_site":"@webmenaje","schema":{"@context":"https:\/\/schema.org","@graph":[{"@type":"WebPage","@id":"https:\/\/ledsolintel.com\/fr\/product\/3320-pulsador-estanco-ip54-solera\/","url":"https:\/\/ledsolintel.com\/fr\/product\/3320-pulsador-estanco-ip54-solera\/","name":"3320 PULSADOR ESTANCO IP54 SOLERA - Ledsolintel","isPartOf":{"@id":"https:\/\/ledsolintel.com\/#website"},"primaryImageOfPage":{"@id":"https:\/\/ledsolintel.com\/fr\/product\/3320-pulsador-estanco-ip54-solera\/#primaryimage"},"image":{"@id":"https:\/\/ledsolintel.com\/fr\/product\/3320-pulsador-estanco-ip54-solera\/#primaryimage"},"thumbnailUrl":"https:\/\/ledsolintel.com\/wp-content\/uploads\/2024\/05\/30780-3320-PULSADOR-ESTANCO-IP54-SOLERA.jpg","datePublished":"2024-05-23T11:19:24+00:00","breadcrumb":{"@id":"https:\/\/ledsolintel.com\/fr\/product\/3320-pulsador-estanco-ip54-solera\/#breadcrumb"},"inLanguage":"fr-FR","potentialAction":[{"@type":"ReadAction","target":["https:\/\/ledsolintel.com\/fr\/product\/3320-pulsador-estanco-ip54-solera\/"]}]},{"@type":"ImageObject","inLanguage":"fr-FR","@id":"https:\/\/ledsolintel.com\/fr\/product\/3320-pulsador-estanco-ip54-solera\/#primaryimage","url":"https:\/\/ledsolintel.com\/wp-content\/uploads\/2024\/05\/30780-3320-PULSADOR-ESTANCO-IP54-SOLERA.jpg","contentUrl":"https:\/\/ledsolintel.com\/wp-content\/uploads\/2024\/05\/30780-3320-PULSADOR-ESTANCO-IP54-SOLERA.jpg","caption":"3320 PULSADOR ESTANCO IP54 SOLERA"},{"@type":"BreadcrumbList","@id":"https:\/\/ledsolintel.com\/fr\/product\/3320-pulsador-estanco-ip54-solera\/#breadcrumb","itemListElement":[{"@type":"ListItem","position":1,"name":"Portada","item":"https:\/\/ledsolintel.com\/fr\/"},{"@type":"ListItem","position":2,"name":"Tienda","item":"https:\/\/ledsolintel.com\/tienda\/"},{"@type":"ListItem","position":3,"name":"3320 PULSADOR ESTANCO IP54 SOLERA"}]},{"@type":"WebSite","@id":"https:\/\/ledsolintel.com\/#website","url":"https:\/\/ledsolintel.com\/","name":"Webmenaje","description":"Magasin d'ampoules et de lampes LED pour les professionnels","publisher":{"@id":"https:\/\/ledsolintel.com\/#organization"},"potentialAction":[{"@type":"SearchAction","target":{"@type":"EntryPoint","urlTemplate":"https:\/\/ledsolintel.com\/?s={search_term_string}"},"query-input":{"@type":"PropertyValueSpecification","valueRequired":true,"valueName":"search_term_string"}}],"inLanguage":"fr-FR"},{"@type":"Organization","@id":"https:\/\/ledsolintel.com\/#organization","name":"Solintel Noroeste, S.L.","url":"https:\/\/ledsolintel.com\/","logo":{"@type":"ImageObject","inLanguage":"fr-FR","@id":"https:\/\/ledsolintel.com\/#\/schema\/logo\/image\/","url":"https:\/\/ledsolintel.com\/wp-content\/uploads\/2024\/11\/webmenaje-logo-1508269066.jpg","contentUrl":"https:\/\/ledsolintel.com\/wp-content\/uploads\/2024\/11\/webmenaje-logo-1508269066.jpg","width":370,"height":90,"caption":"Solintel Noroeste, S.L."},"image":{"@id":"https:\/\/ledsolintel.com\/#\/schema\/logo\/image\/"},"sameAs":["http:\/\/www.facebook.com\/webmenaje","https:\/\/x.com\/webmenaje","https:\/\/www.youtube.com\/channel\/UCX2KoVoeCG4LocZjUc6LmSQ","http:\/\/www.pinterest.com\/webmenaje"]}]}},"_links":{"self":[{"href":"https:\/\/ledsolintel.com\/fr\/wp-json\/wp\/v2\/product\/256213","targetHints":{"allow":["GET"]}}],"collection":[{"href":"https:\/\/ledsolintel.com\/fr\/wp-json\/wp\/v2\/product"}],"about":[{"href":"https:\/\/ledsolintel.com\/fr\/wp-json\/wp\/v2\/types\/product"}],"version-history":[{"count":0,"href":"https:\/\/ledsolintel.com\/fr\/wp-json\/wp\/v2\/product\/256213\/revisions"}],"wp:featuredmedia":[{"embeddable":true,"href":"https:\/\/ledsolintel.com\/fr\/wp-json\/wp\/v2\/media\/256212"}],"wp:attachment":[{"href":"https:\/\/ledsolintel.com\/fr\/wp-json\/wp\/v2\/media?parent=256213"}],"wp:term":[{"taxonomy":"product_brand","embeddable":true,"href":"https:\/\/ledsolintel.com\/fr\/wp-json\/wp\/v2\/product_brand?post=256213"},{"taxonomy":"product_cat","embeddable":true,"href":"https:\/\/ledsolintel.com\/fr\/wp-json\/wp\/v2\/product_cat?post=256213"},{"taxonomy":"product_tag","embeddable":true,"href":"https:\/\/ledsolintel.com\/fr\/wp-json\/wp\/v2\/product_tag?post=256213"}],"curies":[{"name":"wp","href":"https:\/\/api.w.org\/{rel}","templated":true}]}}