{"id":255643,"date":"2024-05-23T12:01:54","date_gmt":"2024-05-23T10:01:54","guid":{"rendered":"https:\/\/nueva.ledsolintel.com\/product\/erp04ilu-pulsador-luz-luminoso-blanco-serie-europa\/"},"modified":"2024-05-23T12:01:54","modified_gmt":"2024-05-23T10:01:54","slug":"erp04ilu-pulsador-luz-luminoso-blanco-serie-europa","status":"publish","type":"product","link":"https:\/\/ledsolintel.com\/fr\/produit-2\/erp04ilu-pulsador-luz-luminoso-blanco-serie-europa\/","title":{"rendered":"ERP04ILU BOUTON POUSSOIR LUMINEUX BLANC S\u00c9RIE EUROPA"},"content":{"rendered":"<p>Contacts en argent \u00e0 haut pouvoir de coupure. Serrage par vis. M\u00e9canisme complet.<\/p>","protected":false},"excerpt":{"rendered":"<p>Contacts en argent \u00e0 haut pouvoir de coupure. Serrage par vis. M\u00e9canisme complet.<\/p>","protected":false},"featured_media":255642,"template":"","meta":[],"product_brand":[99499],"product_cat":[99601],"product_tag":[],"class_list":{"0":"post-255643","1":"product","2":"type-product","3":"status-publish","4":"has-post-thumbnail","6":"product_brand-solera","7":"product_cat-gyemo","10":"instock","11":"taxable","12":"shipping-taxable","13":"purchasable","14":"product-type-simple"},"yoast_head":"<!-- This site is optimized with the Yoast SEO plugin v26.6 - https:\/\/yoast.com\/wordpress\/plugins\/seo\/ -->\n<title>ERP04ILU PULSADOR LUZ LUMINOSO BLANCO SERIE EUROPA - Ledsolintel<\/title>\n<meta name=\"robots\" content=\"index, follow, max-snippet:-1, max-image-preview:large, max-video-preview:-1\" \/>\n<link rel=\"canonical\" href=\"https:\/\/ledsolintel.com\/fr\/produit-2\/erp04ilu-pulsador-luz-luminoso-blanco-serie-europa\/\" \/>\n<meta property=\"og:locale\" content=\"fr_FR\" \/>\n<meta property=\"og:type\" content=\"article\" \/>\n<meta property=\"og:title\" content=\"ERP04ILU PULSADOR LUZ LUMINOSO BLANCO SERIE EUROPA - Ledsolintel\" \/>\n<meta property=\"og:description\" content=\"Contactos de plata de alto poder de ruptura. Embornamiento por tornillo. Mecanismo completo.\" \/>\n<meta property=\"og:url\" content=\"https:\/\/ledsolintel.com\/fr\/produit-2\/erp04ilu-pulsador-luz-luminoso-blanco-serie-europa\/\" \/>\n<meta property=\"og:site_name\" content=\"Ledsolintel\" \/>\n<meta property=\"article:publisher\" content=\"http:\/\/www.facebook.com\/webmenaje\" \/>\n<meta property=\"og:image\" content=\"https:\/\/ledsolintel.com\/wp-content\/uploads\/2024\/05\/30399-ERP04ILU-PULSADOR-LUZ-LUMINOSO-BLANCO-SERIE-EUROPA.jpg\" \/>\n\t<meta property=\"og:image:width\" content=\"1\" \/>\n\t<meta property=\"og:image:height\" content=\"1\" \/>\n\t<meta property=\"og:image:type\" content=\"image\/jpeg\" \/>\n<meta name=\"twitter:card\" content=\"summary_large_image\" \/>\n<meta name=\"twitter:site\" content=\"@webmenaje\" \/>\n<script type=\"application\/ld+json\" class=\"yoast-schema-graph\">{\"@context\":\"https:\/\/schema.org\",\"@graph\":[{\"@type\":\"WebPage\",\"@id\":\"https:\/\/ledsolintel.com\/product\/erp04ilu-pulsador-luz-luminoso-blanco-serie-europa\/\",\"url\":\"https:\/\/ledsolintel.com\/product\/erp04ilu-pulsador-luz-luminoso-blanco-serie-europa\/\",\"name\":\"ERP04ILU PULSADOR LUZ LUMINOSO BLANCO SERIE EUROPA - Ledsolintel\",\"isPartOf\":{\"@id\":\"https:\/\/ledsolintel.com\/#website\"},\"primaryImageOfPage\":{\"@id\":\"https:\/\/ledsolintel.com\/product\/erp04ilu-pulsador-luz-luminoso-blanco-serie-europa\/#primaryimage\"},\"image\":{\"@id\":\"https:\/\/ledsolintel.com\/product\/erp04ilu-pulsador-luz-luminoso-blanco-serie-europa\/#primaryimage\"},\"thumbnailUrl\":\"https:\/\/ledsolintel.com\/wp-content\/uploads\/2024\/05\/30399-ERP04ILU-PULSADOR-LUZ-LUMINOSO-BLANCO-SERIE-EUROPA.jpg\",\"datePublished\":\"2024-05-23T10:01:54+00:00\",\"breadcrumb\":{\"@id\":\"https:\/\/ledsolintel.com\/product\/erp04ilu-pulsador-luz-luminoso-blanco-serie-europa\/#breadcrumb\"},\"inLanguage\":\"fr-FR\",\"potentialAction\":[{\"@type\":\"ReadAction\",\"target\":[\"https:\/\/ledsolintel.com\/product\/erp04ilu-pulsador-luz-luminoso-blanco-serie-europa\/\"]}]},{\"@type\":\"ImageObject\",\"inLanguage\":\"fr-FR\",\"@id\":\"https:\/\/ledsolintel.com\/product\/erp04ilu-pulsador-luz-luminoso-blanco-serie-europa\/#primaryimage\",\"url\":\"https:\/\/ledsolintel.com\/wp-content\/uploads\/2024\/05\/30399-ERP04ILU-PULSADOR-LUZ-LUMINOSO-BLANCO-SERIE-EUROPA.jpg\",\"contentUrl\":\"https:\/\/ledsolintel.com\/wp-content\/uploads\/2024\/05\/30399-ERP04ILU-PULSADOR-LUZ-LUMINOSO-BLANCO-SERIE-EUROPA.jpg\",\"caption\":\"ERP04ILU PULSADOR LUZ LUMINOSO BLANCO SERIE EUROPA\"},{\"@type\":\"BreadcrumbList\",\"@id\":\"https:\/\/ledsolintel.com\/product\/erp04ilu-pulsador-luz-luminoso-blanco-serie-europa\/#breadcrumb\",\"itemListElement\":[{\"@type\":\"ListItem\",\"position\":1,\"name\":\"Portada\",\"item\":\"https:\/\/ledsolintel.com\/fr\/\"},{\"@type\":\"ListItem\",\"position\":2,\"name\":\"Tienda\",\"item\":\"https:\/\/ledsolintel.com\/tienda\/\"},{\"@type\":\"ListItem\",\"position\":3,\"name\":\"ERP04ILU PULSADOR LUZ LUMINOSO BLANCO SERIE EUROPA\"}]},{\"@type\":\"WebSite\",\"@id\":\"https:\/\/ledsolintel.com\/#website\",\"url\":\"https:\/\/ledsolintel.com\/\",\"name\":\"Webmenaje\",\"description\":\"Tienda de bombillas y l\u00e1mparas LED para profesionales\",\"publisher\":{\"@id\":\"https:\/\/ledsolintel.com\/#organization\"},\"potentialAction\":[{\"@type\":\"SearchAction\",\"target\":{\"@type\":\"EntryPoint\",\"urlTemplate\":\"https:\/\/ledsolintel.com\/?s={search_term_string}\"},\"query-input\":{\"@type\":\"PropertyValueSpecification\",\"valueRequired\":true,\"valueName\":\"search_term_string\"}}],\"inLanguage\":\"fr-FR\"},{\"@type\":\"Organization\",\"@id\":\"https:\/\/ledsolintel.com\/#organization\",\"name\":\"Solintel Noroeste, S.L.\",\"url\":\"https:\/\/ledsolintel.com\/\",\"logo\":{\"@type\":\"ImageObject\",\"inLanguage\":\"fr-FR\",\"@id\":\"https:\/\/ledsolintel.com\/#\/schema\/logo\/image\/\",\"url\":\"https:\/\/ledsolintel.com\/wp-content\/uploads\/2024\/11\/webmenaje-logo-1508269066.jpg\",\"contentUrl\":\"https:\/\/ledsolintel.com\/wp-content\/uploads\/2024\/11\/webmenaje-logo-1508269066.jpg\",\"width\":370,\"height\":90,\"caption\":\"Solintel Noroeste, S.L.\"},\"image\":{\"@id\":\"https:\/\/ledsolintel.com\/#\/schema\/logo\/image\/\"},\"sameAs\":[\"http:\/\/www.facebook.com\/webmenaje\",\"https:\/\/x.com\/webmenaje\",\"https:\/\/www.youtube.com\/channel\/UCX2KoVoeCG4LocZjUc6LmSQ\",\"http:\/\/www.pinterest.com\/webmenaje\"]}]}<\/script>\n<!-- \/ Yoast SEO plugin. -->","yoast_head_json":{"title":"ERP04ILU PULSADOR LUZ LUMINOSO BLANCO SERIE EUROPA - Ledsolintel","robots":{"index":"index","follow":"follow","max-snippet":"max-snippet:-1","max-image-preview":"max-image-preview:large","max-video-preview":"max-video-preview:-1"},"canonical":"https:\/\/ledsolintel.com\/fr\/produit-2\/erp04ilu-pulsador-luz-luminoso-blanco-serie-europa\/","og_locale":"fr_FR","og_type":"article","og_title":"ERP04ILU PULSADOR LUZ LUMINOSO BLANCO SERIE EUROPA - Ledsolintel","og_description":"Contactos de plata de alto poder de ruptura. Embornamiento por tornillo. Mecanismo completo.","og_url":"https:\/\/ledsolintel.com\/fr\/produit-2\/erp04ilu-pulsador-luz-luminoso-blanco-serie-europa\/","og_site_name":"Ledsolintel","article_publisher":"http:\/\/www.facebook.com\/webmenaje","og_image":[{"url":"https:\/\/ledsolintel.com\/wp-content\/uploads\/2024\/05\/30399-ERP04ILU-PULSADOR-LUZ-LUMINOSO-BLANCO-SERIE-EUROPA.jpg","width":1,"height":1,"type":"image\/jpeg"}],"twitter_card":"summary_large_image","twitter_site":"@webmenaje","schema":{"@context":"https:\/\/schema.org","@graph":[{"@type":"WebPage","@id":"https:\/\/ledsolintel.com\/product\/erp04ilu-pulsador-luz-luminoso-blanco-serie-europa\/","url":"https:\/\/ledsolintel.com\/product\/erp04ilu-pulsador-luz-luminoso-blanco-serie-europa\/","name":"ERP04ILU PULSADOR LUZ LUMINOSO BLANCO SERIE EUROPA - Ledsolintel","isPartOf":{"@id":"https:\/\/ledsolintel.com\/#website"},"primaryImageOfPage":{"@id":"https:\/\/ledsolintel.com\/product\/erp04ilu-pulsador-luz-luminoso-blanco-serie-europa\/#primaryimage"},"image":{"@id":"https:\/\/ledsolintel.com\/product\/erp04ilu-pulsador-luz-luminoso-blanco-serie-europa\/#primaryimage"},"thumbnailUrl":"https:\/\/ledsolintel.com\/wp-content\/uploads\/2024\/05\/30399-ERP04ILU-PULSADOR-LUZ-LUMINOSO-BLANCO-SERIE-EUROPA.jpg","datePublished":"2024-05-23T10:01:54+00:00","breadcrumb":{"@id":"https:\/\/ledsolintel.com\/product\/erp04ilu-pulsador-luz-luminoso-blanco-serie-europa\/#breadcrumb"},"inLanguage":"fr-FR","potentialAction":[{"@type":"ReadAction","target":["https:\/\/ledsolintel.com\/product\/erp04ilu-pulsador-luz-luminoso-blanco-serie-europa\/"]}]},{"@type":"ImageObject","inLanguage":"fr-FR","@id":"https:\/\/ledsolintel.com\/product\/erp04ilu-pulsador-luz-luminoso-blanco-serie-europa\/#primaryimage","url":"https:\/\/ledsolintel.com\/wp-content\/uploads\/2024\/05\/30399-ERP04ILU-PULSADOR-LUZ-LUMINOSO-BLANCO-SERIE-EUROPA.jpg","contentUrl":"https:\/\/ledsolintel.com\/wp-content\/uploads\/2024\/05\/30399-ERP04ILU-PULSADOR-LUZ-LUMINOSO-BLANCO-SERIE-EUROPA.jpg","caption":"ERP04ILU PULSADOR LUZ LUMINOSO BLANCO SERIE EUROPA"},{"@type":"BreadcrumbList","@id":"https:\/\/ledsolintel.com\/product\/erp04ilu-pulsador-luz-luminoso-blanco-serie-europa\/#breadcrumb","itemListElement":[{"@type":"ListItem","position":1,"name":"Portada","item":"https:\/\/ledsolintel.com\/fr\/"},{"@type":"ListItem","position":2,"name":"Tienda","item":"https:\/\/ledsolintel.com\/tienda\/"},{"@type":"ListItem","position":3,"name":"ERP04ILU PULSADOR LUZ LUMINOSO BLANCO SERIE EUROPA"}]},{"@type":"WebSite","@id":"https:\/\/ledsolintel.com\/#website","url":"https:\/\/ledsolintel.com\/","name":"Webmenaje","description":"Magasin d'ampoules et de lampes LED pour les professionnels","publisher":{"@id":"https:\/\/ledsolintel.com\/#organization"},"potentialAction":[{"@type":"SearchAction","target":{"@type":"EntryPoint","urlTemplate":"https:\/\/ledsolintel.com\/?s={search_term_string}"},"query-input":{"@type":"PropertyValueSpecification","valueRequired":true,"valueName":"search_term_string"}}],"inLanguage":"fr-FR"},{"@type":"Organization","@id":"https:\/\/ledsolintel.com\/#organization","name":"Solintel Noroeste, S.L.","url":"https:\/\/ledsolintel.com\/","logo":{"@type":"ImageObject","inLanguage":"fr-FR","@id":"https:\/\/ledsolintel.com\/#\/schema\/logo\/image\/","url":"https:\/\/ledsolintel.com\/wp-content\/uploads\/2024\/11\/webmenaje-logo-1508269066.jpg","contentUrl":"https:\/\/ledsolintel.com\/wp-content\/uploads\/2024\/11\/webmenaje-logo-1508269066.jpg","width":370,"height":90,"caption":"Solintel Noroeste, S.L."},"image":{"@id":"https:\/\/ledsolintel.com\/#\/schema\/logo\/image\/"},"sameAs":["http:\/\/www.facebook.com\/webmenaje","https:\/\/x.com\/webmenaje","https:\/\/www.youtube.com\/channel\/UCX2KoVoeCG4LocZjUc6LmSQ","http:\/\/www.pinterest.com\/webmenaje"]}]}},"_links":{"self":[{"href":"https:\/\/ledsolintel.com\/fr\/wp-json\/wp\/v2\/product\/255643","targetHints":{"allow":["GET"]}}],"collection":[{"href":"https:\/\/ledsolintel.com\/fr\/wp-json\/wp\/v2\/product"}],"about":[{"href":"https:\/\/ledsolintel.com\/fr\/wp-json\/wp\/v2\/types\/product"}],"version-history":[{"count":0,"href":"https:\/\/ledsolintel.com\/fr\/wp-json\/wp\/v2\/product\/255643\/revisions"}],"wp:featuredmedia":[{"embeddable":true,"href":"https:\/\/ledsolintel.com\/fr\/wp-json\/wp\/v2\/media\/255642"}],"wp:attachment":[{"href":"https:\/\/ledsolintel.com\/fr\/wp-json\/wp\/v2\/media?parent=255643"}],"wp:term":[{"taxonomy":"product_brand","embeddable":true,"href":"https:\/\/ledsolintel.com\/fr\/wp-json\/wp\/v2\/product_brand?post=255643"},{"taxonomy":"product_cat","embeddable":true,"href":"https:\/\/ledsolintel.com\/fr\/wp-json\/wp\/v2\/product_cat?post=255643"},{"taxonomy":"product_tag","embeddable":true,"href":"https:\/\/ledsolintel.com\/fr\/wp-json\/wp\/v2\/product_tag?post=255643"}],"curies":[{"name":"wp","href":"https:\/\/api.w.org\/{rel}","templated":true}]}}