{"id":255057,"date":"2024-05-23T12:01:54","date_gmt":"2024-05-23T10:01:54","guid":{"rendered":"https:\/\/nueva.ledsolintel.com\/product\/5362gw-caja-p-tabique-hueco-c-bridas-107x107x45mm\/"},"modified":"2024-05-23T12:01:54","modified_gmt":"2024-05-23T10:01:54","slug":"5362gw-caja-p-tabique-hueco-c-bridas-107x107x45mm","status":"publish","type":"product","link":"https:\/\/ledsolintel.com\/fr\/produit-2\/5362gw-caja-p-tabique-hueco-c-bridas-107x107x45mm\/","title":{"rendered":"5362GW BO\u00ceTE POUR PERCAGE BO\u00ceTE AVEC PONTS 107x107x45mm"},"content":{"rendered":"<p>Couvercle avec vis. \u0152illets pour la fixation des tubes avec une bride. Syst\u00e8me de marquage du trou dans la cloison. Mat\u00e9riau flexible. Grand nombre d'entr\u00e9es de tubes. Couvercle avec affleurement p\u00e9rim\u00e9tral. Brides avec syst\u00e8me anti-rotation. Directives : 2014\/35\/EU (DBT) et<\/p>","protected":false},"excerpt":{"rendered":"<p>Couvercle avec vis. \u0152illets pour la fixation des tubes avec une bride. Syst\u00e8me de marquage du trou dans la cloison. Mat\u00e9riau flexible. Grand nombre d'entr\u00e9es de tubes. Couvercle avec affleurement p\u00e9rim\u00e9tral. Brides avec syst\u00e8me anti-rotation. Directives : 2014\/35\/EU (DBT) et<\/p>","protected":false},"featured_media":255055,"template":"","meta":[],"product_brand":[99499],"product_cat":[99769,100065,99601,99617],"product_tag":[],"class_list":{"0":"post-255057","1":"product","2":"type-product","3":"status-publish","4":"has-post-thumbnail","6":"product_brand-solera","7":"product_cat-cajas-instalacion","8":"product_cat-cajas-serie-blue","9":"product_cat-gyemo","10":"product_cat-material-electrico","13":"instock","14":"taxable","15":"shipping-taxable","16":"purchasable","17":"product-type-simple"},"yoast_head":"<!-- This site is optimized with the Yoast SEO plugin v27.4 - https:\/\/yoast.com\/product\/yoast-seo-wordpress\/ -->\n<title>5362GW CAJA P\/TABIQUE HUECO C\/BRIDAS 107x107x45mm - Ledsolintel<\/title>\n<meta name=\"robots\" content=\"index, follow, max-snippet:-1, max-image-preview:large, max-video-preview:-1\" \/>\n<link rel=\"canonical\" href=\"https:\/\/ledsolintel.com\/fr\/produit-2\/5362gw-caja-p-tabique-hueco-c-bridas-107x107x45mm\/\" \/>\n<meta property=\"og:locale\" content=\"fr_FR\" \/>\n<meta property=\"og:type\" content=\"article\" \/>\n<meta property=\"og:title\" content=\"5362GW CAJA P\/TABIQUE HUECO C\/BRIDAS 107x107x45mm - Ledsolintel\" \/>\n<meta property=\"og:description\" content=\"Tapa con tornillos. Ojales para fijar los tubos con una brida. Sistema para marcar el hueco en el tabique. Material flexible. Gran cantidad de entradas para tubo. Tapa con rasante perimetral. Bridas con sistema antirotaci\u00f3n. Directivas: 2014\/35\/UE (DBT) y\" \/>\n<meta property=\"og:url\" content=\"https:\/\/ledsolintel.com\/fr\/produit-2\/5362gw-caja-p-tabique-hueco-c-bridas-107x107x45mm\/\" \/>\n<meta property=\"og:site_name\" content=\"Ledsolintel\" \/>\n<meta property=\"article:publisher\" content=\"http:\/\/www.facebook.com\/webmenaje\" \/>\n<meta property=\"og:image\" content=\"https:\/\/ledsolintel.com\/wp-content\/uploads\/2024\/05\/29991-5362GW-CAJA-PTABIQUE-HUECO-CBRIDAS-107x107x45mm.jpg\" \/>\n\t<meta property=\"og:image:width\" content=\"1\" \/>\n\t<meta property=\"og:image:height\" content=\"1\" \/>\n\t<meta property=\"og:image:type\" content=\"image\/jpeg\" \/>\n<meta name=\"twitter:card\" content=\"summary_large_image\" \/>\n<meta name=\"twitter:site\" content=\"@webmenaje\" \/>\n<script type=\"application\/ld+json\" class=\"yoast-schema-graph\">{\"@context\":\"https:\\\/\\\/schema.org\",\"@graph\":[{\"@type\":\"WebPage\",\"@id\":\"https:\\\/\\\/ledsolintel.com\\\/product\\\/5362gw-caja-p-tabique-hueco-c-bridas-107x107x45mm\\\/\",\"url\":\"https:\\\/\\\/ledsolintel.com\\\/product\\\/5362gw-caja-p-tabique-hueco-c-bridas-107x107x45mm\\\/\",\"name\":\"5362GW CAJA P\\\/TABIQUE HUECO C\\\/BRIDAS 107x107x45mm - Ledsolintel\",\"isPartOf\":{\"@id\":\"https:\\\/\\\/ledsolintel.com\\\/#website\"},\"primaryImageOfPage\":{\"@id\":\"https:\\\/\\\/ledsolintel.com\\\/product\\\/5362gw-caja-p-tabique-hueco-c-bridas-107x107x45mm\\\/#primaryimage\"},\"image\":{\"@id\":\"https:\\\/\\\/ledsolintel.com\\\/product\\\/5362gw-caja-p-tabique-hueco-c-bridas-107x107x45mm\\\/#primaryimage\"},\"thumbnailUrl\":\"https:\\\/\\\/ledsolintel.com\\\/wp-content\\\/uploads\\\/2024\\\/05\\\/29991-5362GW-CAJA-PTABIQUE-HUECO-CBRIDAS-107x107x45mm.jpg\",\"datePublished\":\"2024-05-23T10:01:54+00:00\",\"breadcrumb\":{\"@id\":\"https:\\\/\\\/ledsolintel.com\\\/product\\\/5362gw-caja-p-tabique-hueco-c-bridas-107x107x45mm\\\/#breadcrumb\"},\"inLanguage\":\"fr-FR\",\"potentialAction\":[{\"@type\":\"ReadAction\",\"target\":[\"https:\\\/\\\/ledsolintel.com\\\/product\\\/5362gw-caja-p-tabique-hueco-c-bridas-107x107x45mm\\\/\"]}]},{\"@type\":\"ImageObject\",\"inLanguage\":\"fr-FR\",\"@id\":\"https:\\\/\\\/ledsolintel.com\\\/product\\\/5362gw-caja-p-tabique-hueco-c-bridas-107x107x45mm\\\/#primaryimage\",\"url\":\"https:\\\/\\\/ledsolintel.com\\\/wp-content\\\/uploads\\\/2024\\\/05\\\/29991-5362GW-CAJA-PTABIQUE-HUECO-CBRIDAS-107x107x45mm.jpg\",\"contentUrl\":\"https:\\\/\\\/ledsolintel.com\\\/wp-content\\\/uploads\\\/2024\\\/05\\\/29991-5362GW-CAJA-PTABIQUE-HUECO-CBRIDAS-107x107x45mm.jpg\",\"caption\":\"5362GW CAJA P\\\/TABIQUE HUECO C\\\/BRIDAS 107x107x45mm\"},{\"@type\":\"BreadcrumbList\",\"@id\":\"https:\\\/\\\/ledsolintel.com\\\/product\\\/5362gw-caja-p-tabique-hueco-c-bridas-107x107x45mm\\\/#breadcrumb\",\"itemListElement\":[{\"@type\":\"ListItem\",\"position\":1,\"name\":\"Portada\",\"item\":\"https:\\\/\\\/ledsolintel.com\\\/fr\\\/\"},{\"@type\":\"ListItem\",\"position\":2,\"name\":\"Tienda\",\"item\":\"https:\\\/\\\/ledsolintel.com\\\/tienda\\\/\"},{\"@type\":\"ListItem\",\"position\":3,\"name\":\"5362GW CAJA P\\\/TABIQUE HUECO C\\\/BRIDAS 107x107x45mm\"}]},{\"@type\":\"WebSite\",\"@id\":\"https:\\\/\\\/ledsolintel.com\\\/#website\",\"url\":\"https:\\\/\\\/ledsolintel.com\\\/\",\"name\":\"Webmenaje\",\"description\":\"Tienda de bombillas y l\u00e1mparas LED para profesionales\",\"publisher\":{\"@id\":\"https:\\\/\\\/ledsolintel.com\\\/#organization\"},\"potentialAction\":[{\"@type\":\"SearchAction\",\"target\":{\"@type\":\"EntryPoint\",\"urlTemplate\":\"https:\\\/\\\/ledsolintel.com\\\/?s={search_term_string}\"},\"query-input\":{\"@type\":\"PropertyValueSpecification\",\"valueRequired\":true,\"valueName\":\"search_term_string\"}}],\"inLanguage\":\"fr-FR\"},{\"@type\":\"Organization\",\"@id\":\"https:\\\/\\\/ledsolintel.com\\\/#organization\",\"name\":\"Solintel Noroeste, S.L.\",\"url\":\"https:\\\/\\\/ledsolintel.com\\\/\",\"logo\":{\"@type\":\"ImageObject\",\"inLanguage\":\"fr-FR\",\"@id\":\"https:\\\/\\\/ledsolintel.com\\\/#\\\/schema\\\/logo\\\/image\\\/\",\"url\":\"https:\\\/\\\/ledsolintel.com\\\/wp-content\\\/uploads\\\/2024\\\/11\\\/webmenaje-logo-1508269066.jpg\",\"contentUrl\":\"https:\\\/\\\/ledsolintel.com\\\/wp-content\\\/uploads\\\/2024\\\/11\\\/webmenaje-logo-1508269066.jpg\",\"width\":370,\"height\":90,\"caption\":\"Solintel Noroeste, S.L.\"},\"image\":{\"@id\":\"https:\\\/\\\/ledsolintel.com\\\/#\\\/schema\\\/logo\\\/image\\\/\"},\"sameAs\":[\"http:\\\/\\\/www.facebook.com\\\/webmenaje\",\"https:\\\/\\\/x.com\\\/webmenaje\",\"https:\\\/\\\/www.youtube.com\\\/channel\\\/UCX2KoVoeCG4LocZjUc6LmSQ\",\"http:\\\/\\\/www.pinterest.com\\\/webmenaje\"]}]}<\/script>\n<!-- \/ Yoast SEO plugin. -->","yoast_head_json":{"title":"5362GW CAJA P\/TABIQUE HUECO C\/BRIDAS 107x107x45mm - Ledsolintel","robots":{"index":"index","follow":"follow","max-snippet":"max-snippet:-1","max-image-preview":"max-image-preview:large","max-video-preview":"max-video-preview:-1"},"canonical":"https:\/\/ledsolintel.com\/fr\/produit-2\/5362gw-caja-p-tabique-hueco-c-bridas-107x107x45mm\/","og_locale":"fr_FR","og_type":"article","og_title":"5362GW CAJA P\/TABIQUE HUECO C\/BRIDAS 107x107x45mm - Ledsolintel","og_description":"Tapa con tornillos. Ojales para fijar los tubos con una brida. Sistema para marcar el hueco en el tabique. Material flexible. Gran cantidad de entradas para tubo. Tapa con rasante perimetral. Bridas con sistema antirotaci\u00f3n. Directivas: 2014\/35\/UE (DBT) y","og_url":"https:\/\/ledsolintel.com\/fr\/produit-2\/5362gw-caja-p-tabique-hueco-c-bridas-107x107x45mm\/","og_site_name":"Ledsolintel","article_publisher":"http:\/\/www.facebook.com\/webmenaje","og_image":[{"url":"https:\/\/ledsolintel.com\/wp-content\/uploads\/2024\/05\/29991-5362GW-CAJA-PTABIQUE-HUECO-CBRIDAS-107x107x45mm.jpg","width":1,"height":1,"type":"image\/jpeg"}],"twitter_card":"summary_large_image","twitter_site":"@webmenaje","schema":{"@context":"https:\/\/schema.org","@graph":[{"@type":"WebPage","@id":"https:\/\/ledsolintel.com\/product\/5362gw-caja-p-tabique-hueco-c-bridas-107x107x45mm\/","url":"https:\/\/ledsolintel.com\/product\/5362gw-caja-p-tabique-hueco-c-bridas-107x107x45mm\/","name":"5362GW CAJA P\/TABIQUE HUECO C\/BRIDAS 107x107x45mm - Ledsolintel","isPartOf":{"@id":"https:\/\/ledsolintel.com\/#website"},"primaryImageOfPage":{"@id":"https:\/\/ledsolintel.com\/product\/5362gw-caja-p-tabique-hueco-c-bridas-107x107x45mm\/#primaryimage"},"image":{"@id":"https:\/\/ledsolintel.com\/product\/5362gw-caja-p-tabique-hueco-c-bridas-107x107x45mm\/#primaryimage"},"thumbnailUrl":"https:\/\/ledsolintel.com\/wp-content\/uploads\/2024\/05\/29991-5362GW-CAJA-PTABIQUE-HUECO-CBRIDAS-107x107x45mm.jpg","datePublished":"2024-05-23T10:01:54+00:00","breadcrumb":{"@id":"https:\/\/ledsolintel.com\/product\/5362gw-caja-p-tabique-hueco-c-bridas-107x107x45mm\/#breadcrumb"},"inLanguage":"fr-FR","potentialAction":[{"@type":"ReadAction","target":["https:\/\/ledsolintel.com\/product\/5362gw-caja-p-tabique-hueco-c-bridas-107x107x45mm\/"]}]},{"@type":"ImageObject","inLanguage":"fr-FR","@id":"https:\/\/ledsolintel.com\/product\/5362gw-caja-p-tabique-hueco-c-bridas-107x107x45mm\/#primaryimage","url":"https:\/\/ledsolintel.com\/wp-content\/uploads\/2024\/05\/29991-5362GW-CAJA-PTABIQUE-HUECO-CBRIDAS-107x107x45mm.jpg","contentUrl":"https:\/\/ledsolintel.com\/wp-content\/uploads\/2024\/05\/29991-5362GW-CAJA-PTABIQUE-HUECO-CBRIDAS-107x107x45mm.jpg","caption":"5362GW CAJA P\/TABIQUE HUECO C\/BRIDAS 107x107x45mm"},{"@type":"BreadcrumbList","@id":"https:\/\/ledsolintel.com\/product\/5362gw-caja-p-tabique-hueco-c-bridas-107x107x45mm\/#breadcrumb","itemListElement":[{"@type":"ListItem","position":1,"name":"Portada","item":"https:\/\/ledsolintel.com\/fr\/"},{"@type":"ListItem","position":2,"name":"Tienda","item":"https:\/\/ledsolintel.com\/tienda\/"},{"@type":"ListItem","position":3,"name":"5362GW CAJA P\/TABIQUE HUECO C\/BRIDAS 107x107x45mm"}]},{"@type":"WebSite","@id":"https:\/\/ledsolintel.com\/#website","url":"https:\/\/ledsolintel.com\/","name":"Webmenaje","description":"Magasin d'ampoules et de lampes LED pour les professionnels","publisher":{"@id":"https:\/\/ledsolintel.com\/#organization"},"potentialAction":[{"@type":"SearchAction","target":{"@type":"EntryPoint","urlTemplate":"https:\/\/ledsolintel.com\/?s={search_term_string}"},"query-input":{"@type":"PropertyValueSpecification","valueRequired":true,"valueName":"search_term_string"}}],"inLanguage":"fr-FR"},{"@type":"Organization","@id":"https:\/\/ledsolintel.com\/#organization","name":"Solintel Noroeste, S.L.","url":"https:\/\/ledsolintel.com\/","logo":{"@type":"ImageObject","inLanguage":"fr-FR","@id":"https:\/\/ledsolintel.com\/#\/schema\/logo\/image\/","url":"https:\/\/ledsolintel.com\/wp-content\/uploads\/2024\/11\/webmenaje-logo-1508269066.jpg","contentUrl":"https:\/\/ledsolintel.com\/wp-content\/uploads\/2024\/11\/webmenaje-logo-1508269066.jpg","width":370,"height":90,"caption":"Solintel Noroeste, S.L."},"image":{"@id":"https:\/\/ledsolintel.com\/#\/schema\/logo\/image\/"},"sameAs":["http:\/\/www.facebook.com\/webmenaje","https:\/\/x.com\/webmenaje","https:\/\/www.youtube.com\/channel\/UCX2KoVoeCG4LocZjUc6LmSQ","http:\/\/www.pinterest.com\/webmenaje"]}]}},"_links":{"self":[{"href":"https:\/\/ledsolintel.com\/fr\/wp-json\/wp\/v2\/product\/255057","targetHints":{"allow":["GET"]}}],"collection":[{"href":"https:\/\/ledsolintel.com\/fr\/wp-json\/wp\/v2\/product"}],"about":[{"href":"https:\/\/ledsolintel.com\/fr\/wp-json\/wp\/v2\/types\/product"}],"version-history":[{"count":0,"href":"https:\/\/ledsolintel.com\/fr\/wp-json\/wp\/v2\/product\/255057\/revisions"}],"wp:featuredmedia":[{"embeddable":true,"href":"https:\/\/ledsolintel.com\/fr\/wp-json\/wp\/v2\/media\/255055"}],"wp:attachment":[{"href":"https:\/\/ledsolintel.com\/fr\/wp-json\/wp\/v2\/media?parent=255057"}],"wp:term":[{"taxonomy":"product_brand","embeddable":true,"href":"https:\/\/ledsolintel.com\/fr\/wp-json\/wp\/v2\/product_brand?post=255057"},{"taxonomy":"product_cat","embeddable":true,"href":"https:\/\/ledsolintel.com\/fr\/wp-json\/wp\/v2\/product_cat?post=255057"},{"taxonomy":"product_tag","embeddable":true,"href":"https:\/\/ledsolintel.com\/fr\/wp-json\/wp\/v2\/product_tag?post=255057"}],"curies":[{"name":"wp","href":"https:\/\/api.w.org\/{rel}","templated":true}]}}