{"id":255054,"date":"2024-05-23T12:01:54","date_gmt":"2024-05-23T10:01:54","guid":{"rendered":"https:\/\/nueva.ledsolintel.com\/product\/5925gw-caja-universal-p-tabique-hueco-4-elementos-solera\/"},"modified":"2024-05-23T12:01:54","modified_gmt":"2024-05-23T10:01:54","slug":"5925gw-caja-universal-p-tabique-hueco-4-elementos-solera","status":"publish","type":"product","link":"https:\/\/ledsolintel.com\/fr\/produit-2\/5925gw-caja-universal-p-tabique-hueco-4-elementos-solera\/","title":{"rendered":"5925GW BO\u00ceTE UNIVERSELLE POUR DOUILLE CREUSE 4 \u00c9L\u00c9MENTS SOLERA"},"content":{"rendered":"<p>Permet d'\u00e9conomiser jusqu'\u00e0 40% de temps d'installation. Avec des brides en nylon pour la fixation sur les plaques de pl\u00e2tre. Rupture facile des fen\u00eatres. Jusqu'\u00e0 \u00f825. Avec des nervures qui fixent le caisson au mur et l'emp\u00eachent de tourner. Jupe p\u00e9riph\u00e9rique plus large et plus fine. Brides de<\/p>","protected":false},"excerpt":{"rendered":"<p>Permet d'\u00e9conomiser jusqu'\u00e0 40% de temps d'installation. Avec des brides en nylon pour la fixation sur les plaques de pl\u00e2tre. Rupture facile des fen\u00eatres. Jusqu'\u00e0 \u00f825. Avec des nervures qui fixent le caisson au mur et l'emp\u00eachent de tourner. Jupe p\u00e9riph\u00e9rique plus large et plus fine. Brides de<\/p>","protected":false},"featured_media":255052,"template":"","meta":[],"product_brand":[99499],"product_cat":[99769,100065,99601,99617],"product_tag":[],"class_list":{"0":"post-255054","1":"product","2":"type-product","3":"status-publish","4":"has-post-thumbnail","6":"product_brand-solera","7":"product_cat-cajas-instalacion","8":"product_cat-cajas-serie-blue","9":"product_cat-gyemo","10":"product_cat-material-electrico","13":"instock","14":"taxable","15":"shipping-taxable","16":"purchasable","17":"product-type-simple"},"yoast_head":"<!-- This site is optimized with the Yoast SEO plugin v26.6 - https:\/\/yoast.com\/wordpress\/plugins\/seo\/ -->\n<title>5925GW CAJA UNIVERSAL P\/TABIQUE HUECO 4 ELEMENTOS SOLERA - Ledsolintel<\/title>\n<meta name=\"robots\" content=\"index, follow, max-snippet:-1, max-image-preview:large, max-video-preview:-1\" \/>\n<link rel=\"canonical\" href=\"https:\/\/ledsolintel.com\/fr\/produit-2\/5925gw-caja-universal-p-tabique-hueco-4-elementos-solera\/\" \/>\n<meta property=\"og:locale\" content=\"fr_FR\" \/>\n<meta property=\"og:type\" content=\"article\" \/>\n<meta property=\"og:title\" content=\"5925GW CAJA UNIVERSAL P\/TABIQUE HUECO 4 ELEMENTOS SOLERA - Ledsolintel\" \/>\n<meta property=\"og:description\" content=\"Ahorro de hasta un 40% de tiempo en la instalaci\u00f3n. Con bridas de nylon para fijaci\u00f3n a placa de yeso. F\u00e1cil rotura de las ventanas. Hasta \u00f825. Con nervios que aseguran la caja a la pared evitando que gire. Fald\u00f3n perimetral m\u00e1s ancho y delgado. Bridas de\" \/>\n<meta property=\"og:url\" content=\"https:\/\/ledsolintel.com\/fr\/produit-2\/5925gw-caja-universal-p-tabique-hueco-4-elementos-solera\/\" \/>\n<meta property=\"og:site_name\" content=\"Ledsolintel\" \/>\n<meta property=\"article:publisher\" content=\"http:\/\/www.facebook.com\/webmenaje\" \/>\n<meta property=\"og:image\" content=\"https:\/\/ledsolintel.com\/wp-content\/uploads\/2024\/05\/29989-5925GW-CAJA-UNIVERSAL-PTABIQUE-HUECO-4-ELEMENTOS-SOLERA.jpg\" \/>\n\t<meta property=\"og:image:width\" content=\"1\" \/>\n\t<meta property=\"og:image:height\" content=\"1\" \/>\n\t<meta property=\"og:image:type\" content=\"image\/jpeg\" \/>\n<meta name=\"twitter:card\" content=\"summary_large_image\" \/>\n<meta name=\"twitter:site\" content=\"@webmenaje\" \/>\n<script type=\"application\/ld+json\" class=\"yoast-schema-graph\">{\"@context\":\"https:\/\/schema.org\",\"@graph\":[{\"@type\":\"WebPage\",\"@id\":\"https:\/\/ledsolintel.com\/product\/5925gw-caja-universal-p-tabique-hueco-4-elementos-solera\/\",\"url\":\"https:\/\/ledsolintel.com\/product\/5925gw-caja-universal-p-tabique-hueco-4-elementos-solera\/\",\"name\":\"5925GW CAJA UNIVERSAL P\/TABIQUE HUECO 4 ELEMENTOS SOLERA - Ledsolintel\",\"isPartOf\":{\"@id\":\"https:\/\/ledsolintel.com\/#website\"},\"primaryImageOfPage\":{\"@id\":\"https:\/\/ledsolintel.com\/product\/5925gw-caja-universal-p-tabique-hueco-4-elementos-solera\/#primaryimage\"},\"image\":{\"@id\":\"https:\/\/ledsolintel.com\/product\/5925gw-caja-universal-p-tabique-hueco-4-elementos-solera\/#primaryimage\"},\"thumbnailUrl\":\"https:\/\/ledsolintel.com\/wp-content\/uploads\/2024\/05\/29989-5925GW-CAJA-UNIVERSAL-PTABIQUE-HUECO-4-ELEMENTOS-SOLERA.jpg\",\"datePublished\":\"2024-05-23T10:01:54+00:00\",\"breadcrumb\":{\"@id\":\"https:\/\/ledsolintel.com\/product\/5925gw-caja-universal-p-tabique-hueco-4-elementos-solera\/#breadcrumb\"},\"inLanguage\":\"fr-FR\",\"potentialAction\":[{\"@type\":\"ReadAction\",\"target\":[\"https:\/\/ledsolintel.com\/product\/5925gw-caja-universal-p-tabique-hueco-4-elementos-solera\/\"]}]},{\"@type\":\"ImageObject\",\"inLanguage\":\"fr-FR\",\"@id\":\"https:\/\/ledsolintel.com\/product\/5925gw-caja-universal-p-tabique-hueco-4-elementos-solera\/#primaryimage\",\"url\":\"https:\/\/ledsolintel.com\/wp-content\/uploads\/2024\/05\/29989-5925GW-CAJA-UNIVERSAL-PTABIQUE-HUECO-4-ELEMENTOS-SOLERA.jpg\",\"contentUrl\":\"https:\/\/ledsolintel.com\/wp-content\/uploads\/2024\/05\/29989-5925GW-CAJA-UNIVERSAL-PTABIQUE-HUECO-4-ELEMENTOS-SOLERA.jpg\",\"caption\":\"5925GW CAJA UNIVERSAL P\/TABIQUE HUECO 4 ELEMENTOS SOLERA\"},{\"@type\":\"BreadcrumbList\",\"@id\":\"https:\/\/ledsolintel.com\/product\/5925gw-caja-universal-p-tabique-hueco-4-elementos-solera\/#breadcrumb\",\"itemListElement\":[{\"@type\":\"ListItem\",\"position\":1,\"name\":\"Portada\",\"item\":\"https:\/\/ledsolintel.com\/fr\/\"},{\"@type\":\"ListItem\",\"position\":2,\"name\":\"Tienda\",\"item\":\"https:\/\/ledsolintel.com\/tienda\/\"},{\"@type\":\"ListItem\",\"position\":3,\"name\":\"5925GW CAJA UNIVERSAL P\/TABIQUE HUECO 4 ELEMENTOS SOLERA\"}]},{\"@type\":\"WebSite\",\"@id\":\"https:\/\/ledsolintel.com\/#website\",\"url\":\"https:\/\/ledsolintel.com\/\",\"name\":\"Webmenaje\",\"description\":\"Tienda de bombillas y l\u00e1mparas LED para profesionales\",\"publisher\":{\"@id\":\"https:\/\/ledsolintel.com\/#organization\"},\"potentialAction\":[{\"@type\":\"SearchAction\",\"target\":{\"@type\":\"EntryPoint\",\"urlTemplate\":\"https:\/\/ledsolintel.com\/?s={search_term_string}\"},\"query-input\":{\"@type\":\"PropertyValueSpecification\",\"valueRequired\":true,\"valueName\":\"search_term_string\"}}],\"inLanguage\":\"fr-FR\"},{\"@type\":\"Organization\",\"@id\":\"https:\/\/ledsolintel.com\/#organization\",\"name\":\"Solintel Noroeste, S.L.\",\"url\":\"https:\/\/ledsolintel.com\/\",\"logo\":{\"@type\":\"ImageObject\",\"inLanguage\":\"fr-FR\",\"@id\":\"https:\/\/ledsolintel.com\/#\/schema\/logo\/image\/\",\"url\":\"https:\/\/ledsolintel.com\/wp-content\/uploads\/2024\/11\/webmenaje-logo-1508269066.jpg\",\"contentUrl\":\"https:\/\/ledsolintel.com\/wp-content\/uploads\/2024\/11\/webmenaje-logo-1508269066.jpg\",\"width\":370,\"height\":90,\"caption\":\"Solintel Noroeste, S.L.\"},\"image\":{\"@id\":\"https:\/\/ledsolintel.com\/#\/schema\/logo\/image\/\"},\"sameAs\":[\"http:\/\/www.facebook.com\/webmenaje\",\"https:\/\/x.com\/webmenaje\",\"https:\/\/www.youtube.com\/channel\/UCX2KoVoeCG4LocZjUc6LmSQ\",\"http:\/\/www.pinterest.com\/webmenaje\"]}]}<\/script>\n<!-- \/ Yoast SEO plugin. -->","yoast_head_json":{"title":"5925GW CAJA UNIVERSAL P\/TABIQUE HUECO 4 ELEMENTOS SOLERA - Ledsolintel","robots":{"index":"index","follow":"follow","max-snippet":"max-snippet:-1","max-image-preview":"max-image-preview:large","max-video-preview":"max-video-preview:-1"},"canonical":"https:\/\/ledsolintel.com\/fr\/produit-2\/5925gw-caja-universal-p-tabique-hueco-4-elementos-solera\/","og_locale":"fr_FR","og_type":"article","og_title":"5925GW CAJA UNIVERSAL P\/TABIQUE HUECO 4 ELEMENTOS SOLERA - Ledsolintel","og_description":"Ahorro de hasta un 40% de tiempo en la instalaci\u00f3n. Con bridas de nylon para fijaci\u00f3n a placa de yeso. F\u00e1cil rotura de las ventanas. Hasta \u00f825. Con nervios que aseguran la caja a la pared evitando que gire. Fald\u00f3n perimetral m\u00e1s ancho y delgado. Bridas de","og_url":"https:\/\/ledsolintel.com\/fr\/produit-2\/5925gw-caja-universal-p-tabique-hueco-4-elementos-solera\/","og_site_name":"Ledsolintel","article_publisher":"http:\/\/www.facebook.com\/webmenaje","og_image":[{"url":"https:\/\/ledsolintel.com\/wp-content\/uploads\/2024\/05\/29989-5925GW-CAJA-UNIVERSAL-PTABIQUE-HUECO-4-ELEMENTOS-SOLERA.jpg","width":1,"height":1,"type":"image\/jpeg"}],"twitter_card":"summary_large_image","twitter_site":"@webmenaje","schema":{"@context":"https:\/\/schema.org","@graph":[{"@type":"WebPage","@id":"https:\/\/ledsolintel.com\/product\/5925gw-caja-universal-p-tabique-hueco-4-elementos-solera\/","url":"https:\/\/ledsolintel.com\/product\/5925gw-caja-universal-p-tabique-hueco-4-elementos-solera\/","name":"5925GW CAJA UNIVERSAL P\/TABIQUE HUECO 4 ELEMENTOS SOLERA - Ledsolintel","isPartOf":{"@id":"https:\/\/ledsolintel.com\/#website"},"primaryImageOfPage":{"@id":"https:\/\/ledsolintel.com\/product\/5925gw-caja-universal-p-tabique-hueco-4-elementos-solera\/#primaryimage"},"image":{"@id":"https:\/\/ledsolintel.com\/product\/5925gw-caja-universal-p-tabique-hueco-4-elementos-solera\/#primaryimage"},"thumbnailUrl":"https:\/\/ledsolintel.com\/wp-content\/uploads\/2024\/05\/29989-5925GW-CAJA-UNIVERSAL-PTABIQUE-HUECO-4-ELEMENTOS-SOLERA.jpg","datePublished":"2024-05-23T10:01:54+00:00","breadcrumb":{"@id":"https:\/\/ledsolintel.com\/product\/5925gw-caja-universal-p-tabique-hueco-4-elementos-solera\/#breadcrumb"},"inLanguage":"fr-FR","potentialAction":[{"@type":"ReadAction","target":["https:\/\/ledsolintel.com\/product\/5925gw-caja-universal-p-tabique-hueco-4-elementos-solera\/"]}]},{"@type":"ImageObject","inLanguage":"fr-FR","@id":"https:\/\/ledsolintel.com\/product\/5925gw-caja-universal-p-tabique-hueco-4-elementos-solera\/#primaryimage","url":"https:\/\/ledsolintel.com\/wp-content\/uploads\/2024\/05\/29989-5925GW-CAJA-UNIVERSAL-PTABIQUE-HUECO-4-ELEMENTOS-SOLERA.jpg","contentUrl":"https:\/\/ledsolintel.com\/wp-content\/uploads\/2024\/05\/29989-5925GW-CAJA-UNIVERSAL-PTABIQUE-HUECO-4-ELEMENTOS-SOLERA.jpg","caption":"5925GW CAJA UNIVERSAL P\/TABIQUE HUECO 4 ELEMENTOS SOLERA"},{"@type":"BreadcrumbList","@id":"https:\/\/ledsolintel.com\/product\/5925gw-caja-universal-p-tabique-hueco-4-elementos-solera\/#breadcrumb","itemListElement":[{"@type":"ListItem","position":1,"name":"Portada","item":"https:\/\/ledsolintel.com\/fr\/"},{"@type":"ListItem","position":2,"name":"Tienda","item":"https:\/\/ledsolintel.com\/tienda\/"},{"@type":"ListItem","position":3,"name":"5925GW CAJA UNIVERSAL P\/TABIQUE HUECO 4 ELEMENTOS SOLERA"}]},{"@type":"WebSite","@id":"https:\/\/ledsolintel.com\/#website","url":"https:\/\/ledsolintel.com\/","name":"Webmenaje","description":"Magasin d'ampoules et de lampes LED pour les professionnels","publisher":{"@id":"https:\/\/ledsolintel.com\/#organization"},"potentialAction":[{"@type":"SearchAction","target":{"@type":"EntryPoint","urlTemplate":"https:\/\/ledsolintel.com\/?s={search_term_string}"},"query-input":{"@type":"PropertyValueSpecification","valueRequired":true,"valueName":"search_term_string"}}],"inLanguage":"fr-FR"},{"@type":"Organization","@id":"https:\/\/ledsolintel.com\/#organization","name":"Solintel Noroeste, S.L.","url":"https:\/\/ledsolintel.com\/","logo":{"@type":"ImageObject","inLanguage":"fr-FR","@id":"https:\/\/ledsolintel.com\/#\/schema\/logo\/image\/","url":"https:\/\/ledsolintel.com\/wp-content\/uploads\/2024\/11\/webmenaje-logo-1508269066.jpg","contentUrl":"https:\/\/ledsolintel.com\/wp-content\/uploads\/2024\/11\/webmenaje-logo-1508269066.jpg","width":370,"height":90,"caption":"Solintel Noroeste, S.L."},"image":{"@id":"https:\/\/ledsolintel.com\/#\/schema\/logo\/image\/"},"sameAs":["http:\/\/www.facebook.com\/webmenaje","https:\/\/x.com\/webmenaje","https:\/\/www.youtube.com\/channel\/UCX2KoVoeCG4LocZjUc6LmSQ","http:\/\/www.pinterest.com\/webmenaje"]}]}},"_links":{"self":[{"href":"https:\/\/ledsolintel.com\/fr\/wp-json\/wp\/v2\/product\/255054","targetHints":{"allow":["GET"]}}],"collection":[{"href":"https:\/\/ledsolintel.com\/fr\/wp-json\/wp\/v2\/product"}],"about":[{"href":"https:\/\/ledsolintel.com\/fr\/wp-json\/wp\/v2\/types\/product"}],"version-history":[{"count":0,"href":"https:\/\/ledsolintel.com\/fr\/wp-json\/wp\/v2\/product\/255054\/revisions"}],"wp:featuredmedia":[{"embeddable":true,"href":"https:\/\/ledsolintel.com\/fr\/wp-json\/wp\/v2\/media\/255052"}],"wp:attachment":[{"href":"https:\/\/ledsolintel.com\/fr\/wp-json\/wp\/v2\/media?parent=255054"}],"wp:term":[{"taxonomy":"product_brand","embeddable":true,"href":"https:\/\/ledsolintel.com\/fr\/wp-json\/wp\/v2\/product_brand?post=255054"},{"taxonomy":"product_cat","embeddable":true,"href":"https:\/\/ledsolintel.com\/fr\/wp-json\/wp\/v2\/product_cat?post=255054"},{"taxonomy":"product_tag","embeddable":true,"href":"https:\/\/ledsolintel.com\/fr\/wp-json\/wp\/v2\/product_tag?post=255054"}],"curies":[{"name":"wp","href":"https:\/\/api.w.org\/{rel}","templated":true}]}}