{"id":255043,"date":"2024-05-23T12:01:54","date_gmt":"2024-05-23T10:01:54","guid":{"rendered":"https:\/\/nueva.ledsolintel.com\/product\/11687-timbre-inalambrico-digital-250-metros\/"},"modified":"2024-05-23T12:01:54","modified_gmt":"2024-05-23T10:01:54","slug":"11687-timbre-inalambrico-digital-250-metros","status":"publish","type":"product","link":"https:\/\/ledsolintel.com\/fr\/produit-2\/11687-timbre-inalambrico-digital-250-metros\/","title":{"rendered":"11.687 SONNETTE NUM\u00c9RIQUE SANS FIL 250 M\u00c8TRES"},"content":{"rendered":"<p>Alimentation de l'\u00e9metteur : 1 pile 12V (R01\/A23) incluse. Alimentation du r\u00e9cepteur : directement sur le secteur, 230V. Nombre de niveaux de volume : 4. Contr\u00f4le de la fr\u00e9quence radio pour \u00e9viter les interf\u00e9rences. Indicateur de fonctionnement LED bleu sur l'\u00e9metteur et le r\u00e9cepteur. Emetteur apt<\/p>","protected":false},"excerpt":{"rendered":"<p>Alimentation de l'\u00e9metteur : 1 pile 12V (R01\/A23) incluse. Alimentation du r\u00e9cepteur : directement sur le secteur, 230V. Nombre de niveaux de volume : 4. Contr\u00f4le de la fr\u00e9quence radio pour \u00e9viter les interf\u00e9rences. Indicateur de fonctionnement LED bleu sur l'\u00e9metteur et le r\u00e9cepteur. Emetteur apt<\/p>","protected":false},"featured_media":255042,"template":"","meta":[],"product_brand":[99413],"product_cat":[99617,99601],"product_tag":[],"class_list":{"0":"post-255043","1":"product","2":"type-product","3":"status-publish","4":"has-post-thumbnail","6":"product_brand-electro-dh","7":"product_cat-material-electrico","8":"product_cat-gyemo","11":"instock","12":"taxable","13":"shipping-taxable","14":"purchasable","15":"product-type-simple"},"yoast_head":"<!-- This site is optimized with the Yoast SEO plugin v26.6 - https:\/\/yoast.com\/wordpress\/plugins\/seo\/ -->\n<title>11.687 TIMBRE INALAMBRICO DIGITAL 250 METROS - Ledsolintel<\/title>\n<meta name=\"robots\" content=\"index, follow, max-snippet:-1, max-image-preview:large, max-video-preview:-1\" \/>\n<link rel=\"canonical\" href=\"https:\/\/ledsolintel.com\/fr\/produit-2\/11687-timbre-inalambrico-digital-250-metros\/\" \/>\n<meta property=\"og:locale\" content=\"fr_FR\" \/>\n<meta property=\"og:type\" content=\"article\" \/>\n<meta property=\"og:title\" content=\"11.687 TIMBRE INALAMBRICO DIGITAL 250 METROS - Ledsolintel\" \/>\n<meta property=\"og:description\" content=\"Alimentaci\u00f3n transmisor: 1 pila de 12V (R01\/A23) incluida. Alimentaci\u00f3n receptor: directo a la red, 230V. N\u00ba niveles de volumen: 4. Control por radiofrecuencia que evita interferencias. Led azul indicador de funcionamiento en emisor y receptor. Emisor apt\" \/>\n<meta property=\"og:url\" content=\"https:\/\/ledsolintel.com\/fr\/produit-2\/11687-timbre-inalambrico-digital-250-metros\/\" \/>\n<meta property=\"og:site_name\" content=\"Ledsolintel\" \/>\n<meta property=\"article:publisher\" content=\"http:\/\/www.facebook.com\/webmenaje\" \/>\n<meta property=\"og:image\" content=\"https:\/\/ledsolintel.com\/wp-content\/uploads\/2024\/05\/29918-11.687-TIMBRE-INALAMBRICO-DIGITAL-250-METROS.jpg\" \/>\n\t<meta property=\"og:image:width\" content=\"1\" \/>\n\t<meta property=\"og:image:height\" content=\"1\" \/>\n\t<meta property=\"og:image:type\" content=\"image\/jpeg\" \/>\n<meta name=\"twitter:card\" content=\"summary_large_image\" \/>\n<meta name=\"twitter:site\" content=\"@webmenaje\" \/>\n<script type=\"application\/ld+json\" class=\"yoast-schema-graph\">{\"@context\":\"https:\/\/schema.org\",\"@graph\":[{\"@type\":\"WebPage\",\"@id\":\"https:\/\/ledsolintel.com\/product\/11687-timbre-inalambrico-digital-250-metros\/\",\"url\":\"https:\/\/ledsolintel.com\/product\/11687-timbre-inalambrico-digital-250-metros\/\",\"name\":\"11.687 TIMBRE INALAMBRICO DIGITAL 250 METROS - Ledsolintel\",\"isPartOf\":{\"@id\":\"https:\/\/ledsolintel.com\/#website\"},\"primaryImageOfPage\":{\"@id\":\"https:\/\/ledsolintel.com\/product\/11687-timbre-inalambrico-digital-250-metros\/#primaryimage\"},\"image\":{\"@id\":\"https:\/\/ledsolintel.com\/product\/11687-timbre-inalambrico-digital-250-metros\/#primaryimage\"},\"thumbnailUrl\":\"https:\/\/ledsolintel.com\/wp-content\/uploads\/2024\/05\/29918-11.687-TIMBRE-INALAMBRICO-DIGITAL-250-METROS.jpg\",\"datePublished\":\"2024-05-23T10:01:54+00:00\",\"breadcrumb\":{\"@id\":\"https:\/\/ledsolintel.com\/product\/11687-timbre-inalambrico-digital-250-metros\/#breadcrumb\"},\"inLanguage\":\"fr-FR\",\"potentialAction\":[{\"@type\":\"ReadAction\",\"target\":[\"https:\/\/ledsolintel.com\/product\/11687-timbre-inalambrico-digital-250-metros\/\"]}]},{\"@type\":\"ImageObject\",\"inLanguage\":\"fr-FR\",\"@id\":\"https:\/\/ledsolintel.com\/product\/11687-timbre-inalambrico-digital-250-metros\/#primaryimage\",\"url\":\"https:\/\/ledsolintel.com\/wp-content\/uploads\/2024\/05\/29918-11.687-TIMBRE-INALAMBRICO-DIGITAL-250-METROS.jpg\",\"contentUrl\":\"https:\/\/ledsolintel.com\/wp-content\/uploads\/2024\/05\/29918-11.687-TIMBRE-INALAMBRICO-DIGITAL-250-METROS.jpg\",\"caption\":\"11.687 TIMBRE INALAMBRICO DIGITAL 250 METROS\"},{\"@type\":\"BreadcrumbList\",\"@id\":\"https:\/\/ledsolintel.com\/product\/11687-timbre-inalambrico-digital-250-metros\/#breadcrumb\",\"itemListElement\":[{\"@type\":\"ListItem\",\"position\":1,\"name\":\"Portada\",\"item\":\"https:\/\/ledsolintel.com\/fr\/\"},{\"@type\":\"ListItem\",\"position\":2,\"name\":\"Tienda\",\"item\":\"https:\/\/ledsolintel.com\/tienda\/\"},{\"@type\":\"ListItem\",\"position\":3,\"name\":\"11.687 TIMBRE INALAMBRICO DIGITAL 250 METROS\"}]},{\"@type\":\"WebSite\",\"@id\":\"https:\/\/ledsolintel.com\/#website\",\"url\":\"https:\/\/ledsolintel.com\/\",\"name\":\"Webmenaje\",\"description\":\"Tienda de bombillas y l\u00e1mparas LED para profesionales\",\"publisher\":{\"@id\":\"https:\/\/ledsolintel.com\/#organization\"},\"potentialAction\":[{\"@type\":\"SearchAction\",\"target\":{\"@type\":\"EntryPoint\",\"urlTemplate\":\"https:\/\/ledsolintel.com\/?s={search_term_string}\"},\"query-input\":{\"@type\":\"PropertyValueSpecification\",\"valueRequired\":true,\"valueName\":\"search_term_string\"}}],\"inLanguage\":\"fr-FR\"},{\"@type\":\"Organization\",\"@id\":\"https:\/\/ledsolintel.com\/#organization\",\"name\":\"Solintel Noroeste, S.L.\",\"url\":\"https:\/\/ledsolintel.com\/\",\"logo\":{\"@type\":\"ImageObject\",\"inLanguage\":\"fr-FR\",\"@id\":\"https:\/\/ledsolintel.com\/#\/schema\/logo\/image\/\",\"url\":\"https:\/\/ledsolintel.com\/wp-content\/uploads\/2024\/11\/webmenaje-logo-1508269066.jpg\",\"contentUrl\":\"https:\/\/ledsolintel.com\/wp-content\/uploads\/2024\/11\/webmenaje-logo-1508269066.jpg\",\"width\":370,\"height\":90,\"caption\":\"Solintel Noroeste, S.L.\"},\"image\":{\"@id\":\"https:\/\/ledsolintel.com\/#\/schema\/logo\/image\/\"},\"sameAs\":[\"http:\/\/www.facebook.com\/webmenaje\",\"https:\/\/x.com\/webmenaje\",\"https:\/\/www.youtube.com\/channel\/UCX2KoVoeCG4LocZjUc6LmSQ\",\"http:\/\/www.pinterest.com\/webmenaje\"]}]}<\/script>\n<!-- \/ Yoast SEO plugin. -->","yoast_head_json":{"title":"11.687 TIMBRE INALAMBRICO DIGITAL 250 METROS - Ledsolintel","robots":{"index":"index","follow":"follow","max-snippet":"max-snippet:-1","max-image-preview":"max-image-preview:large","max-video-preview":"max-video-preview:-1"},"canonical":"https:\/\/ledsolintel.com\/fr\/produit-2\/11687-timbre-inalambrico-digital-250-metros\/","og_locale":"fr_FR","og_type":"article","og_title":"11.687 TIMBRE INALAMBRICO DIGITAL 250 METROS - Ledsolintel","og_description":"Alimentaci\u00f3n transmisor: 1 pila de 12V (R01\/A23) incluida. Alimentaci\u00f3n receptor: directo a la red, 230V. N\u00ba niveles de volumen: 4. Control por radiofrecuencia que evita interferencias. Led azul indicador de funcionamiento en emisor y receptor. Emisor apt","og_url":"https:\/\/ledsolintel.com\/fr\/produit-2\/11687-timbre-inalambrico-digital-250-metros\/","og_site_name":"Ledsolintel","article_publisher":"http:\/\/www.facebook.com\/webmenaje","og_image":[{"url":"https:\/\/ledsolintel.com\/wp-content\/uploads\/2024\/05\/29918-11.687-TIMBRE-INALAMBRICO-DIGITAL-250-METROS.jpg","width":1,"height":1,"type":"image\/jpeg"}],"twitter_card":"summary_large_image","twitter_site":"@webmenaje","schema":{"@context":"https:\/\/schema.org","@graph":[{"@type":"WebPage","@id":"https:\/\/ledsolintel.com\/product\/11687-timbre-inalambrico-digital-250-metros\/","url":"https:\/\/ledsolintel.com\/product\/11687-timbre-inalambrico-digital-250-metros\/","name":"11.687 TIMBRE INALAMBRICO DIGITAL 250 METROS - Ledsolintel","isPartOf":{"@id":"https:\/\/ledsolintel.com\/#website"},"primaryImageOfPage":{"@id":"https:\/\/ledsolintel.com\/product\/11687-timbre-inalambrico-digital-250-metros\/#primaryimage"},"image":{"@id":"https:\/\/ledsolintel.com\/product\/11687-timbre-inalambrico-digital-250-metros\/#primaryimage"},"thumbnailUrl":"https:\/\/ledsolintel.com\/wp-content\/uploads\/2024\/05\/29918-11.687-TIMBRE-INALAMBRICO-DIGITAL-250-METROS.jpg","datePublished":"2024-05-23T10:01:54+00:00","breadcrumb":{"@id":"https:\/\/ledsolintel.com\/product\/11687-timbre-inalambrico-digital-250-metros\/#breadcrumb"},"inLanguage":"fr-FR","potentialAction":[{"@type":"ReadAction","target":["https:\/\/ledsolintel.com\/product\/11687-timbre-inalambrico-digital-250-metros\/"]}]},{"@type":"ImageObject","inLanguage":"fr-FR","@id":"https:\/\/ledsolintel.com\/product\/11687-timbre-inalambrico-digital-250-metros\/#primaryimage","url":"https:\/\/ledsolintel.com\/wp-content\/uploads\/2024\/05\/29918-11.687-TIMBRE-INALAMBRICO-DIGITAL-250-METROS.jpg","contentUrl":"https:\/\/ledsolintel.com\/wp-content\/uploads\/2024\/05\/29918-11.687-TIMBRE-INALAMBRICO-DIGITAL-250-METROS.jpg","caption":"11.687 TIMBRE INALAMBRICO DIGITAL 250 METROS"},{"@type":"BreadcrumbList","@id":"https:\/\/ledsolintel.com\/product\/11687-timbre-inalambrico-digital-250-metros\/#breadcrumb","itemListElement":[{"@type":"ListItem","position":1,"name":"Portada","item":"https:\/\/ledsolintel.com\/fr\/"},{"@type":"ListItem","position":2,"name":"Tienda","item":"https:\/\/ledsolintel.com\/tienda\/"},{"@type":"ListItem","position":3,"name":"11.687 TIMBRE INALAMBRICO DIGITAL 250 METROS"}]},{"@type":"WebSite","@id":"https:\/\/ledsolintel.com\/#website","url":"https:\/\/ledsolintel.com\/","name":"Webmenaje","description":"Magasin d'ampoules et de lampes LED pour les professionnels","publisher":{"@id":"https:\/\/ledsolintel.com\/#organization"},"potentialAction":[{"@type":"SearchAction","target":{"@type":"EntryPoint","urlTemplate":"https:\/\/ledsolintel.com\/?s={search_term_string}"},"query-input":{"@type":"PropertyValueSpecification","valueRequired":true,"valueName":"search_term_string"}}],"inLanguage":"fr-FR"},{"@type":"Organization","@id":"https:\/\/ledsolintel.com\/#organization","name":"Solintel Noroeste, S.L.","url":"https:\/\/ledsolintel.com\/","logo":{"@type":"ImageObject","inLanguage":"fr-FR","@id":"https:\/\/ledsolintel.com\/#\/schema\/logo\/image\/","url":"https:\/\/ledsolintel.com\/wp-content\/uploads\/2024\/11\/webmenaje-logo-1508269066.jpg","contentUrl":"https:\/\/ledsolintel.com\/wp-content\/uploads\/2024\/11\/webmenaje-logo-1508269066.jpg","width":370,"height":90,"caption":"Solintel Noroeste, S.L."},"image":{"@id":"https:\/\/ledsolintel.com\/#\/schema\/logo\/image\/"},"sameAs":["http:\/\/www.facebook.com\/webmenaje","https:\/\/x.com\/webmenaje","https:\/\/www.youtube.com\/channel\/UCX2KoVoeCG4LocZjUc6LmSQ","http:\/\/www.pinterest.com\/webmenaje"]}]}},"_links":{"self":[{"href":"https:\/\/ledsolintel.com\/fr\/wp-json\/wp\/v2\/product\/255043","targetHints":{"allow":["GET"]}}],"collection":[{"href":"https:\/\/ledsolintel.com\/fr\/wp-json\/wp\/v2\/product"}],"about":[{"href":"https:\/\/ledsolintel.com\/fr\/wp-json\/wp\/v2\/types\/product"}],"version-history":[{"count":0,"href":"https:\/\/ledsolintel.com\/fr\/wp-json\/wp\/v2\/product\/255043\/revisions"}],"wp:featuredmedia":[{"embeddable":true,"href":"https:\/\/ledsolintel.com\/fr\/wp-json\/wp\/v2\/media\/255042"}],"wp:attachment":[{"href":"https:\/\/ledsolintel.com\/fr\/wp-json\/wp\/v2\/media?parent=255043"}],"wp:term":[{"taxonomy":"product_brand","embeddable":true,"href":"https:\/\/ledsolintel.com\/fr\/wp-json\/wp\/v2\/product_brand?post=255043"},{"taxonomy":"product_cat","embeddable":true,"href":"https:\/\/ledsolintel.com\/fr\/wp-json\/wp\/v2\/product_cat?post=255043"},{"taxonomy":"product_tag","embeddable":true,"href":"https:\/\/ledsolintel.com\/fr\/wp-json\/wp\/v2\/product_tag?post=255043"}],"curies":[{"name":"wp","href":"https:\/\/api.w.org\/{rel}","templated":true}]}}