{"id":255022,"date":"2024-05-23T12:01:54","date_gmt":"2024-05-23T10:01:54","guid":{"rendered":"https:\/\/nueva.ledsolintel.com\/product\/11712-timbre-inalambrico-150-mt-autoalimentado\/"},"modified":"2024-05-23T12:01:54","modified_gmt":"2024-05-23T10:01:54","slug":"11712-timbre-inalambrico-150-mt-autoalimentado","status":"publish","type":"product","link":"https:\/\/ledsolintel.com\/fr\/produit-2\/11712-timbre-inalambrico-150-mt-autoalimentado\/","title":{"rendered":"11.712 INALAMBRICO TIMBRE 150 mt SELF-POWERED"},"content":{"rendered":"<p>Technologie d'auto-apprentissage pour \u00e9viter les interf\u00e9rences. Indicateur LED sur le r\u00e9cepteur. Technologie cin\u00e9tique. Contr\u00f4le du volume. Peut \u00eatre install\u00e9 sur n'importe quel mur ou cadre de porte. Branchement direct sur le secteur. Ne n\u00e9cessite pas de piles.<\/p>","protected":false},"excerpt":{"rendered":"<p>Technologie d'auto-apprentissage pour \u00e9viter les interf\u00e9rences. Indicateur LED sur le r\u00e9cepteur. Technologie cin\u00e9tique. Contr\u00f4le du volume. Peut \u00eatre install\u00e9 sur n'importe quel mur ou cadre de porte. Branchement direct sur le secteur. Ne n\u00e9cessite pas de piles.<\/p>","protected":false},"featured_media":255021,"template":"","meta":[],"product_brand":[99413],"product_cat":[99617,99601],"product_tag":[],"class_list":{"0":"post-255022","1":"product","2":"type-product","3":"status-publish","4":"has-post-thumbnail","6":"product_brand-electro-dh","7":"product_cat-material-electrico","8":"product_cat-gyemo","11":"instock","12":"taxable","13":"shipping-taxable","14":"purchasable","15":"product-type-simple"},"yoast_head":"<!-- This site is optimized with the Yoast SEO plugin v26.6 - https:\/\/yoast.com\/wordpress\/plugins\/seo\/ -->\n<title>11.712 TIMBRE INALAMBRICO 150 mt AUTOALIMENTADO - Ledsolintel<\/title>\n<meta name=\"robots\" content=\"index, follow, max-snippet:-1, max-image-preview:large, max-video-preview:-1\" \/>\n<link rel=\"canonical\" href=\"https:\/\/ledsolintel.com\/fr\/produit-2\/11712-timbre-inalambrico-150-mt-autoalimentado\/\" \/>\n<meta property=\"og:locale\" content=\"fr_FR\" \/>\n<meta property=\"og:type\" content=\"article\" \/>\n<meta property=\"og:title\" content=\"11.712 TIMBRE INALAMBRICO 150 mt AUTOALIMENTADO - Ledsolintel\" \/>\n<meta property=\"og:description\" content=\"Tecnolog\u00eda self-learning para evitar interferencias. Indicador Led en receptor. Tecnolog\u00eda Kinetic. Control de volumen. V\u00e1lido para instalar en cualquier pared o marco de puerta. Directo a red. No necesita pilas.\" \/>\n<meta property=\"og:url\" content=\"https:\/\/ledsolintel.com\/fr\/produit-2\/11712-timbre-inalambrico-150-mt-autoalimentado\/\" \/>\n<meta property=\"og:site_name\" content=\"Ledsolintel\" \/>\n<meta property=\"article:publisher\" content=\"http:\/\/www.facebook.com\/webmenaje\" \/>\n<meta property=\"og:image\" content=\"https:\/\/ledsolintel.com\/wp-content\/uploads\/2024\/05\/29907-11.712-TIMBRE-INALAMBRICO-150-mt-AUTOALIMENTADO.jpg\" \/>\n\t<meta property=\"og:image:width\" content=\"1\" \/>\n\t<meta property=\"og:image:height\" content=\"1\" \/>\n\t<meta property=\"og:image:type\" content=\"image\/jpeg\" \/>\n<meta name=\"twitter:card\" content=\"summary_large_image\" \/>\n<meta name=\"twitter:site\" content=\"@webmenaje\" \/>\n<script type=\"application\/ld+json\" class=\"yoast-schema-graph\">{\"@context\":\"https:\/\/schema.org\",\"@graph\":[{\"@type\":\"WebPage\",\"@id\":\"https:\/\/ledsolintel.com\/product\/11712-timbre-inalambrico-150-mt-autoalimentado\/\",\"url\":\"https:\/\/ledsolintel.com\/product\/11712-timbre-inalambrico-150-mt-autoalimentado\/\",\"name\":\"11.712 TIMBRE INALAMBRICO 150 mt AUTOALIMENTADO - Ledsolintel\",\"isPartOf\":{\"@id\":\"https:\/\/ledsolintel.com\/#website\"},\"primaryImageOfPage\":{\"@id\":\"https:\/\/ledsolintel.com\/product\/11712-timbre-inalambrico-150-mt-autoalimentado\/#primaryimage\"},\"image\":{\"@id\":\"https:\/\/ledsolintel.com\/product\/11712-timbre-inalambrico-150-mt-autoalimentado\/#primaryimage\"},\"thumbnailUrl\":\"https:\/\/ledsolintel.com\/wp-content\/uploads\/2024\/05\/29907-11.712-TIMBRE-INALAMBRICO-150-mt-AUTOALIMENTADO.jpg\",\"datePublished\":\"2024-05-23T10:01:54+00:00\",\"breadcrumb\":{\"@id\":\"https:\/\/ledsolintel.com\/product\/11712-timbre-inalambrico-150-mt-autoalimentado\/#breadcrumb\"},\"inLanguage\":\"fr-FR\",\"potentialAction\":[{\"@type\":\"ReadAction\",\"target\":[\"https:\/\/ledsolintel.com\/product\/11712-timbre-inalambrico-150-mt-autoalimentado\/\"]}]},{\"@type\":\"ImageObject\",\"inLanguage\":\"fr-FR\",\"@id\":\"https:\/\/ledsolintel.com\/product\/11712-timbre-inalambrico-150-mt-autoalimentado\/#primaryimage\",\"url\":\"https:\/\/ledsolintel.com\/wp-content\/uploads\/2024\/05\/29907-11.712-TIMBRE-INALAMBRICO-150-mt-AUTOALIMENTADO.jpg\",\"contentUrl\":\"https:\/\/ledsolintel.com\/wp-content\/uploads\/2024\/05\/29907-11.712-TIMBRE-INALAMBRICO-150-mt-AUTOALIMENTADO.jpg\",\"caption\":\"11.712 TIMBRE INALAMBRICO 150 mt AUTOALIMENTADO\"},{\"@type\":\"BreadcrumbList\",\"@id\":\"https:\/\/ledsolintel.com\/product\/11712-timbre-inalambrico-150-mt-autoalimentado\/#breadcrumb\",\"itemListElement\":[{\"@type\":\"ListItem\",\"position\":1,\"name\":\"Portada\",\"item\":\"https:\/\/ledsolintel.com\/fr\/\"},{\"@type\":\"ListItem\",\"position\":2,\"name\":\"Tienda\",\"item\":\"https:\/\/ledsolintel.com\/tienda\/\"},{\"@type\":\"ListItem\",\"position\":3,\"name\":\"11.712 TIMBRE INALAMBRICO 150 mt AUTOALIMENTADO\"}]},{\"@type\":\"WebSite\",\"@id\":\"https:\/\/ledsolintel.com\/#website\",\"url\":\"https:\/\/ledsolintel.com\/\",\"name\":\"Webmenaje\",\"description\":\"Tienda de bombillas y l\u00e1mparas LED para profesionales\",\"publisher\":{\"@id\":\"https:\/\/ledsolintel.com\/#organization\"},\"potentialAction\":[{\"@type\":\"SearchAction\",\"target\":{\"@type\":\"EntryPoint\",\"urlTemplate\":\"https:\/\/ledsolintel.com\/?s={search_term_string}\"},\"query-input\":{\"@type\":\"PropertyValueSpecification\",\"valueRequired\":true,\"valueName\":\"search_term_string\"}}],\"inLanguage\":\"fr-FR\"},{\"@type\":\"Organization\",\"@id\":\"https:\/\/ledsolintel.com\/#organization\",\"name\":\"Solintel Noroeste, S.L.\",\"url\":\"https:\/\/ledsolintel.com\/\",\"logo\":{\"@type\":\"ImageObject\",\"inLanguage\":\"fr-FR\",\"@id\":\"https:\/\/ledsolintel.com\/#\/schema\/logo\/image\/\",\"url\":\"https:\/\/ledsolintel.com\/wp-content\/uploads\/2024\/11\/webmenaje-logo-1508269066.jpg\",\"contentUrl\":\"https:\/\/ledsolintel.com\/wp-content\/uploads\/2024\/11\/webmenaje-logo-1508269066.jpg\",\"width\":370,\"height\":90,\"caption\":\"Solintel Noroeste, S.L.\"},\"image\":{\"@id\":\"https:\/\/ledsolintel.com\/#\/schema\/logo\/image\/\"},\"sameAs\":[\"http:\/\/www.facebook.com\/webmenaje\",\"https:\/\/x.com\/webmenaje\",\"https:\/\/www.youtube.com\/channel\/UCX2KoVoeCG4LocZjUc6LmSQ\",\"http:\/\/www.pinterest.com\/webmenaje\"]}]}<\/script>\n<!-- \/ Yoast SEO plugin. -->","yoast_head_json":{"title":"11.712 TIMBRE INALAMBRICO 150 mt AUTOALIMENTADO - Ledsolintel","robots":{"index":"index","follow":"follow","max-snippet":"max-snippet:-1","max-image-preview":"max-image-preview:large","max-video-preview":"max-video-preview:-1"},"canonical":"https:\/\/ledsolintel.com\/fr\/produit-2\/11712-timbre-inalambrico-150-mt-autoalimentado\/","og_locale":"fr_FR","og_type":"article","og_title":"11.712 TIMBRE INALAMBRICO 150 mt AUTOALIMENTADO - Ledsolintel","og_description":"Tecnolog\u00eda self-learning para evitar interferencias. Indicador Led en receptor. Tecnolog\u00eda Kinetic. Control de volumen. V\u00e1lido para instalar en cualquier pared o marco de puerta. Directo a red. No necesita pilas.","og_url":"https:\/\/ledsolintel.com\/fr\/produit-2\/11712-timbre-inalambrico-150-mt-autoalimentado\/","og_site_name":"Ledsolintel","article_publisher":"http:\/\/www.facebook.com\/webmenaje","og_image":[{"url":"https:\/\/ledsolintel.com\/wp-content\/uploads\/2024\/05\/29907-11.712-TIMBRE-INALAMBRICO-150-mt-AUTOALIMENTADO.jpg","width":1,"height":1,"type":"image\/jpeg"}],"twitter_card":"summary_large_image","twitter_site":"@webmenaje","schema":{"@context":"https:\/\/schema.org","@graph":[{"@type":"WebPage","@id":"https:\/\/ledsolintel.com\/product\/11712-timbre-inalambrico-150-mt-autoalimentado\/","url":"https:\/\/ledsolintel.com\/product\/11712-timbre-inalambrico-150-mt-autoalimentado\/","name":"11.712 TIMBRE INALAMBRICO 150 mt AUTOALIMENTADO - Ledsolintel","isPartOf":{"@id":"https:\/\/ledsolintel.com\/#website"},"primaryImageOfPage":{"@id":"https:\/\/ledsolintel.com\/product\/11712-timbre-inalambrico-150-mt-autoalimentado\/#primaryimage"},"image":{"@id":"https:\/\/ledsolintel.com\/product\/11712-timbre-inalambrico-150-mt-autoalimentado\/#primaryimage"},"thumbnailUrl":"https:\/\/ledsolintel.com\/wp-content\/uploads\/2024\/05\/29907-11.712-TIMBRE-INALAMBRICO-150-mt-AUTOALIMENTADO.jpg","datePublished":"2024-05-23T10:01:54+00:00","breadcrumb":{"@id":"https:\/\/ledsolintel.com\/product\/11712-timbre-inalambrico-150-mt-autoalimentado\/#breadcrumb"},"inLanguage":"fr-FR","potentialAction":[{"@type":"ReadAction","target":["https:\/\/ledsolintel.com\/product\/11712-timbre-inalambrico-150-mt-autoalimentado\/"]}]},{"@type":"ImageObject","inLanguage":"fr-FR","@id":"https:\/\/ledsolintel.com\/product\/11712-timbre-inalambrico-150-mt-autoalimentado\/#primaryimage","url":"https:\/\/ledsolintel.com\/wp-content\/uploads\/2024\/05\/29907-11.712-TIMBRE-INALAMBRICO-150-mt-AUTOALIMENTADO.jpg","contentUrl":"https:\/\/ledsolintel.com\/wp-content\/uploads\/2024\/05\/29907-11.712-TIMBRE-INALAMBRICO-150-mt-AUTOALIMENTADO.jpg","caption":"11.712 TIMBRE INALAMBRICO 150 mt AUTOALIMENTADO"},{"@type":"BreadcrumbList","@id":"https:\/\/ledsolintel.com\/product\/11712-timbre-inalambrico-150-mt-autoalimentado\/#breadcrumb","itemListElement":[{"@type":"ListItem","position":1,"name":"Portada","item":"https:\/\/ledsolintel.com\/fr\/"},{"@type":"ListItem","position":2,"name":"Tienda","item":"https:\/\/ledsolintel.com\/tienda\/"},{"@type":"ListItem","position":3,"name":"11.712 TIMBRE INALAMBRICO 150 mt AUTOALIMENTADO"}]},{"@type":"WebSite","@id":"https:\/\/ledsolintel.com\/#website","url":"https:\/\/ledsolintel.com\/","name":"Webmenaje","description":"Magasin d'ampoules et de lampes LED pour les professionnels","publisher":{"@id":"https:\/\/ledsolintel.com\/#organization"},"potentialAction":[{"@type":"SearchAction","target":{"@type":"EntryPoint","urlTemplate":"https:\/\/ledsolintel.com\/?s={search_term_string}"},"query-input":{"@type":"PropertyValueSpecification","valueRequired":true,"valueName":"search_term_string"}}],"inLanguage":"fr-FR"},{"@type":"Organization","@id":"https:\/\/ledsolintel.com\/#organization","name":"Solintel Noroeste, S.L.","url":"https:\/\/ledsolintel.com\/","logo":{"@type":"ImageObject","inLanguage":"fr-FR","@id":"https:\/\/ledsolintel.com\/#\/schema\/logo\/image\/","url":"https:\/\/ledsolintel.com\/wp-content\/uploads\/2024\/11\/webmenaje-logo-1508269066.jpg","contentUrl":"https:\/\/ledsolintel.com\/wp-content\/uploads\/2024\/11\/webmenaje-logo-1508269066.jpg","width":370,"height":90,"caption":"Solintel Noroeste, S.L."},"image":{"@id":"https:\/\/ledsolintel.com\/#\/schema\/logo\/image\/"},"sameAs":["http:\/\/www.facebook.com\/webmenaje","https:\/\/x.com\/webmenaje","https:\/\/www.youtube.com\/channel\/UCX2KoVoeCG4LocZjUc6LmSQ","http:\/\/www.pinterest.com\/webmenaje"]}]}},"_links":{"self":[{"href":"https:\/\/ledsolintel.com\/fr\/wp-json\/wp\/v2\/product\/255022","targetHints":{"allow":["GET"]}}],"collection":[{"href":"https:\/\/ledsolintel.com\/fr\/wp-json\/wp\/v2\/product"}],"about":[{"href":"https:\/\/ledsolintel.com\/fr\/wp-json\/wp\/v2\/types\/product"}],"version-history":[{"count":0,"href":"https:\/\/ledsolintel.com\/fr\/wp-json\/wp\/v2\/product\/255022\/revisions"}],"wp:featuredmedia":[{"embeddable":true,"href":"https:\/\/ledsolintel.com\/fr\/wp-json\/wp\/v2\/media\/255021"}],"wp:attachment":[{"href":"https:\/\/ledsolintel.com\/fr\/wp-json\/wp\/v2\/media?parent=255022"}],"wp:term":[{"taxonomy":"product_brand","embeddable":true,"href":"https:\/\/ledsolintel.com\/fr\/wp-json\/wp\/v2\/product_brand?post=255022"},{"taxonomy":"product_cat","embeddable":true,"href":"https:\/\/ledsolintel.com\/fr\/wp-json\/wp\/v2\/product_cat?post=255022"},{"taxonomy":"product_tag","embeddable":true,"href":"https:\/\/ledsolintel.com\/fr\/wp-json\/wp\/v2\/product_tag?post=255022"}],"curies":[{"name":"wp","href":"https:\/\/api.w.org\/{rel}","templated":true}]}}