{"id":255003,"date":"2024-05-23T12:01:54","date_gmt":"2024-05-23T10:01:54","guid":{"rendered":"https:\/\/nueva.ledsolintel.com\/product\/ac80188-caja-tipo-cpm-1me-uf-contador-electrico-c-tejadillo\/"},"modified":"2024-05-23T12:01:54","modified_gmt":"2024-05-23T10:01:54","slug":"ac80188-caja-tipo-cpm-1me-uf-contador-electrico-c-tejadillo","status":"publish","type":"product","link":"https:\/\/ledsolintel.com\/fr\/produit-2\/ac80188-caja-tipo-cpm-1me-uf-contador-electrico-c-tejadillo\/","title":{"rendered":"AC80188 BOX TYPE CPM-1ME-UF ELECTRIC METER W \/ CANOPY"},"content":{"rendered":"<p>Bo\u00eetier de protection et de comptage type CPM-1ME-UF, pour les alimentations individuelles d'une puissance inf\u00e9rieure \u00e0 15kW. Pour compteurs \u00e9lectroniques monophas\u00e9s multifonctions, avec trois socles de fusibles rotatifs FS 100 de taille 22\u00d758 et un dispositif de neutre d\u00e9connectable.<\/p>","protected":false},"excerpt":{"rendered":"<p>Bo\u00eetier de protection et de comptage type CPM-1ME-UF, pour les alimentations individuelles d'une puissance inf\u00e9rieure \u00e0 15kW. Pour compteurs \u00e9lectroniques monophas\u00e9s multifonctions, avec trois socles de fusibles rotatifs FS 100 de taille 22\u00d758 et un dispositif de neutre d\u00e9connectable.<\/p>","protected":false},"featured_media":255001,"template":"","meta":[],"product_brand":[99531],"product_cat":[100075,99769,99617,99601],"product_tag":[],"class_list":{"0":"post-255003","1":"product","2":"type-product","3":"status-publish","4":"has-post-thumbnail","6":"product_brand-claved","7":"product_cat-cajas-contador","8":"product_cat-cajas-instalacion","9":"product_cat-material-electrico","10":"product_cat-gyemo","13":"instock","14":"taxable","15":"shipping-taxable","16":"purchasable","17":"product-type-simple"},"yoast_head":"<!-- This site is optimized with the Yoast SEO plugin v26.6 - https:\/\/yoast.com\/wordpress\/plugins\/seo\/ -->\n<title>AC80188 CAJA TIPO CPM-1ME-UF CONTADOR ELECTRICO C\/ TEJADILLO - Ledsolintel<\/title>\n<meta name=\"robots\" content=\"index, follow, max-snippet:-1, max-image-preview:large, max-video-preview:-1\" \/>\n<link rel=\"canonical\" href=\"https:\/\/ledsolintel.com\/fr\/produit-2\/ac80188-caja-tipo-cpm-1me-uf-contador-electrico-c-tejadillo\/\" \/>\n<meta property=\"og:locale\" content=\"fr_FR\" \/>\n<meta property=\"og:type\" content=\"article\" \/>\n<meta property=\"og:title\" content=\"AC80188 CAJA TIPO CPM-1ME-UF CONTADOR ELECTRICO C\/ TEJADILLO - Ledsolintel\" \/>\n<meta property=\"og:description\" content=\"Caja de protecci\u00f3n y medida tipo CPM-1ME-UF, para suministros individuales de potencia inferior a 15kW. Para contadores monof\u00e1sicos electr\u00f3nicos multifunci\u00f3n, con tres bases portafusibles rotativo FS 100 tama\u00f1o 22\u00d758 y un dispositivo de neutro seccionable\" \/>\n<meta property=\"og:url\" content=\"https:\/\/ledsolintel.com\/fr\/produit-2\/ac80188-caja-tipo-cpm-1me-uf-contador-electrico-c-tejadillo\/\" \/>\n<meta property=\"og:site_name\" content=\"Ledsolintel\" \/>\n<meta property=\"article:publisher\" content=\"http:\/\/www.facebook.com\/webmenaje\" \/>\n<meta property=\"og:image\" content=\"https:\/\/ledsolintel.com\/wp-content\/uploads\/2024\/05\/29896-AC80188-CAJA-TIPO-CPM-1ME-UF-CONTADOR-ELECTRICO-C-TEJADILLO.jpg\" \/>\n\t<meta property=\"og:image:width\" content=\"1\" \/>\n\t<meta property=\"og:image:height\" content=\"1\" \/>\n\t<meta property=\"og:image:type\" content=\"image\/jpeg\" \/>\n<meta name=\"twitter:card\" content=\"summary_large_image\" \/>\n<meta name=\"twitter:site\" content=\"@webmenaje\" \/>\n<script type=\"application\/ld+json\" class=\"yoast-schema-graph\">{\"@context\":\"https:\/\/schema.org\",\"@graph\":[{\"@type\":\"WebPage\",\"@id\":\"https:\/\/ledsolintel.com\/product\/ac80188-caja-tipo-cpm-1me-uf-contador-electrico-c-tejadillo\/\",\"url\":\"https:\/\/ledsolintel.com\/product\/ac80188-caja-tipo-cpm-1me-uf-contador-electrico-c-tejadillo\/\",\"name\":\"AC80188 CAJA TIPO CPM-1ME-UF CONTADOR ELECTRICO C\/ TEJADILLO - Ledsolintel\",\"isPartOf\":{\"@id\":\"https:\/\/ledsolintel.com\/#website\"},\"primaryImageOfPage\":{\"@id\":\"https:\/\/ledsolintel.com\/product\/ac80188-caja-tipo-cpm-1me-uf-contador-electrico-c-tejadillo\/#primaryimage\"},\"image\":{\"@id\":\"https:\/\/ledsolintel.com\/product\/ac80188-caja-tipo-cpm-1me-uf-contador-electrico-c-tejadillo\/#primaryimage\"},\"thumbnailUrl\":\"https:\/\/ledsolintel.com\/wp-content\/uploads\/2024\/05\/29896-AC80188-CAJA-TIPO-CPM-1ME-UF-CONTADOR-ELECTRICO-C-TEJADILLO.jpg\",\"datePublished\":\"2024-05-23T10:01:54+00:00\",\"breadcrumb\":{\"@id\":\"https:\/\/ledsolintel.com\/product\/ac80188-caja-tipo-cpm-1me-uf-contador-electrico-c-tejadillo\/#breadcrumb\"},\"inLanguage\":\"fr-FR\",\"potentialAction\":[{\"@type\":\"ReadAction\",\"target\":[\"https:\/\/ledsolintel.com\/product\/ac80188-caja-tipo-cpm-1me-uf-contador-electrico-c-tejadillo\/\"]}]},{\"@type\":\"ImageObject\",\"inLanguage\":\"fr-FR\",\"@id\":\"https:\/\/ledsolintel.com\/product\/ac80188-caja-tipo-cpm-1me-uf-contador-electrico-c-tejadillo\/#primaryimage\",\"url\":\"https:\/\/ledsolintel.com\/wp-content\/uploads\/2024\/05\/29896-AC80188-CAJA-TIPO-CPM-1ME-UF-CONTADOR-ELECTRICO-C-TEJADILLO.jpg\",\"contentUrl\":\"https:\/\/ledsolintel.com\/wp-content\/uploads\/2024\/05\/29896-AC80188-CAJA-TIPO-CPM-1ME-UF-CONTADOR-ELECTRICO-C-TEJADILLO.jpg\",\"caption\":\"AC80188 CAJA TIPO CPM-1ME-UF CONTADOR ELECTRICO C\/ TEJADILLO\"},{\"@type\":\"BreadcrumbList\",\"@id\":\"https:\/\/ledsolintel.com\/product\/ac80188-caja-tipo-cpm-1me-uf-contador-electrico-c-tejadillo\/#breadcrumb\",\"itemListElement\":[{\"@type\":\"ListItem\",\"position\":1,\"name\":\"Portada\",\"item\":\"https:\/\/ledsolintel.com\/fr\/\"},{\"@type\":\"ListItem\",\"position\":2,\"name\":\"Tienda\",\"item\":\"https:\/\/ledsolintel.com\/tienda\/\"},{\"@type\":\"ListItem\",\"position\":3,\"name\":\"AC80188 CAJA TIPO CPM-1ME-UF CONTADOR ELECTRICO C\/ TEJADILLO\"}]},{\"@type\":\"WebSite\",\"@id\":\"https:\/\/ledsolintel.com\/#website\",\"url\":\"https:\/\/ledsolintel.com\/\",\"name\":\"Webmenaje\",\"description\":\"Tienda de bombillas y l\u00e1mparas LED para profesionales\",\"publisher\":{\"@id\":\"https:\/\/ledsolintel.com\/#organization\"},\"potentialAction\":[{\"@type\":\"SearchAction\",\"target\":{\"@type\":\"EntryPoint\",\"urlTemplate\":\"https:\/\/ledsolintel.com\/?s={search_term_string}\"},\"query-input\":{\"@type\":\"PropertyValueSpecification\",\"valueRequired\":true,\"valueName\":\"search_term_string\"}}],\"inLanguage\":\"fr-FR\"},{\"@type\":\"Organization\",\"@id\":\"https:\/\/ledsolintel.com\/#organization\",\"name\":\"Solintel Noroeste, S.L.\",\"url\":\"https:\/\/ledsolintel.com\/\",\"logo\":{\"@type\":\"ImageObject\",\"inLanguage\":\"fr-FR\",\"@id\":\"https:\/\/ledsolintel.com\/#\/schema\/logo\/image\/\",\"url\":\"https:\/\/ledsolintel.com\/wp-content\/uploads\/2024\/11\/webmenaje-logo-1508269066.jpg\",\"contentUrl\":\"https:\/\/ledsolintel.com\/wp-content\/uploads\/2024\/11\/webmenaje-logo-1508269066.jpg\",\"width\":370,\"height\":90,\"caption\":\"Solintel Noroeste, S.L.\"},\"image\":{\"@id\":\"https:\/\/ledsolintel.com\/#\/schema\/logo\/image\/\"},\"sameAs\":[\"http:\/\/www.facebook.com\/webmenaje\",\"https:\/\/x.com\/webmenaje\",\"https:\/\/www.youtube.com\/channel\/UCX2KoVoeCG4LocZjUc6LmSQ\",\"http:\/\/www.pinterest.com\/webmenaje\"]}]}<\/script>\n<!-- \/ Yoast SEO plugin. -->","yoast_head_json":{"title":"AC80188 CAJA TIPO CPM-1ME-UF CONTADOR ELECTRICO C\/ TEJADILLO - Ledsolintel","robots":{"index":"index","follow":"follow","max-snippet":"max-snippet:-1","max-image-preview":"max-image-preview:large","max-video-preview":"max-video-preview:-1"},"canonical":"https:\/\/ledsolintel.com\/fr\/produit-2\/ac80188-caja-tipo-cpm-1me-uf-contador-electrico-c-tejadillo\/","og_locale":"fr_FR","og_type":"article","og_title":"AC80188 CAJA TIPO CPM-1ME-UF CONTADOR ELECTRICO C\/ TEJADILLO - Ledsolintel","og_description":"Caja de protecci\u00f3n y medida tipo CPM-1ME-UF, para suministros individuales de potencia inferior a 15kW. Para contadores monof\u00e1sicos electr\u00f3nicos multifunci\u00f3n, con tres bases portafusibles rotativo FS 100 tama\u00f1o 22\u00d758 y un dispositivo de neutro seccionable","og_url":"https:\/\/ledsolintel.com\/fr\/produit-2\/ac80188-caja-tipo-cpm-1me-uf-contador-electrico-c-tejadillo\/","og_site_name":"Ledsolintel","article_publisher":"http:\/\/www.facebook.com\/webmenaje","og_image":[{"url":"https:\/\/ledsolintel.com\/wp-content\/uploads\/2024\/05\/29896-AC80188-CAJA-TIPO-CPM-1ME-UF-CONTADOR-ELECTRICO-C-TEJADILLO.jpg","width":1,"height":1,"type":"image\/jpeg"}],"twitter_card":"summary_large_image","twitter_site":"@webmenaje","schema":{"@context":"https:\/\/schema.org","@graph":[{"@type":"WebPage","@id":"https:\/\/ledsolintel.com\/product\/ac80188-caja-tipo-cpm-1me-uf-contador-electrico-c-tejadillo\/","url":"https:\/\/ledsolintel.com\/product\/ac80188-caja-tipo-cpm-1me-uf-contador-electrico-c-tejadillo\/","name":"AC80188 CAJA TIPO CPM-1ME-UF CONTADOR ELECTRICO C\/ TEJADILLO - Ledsolintel","isPartOf":{"@id":"https:\/\/ledsolintel.com\/#website"},"primaryImageOfPage":{"@id":"https:\/\/ledsolintel.com\/product\/ac80188-caja-tipo-cpm-1me-uf-contador-electrico-c-tejadillo\/#primaryimage"},"image":{"@id":"https:\/\/ledsolintel.com\/product\/ac80188-caja-tipo-cpm-1me-uf-contador-electrico-c-tejadillo\/#primaryimage"},"thumbnailUrl":"https:\/\/ledsolintel.com\/wp-content\/uploads\/2024\/05\/29896-AC80188-CAJA-TIPO-CPM-1ME-UF-CONTADOR-ELECTRICO-C-TEJADILLO.jpg","datePublished":"2024-05-23T10:01:54+00:00","breadcrumb":{"@id":"https:\/\/ledsolintel.com\/product\/ac80188-caja-tipo-cpm-1me-uf-contador-electrico-c-tejadillo\/#breadcrumb"},"inLanguage":"fr-FR","potentialAction":[{"@type":"ReadAction","target":["https:\/\/ledsolintel.com\/product\/ac80188-caja-tipo-cpm-1me-uf-contador-electrico-c-tejadillo\/"]}]},{"@type":"ImageObject","inLanguage":"fr-FR","@id":"https:\/\/ledsolintel.com\/product\/ac80188-caja-tipo-cpm-1me-uf-contador-electrico-c-tejadillo\/#primaryimage","url":"https:\/\/ledsolintel.com\/wp-content\/uploads\/2024\/05\/29896-AC80188-CAJA-TIPO-CPM-1ME-UF-CONTADOR-ELECTRICO-C-TEJADILLO.jpg","contentUrl":"https:\/\/ledsolintel.com\/wp-content\/uploads\/2024\/05\/29896-AC80188-CAJA-TIPO-CPM-1ME-UF-CONTADOR-ELECTRICO-C-TEJADILLO.jpg","caption":"AC80188 CAJA TIPO CPM-1ME-UF CONTADOR ELECTRICO C\/ TEJADILLO"},{"@type":"BreadcrumbList","@id":"https:\/\/ledsolintel.com\/product\/ac80188-caja-tipo-cpm-1me-uf-contador-electrico-c-tejadillo\/#breadcrumb","itemListElement":[{"@type":"ListItem","position":1,"name":"Portada","item":"https:\/\/ledsolintel.com\/fr\/"},{"@type":"ListItem","position":2,"name":"Tienda","item":"https:\/\/ledsolintel.com\/tienda\/"},{"@type":"ListItem","position":3,"name":"AC80188 CAJA TIPO CPM-1ME-UF CONTADOR ELECTRICO C\/ TEJADILLO"}]},{"@type":"WebSite","@id":"https:\/\/ledsolintel.com\/#website","url":"https:\/\/ledsolintel.com\/","name":"Webmenaje","description":"Magasin d'ampoules et de lampes LED pour les professionnels","publisher":{"@id":"https:\/\/ledsolintel.com\/#organization"},"potentialAction":[{"@type":"SearchAction","target":{"@type":"EntryPoint","urlTemplate":"https:\/\/ledsolintel.com\/?s={search_term_string}"},"query-input":{"@type":"PropertyValueSpecification","valueRequired":true,"valueName":"search_term_string"}}],"inLanguage":"fr-FR"},{"@type":"Organization","@id":"https:\/\/ledsolintel.com\/#organization","name":"Solintel Noroeste, S.L.","url":"https:\/\/ledsolintel.com\/","logo":{"@type":"ImageObject","inLanguage":"fr-FR","@id":"https:\/\/ledsolintel.com\/#\/schema\/logo\/image\/","url":"https:\/\/ledsolintel.com\/wp-content\/uploads\/2024\/11\/webmenaje-logo-1508269066.jpg","contentUrl":"https:\/\/ledsolintel.com\/wp-content\/uploads\/2024\/11\/webmenaje-logo-1508269066.jpg","width":370,"height":90,"caption":"Solintel Noroeste, S.L."},"image":{"@id":"https:\/\/ledsolintel.com\/#\/schema\/logo\/image\/"},"sameAs":["http:\/\/www.facebook.com\/webmenaje","https:\/\/x.com\/webmenaje","https:\/\/www.youtube.com\/channel\/UCX2KoVoeCG4LocZjUc6LmSQ","http:\/\/www.pinterest.com\/webmenaje"]}]}},"_links":{"self":[{"href":"https:\/\/ledsolintel.com\/fr\/wp-json\/wp\/v2\/product\/255003","targetHints":{"allow":["GET"]}}],"collection":[{"href":"https:\/\/ledsolintel.com\/fr\/wp-json\/wp\/v2\/product"}],"about":[{"href":"https:\/\/ledsolintel.com\/fr\/wp-json\/wp\/v2\/types\/product"}],"version-history":[{"count":0,"href":"https:\/\/ledsolintel.com\/fr\/wp-json\/wp\/v2\/product\/255003\/revisions"}],"wp:featuredmedia":[{"embeddable":true,"href":"https:\/\/ledsolintel.com\/fr\/wp-json\/wp\/v2\/media\/255001"}],"wp:attachment":[{"href":"https:\/\/ledsolintel.com\/fr\/wp-json\/wp\/v2\/media?parent=255003"}],"wp:term":[{"taxonomy":"product_brand","embeddable":true,"href":"https:\/\/ledsolintel.com\/fr\/wp-json\/wp\/v2\/product_brand?post=255003"},{"taxonomy":"product_cat","embeddable":true,"href":"https:\/\/ledsolintel.com\/fr\/wp-json\/wp\/v2\/product_cat?post=255003"},{"taxonomy":"product_tag","embeddable":true,"href":"https:\/\/ledsolintel.com\/fr\/wp-json\/wp\/v2\/product_tag?post=255003"}],"curies":[{"name":"wp","href":"https:\/\/api.w.org\/{rel}","templated":true}]}}