{"id":254966,"date":"2024-05-23T12:01:54","date_gmt":"2024-05-23T10:01:54","guid":{"rendered":"https:\/\/nueva.ledsolintel.com\/product\/caja-estanca-para-8-elementos\/"},"modified":"2024-05-23T12:01:54","modified_gmt":"2024-05-23T10:01:54","slug":"caja-estanca-para-8-elementos","status":"publish","type":"product","link":"https:\/\/ledsolintel.com\/fr\/produit-2\/caja-estanca-para-8-elementos\/","title":{"rendered":"BO\u00ceTE \u00c9TANCHE POUR 8 \u00c9L\u00c9MENTS"},"content":{"rendered":"<p>Conforme \u00e0 la directive 2014\/35\/UE. Conforme \u00e0 la directive actuelle (RoHS) et aux normes UNE-EN 62208 et UNE-EN 61439-1 et 3. R\u00e9sistance au feu 650\u00baC. Scellable. Avec parois pr\u00eates \u00e0 l'emploi. Dimensions : largeur x hauteur x profondeur.<\/p>","protected":false},"excerpt":{"rendered":"<p>Conforme \u00e0 la directive 2014\/35\/UE. Conforme \u00e0 la directive actuelle (RoHS) et aux normes UNE-EN 62208 et UNE-EN 61439-1 et 3. R\u00e9sistance au feu 650\u00baC. Scellable. Avec parois pr\u00eates \u00e0 l'emploi. Dimensions : largeur x hauteur x profondeur.<\/p>","protected":false},"featured_media":254965,"template":"","meta":[],"product_brand":[99499],"product_cat":[99769,100077,99601,99617],"product_tag":[],"class_list":{"0":"post-254966","1":"product","2":"type-product","3":"status-publish","4":"has-post-thumbnail","6":"product_brand-solera","7":"product_cat-cajas-instalacion","8":"product_cat-cajas-y-conectores-estancos","9":"product_cat-gyemo","10":"product_cat-material-electrico","13":"instock","14":"taxable","15":"shipping-taxable","16":"purchasable","17":"product-type-simple"},"yoast_head":"<!-- This site is optimized with the Yoast SEO plugin v27.4 - https:\/\/yoast.com\/product\/yoast-seo-wordpress\/ -->\n<title>CAJA ESTANCA PARA 8 ELEMENTOS - Ledsolintel<\/title>\n<meta name=\"robots\" content=\"index, follow, max-snippet:-1, max-image-preview:large, max-video-preview:-1\" \/>\n<link rel=\"canonical\" href=\"https:\/\/ledsolintel.com\/fr\/produit-2\/caja-estanca-para-8-elementos\/\" \/>\n<meta property=\"og:locale\" content=\"fr_FR\" \/>\n<meta property=\"og:type\" content=\"article\" \/>\n<meta property=\"og:title\" content=\"CAJA ESTANCA PARA 8 ELEMENTOS - Ledsolintel\" \/>\n<meta property=\"og:description\" content=\"Conforme a la Directiva 2014\/35\/UE. Conforme a la Directiva vigente (RoHS) y a la normativa UNE-EN 62208 y UNE-EN 61439-1 y 3. Material libre de hal\u00f3genos. Resistencia al fuego 650\u00baC. Precintables. Con paredes listas. Medidas: anchura x altura x profundi\" \/>\n<meta property=\"og:url\" content=\"https:\/\/ledsolintel.com\/fr\/produit-2\/caja-estanca-para-8-elementos\/\" \/>\n<meta property=\"og:site_name\" content=\"Ledsolintel\" \/>\n<meta property=\"article:publisher\" content=\"http:\/\/www.facebook.com\/webmenaje\" \/>\n<meta property=\"og:image\" content=\"https:\/\/ledsolintel.com\/wp-content\/uploads\/2024\/05\/29877-CAJA-ESTANCA-PARA-8-ELEMENTOS.jpg\" \/>\n\t<meta property=\"og:image:width\" content=\"1\" \/>\n\t<meta property=\"og:image:height\" content=\"1\" \/>\n\t<meta property=\"og:image:type\" content=\"image\/jpeg\" \/>\n<meta name=\"twitter:card\" content=\"summary_large_image\" \/>\n<meta name=\"twitter:site\" content=\"@webmenaje\" \/>\n<script type=\"application\/ld+json\" class=\"yoast-schema-graph\">{\"@context\":\"https:\\\/\\\/schema.org\",\"@graph\":[{\"@type\":\"WebPage\",\"@id\":\"https:\\\/\\\/ledsolintel.com\\\/product\\\/caja-estanca-para-8-elementos\\\/\",\"url\":\"https:\\\/\\\/ledsolintel.com\\\/product\\\/caja-estanca-para-8-elementos\\\/\",\"name\":\"CAJA ESTANCA PARA 8 ELEMENTOS - Ledsolintel\",\"isPartOf\":{\"@id\":\"https:\\\/\\\/ledsolintel.com\\\/#website\"},\"primaryImageOfPage\":{\"@id\":\"https:\\\/\\\/ledsolintel.com\\\/product\\\/caja-estanca-para-8-elementos\\\/#primaryimage\"},\"image\":{\"@id\":\"https:\\\/\\\/ledsolintel.com\\\/product\\\/caja-estanca-para-8-elementos\\\/#primaryimage\"},\"thumbnailUrl\":\"https:\\\/\\\/ledsolintel.com\\\/wp-content\\\/uploads\\\/2024\\\/05\\\/29877-CAJA-ESTANCA-PARA-8-ELEMENTOS.jpg\",\"datePublished\":\"2024-05-23T10:01:54+00:00\",\"breadcrumb\":{\"@id\":\"https:\\\/\\\/ledsolintel.com\\\/product\\\/caja-estanca-para-8-elementos\\\/#breadcrumb\"},\"inLanguage\":\"fr-FR\",\"potentialAction\":[{\"@type\":\"ReadAction\",\"target\":[\"https:\\\/\\\/ledsolintel.com\\\/product\\\/caja-estanca-para-8-elementos\\\/\"]}]},{\"@type\":\"ImageObject\",\"inLanguage\":\"fr-FR\",\"@id\":\"https:\\\/\\\/ledsolintel.com\\\/product\\\/caja-estanca-para-8-elementos\\\/#primaryimage\",\"url\":\"https:\\\/\\\/ledsolintel.com\\\/wp-content\\\/uploads\\\/2024\\\/05\\\/29877-CAJA-ESTANCA-PARA-8-ELEMENTOS.jpg\",\"contentUrl\":\"https:\\\/\\\/ledsolintel.com\\\/wp-content\\\/uploads\\\/2024\\\/05\\\/29877-CAJA-ESTANCA-PARA-8-ELEMENTOS.jpg\",\"caption\":\"CAJA ESTANCA PARA 8 ELEMENTOS\"},{\"@type\":\"BreadcrumbList\",\"@id\":\"https:\\\/\\\/ledsolintel.com\\\/product\\\/caja-estanca-para-8-elementos\\\/#breadcrumb\",\"itemListElement\":[{\"@type\":\"ListItem\",\"position\":1,\"name\":\"Portada\",\"item\":\"https:\\\/\\\/ledsolintel.com\\\/fr\\\/\"},{\"@type\":\"ListItem\",\"position\":2,\"name\":\"Tienda\",\"item\":\"https:\\\/\\\/ledsolintel.com\\\/tienda\\\/\"},{\"@type\":\"ListItem\",\"position\":3,\"name\":\"CAJA ESTANCA PARA 8 ELEMENTOS\"}]},{\"@type\":\"WebSite\",\"@id\":\"https:\\\/\\\/ledsolintel.com\\\/#website\",\"url\":\"https:\\\/\\\/ledsolintel.com\\\/\",\"name\":\"Webmenaje\",\"description\":\"Tienda de bombillas y l\u00e1mparas LED para profesionales\",\"publisher\":{\"@id\":\"https:\\\/\\\/ledsolintel.com\\\/#organization\"},\"potentialAction\":[{\"@type\":\"SearchAction\",\"target\":{\"@type\":\"EntryPoint\",\"urlTemplate\":\"https:\\\/\\\/ledsolintel.com\\\/?s={search_term_string}\"},\"query-input\":{\"@type\":\"PropertyValueSpecification\",\"valueRequired\":true,\"valueName\":\"search_term_string\"}}],\"inLanguage\":\"fr-FR\"},{\"@type\":\"Organization\",\"@id\":\"https:\\\/\\\/ledsolintel.com\\\/#organization\",\"name\":\"Solintel Noroeste, S.L.\",\"url\":\"https:\\\/\\\/ledsolintel.com\\\/\",\"logo\":{\"@type\":\"ImageObject\",\"inLanguage\":\"fr-FR\",\"@id\":\"https:\\\/\\\/ledsolintel.com\\\/#\\\/schema\\\/logo\\\/image\\\/\",\"url\":\"https:\\\/\\\/ledsolintel.com\\\/wp-content\\\/uploads\\\/2024\\\/11\\\/webmenaje-logo-1508269066.jpg\",\"contentUrl\":\"https:\\\/\\\/ledsolintel.com\\\/wp-content\\\/uploads\\\/2024\\\/11\\\/webmenaje-logo-1508269066.jpg\",\"width\":370,\"height\":90,\"caption\":\"Solintel Noroeste, S.L.\"},\"image\":{\"@id\":\"https:\\\/\\\/ledsolintel.com\\\/#\\\/schema\\\/logo\\\/image\\\/\"},\"sameAs\":[\"http:\\\/\\\/www.facebook.com\\\/webmenaje\",\"https:\\\/\\\/x.com\\\/webmenaje\",\"https:\\\/\\\/www.youtube.com\\\/channel\\\/UCX2KoVoeCG4LocZjUc6LmSQ\",\"http:\\\/\\\/www.pinterest.com\\\/webmenaje\"]}]}<\/script>\n<!-- \/ Yoast SEO plugin. -->","yoast_head_json":{"title":"CAJA ESTANCA PARA 8 ELEMENTOS - Ledsolintel","robots":{"index":"index","follow":"follow","max-snippet":"max-snippet:-1","max-image-preview":"max-image-preview:large","max-video-preview":"max-video-preview:-1"},"canonical":"https:\/\/ledsolintel.com\/fr\/produit-2\/caja-estanca-para-8-elementos\/","og_locale":"fr_FR","og_type":"article","og_title":"CAJA ESTANCA PARA 8 ELEMENTOS - Ledsolintel","og_description":"Conforme a la Directiva 2014\/35\/UE. Conforme a la Directiva vigente (RoHS) y a la normativa UNE-EN 62208 y UNE-EN 61439-1 y 3. Material libre de hal\u00f3genos. Resistencia al fuego 650\u00baC. Precintables. Con paredes listas. Medidas: anchura x altura x profundi","og_url":"https:\/\/ledsolintel.com\/fr\/produit-2\/caja-estanca-para-8-elementos\/","og_site_name":"Ledsolintel","article_publisher":"http:\/\/www.facebook.com\/webmenaje","og_image":[{"url":"https:\/\/ledsolintel.com\/wp-content\/uploads\/2024\/05\/29877-CAJA-ESTANCA-PARA-8-ELEMENTOS.jpg","width":1,"height":1,"type":"image\/jpeg"}],"twitter_card":"summary_large_image","twitter_site":"@webmenaje","schema":{"@context":"https:\/\/schema.org","@graph":[{"@type":"WebPage","@id":"https:\/\/ledsolintel.com\/product\/caja-estanca-para-8-elementos\/","url":"https:\/\/ledsolintel.com\/product\/caja-estanca-para-8-elementos\/","name":"CAJA ESTANCA PARA 8 ELEMENTOS - Ledsolintel","isPartOf":{"@id":"https:\/\/ledsolintel.com\/#website"},"primaryImageOfPage":{"@id":"https:\/\/ledsolintel.com\/product\/caja-estanca-para-8-elementos\/#primaryimage"},"image":{"@id":"https:\/\/ledsolintel.com\/product\/caja-estanca-para-8-elementos\/#primaryimage"},"thumbnailUrl":"https:\/\/ledsolintel.com\/wp-content\/uploads\/2024\/05\/29877-CAJA-ESTANCA-PARA-8-ELEMENTOS.jpg","datePublished":"2024-05-23T10:01:54+00:00","breadcrumb":{"@id":"https:\/\/ledsolintel.com\/product\/caja-estanca-para-8-elementos\/#breadcrumb"},"inLanguage":"fr-FR","potentialAction":[{"@type":"ReadAction","target":["https:\/\/ledsolintel.com\/product\/caja-estanca-para-8-elementos\/"]}]},{"@type":"ImageObject","inLanguage":"fr-FR","@id":"https:\/\/ledsolintel.com\/product\/caja-estanca-para-8-elementos\/#primaryimage","url":"https:\/\/ledsolintel.com\/wp-content\/uploads\/2024\/05\/29877-CAJA-ESTANCA-PARA-8-ELEMENTOS.jpg","contentUrl":"https:\/\/ledsolintel.com\/wp-content\/uploads\/2024\/05\/29877-CAJA-ESTANCA-PARA-8-ELEMENTOS.jpg","caption":"CAJA ESTANCA PARA 8 ELEMENTOS"},{"@type":"BreadcrumbList","@id":"https:\/\/ledsolintel.com\/product\/caja-estanca-para-8-elementos\/#breadcrumb","itemListElement":[{"@type":"ListItem","position":1,"name":"Portada","item":"https:\/\/ledsolintel.com\/fr\/"},{"@type":"ListItem","position":2,"name":"Tienda","item":"https:\/\/ledsolintel.com\/tienda\/"},{"@type":"ListItem","position":3,"name":"CAJA ESTANCA PARA 8 ELEMENTOS"}]},{"@type":"WebSite","@id":"https:\/\/ledsolintel.com\/#website","url":"https:\/\/ledsolintel.com\/","name":"Webmenaje","description":"Magasin d'ampoules et de lampes LED pour les professionnels","publisher":{"@id":"https:\/\/ledsolintel.com\/#organization"},"potentialAction":[{"@type":"SearchAction","target":{"@type":"EntryPoint","urlTemplate":"https:\/\/ledsolintel.com\/?s={search_term_string}"},"query-input":{"@type":"PropertyValueSpecification","valueRequired":true,"valueName":"search_term_string"}}],"inLanguage":"fr-FR"},{"@type":"Organization","@id":"https:\/\/ledsolintel.com\/#organization","name":"Solintel Noroeste, S.L.","url":"https:\/\/ledsolintel.com\/","logo":{"@type":"ImageObject","inLanguage":"fr-FR","@id":"https:\/\/ledsolintel.com\/#\/schema\/logo\/image\/","url":"https:\/\/ledsolintel.com\/wp-content\/uploads\/2024\/11\/webmenaje-logo-1508269066.jpg","contentUrl":"https:\/\/ledsolintel.com\/wp-content\/uploads\/2024\/11\/webmenaje-logo-1508269066.jpg","width":370,"height":90,"caption":"Solintel Noroeste, S.L."},"image":{"@id":"https:\/\/ledsolintel.com\/#\/schema\/logo\/image\/"},"sameAs":["http:\/\/www.facebook.com\/webmenaje","https:\/\/x.com\/webmenaje","https:\/\/www.youtube.com\/channel\/UCX2KoVoeCG4LocZjUc6LmSQ","http:\/\/www.pinterest.com\/webmenaje"]}]}},"_links":{"self":[{"href":"https:\/\/ledsolintel.com\/fr\/wp-json\/wp\/v2\/product\/254966","targetHints":{"allow":["GET"]}}],"collection":[{"href":"https:\/\/ledsolintel.com\/fr\/wp-json\/wp\/v2\/product"}],"about":[{"href":"https:\/\/ledsolintel.com\/fr\/wp-json\/wp\/v2\/types\/product"}],"version-history":[{"count":0,"href":"https:\/\/ledsolintel.com\/fr\/wp-json\/wp\/v2\/product\/254966\/revisions"}],"wp:featuredmedia":[{"embeddable":true,"href":"https:\/\/ledsolintel.com\/fr\/wp-json\/wp\/v2\/media\/254965"}],"wp:attachment":[{"href":"https:\/\/ledsolintel.com\/fr\/wp-json\/wp\/v2\/media?parent=254966"}],"wp:term":[{"taxonomy":"product_brand","embeddable":true,"href":"https:\/\/ledsolintel.com\/fr\/wp-json\/wp\/v2\/product_brand?post=254966"},{"taxonomy":"product_cat","embeddable":true,"href":"https:\/\/ledsolintel.com\/fr\/wp-json\/wp\/v2\/product_cat?post=254966"},{"taxonomy":"product_tag","embeddable":true,"href":"https:\/\/ledsolintel.com\/fr\/wp-json\/wp\/v2\/product_tag?post=254966"}],"curies":[{"name":"wp","href":"https:\/\/api.w.org\/{rel}","templated":true}]}}