{"id":254950,"date":"2024-05-23T12:01:54","date_gmt":"2024-05-23T10:01:54","guid":{"rendered":"https:\/\/nueva.ledsolintel.com\/product\/5314-caja-pared-hueca-194x154x50-solera\/"},"modified":"2024-05-23T12:01:54","modified_gmt":"2024-05-23T10:01:54","slug":"5314-caja-pared-hueca-194x154x50-solera","status":"publish","type":"product","link":"https:\/\/ledsolintel.com\/fr\/produit-2\/5314-caja-pared-hueca-194x154x50-solera\/","title":{"rendered":"5314 BO\u00ceTE MURALE 194x154x50 SOLERA"},"content":{"rendered":"<p>Conforme \u00e0 la directive 2014\/35\/UE. Conforme \u00e0 la Directive 2011\/65\/UW (RoHS) et UNE-EN 60670-1 et 22, UNE-EN 62208. Conforme \u00e0 REBT. Mat\u00e9riau thermoplastique sans halog\u00e8ne. Dimensions : largeur x hauteur x profondeur.<\/p>","protected":false},"excerpt":{"rendered":"<p>Conforme \u00e0 la directive 2014\/35\/UE. Conforme \u00e0 la Directive 2011\/65\/UW (RoHS) et UNE-EN 60670-1 et 22, UNE-EN 62208. Conforme \u00e0 REBT. Mat\u00e9riau thermoplastique sans halog\u00e8ne. Dimensions : largeur x hauteur x profondeur.<\/p>","protected":false},"featured_media":254949,"template":"","meta":[],"product_brand":[99499],"product_cat":[100079,99769,99617,99601],"product_tag":[],"class_list":{"0":"post-254950","1":"product","2":"type-product","3":"status-publish","4":"has-post-thumbnail","6":"product_brand-solera","7":"product_cat-cajas-de-empalme","8":"product_cat-cajas-instalacion","9":"product_cat-material-electrico","10":"product_cat-gyemo","13":"instock","14":"taxable","15":"shipping-taxable","16":"purchasable","17":"product-type-simple"},"yoast_head":"<!-- This site is optimized with the Yoast SEO plugin v26.6 - https:\/\/yoast.com\/wordpress\/plugins\/seo\/ -->\n<title>5314 CAJA PARED HUECA 194x154x50 SOLERA - Ledsolintel<\/title>\n<meta name=\"robots\" content=\"index, follow, max-snippet:-1, max-image-preview:large, max-video-preview:-1\" \/>\n<link rel=\"canonical\" href=\"https:\/\/ledsolintel.com\/fr\/produit-2\/5314-caja-pared-hueca-194x154x50-solera\/\" \/>\n<meta property=\"og:locale\" content=\"fr_FR\" \/>\n<meta property=\"og:type\" content=\"article\" \/>\n<meta property=\"og:title\" content=\"5314 CAJA PARED HUECA 194x154x50 SOLERA - Ledsolintel\" \/>\n<meta property=\"og:description\" content=\"Conforme a la Directiva 2014\/35\/UE. Conforme a la Directiva 2011\/65\/UW (RoHS) y a la normativa UNE-EN 60670-1 y 22, UNE-EN 62208. Conforme a REBT. Material termopl\u00e1stico libre de hal\u00f3genos. Medidas: anchura x altura x profundidad.\" \/>\n<meta property=\"og:url\" content=\"https:\/\/ledsolintel.com\/fr\/produit-2\/5314-caja-pared-hueca-194x154x50-solera\/\" \/>\n<meta property=\"og:site_name\" content=\"Ledsolintel\" \/>\n<meta property=\"article:publisher\" content=\"http:\/\/www.facebook.com\/webmenaje\" \/>\n<meta property=\"og:image\" content=\"https:\/\/ledsolintel.com\/wp-content\/uploads\/2024\/05\/29867-5314-CAJA-PARED-HUECA-194x154x50-SOLERA.jpg\" \/>\n\t<meta property=\"og:image:width\" content=\"1\" \/>\n\t<meta property=\"og:image:height\" content=\"1\" \/>\n\t<meta property=\"og:image:type\" content=\"image\/jpeg\" \/>\n<meta name=\"twitter:card\" content=\"summary_large_image\" \/>\n<meta name=\"twitter:site\" content=\"@webmenaje\" \/>\n<script type=\"application\/ld+json\" class=\"yoast-schema-graph\">{\"@context\":\"https:\/\/schema.org\",\"@graph\":[{\"@type\":\"WebPage\",\"@id\":\"https:\/\/ledsolintel.com\/product\/5314-caja-pared-hueca-194x154x50-solera\/\",\"url\":\"https:\/\/ledsolintel.com\/product\/5314-caja-pared-hueca-194x154x50-solera\/\",\"name\":\"5314 CAJA PARED HUECA 194x154x50 SOLERA - Ledsolintel\",\"isPartOf\":{\"@id\":\"https:\/\/ledsolintel.com\/#website\"},\"primaryImageOfPage\":{\"@id\":\"https:\/\/ledsolintel.com\/product\/5314-caja-pared-hueca-194x154x50-solera\/#primaryimage\"},\"image\":{\"@id\":\"https:\/\/ledsolintel.com\/product\/5314-caja-pared-hueca-194x154x50-solera\/#primaryimage\"},\"thumbnailUrl\":\"https:\/\/ledsolintel.com\/wp-content\/uploads\/2024\/05\/29867-5314-CAJA-PARED-HUECA-194x154x50-SOLERA.jpg\",\"datePublished\":\"2024-05-23T10:01:54+00:00\",\"breadcrumb\":{\"@id\":\"https:\/\/ledsolintel.com\/product\/5314-caja-pared-hueca-194x154x50-solera\/#breadcrumb\"},\"inLanguage\":\"fr-FR\",\"potentialAction\":[{\"@type\":\"ReadAction\",\"target\":[\"https:\/\/ledsolintel.com\/product\/5314-caja-pared-hueca-194x154x50-solera\/\"]}]},{\"@type\":\"ImageObject\",\"inLanguage\":\"fr-FR\",\"@id\":\"https:\/\/ledsolintel.com\/product\/5314-caja-pared-hueca-194x154x50-solera\/#primaryimage\",\"url\":\"https:\/\/ledsolintel.com\/wp-content\/uploads\/2024\/05\/29867-5314-CAJA-PARED-HUECA-194x154x50-SOLERA.jpg\",\"contentUrl\":\"https:\/\/ledsolintel.com\/wp-content\/uploads\/2024\/05\/29867-5314-CAJA-PARED-HUECA-194x154x50-SOLERA.jpg\",\"caption\":\"5314 CAJA PARED HUECA 194x154x50 SOLERA\"},{\"@type\":\"BreadcrumbList\",\"@id\":\"https:\/\/ledsolintel.com\/product\/5314-caja-pared-hueca-194x154x50-solera\/#breadcrumb\",\"itemListElement\":[{\"@type\":\"ListItem\",\"position\":1,\"name\":\"Portada\",\"item\":\"https:\/\/ledsolintel.com\/fr\/\"},{\"@type\":\"ListItem\",\"position\":2,\"name\":\"Tienda\",\"item\":\"https:\/\/ledsolintel.com\/tienda\/\"},{\"@type\":\"ListItem\",\"position\":3,\"name\":\"5314 CAJA PARED HUECA 194x154x50 SOLERA\"}]},{\"@type\":\"WebSite\",\"@id\":\"https:\/\/ledsolintel.com\/#website\",\"url\":\"https:\/\/ledsolintel.com\/\",\"name\":\"Webmenaje\",\"description\":\"Tienda de bombillas y l\u00e1mparas LED para profesionales\",\"publisher\":{\"@id\":\"https:\/\/ledsolintel.com\/#organization\"},\"potentialAction\":[{\"@type\":\"SearchAction\",\"target\":{\"@type\":\"EntryPoint\",\"urlTemplate\":\"https:\/\/ledsolintel.com\/?s={search_term_string}\"},\"query-input\":{\"@type\":\"PropertyValueSpecification\",\"valueRequired\":true,\"valueName\":\"search_term_string\"}}],\"inLanguage\":\"fr-FR\"},{\"@type\":\"Organization\",\"@id\":\"https:\/\/ledsolintel.com\/#organization\",\"name\":\"Solintel Noroeste, S.L.\",\"url\":\"https:\/\/ledsolintel.com\/\",\"logo\":{\"@type\":\"ImageObject\",\"inLanguage\":\"fr-FR\",\"@id\":\"https:\/\/ledsolintel.com\/#\/schema\/logo\/image\/\",\"url\":\"https:\/\/ledsolintel.com\/wp-content\/uploads\/2024\/11\/webmenaje-logo-1508269066.jpg\",\"contentUrl\":\"https:\/\/ledsolintel.com\/wp-content\/uploads\/2024\/11\/webmenaje-logo-1508269066.jpg\",\"width\":370,\"height\":90,\"caption\":\"Solintel Noroeste, S.L.\"},\"image\":{\"@id\":\"https:\/\/ledsolintel.com\/#\/schema\/logo\/image\/\"},\"sameAs\":[\"http:\/\/www.facebook.com\/webmenaje\",\"https:\/\/x.com\/webmenaje\",\"https:\/\/www.youtube.com\/channel\/UCX2KoVoeCG4LocZjUc6LmSQ\",\"http:\/\/www.pinterest.com\/webmenaje\"]}]}<\/script>\n<!-- \/ Yoast SEO plugin. -->","yoast_head_json":{"title":"5314 CAJA PARED HUECA 194x154x50 SOLERA - Ledsolintel","robots":{"index":"index","follow":"follow","max-snippet":"max-snippet:-1","max-image-preview":"max-image-preview:large","max-video-preview":"max-video-preview:-1"},"canonical":"https:\/\/ledsolintel.com\/fr\/produit-2\/5314-caja-pared-hueca-194x154x50-solera\/","og_locale":"fr_FR","og_type":"article","og_title":"5314 CAJA PARED HUECA 194x154x50 SOLERA - Ledsolintel","og_description":"Conforme a la Directiva 2014\/35\/UE. Conforme a la Directiva 2011\/65\/UW (RoHS) y a la normativa UNE-EN 60670-1 y 22, UNE-EN 62208. Conforme a REBT. Material termopl\u00e1stico libre de hal\u00f3genos. Medidas: anchura x altura x profundidad.","og_url":"https:\/\/ledsolintel.com\/fr\/produit-2\/5314-caja-pared-hueca-194x154x50-solera\/","og_site_name":"Ledsolintel","article_publisher":"http:\/\/www.facebook.com\/webmenaje","og_image":[{"url":"https:\/\/ledsolintel.com\/wp-content\/uploads\/2024\/05\/29867-5314-CAJA-PARED-HUECA-194x154x50-SOLERA.jpg","width":1,"height":1,"type":"image\/jpeg"}],"twitter_card":"summary_large_image","twitter_site":"@webmenaje","schema":{"@context":"https:\/\/schema.org","@graph":[{"@type":"WebPage","@id":"https:\/\/ledsolintel.com\/product\/5314-caja-pared-hueca-194x154x50-solera\/","url":"https:\/\/ledsolintel.com\/product\/5314-caja-pared-hueca-194x154x50-solera\/","name":"5314 CAJA PARED HUECA 194x154x50 SOLERA - Ledsolintel","isPartOf":{"@id":"https:\/\/ledsolintel.com\/#website"},"primaryImageOfPage":{"@id":"https:\/\/ledsolintel.com\/product\/5314-caja-pared-hueca-194x154x50-solera\/#primaryimage"},"image":{"@id":"https:\/\/ledsolintel.com\/product\/5314-caja-pared-hueca-194x154x50-solera\/#primaryimage"},"thumbnailUrl":"https:\/\/ledsolintel.com\/wp-content\/uploads\/2024\/05\/29867-5314-CAJA-PARED-HUECA-194x154x50-SOLERA.jpg","datePublished":"2024-05-23T10:01:54+00:00","breadcrumb":{"@id":"https:\/\/ledsolintel.com\/product\/5314-caja-pared-hueca-194x154x50-solera\/#breadcrumb"},"inLanguage":"fr-FR","potentialAction":[{"@type":"ReadAction","target":["https:\/\/ledsolintel.com\/product\/5314-caja-pared-hueca-194x154x50-solera\/"]}]},{"@type":"ImageObject","inLanguage":"fr-FR","@id":"https:\/\/ledsolintel.com\/product\/5314-caja-pared-hueca-194x154x50-solera\/#primaryimage","url":"https:\/\/ledsolintel.com\/wp-content\/uploads\/2024\/05\/29867-5314-CAJA-PARED-HUECA-194x154x50-SOLERA.jpg","contentUrl":"https:\/\/ledsolintel.com\/wp-content\/uploads\/2024\/05\/29867-5314-CAJA-PARED-HUECA-194x154x50-SOLERA.jpg","caption":"5314 CAJA PARED HUECA 194x154x50 SOLERA"},{"@type":"BreadcrumbList","@id":"https:\/\/ledsolintel.com\/product\/5314-caja-pared-hueca-194x154x50-solera\/#breadcrumb","itemListElement":[{"@type":"ListItem","position":1,"name":"Portada","item":"https:\/\/ledsolintel.com\/fr\/"},{"@type":"ListItem","position":2,"name":"Tienda","item":"https:\/\/ledsolintel.com\/tienda\/"},{"@type":"ListItem","position":3,"name":"5314 CAJA PARED HUECA 194x154x50 SOLERA"}]},{"@type":"WebSite","@id":"https:\/\/ledsolintel.com\/#website","url":"https:\/\/ledsolintel.com\/","name":"Webmenaje","description":"Magasin d'ampoules et de lampes LED pour les professionnels","publisher":{"@id":"https:\/\/ledsolintel.com\/#organization"},"potentialAction":[{"@type":"SearchAction","target":{"@type":"EntryPoint","urlTemplate":"https:\/\/ledsolintel.com\/?s={search_term_string}"},"query-input":{"@type":"PropertyValueSpecification","valueRequired":true,"valueName":"search_term_string"}}],"inLanguage":"fr-FR"},{"@type":"Organization","@id":"https:\/\/ledsolintel.com\/#organization","name":"Solintel Noroeste, S.L.","url":"https:\/\/ledsolintel.com\/","logo":{"@type":"ImageObject","inLanguage":"fr-FR","@id":"https:\/\/ledsolintel.com\/#\/schema\/logo\/image\/","url":"https:\/\/ledsolintel.com\/wp-content\/uploads\/2024\/11\/webmenaje-logo-1508269066.jpg","contentUrl":"https:\/\/ledsolintel.com\/wp-content\/uploads\/2024\/11\/webmenaje-logo-1508269066.jpg","width":370,"height":90,"caption":"Solintel Noroeste, S.L."},"image":{"@id":"https:\/\/ledsolintel.com\/#\/schema\/logo\/image\/"},"sameAs":["http:\/\/www.facebook.com\/webmenaje","https:\/\/x.com\/webmenaje","https:\/\/www.youtube.com\/channel\/UCX2KoVoeCG4LocZjUc6LmSQ","http:\/\/www.pinterest.com\/webmenaje"]}]}},"_links":{"self":[{"href":"https:\/\/ledsolintel.com\/fr\/wp-json\/wp\/v2\/product\/254950","targetHints":{"allow":["GET"]}}],"collection":[{"href":"https:\/\/ledsolintel.com\/fr\/wp-json\/wp\/v2\/product"}],"about":[{"href":"https:\/\/ledsolintel.com\/fr\/wp-json\/wp\/v2\/types\/product"}],"version-history":[{"count":0,"href":"https:\/\/ledsolintel.com\/fr\/wp-json\/wp\/v2\/product\/254950\/revisions"}],"wp:featuredmedia":[{"embeddable":true,"href":"https:\/\/ledsolintel.com\/fr\/wp-json\/wp\/v2\/media\/254949"}],"wp:attachment":[{"href":"https:\/\/ledsolintel.com\/fr\/wp-json\/wp\/v2\/media?parent=254950"}],"wp:term":[{"taxonomy":"product_brand","embeddable":true,"href":"https:\/\/ledsolintel.com\/fr\/wp-json\/wp\/v2\/product_brand?post=254950"},{"taxonomy":"product_cat","embeddable":true,"href":"https:\/\/ledsolintel.com\/fr\/wp-json\/wp\/v2\/product_cat?post=254950"},{"taxonomy":"product_tag","embeddable":true,"href":"https:\/\/ledsolintel.com\/fr\/wp-json\/wp\/v2\/product_tag?post=254950"}],"curies":[{"name":"wp","href":"https:\/\/api.w.org\/{rel}","templated":true}]}}