{"id":254891,"date":"2024-05-23T12:01:54","date_gmt":"2024-05-23T10:01:54","guid":{"rendered":"https:\/\/nueva.ledsolintel.com\/product\/60253-tch-3s-detector-movimiento-techo-3-sensores\/"},"modified":"2024-05-23T12:01:54","modified_gmt":"2024-05-23T10:01:54","slug":"60253-tch-3s-ceiling-motion-detector-3-sensors","status":"publish","type":"product","link":"https:\/\/ledsolintel.com\/fr\/produit-2\/60253-tch-3s-ceiling-motion-detector-3-sensors\/","title":{"rendered":"60.253\/TCH\/3S D\u00c9TECTEUR DE MOUVEMENT PLAFOND 3 CAPTEURS"},"content":{"rendered":"<p>D\u00e9tecteur de mouvement \u00e0 infrarouge. Id\u00e9al pour contr\u00f4ler les entr\u00e9es de bureaux, garages, couloirs, petites salles de r\u00e9union, couloirs, etc. R\u00e9glage de la sensibilit\u00e9 de la distance, de l'intervalle de temps et de la sensibilit\u00e9 \u00e0 la lumi\u00e8re ambiante. Puissance : 1100W avec<\/p>","protected":false},"excerpt":{"rendered":"<p>D\u00e9tecteur de mouvement \u00e0 infrarouge. Id\u00e9al pour contr\u00f4ler les entr\u00e9es de bureaux, garages, couloirs, petites salles de r\u00e9union, couloirs, etc. R\u00e9glage de la sensibilit\u00e9 de la distance, de l'intervalle de temps et de la sensibilit\u00e9 \u00e0 la lumi\u00e8re ambiante. Puissance : 1100W avec<\/p>","protected":false},"featured_media":254890,"template":"","meta":[],"product_brand":[99413],"product_cat":[99601,99617],"product_tag":[],"class_list":{"0":"post-254891","1":"product","2":"type-product","3":"status-publish","4":"has-post-thumbnail","6":"product_brand-electro-dh","7":"product_cat-gyemo","8":"product_cat-material-electrico","11":"outofstock","12":"taxable","13":"shipping-taxable","14":"purchasable","15":"product-type-simple"},"yoast_head":"<!-- This site is optimized with the Yoast SEO plugin v27.4 - https:\/\/yoast.com\/product\/yoast-seo-wordpress\/ -->\n<title>60.253\/TCH\/3S DETECTOR MOVIMIENTO TECHO 3 SENSORES - Ledsolintel<\/title>\n<meta name=\"robots\" content=\"index, follow, max-snippet:-1, max-image-preview:large, max-video-preview:-1\" \/>\n<link rel=\"canonical\" href=\"https:\/\/ledsolintel.com\/fr\/produit-2\/60253-tch-3s-ceiling-motion-detector-3-sensors\/\" \/>\n<meta property=\"og:locale\" content=\"fr_FR\" \/>\n<meta property=\"og:type\" content=\"article\" \/>\n<meta property=\"og:title\" content=\"60.253\/TCH\/3S DETECTOR MOVIMIENTO TECHO 3 SENSORES - Ledsolintel\" \/>\n<meta property=\"og:description\" content=\"Detector de movimiento por infrarrojos. Ideal para controlar entradas a oficinas, garajes, pasillos, peque\u00f1as salas de reuniones, recibidores, etc. Regulaci\u00f3n de sensibilidad de distancia, intervalo de tiempo y sensibilidad a luz ambiente. Caga: 1100W Con\" \/>\n<meta property=\"og:url\" content=\"https:\/\/ledsolintel.com\/fr\/produit-2\/60253-tch-3s-ceiling-motion-detector-3-sensors\/\" \/>\n<meta property=\"og:site_name\" content=\"Ledsolintel\" \/>\n<meta property=\"article:publisher\" content=\"http:\/\/www.facebook.com\/webmenaje\" \/>\n<meta property=\"og:image\" content=\"https:\/\/ledsolintel.com\/wp-content\/uploads\/2024\/05\/29820-60.253TCH3S-DETECTOR-MOVIMIENTO-TECHO-3-SENSORES.jpg\" \/>\n\t<meta property=\"og:image:width\" content=\"1\" \/>\n\t<meta property=\"og:image:height\" content=\"1\" \/>\n\t<meta property=\"og:image:type\" content=\"image\/jpeg\" \/>\n<meta name=\"twitter:card\" content=\"summary_large_image\" \/>\n<meta name=\"twitter:site\" content=\"@webmenaje\" \/>\n<script type=\"application\/ld+json\" class=\"yoast-schema-graph\">{\"@context\":\"https:\\\/\\\/schema.org\",\"@graph\":[{\"@type\":\"WebPage\",\"@id\":\"https:\\\/\\\/ledsolintel.com\\\/product\\\/60253-tch-3s-detector-movimiento-techo-3-sensores\\\/\",\"url\":\"https:\\\/\\\/ledsolintel.com\\\/product\\\/60253-tch-3s-detector-movimiento-techo-3-sensores\\\/\",\"name\":\"60.253\\\/TCH\\\/3S DETECTOR MOVIMIENTO TECHO 3 SENSORES - Ledsolintel\",\"isPartOf\":{\"@id\":\"https:\\\/\\\/ledsolintel.com\\\/#website\"},\"primaryImageOfPage\":{\"@id\":\"https:\\\/\\\/ledsolintel.com\\\/product\\\/60253-tch-3s-detector-movimiento-techo-3-sensores\\\/#primaryimage\"},\"image\":{\"@id\":\"https:\\\/\\\/ledsolintel.com\\\/product\\\/60253-tch-3s-detector-movimiento-techo-3-sensores\\\/#primaryimage\"},\"thumbnailUrl\":\"https:\\\/\\\/ledsolintel.com\\\/wp-content\\\/uploads\\\/2024\\\/05\\\/29820-60.253TCH3S-DETECTOR-MOVIMIENTO-TECHO-3-SENSORES.jpg\",\"datePublished\":\"2024-05-23T10:01:54+00:00\",\"breadcrumb\":{\"@id\":\"https:\\\/\\\/ledsolintel.com\\\/product\\\/60253-tch-3s-detector-movimiento-techo-3-sensores\\\/#breadcrumb\"},\"inLanguage\":\"fr-FR\",\"potentialAction\":[{\"@type\":\"ReadAction\",\"target\":[\"https:\\\/\\\/ledsolintel.com\\\/product\\\/60253-tch-3s-detector-movimiento-techo-3-sensores\\\/\"]}]},{\"@type\":\"ImageObject\",\"inLanguage\":\"fr-FR\",\"@id\":\"https:\\\/\\\/ledsolintel.com\\\/product\\\/60253-tch-3s-detector-movimiento-techo-3-sensores\\\/#primaryimage\",\"url\":\"https:\\\/\\\/ledsolintel.com\\\/wp-content\\\/uploads\\\/2024\\\/05\\\/29820-60.253TCH3S-DETECTOR-MOVIMIENTO-TECHO-3-SENSORES.jpg\",\"contentUrl\":\"https:\\\/\\\/ledsolintel.com\\\/wp-content\\\/uploads\\\/2024\\\/05\\\/29820-60.253TCH3S-DETECTOR-MOVIMIENTO-TECHO-3-SENSORES.jpg\",\"caption\":\"60.253\\\/TCH\\\/3S DETECTOR MOVIMIENTO TECHO 3 SENSORES\"},{\"@type\":\"BreadcrumbList\",\"@id\":\"https:\\\/\\\/ledsolintel.com\\\/product\\\/60253-tch-3s-detector-movimiento-techo-3-sensores\\\/#breadcrumb\",\"itemListElement\":[{\"@type\":\"ListItem\",\"position\":1,\"name\":\"Portada\",\"item\":\"https:\\\/\\\/ledsolintel.com\\\/fr\\\/\"},{\"@type\":\"ListItem\",\"position\":2,\"name\":\"Tienda\",\"item\":\"https:\\\/\\\/ledsolintel.com\\\/tienda\\\/\"},{\"@type\":\"ListItem\",\"position\":3,\"name\":\"60.253\\\/TCH\\\/3S DETECTOR MOVIMIENTO TECHO 3 SENSORES\"}]},{\"@type\":\"WebSite\",\"@id\":\"https:\\\/\\\/ledsolintel.com\\\/#website\",\"url\":\"https:\\\/\\\/ledsolintel.com\\\/\",\"name\":\"Webmenaje\",\"description\":\"Tienda de bombillas y l\u00e1mparas LED para profesionales\",\"publisher\":{\"@id\":\"https:\\\/\\\/ledsolintel.com\\\/#organization\"},\"potentialAction\":[{\"@type\":\"SearchAction\",\"target\":{\"@type\":\"EntryPoint\",\"urlTemplate\":\"https:\\\/\\\/ledsolintel.com\\\/?s={search_term_string}\"},\"query-input\":{\"@type\":\"PropertyValueSpecification\",\"valueRequired\":true,\"valueName\":\"search_term_string\"}}],\"inLanguage\":\"fr-FR\"},{\"@type\":\"Organization\",\"@id\":\"https:\\\/\\\/ledsolintel.com\\\/#organization\",\"name\":\"Solintel Noroeste, S.L.\",\"url\":\"https:\\\/\\\/ledsolintel.com\\\/\",\"logo\":{\"@type\":\"ImageObject\",\"inLanguage\":\"fr-FR\",\"@id\":\"https:\\\/\\\/ledsolintel.com\\\/#\\\/schema\\\/logo\\\/image\\\/\",\"url\":\"https:\\\/\\\/ledsolintel.com\\\/wp-content\\\/uploads\\\/2024\\\/11\\\/webmenaje-logo-1508269066.jpg\",\"contentUrl\":\"https:\\\/\\\/ledsolintel.com\\\/wp-content\\\/uploads\\\/2024\\\/11\\\/webmenaje-logo-1508269066.jpg\",\"width\":370,\"height\":90,\"caption\":\"Solintel Noroeste, S.L.\"},\"image\":{\"@id\":\"https:\\\/\\\/ledsolintel.com\\\/#\\\/schema\\\/logo\\\/image\\\/\"},\"sameAs\":[\"http:\\\/\\\/www.facebook.com\\\/webmenaje\",\"https:\\\/\\\/x.com\\\/webmenaje\",\"https:\\\/\\\/www.youtube.com\\\/channel\\\/UCX2KoVoeCG4LocZjUc6LmSQ\",\"http:\\\/\\\/www.pinterest.com\\\/webmenaje\"]}]}<\/script>\n<!-- \/ Yoast SEO plugin. -->","yoast_head_json":{"title":"60.253\/TCH\/3S D\u00c9TECTEUR DE MOUVEMENTS AU PLAFOND 3 CAPTEURS - Ledsolintel","robots":{"index":"index","follow":"follow","max-snippet":"max-snippet:-1","max-image-preview":"max-image-preview:large","max-video-preview":"max-video-preview:-1"},"canonical":"https:\/\/ledsolintel.com\/fr\/produit-2\/60253-tch-3s-ceiling-motion-detector-3-sensors\/","og_locale":"fr_FR","og_type":"article","og_title":"60.253\/TCH\/3S DETECTOR MOVIMIENTO TECHO 3 SENSORES - Ledsolintel","og_description":"Detector de movimiento por infrarrojos. Ideal para controlar entradas a oficinas, garajes, pasillos, peque\u00f1as salas de reuniones, recibidores, etc. Regulaci\u00f3n de sensibilidad de distancia, intervalo de tiempo y sensibilidad a luz ambiente. Caga: 1100W Con","og_url":"https:\/\/ledsolintel.com\/fr\/produit-2\/60253-tch-3s-ceiling-motion-detector-3-sensors\/","og_site_name":"Ledsolintel","article_publisher":"http:\/\/www.facebook.com\/webmenaje","og_image":[{"url":"https:\/\/ledsolintel.com\/wp-content\/uploads\/2024\/05\/29820-60.253TCH3S-DETECTOR-MOVIMIENTO-TECHO-3-SENSORES.jpg","width":1,"height":1,"type":"image\/jpeg"}],"twitter_card":"summary_large_image","twitter_site":"@webmenaje","schema":{"@context":"https:\/\/schema.org","@graph":[{"@type":"WebPage","@id":"https:\/\/ledsolintel.com\/product\/60253-tch-3s-detector-movimiento-techo-3-sensores\/","url":"https:\/\/ledsolintel.com\/product\/60253-tch-3s-detector-movimiento-techo-3-sensores\/","name":"60.253\/TCH\/3S D\u00c9TECTEUR DE MOUVEMENTS AU PLAFOND 3 CAPTEURS - Ledsolintel","isPartOf":{"@id":"https:\/\/ledsolintel.com\/#website"},"primaryImageOfPage":{"@id":"https:\/\/ledsolintel.com\/product\/60253-tch-3s-detector-movimiento-techo-3-sensores\/#primaryimage"},"image":{"@id":"https:\/\/ledsolintel.com\/product\/60253-tch-3s-detector-movimiento-techo-3-sensores\/#primaryimage"},"thumbnailUrl":"https:\/\/ledsolintel.com\/wp-content\/uploads\/2024\/05\/29820-60.253TCH3S-DETECTOR-MOVIMIENTO-TECHO-3-SENSORES.jpg","datePublished":"2024-05-23T10:01:54+00:00","breadcrumb":{"@id":"https:\/\/ledsolintel.com\/product\/60253-tch-3s-detector-movimiento-techo-3-sensores\/#breadcrumb"},"inLanguage":"fr-FR","potentialAction":[{"@type":"ReadAction","target":["https:\/\/ledsolintel.com\/product\/60253-tch-3s-detector-movimiento-techo-3-sensores\/"]}]},{"@type":"ImageObject","inLanguage":"fr-FR","@id":"https:\/\/ledsolintel.com\/product\/60253-tch-3s-detector-movimiento-techo-3-sensores\/#primaryimage","url":"https:\/\/ledsolintel.com\/wp-content\/uploads\/2024\/05\/29820-60.253TCH3S-DETECTOR-MOVIMIENTO-TECHO-3-SENSORES.jpg","contentUrl":"https:\/\/ledsolintel.com\/wp-content\/uploads\/2024\/05\/29820-60.253TCH3S-DETECTOR-MOVIMIENTO-TECHO-3-SENSORES.jpg","caption":"60.253\/TCH\/3S DETECTOR MOVIMIENTO TECHO 3 SENSORES"},{"@type":"BreadcrumbList","@id":"https:\/\/ledsolintel.com\/product\/60253-tch-3s-detector-movimiento-techo-3-sensores\/#breadcrumb","itemListElement":[{"@type":"ListItem","position":1,"name":"Portada","item":"https:\/\/ledsolintel.com\/fr\/"},{"@type":"ListItem","position":2,"name":"Tienda","item":"https:\/\/ledsolintel.com\/tienda\/"},{"@type":"ListItem","position":3,"name":"60.253\/TCH\/3S DETECTOR MOVIMIENTO TECHO 3 SENSORES"}]},{"@type":"WebSite","@id":"https:\/\/ledsolintel.com\/#website","url":"https:\/\/ledsolintel.com\/","name":"Webmenaje","description":"Magasin d'ampoules et de lampes LED pour les professionnels","publisher":{"@id":"https:\/\/ledsolintel.com\/#organization"},"potentialAction":[{"@type":"SearchAction","target":{"@type":"EntryPoint","urlTemplate":"https:\/\/ledsolintel.com\/?s={search_term_string}"},"query-input":{"@type":"PropertyValueSpecification","valueRequired":true,"valueName":"search_term_string"}}],"inLanguage":"fr-FR"},{"@type":"Organization","@id":"https:\/\/ledsolintel.com\/#organization","name":"Solintel Noroeste, S.L.","url":"https:\/\/ledsolintel.com\/","logo":{"@type":"ImageObject","inLanguage":"fr-FR","@id":"https:\/\/ledsolintel.com\/#\/schema\/logo\/image\/","url":"https:\/\/ledsolintel.com\/wp-content\/uploads\/2024\/11\/webmenaje-logo-1508269066.jpg","contentUrl":"https:\/\/ledsolintel.com\/wp-content\/uploads\/2024\/11\/webmenaje-logo-1508269066.jpg","width":370,"height":90,"caption":"Solintel Noroeste, S.L."},"image":{"@id":"https:\/\/ledsolintel.com\/#\/schema\/logo\/image\/"},"sameAs":["http:\/\/www.facebook.com\/webmenaje","https:\/\/x.com\/webmenaje","https:\/\/www.youtube.com\/channel\/UCX2KoVoeCG4LocZjUc6LmSQ","http:\/\/www.pinterest.com\/webmenaje"]}]}},"_links":{"self":[{"href":"https:\/\/ledsolintel.com\/fr\/wp-json\/wp\/v2\/product\/254891","targetHints":{"allow":["GET"]}}],"collection":[{"href":"https:\/\/ledsolintel.com\/fr\/wp-json\/wp\/v2\/product"}],"about":[{"href":"https:\/\/ledsolintel.com\/fr\/wp-json\/wp\/v2\/types\/product"}],"version-history":[{"count":0,"href":"https:\/\/ledsolintel.com\/fr\/wp-json\/wp\/v2\/product\/254891\/revisions"}],"wp:featuredmedia":[{"embeddable":true,"href":"https:\/\/ledsolintel.com\/fr\/wp-json\/wp\/v2\/media\/254890"}],"wp:attachment":[{"href":"https:\/\/ledsolintel.com\/fr\/wp-json\/wp\/v2\/media?parent=254891"}],"wp:term":[{"taxonomy":"product_brand","embeddable":true,"href":"https:\/\/ledsolintel.com\/fr\/wp-json\/wp\/v2\/product_brand?post=254891"},{"taxonomy":"product_cat","embeddable":true,"href":"https:\/\/ledsolintel.com\/fr\/wp-json\/wp\/v2\/product_cat?post=254891"},{"taxonomy":"product_tag","embeddable":true,"href":"https:\/\/ledsolintel.com\/fr\/wp-json\/wp\/v2\/product_tag?post=254891"}],"curies":[{"name":"wp","href":"https:\/\/api.w.org\/{rel}","templated":true}]}}