{"id":254818,"date":"2024-05-23T12:01:54","date_gmt":"2024-05-23T10:01:54","guid":{"rendered":"https:\/\/nueva.ledsolintel.com\/product\/111579-balastro-electronico-et-parrot-105-220-osra\/"},"modified":"2024-05-23T12:01:54","modified_gmt":"2024-05-23T10:01:54","slug":"111579-balastro-electronico-et-parrot-105-220-osra","status":"publish","type":"product","link":"https:\/\/ledsolintel.com\/fr\/produit-2\/111579-balastro-electronico-et-parrot-105-220-osra\/","title":{"rendered":"111579 BALLAST \u00c9LECTRONIQUE ET-PARROT 105\/220 OSRA"},"content":{"rendered":"<p>Tr\u00e8s faible perte de puissance gr\u00e2ce \u00e0 un rendement \u00e9lev\u00e9. Fonctionnement protecteur sur toute la plage de charge partielle pour une longue dur\u00e9e de vie de la lampe. Puissance nominale : 35...105W.<\/p>","protected":false},"excerpt":{"rendered":"<p>Tr\u00e8s faible perte de puissance gr\u00e2ce \u00e0 un rendement \u00e9lev\u00e9. Fonctionnement protecteur sur toute la plage de charge partielle pour une longue dur\u00e9e de vie de la lampe. Puissance nominale : 35...105W.<\/p>","protected":false},"featured_media":254817,"template":"","meta":[],"product_brand":[99391],"product_cat":[100093,99757,99601,99617],"product_tag":[],"class_list":{"0":"post-254818","1":"product","2":"type-product","3":"status-publish","4":"has-post-thumbnail","6":"product_brand-osram","7":"product_cat-balastros-electronicos-y-transformadores","8":"product_cat-balastros-y-transformadores","9":"product_cat-gyemo","10":"product_cat-material-electrico","13":"instock","14":"taxable","15":"shipping-taxable","16":"purchasable","17":"product-type-simple"},"yoast_head":"<!-- This site is optimized with the Yoast SEO plugin v26.6 - https:\/\/yoast.com\/wordpress\/plugins\/seo\/ -->\n<title>111579 BALASTRO ELECTRONICO ET-PARROT 105\/220 OSRA - Ledsolintel<\/title>\n<meta name=\"robots\" content=\"index, follow, max-snippet:-1, max-image-preview:large, max-video-preview:-1\" \/>\n<link rel=\"canonical\" href=\"https:\/\/ledsolintel.com\/fr\/produit-2\/111579-balastro-electronico-et-parrot-105-220-osra\/\" \/>\n<meta property=\"og:locale\" content=\"fr_FR\" \/>\n<meta property=\"og:type\" content=\"article\" \/>\n<meta property=\"og:title\" content=\"111579 BALASTRO ELECTRONICO ET-PARROT 105\/220 OSRA - Ledsolintel\" \/>\n<meta property=\"og:description\" content=\"Muy baja p\u00e9rdida de potencia gracias a su alta eficacia. Funcionamiento protector durante todo el rango de carga parcial para una larga vida \u00fatil de las l\u00e1mparas. Potencia: 35&#8230;105W.\" \/>\n<meta property=\"og:url\" content=\"https:\/\/ledsolintel.com\/fr\/produit-2\/111579-balastro-electronico-et-parrot-105-220-osra\/\" \/>\n<meta property=\"og:site_name\" content=\"Ledsolintel\" \/>\n<meta property=\"article:publisher\" content=\"http:\/\/www.facebook.com\/webmenaje\" \/>\n<meta property=\"og:image\" content=\"https:\/\/ledsolintel.com\/wp-content\/uploads\/2024\/05\/29768-111579-BALASTRO-ELECTRONICO-ET-PARROT-105220-OSRA.jpg\" \/>\n\t<meta property=\"og:image:width\" content=\"1\" \/>\n\t<meta property=\"og:image:height\" content=\"1\" \/>\n\t<meta property=\"og:image:type\" content=\"image\/jpeg\" \/>\n<meta name=\"twitter:card\" content=\"summary_large_image\" \/>\n<meta name=\"twitter:site\" content=\"@webmenaje\" \/>\n<script type=\"application\/ld+json\" class=\"yoast-schema-graph\">{\"@context\":\"https:\/\/schema.org\",\"@graph\":[{\"@type\":\"WebPage\",\"@id\":\"https:\/\/ledsolintel.com\/product\/111579-balastro-electronico-et-parrot-105-220-osra\/\",\"url\":\"https:\/\/ledsolintel.com\/product\/111579-balastro-electronico-et-parrot-105-220-osra\/\",\"name\":\"111579 BALASTRO ELECTRONICO ET-PARROT 105\/220 OSRA - Ledsolintel\",\"isPartOf\":{\"@id\":\"https:\/\/ledsolintel.com\/#website\"},\"primaryImageOfPage\":{\"@id\":\"https:\/\/ledsolintel.com\/product\/111579-balastro-electronico-et-parrot-105-220-osra\/#primaryimage\"},\"image\":{\"@id\":\"https:\/\/ledsolintel.com\/product\/111579-balastro-electronico-et-parrot-105-220-osra\/#primaryimage\"},\"thumbnailUrl\":\"https:\/\/ledsolintel.com\/wp-content\/uploads\/2024\/05\/29768-111579-BALASTRO-ELECTRONICO-ET-PARROT-105220-OSRA.jpg\",\"datePublished\":\"2024-05-23T10:01:54+00:00\",\"breadcrumb\":{\"@id\":\"https:\/\/ledsolintel.com\/product\/111579-balastro-electronico-et-parrot-105-220-osra\/#breadcrumb\"},\"inLanguage\":\"fr-FR\",\"potentialAction\":[{\"@type\":\"ReadAction\",\"target\":[\"https:\/\/ledsolintel.com\/product\/111579-balastro-electronico-et-parrot-105-220-osra\/\"]}]},{\"@type\":\"ImageObject\",\"inLanguage\":\"fr-FR\",\"@id\":\"https:\/\/ledsolintel.com\/product\/111579-balastro-electronico-et-parrot-105-220-osra\/#primaryimage\",\"url\":\"https:\/\/ledsolintel.com\/wp-content\/uploads\/2024\/05\/29768-111579-BALASTRO-ELECTRONICO-ET-PARROT-105220-OSRA.jpg\",\"contentUrl\":\"https:\/\/ledsolintel.com\/wp-content\/uploads\/2024\/05\/29768-111579-BALASTRO-ELECTRONICO-ET-PARROT-105220-OSRA.jpg\",\"caption\":\"111579 BALASTRO ELECTRONICO ET-PARROT 105\/220 OSRA\"},{\"@type\":\"BreadcrumbList\",\"@id\":\"https:\/\/ledsolintel.com\/product\/111579-balastro-electronico-et-parrot-105-220-osra\/#breadcrumb\",\"itemListElement\":[{\"@type\":\"ListItem\",\"position\":1,\"name\":\"Portada\",\"item\":\"https:\/\/ledsolintel.com\/fr\/\"},{\"@type\":\"ListItem\",\"position\":2,\"name\":\"Tienda\",\"item\":\"https:\/\/ledsolintel.com\/tienda\/\"},{\"@type\":\"ListItem\",\"position\":3,\"name\":\"111579 BALASTRO ELECTRONICO ET-PARROT 105\/220 OSRA\"}]},{\"@type\":\"WebSite\",\"@id\":\"https:\/\/ledsolintel.com\/#website\",\"url\":\"https:\/\/ledsolintel.com\/\",\"name\":\"Webmenaje\",\"description\":\"Tienda de bombillas y l\u00e1mparas LED para profesionales\",\"publisher\":{\"@id\":\"https:\/\/ledsolintel.com\/#organization\"},\"potentialAction\":[{\"@type\":\"SearchAction\",\"target\":{\"@type\":\"EntryPoint\",\"urlTemplate\":\"https:\/\/ledsolintel.com\/?s={search_term_string}\"},\"query-input\":{\"@type\":\"PropertyValueSpecification\",\"valueRequired\":true,\"valueName\":\"search_term_string\"}}],\"inLanguage\":\"fr-FR\"},{\"@type\":\"Organization\",\"@id\":\"https:\/\/ledsolintel.com\/#organization\",\"name\":\"Solintel Noroeste, S.L.\",\"url\":\"https:\/\/ledsolintel.com\/\",\"logo\":{\"@type\":\"ImageObject\",\"inLanguage\":\"fr-FR\",\"@id\":\"https:\/\/ledsolintel.com\/#\/schema\/logo\/image\/\",\"url\":\"https:\/\/ledsolintel.com\/wp-content\/uploads\/2024\/11\/webmenaje-logo-1508269066.jpg\",\"contentUrl\":\"https:\/\/ledsolintel.com\/wp-content\/uploads\/2024\/11\/webmenaje-logo-1508269066.jpg\",\"width\":370,\"height\":90,\"caption\":\"Solintel Noroeste, S.L.\"},\"image\":{\"@id\":\"https:\/\/ledsolintel.com\/#\/schema\/logo\/image\/\"},\"sameAs\":[\"http:\/\/www.facebook.com\/webmenaje\",\"https:\/\/x.com\/webmenaje\",\"https:\/\/www.youtube.com\/channel\/UCX2KoVoeCG4LocZjUc6LmSQ\",\"http:\/\/www.pinterest.com\/webmenaje\"]}]}<\/script>\n<!-- \/ Yoast SEO plugin. -->","yoast_head_json":{"title":"111579 BALASTRO ELECTRONICO ET-PARROT 105\/220 OSRA - Ledsolintel","robots":{"index":"index","follow":"follow","max-snippet":"max-snippet:-1","max-image-preview":"max-image-preview:large","max-video-preview":"max-video-preview:-1"},"canonical":"https:\/\/ledsolintel.com\/fr\/produit-2\/111579-balastro-electronico-et-parrot-105-220-osra\/","og_locale":"fr_FR","og_type":"article","og_title":"111579 BALASTRO ELECTRONICO ET-PARROT 105\/220 OSRA - Ledsolintel","og_description":"Muy baja p\u00e9rdida de potencia gracias a su alta eficacia. Funcionamiento protector durante todo el rango de carga parcial para una larga vida \u00fatil de las l\u00e1mparas. Potencia: 35&#8230;105W.","og_url":"https:\/\/ledsolintel.com\/fr\/produit-2\/111579-balastro-electronico-et-parrot-105-220-osra\/","og_site_name":"Ledsolintel","article_publisher":"http:\/\/www.facebook.com\/webmenaje","og_image":[{"url":"https:\/\/ledsolintel.com\/wp-content\/uploads\/2024\/05\/29768-111579-BALASTRO-ELECTRONICO-ET-PARROT-105220-OSRA.jpg","width":1,"height":1,"type":"image\/jpeg"}],"twitter_card":"summary_large_image","twitter_site":"@webmenaje","schema":{"@context":"https:\/\/schema.org","@graph":[{"@type":"WebPage","@id":"https:\/\/ledsolintel.com\/product\/111579-balastro-electronico-et-parrot-105-220-osra\/","url":"https:\/\/ledsolintel.com\/product\/111579-balastro-electronico-et-parrot-105-220-osra\/","name":"111579 BALASTRO ELECTRONICO ET-PARROT 105\/220 OSRA - Ledsolintel","isPartOf":{"@id":"https:\/\/ledsolintel.com\/#website"},"primaryImageOfPage":{"@id":"https:\/\/ledsolintel.com\/product\/111579-balastro-electronico-et-parrot-105-220-osra\/#primaryimage"},"image":{"@id":"https:\/\/ledsolintel.com\/product\/111579-balastro-electronico-et-parrot-105-220-osra\/#primaryimage"},"thumbnailUrl":"https:\/\/ledsolintel.com\/wp-content\/uploads\/2024\/05\/29768-111579-BALASTRO-ELECTRONICO-ET-PARROT-105220-OSRA.jpg","datePublished":"2024-05-23T10:01:54+00:00","breadcrumb":{"@id":"https:\/\/ledsolintel.com\/product\/111579-balastro-electronico-et-parrot-105-220-osra\/#breadcrumb"},"inLanguage":"fr-FR","potentialAction":[{"@type":"ReadAction","target":["https:\/\/ledsolintel.com\/product\/111579-balastro-electronico-et-parrot-105-220-osra\/"]}]},{"@type":"ImageObject","inLanguage":"fr-FR","@id":"https:\/\/ledsolintel.com\/product\/111579-balastro-electronico-et-parrot-105-220-osra\/#primaryimage","url":"https:\/\/ledsolintel.com\/wp-content\/uploads\/2024\/05\/29768-111579-BALASTRO-ELECTRONICO-ET-PARROT-105220-OSRA.jpg","contentUrl":"https:\/\/ledsolintel.com\/wp-content\/uploads\/2024\/05\/29768-111579-BALASTRO-ELECTRONICO-ET-PARROT-105220-OSRA.jpg","caption":"111579 BALASTRO ELECTRONICO ET-PARROT 105\/220 OSRA"},{"@type":"BreadcrumbList","@id":"https:\/\/ledsolintel.com\/product\/111579-balastro-electronico-et-parrot-105-220-osra\/#breadcrumb","itemListElement":[{"@type":"ListItem","position":1,"name":"Portada","item":"https:\/\/ledsolintel.com\/fr\/"},{"@type":"ListItem","position":2,"name":"Tienda","item":"https:\/\/ledsolintel.com\/tienda\/"},{"@type":"ListItem","position":3,"name":"111579 BALASTRO ELECTRONICO ET-PARROT 105\/220 OSRA"}]},{"@type":"WebSite","@id":"https:\/\/ledsolintel.com\/#website","url":"https:\/\/ledsolintel.com\/","name":"Webmenaje","description":"Magasin d'ampoules et de lampes LED pour les professionnels","publisher":{"@id":"https:\/\/ledsolintel.com\/#organization"},"potentialAction":[{"@type":"SearchAction","target":{"@type":"EntryPoint","urlTemplate":"https:\/\/ledsolintel.com\/?s={search_term_string}"},"query-input":{"@type":"PropertyValueSpecification","valueRequired":true,"valueName":"search_term_string"}}],"inLanguage":"fr-FR"},{"@type":"Organization","@id":"https:\/\/ledsolintel.com\/#organization","name":"Solintel Noroeste, S.L.","url":"https:\/\/ledsolintel.com\/","logo":{"@type":"ImageObject","inLanguage":"fr-FR","@id":"https:\/\/ledsolintel.com\/#\/schema\/logo\/image\/","url":"https:\/\/ledsolintel.com\/wp-content\/uploads\/2024\/11\/webmenaje-logo-1508269066.jpg","contentUrl":"https:\/\/ledsolintel.com\/wp-content\/uploads\/2024\/11\/webmenaje-logo-1508269066.jpg","width":370,"height":90,"caption":"Solintel Noroeste, S.L."},"image":{"@id":"https:\/\/ledsolintel.com\/#\/schema\/logo\/image\/"},"sameAs":["http:\/\/www.facebook.com\/webmenaje","https:\/\/x.com\/webmenaje","https:\/\/www.youtube.com\/channel\/UCX2KoVoeCG4LocZjUc6LmSQ","http:\/\/www.pinterest.com\/webmenaje"]}]}},"_links":{"self":[{"href":"https:\/\/ledsolintel.com\/fr\/wp-json\/wp\/v2\/product\/254818","targetHints":{"allow":["GET"]}}],"collection":[{"href":"https:\/\/ledsolintel.com\/fr\/wp-json\/wp\/v2\/product"}],"about":[{"href":"https:\/\/ledsolintel.com\/fr\/wp-json\/wp\/v2\/types\/product"}],"version-history":[{"count":0,"href":"https:\/\/ledsolintel.com\/fr\/wp-json\/wp\/v2\/product\/254818\/revisions"}],"wp:featuredmedia":[{"embeddable":true,"href":"https:\/\/ledsolintel.com\/fr\/wp-json\/wp\/v2\/media\/254817"}],"wp:attachment":[{"href":"https:\/\/ledsolintel.com\/fr\/wp-json\/wp\/v2\/media?parent=254818"}],"wp:term":[{"taxonomy":"product_brand","embeddable":true,"href":"https:\/\/ledsolintel.com\/fr\/wp-json\/wp\/v2\/product_brand?post=254818"},{"taxonomy":"product_cat","embeddable":true,"href":"https:\/\/ledsolintel.com\/fr\/wp-json\/wp\/v2\/product_cat?post=254818"},{"taxonomy":"product_tag","embeddable":true,"href":"https:\/\/ledsolintel.com\/fr\/wp-json\/wp\/v2\/product_tag?post=254818"}],"curies":[{"name":"wp","href":"https:\/\/api.w.org\/{rel}","templated":true}]}}