{"id":254576,"date":"2024-05-23T12:01:54","date_gmt":"2024-05-23T10:01:54","guid":{"rendered":"https:\/\/nueva.ledsolintel.com\/product\/100m-cable-goma-neopreno-3x25mm-negro-ho7rn-f\/"},"modified":"2024-05-23T12:01:54","modified_gmt":"2024-05-23T10:01:54","slug":"100m-cable-goma-neopreno-3x25mm-negro-ho7rn-f","status":"publish","type":"product","link":"https:\/\/ledsolintel.com\/fr\/produit-2\/100m-cable-goma-neopreno-3x25mm-negro-ho7rn-f\/","title":{"rendered":"100m CABLE EN CAOUTCHOUC-NEOPRENE 3\u00d72,5mm NOIR HO7RN-F"},"content":{"rendered":"<p>Cable flexible con cubierta de goma para grandes cargas, son adecuados para su uso en esfuerzos mec\u00e1nicos en \u00e1reas secas, h\u00famedas, tanto en interior como en exterior, en m\u00e1quinas, herramientas, ascensores, prensas, gr\u00faas, etc. Conductor: Cobre electrol\u00edti<\/p>","protected":false},"excerpt":{"rendered":"<p>Cable flexible con cubierta de goma para grandes cargas, son adecuados para su uso en esfuerzos mec\u00e1nicos en \u00e1reas secas, h\u00famedas, tanto en interior como en exterior, en m\u00e1quinas, herramientas, ascensores, prensas, gr\u00faas, etc. Conductor: Cobre electrol\u00edti<\/p>","protected":false},"featured_media":254575,"template":"","meta":[],"product_brand":[],"product_cat":[99781,100113,99617,99601],"product_tag":[],"class_list":{"0":"post-254576","1":"product","2":"type-product","3":"status-publish","4":"has-post-thumbnail","6":"product_cat-cable","7":"product_cat-cable-de-goma-y-neopreno","8":"product_cat-material-electrico","9":"product_cat-gyemo","12":"instock","13":"taxable","14":"shipping-taxable","15":"purchasable","16":"product-type-simple"},"yoast_head":"<!-- This site is optimized with the Yoast SEO plugin v26.6 - https:\/\/yoast.com\/wordpress\/plugins\/seo\/ -->\n<title>100m CABLE GOMA-NEOPRENO 3x2,5mm NEGRO HO7RN-F - Ledsolintel<\/title>\n<meta name=\"robots\" content=\"index, follow, max-snippet:-1, max-image-preview:large, max-video-preview:-1\" \/>\n<link rel=\"canonical\" href=\"https:\/\/ledsolintel.com\/fr\/produit-2\/100m-cable-goma-neopreno-3x25mm-negro-ho7rn-f\/\" \/>\n<meta property=\"og:locale\" content=\"fr_FR\" \/>\n<meta property=\"og:type\" content=\"article\" \/>\n<meta property=\"og:title\" content=\"100m CABLE GOMA-NEOPRENO 3x2,5mm NEGRO HO7RN-F - Ledsolintel\" \/>\n<meta property=\"og:description\" content=\"Cable flexible con cubierta de goma para grandes cargas, son adecuados para su uso en esfuerzos mec\u00e1nicos en \u00e1reas secas, h\u00famedas, tanto en interior como en exterior, en m\u00e1quinas, herramientas, ascensores, prensas, gr\u00faas, etc. Conductor: Cobre electrol\u00edti\" \/>\n<meta property=\"og:url\" content=\"https:\/\/ledsolintel.com\/fr\/produit-2\/100m-cable-goma-neopreno-3x25mm-negro-ho7rn-f\/\" \/>\n<meta property=\"og:site_name\" content=\"Ledsolintel\" \/>\n<meta property=\"article:publisher\" content=\"http:\/\/www.facebook.com\/webmenaje\" \/>\n<meta property=\"og:image\" content=\"https:\/\/ledsolintel.com\/wp-content\/uploads\/2024\/05\/29625-100m-CABLE-GOMA-NEOPRENO-3x25mm-NEGRO-HO7RN-F.jpg\" \/>\n\t<meta property=\"og:image:width\" content=\"1\" \/>\n\t<meta property=\"og:image:height\" content=\"1\" \/>\n\t<meta property=\"og:image:type\" content=\"image\/jpeg\" \/>\n<meta name=\"twitter:card\" content=\"summary_large_image\" \/>\n<meta name=\"twitter:site\" content=\"@webmenaje\" \/>\n<script type=\"application\/ld+json\" class=\"yoast-schema-graph\">{\"@context\":\"https:\/\/schema.org\",\"@graph\":[{\"@type\":\"WebPage\",\"@id\":\"https:\/\/ledsolintel.com\/product\/100m-cable-goma-neopreno-3x25mm-negro-ho7rn-f\/\",\"url\":\"https:\/\/ledsolintel.com\/product\/100m-cable-goma-neopreno-3x25mm-negro-ho7rn-f\/\",\"name\":\"100m CABLE GOMA-NEOPRENO 3x2,5mm NEGRO HO7RN-F - Ledsolintel\",\"isPartOf\":{\"@id\":\"https:\/\/ledsolintel.com\/#website\"},\"primaryImageOfPage\":{\"@id\":\"https:\/\/ledsolintel.com\/product\/100m-cable-goma-neopreno-3x25mm-negro-ho7rn-f\/#primaryimage\"},\"image\":{\"@id\":\"https:\/\/ledsolintel.com\/product\/100m-cable-goma-neopreno-3x25mm-negro-ho7rn-f\/#primaryimage\"},\"thumbnailUrl\":\"https:\/\/ledsolintel.com\/wp-content\/uploads\/2024\/05\/29625-100m-CABLE-GOMA-NEOPRENO-3x25mm-NEGRO-HO7RN-F.jpg\",\"datePublished\":\"2024-05-23T10:01:54+00:00\",\"breadcrumb\":{\"@id\":\"https:\/\/ledsolintel.com\/product\/100m-cable-goma-neopreno-3x25mm-negro-ho7rn-f\/#breadcrumb\"},\"inLanguage\":\"fr-FR\",\"potentialAction\":[{\"@type\":\"ReadAction\",\"target\":[\"https:\/\/ledsolintel.com\/product\/100m-cable-goma-neopreno-3x25mm-negro-ho7rn-f\/\"]}]},{\"@type\":\"ImageObject\",\"inLanguage\":\"fr-FR\",\"@id\":\"https:\/\/ledsolintel.com\/product\/100m-cable-goma-neopreno-3x25mm-negro-ho7rn-f\/#primaryimage\",\"url\":\"https:\/\/ledsolintel.com\/wp-content\/uploads\/2024\/05\/29625-100m-CABLE-GOMA-NEOPRENO-3x25mm-NEGRO-HO7RN-F.jpg\",\"contentUrl\":\"https:\/\/ledsolintel.com\/wp-content\/uploads\/2024\/05\/29625-100m-CABLE-GOMA-NEOPRENO-3x25mm-NEGRO-HO7RN-F.jpg\",\"caption\":\"100m CABLE GOMA-NEOPRENO 3x2,5mm NEGRO HO7RN-F\"},{\"@type\":\"BreadcrumbList\",\"@id\":\"https:\/\/ledsolintel.com\/product\/100m-cable-goma-neopreno-3x25mm-negro-ho7rn-f\/#breadcrumb\",\"itemListElement\":[{\"@type\":\"ListItem\",\"position\":1,\"name\":\"Portada\",\"item\":\"https:\/\/ledsolintel.com\/fr\/\"},{\"@type\":\"ListItem\",\"position\":2,\"name\":\"Tienda\",\"item\":\"https:\/\/ledsolintel.com\/tienda\/\"},{\"@type\":\"ListItem\",\"position\":3,\"name\":\"100m CABLE GOMA-NEOPRENO 3&#215;2,5mm NEGRO HO7RN-F\"}]},{\"@type\":\"WebSite\",\"@id\":\"https:\/\/ledsolintel.com\/#website\",\"url\":\"https:\/\/ledsolintel.com\/\",\"name\":\"Webmenaje\",\"description\":\"Tienda de bombillas y l\u00e1mparas LED para profesionales\",\"publisher\":{\"@id\":\"https:\/\/ledsolintel.com\/#organization\"},\"potentialAction\":[{\"@type\":\"SearchAction\",\"target\":{\"@type\":\"EntryPoint\",\"urlTemplate\":\"https:\/\/ledsolintel.com\/?s={search_term_string}\"},\"query-input\":{\"@type\":\"PropertyValueSpecification\",\"valueRequired\":true,\"valueName\":\"search_term_string\"}}],\"inLanguage\":\"fr-FR\"},{\"@type\":\"Organization\",\"@id\":\"https:\/\/ledsolintel.com\/#organization\",\"name\":\"Solintel Noroeste, S.L.\",\"url\":\"https:\/\/ledsolintel.com\/\",\"logo\":{\"@type\":\"ImageObject\",\"inLanguage\":\"fr-FR\",\"@id\":\"https:\/\/ledsolintel.com\/#\/schema\/logo\/image\/\",\"url\":\"https:\/\/ledsolintel.com\/wp-content\/uploads\/2024\/11\/webmenaje-logo-1508269066.jpg\",\"contentUrl\":\"https:\/\/ledsolintel.com\/wp-content\/uploads\/2024\/11\/webmenaje-logo-1508269066.jpg\",\"width\":370,\"height\":90,\"caption\":\"Solintel Noroeste, S.L.\"},\"image\":{\"@id\":\"https:\/\/ledsolintel.com\/#\/schema\/logo\/image\/\"},\"sameAs\":[\"http:\/\/www.facebook.com\/webmenaje\",\"https:\/\/x.com\/webmenaje\",\"https:\/\/www.youtube.com\/channel\/UCX2KoVoeCG4LocZjUc6LmSQ\",\"http:\/\/www.pinterest.com\/webmenaje\"]}]}<\/script>\n<!-- \/ Yoast SEO plugin. -->","yoast_head_json":{"title":"100m CABLE GOMA-NEOPRENO 3x2,5mm NEGRO HO7RN-F - Ledsolintel","robots":{"index":"index","follow":"follow","max-snippet":"max-snippet:-1","max-image-preview":"max-image-preview:large","max-video-preview":"max-video-preview:-1"},"canonical":"https:\/\/ledsolintel.com\/fr\/produit-2\/100m-cable-goma-neopreno-3x25mm-negro-ho7rn-f\/","og_locale":"fr_FR","og_type":"article","og_title":"100m CABLE GOMA-NEOPRENO 3x2,5mm NEGRO HO7RN-F - Ledsolintel","og_description":"Cable flexible con cubierta de goma para grandes cargas, son adecuados para su uso en esfuerzos mec\u00e1nicos en \u00e1reas secas, h\u00famedas, tanto en interior como en exterior, en m\u00e1quinas, herramientas, ascensores, prensas, gr\u00faas, etc. Conductor: Cobre electrol\u00edti","og_url":"https:\/\/ledsolintel.com\/fr\/produit-2\/100m-cable-goma-neopreno-3x25mm-negro-ho7rn-f\/","og_site_name":"Ledsolintel","article_publisher":"http:\/\/www.facebook.com\/webmenaje","og_image":[{"url":"https:\/\/ledsolintel.com\/wp-content\/uploads\/2024\/05\/29625-100m-CABLE-GOMA-NEOPRENO-3x25mm-NEGRO-HO7RN-F.jpg","width":1,"height":1,"type":"image\/jpeg"}],"twitter_card":"summary_large_image","twitter_site":"@webmenaje","schema":{"@context":"https:\/\/schema.org","@graph":[{"@type":"WebPage","@id":"https:\/\/ledsolintel.com\/product\/100m-cable-goma-neopreno-3x25mm-negro-ho7rn-f\/","url":"https:\/\/ledsolintel.com\/product\/100m-cable-goma-neopreno-3x25mm-negro-ho7rn-f\/","name":"100m CABLE GOMA-NEOPRENO 3x2,5mm NEGRO HO7RN-F - Ledsolintel","isPartOf":{"@id":"https:\/\/ledsolintel.com\/#website"},"primaryImageOfPage":{"@id":"https:\/\/ledsolintel.com\/product\/100m-cable-goma-neopreno-3x25mm-negro-ho7rn-f\/#primaryimage"},"image":{"@id":"https:\/\/ledsolintel.com\/product\/100m-cable-goma-neopreno-3x25mm-negro-ho7rn-f\/#primaryimage"},"thumbnailUrl":"https:\/\/ledsolintel.com\/wp-content\/uploads\/2024\/05\/29625-100m-CABLE-GOMA-NEOPRENO-3x25mm-NEGRO-HO7RN-F.jpg","datePublished":"2024-05-23T10:01:54+00:00","breadcrumb":{"@id":"https:\/\/ledsolintel.com\/product\/100m-cable-goma-neopreno-3x25mm-negro-ho7rn-f\/#breadcrumb"},"inLanguage":"fr-FR","potentialAction":[{"@type":"ReadAction","target":["https:\/\/ledsolintel.com\/product\/100m-cable-goma-neopreno-3x25mm-negro-ho7rn-f\/"]}]},{"@type":"ImageObject","inLanguage":"fr-FR","@id":"https:\/\/ledsolintel.com\/product\/100m-cable-goma-neopreno-3x25mm-negro-ho7rn-f\/#primaryimage","url":"https:\/\/ledsolintel.com\/wp-content\/uploads\/2024\/05\/29625-100m-CABLE-GOMA-NEOPRENO-3x25mm-NEGRO-HO7RN-F.jpg","contentUrl":"https:\/\/ledsolintel.com\/wp-content\/uploads\/2024\/05\/29625-100m-CABLE-GOMA-NEOPRENO-3x25mm-NEGRO-HO7RN-F.jpg","caption":"100m CABLE GOMA-NEOPRENO 3x2,5mm NEGRO HO7RN-F"},{"@type":"BreadcrumbList","@id":"https:\/\/ledsolintel.com\/product\/100m-cable-goma-neopreno-3x25mm-negro-ho7rn-f\/#breadcrumb","itemListElement":[{"@type":"ListItem","position":1,"name":"Portada","item":"https:\/\/ledsolintel.com\/fr\/"},{"@type":"ListItem","position":2,"name":"Tienda","item":"https:\/\/ledsolintel.com\/tienda\/"},{"@type":"ListItem","position":3,"name":"100m CABLE GOMA-NEOPRENO 3&#215;2,5mm NEGRO HO7RN-F"}]},{"@type":"WebSite","@id":"https:\/\/ledsolintel.com\/#website","url":"https:\/\/ledsolintel.com\/","name":"Webmenaje","description":"Magasin d'ampoules et de lampes LED pour les professionnels","publisher":{"@id":"https:\/\/ledsolintel.com\/#organization"},"potentialAction":[{"@type":"SearchAction","target":{"@type":"EntryPoint","urlTemplate":"https:\/\/ledsolintel.com\/?s={search_term_string}"},"query-input":{"@type":"PropertyValueSpecification","valueRequired":true,"valueName":"search_term_string"}}],"inLanguage":"fr-FR"},{"@type":"Organization","@id":"https:\/\/ledsolintel.com\/#organization","name":"Solintel Noroeste, S.L.","url":"https:\/\/ledsolintel.com\/","logo":{"@type":"ImageObject","inLanguage":"fr-FR","@id":"https:\/\/ledsolintel.com\/#\/schema\/logo\/image\/","url":"https:\/\/ledsolintel.com\/wp-content\/uploads\/2024\/11\/webmenaje-logo-1508269066.jpg","contentUrl":"https:\/\/ledsolintel.com\/wp-content\/uploads\/2024\/11\/webmenaje-logo-1508269066.jpg","width":370,"height":90,"caption":"Solintel Noroeste, S.L."},"image":{"@id":"https:\/\/ledsolintel.com\/#\/schema\/logo\/image\/"},"sameAs":["http:\/\/www.facebook.com\/webmenaje","https:\/\/x.com\/webmenaje","https:\/\/www.youtube.com\/channel\/UCX2KoVoeCG4LocZjUc6LmSQ","http:\/\/www.pinterest.com\/webmenaje"]}]}},"_links":{"self":[{"href":"https:\/\/ledsolintel.com\/fr\/wp-json\/wp\/v2\/product\/254576","targetHints":{"allow":["GET"]}}],"collection":[{"href":"https:\/\/ledsolintel.com\/fr\/wp-json\/wp\/v2\/product"}],"about":[{"href":"https:\/\/ledsolintel.com\/fr\/wp-json\/wp\/v2\/types\/product"}],"version-history":[{"count":0,"href":"https:\/\/ledsolintel.com\/fr\/wp-json\/wp\/v2\/product\/254576\/revisions"}],"wp:featuredmedia":[{"embeddable":true,"href":"https:\/\/ledsolintel.com\/fr\/wp-json\/wp\/v2\/media\/254575"}],"wp:attachment":[{"href":"https:\/\/ledsolintel.com\/fr\/wp-json\/wp\/v2\/media?parent=254576"}],"wp:term":[{"taxonomy":"product_brand","embeddable":true,"href":"https:\/\/ledsolintel.com\/fr\/wp-json\/wp\/v2\/product_brand?post=254576"},{"taxonomy":"product_cat","embeddable":true,"href":"https:\/\/ledsolintel.com\/fr\/wp-json\/wp\/v2\/product_cat?post=254576"},{"taxonomy":"product_tag","embeddable":true,"href":"https:\/\/ledsolintel.com\/fr\/wp-json\/wp\/v2\/product_tag?post=254576"}],"curies":[{"name":"wp","href":"https:\/\/api.w.org\/{rel}","templated":true}]}}