{"id":254438,"date":"2024-05-23T12:01:54","date_gmt":"2024-05-23T10:01:54","guid":{"rendered":"https:\/\/nueva.ledsolintel.com\/product\/808001-1l-pasacable-quimico-liquido-speed-faren\/"},"modified":"2024-05-23T12:01:54","modified_gmt":"2024-05-23T10:01:54","slug":"808001-1l-liquide-chimique-passe-cable-speed-faren","status":"publish","type":"product","link":"https:\/\/ledsolintel.com\/fr\/produit-2\/808001-1l-liquide-chimique-passe-cable-speed-faren\/","title":{"rendered":"808001 1L LIQUIDE CHIMIQUE PASSE-C\u00c2BLE SPEED FAREN"},"content":{"rendered":"<p>R\u00e9duit la friction et facilite le passage ou le gainage des c\u00e2bles coaxiaux, de r\u00e9seau et \u00e9lectriques en g\u00e9n\u00e9ral dans les canalisations en PVC rigide ou flexible. Il est tr\u00e8s performant et permet de r\u00e9duire significativement les pertes de produit.<\/p>","protected":false},"excerpt":{"rendered":"<p>R\u00e9duit la friction et facilite le passage ou le gainage des c\u00e2bles coaxiaux, de r\u00e9seau et \u00e9lectriques en g\u00e9n\u00e9ral dans les canalisations en PVC rigide ou flexible. Il est tr\u00e8s performant et permet de r\u00e9duire significativement les pertes de produit.<\/p>","protected":false},"featured_media":254437,"template":"","meta":[],"product_brand":[99515],"product_cat":[99781,99617,100143,99601],"product_tag":[],"class_list":{"0":"post-254438","1":"product","2":"type-product","3":"status-publish","4":"has-post-thumbnail","6":"product_brand-faren","7":"product_cat-cable","8":"product_cat-material-electrico","9":"product_cat-pasacables","10":"product_cat-gyemo","13":"instock","14":"taxable","15":"shipping-taxable","16":"purchasable","17":"product-type-simple"},"yoast_head":"<!-- This site is optimized with the Yoast SEO plugin v26.6 - https:\/\/yoast.com\/wordpress\/plugins\/seo\/ -->\n<title>808001 1L PASACABLE QUIMICO LIQUIDO SPEED FAREN - Ledsolintel<\/title>\n<meta name=\"robots\" content=\"index, follow, max-snippet:-1, max-image-preview:large, max-video-preview:-1\" \/>\n<link rel=\"canonical\" href=\"https:\/\/ledsolintel.com\/fr\/produit-2\/808001-1l-liquide-chimique-passe-cable-speed-faren\/\" \/>\n<meta property=\"og:locale\" content=\"fr_FR\" \/>\n<meta property=\"og:type\" content=\"article\" \/>\n<meta property=\"og:title\" content=\"808001 1L PASACABLE QUIMICO LIQUIDO SPEED FAREN - Ledsolintel\" \/>\n<meta property=\"og:description\" content=\"Reduce la fricci\u00f3n y facilita el paso o envainado de los cables el\u00e9ctricos coaxiales, de redes, el\u00e9ctricos en general en tubos de PVC r\u00edgidos o flexibles. Tiene un alto rendimiento reduciendo notablemente la p\u00e9rdida de producto.\" \/>\n<meta property=\"og:url\" content=\"https:\/\/ledsolintel.com\/fr\/produit-2\/808001-1l-liquide-chimique-passe-cable-speed-faren\/\" \/>\n<meta property=\"og:site_name\" content=\"Ledsolintel\" \/>\n<meta property=\"article:publisher\" content=\"http:\/\/www.facebook.com\/webmenaje\" \/>\n<meta property=\"og:image\" content=\"https:\/\/ledsolintel.com\/wp-content\/uploads\/2024\/05\/29541-808001-1L-PASACABLE-QUIMICO-LIQUIDO-SPEED-FAREN.jpg\" \/>\n\t<meta property=\"og:image:width\" content=\"1\" \/>\n\t<meta property=\"og:image:height\" content=\"1\" \/>\n\t<meta property=\"og:image:type\" content=\"image\/jpeg\" \/>\n<meta name=\"twitter:card\" content=\"summary_large_image\" \/>\n<meta name=\"twitter:site\" content=\"@webmenaje\" \/>\n<script type=\"application\/ld+json\" class=\"yoast-schema-graph\">{\"@context\":\"https:\/\/schema.org\",\"@graph\":[{\"@type\":\"WebPage\",\"@id\":\"https:\/\/ledsolintel.com\/product\/808001-1l-pasacable-quimico-liquido-speed-faren\/\",\"url\":\"https:\/\/ledsolintel.com\/product\/808001-1l-pasacable-quimico-liquido-speed-faren\/\",\"name\":\"808001 1L PASACABLE QUIMICO LIQUIDO SPEED FAREN - Ledsolintel\",\"isPartOf\":{\"@id\":\"https:\/\/ledsolintel.com\/#website\"},\"primaryImageOfPage\":{\"@id\":\"https:\/\/ledsolintel.com\/product\/808001-1l-pasacable-quimico-liquido-speed-faren\/#primaryimage\"},\"image\":{\"@id\":\"https:\/\/ledsolintel.com\/product\/808001-1l-pasacable-quimico-liquido-speed-faren\/#primaryimage\"},\"thumbnailUrl\":\"https:\/\/ledsolintel.com\/wp-content\/uploads\/2024\/05\/29541-808001-1L-PASACABLE-QUIMICO-LIQUIDO-SPEED-FAREN.jpg\",\"datePublished\":\"2024-05-23T10:01:54+00:00\",\"breadcrumb\":{\"@id\":\"https:\/\/ledsolintel.com\/product\/808001-1l-pasacable-quimico-liquido-speed-faren\/#breadcrumb\"},\"inLanguage\":\"fr-FR\",\"potentialAction\":[{\"@type\":\"ReadAction\",\"target\":[\"https:\/\/ledsolintel.com\/product\/808001-1l-pasacable-quimico-liquido-speed-faren\/\"]}]},{\"@type\":\"ImageObject\",\"inLanguage\":\"fr-FR\",\"@id\":\"https:\/\/ledsolintel.com\/product\/808001-1l-pasacable-quimico-liquido-speed-faren\/#primaryimage\",\"url\":\"https:\/\/ledsolintel.com\/wp-content\/uploads\/2024\/05\/29541-808001-1L-PASACABLE-QUIMICO-LIQUIDO-SPEED-FAREN.jpg\",\"contentUrl\":\"https:\/\/ledsolintel.com\/wp-content\/uploads\/2024\/05\/29541-808001-1L-PASACABLE-QUIMICO-LIQUIDO-SPEED-FAREN.jpg\",\"caption\":\"808001 1L PASACABLE QUIMICO LIQUIDO SPEED FAREN\"},{\"@type\":\"BreadcrumbList\",\"@id\":\"https:\/\/ledsolintel.com\/product\/808001-1l-pasacable-quimico-liquido-speed-faren\/#breadcrumb\",\"itemListElement\":[{\"@type\":\"ListItem\",\"position\":1,\"name\":\"Portada\",\"item\":\"https:\/\/ledsolintel.com\/fr\/\"},{\"@type\":\"ListItem\",\"position\":2,\"name\":\"Tienda\",\"item\":\"https:\/\/ledsolintel.com\/tienda\/\"},{\"@type\":\"ListItem\",\"position\":3,\"name\":\"808001 1L PASACABLE QUIMICO LIQUIDO SPEED FAREN\"}]},{\"@type\":\"WebSite\",\"@id\":\"https:\/\/ledsolintel.com\/#website\",\"url\":\"https:\/\/ledsolintel.com\/\",\"name\":\"Webmenaje\",\"description\":\"Tienda de bombillas y l\u00e1mparas LED para profesionales\",\"publisher\":{\"@id\":\"https:\/\/ledsolintel.com\/#organization\"},\"potentialAction\":[{\"@type\":\"SearchAction\",\"target\":{\"@type\":\"EntryPoint\",\"urlTemplate\":\"https:\/\/ledsolintel.com\/?s={search_term_string}\"},\"query-input\":{\"@type\":\"PropertyValueSpecification\",\"valueRequired\":true,\"valueName\":\"search_term_string\"}}],\"inLanguage\":\"fr-FR\"},{\"@type\":\"Organization\",\"@id\":\"https:\/\/ledsolintel.com\/#organization\",\"name\":\"Solintel Noroeste, S.L.\",\"url\":\"https:\/\/ledsolintel.com\/\",\"logo\":{\"@type\":\"ImageObject\",\"inLanguage\":\"fr-FR\",\"@id\":\"https:\/\/ledsolintel.com\/#\/schema\/logo\/image\/\",\"url\":\"https:\/\/ledsolintel.com\/wp-content\/uploads\/2024\/11\/webmenaje-logo-1508269066.jpg\",\"contentUrl\":\"https:\/\/ledsolintel.com\/wp-content\/uploads\/2024\/11\/webmenaje-logo-1508269066.jpg\",\"width\":370,\"height\":90,\"caption\":\"Solintel Noroeste, S.L.\"},\"image\":{\"@id\":\"https:\/\/ledsolintel.com\/#\/schema\/logo\/image\/\"},\"sameAs\":[\"http:\/\/www.facebook.com\/webmenaje\",\"https:\/\/x.com\/webmenaje\",\"https:\/\/www.youtube.com\/channel\/UCX2KoVoeCG4LocZjUc6LmSQ\",\"http:\/\/www.pinterest.com\/webmenaje\"]}]}<\/script>\n<!-- \/ Yoast SEO plugin. -->","yoast_head_json":{"title":"808001 1L SPEED FAREN LIQUID CHEMICAL WIPER - Ledsolintel","robots":{"index":"index","follow":"follow","max-snippet":"max-snippet:-1","max-image-preview":"max-image-preview:large","max-video-preview":"max-video-preview:-1"},"canonical":"https:\/\/ledsolintel.com\/fr\/produit-2\/808001-1l-liquide-chimique-passe-cable-speed-faren\/","og_locale":"fr_FR","og_type":"article","og_title":"808001 1L PASACABLE QUIMICO LIQUIDO SPEED FAREN - Ledsolintel","og_description":"Reduce la fricci\u00f3n y facilita el paso o envainado de los cables el\u00e9ctricos coaxiales, de redes, el\u00e9ctricos en general en tubos de PVC r\u00edgidos o flexibles. Tiene un alto rendimiento reduciendo notablemente la p\u00e9rdida de producto.","og_url":"https:\/\/ledsolintel.com\/fr\/produit-2\/808001-1l-liquide-chimique-passe-cable-speed-faren\/","og_site_name":"Ledsolintel","article_publisher":"http:\/\/www.facebook.com\/webmenaje","og_image":[{"url":"https:\/\/ledsolintel.com\/wp-content\/uploads\/2024\/05\/29541-808001-1L-PASACABLE-QUIMICO-LIQUIDO-SPEED-FAREN.jpg","width":1,"height":1,"type":"image\/jpeg"}],"twitter_card":"summary_large_image","twitter_site":"@webmenaje","schema":{"@context":"https:\/\/schema.org","@graph":[{"@type":"WebPage","@id":"https:\/\/ledsolintel.com\/product\/808001-1l-pasacable-quimico-liquido-speed-faren\/","url":"https:\/\/ledsolintel.com\/product\/808001-1l-pasacable-quimico-liquido-speed-faren\/","name":"808001 1L SPEED FAREN LIQUID CHEMICAL WIPER - Ledsolintel","isPartOf":{"@id":"https:\/\/ledsolintel.com\/#website"},"primaryImageOfPage":{"@id":"https:\/\/ledsolintel.com\/product\/808001-1l-pasacable-quimico-liquido-speed-faren\/#primaryimage"},"image":{"@id":"https:\/\/ledsolintel.com\/product\/808001-1l-pasacable-quimico-liquido-speed-faren\/#primaryimage"},"thumbnailUrl":"https:\/\/ledsolintel.com\/wp-content\/uploads\/2024\/05\/29541-808001-1L-PASACABLE-QUIMICO-LIQUIDO-SPEED-FAREN.jpg","datePublished":"2024-05-23T10:01:54+00:00","breadcrumb":{"@id":"https:\/\/ledsolintel.com\/product\/808001-1l-pasacable-quimico-liquido-speed-faren\/#breadcrumb"},"inLanguage":"fr-FR","potentialAction":[{"@type":"ReadAction","target":["https:\/\/ledsolintel.com\/product\/808001-1l-pasacable-quimico-liquido-speed-faren\/"]}]},{"@type":"ImageObject","inLanguage":"fr-FR","@id":"https:\/\/ledsolintel.com\/product\/808001-1l-pasacable-quimico-liquido-speed-faren\/#primaryimage","url":"https:\/\/ledsolintel.com\/wp-content\/uploads\/2024\/05\/29541-808001-1L-PASACABLE-QUIMICO-LIQUIDO-SPEED-FAREN.jpg","contentUrl":"https:\/\/ledsolintel.com\/wp-content\/uploads\/2024\/05\/29541-808001-1L-PASACABLE-QUIMICO-LIQUIDO-SPEED-FAREN.jpg","caption":"808001 1L PASACABLE QUIMICO LIQUIDO SPEED FAREN"},{"@type":"BreadcrumbList","@id":"https:\/\/ledsolintel.com\/product\/808001-1l-pasacable-quimico-liquido-speed-faren\/#breadcrumb","itemListElement":[{"@type":"ListItem","position":1,"name":"Portada","item":"https:\/\/ledsolintel.com\/fr\/"},{"@type":"ListItem","position":2,"name":"Tienda","item":"https:\/\/ledsolintel.com\/tienda\/"},{"@type":"ListItem","position":3,"name":"808001 1L PASACABLE QUIMICO LIQUIDO SPEED FAREN"}]},{"@type":"WebSite","@id":"https:\/\/ledsolintel.com\/#website","url":"https:\/\/ledsolintel.com\/","name":"Webmenaje","description":"Magasin d'ampoules et de lampes LED pour les professionnels","publisher":{"@id":"https:\/\/ledsolintel.com\/#organization"},"potentialAction":[{"@type":"SearchAction","target":{"@type":"EntryPoint","urlTemplate":"https:\/\/ledsolintel.com\/?s={search_term_string}"},"query-input":{"@type":"PropertyValueSpecification","valueRequired":true,"valueName":"search_term_string"}}],"inLanguage":"fr-FR"},{"@type":"Organization","@id":"https:\/\/ledsolintel.com\/#organization","name":"Solintel Noroeste, S.L.","url":"https:\/\/ledsolintel.com\/","logo":{"@type":"ImageObject","inLanguage":"fr-FR","@id":"https:\/\/ledsolintel.com\/#\/schema\/logo\/image\/","url":"https:\/\/ledsolintel.com\/wp-content\/uploads\/2024\/11\/webmenaje-logo-1508269066.jpg","contentUrl":"https:\/\/ledsolintel.com\/wp-content\/uploads\/2024\/11\/webmenaje-logo-1508269066.jpg","width":370,"height":90,"caption":"Solintel Noroeste, S.L."},"image":{"@id":"https:\/\/ledsolintel.com\/#\/schema\/logo\/image\/"},"sameAs":["http:\/\/www.facebook.com\/webmenaje","https:\/\/x.com\/webmenaje","https:\/\/www.youtube.com\/channel\/UCX2KoVoeCG4LocZjUc6LmSQ","http:\/\/www.pinterest.com\/webmenaje"]}]}},"_links":{"self":[{"href":"https:\/\/ledsolintel.com\/fr\/wp-json\/wp\/v2\/product\/254438","targetHints":{"allow":["GET"]}}],"collection":[{"href":"https:\/\/ledsolintel.com\/fr\/wp-json\/wp\/v2\/product"}],"about":[{"href":"https:\/\/ledsolintel.com\/fr\/wp-json\/wp\/v2\/types\/product"}],"version-history":[{"count":0,"href":"https:\/\/ledsolintel.com\/fr\/wp-json\/wp\/v2\/product\/254438\/revisions"}],"wp:featuredmedia":[{"embeddable":true,"href":"https:\/\/ledsolintel.com\/fr\/wp-json\/wp\/v2\/media\/254437"}],"wp:attachment":[{"href":"https:\/\/ledsolintel.com\/fr\/wp-json\/wp\/v2\/media?parent=254438"}],"wp:term":[{"taxonomy":"product_brand","embeddable":true,"href":"https:\/\/ledsolintel.com\/fr\/wp-json\/wp\/v2\/product_brand?post=254438"},{"taxonomy":"product_cat","embeddable":true,"href":"https:\/\/ledsolintel.com\/fr\/wp-json\/wp\/v2\/product_cat?post=254438"},{"taxonomy":"product_tag","embeddable":true,"href":"https:\/\/ledsolintel.com\/fr\/wp-json\/wp\/v2\/product_tag?post=254438"}],"curies":[{"name":"wp","href":"https:\/\/api.w.org\/{rel}","templated":true}]}}