{"id":254213,"date":"2024-05-23T12:01:54","date_gmt":"2024-05-23T10:01:54","guid":{"rendered":"https:\/\/nueva.ledsolintel.com\/product\/5261-caja-distribucion-superficie-42-elementos-solera\/"},"modified":"2024-05-23T12:01:54","modified_gmt":"2024-05-23T10:01:54","slug":"5261-caja-distribucion-superficie-42-elementos-solera","status":"publish","type":"product","link":"https:\/\/ledsolintel.com\/fr\/produit-2\/5261-caja-distribucion-superficie-42-elementos-solera\/","title":{"rendered":"5261 BO\u00ceTE DE DISTRIBUTION SURFACE 42 \u00c9L\u00c9MENTS CHAPE"},"content":{"rendered":"<p>Normes applicables : UNE EN 62208 et UNE 201003. Bo\u00eetiers destin\u00e9s \u00e0 \u00eatre utilis\u00e9s \u00e0 l'int\u00e9rieur d'une enceinte domestique ou similaire. Capacit\u00e9 du PIC : jusqu'\u00e0 4 \u00e9l\u00e9ments. Courant de travail : 40 A ou 63 A. Scellable. Mat\u00e9riau : Thermoplastique sans h<\/p>","protected":false},"excerpt":{"rendered":"<p>Normes applicables : UNE EN 62208 et UNE 201003. Bo\u00eetiers destin\u00e9s \u00e0 \u00eatre utilis\u00e9s \u00e0 l'int\u00e9rieur d'une enceinte domestique ou similaire. Capacit\u00e9 du PIC : jusqu'\u00e0 4 \u00e9l\u00e9ments. Courant de travail : 40 A ou 63 A. Scellable. Mat\u00e9riau : Thermoplastique sans h<\/p>","protected":false},"featured_media":254212,"template":"","meta":[],"product_brand":[99499],"product_cat":[100129,99769,99617,99601],"product_tag":[],"class_list":{"0":"post-254213","1":"product","2":"type-product","3":"status-publish","4":"has-post-thumbnail","6":"product_brand-solera","7":"product_cat-cajas-de-distribucion-e-icp","8":"product_cat-cajas-instalacion","9":"product_cat-material-electrico","10":"product_cat-gyemo","13":"outofstock","14":"taxable","15":"shipping-taxable","16":"purchasable","17":"product-type-simple"},"yoast_head":"<!-- This site is optimized with the Yoast SEO plugin v26.6 - https:\/\/yoast.com\/wordpress\/plugins\/seo\/ -->\n<title>5261 CAJA DISTRIBUCION SUPERFICIE 42 ELEMENTOS SOLERA - Ledsolintel<\/title>\n<meta name=\"robots\" content=\"index, follow, max-snippet:-1, max-image-preview:large, max-video-preview:-1\" \/>\n<link rel=\"canonical\" href=\"https:\/\/ledsolintel.com\/fr\/produit-2\/5261-caja-distribucion-superficie-42-elementos-solera\/\" \/>\n<meta property=\"og:locale\" content=\"fr_FR\" \/>\n<meta property=\"og:type\" content=\"article\" \/>\n<meta property=\"og:title\" content=\"5261 CAJA DISTRIBUCION SUPERFICIE 42 ELEMENTOS SOLERA - Ledsolintel\" \/>\n<meta property=\"og:description\" content=\"Normativa aplicable: UNE EN 62208 y UNE 201003. Cajas previstas para su utilizaci\u00f3n en el interior de un recinto dom\u00e9stico o an\u00e1logo. Capacidad del ICP: Hasta 4 elementos. Corriente de trabajo: 40 A o 63 A. Precintables. Material: Termopl\u00e1stico libre de h\" \/>\n<meta property=\"og:url\" content=\"https:\/\/ledsolintel.com\/fr\/produit-2\/5261-caja-distribucion-superficie-42-elementos-solera\/\" \/>\n<meta property=\"og:site_name\" content=\"Ledsolintel\" \/>\n<meta property=\"article:publisher\" content=\"http:\/\/www.facebook.com\/webmenaje\" \/>\n<meta property=\"og:image\" content=\"https:\/\/ledsolintel.com\/wp-content\/uploads\/2024\/05\/29415-5261-CAJA-DISTRIBUCION-SUPERFICIE-42-ELEMENTOS-SOLERA.jpg\" \/>\n\t<meta property=\"og:image:width\" content=\"1\" \/>\n\t<meta property=\"og:image:height\" content=\"1\" \/>\n\t<meta property=\"og:image:type\" content=\"image\/jpeg\" \/>\n<meta name=\"twitter:card\" content=\"summary_large_image\" \/>\n<meta name=\"twitter:site\" content=\"@webmenaje\" \/>\n<script type=\"application\/ld+json\" class=\"yoast-schema-graph\">{\"@context\":\"https:\/\/schema.org\",\"@graph\":[{\"@type\":\"WebPage\",\"@id\":\"https:\/\/ledsolintel.com\/product\/5261-caja-distribucion-superficie-42-elementos-solera\/\",\"url\":\"https:\/\/ledsolintel.com\/product\/5261-caja-distribucion-superficie-42-elementos-solera\/\",\"name\":\"5261 CAJA DISTRIBUCION SUPERFICIE 42 ELEMENTOS SOLERA - Ledsolintel\",\"isPartOf\":{\"@id\":\"https:\/\/ledsolintel.com\/#website\"},\"primaryImageOfPage\":{\"@id\":\"https:\/\/ledsolintel.com\/product\/5261-caja-distribucion-superficie-42-elementos-solera\/#primaryimage\"},\"image\":{\"@id\":\"https:\/\/ledsolintel.com\/product\/5261-caja-distribucion-superficie-42-elementos-solera\/#primaryimage\"},\"thumbnailUrl\":\"https:\/\/ledsolintel.com\/wp-content\/uploads\/2024\/05\/29415-5261-CAJA-DISTRIBUCION-SUPERFICIE-42-ELEMENTOS-SOLERA.jpg\",\"datePublished\":\"2024-05-23T10:01:54+00:00\",\"breadcrumb\":{\"@id\":\"https:\/\/ledsolintel.com\/product\/5261-caja-distribucion-superficie-42-elementos-solera\/#breadcrumb\"},\"inLanguage\":\"fr-FR\",\"potentialAction\":[{\"@type\":\"ReadAction\",\"target\":[\"https:\/\/ledsolintel.com\/product\/5261-caja-distribucion-superficie-42-elementos-solera\/\"]}]},{\"@type\":\"ImageObject\",\"inLanguage\":\"fr-FR\",\"@id\":\"https:\/\/ledsolintel.com\/product\/5261-caja-distribucion-superficie-42-elementos-solera\/#primaryimage\",\"url\":\"https:\/\/ledsolintel.com\/wp-content\/uploads\/2024\/05\/29415-5261-CAJA-DISTRIBUCION-SUPERFICIE-42-ELEMENTOS-SOLERA.jpg\",\"contentUrl\":\"https:\/\/ledsolintel.com\/wp-content\/uploads\/2024\/05\/29415-5261-CAJA-DISTRIBUCION-SUPERFICIE-42-ELEMENTOS-SOLERA.jpg\",\"caption\":\"5261 CAJA DISTRIBUCION SUPERFICIE 42 ELEMENTOS SOLERA\"},{\"@type\":\"BreadcrumbList\",\"@id\":\"https:\/\/ledsolintel.com\/product\/5261-caja-distribucion-superficie-42-elementos-solera\/#breadcrumb\",\"itemListElement\":[{\"@type\":\"ListItem\",\"position\":1,\"name\":\"Portada\",\"item\":\"https:\/\/ledsolintel.com\/fr\/\"},{\"@type\":\"ListItem\",\"position\":2,\"name\":\"Tienda\",\"item\":\"https:\/\/ledsolintel.com\/tienda\/\"},{\"@type\":\"ListItem\",\"position\":3,\"name\":\"5261 CAJA DISTRIBUCION SUPERFICIE 42 ELEMENTOS SOLERA\"}]},{\"@type\":\"WebSite\",\"@id\":\"https:\/\/ledsolintel.com\/#website\",\"url\":\"https:\/\/ledsolintel.com\/\",\"name\":\"Webmenaje\",\"description\":\"Tienda de bombillas y l\u00e1mparas LED para profesionales\",\"publisher\":{\"@id\":\"https:\/\/ledsolintel.com\/#organization\"},\"potentialAction\":[{\"@type\":\"SearchAction\",\"target\":{\"@type\":\"EntryPoint\",\"urlTemplate\":\"https:\/\/ledsolintel.com\/?s={search_term_string}\"},\"query-input\":{\"@type\":\"PropertyValueSpecification\",\"valueRequired\":true,\"valueName\":\"search_term_string\"}}],\"inLanguage\":\"fr-FR\"},{\"@type\":\"Organization\",\"@id\":\"https:\/\/ledsolintel.com\/#organization\",\"name\":\"Solintel Noroeste, S.L.\",\"url\":\"https:\/\/ledsolintel.com\/\",\"logo\":{\"@type\":\"ImageObject\",\"inLanguage\":\"fr-FR\",\"@id\":\"https:\/\/ledsolintel.com\/#\/schema\/logo\/image\/\",\"url\":\"https:\/\/ledsolintel.com\/wp-content\/uploads\/2024\/11\/webmenaje-logo-1508269066.jpg\",\"contentUrl\":\"https:\/\/ledsolintel.com\/wp-content\/uploads\/2024\/11\/webmenaje-logo-1508269066.jpg\",\"width\":370,\"height\":90,\"caption\":\"Solintel Noroeste, S.L.\"},\"image\":{\"@id\":\"https:\/\/ledsolintel.com\/#\/schema\/logo\/image\/\"},\"sameAs\":[\"http:\/\/www.facebook.com\/webmenaje\",\"https:\/\/x.com\/webmenaje\",\"https:\/\/www.youtube.com\/channel\/UCX2KoVoeCG4LocZjUc6LmSQ\",\"http:\/\/www.pinterest.com\/webmenaje\"]}]}<\/script>\n<!-- \/ Yoast SEO plugin. -->","yoast_head_json":{"title":"5261 CAJA DISTRIBUCION SUPERFICIE 42 ELEMENTOS SOLERA - Ledsolintel","robots":{"index":"index","follow":"follow","max-snippet":"max-snippet:-1","max-image-preview":"max-image-preview:large","max-video-preview":"max-video-preview:-1"},"canonical":"https:\/\/ledsolintel.com\/fr\/produit-2\/5261-caja-distribucion-superficie-42-elementos-solera\/","og_locale":"fr_FR","og_type":"article","og_title":"5261 CAJA DISTRIBUCION SUPERFICIE 42 ELEMENTOS SOLERA - Ledsolintel","og_description":"Normativa aplicable: UNE EN 62208 y UNE 201003. Cajas previstas para su utilizaci\u00f3n en el interior de un recinto dom\u00e9stico o an\u00e1logo. Capacidad del ICP: Hasta 4 elementos. Corriente de trabajo: 40 A o 63 A. Precintables. Material: Termopl\u00e1stico libre de h","og_url":"https:\/\/ledsolintel.com\/fr\/produit-2\/5261-caja-distribucion-superficie-42-elementos-solera\/","og_site_name":"Ledsolintel","article_publisher":"http:\/\/www.facebook.com\/webmenaje","og_image":[{"url":"https:\/\/ledsolintel.com\/wp-content\/uploads\/2024\/05\/29415-5261-CAJA-DISTRIBUCION-SUPERFICIE-42-ELEMENTOS-SOLERA.jpg","width":1,"height":1,"type":"image\/jpeg"}],"twitter_card":"summary_large_image","twitter_site":"@webmenaje","schema":{"@context":"https:\/\/schema.org","@graph":[{"@type":"WebPage","@id":"https:\/\/ledsolintel.com\/product\/5261-caja-distribucion-superficie-42-elementos-solera\/","url":"https:\/\/ledsolintel.com\/product\/5261-caja-distribucion-superficie-42-elementos-solera\/","name":"5261 CAJA DISTRIBUCION SUPERFICIE 42 ELEMENTOS SOLERA - Ledsolintel","isPartOf":{"@id":"https:\/\/ledsolintel.com\/#website"},"primaryImageOfPage":{"@id":"https:\/\/ledsolintel.com\/product\/5261-caja-distribucion-superficie-42-elementos-solera\/#primaryimage"},"image":{"@id":"https:\/\/ledsolintel.com\/product\/5261-caja-distribucion-superficie-42-elementos-solera\/#primaryimage"},"thumbnailUrl":"https:\/\/ledsolintel.com\/wp-content\/uploads\/2024\/05\/29415-5261-CAJA-DISTRIBUCION-SUPERFICIE-42-ELEMENTOS-SOLERA.jpg","datePublished":"2024-05-23T10:01:54+00:00","breadcrumb":{"@id":"https:\/\/ledsolintel.com\/product\/5261-caja-distribucion-superficie-42-elementos-solera\/#breadcrumb"},"inLanguage":"fr-FR","potentialAction":[{"@type":"ReadAction","target":["https:\/\/ledsolintel.com\/product\/5261-caja-distribucion-superficie-42-elementos-solera\/"]}]},{"@type":"ImageObject","inLanguage":"fr-FR","@id":"https:\/\/ledsolintel.com\/product\/5261-caja-distribucion-superficie-42-elementos-solera\/#primaryimage","url":"https:\/\/ledsolintel.com\/wp-content\/uploads\/2024\/05\/29415-5261-CAJA-DISTRIBUCION-SUPERFICIE-42-ELEMENTOS-SOLERA.jpg","contentUrl":"https:\/\/ledsolintel.com\/wp-content\/uploads\/2024\/05\/29415-5261-CAJA-DISTRIBUCION-SUPERFICIE-42-ELEMENTOS-SOLERA.jpg","caption":"5261 CAJA DISTRIBUCION SUPERFICIE 42 ELEMENTOS SOLERA"},{"@type":"BreadcrumbList","@id":"https:\/\/ledsolintel.com\/product\/5261-caja-distribucion-superficie-42-elementos-solera\/#breadcrumb","itemListElement":[{"@type":"ListItem","position":1,"name":"Portada","item":"https:\/\/ledsolintel.com\/fr\/"},{"@type":"ListItem","position":2,"name":"Tienda","item":"https:\/\/ledsolintel.com\/tienda\/"},{"@type":"ListItem","position":3,"name":"5261 CAJA DISTRIBUCION SUPERFICIE 42 ELEMENTOS SOLERA"}]},{"@type":"WebSite","@id":"https:\/\/ledsolintel.com\/#website","url":"https:\/\/ledsolintel.com\/","name":"Webmenaje","description":"Magasin d'ampoules et de lampes LED pour les professionnels","publisher":{"@id":"https:\/\/ledsolintel.com\/#organization"},"potentialAction":[{"@type":"SearchAction","target":{"@type":"EntryPoint","urlTemplate":"https:\/\/ledsolintel.com\/?s={search_term_string}"},"query-input":{"@type":"PropertyValueSpecification","valueRequired":true,"valueName":"search_term_string"}}],"inLanguage":"fr-FR"},{"@type":"Organization","@id":"https:\/\/ledsolintel.com\/#organization","name":"Solintel Noroeste, S.L.","url":"https:\/\/ledsolintel.com\/","logo":{"@type":"ImageObject","inLanguage":"fr-FR","@id":"https:\/\/ledsolintel.com\/#\/schema\/logo\/image\/","url":"https:\/\/ledsolintel.com\/wp-content\/uploads\/2024\/11\/webmenaje-logo-1508269066.jpg","contentUrl":"https:\/\/ledsolintel.com\/wp-content\/uploads\/2024\/11\/webmenaje-logo-1508269066.jpg","width":370,"height":90,"caption":"Solintel Noroeste, S.L."},"image":{"@id":"https:\/\/ledsolintel.com\/#\/schema\/logo\/image\/"},"sameAs":["http:\/\/www.facebook.com\/webmenaje","https:\/\/x.com\/webmenaje","https:\/\/www.youtube.com\/channel\/UCX2KoVoeCG4LocZjUc6LmSQ","http:\/\/www.pinterest.com\/webmenaje"]}]}},"_links":{"self":[{"href":"https:\/\/ledsolintel.com\/fr\/wp-json\/wp\/v2\/product\/254213","targetHints":{"allow":["GET"]}}],"collection":[{"href":"https:\/\/ledsolintel.com\/fr\/wp-json\/wp\/v2\/product"}],"about":[{"href":"https:\/\/ledsolintel.com\/fr\/wp-json\/wp\/v2\/types\/product"}],"version-history":[{"count":0,"href":"https:\/\/ledsolintel.com\/fr\/wp-json\/wp\/v2\/product\/254213\/revisions"}],"wp:featuredmedia":[{"embeddable":true,"href":"https:\/\/ledsolintel.com\/fr\/wp-json\/wp\/v2\/media\/254212"}],"wp:attachment":[{"href":"https:\/\/ledsolintel.com\/fr\/wp-json\/wp\/v2\/media?parent=254213"}],"wp:term":[{"taxonomy":"product_brand","embeddable":true,"href":"https:\/\/ledsolintel.com\/fr\/wp-json\/wp\/v2\/product_brand?post=254213"},{"taxonomy":"product_cat","embeddable":true,"href":"https:\/\/ledsolintel.com\/fr\/wp-json\/wp\/v2\/product_cat?post=254213"},{"taxonomy":"product_tag","embeddable":true,"href":"https:\/\/ledsolintel.com\/fr\/wp-json\/wp\/v2\/product_tag?post=254213"}],"curies":[{"name":"wp","href":"https:\/\/api.w.org\/{rel}","templated":true}]}}