{"id":253984,"date":"2024-05-23T12:01:54","date_gmt":"2024-05-23T10:01:54","guid":{"rendered":"https:\/\/nueva.ledsolintel.com\/product\/121100040-50m-tubo-canalizacion-electrica-ultra-tp-i-ligero-rojo-o40mm\/"},"modified":"2024-05-23T12:01:54","modified_gmt":"2024-05-23T10:01:54","slug":"121100040-50m-conduit-pipe-ultra-tp-i-light-red-o40mm","status":"publish","type":"product","link":"https:\/\/ledsolintel.com\/fr\/produit-2\/121100040-50m-conduit-pipe-ultra-tp-i-light-red-o40mm\/","title":{"rendered":"121100040 50m ULTRA-TP I LIGHT TUBE \u00c9LECTRIQUE LUMINEUX ROUGE \u00f840mm"},"content":{"rendered":"<p>Tuyau l\u00e9ger rouge UltraTP-I pour conduits souterrains avec section circulaire \u00e0 double couche. Le tube est fourni avec des manchons pour le raccordement des tubes. Tuyau en poly\u00e9thyl\u00e8ne pliable. Manchons en polypropyl\u00e8ne et poly\u00e9thyl\u00e8ne. Avec guide int\u00e9rieur en polypropyl\u00e8ne et poly\u00e9thyl\u00e8ne.<\/p>","protected":false},"excerpt":{"rendered":"<p>Tuyau l\u00e9ger rouge UltraTP-I pour conduits souterrains avec section circulaire \u00e0 double couche. Le tube est fourni avec des manchons pour le raccordement des tubes. Tuyau en poly\u00e9thyl\u00e8ne pliable. Manchons en polypropyl\u00e8ne et poly\u00e9thyl\u00e8ne. Avec guide int\u00e9rieur en polypropyl\u00e8ne et poly\u00e9thyl\u00e8ne.<\/p>","protected":false},"featured_media":253981,"template":"","meta":[],"product_brand":[99511],"product_cat":[99601,99617],"product_tag":[],"class_list":{"0":"post-253984","1":"product","2":"type-product","3":"status-publish","4":"has-post-thumbnail","6":"product_brand-tupersa","7":"product_cat-gyemo","8":"product_cat-material-electrico","11":"instock","12":"taxable","13":"shipping-taxable","14":"purchasable","15":"product-type-simple"},"yoast_head":"<!-- This site is optimized with the Yoast SEO plugin v27.4 - https:\/\/yoast.com\/product\/yoast-seo-wordpress\/ -->\n<title>121100040 50m TUBO CANALIZACION ELECTRICA ULTRA-TP I LIGERO ROJO \u00f840mm - Ledsolintel<\/title>\n<meta name=\"robots\" content=\"index, follow, max-snippet:-1, max-image-preview:large, max-video-preview:-1\" \/>\n<link rel=\"canonical\" href=\"https:\/\/ledsolintel.com\/fr\/produit-2\/121100040-50m-conduit-pipe-ultra-tp-i-light-red-o40mm\/\" \/>\n<meta property=\"og:locale\" content=\"fr_FR\" \/>\n<meta property=\"og:type\" content=\"article\" \/>\n<meta property=\"og:title\" content=\"121100040 50m TUBO CANALIZACION ELECTRICA ULTRA-TP I LIGERO ROJO \u00f840mm - Ledsolintel\" \/>\n<meta property=\"og:description\" content=\"Tubo UltraTP-I ligero rojo para canalizaciones enterradas con secci\u00f3n circular doble capa. Suministro del tubo con manguitos para el acoplamiento de los tubos. Tubo curvable de polietileno. Manguitos de polipropileno y polietileno. Con gu\u00eda interior de po\" \/>\n<meta property=\"og:url\" content=\"https:\/\/ledsolintel.com\/fr\/produit-2\/121100040-50m-conduit-pipe-ultra-tp-i-light-red-o40mm\/\" \/>\n<meta property=\"og:site_name\" content=\"Ledsolintel\" \/>\n<meta property=\"article:publisher\" content=\"http:\/\/www.facebook.com\/webmenaje\" \/>\n<meta property=\"og:image\" content=\"https:\/\/ledsolintel.com\/wp-content\/uploads\/2024\/05\/29288-121100040-50m-TUBO-CANALIZACION-ELECTRICA-ULTRA-TP-I-LIGERO-ROJO-o40mm.jpg\" \/>\n\t<meta property=\"og:image:width\" content=\"1\" \/>\n\t<meta property=\"og:image:height\" content=\"1\" \/>\n\t<meta property=\"og:image:type\" content=\"image\/jpeg\" \/>\n<meta name=\"twitter:card\" content=\"summary_large_image\" \/>\n<meta name=\"twitter:site\" content=\"@webmenaje\" \/>\n<script type=\"application\/ld+json\" class=\"yoast-schema-graph\">{\"@context\":\"https:\\\/\\\/schema.org\",\"@graph\":[{\"@type\":\"WebPage\",\"@id\":\"https:\\\/\\\/ledsolintel.com\\\/product\\\/121100040-50m-tubo-canalizacion-electrica-ultra-tp-i-ligero-rojo-o40mm\\\/\",\"url\":\"https:\\\/\\\/ledsolintel.com\\\/product\\\/121100040-50m-tubo-canalizacion-electrica-ultra-tp-i-ligero-rojo-o40mm\\\/\",\"name\":\"121100040 50m TUBO CANALIZACION ELECTRICA ULTRA-TP I LIGERO ROJO \u00f840mm - Ledsolintel\",\"isPartOf\":{\"@id\":\"https:\\\/\\\/ledsolintel.com\\\/#website\"},\"primaryImageOfPage\":{\"@id\":\"https:\\\/\\\/ledsolintel.com\\\/product\\\/121100040-50m-tubo-canalizacion-electrica-ultra-tp-i-ligero-rojo-o40mm\\\/#primaryimage\"},\"image\":{\"@id\":\"https:\\\/\\\/ledsolintel.com\\\/product\\\/121100040-50m-tubo-canalizacion-electrica-ultra-tp-i-ligero-rojo-o40mm\\\/#primaryimage\"},\"thumbnailUrl\":\"https:\\\/\\\/ledsolintel.com\\\/wp-content\\\/uploads\\\/2024\\\/05\\\/29288-121100040-50m-TUBO-CANALIZACION-ELECTRICA-ULTRA-TP-I-LIGERO-ROJO-o40mm.jpg\",\"datePublished\":\"2024-05-23T10:01:54+00:00\",\"breadcrumb\":{\"@id\":\"https:\\\/\\\/ledsolintel.com\\\/product\\\/121100040-50m-tubo-canalizacion-electrica-ultra-tp-i-ligero-rojo-o40mm\\\/#breadcrumb\"},\"inLanguage\":\"fr-FR\",\"potentialAction\":[{\"@type\":\"ReadAction\",\"target\":[\"https:\\\/\\\/ledsolintel.com\\\/product\\\/121100040-50m-tubo-canalizacion-electrica-ultra-tp-i-ligero-rojo-o40mm\\\/\"]}]},{\"@type\":\"ImageObject\",\"inLanguage\":\"fr-FR\",\"@id\":\"https:\\\/\\\/ledsolintel.com\\\/product\\\/121100040-50m-tubo-canalizacion-electrica-ultra-tp-i-ligero-rojo-o40mm\\\/#primaryimage\",\"url\":\"https:\\\/\\\/ledsolintel.com\\\/wp-content\\\/uploads\\\/2024\\\/05\\\/29288-121100040-50m-TUBO-CANALIZACION-ELECTRICA-ULTRA-TP-I-LIGERO-ROJO-o40mm.jpg\",\"contentUrl\":\"https:\\\/\\\/ledsolintel.com\\\/wp-content\\\/uploads\\\/2024\\\/05\\\/29288-121100040-50m-TUBO-CANALIZACION-ELECTRICA-ULTRA-TP-I-LIGERO-ROJO-o40mm.jpg\",\"caption\":\"121100040 50m TUBO CANALIZACION ELECTRICA ULTRA-TP I LIGERO ROJO \u00f840mm\"},{\"@type\":\"BreadcrumbList\",\"@id\":\"https:\\\/\\\/ledsolintel.com\\\/product\\\/121100040-50m-tubo-canalizacion-electrica-ultra-tp-i-ligero-rojo-o40mm\\\/#breadcrumb\",\"itemListElement\":[{\"@type\":\"ListItem\",\"position\":1,\"name\":\"Portada\",\"item\":\"https:\\\/\\\/ledsolintel.com\\\/fr\\\/\"},{\"@type\":\"ListItem\",\"position\":2,\"name\":\"Tienda\",\"item\":\"https:\\\/\\\/ledsolintel.com\\\/tienda\\\/\"},{\"@type\":\"ListItem\",\"position\":3,\"name\":\"121100040 50m TUBO CANALIZACION ELECTRICA ULTRA-TP I LIGERO ROJO \u00f840mm\"}]},{\"@type\":\"WebSite\",\"@id\":\"https:\\\/\\\/ledsolintel.com\\\/#website\",\"url\":\"https:\\\/\\\/ledsolintel.com\\\/\",\"name\":\"Webmenaje\",\"description\":\"Tienda de bombillas y l\u00e1mparas LED para profesionales\",\"publisher\":{\"@id\":\"https:\\\/\\\/ledsolintel.com\\\/#organization\"},\"potentialAction\":[{\"@type\":\"SearchAction\",\"target\":{\"@type\":\"EntryPoint\",\"urlTemplate\":\"https:\\\/\\\/ledsolintel.com\\\/?s={search_term_string}\"},\"query-input\":{\"@type\":\"PropertyValueSpecification\",\"valueRequired\":true,\"valueName\":\"search_term_string\"}}],\"inLanguage\":\"fr-FR\"},{\"@type\":\"Organization\",\"@id\":\"https:\\\/\\\/ledsolintel.com\\\/#organization\",\"name\":\"Solintel Noroeste, S.L.\",\"url\":\"https:\\\/\\\/ledsolintel.com\\\/\",\"logo\":{\"@type\":\"ImageObject\",\"inLanguage\":\"fr-FR\",\"@id\":\"https:\\\/\\\/ledsolintel.com\\\/#\\\/schema\\\/logo\\\/image\\\/\",\"url\":\"https:\\\/\\\/ledsolintel.com\\\/wp-content\\\/uploads\\\/2024\\\/11\\\/webmenaje-logo-1508269066.jpg\",\"contentUrl\":\"https:\\\/\\\/ledsolintel.com\\\/wp-content\\\/uploads\\\/2024\\\/11\\\/webmenaje-logo-1508269066.jpg\",\"width\":370,\"height\":90,\"caption\":\"Solintel Noroeste, S.L.\"},\"image\":{\"@id\":\"https:\\\/\\\/ledsolintel.com\\\/#\\\/schema\\\/logo\\\/image\\\/\"},\"sameAs\":[\"http:\\\/\\\/www.facebook.com\\\/webmenaje\",\"https:\\\/\\\/x.com\\\/webmenaje\",\"https:\\\/\\\/www.youtube.com\\\/channel\\\/UCX2KoVoeCG4LocZjUc6LmSQ\",\"http:\\\/\\\/www.pinterest.com\\\/webmenaje\"]}]}<\/script>\n<!-- \/ Yoast SEO plugin. -->","yoast_head_json":{"title":"121100040 50m ULTRA-TP I LIGHT TUBE ELECTRIQUE I LIGHT RED \u00f840mm - Ledsolintel","robots":{"index":"index","follow":"follow","max-snippet":"max-snippet:-1","max-image-preview":"max-image-preview:large","max-video-preview":"max-video-preview:-1"},"canonical":"https:\/\/ledsolintel.com\/fr\/produit-2\/121100040-50m-conduit-pipe-ultra-tp-i-light-red-o40mm\/","og_locale":"fr_FR","og_type":"article","og_title":"121100040 50m TUBO CANALIZACION ELECTRICA ULTRA-TP I LIGERO ROJO \u00f840mm - Ledsolintel","og_description":"Tubo UltraTP-I ligero rojo para canalizaciones enterradas con secci\u00f3n circular doble capa. Suministro del tubo con manguitos para el acoplamiento de los tubos. Tubo curvable de polietileno. Manguitos de polipropileno y polietileno. Con gu\u00eda interior de po","og_url":"https:\/\/ledsolintel.com\/fr\/produit-2\/121100040-50m-conduit-pipe-ultra-tp-i-light-red-o40mm\/","og_site_name":"Ledsolintel","article_publisher":"http:\/\/www.facebook.com\/webmenaje","og_image":[{"url":"https:\/\/ledsolintel.com\/wp-content\/uploads\/2024\/05\/29288-121100040-50m-TUBO-CANALIZACION-ELECTRICA-ULTRA-TP-I-LIGERO-ROJO-o40mm.jpg","width":1,"height":1,"type":"image\/jpeg"}],"twitter_card":"summary_large_image","twitter_site":"@webmenaje","schema":{"@context":"https:\/\/schema.org","@graph":[{"@type":"WebPage","@id":"https:\/\/ledsolintel.com\/product\/121100040-50m-tubo-canalizacion-electrica-ultra-tp-i-ligero-rojo-o40mm\/","url":"https:\/\/ledsolintel.com\/product\/121100040-50m-tubo-canalizacion-electrica-ultra-tp-i-ligero-rojo-o40mm\/","name":"121100040 50m ULTRA-TP I LIGHT TUBE ELECTRIQUE I LIGHT RED \u00f840mm - Ledsolintel","isPartOf":{"@id":"https:\/\/ledsolintel.com\/#website"},"primaryImageOfPage":{"@id":"https:\/\/ledsolintel.com\/product\/121100040-50m-tubo-canalizacion-electrica-ultra-tp-i-ligero-rojo-o40mm\/#primaryimage"},"image":{"@id":"https:\/\/ledsolintel.com\/product\/121100040-50m-tubo-canalizacion-electrica-ultra-tp-i-ligero-rojo-o40mm\/#primaryimage"},"thumbnailUrl":"https:\/\/ledsolintel.com\/wp-content\/uploads\/2024\/05\/29288-121100040-50m-TUBO-CANALIZACION-ELECTRICA-ULTRA-TP-I-LIGERO-ROJO-o40mm.jpg","datePublished":"2024-05-23T10:01:54+00:00","breadcrumb":{"@id":"https:\/\/ledsolintel.com\/product\/121100040-50m-tubo-canalizacion-electrica-ultra-tp-i-ligero-rojo-o40mm\/#breadcrumb"},"inLanguage":"fr-FR","potentialAction":[{"@type":"ReadAction","target":["https:\/\/ledsolintel.com\/product\/121100040-50m-tubo-canalizacion-electrica-ultra-tp-i-ligero-rojo-o40mm\/"]}]},{"@type":"ImageObject","inLanguage":"fr-FR","@id":"https:\/\/ledsolintel.com\/product\/121100040-50m-tubo-canalizacion-electrica-ultra-tp-i-ligero-rojo-o40mm\/#primaryimage","url":"https:\/\/ledsolintel.com\/wp-content\/uploads\/2024\/05\/29288-121100040-50m-TUBO-CANALIZACION-ELECTRICA-ULTRA-TP-I-LIGERO-ROJO-o40mm.jpg","contentUrl":"https:\/\/ledsolintel.com\/wp-content\/uploads\/2024\/05\/29288-121100040-50m-TUBO-CANALIZACION-ELECTRICA-ULTRA-TP-I-LIGERO-ROJO-o40mm.jpg","caption":"121100040 50m TUBO CANALIZACION ELECTRICA ULTRA-TP I LIGERO ROJO \u00f840mm"},{"@type":"BreadcrumbList","@id":"https:\/\/ledsolintel.com\/product\/121100040-50m-tubo-canalizacion-electrica-ultra-tp-i-ligero-rojo-o40mm\/#breadcrumb","itemListElement":[{"@type":"ListItem","position":1,"name":"Portada","item":"https:\/\/ledsolintel.com\/fr\/"},{"@type":"ListItem","position":2,"name":"Tienda","item":"https:\/\/ledsolintel.com\/tienda\/"},{"@type":"ListItem","position":3,"name":"121100040 50m TUBO CANALIZACION ELECTRICA ULTRA-TP I LIGERO ROJO \u00f840mm"}]},{"@type":"WebSite","@id":"https:\/\/ledsolintel.com\/#website","url":"https:\/\/ledsolintel.com\/","name":"Webmenaje","description":"Magasin d'ampoules et de lampes LED pour les professionnels","publisher":{"@id":"https:\/\/ledsolintel.com\/#organization"},"potentialAction":[{"@type":"SearchAction","target":{"@type":"EntryPoint","urlTemplate":"https:\/\/ledsolintel.com\/?s={search_term_string}"},"query-input":{"@type":"PropertyValueSpecification","valueRequired":true,"valueName":"search_term_string"}}],"inLanguage":"fr-FR"},{"@type":"Organization","@id":"https:\/\/ledsolintel.com\/#organization","name":"Solintel Noroeste, S.L.","url":"https:\/\/ledsolintel.com\/","logo":{"@type":"ImageObject","inLanguage":"fr-FR","@id":"https:\/\/ledsolintel.com\/#\/schema\/logo\/image\/","url":"https:\/\/ledsolintel.com\/wp-content\/uploads\/2024\/11\/webmenaje-logo-1508269066.jpg","contentUrl":"https:\/\/ledsolintel.com\/wp-content\/uploads\/2024\/11\/webmenaje-logo-1508269066.jpg","width":370,"height":90,"caption":"Solintel Noroeste, S.L."},"image":{"@id":"https:\/\/ledsolintel.com\/#\/schema\/logo\/image\/"},"sameAs":["http:\/\/www.facebook.com\/webmenaje","https:\/\/x.com\/webmenaje","https:\/\/www.youtube.com\/channel\/UCX2KoVoeCG4LocZjUc6LmSQ","http:\/\/www.pinterest.com\/webmenaje"]}]}},"_links":{"self":[{"href":"https:\/\/ledsolintel.com\/fr\/wp-json\/wp\/v2\/product\/253984","targetHints":{"allow":["GET"]}}],"collection":[{"href":"https:\/\/ledsolintel.com\/fr\/wp-json\/wp\/v2\/product"}],"about":[{"href":"https:\/\/ledsolintel.com\/fr\/wp-json\/wp\/v2\/types\/product"}],"version-history":[{"count":0,"href":"https:\/\/ledsolintel.com\/fr\/wp-json\/wp\/v2\/product\/253984\/revisions"}],"wp:featuredmedia":[{"embeddable":true,"href":"https:\/\/ledsolintel.com\/fr\/wp-json\/wp\/v2\/media\/253981"}],"wp:attachment":[{"href":"https:\/\/ledsolintel.com\/fr\/wp-json\/wp\/v2\/media?parent=253984"}],"wp:term":[{"taxonomy":"product_brand","embeddable":true,"href":"https:\/\/ledsolintel.com\/fr\/wp-json\/wp\/v2\/product_brand?post=253984"},{"taxonomy":"product_cat","embeddable":true,"href":"https:\/\/ledsolintel.com\/fr\/wp-json\/wp\/v2\/product_cat?post=253984"},{"taxonomy":"product_tag","embeddable":true,"href":"https:\/\/ledsolintel.com\/fr\/wp-json\/wp\/v2\/product_tag?post=253984"}],"curies":[{"name":"wp","href":"https:\/\/api.w.org\/{rel}","templated":true}]}}