{"id":253940,"date":"2024-05-23T12:01:54","date_gmt":"2024-05-23T10:01:54","guid":{"rendered":"https:\/\/nueva.ledsolintel.com\/product\/40012-560ud-estuche-tubos-termoretractiles-de-45mm-electro-dh\/"},"modified":"2024-05-23T12:01:54","modified_gmt":"2024-05-23T10:01:54","slug":"40012-560pcs-45mm-heat-shrinking-tubing-box-electro-dh","status":"publish","type":"product","link":"https:\/\/ledsolintel.com\/fr\/produit-2\/40012-560pcs-45mm-heat-shrinking-tubing-box-electro-dh\/","title":{"rendered":"40.012 560ud 45mm THERMORETRACTILE TUBES CASE ELECTRO DH"},"content":{"rendered":"<p>Contient : 90 \u00d7 \u00d81 mm, 70 \u00d7 \u00d81\u20195 mm, 70 \u00d7 \u00d82 mm, 50 \u00d7 \u00d82\u20195 mm, 50 \u00d7 \u00d83\u20195 mm, 50 \u00d7 \u00d84 mm, 50 \u00d7 \u00d84 mm, 30 \u00d7 \u00d85 mm, 30 \u00d7 \u00d86 mm, 25 \u00d7 \u00d87 mm, 25 \u00d7 \u00d810 mm, 20 \u00d7 \u00d813 mm.<\/p>","protected":false},"excerpt":{"rendered":"<p>Contient : 90 \u00d7 \u00d81 mm, 70 \u00d7 \u00d81\u20195 mm, 70 \u00d7 \u00d82 mm, 50 \u00d7 \u00d82\u20195 mm, 50 \u00d7 \u00d83\u20195 mm, 50 \u00d7 \u00d84 mm, 50 \u00d7 \u00d84 mm, 30 \u00d7 \u00d85 mm, 30 \u00d7 \u00d86 mm, 25 \u00d7 \u00d87 mm, 25 \u00d7 \u00d810 mm, 20 \u00d7 \u00d813 mm.<\/p>","protected":false},"featured_media":253939,"template":"","meta":[],"product_brand":[99413],"product_cat":[99617,99601],"product_tag":[],"class_list":{"0":"post-253940","1":"product","2":"type-product","3":"status-publish","4":"has-post-thumbnail","6":"product_brand-electro-dh","7":"product_cat-material-electrico","8":"product_cat-gyemo","11":"instock","12":"taxable","13":"shipping-taxable","14":"purchasable","15":"product-type-simple"},"yoast_head":"<!-- This site is optimized with the Yoast SEO plugin v26.6 - https:\/\/yoast.com\/wordpress\/plugins\/seo\/ -->\n<title>40.012 560ud ESTUCHE TUBOS TERMORETRACTILES DE 45mm ELECTRO DH - Ledsolintel<\/title>\n<meta name=\"robots\" content=\"index, follow, max-snippet:-1, max-image-preview:large, max-video-preview:-1\" \/>\n<link rel=\"canonical\" href=\"https:\/\/ledsolintel.com\/fr\/produit-2\/40012-560pcs-45mm-heat-shrinking-tubing-box-electro-dh\/\" \/>\n<meta property=\"og:locale\" content=\"fr_FR\" \/>\n<meta property=\"og:type\" content=\"article\" \/>\n<meta property=\"og:title\" content=\"40.012 560ud ESTUCHE TUBOS TERMORETRACTILES DE 45mm ELECTRO DH - Ledsolintel\" \/>\n<meta property=\"og:description\" content=\"Contiene: 90 \u00d7 \u00d81 mm, 70 \u00d7 \u00d81&#8217;5 mm, 70 \u00d7 \u00d82 mm, 50 \u00d7 \u00d82&#8217;5 mm, 50 \u00d7 \u00d83&#8217;5 mm, 50 \u00d7 \u00d84 mm, 50 \u00d7 \u00d84 mm, 30 \u00d7 \u00d85 mm, 30 \u00d7 \u00d86 mm, 25 \u00d7 \u00d87 mm, 25 \u00d7 \u00d810 mm, 20 \u00d7 \u00d813 mm.\" \/>\n<meta property=\"og:url\" content=\"https:\/\/ledsolintel.com\/fr\/produit-2\/40012-560pcs-45mm-heat-shrinking-tubing-box-electro-dh\/\" \/>\n<meta property=\"og:site_name\" content=\"Ledsolintel\" \/>\n<meta property=\"article:publisher\" content=\"http:\/\/www.facebook.com\/webmenaje\" \/>\n<meta property=\"og:image\" content=\"https:\/\/ledsolintel.com\/wp-content\/uploads\/2024\/05\/29260-40.012-560ud-ESTUCHE-TUBOS-TERMORETRACTILES-DE-45mm-ELECTRO-DH.jpg\" \/>\n\t<meta property=\"og:image:width\" content=\"1\" \/>\n\t<meta property=\"og:image:height\" content=\"1\" \/>\n\t<meta property=\"og:image:type\" content=\"image\/jpeg\" \/>\n<meta name=\"twitter:card\" content=\"summary_large_image\" \/>\n<meta name=\"twitter:site\" content=\"@webmenaje\" \/>\n<script type=\"application\/ld+json\" class=\"yoast-schema-graph\">{\"@context\":\"https:\/\/schema.org\",\"@graph\":[{\"@type\":\"WebPage\",\"@id\":\"https:\/\/ledsolintel.com\/product\/40012-560ud-estuche-tubos-termoretractiles-de-45mm-electro-dh\/\",\"url\":\"https:\/\/ledsolintel.com\/product\/40012-560ud-estuche-tubos-termoretractiles-de-45mm-electro-dh\/\",\"name\":\"40.012 560ud ESTUCHE TUBOS TERMORETRACTILES DE 45mm ELECTRO DH - Ledsolintel\",\"isPartOf\":{\"@id\":\"https:\/\/ledsolintel.com\/#website\"},\"primaryImageOfPage\":{\"@id\":\"https:\/\/ledsolintel.com\/product\/40012-560ud-estuche-tubos-termoretractiles-de-45mm-electro-dh\/#primaryimage\"},\"image\":{\"@id\":\"https:\/\/ledsolintel.com\/product\/40012-560ud-estuche-tubos-termoretractiles-de-45mm-electro-dh\/#primaryimage\"},\"thumbnailUrl\":\"https:\/\/ledsolintel.com\/wp-content\/uploads\/2024\/05\/29260-40.012-560ud-ESTUCHE-TUBOS-TERMORETRACTILES-DE-45mm-ELECTRO-DH.jpg\",\"datePublished\":\"2024-05-23T10:01:54+00:00\",\"breadcrumb\":{\"@id\":\"https:\/\/ledsolintel.com\/product\/40012-560ud-estuche-tubos-termoretractiles-de-45mm-electro-dh\/#breadcrumb\"},\"inLanguage\":\"fr-FR\",\"potentialAction\":[{\"@type\":\"ReadAction\",\"target\":[\"https:\/\/ledsolintel.com\/product\/40012-560ud-estuche-tubos-termoretractiles-de-45mm-electro-dh\/\"]}]},{\"@type\":\"ImageObject\",\"inLanguage\":\"fr-FR\",\"@id\":\"https:\/\/ledsolintel.com\/product\/40012-560ud-estuche-tubos-termoretractiles-de-45mm-electro-dh\/#primaryimage\",\"url\":\"https:\/\/ledsolintel.com\/wp-content\/uploads\/2024\/05\/29260-40.012-560ud-ESTUCHE-TUBOS-TERMORETRACTILES-DE-45mm-ELECTRO-DH.jpg\",\"contentUrl\":\"https:\/\/ledsolintel.com\/wp-content\/uploads\/2024\/05\/29260-40.012-560ud-ESTUCHE-TUBOS-TERMORETRACTILES-DE-45mm-ELECTRO-DH.jpg\",\"caption\":\"40.012 560ud ESTUCHE TUBOS TERMORETRACTILES DE 45mm ELECTRO DH\"},{\"@type\":\"BreadcrumbList\",\"@id\":\"https:\/\/ledsolintel.com\/product\/40012-560ud-estuche-tubos-termoretractiles-de-45mm-electro-dh\/#breadcrumb\",\"itemListElement\":[{\"@type\":\"ListItem\",\"position\":1,\"name\":\"Portada\",\"item\":\"https:\/\/ledsolintel.com\/fr\/\"},{\"@type\":\"ListItem\",\"position\":2,\"name\":\"Tienda\",\"item\":\"https:\/\/ledsolintel.com\/tienda\/\"},{\"@type\":\"ListItem\",\"position\":3,\"name\":\"40.012 560ud ESTUCHE TUBOS TERMORETRACTILES DE 45mm ELECTRO DH\"}]},{\"@type\":\"WebSite\",\"@id\":\"https:\/\/ledsolintel.com\/#website\",\"url\":\"https:\/\/ledsolintel.com\/\",\"name\":\"Webmenaje\",\"description\":\"Tienda de bombillas y l\u00e1mparas LED para profesionales\",\"publisher\":{\"@id\":\"https:\/\/ledsolintel.com\/#organization\"},\"potentialAction\":[{\"@type\":\"SearchAction\",\"target\":{\"@type\":\"EntryPoint\",\"urlTemplate\":\"https:\/\/ledsolintel.com\/?s={search_term_string}\"},\"query-input\":{\"@type\":\"PropertyValueSpecification\",\"valueRequired\":true,\"valueName\":\"search_term_string\"}}],\"inLanguage\":\"fr-FR\"},{\"@type\":\"Organization\",\"@id\":\"https:\/\/ledsolintel.com\/#organization\",\"name\":\"Solintel Noroeste, S.L.\",\"url\":\"https:\/\/ledsolintel.com\/\",\"logo\":{\"@type\":\"ImageObject\",\"inLanguage\":\"fr-FR\",\"@id\":\"https:\/\/ledsolintel.com\/#\/schema\/logo\/image\/\",\"url\":\"https:\/\/ledsolintel.com\/wp-content\/uploads\/2024\/11\/webmenaje-logo-1508269066.jpg\",\"contentUrl\":\"https:\/\/ledsolintel.com\/wp-content\/uploads\/2024\/11\/webmenaje-logo-1508269066.jpg\",\"width\":370,\"height\":90,\"caption\":\"Solintel Noroeste, S.L.\"},\"image\":{\"@id\":\"https:\/\/ledsolintel.com\/#\/schema\/logo\/image\/\"},\"sameAs\":[\"http:\/\/www.facebook.com\/webmenaje\",\"https:\/\/x.com\/webmenaje\",\"https:\/\/www.youtube.com\/channel\/UCX2KoVoeCG4LocZjUc6LmSQ\",\"http:\/\/www.pinterest.com\/webmenaje\"]}]}<\/script>\n<!-- \/ Yoast SEO plugin. -->","yoast_head_json":{"title":"40.012 560ud 45mm THERMORETRACTILE TUBES CASE ELECTRO DH - Ledsolintel","robots":{"index":"index","follow":"follow","max-snippet":"max-snippet:-1","max-image-preview":"max-image-preview:large","max-video-preview":"max-video-preview:-1"},"canonical":"https:\/\/ledsolintel.com\/fr\/produit-2\/40012-560pcs-45mm-heat-shrinking-tubing-box-electro-dh\/","og_locale":"fr_FR","og_type":"article","og_title":"40.012 560ud ESTUCHE TUBOS TERMORETRACTILES DE 45mm ELECTRO DH - Ledsolintel","og_description":"Contiene: 90 \u00d7 \u00d81 mm, 70 \u00d7 \u00d81&#8217;5 mm, 70 \u00d7 \u00d82 mm, 50 \u00d7 \u00d82&#8217;5 mm, 50 \u00d7 \u00d83&#8217;5 mm, 50 \u00d7 \u00d84 mm, 50 \u00d7 \u00d84 mm, 30 \u00d7 \u00d85 mm, 30 \u00d7 \u00d86 mm, 25 \u00d7 \u00d87 mm, 25 \u00d7 \u00d810 mm, 20 \u00d7 \u00d813 mm.","og_url":"https:\/\/ledsolintel.com\/fr\/produit-2\/40012-560pcs-45mm-heat-shrinking-tubing-box-electro-dh\/","og_site_name":"Ledsolintel","article_publisher":"http:\/\/www.facebook.com\/webmenaje","og_image":[{"url":"https:\/\/ledsolintel.com\/wp-content\/uploads\/2024\/05\/29260-40.012-560ud-ESTUCHE-TUBOS-TERMORETRACTILES-DE-45mm-ELECTRO-DH.jpg","width":1,"height":1,"type":"image\/jpeg"}],"twitter_card":"summary_large_image","twitter_site":"@webmenaje","schema":{"@context":"https:\/\/schema.org","@graph":[{"@type":"WebPage","@id":"https:\/\/ledsolintel.com\/product\/40012-560ud-estuche-tubos-termoretractiles-de-45mm-electro-dh\/","url":"https:\/\/ledsolintel.com\/product\/40012-560ud-estuche-tubos-termoretractiles-de-45mm-electro-dh\/","name":"40.012 560ud 45mm THERMORETRACTILE TUBES CASE ELECTRO DH - Ledsolintel","isPartOf":{"@id":"https:\/\/ledsolintel.com\/#website"},"primaryImageOfPage":{"@id":"https:\/\/ledsolintel.com\/product\/40012-560ud-estuche-tubos-termoretractiles-de-45mm-electro-dh\/#primaryimage"},"image":{"@id":"https:\/\/ledsolintel.com\/product\/40012-560ud-estuche-tubos-termoretractiles-de-45mm-electro-dh\/#primaryimage"},"thumbnailUrl":"https:\/\/ledsolintel.com\/wp-content\/uploads\/2024\/05\/29260-40.012-560ud-ESTUCHE-TUBOS-TERMORETRACTILES-DE-45mm-ELECTRO-DH.jpg","datePublished":"2024-05-23T10:01:54+00:00","breadcrumb":{"@id":"https:\/\/ledsolintel.com\/product\/40012-560ud-estuche-tubos-termoretractiles-de-45mm-electro-dh\/#breadcrumb"},"inLanguage":"fr-FR","potentialAction":[{"@type":"ReadAction","target":["https:\/\/ledsolintel.com\/product\/40012-560ud-estuche-tubos-termoretractiles-de-45mm-electro-dh\/"]}]},{"@type":"ImageObject","inLanguage":"fr-FR","@id":"https:\/\/ledsolintel.com\/product\/40012-560ud-estuche-tubos-termoretractiles-de-45mm-electro-dh\/#primaryimage","url":"https:\/\/ledsolintel.com\/wp-content\/uploads\/2024\/05\/29260-40.012-560ud-ESTUCHE-TUBOS-TERMORETRACTILES-DE-45mm-ELECTRO-DH.jpg","contentUrl":"https:\/\/ledsolintel.com\/wp-content\/uploads\/2024\/05\/29260-40.012-560ud-ESTUCHE-TUBOS-TERMORETRACTILES-DE-45mm-ELECTRO-DH.jpg","caption":"40.012 560ud ESTUCHE TUBOS TERMORETRACTILES DE 45mm ELECTRO DH"},{"@type":"BreadcrumbList","@id":"https:\/\/ledsolintel.com\/product\/40012-560ud-estuche-tubos-termoretractiles-de-45mm-electro-dh\/#breadcrumb","itemListElement":[{"@type":"ListItem","position":1,"name":"Portada","item":"https:\/\/ledsolintel.com\/fr\/"},{"@type":"ListItem","position":2,"name":"Tienda","item":"https:\/\/ledsolintel.com\/tienda\/"},{"@type":"ListItem","position":3,"name":"40.012 560ud ESTUCHE TUBOS TERMORETRACTILES DE 45mm ELECTRO DH"}]},{"@type":"WebSite","@id":"https:\/\/ledsolintel.com\/#website","url":"https:\/\/ledsolintel.com\/","name":"Webmenaje","description":"Magasin d'ampoules et de lampes LED pour les professionnels","publisher":{"@id":"https:\/\/ledsolintel.com\/#organization"},"potentialAction":[{"@type":"SearchAction","target":{"@type":"EntryPoint","urlTemplate":"https:\/\/ledsolintel.com\/?s={search_term_string}"},"query-input":{"@type":"PropertyValueSpecification","valueRequired":true,"valueName":"search_term_string"}}],"inLanguage":"fr-FR"},{"@type":"Organization","@id":"https:\/\/ledsolintel.com\/#organization","name":"Solintel Noroeste, S.L.","url":"https:\/\/ledsolintel.com\/","logo":{"@type":"ImageObject","inLanguage":"fr-FR","@id":"https:\/\/ledsolintel.com\/#\/schema\/logo\/image\/","url":"https:\/\/ledsolintel.com\/wp-content\/uploads\/2024\/11\/webmenaje-logo-1508269066.jpg","contentUrl":"https:\/\/ledsolintel.com\/wp-content\/uploads\/2024\/11\/webmenaje-logo-1508269066.jpg","width":370,"height":90,"caption":"Solintel Noroeste, S.L."},"image":{"@id":"https:\/\/ledsolintel.com\/#\/schema\/logo\/image\/"},"sameAs":["http:\/\/www.facebook.com\/webmenaje","https:\/\/x.com\/webmenaje","https:\/\/www.youtube.com\/channel\/UCX2KoVoeCG4LocZjUc6LmSQ","http:\/\/www.pinterest.com\/webmenaje"]}]}},"_links":{"self":[{"href":"https:\/\/ledsolintel.com\/fr\/wp-json\/wp\/v2\/product\/253940","targetHints":{"allow":["GET"]}}],"collection":[{"href":"https:\/\/ledsolintel.com\/fr\/wp-json\/wp\/v2\/product"}],"about":[{"href":"https:\/\/ledsolintel.com\/fr\/wp-json\/wp\/v2\/types\/product"}],"version-history":[{"count":0,"href":"https:\/\/ledsolintel.com\/fr\/wp-json\/wp\/v2\/product\/253940\/revisions"}],"wp:featuredmedia":[{"embeddable":true,"href":"https:\/\/ledsolintel.com\/fr\/wp-json\/wp\/v2\/media\/253939"}],"wp:attachment":[{"href":"https:\/\/ledsolintel.com\/fr\/wp-json\/wp\/v2\/media?parent=253940"}],"wp:term":[{"taxonomy":"product_brand","embeddable":true,"href":"https:\/\/ledsolintel.com\/fr\/wp-json\/wp\/v2\/product_brand?post=253940"},{"taxonomy":"product_cat","embeddable":true,"href":"https:\/\/ledsolintel.com\/fr\/wp-json\/wp\/v2\/product_cat?post=253940"},{"taxonomy":"product_tag","embeddable":true,"href":"https:\/\/ledsolintel.com\/fr\/wp-json\/wp\/v2\/product_tag?post=253940"}],"curies":[{"name":"wp","href":"https:\/\/api.w.org\/{rel}","templated":true}]}}