{"id":253789,"date":"2024-05-23T12:01:54","date_gmt":"2024-05-23T10:01:54","guid":{"rendered":"https:\/\/nueva.ledsolintel.com\/product\/2423310-linterna-solar-led-recargable-105w-6500k-800lm\/"},"modified":"2024-05-23T12:01:54","modified_gmt":"2024-05-23T10:01:54","slug":"2423310-torche-solaire-rechargeable-105w-6500k-800lm","status":"publish","type":"product","link":"https:\/\/ledsolintel.com\/fr\/produit-2\/2423310-torche-solaire-rechargeable-105w-6500k-800lm\/","title":{"rendered":"2423310 LAMPE SOLAIRE RECHARGEABLE 10+5W 6500K 800Lm"},"content":{"rendered":"<p>Torche \u00e9quip\u00e9e d'un panneau solaire et d'une batterie lithium-polym\u00e8re rechargeable, d'une source lumineuse LED XPE de 10W 800Lm en haut et d'une source COB de 5W 80Lm \u00e0 l'avant, avec une tonalit\u00e9 lumineuse blanc froid. \u00c9quip\u00e9e d'un crochet de suspension et d'une poign\u00e9e aimant\u00e9e.<\/p>","protected":false},"excerpt":{"rendered":"<p>Torche \u00e9quip\u00e9e d'un panneau solaire et d'une batterie lithium-polym\u00e8re rechargeable, d'une source lumineuse LED XPE de 10W 800Lm en haut et d'une source COB de 5W 80Lm \u00e0 l'avant, avec une tonalit\u00e9 lumineuse blanc froid. \u00c9quip\u00e9e d'un crochet de suspension et d'une poign\u00e9e aimant\u00e9e.<\/p>","protected":false},"featured_media":253782,"template":"","meta":[],"product_brand":[99399],"product_cat":[99619,100151,99787,99601],"product_tag":[],"class_list":{"0":"post-253789","1":"product","2":"type-product","3":"status-publish","4":"has-post-thumbnail","6":"product_brand-f-bright","7":"product_cat-linternas","8":"product_cat-linternas-camping","9":"product_cat-profesionales-y-tiempo-libre","10":"product_cat-gyemo","13":"instock","14":"taxable","15":"shipping-taxable","16":"purchasable","17":"product-type-simple"},"yoast_head":"<!-- This site is optimized with the Yoast SEO plugin v26.6 - https:\/\/yoast.com\/wordpress\/plugins\/seo\/ -->\n<title>2423310 LINTERNA SOLAR LED RECARGABLE 10+5W 6500K 800Lm - Ledsolintel<\/title>\n<meta name=\"robots\" content=\"index, follow, max-snippet:-1, max-image-preview:large, max-video-preview:-1\" \/>\n<link rel=\"canonical\" href=\"https:\/\/ledsolintel.com\/fr\/produit-2\/2423310-torche-solaire-rechargeable-105w-6500k-800lm\/\" \/>\n<meta property=\"og:locale\" content=\"fr_FR\" \/>\n<meta property=\"og:type\" content=\"article\" \/>\n<meta property=\"og:title\" content=\"2423310 LINTERNA SOLAR LED RECARGABLE 10+5W 6500K 800Lm - Ledsolintel\" \/>\n<meta property=\"og:description\" content=\"Linterna con panel solar y bater\u00eda de pol\u00edmero de litio recargable, cuenta con con fuente de luz XPE LED en la parte superior de 10W 800Lm y COB en la parte frontal de 5W 80Lm, con un tono de luz blanco fr\u00edo. Equipada con gancho para colgar y con im\u00e1n dob\" \/>\n<meta property=\"og:url\" content=\"https:\/\/ledsolintel.com\/fr\/produit-2\/2423310-torche-solaire-rechargeable-105w-6500k-800lm\/\" \/>\n<meta property=\"og:site_name\" content=\"Ledsolintel\" \/>\n<meta property=\"article:publisher\" content=\"http:\/\/www.facebook.com\/webmenaje\" \/>\n<meta property=\"og:image\" content=\"https:\/\/ledsolintel.com\/wp-content\/uploads\/2024\/05\/29126-2423310-LINTERNA-SOLAR-LED-RECARGABLE-105W-6500K-800Lm.jpg\" \/>\n\t<meta property=\"og:image:width\" content=\"1\" \/>\n\t<meta property=\"og:image:height\" content=\"1\" \/>\n\t<meta property=\"og:image:type\" content=\"image\/jpeg\" \/>\n<meta name=\"twitter:card\" content=\"summary_large_image\" \/>\n<meta name=\"twitter:site\" content=\"@webmenaje\" \/>\n<script type=\"application\/ld+json\" class=\"yoast-schema-graph\">{\"@context\":\"https:\/\/schema.org\",\"@graph\":[{\"@type\":\"WebPage\",\"@id\":\"https:\/\/ledsolintel.com\/product\/2423310-linterna-solar-led-recargable-105w-6500k-800lm\/\",\"url\":\"https:\/\/ledsolintel.com\/product\/2423310-linterna-solar-led-recargable-105w-6500k-800lm\/\",\"name\":\"2423310 LINTERNA SOLAR LED RECARGABLE 10+5W 6500K 800Lm - Ledsolintel\",\"isPartOf\":{\"@id\":\"https:\/\/ledsolintel.com\/#website\"},\"primaryImageOfPage\":{\"@id\":\"https:\/\/ledsolintel.com\/product\/2423310-linterna-solar-led-recargable-105w-6500k-800lm\/#primaryimage\"},\"image\":{\"@id\":\"https:\/\/ledsolintel.com\/product\/2423310-linterna-solar-led-recargable-105w-6500k-800lm\/#primaryimage\"},\"thumbnailUrl\":\"https:\/\/ledsolintel.com\/wp-content\/uploads\/2024\/05\/29126-2423310-LINTERNA-SOLAR-LED-RECARGABLE-105W-6500K-800Lm.jpg\",\"datePublished\":\"2024-05-23T10:01:54+00:00\",\"breadcrumb\":{\"@id\":\"https:\/\/ledsolintel.com\/product\/2423310-linterna-solar-led-recargable-105w-6500k-800lm\/#breadcrumb\"},\"inLanguage\":\"fr-FR\",\"potentialAction\":[{\"@type\":\"ReadAction\",\"target\":[\"https:\/\/ledsolintel.com\/product\/2423310-linterna-solar-led-recargable-105w-6500k-800lm\/\"]}]},{\"@type\":\"ImageObject\",\"inLanguage\":\"fr-FR\",\"@id\":\"https:\/\/ledsolintel.com\/product\/2423310-linterna-solar-led-recargable-105w-6500k-800lm\/#primaryimage\",\"url\":\"https:\/\/ledsolintel.com\/wp-content\/uploads\/2024\/05\/29126-2423310-LINTERNA-SOLAR-LED-RECARGABLE-105W-6500K-800Lm.jpg\",\"contentUrl\":\"https:\/\/ledsolintel.com\/wp-content\/uploads\/2024\/05\/29126-2423310-LINTERNA-SOLAR-LED-RECARGABLE-105W-6500K-800Lm.jpg\",\"caption\":\"2423310 LINTERNA SOLAR LED RECARGABLE 10+5W 6500K 800Lm\"},{\"@type\":\"BreadcrumbList\",\"@id\":\"https:\/\/ledsolintel.com\/product\/2423310-linterna-solar-led-recargable-105w-6500k-800lm\/#breadcrumb\",\"itemListElement\":[{\"@type\":\"ListItem\",\"position\":1,\"name\":\"Portada\",\"item\":\"https:\/\/ledsolintel.com\/fr\/\"},{\"@type\":\"ListItem\",\"position\":2,\"name\":\"Tienda\",\"item\":\"https:\/\/ledsolintel.com\/tienda\/\"},{\"@type\":\"ListItem\",\"position\":3,\"name\":\"2423310 LINTERNA SOLAR LED RECARGABLE 10+5W 6500K 800Lm\"}]},{\"@type\":\"WebSite\",\"@id\":\"https:\/\/ledsolintel.com\/#website\",\"url\":\"https:\/\/ledsolintel.com\/\",\"name\":\"Webmenaje\",\"description\":\"Tienda de bombillas y l\u00e1mparas LED para profesionales\",\"publisher\":{\"@id\":\"https:\/\/ledsolintel.com\/#organization\"},\"potentialAction\":[{\"@type\":\"SearchAction\",\"target\":{\"@type\":\"EntryPoint\",\"urlTemplate\":\"https:\/\/ledsolintel.com\/?s={search_term_string}\"},\"query-input\":{\"@type\":\"PropertyValueSpecification\",\"valueRequired\":true,\"valueName\":\"search_term_string\"}}],\"inLanguage\":\"fr-FR\"},{\"@type\":\"Organization\",\"@id\":\"https:\/\/ledsolintel.com\/#organization\",\"name\":\"Solintel Noroeste, S.L.\",\"url\":\"https:\/\/ledsolintel.com\/\",\"logo\":{\"@type\":\"ImageObject\",\"inLanguage\":\"fr-FR\",\"@id\":\"https:\/\/ledsolintel.com\/#\/schema\/logo\/image\/\",\"url\":\"https:\/\/ledsolintel.com\/wp-content\/uploads\/2024\/11\/webmenaje-logo-1508269066.jpg\",\"contentUrl\":\"https:\/\/ledsolintel.com\/wp-content\/uploads\/2024\/11\/webmenaje-logo-1508269066.jpg\",\"width\":370,\"height\":90,\"caption\":\"Solintel Noroeste, S.L.\"},\"image\":{\"@id\":\"https:\/\/ledsolintel.com\/#\/schema\/logo\/image\/\"},\"sameAs\":[\"http:\/\/www.facebook.com\/webmenaje\",\"https:\/\/x.com\/webmenaje\",\"https:\/\/www.youtube.com\/channel\/UCX2KoVoeCG4LocZjUc6LmSQ\",\"http:\/\/www.pinterest.com\/webmenaje\"]}]}<\/script>\n<!-- \/ Yoast SEO plugin. -->","yoast_head_json":{"title":"2423310 LAMPE SOLAIRE LED RECHARGEABLE 10+5W 6500K 800Lm - Ledsolintel","robots":{"index":"index","follow":"follow","max-snippet":"max-snippet:-1","max-image-preview":"max-image-preview:large","max-video-preview":"max-video-preview:-1"},"canonical":"https:\/\/ledsolintel.com\/fr\/produit-2\/2423310-torche-solaire-rechargeable-105w-6500k-800lm\/","og_locale":"fr_FR","og_type":"article","og_title":"2423310 LINTERNA SOLAR LED RECARGABLE 10+5W 6500K 800Lm - Ledsolintel","og_description":"Linterna con panel solar y bater\u00eda de pol\u00edmero de litio recargable, cuenta con con fuente de luz XPE LED en la parte superior de 10W 800Lm y COB en la parte frontal de 5W 80Lm, con un tono de luz blanco fr\u00edo. Equipada con gancho para colgar y con im\u00e1n dob","og_url":"https:\/\/ledsolintel.com\/fr\/produit-2\/2423310-torche-solaire-rechargeable-105w-6500k-800lm\/","og_site_name":"Ledsolintel","article_publisher":"http:\/\/www.facebook.com\/webmenaje","og_image":[{"url":"https:\/\/ledsolintel.com\/wp-content\/uploads\/2024\/05\/29126-2423310-LINTERNA-SOLAR-LED-RECARGABLE-105W-6500K-800Lm.jpg","width":1,"height":1,"type":"image\/jpeg"}],"twitter_card":"summary_large_image","twitter_site":"@webmenaje","schema":{"@context":"https:\/\/schema.org","@graph":[{"@type":"WebPage","@id":"https:\/\/ledsolintel.com\/product\/2423310-linterna-solar-led-recargable-105w-6500k-800lm\/","url":"https:\/\/ledsolintel.com\/product\/2423310-linterna-solar-led-recargable-105w-6500k-800lm\/","name":"2423310 LAMPE SOLAIRE LED RECHARGEABLE 10+5W 6500K 800Lm - Ledsolintel","isPartOf":{"@id":"https:\/\/ledsolintel.com\/#website"},"primaryImageOfPage":{"@id":"https:\/\/ledsolintel.com\/product\/2423310-linterna-solar-led-recargable-105w-6500k-800lm\/#primaryimage"},"image":{"@id":"https:\/\/ledsolintel.com\/product\/2423310-linterna-solar-led-recargable-105w-6500k-800lm\/#primaryimage"},"thumbnailUrl":"https:\/\/ledsolintel.com\/wp-content\/uploads\/2024\/05\/29126-2423310-LINTERNA-SOLAR-LED-RECARGABLE-105W-6500K-800Lm.jpg","datePublished":"2024-05-23T10:01:54+00:00","breadcrumb":{"@id":"https:\/\/ledsolintel.com\/product\/2423310-linterna-solar-led-recargable-105w-6500k-800lm\/#breadcrumb"},"inLanguage":"fr-FR","potentialAction":[{"@type":"ReadAction","target":["https:\/\/ledsolintel.com\/product\/2423310-linterna-solar-led-recargable-105w-6500k-800lm\/"]}]},{"@type":"ImageObject","inLanguage":"fr-FR","@id":"https:\/\/ledsolintel.com\/product\/2423310-linterna-solar-led-recargable-105w-6500k-800lm\/#primaryimage","url":"https:\/\/ledsolintel.com\/wp-content\/uploads\/2024\/05\/29126-2423310-LINTERNA-SOLAR-LED-RECARGABLE-105W-6500K-800Lm.jpg","contentUrl":"https:\/\/ledsolintel.com\/wp-content\/uploads\/2024\/05\/29126-2423310-LINTERNA-SOLAR-LED-RECARGABLE-105W-6500K-800Lm.jpg","caption":"2423310 LINTERNA SOLAR LED RECARGABLE 10+5W 6500K 800Lm"},{"@type":"BreadcrumbList","@id":"https:\/\/ledsolintel.com\/product\/2423310-linterna-solar-led-recargable-105w-6500k-800lm\/#breadcrumb","itemListElement":[{"@type":"ListItem","position":1,"name":"Portada","item":"https:\/\/ledsolintel.com\/fr\/"},{"@type":"ListItem","position":2,"name":"Tienda","item":"https:\/\/ledsolintel.com\/tienda\/"},{"@type":"ListItem","position":3,"name":"2423310 LINTERNA SOLAR LED RECARGABLE 10+5W 6500K 800Lm"}]},{"@type":"WebSite","@id":"https:\/\/ledsolintel.com\/#website","url":"https:\/\/ledsolintel.com\/","name":"Webmenaje","description":"Magasin d'ampoules et de lampes LED pour les professionnels","publisher":{"@id":"https:\/\/ledsolintel.com\/#organization"},"potentialAction":[{"@type":"SearchAction","target":{"@type":"EntryPoint","urlTemplate":"https:\/\/ledsolintel.com\/?s={search_term_string}"},"query-input":{"@type":"PropertyValueSpecification","valueRequired":true,"valueName":"search_term_string"}}],"inLanguage":"fr-FR"},{"@type":"Organization","@id":"https:\/\/ledsolintel.com\/#organization","name":"Solintel Noroeste, S.L.","url":"https:\/\/ledsolintel.com\/","logo":{"@type":"ImageObject","inLanguage":"fr-FR","@id":"https:\/\/ledsolintel.com\/#\/schema\/logo\/image\/","url":"https:\/\/ledsolintel.com\/wp-content\/uploads\/2024\/11\/webmenaje-logo-1508269066.jpg","contentUrl":"https:\/\/ledsolintel.com\/wp-content\/uploads\/2024\/11\/webmenaje-logo-1508269066.jpg","width":370,"height":90,"caption":"Solintel Noroeste, S.L."},"image":{"@id":"https:\/\/ledsolintel.com\/#\/schema\/logo\/image\/"},"sameAs":["http:\/\/www.facebook.com\/webmenaje","https:\/\/x.com\/webmenaje","https:\/\/www.youtube.com\/channel\/UCX2KoVoeCG4LocZjUc6LmSQ","http:\/\/www.pinterest.com\/webmenaje"]}]}},"_links":{"self":[{"href":"https:\/\/ledsolintel.com\/fr\/wp-json\/wp\/v2\/product\/253789","targetHints":{"allow":["GET"]}}],"collection":[{"href":"https:\/\/ledsolintel.com\/fr\/wp-json\/wp\/v2\/product"}],"about":[{"href":"https:\/\/ledsolintel.com\/fr\/wp-json\/wp\/v2\/types\/product"}],"version-history":[{"count":0,"href":"https:\/\/ledsolintel.com\/fr\/wp-json\/wp\/v2\/product\/253789\/revisions"}],"wp:featuredmedia":[{"embeddable":true,"href":"https:\/\/ledsolintel.com\/fr\/wp-json\/wp\/v2\/media\/253782"}],"wp:attachment":[{"href":"https:\/\/ledsolintel.com\/fr\/wp-json\/wp\/v2\/media?parent=253789"}],"wp:term":[{"taxonomy":"product_brand","embeddable":true,"href":"https:\/\/ledsolintel.com\/fr\/wp-json\/wp\/v2\/product_brand?post=253789"},{"taxonomy":"product_cat","embeddable":true,"href":"https:\/\/ledsolintel.com\/fr\/wp-json\/wp\/v2\/product_cat?post=253789"},{"taxonomy":"product_tag","embeddable":true,"href":"https:\/\/ledsolintel.com\/fr\/wp-json\/wp\/v2\/product_tag?post=253789"}],"curies":[{"name":"wp","href":"https:\/\/api.w.org\/{rel}","templated":true}]}}