{"id":253779,"date":"2024-05-23T12:01:54","date_gmt":"2024-05-23T10:01:54","guid":{"rendered":"https:\/\/nueva.ledsolintel.com\/product\/201810000-linterna-led-camping-recargable-usb-10w-ip44-gsc\/"},"modified":"2024-05-23T12:01:54","modified_gmt":"2024-05-23T10:01:54","slug":"201810000-torche-led-de-camping-rechargeable-usb-10w-ip44-gsc","status":"publish","type":"product","link":"https:\/\/ledsolintel.com\/fr\/produit-2\/201810000-torche-led-de-camping-rechargeable-usb-10w-ip44-gsc\/","title":{"rendered":"201810000 TORCHE LED DE CAMPING RECHARGEABLE USB 10W IP44 GSC"},"content":{"rendered":"<p>Fonction de banque d'\u00e9nergie : connexion de charge USB pour les appareils dot\u00e9s d'un c\u00e2ble de charge USB, tels que les smartphones. Polyvalent, il peut \u00eatre utilis\u00e9 \u00e0 la maison, dans le jardin, en camping et pour les activit\u00e9s de plein air.  Chargeur USB inclus. 4 modes d'\u00e9clairage. Autonomie : lumi\u00e8re froide (7h).<\/p>","protected":false},"excerpt":{"rendered":"<p>Fonction de banque d'\u00e9nergie : connexion de charge USB pour les appareils dot\u00e9s d'un c\u00e2ble de charge USB, tels que les smartphones. Polyvalent, il peut \u00eatre utilis\u00e9 \u00e0 la maison, dans le jardin, en camping et pour les activit\u00e9s de plein air. Chargeur USB inclus. 4 modes d'\u00e9clairage. Autonomie : lumi\u00e8re froide (7h).<\/p>","protected":false},"featured_media":253777,"template":"","meta":[],"product_brand":[99397],"product_cat":[99601,99619,100151,99787],"product_tag":[],"class_list":{"0":"post-253779","1":"product","2":"type-product","3":"status-publish","4":"has-post-thumbnail","6":"product_brand-gsc","7":"product_cat-gyemo","8":"product_cat-linternas","9":"product_cat-linternas-camping","10":"product_cat-profesionales-y-tiempo-libre","13":"instock","14":"taxable","15":"shipping-taxable","16":"purchasable","17":"product-type-simple"},"yoast_head":"<!-- This site is optimized with the Yoast SEO plugin v27.4 - https:\/\/yoast.com\/product\/yoast-seo-wordpress\/ -->\n<title>201810000 LINTERNA LED CAMPING RECARGABLE USB 10W IP44 GSC - Ledsolintel<\/title>\n<meta name=\"robots\" content=\"index, follow, max-snippet:-1, max-image-preview:large, max-video-preview:-1\" \/>\n<link rel=\"canonical\" href=\"https:\/\/ledsolintel.com\/fr\/produit-2\/201810000-torche-led-de-camping-rechargeable-usb-10w-ip44-gsc\/\" \/>\n<meta property=\"og:locale\" content=\"fr_FR\" \/>\n<meta property=\"og:type\" content=\"article\" \/>\n<meta property=\"og:title\" content=\"201810000 LINTERNA LED CAMPING RECARGABLE USB 10W IP44 GSC - Ledsolintel\" \/>\n<meta property=\"og:description\" content=\"Funci\u00f3n powerbank: conexi\u00f3n de carga USB para dispositivos con cable de carga USB, como Smartphones. Vers\u00e1til para emplear en casa, en el jard\u00edn, de camping y para actividades al aire libre. Cargador USB incluido. 4 modos de luz. Autonom\u00eda: luz fr\u00eda (7hs\" \/>\n<meta property=\"og:url\" content=\"https:\/\/ledsolintel.com\/fr\/produit-2\/201810000-torche-led-de-camping-rechargeable-usb-10w-ip44-gsc\/\" \/>\n<meta property=\"og:site_name\" content=\"Ledsolintel\" \/>\n<meta property=\"article:publisher\" content=\"http:\/\/www.facebook.com\/webmenaje\" \/>\n<meta property=\"og:image\" content=\"https:\/\/ledsolintel.com\/wp-content\/uploads\/2024\/05\/29123-201810000-LINTERNA-LED-CAMPING-RECARGABLE-USB-10W-IP44-GSC.jpg\" \/>\n\t<meta property=\"og:image:width\" content=\"1\" \/>\n\t<meta property=\"og:image:height\" content=\"1\" \/>\n\t<meta property=\"og:image:type\" content=\"image\/jpeg\" \/>\n<meta name=\"twitter:card\" content=\"summary_large_image\" \/>\n<meta name=\"twitter:site\" content=\"@webmenaje\" \/>\n<script type=\"application\/ld+json\" class=\"yoast-schema-graph\">{\"@context\":\"https:\\\/\\\/schema.org\",\"@graph\":[{\"@type\":\"WebPage\",\"@id\":\"https:\\\/\\\/ledsolintel.com\\\/product\\\/201810000-linterna-led-camping-recargable-usb-10w-ip44-gsc\\\/\",\"url\":\"https:\\\/\\\/ledsolintel.com\\\/product\\\/201810000-linterna-led-camping-recargable-usb-10w-ip44-gsc\\\/\",\"name\":\"201810000 LINTERNA LED CAMPING RECARGABLE USB 10W IP44 GSC - Ledsolintel\",\"isPartOf\":{\"@id\":\"https:\\\/\\\/ledsolintel.com\\\/#website\"},\"primaryImageOfPage\":{\"@id\":\"https:\\\/\\\/ledsolintel.com\\\/product\\\/201810000-linterna-led-camping-recargable-usb-10w-ip44-gsc\\\/#primaryimage\"},\"image\":{\"@id\":\"https:\\\/\\\/ledsolintel.com\\\/product\\\/201810000-linterna-led-camping-recargable-usb-10w-ip44-gsc\\\/#primaryimage\"},\"thumbnailUrl\":\"https:\\\/\\\/ledsolintel.com\\\/wp-content\\\/uploads\\\/2024\\\/05\\\/29123-201810000-LINTERNA-LED-CAMPING-RECARGABLE-USB-10W-IP44-GSC.jpg\",\"datePublished\":\"2024-05-23T10:01:54+00:00\",\"breadcrumb\":{\"@id\":\"https:\\\/\\\/ledsolintel.com\\\/product\\\/201810000-linterna-led-camping-recargable-usb-10w-ip44-gsc\\\/#breadcrumb\"},\"inLanguage\":\"fr-FR\",\"potentialAction\":[{\"@type\":\"ReadAction\",\"target\":[\"https:\\\/\\\/ledsolintel.com\\\/product\\\/201810000-linterna-led-camping-recargable-usb-10w-ip44-gsc\\\/\"]}]},{\"@type\":\"ImageObject\",\"inLanguage\":\"fr-FR\",\"@id\":\"https:\\\/\\\/ledsolintel.com\\\/product\\\/201810000-linterna-led-camping-recargable-usb-10w-ip44-gsc\\\/#primaryimage\",\"url\":\"https:\\\/\\\/ledsolintel.com\\\/wp-content\\\/uploads\\\/2024\\\/05\\\/29123-201810000-LINTERNA-LED-CAMPING-RECARGABLE-USB-10W-IP44-GSC.jpg\",\"contentUrl\":\"https:\\\/\\\/ledsolintel.com\\\/wp-content\\\/uploads\\\/2024\\\/05\\\/29123-201810000-LINTERNA-LED-CAMPING-RECARGABLE-USB-10W-IP44-GSC.jpg\",\"caption\":\"201810000 LINTERNA LED CAMPING RECARGABLE USB 10W IP44 GSC\"},{\"@type\":\"BreadcrumbList\",\"@id\":\"https:\\\/\\\/ledsolintel.com\\\/product\\\/201810000-linterna-led-camping-recargable-usb-10w-ip44-gsc\\\/#breadcrumb\",\"itemListElement\":[{\"@type\":\"ListItem\",\"position\":1,\"name\":\"Portada\",\"item\":\"https:\\\/\\\/ledsolintel.com\\\/fr\\\/\"},{\"@type\":\"ListItem\",\"position\":2,\"name\":\"Tienda\",\"item\":\"https:\\\/\\\/ledsolintel.com\\\/tienda\\\/\"},{\"@type\":\"ListItem\",\"position\":3,\"name\":\"201810000 LINTERNA LED CAMPING RECARGABLE USB 10W IP44 GSC\"}]},{\"@type\":\"WebSite\",\"@id\":\"https:\\\/\\\/ledsolintel.com\\\/#website\",\"url\":\"https:\\\/\\\/ledsolintel.com\\\/\",\"name\":\"Webmenaje\",\"description\":\"Tienda de bombillas y l\u00e1mparas LED para profesionales\",\"publisher\":{\"@id\":\"https:\\\/\\\/ledsolintel.com\\\/#organization\"},\"potentialAction\":[{\"@type\":\"SearchAction\",\"target\":{\"@type\":\"EntryPoint\",\"urlTemplate\":\"https:\\\/\\\/ledsolintel.com\\\/?s={search_term_string}\"},\"query-input\":{\"@type\":\"PropertyValueSpecification\",\"valueRequired\":true,\"valueName\":\"search_term_string\"}}],\"inLanguage\":\"fr-FR\"},{\"@type\":\"Organization\",\"@id\":\"https:\\\/\\\/ledsolintel.com\\\/#organization\",\"name\":\"Solintel Noroeste, S.L.\",\"url\":\"https:\\\/\\\/ledsolintel.com\\\/\",\"logo\":{\"@type\":\"ImageObject\",\"inLanguage\":\"fr-FR\",\"@id\":\"https:\\\/\\\/ledsolintel.com\\\/#\\\/schema\\\/logo\\\/image\\\/\",\"url\":\"https:\\\/\\\/ledsolintel.com\\\/wp-content\\\/uploads\\\/2024\\\/11\\\/webmenaje-logo-1508269066.jpg\",\"contentUrl\":\"https:\\\/\\\/ledsolintel.com\\\/wp-content\\\/uploads\\\/2024\\\/11\\\/webmenaje-logo-1508269066.jpg\",\"width\":370,\"height\":90,\"caption\":\"Solintel Noroeste, S.L.\"},\"image\":{\"@id\":\"https:\\\/\\\/ledsolintel.com\\\/#\\\/schema\\\/logo\\\/image\\\/\"},\"sameAs\":[\"http:\\\/\\\/www.facebook.com\\\/webmenaje\",\"https:\\\/\\\/x.com\\\/webmenaje\",\"https:\\\/\\\/www.youtube.com\\\/channel\\\/UCX2KoVoeCG4LocZjUc6LmSQ\",\"http:\\\/\\\/www.pinterest.com\\\/webmenaje\"]}]}<\/script>\n<!-- \/ Yoast SEO plugin. -->","yoast_head_json":{"title":"201810000 CAMPING LAMPE DE CAMPING LED USB RECHARGEABLE 10W IP44 GSC - Ledsolintel","robots":{"index":"index","follow":"follow","max-snippet":"max-snippet:-1","max-image-preview":"max-image-preview:large","max-video-preview":"max-video-preview:-1"},"canonical":"https:\/\/ledsolintel.com\/fr\/produit-2\/201810000-torche-led-de-camping-rechargeable-usb-10w-ip44-gsc\/","og_locale":"fr_FR","og_type":"article","og_title":"201810000 LINTERNA LED CAMPING RECARGABLE USB 10W IP44 GSC - Ledsolintel","og_description":"Funci\u00f3n powerbank: conexi\u00f3n de carga USB para dispositivos con cable de carga USB, como Smartphones. Vers\u00e1til para emplear en casa, en el jard\u00edn, de camping y para actividades al aire libre. Cargador USB incluido. 4 modos de luz. Autonom\u00eda: luz fr\u00eda (7hs","og_url":"https:\/\/ledsolintel.com\/fr\/produit-2\/201810000-torche-led-de-camping-rechargeable-usb-10w-ip44-gsc\/","og_site_name":"Ledsolintel","article_publisher":"http:\/\/www.facebook.com\/webmenaje","og_image":[{"url":"https:\/\/ledsolintel.com\/wp-content\/uploads\/2024\/05\/29123-201810000-LINTERNA-LED-CAMPING-RECARGABLE-USB-10W-IP44-GSC.jpg","width":1,"height":1,"type":"image\/jpeg"}],"twitter_card":"summary_large_image","twitter_site":"@webmenaje","schema":{"@context":"https:\/\/schema.org","@graph":[{"@type":"WebPage","@id":"https:\/\/ledsolintel.com\/product\/201810000-linterna-led-camping-recargable-usb-10w-ip44-gsc\/","url":"https:\/\/ledsolintel.com\/product\/201810000-linterna-led-camping-recargable-usb-10w-ip44-gsc\/","name":"201810000 CAMPING LAMPE DE CAMPING LED USB RECHARGEABLE 10W IP44 GSC - Ledsolintel","isPartOf":{"@id":"https:\/\/ledsolintel.com\/#website"},"primaryImageOfPage":{"@id":"https:\/\/ledsolintel.com\/product\/201810000-linterna-led-camping-recargable-usb-10w-ip44-gsc\/#primaryimage"},"image":{"@id":"https:\/\/ledsolintel.com\/product\/201810000-linterna-led-camping-recargable-usb-10w-ip44-gsc\/#primaryimage"},"thumbnailUrl":"https:\/\/ledsolintel.com\/wp-content\/uploads\/2024\/05\/29123-201810000-LINTERNA-LED-CAMPING-RECARGABLE-USB-10W-IP44-GSC.jpg","datePublished":"2024-05-23T10:01:54+00:00","breadcrumb":{"@id":"https:\/\/ledsolintel.com\/product\/201810000-linterna-led-camping-recargable-usb-10w-ip44-gsc\/#breadcrumb"},"inLanguage":"fr-FR","potentialAction":[{"@type":"ReadAction","target":["https:\/\/ledsolintel.com\/product\/201810000-linterna-led-camping-recargable-usb-10w-ip44-gsc\/"]}]},{"@type":"ImageObject","inLanguage":"fr-FR","@id":"https:\/\/ledsolintel.com\/product\/201810000-linterna-led-camping-recargable-usb-10w-ip44-gsc\/#primaryimage","url":"https:\/\/ledsolintel.com\/wp-content\/uploads\/2024\/05\/29123-201810000-LINTERNA-LED-CAMPING-RECARGABLE-USB-10W-IP44-GSC.jpg","contentUrl":"https:\/\/ledsolintel.com\/wp-content\/uploads\/2024\/05\/29123-201810000-LINTERNA-LED-CAMPING-RECARGABLE-USB-10W-IP44-GSC.jpg","caption":"201810000 LINTERNA LED CAMPING RECARGABLE USB 10W IP44 GSC"},{"@type":"BreadcrumbList","@id":"https:\/\/ledsolintel.com\/product\/201810000-linterna-led-camping-recargable-usb-10w-ip44-gsc\/#breadcrumb","itemListElement":[{"@type":"ListItem","position":1,"name":"Portada","item":"https:\/\/ledsolintel.com\/fr\/"},{"@type":"ListItem","position":2,"name":"Tienda","item":"https:\/\/ledsolintel.com\/tienda\/"},{"@type":"ListItem","position":3,"name":"201810000 LINTERNA LED CAMPING RECARGABLE USB 10W IP44 GSC"}]},{"@type":"WebSite","@id":"https:\/\/ledsolintel.com\/#website","url":"https:\/\/ledsolintel.com\/","name":"Webmenaje","description":"Magasin d'ampoules et de lampes LED pour les professionnels","publisher":{"@id":"https:\/\/ledsolintel.com\/#organization"},"potentialAction":[{"@type":"SearchAction","target":{"@type":"EntryPoint","urlTemplate":"https:\/\/ledsolintel.com\/?s={search_term_string}"},"query-input":{"@type":"PropertyValueSpecification","valueRequired":true,"valueName":"search_term_string"}}],"inLanguage":"fr-FR"},{"@type":"Organization","@id":"https:\/\/ledsolintel.com\/#organization","name":"Solintel Noroeste, S.L.","url":"https:\/\/ledsolintel.com\/","logo":{"@type":"ImageObject","inLanguage":"fr-FR","@id":"https:\/\/ledsolintel.com\/#\/schema\/logo\/image\/","url":"https:\/\/ledsolintel.com\/wp-content\/uploads\/2024\/11\/webmenaje-logo-1508269066.jpg","contentUrl":"https:\/\/ledsolintel.com\/wp-content\/uploads\/2024\/11\/webmenaje-logo-1508269066.jpg","width":370,"height":90,"caption":"Solintel Noroeste, S.L."},"image":{"@id":"https:\/\/ledsolintel.com\/#\/schema\/logo\/image\/"},"sameAs":["http:\/\/www.facebook.com\/webmenaje","https:\/\/x.com\/webmenaje","https:\/\/www.youtube.com\/channel\/UCX2KoVoeCG4LocZjUc6LmSQ","http:\/\/www.pinterest.com\/webmenaje"]}]}},"_links":{"self":[{"href":"https:\/\/ledsolintel.com\/fr\/wp-json\/wp\/v2\/product\/253779","targetHints":{"allow":["GET"]}}],"collection":[{"href":"https:\/\/ledsolintel.com\/fr\/wp-json\/wp\/v2\/product"}],"about":[{"href":"https:\/\/ledsolintel.com\/fr\/wp-json\/wp\/v2\/types\/product"}],"version-history":[{"count":0,"href":"https:\/\/ledsolintel.com\/fr\/wp-json\/wp\/v2\/product\/253779\/revisions"}],"wp:featuredmedia":[{"embeddable":true,"href":"https:\/\/ledsolintel.com\/fr\/wp-json\/wp\/v2\/media\/253777"}],"wp:attachment":[{"href":"https:\/\/ledsolintel.com\/fr\/wp-json\/wp\/v2\/media?parent=253779"}],"wp:term":[{"taxonomy":"product_brand","embeddable":true,"href":"https:\/\/ledsolintel.com\/fr\/wp-json\/wp\/v2\/product_brand?post=253779"},{"taxonomy":"product_cat","embeddable":true,"href":"https:\/\/ledsolintel.com\/fr\/wp-json\/wp\/v2\/product_cat?post=253779"},{"taxonomy":"product_tag","embeddable":true,"href":"https:\/\/ledsolintel.com\/fr\/wp-json\/wp\/v2\/product_tag?post=253779"}],"curies":[{"name":"wp","href":"https:\/\/api.w.org\/{rel}","templated":true}]}}