{"id":253776,"date":"2024-05-23T12:01:54","date_gmt":"2024-05-23T10:01:54","guid":{"rendered":"https:\/\/nueva.ledsolintel.com\/product\/1171540-linterna-led-oli-0300-a-ip44-con-carga-usb-brennenstuhl\/"},"modified":"2024-05-23T12:01:54","modified_gmt":"2024-05-23T10:01:54","slug":"1171540-linterna-led-oli-0300-a-ip44-con-carga-usb-brennenstuhl","status":"publish","type":"product","link":"https:\/\/ledsolintel.com\/fr\/produit-2\/1171540-linterna-led-oli-0300-a-ip44-con-carga-usb-brennenstuhl\/","title":{"rendered":"1171540 TORCHE LED OLI 0300 A IP44 AVEC CHARGEUR USB BRENNENSTUHL"},"content":{"rendered":"<p>Fonction de banque d'\u00e9nergie : connexion de charge USB pour les appareils dot\u00e9s d'un c\u00e2ble de charge USB, tels que les smartphones. Polyvalente, elle peut \u00eatre utilis\u00e9e \u00e0 la maison, dans le jardin, en camping et pour les activit\u00e9s de plein air. Lampe de surface extr\u00eamement lumineuse et non \u00e9blouissante avec point<\/p>","protected":false},"excerpt":{"rendered":"<p>Fonction de banque d'\u00e9nergie : connexion de charge USB pour les appareils dot\u00e9s d'un c\u00e2ble de charge USB, tels que les smartphones. Polyvalente, elle peut \u00eatre utilis\u00e9e \u00e0 la maison, dans le jardin, en camping et pour les activit\u00e9s de plein air. Lampe de surface extr\u00eamement lumineuse et non \u00e9blouissante avec point<\/p>","protected":false},"featured_media":253768,"template":"","meta":[],"product_brand":[99503],"product_cat":[99619,100151,99787,99601],"product_tag":[],"class_list":{"0":"post-253776","1":"product","2":"type-product","3":"status-publish","4":"has-post-thumbnail","6":"product_brand-brennenstuhl","7":"product_cat-linternas","8":"product_cat-linternas-camping","9":"product_cat-profesionales-y-tiempo-libre","10":"product_cat-gyemo","13":"instock","14":"taxable","15":"shipping-taxable","16":"purchasable","17":"product-type-simple"},"yoast_head":"<!-- This site is optimized with the Yoast SEO plugin v26.6 - https:\/\/yoast.com\/wordpress\/plugins\/seo\/ -->\n<title>1171540 LINTERNA LED OLI 0300 A IP44 CON CARGA USB BRENNENSTUHL - Ledsolintel<\/title>\n<meta name=\"robots\" content=\"index, follow, max-snippet:-1, max-image-preview:large, max-video-preview:-1\" \/>\n<link rel=\"canonical\" href=\"https:\/\/ledsolintel.com\/fr\/produit-2\/1171540-linterna-led-oli-0300-a-ip44-con-carga-usb-brennenstuhl\/\" \/>\n<meta property=\"og:locale\" content=\"fr_FR\" \/>\n<meta property=\"og:type\" content=\"article\" \/>\n<meta property=\"og:title\" content=\"1171540 LINTERNA LED OLI 0300 A IP44 CON CARGA USB BRENNENSTUHL - Ledsolintel\" \/>\n<meta property=\"og:description\" content=\"Funci\u00f3n powerbank: conexi\u00f3n de carga USB para dispositivos con cable de carga USB, como Smartphones. Vers\u00e1til para emplear en casa, en el jard\u00edn, de camping y para actividades al aire libre. Luz de superficie muy brillante y sin deslumbramientos con punto\" \/>\n<meta property=\"og:url\" content=\"https:\/\/ledsolintel.com\/fr\/produit-2\/1171540-linterna-led-oli-0300-a-ip44-con-carga-usb-brennenstuhl\/\" \/>\n<meta property=\"og:site_name\" content=\"Ledsolintel\" \/>\n<meta property=\"article:publisher\" content=\"http:\/\/www.facebook.com\/webmenaje\" \/>\n<meta property=\"og:image\" content=\"https:\/\/ledsolintel.com\/wp-content\/uploads\/2024\/05\/29115-1171540-LINTERNA-LED-OLI-0300-A-IP44-CON-CARGA-USB-BRENNENSTUHL.jpg\" \/>\n\t<meta property=\"og:image:width\" content=\"1\" \/>\n\t<meta property=\"og:image:height\" content=\"1\" \/>\n\t<meta property=\"og:image:type\" content=\"image\/jpeg\" \/>\n<meta name=\"twitter:card\" content=\"summary_large_image\" \/>\n<meta name=\"twitter:site\" content=\"@webmenaje\" \/>\n<script type=\"application\/ld+json\" class=\"yoast-schema-graph\">{\"@context\":\"https:\/\/schema.org\",\"@graph\":[{\"@type\":\"WebPage\",\"@id\":\"https:\/\/ledsolintel.com\/product\/1171540-linterna-led-oli-0300-a-ip44-con-carga-usb-brennenstuhl\/\",\"url\":\"https:\/\/ledsolintel.com\/product\/1171540-linterna-led-oli-0300-a-ip44-con-carga-usb-brennenstuhl\/\",\"name\":\"1171540 LINTERNA LED OLI 0300 A IP44 CON CARGA USB BRENNENSTUHL - Ledsolintel\",\"isPartOf\":{\"@id\":\"https:\/\/ledsolintel.com\/#website\"},\"primaryImageOfPage\":{\"@id\":\"https:\/\/ledsolintel.com\/product\/1171540-linterna-led-oli-0300-a-ip44-con-carga-usb-brennenstuhl\/#primaryimage\"},\"image\":{\"@id\":\"https:\/\/ledsolintel.com\/product\/1171540-linterna-led-oli-0300-a-ip44-con-carga-usb-brennenstuhl\/#primaryimage\"},\"thumbnailUrl\":\"https:\/\/ledsolintel.com\/wp-content\/uploads\/2024\/05\/29115-1171540-LINTERNA-LED-OLI-0300-A-IP44-CON-CARGA-USB-BRENNENSTUHL.jpg\",\"datePublished\":\"2024-05-23T10:01:54+00:00\",\"breadcrumb\":{\"@id\":\"https:\/\/ledsolintel.com\/product\/1171540-linterna-led-oli-0300-a-ip44-con-carga-usb-brennenstuhl\/#breadcrumb\"},\"inLanguage\":\"fr-FR\",\"potentialAction\":[{\"@type\":\"ReadAction\",\"target\":[\"https:\/\/ledsolintel.com\/product\/1171540-linterna-led-oli-0300-a-ip44-con-carga-usb-brennenstuhl\/\"]}]},{\"@type\":\"ImageObject\",\"inLanguage\":\"fr-FR\",\"@id\":\"https:\/\/ledsolintel.com\/product\/1171540-linterna-led-oli-0300-a-ip44-con-carga-usb-brennenstuhl\/#primaryimage\",\"url\":\"https:\/\/ledsolintel.com\/wp-content\/uploads\/2024\/05\/29115-1171540-LINTERNA-LED-OLI-0300-A-IP44-CON-CARGA-USB-BRENNENSTUHL.jpg\",\"contentUrl\":\"https:\/\/ledsolintel.com\/wp-content\/uploads\/2024\/05\/29115-1171540-LINTERNA-LED-OLI-0300-A-IP44-CON-CARGA-USB-BRENNENSTUHL.jpg\",\"caption\":\"1171540 LINTERNA LED OLI 0300 A IP44 CON CARGA USB BRENNENSTUHL\"},{\"@type\":\"BreadcrumbList\",\"@id\":\"https:\/\/ledsolintel.com\/product\/1171540-linterna-led-oli-0300-a-ip44-con-carga-usb-brennenstuhl\/#breadcrumb\",\"itemListElement\":[{\"@type\":\"ListItem\",\"position\":1,\"name\":\"Portada\",\"item\":\"https:\/\/ledsolintel.com\/fr\/\"},{\"@type\":\"ListItem\",\"position\":2,\"name\":\"Tienda\",\"item\":\"https:\/\/ledsolintel.com\/tienda\/\"},{\"@type\":\"ListItem\",\"position\":3,\"name\":\"1171540 LINTERNA LED OLI 0300 A IP44 CON CARGA USB BRENNENSTUHL\"}]},{\"@type\":\"WebSite\",\"@id\":\"https:\/\/ledsolintel.com\/#website\",\"url\":\"https:\/\/ledsolintel.com\/\",\"name\":\"Webmenaje\",\"description\":\"Tienda de bombillas y l\u00e1mparas LED para profesionales\",\"publisher\":{\"@id\":\"https:\/\/ledsolintel.com\/#organization\"},\"potentialAction\":[{\"@type\":\"SearchAction\",\"target\":{\"@type\":\"EntryPoint\",\"urlTemplate\":\"https:\/\/ledsolintel.com\/?s={search_term_string}\"},\"query-input\":{\"@type\":\"PropertyValueSpecification\",\"valueRequired\":true,\"valueName\":\"search_term_string\"}}],\"inLanguage\":\"fr-FR\"},{\"@type\":\"Organization\",\"@id\":\"https:\/\/ledsolintel.com\/#organization\",\"name\":\"Solintel Noroeste, S.L.\",\"url\":\"https:\/\/ledsolintel.com\/\",\"logo\":{\"@type\":\"ImageObject\",\"inLanguage\":\"fr-FR\",\"@id\":\"https:\/\/ledsolintel.com\/#\/schema\/logo\/image\/\",\"url\":\"https:\/\/ledsolintel.com\/wp-content\/uploads\/2024\/11\/webmenaje-logo-1508269066.jpg\",\"contentUrl\":\"https:\/\/ledsolintel.com\/wp-content\/uploads\/2024\/11\/webmenaje-logo-1508269066.jpg\",\"width\":370,\"height\":90,\"caption\":\"Solintel Noroeste, S.L.\"},\"image\":{\"@id\":\"https:\/\/ledsolintel.com\/#\/schema\/logo\/image\/\"},\"sameAs\":[\"http:\/\/www.facebook.com\/webmenaje\",\"https:\/\/x.com\/webmenaje\",\"https:\/\/www.youtube.com\/channel\/UCX2KoVoeCG4LocZjUc6LmSQ\",\"http:\/\/www.pinterest.com\/webmenaje\"]}]}<\/script>\n<!-- \/ Yoast SEO plugin. -->","yoast_head_json":{"title":"1171540 LINTERNA LED OLI 0300 A IP44 CON CARGA USB BRENNENSTUHL - Ledsolintel","robots":{"index":"index","follow":"follow","max-snippet":"max-snippet:-1","max-image-preview":"max-image-preview:large","max-video-preview":"max-video-preview:-1"},"canonical":"https:\/\/ledsolintel.com\/fr\/produit-2\/1171540-linterna-led-oli-0300-a-ip44-con-carga-usb-brennenstuhl\/","og_locale":"fr_FR","og_type":"article","og_title":"1171540 LINTERNA LED OLI 0300 A IP44 CON CARGA USB BRENNENSTUHL - Ledsolintel","og_description":"Funci\u00f3n powerbank: conexi\u00f3n de carga USB para dispositivos con cable de carga USB, como Smartphones. Vers\u00e1til para emplear en casa, en el jard\u00edn, de camping y para actividades al aire libre. Luz de superficie muy brillante y sin deslumbramientos con punto","og_url":"https:\/\/ledsolintel.com\/fr\/produit-2\/1171540-linterna-led-oli-0300-a-ip44-con-carga-usb-brennenstuhl\/","og_site_name":"Ledsolintel","article_publisher":"http:\/\/www.facebook.com\/webmenaje","og_image":[{"url":"https:\/\/ledsolintel.com\/wp-content\/uploads\/2024\/05\/29115-1171540-LINTERNA-LED-OLI-0300-A-IP44-CON-CARGA-USB-BRENNENSTUHL.jpg","width":1,"height":1,"type":"image\/jpeg"}],"twitter_card":"summary_large_image","twitter_site":"@webmenaje","schema":{"@context":"https:\/\/schema.org","@graph":[{"@type":"WebPage","@id":"https:\/\/ledsolintel.com\/product\/1171540-linterna-led-oli-0300-a-ip44-con-carga-usb-brennenstuhl\/","url":"https:\/\/ledsolintel.com\/product\/1171540-linterna-led-oli-0300-a-ip44-con-carga-usb-brennenstuhl\/","name":"1171540 LINTERNA LED OLI 0300 A IP44 CON CARGA USB BRENNENSTUHL - Ledsolintel","isPartOf":{"@id":"https:\/\/ledsolintel.com\/#website"},"primaryImageOfPage":{"@id":"https:\/\/ledsolintel.com\/product\/1171540-linterna-led-oli-0300-a-ip44-con-carga-usb-brennenstuhl\/#primaryimage"},"image":{"@id":"https:\/\/ledsolintel.com\/product\/1171540-linterna-led-oli-0300-a-ip44-con-carga-usb-brennenstuhl\/#primaryimage"},"thumbnailUrl":"https:\/\/ledsolintel.com\/wp-content\/uploads\/2024\/05\/29115-1171540-LINTERNA-LED-OLI-0300-A-IP44-CON-CARGA-USB-BRENNENSTUHL.jpg","datePublished":"2024-05-23T10:01:54+00:00","breadcrumb":{"@id":"https:\/\/ledsolintel.com\/product\/1171540-linterna-led-oli-0300-a-ip44-con-carga-usb-brennenstuhl\/#breadcrumb"},"inLanguage":"fr-FR","potentialAction":[{"@type":"ReadAction","target":["https:\/\/ledsolintel.com\/product\/1171540-linterna-led-oli-0300-a-ip44-con-carga-usb-brennenstuhl\/"]}]},{"@type":"ImageObject","inLanguage":"fr-FR","@id":"https:\/\/ledsolintel.com\/product\/1171540-linterna-led-oli-0300-a-ip44-con-carga-usb-brennenstuhl\/#primaryimage","url":"https:\/\/ledsolintel.com\/wp-content\/uploads\/2024\/05\/29115-1171540-LINTERNA-LED-OLI-0300-A-IP44-CON-CARGA-USB-BRENNENSTUHL.jpg","contentUrl":"https:\/\/ledsolintel.com\/wp-content\/uploads\/2024\/05\/29115-1171540-LINTERNA-LED-OLI-0300-A-IP44-CON-CARGA-USB-BRENNENSTUHL.jpg","caption":"1171540 LINTERNA LED OLI 0300 A IP44 CON CARGA USB BRENNENSTUHL"},{"@type":"BreadcrumbList","@id":"https:\/\/ledsolintel.com\/product\/1171540-linterna-led-oli-0300-a-ip44-con-carga-usb-brennenstuhl\/#breadcrumb","itemListElement":[{"@type":"ListItem","position":1,"name":"Portada","item":"https:\/\/ledsolintel.com\/fr\/"},{"@type":"ListItem","position":2,"name":"Tienda","item":"https:\/\/ledsolintel.com\/tienda\/"},{"@type":"ListItem","position":3,"name":"1171540 LINTERNA LED OLI 0300 A IP44 CON CARGA USB BRENNENSTUHL"}]},{"@type":"WebSite","@id":"https:\/\/ledsolintel.com\/#website","url":"https:\/\/ledsolintel.com\/","name":"Webmenaje","description":"Magasin d'ampoules et de lampes LED pour les professionnels","publisher":{"@id":"https:\/\/ledsolintel.com\/#organization"},"potentialAction":[{"@type":"SearchAction","target":{"@type":"EntryPoint","urlTemplate":"https:\/\/ledsolintel.com\/?s={search_term_string}"},"query-input":{"@type":"PropertyValueSpecification","valueRequired":true,"valueName":"search_term_string"}}],"inLanguage":"fr-FR"},{"@type":"Organization","@id":"https:\/\/ledsolintel.com\/#organization","name":"Solintel Noroeste, S.L.","url":"https:\/\/ledsolintel.com\/","logo":{"@type":"ImageObject","inLanguage":"fr-FR","@id":"https:\/\/ledsolintel.com\/#\/schema\/logo\/image\/","url":"https:\/\/ledsolintel.com\/wp-content\/uploads\/2024\/11\/webmenaje-logo-1508269066.jpg","contentUrl":"https:\/\/ledsolintel.com\/wp-content\/uploads\/2024\/11\/webmenaje-logo-1508269066.jpg","width":370,"height":90,"caption":"Solintel Noroeste, S.L."},"image":{"@id":"https:\/\/ledsolintel.com\/#\/schema\/logo\/image\/"},"sameAs":["http:\/\/www.facebook.com\/webmenaje","https:\/\/x.com\/webmenaje","https:\/\/www.youtube.com\/channel\/UCX2KoVoeCG4LocZjUc6LmSQ","http:\/\/www.pinterest.com\/webmenaje"]}]}},"_links":{"self":[{"href":"https:\/\/ledsolintel.com\/fr\/wp-json\/wp\/v2\/product\/253776","targetHints":{"allow":["GET"]}}],"collection":[{"href":"https:\/\/ledsolintel.com\/fr\/wp-json\/wp\/v2\/product"}],"about":[{"href":"https:\/\/ledsolintel.com\/fr\/wp-json\/wp\/v2\/types\/product"}],"version-history":[{"count":0,"href":"https:\/\/ledsolintel.com\/fr\/wp-json\/wp\/v2\/product\/253776\/revisions"}],"wp:featuredmedia":[{"embeddable":true,"href":"https:\/\/ledsolintel.com\/fr\/wp-json\/wp\/v2\/media\/253768"}],"wp:attachment":[{"href":"https:\/\/ledsolintel.com\/fr\/wp-json\/wp\/v2\/media?parent=253776"}],"wp:term":[{"taxonomy":"product_brand","embeddable":true,"href":"https:\/\/ledsolintel.com\/fr\/wp-json\/wp\/v2\/product_brand?post=253776"},{"taxonomy":"product_cat","embeddable":true,"href":"https:\/\/ledsolintel.com\/fr\/wp-json\/wp\/v2\/product_cat?post=253776"},{"taxonomy":"product_tag","embeddable":true,"href":"https:\/\/ledsolintel.com\/fr\/wp-json\/wp\/v2\/product_tag?post=253776"}],"curies":[{"name":"wp","href":"https:\/\/api.w.org\/{rel}","templated":true}]}}