{"id":253761,"date":"2024-05-23T12:01:54","date_gmt":"2024-05-23T10:01:54","guid":{"rendered":"https:\/\/nueva.ledsolintel.com\/product\/1801490-baliza-senalizacion-emergencia-v16-f-bright\/"},"modified":"2026-01-08T13:59:21","modified_gmt":"2026-01-08T12:59:21","slug":"1801490-balise-de-signalisation-durgence-v16-f-bright","status":"publish","type":"product","link":"https:\/\/ledsolintel.com\/fr\/produit-2\/1801490-balise-de-signalisation-durgence-v16-f-bright\/","title":{"rendered":"1801490 BALISE DE SIGNALISATION D'URGENCE V16 F-BRIGHT"},"content":{"rendered":"<p>La balise de signalisation d'urgence V16 est con\u00e7ue pour \u00eatre utilis\u00e9e en cas d'urgence en remplacement des triangles de signalisation actuels. Homologu\u00e9e par la DGT. En cas de panne ou d'accident, placer le feu d'urgence sur la borne, le feu d'urgence sur la borne.<\/p>","protected":false},"excerpt":{"rendered":"<p>La balise de signalisation d'urgence V16 est con\u00e7ue pour \u00eatre utilis\u00e9e en cas d'urgence en remplacement des triangles de signalisation actuels. Homologu\u00e9e par la DGT. En cas de panne ou d'accident, placer le feu d'urgence sur la borne, le feu d'urgence sur la borne.<\/p>","protected":false},"featured_media":253759,"template":"","meta":[],"product_brand":[],"product_cat":[99601,99619,100153,99787],"product_tag":[],"class_list":{"0":"post-253761","1":"product","2":"type-product","3":"status-publish","4":"has-post-thumbnail","6":"product_cat-gyemo","7":"product_cat-linternas","8":"product_cat-linternas-de-foco-frontal","9":"product_cat-profesionales-y-tiempo-libre","12":"outofstock","13":"taxable","14":"shipping-taxable","15":"purchasable","16":"product-type-simple"},"yoast_head":"<!-- This site is optimized with the Yoast SEO plugin v27.4 - https:\/\/yoast.com\/product\/yoast-seo-wordpress\/ -->\n<title>1801490 BALIZA SE\u00d1ALIZACION EMERGENCIA V16 F-BRIGHT - Ledsolintel<\/title>\n<meta name=\"robots\" content=\"index, follow, max-snippet:-1, max-image-preview:large, max-video-preview:-1\" \/>\n<link rel=\"canonical\" href=\"https:\/\/ledsolintel.com\/fr\/produit-2\/1801490-balise-de-signalisation-durgence-v16-f-bright\/\" \/>\n<meta property=\"og:locale\" content=\"fr_FR\" \/>\n<meta property=\"og:type\" content=\"article\" \/>\n<meta property=\"og:title\" content=\"1801490 BALIZA SE\u00d1ALIZACION EMERGENCIA V16 F-BRIGHT - Ledsolintel\" \/>\n<meta property=\"og:description\" content=\"La Baliza Se\u00f1alizaci\u00f3n de Emergencia V16 dise\u00f1ada para su utilizaci\u00f3n en caso de emergencia como sustituci\u00f3n de los tri\u00e1ngulos de se\u00f1alizaci\u00f3n actuales. Homologada por la DGT. En caso de aver\u00eda o accidente, colocar la luz de emergencia en la bionda, el te\" \/>\n<meta property=\"og:url\" content=\"https:\/\/ledsolintel.com\/fr\/produit-2\/1801490-balise-de-signalisation-durgence-v16-f-bright\/\" \/>\n<meta property=\"og:site_name\" content=\"Ledsolintel\" \/>\n<meta property=\"article:publisher\" content=\"http:\/\/www.facebook.com\/webmenaje\" \/>\n<meta property=\"article:modified_time\" content=\"2026-01-08T12:59:21+00:00\" \/>\n<meta property=\"og:image\" content=\"https:\/\/ledsolintel.com\/wp-content\/uploads\/2024\/05\/29108-1801490-BALIZA-SENALIZACION-EMERGENCIA-V16-F-BRIGHT.jpg\" \/>\n\t<meta property=\"og:image:width\" content=\"1\" \/>\n\t<meta property=\"og:image:height\" content=\"1\" \/>\n\t<meta property=\"og:image:type\" content=\"image\/jpeg\" \/>\n<meta name=\"twitter:card\" content=\"summary_large_image\" \/>\n<meta name=\"twitter:site\" content=\"@webmenaje\" \/>\n<script type=\"application\/ld+json\" class=\"yoast-schema-graph\">{\"@context\":\"https:\\\/\\\/schema.org\",\"@graph\":[{\"@type\":\"WebPage\",\"@id\":\"https:\\\/\\\/ledsolintel.com\\\/product\\\/1801490-baliza-senalizacion-emergencia-v16-f-bright\\\/\",\"url\":\"https:\\\/\\\/ledsolintel.com\\\/product\\\/1801490-baliza-senalizacion-emergencia-v16-f-bright\\\/\",\"name\":\"1801490 BALIZA SE\u00d1ALIZACION EMERGENCIA V16 F-BRIGHT - Ledsolintel\",\"isPartOf\":{\"@id\":\"https:\\\/\\\/ledsolintel.com\\\/#website\"},\"primaryImageOfPage\":{\"@id\":\"https:\\\/\\\/ledsolintel.com\\\/product\\\/1801490-baliza-senalizacion-emergencia-v16-f-bright\\\/#primaryimage\"},\"image\":{\"@id\":\"https:\\\/\\\/ledsolintel.com\\\/product\\\/1801490-baliza-senalizacion-emergencia-v16-f-bright\\\/#primaryimage\"},\"thumbnailUrl\":\"https:\\\/\\\/ledsolintel.com\\\/wp-content\\\/uploads\\\/2024\\\/05\\\/29108-1801490-BALIZA-SENALIZACION-EMERGENCIA-V16-F-BRIGHT.jpg\",\"datePublished\":\"2024-05-23T10:01:54+00:00\",\"dateModified\":\"2026-01-08T12:59:21+00:00\",\"breadcrumb\":{\"@id\":\"https:\\\/\\\/ledsolintel.com\\\/product\\\/1801490-baliza-senalizacion-emergencia-v16-f-bright\\\/#breadcrumb\"},\"inLanguage\":\"fr-FR\",\"potentialAction\":[{\"@type\":\"ReadAction\",\"target\":[\"https:\\\/\\\/ledsolintel.com\\\/product\\\/1801490-baliza-senalizacion-emergencia-v16-f-bright\\\/\"]}]},{\"@type\":\"ImageObject\",\"inLanguage\":\"fr-FR\",\"@id\":\"https:\\\/\\\/ledsolintel.com\\\/product\\\/1801490-baliza-senalizacion-emergencia-v16-f-bright\\\/#primaryimage\",\"url\":\"https:\\\/\\\/ledsolintel.com\\\/wp-content\\\/uploads\\\/2024\\\/05\\\/29108-1801490-BALIZA-SENALIZACION-EMERGENCIA-V16-F-BRIGHT.jpg\",\"contentUrl\":\"https:\\\/\\\/ledsolintel.com\\\/wp-content\\\/uploads\\\/2024\\\/05\\\/29108-1801490-BALIZA-SENALIZACION-EMERGENCIA-V16-F-BRIGHT.jpg\",\"caption\":\"1801490 BALIZA SE\u00d1ALIZACION EMERGENCIA V16 F-BRIGHT\"},{\"@type\":\"BreadcrumbList\",\"@id\":\"https:\\\/\\\/ledsolintel.com\\\/product\\\/1801490-baliza-senalizacion-emergencia-v16-f-bright\\\/#breadcrumb\",\"itemListElement\":[{\"@type\":\"ListItem\",\"position\":1,\"name\":\"Portada\",\"item\":\"https:\\\/\\\/ledsolintel.com\\\/fr\\\/\"},{\"@type\":\"ListItem\",\"position\":2,\"name\":\"Tienda\",\"item\":\"https:\\\/\\\/ledsolintel.com\\\/tienda\\\/\"},{\"@type\":\"ListItem\",\"position\":3,\"name\":\"1801490 BALIZA SE\u00d1ALIZACION EMERGENCIA V16 F-BRIGHT\"}]},{\"@type\":\"WebSite\",\"@id\":\"https:\\\/\\\/ledsolintel.com\\\/#website\",\"url\":\"https:\\\/\\\/ledsolintel.com\\\/\",\"name\":\"Webmenaje\",\"description\":\"Tienda de bombillas y l\u00e1mparas LED para profesionales\",\"publisher\":{\"@id\":\"https:\\\/\\\/ledsolintel.com\\\/#organization\"},\"potentialAction\":[{\"@type\":\"SearchAction\",\"target\":{\"@type\":\"EntryPoint\",\"urlTemplate\":\"https:\\\/\\\/ledsolintel.com\\\/?s={search_term_string}\"},\"query-input\":{\"@type\":\"PropertyValueSpecification\",\"valueRequired\":true,\"valueName\":\"search_term_string\"}}],\"inLanguage\":\"fr-FR\"},{\"@type\":\"Organization\",\"@id\":\"https:\\\/\\\/ledsolintel.com\\\/#organization\",\"name\":\"Solintel Noroeste, S.L.\",\"url\":\"https:\\\/\\\/ledsolintel.com\\\/\",\"logo\":{\"@type\":\"ImageObject\",\"inLanguage\":\"fr-FR\",\"@id\":\"https:\\\/\\\/ledsolintel.com\\\/#\\\/schema\\\/logo\\\/image\\\/\",\"url\":\"https:\\\/\\\/ledsolintel.com\\\/wp-content\\\/uploads\\\/2024\\\/11\\\/webmenaje-logo-1508269066.jpg\",\"contentUrl\":\"https:\\\/\\\/ledsolintel.com\\\/wp-content\\\/uploads\\\/2024\\\/11\\\/webmenaje-logo-1508269066.jpg\",\"width\":370,\"height\":90,\"caption\":\"Solintel Noroeste, S.L.\"},\"image\":{\"@id\":\"https:\\\/\\\/ledsolintel.com\\\/#\\\/schema\\\/logo\\\/image\\\/\"},\"sameAs\":[\"http:\\\/\\\/www.facebook.com\\\/webmenaje\",\"https:\\\/\\\/x.com\\\/webmenaje\",\"https:\\\/\\\/www.youtube.com\\\/channel\\\/UCX2KoVoeCG4LocZjUc6LmSQ\",\"http:\\\/\\\/www.pinterest.com\\\/webmenaje\"]}]}<\/script>\n<!-- \/ Yoast SEO plugin. -->","yoast_head_json":{"title":"1801490 SIGNALISATION D'URGENCE Balise V16 F-BRIGHT - Ledsolintel","robots":{"index":"index","follow":"follow","max-snippet":"max-snippet:-1","max-image-preview":"max-image-preview:large","max-video-preview":"max-video-preview:-1"},"canonical":"https:\/\/ledsolintel.com\/fr\/produit-2\/1801490-balise-de-signalisation-durgence-v16-f-bright\/","og_locale":"fr_FR","og_type":"article","og_title":"1801490 BALIZA SE\u00d1ALIZACION EMERGENCIA V16 F-BRIGHT - Ledsolintel","og_description":"La Baliza Se\u00f1alizaci\u00f3n de Emergencia V16 dise\u00f1ada para su utilizaci\u00f3n en caso de emergencia como sustituci\u00f3n de los tri\u00e1ngulos de se\u00f1alizaci\u00f3n actuales. Homologada por la DGT. En caso de aver\u00eda o accidente, colocar la luz de emergencia en la bionda, el te","og_url":"https:\/\/ledsolintel.com\/fr\/produit-2\/1801490-balise-de-signalisation-durgence-v16-f-bright\/","og_site_name":"Ledsolintel","article_publisher":"http:\/\/www.facebook.com\/webmenaje","article_modified_time":"2026-01-08T12:59:21+00:00","og_image":[{"url":"https:\/\/ledsolintel.com\/wp-content\/uploads\/2024\/05\/29108-1801490-BALIZA-SENALIZACION-EMERGENCIA-V16-F-BRIGHT.jpg","width":1,"height":1,"type":"image\/jpeg"}],"twitter_card":"summary_large_image","twitter_site":"@webmenaje","schema":{"@context":"https:\/\/schema.org","@graph":[{"@type":"WebPage","@id":"https:\/\/ledsolintel.com\/product\/1801490-baliza-senalizacion-emergencia-v16-f-bright\/","url":"https:\/\/ledsolintel.com\/product\/1801490-baliza-senalizacion-emergencia-v16-f-bright\/","name":"1801490 SIGNALISATION D'URGENCE Balise V16 F-BRIGHT - Ledsolintel","isPartOf":{"@id":"https:\/\/ledsolintel.com\/#website"},"primaryImageOfPage":{"@id":"https:\/\/ledsolintel.com\/product\/1801490-baliza-senalizacion-emergencia-v16-f-bright\/#primaryimage"},"image":{"@id":"https:\/\/ledsolintel.com\/product\/1801490-baliza-senalizacion-emergencia-v16-f-bright\/#primaryimage"},"thumbnailUrl":"https:\/\/ledsolintel.com\/wp-content\/uploads\/2024\/05\/29108-1801490-BALIZA-SENALIZACION-EMERGENCIA-V16-F-BRIGHT.jpg","datePublished":"2024-05-23T10:01:54+00:00","dateModified":"2026-01-08T12:59:21+00:00","breadcrumb":{"@id":"https:\/\/ledsolintel.com\/product\/1801490-baliza-senalizacion-emergencia-v16-f-bright\/#breadcrumb"},"inLanguage":"fr-FR","potentialAction":[{"@type":"ReadAction","target":["https:\/\/ledsolintel.com\/product\/1801490-baliza-senalizacion-emergencia-v16-f-bright\/"]}]},{"@type":"ImageObject","inLanguage":"fr-FR","@id":"https:\/\/ledsolintel.com\/product\/1801490-baliza-senalizacion-emergencia-v16-f-bright\/#primaryimage","url":"https:\/\/ledsolintel.com\/wp-content\/uploads\/2024\/05\/29108-1801490-BALIZA-SENALIZACION-EMERGENCIA-V16-F-BRIGHT.jpg","contentUrl":"https:\/\/ledsolintel.com\/wp-content\/uploads\/2024\/05\/29108-1801490-BALIZA-SENALIZACION-EMERGENCIA-V16-F-BRIGHT.jpg","caption":"1801490 BALIZA SE\u00d1ALIZACION EMERGENCIA V16 F-BRIGHT"},{"@type":"BreadcrumbList","@id":"https:\/\/ledsolintel.com\/product\/1801490-baliza-senalizacion-emergencia-v16-f-bright\/#breadcrumb","itemListElement":[{"@type":"ListItem","position":1,"name":"Portada","item":"https:\/\/ledsolintel.com\/fr\/"},{"@type":"ListItem","position":2,"name":"Tienda","item":"https:\/\/ledsolintel.com\/tienda\/"},{"@type":"ListItem","position":3,"name":"1801490 BALIZA SE\u00d1ALIZACION EMERGENCIA V16 F-BRIGHT"}]},{"@type":"WebSite","@id":"https:\/\/ledsolintel.com\/#website","url":"https:\/\/ledsolintel.com\/","name":"Webmenaje","description":"Magasin d'ampoules et de lampes LED pour les professionnels","publisher":{"@id":"https:\/\/ledsolintel.com\/#organization"},"potentialAction":[{"@type":"SearchAction","target":{"@type":"EntryPoint","urlTemplate":"https:\/\/ledsolintel.com\/?s={search_term_string}"},"query-input":{"@type":"PropertyValueSpecification","valueRequired":true,"valueName":"search_term_string"}}],"inLanguage":"fr-FR"},{"@type":"Organization","@id":"https:\/\/ledsolintel.com\/#organization","name":"Solintel Noroeste, S.L.","url":"https:\/\/ledsolintel.com\/","logo":{"@type":"ImageObject","inLanguage":"fr-FR","@id":"https:\/\/ledsolintel.com\/#\/schema\/logo\/image\/","url":"https:\/\/ledsolintel.com\/wp-content\/uploads\/2024\/11\/webmenaje-logo-1508269066.jpg","contentUrl":"https:\/\/ledsolintel.com\/wp-content\/uploads\/2024\/11\/webmenaje-logo-1508269066.jpg","width":370,"height":90,"caption":"Solintel Noroeste, S.L."},"image":{"@id":"https:\/\/ledsolintel.com\/#\/schema\/logo\/image\/"},"sameAs":["http:\/\/www.facebook.com\/webmenaje","https:\/\/x.com\/webmenaje","https:\/\/www.youtube.com\/channel\/UCX2KoVoeCG4LocZjUc6LmSQ","http:\/\/www.pinterest.com\/webmenaje"]}]}},"_links":{"self":[{"href":"https:\/\/ledsolintel.com\/fr\/wp-json\/wp\/v2\/product\/253761","targetHints":{"allow":["GET"]}}],"collection":[{"href":"https:\/\/ledsolintel.com\/fr\/wp-json\/wp\/v2\/product"}],"about":[{"href":"https:\/\/ledsolintel.com\/fr\/wp-json\/wp\/v2\/types\/product"}],"version-history":[{"count":1,"href":"https:\/\/ledsolintel.com\/fr\/wp-json\/wp\/v2\/product\/253761\/revisions"}],"predecessor-version":[{"id":269696,"href":"https:\/\/ledsolintel.com\/fr\/wp-json\/wp\/v2\/product\/253761\/revisions\/269696"}],"wp:featuredmedia":[{"embeddable":true,"href":"https:\/\/ledsolintel.com\/fr\/wp-json\/wp\/v2\/media\/253759"}],"wp:attachment":[{"href":"https:\/\/ledsolintel.com\/fr\/wp-json\/wp\/v2\/media?parent=253761"}],"wp:term":[{"taxonomy":"product_brand","embeddable":true,"href":"https:\/\/ledsolintel.com\/fr\/wp-json\/wp\/v2\/product_brand?post=253761"},{"taxonomy":"product_cat","embeddable":true,"href":"https:\/\/ledsolintel.com\/fr\/wp-json\/wp\/v2\/product_cat?post=253761"},{"taxonomy":"product_tag","embeddable":true,"href":"https:\/\/ledsolintel.com\/fr\/wp-json\/wp\/v2\/product_tag?post=253761"}],"curies":[{"name":"wp","href":"https:\/\/api.w.org\/{rel}","templated":true}]}}