{"id":253722,"date":"2024-05-23T12:01:54","date_gmt":"2024-05-23T10:01:54","guid":{"rendered":"https:\/\/nueva.ledsolintel.com\/product\/st143-linterna-led-recargable-20w-2000lm-con-funda-velamp\/"},"modified":"2024-05-23T12:01:54","modified_gmt":"2024-05-23T10:01:54","slug":"st143-torche-led-rechargeable-20w-2000lm-avec-velamp-sleeve","status":"publish","type":"product","link":"https:\/\/ledsolintel.com\/fr\/produit-2\/st143-torche-led-rechargeable-20w-2000lm-avec-velamp-sleeve\/","title":{"rendered":"ST143 Lampe LED RECHARGEABLE 20W 2000Lm AVEC COFFRET VELAMP"},"content":{"rendered":"<p>4 types d'\u00e9clairage : 40% light, 15% light, 3% light, 100% turbo et strobe. Rechargeable : jusqu'\u00e0 11 heures d'autonomie. \u00c9quip\u00e9e d'une batterie lithium-ion 4000mAh 21700. Fabriqu\u00e9e en aluminium de qualit\u00e9 A ultra-l\u00e9ger et durable. I<\/p>","protected":false},"excerpt":{"rendered":"<p>4 types d'\u00e9clairage : 40% light, 15% light, 3% light, 100% turbo et strobe. Rechargeable : jusqu'\u00e0 11 heures d'autonomie. \u00c9quip\u00e9e d'une batterie lithium-ion 4000mAh 21700. Fabriqu\u00e9e en aluminium de qualit\u00e9 A ultra-l\u00e9ger et durable. I<\/p>","protected":false},"featured_media":253717,"template":"","meta":[],"product_brand":[99485],"product_cat":[99619,100155,99787,99601],"product_tag":[],"class_list":{"0":"post-253722","1":"product","2":"type-product","3":"status-publish","4":"has-post-thumbnail","6":"product_brand-velamp","7":"product_cat-linternas","8":"product_cat-linternas-de-mano","9":"product_cat-profesionales-y-tiempo-libre","10":"product_cat-gyemo","13":"outofstock","14":"taxable","15":"shipping-taxable","16":"purchasable","17":"product-type-simple"},"yoast_head":"<!-- This site is optimized with the Yoast SEO plugin v26.6 - https:\/\/yoast.com\/wordpress\/plugins\/seo\/ -->\n<title>ST143 LINTERNA LED RECARGABLE 20W 2000Lm CON FUNDA VELAMP - Ledsolintel<\/title>\n<meta name=\"robots\" content=\"index, follow, max-snippet:-1, max-image-preview:large, max-video-preview:-1\" \/>\n<link rel=\"canonical\" href=\"https:\/\/ledsolintel.com\/fr\/produit-2\/st143-torche-led-rechargeable-20w-2000lm-avec-velamp-sleeve\/\" \/>\n<meta property=\"og:locale\" content=\"fr_FR\" \/>\n<meta property=\"og:type\" content=\"article\" \/>\n<meta property=\"og:title\" content=\"ST143 LINTERNA LED RECARGABLE 20W 2000Lm CON FUNDA VELAMP - Ledsolintel\" \/>\n<meta property=\"og:description\" content=\"4 tipos de iluminaci\u00f3n: 40% de luz, 15% de luz, 3% de luz, 100% turbo y estrobosc\u00f3pico. Recargable: hasta 11 horas de duraci\u00f3n de la bater\u00eda. Equipado con bater\u00eda de iones de litio 4000mAh 21700. Fabricado con aluminio de grado A ultraligero y duradero. I\" \/>\n<meta property=\"og:url\" content=\"https:\/\/ledsolintel.com\/fr\/produit-2\/st143-torche-led-rechargeable-20w-2000lm-avec-velamp-sleeve\/\" \/>\n<meta property=\"og:site_name\" content=\"Ledsolintel\" \/>\n<meta property=\"article:publisher\" content=\"http:\/\/www.facebook.com\/webmenaje\" \/>\n<meta property=\"og:image\" content=\"https:\/\/ledsolintel.com\/wp-content\/uploads\/2024\/05\/29076-ST143-LINTERNA-LED-RECARGABLE-20W-2000Lm-CON-FUNDA-VELAMP.jpg\" \/>\n\t<meta property=\"og:image:width\" content=\"1\" \/>\n\t<meta property=\"og:image:height\" content=\"1\" \/>\n\t<meta property=\"og:image:type\" content=\"image\/jpeg\" \/>\n<meta name=\"twitter:card\" content=\"summary_large_image\" \/>\n<meta name=\"twitter:site\" content=\"@webmenaje\" \/>\n<script type=\"application\/ld+json\" class=\"yoast-schema-graph\">{\"@context\":\"https:\/\/schema.org\",\"@graph\":[{\"@type\":\"WebPage\",\"@id\":\"https:\/\/ledsolintel.com\/product\/st143-linterna-led-recargable-20w-2000lm-con-funda-velamp\/\",\"url\":\"https:\/\/ledsolintel.com\/product\/st143-linterna-led-recargable-20w-2000lm-con-funda-velamp\/\",\"name\":\"ST143 LINTERNA LED RECARGABLE 20W 2000Lm CON FUNDA VELAMP - Ledsolintel\",\"isPartOf\":{\"@id\":\"https:\/\/ledsolintel.com\/#website\"},\"primaryImageOfPage\":{\"@id\":\"https:\/\/ledsolintel.com\/product\/st143-linterna-led-recargable-20w-2000lm-con-funda-velamp\/#primaryimage\"},\"image\":{\"@id\":\"https:\/\/ledsolintel.com\/product\/st143-linterna-led-recargable-20w-2000lm-con-funda-velamp\/#primaryimage\"},\"thumbnailUrl\":\"https:\/\/ledsolintel.com\/wp-content\/uploads\/2024\/05\/29076-ST143-LINTERNA-LED-RECARGABLE-20W-2000Lm-CON-FUNDA-VELAMP.jpg\",\"datePublished\":\"2024-05-23T10:01:54+00:00\",\"breadcrumb\":{\"@id\":\"https:\/\/ledsolintel.com\/product\/st143-linterna-led-recargable-20w-2000lm-con-funda-velamp\/#breadcrumb\"},\"inLanguage\":\"fr-FR\",\"potentialAction\":[{\"@type\":\"ReadAction\",\"target\":[\"https:\/\/ledsolintel.com\/product\/st143-linterna-led-recargable-20w-2000lm-con-funda-velamp\/\"]}]},{\"@type\":\"ImageObject\",\"inLanguage\":\"fr-FR\",\"@id\":\"https:\/\/ledsolintel.com\/product\/st143-linterna-led-recargable-20w-2000lm-con-funda-velamp\/#primaryimage\",\"url\":\"https:\/\/ledsolintel.com\/wp-content\/uploads\/2024\/05\/29076-ST143-LINTERNA-LED-RECARGABLE-20W-2000Lm-CON-FUNDA-VELAMP.jpg\",\"contentUrl\":\"https:\/\/ledsolintel.com\/wp-content\/uploads\/2024\/05\/29076-ST143-LINTERNA-LED-RECARGABLE-20W-2000Lm-CON-FUNDA-VELAMP.jpg\",\"caption\":\"ST143 LINTERNA LED RECARGABLE 20W 2000Lm CON FUNDA VELAMP\"},{\"@type\":\"BreadcrumbList\",\"@id\":\"https:\/\/ledsolintel.com\/product\/st143-linterna-led-recargable-20w-2000lm-con-funda-velamp\/#breadcrumb\",\"itemListElement\":[{\"@type\":\"ListItem\",\"position\":1,\"name\":\"Portada\",\"item\":\"https:\/\/ledsolintel.com\/fr\/\"},{\"@type\":\"ListItem\",\"position\":2,\"name\":\"Tienda\",\"item\":\"https:\/\/ledsolintel.com\/tienda\/\"},{\"@type\":\"ListItem\",\"position\":3,\"name\":\"ST143 LINTERNA LED RECARGABLE 20W 2000Lm CON FUNDA VELAMP\"}]},{\"@type\":\"WebSite\",\"@id\":\"https:\/\/ledsolintel.com\/#website\",\"url\":\"https:\/\/ledsolintel.com\/\",\"name\":\"Webmenaje\",\"description\":\"Tienda de bombillas y l\u00e1mparas LED para profesionales\",\"publisher\":{\"@id\":\"https:\/\/ledsolintel.com\/#organization\"},\"potentialAction\":[{\"@type\":\"SearchAction\",\"target\":{\"@type\":\"EntryPoint\",\"urlTemplate\":\"https:\/\/ledsolintel.com\/?s={search_term_string}\"},\"query-input\":{\"@type\":\"PropertyValueSpecification\",\"valueRequired\":true,\"valueName\":\"search_term_string\"}}],\"inLanguage\":\"fr-FR\"},{\"@type\":\"Organization\",\"@id\":\"https:\/\/ledsolintel.com\/#organization\",\"name\":\"Solintel Noroeste, S.L.\",\"url\":\"https:\/\/ledsolintel.com\/\",\"logo\":{\"@type\":\"ImageObject\",\"inLanguage\":\"fr-FR\",\"@id\":\"https:\/\/ledsolintel.com\/#\/schema\/logo\/image\/\",\"url\":\"https:\/\/ledsolintel.com\/wp-content\/uploads\/2024\/11\/webmenaje-logo-1508269066.jpg\",\"contentUrl\":\"https:\/\/ledsolintel.com\/wp-content\/uploads\/2024\/11\/webmenaje-logo-1508269066.jpg\",\"width\":370,\"height\":90,\"caption\":\"Solintel Noroeste, S.L.\"},\"image\":{\"@id\":\"https:\/\/ledsolintel.com\/#\/schema\/logo\/image\/\"},\"sameAs\":[\"http:\/\/www.facebook.com\/webmenaje\",\"https:\/\/x.com\/webmenaje\",\"https:\/\/www.youtube.com\/channel\/UCX2KoVoeCG4LocZjUc6LmSQ\",\"http:\/\/www.pinterest.com\/webmenaje\"]}]}<\/script>\n<!-- \/ Yoast SEO plugin. -->","yoast_head_json":{"title":"ST143 LAMPE A LED RECHARGEABLE 20W 2000Lm AVEC BOITIER DE LAMPE - Ledsolintel","robots":{"index":"index","follow":"follow","max-snippet":"max-snippet:-1","max-image-preview":"max-image-preview:large","max-video-preview":"max-video-preview:-1"},"canonical":"https:\/\/ledsolintel.com\/fr\/produit-2\/st143-torche-led-rechargeable-20w-2000lm-avec-velamp-sleeve\/","og_locale":"fr_FR","og_type":"article","og_title":"ST143 LINTERNA LED RECARGABLE 20W 2000Lm CON FUNDA VELAMP - Ledsolintel","og_description":"4 tipos de iluminaci\u00f3n: 40% de luz, 15% de luz, 3% de luz, 100% turbo y estrobosc\u00f3pico. Recargable: hasta 11 horas de duraci\u00f3n de la bater\u00eda. Equipado con bater\u00eda de iones de litio 4000mAh 21700. Fabricado con aluminio de grado A ultraligero y duradero. I","og_url":"https:\/\/ledsolintel.com\/fr\/produit-2\/st143-torche-led-rechargeable-20w-2000lm-avec-velamp-sleeve\/","og_site_name":"Ledsolintel","article_publisher":"http:\/\/www.facebook.com\/webmenaje","og_image":[{"url":"https:\/\/ledsolintel.com\/wp-content\/uploads\/2024\/05\/29076-ST143-LINTERNA-LED-RECARGABLE-20W-2000Lm-CON-FUNDA-VELAMP.jpg","width":1,"height":1,"type":"image\/jpeg"}],"twitter_card":"summary_large_image","twitter_site":"@webmenaje","schema":{"@context":"https:\/\/schema.org","@graph":[{"@type":"WebPage","@id":"https:\/\/ledsolintel.com\/product\/st143-linterna-led-recargable-20w-2000lm-con-funda-velamp\/","url":"https:\/\/ledsolintel.com\/product\/st143-linterna-led-recargable-20w-2000lm-con-funda-velamp\/","name":"ST143 LAMPE A LED RECHARGEABLE 20W 2000Lm AVEC BOITIER DE LAMPE - Ledsolintel","isPartOf":{"@id":"https:\/\/ledsolintel.com\/#website"},"primaryImageOfPage":{"@id":"https:\/\/ledsolintel.com\/product\/st143-linterna-led-recargable-20w-2000lm-con-funda-velamp\/#primaryimage"},"image":{"@id":"https:\/\/ledsolintel.com\/product\/st143-linterna-led-recargable-20w-2000lm-con-funda-velamp\/#primaryimage"},"thumbnailUrl":"https:\/\/ledsolintel.com\/wp-content\/uploads\/2024\/05\/29076-ST143-LINTERNA-LED-RECARGABLE-20W-2000Lm-CON-FUNDA-VELAMP.jpg","datePublished":"2024-05-23T10:01:54+00:00","breadcrumb":{"@id":"https:\/\/ledsolintel.com\/product\/st143-linterna-led-recargable-20w-2000lm-con-funda-velamp\/#breadcrumb"},"inLanguage":"fr-FR","potentialAction":[{"@type":"ReadAction","target":["https:\/\/ledsolintel.com\/product\/st143-linterna-led-recargable-20w-2000lm-con-funda-velamp\/"]}]},{"@type":"ImageObject","inLanguage":"fr-FR","@id":"https:\/\/ledsolintel.com\/product\/st143-linterna-led-recargable-20w-2000lm-con-funda-velamp\/#primaryimage","url":"https:\/\/ledsolintel.com\/wp-content\/uploads\/2024\/05\/29076-ST143-LINTERNA-LED-RECARGABLE-20W-2000Lm-CON-FUNDA-VELAMP.jpg","contentUrl":"https:\/\/ledsolintel.com\/wp-content\/uploads\/2024\/05\/29076-ST143-LINTERNA-LED-RECARGABLE-20W-2000Lm-CON-FUNDA-VELAMP.jpg","caption":"ST143 LINTERNA LED RECARGABLE 20W 2000Lm CON FUNDA VELAMP"},{"@type":"BreadcrumbList","@id":"https:\/\/ledsolintel.com\/product\/st143-linterna-led-recargable-20w-2000lm-con-funda-velamp\/#breadcrumb","itemListElement":[{"@type":"ListItem","position":1,"name":"Portada","item":"https:\/\/ledsolintel.com\/fr\/"},{"@type":"ListItem","position":2,"name":"Tienda","item":"https:\/\/ledsolintel.com\/tienda\/"},{"@type":"ListItem","position":3,"name":"ST143 LINTERNA LED RECARGABLE 20W 2000Lm CON FUNDA VELAMP"}]},{"@type":"WebSite","@id":"https:\/\/ledsolintel.com\/#website","url":"https:\/\/ledsolintel.com\/","name":"Webmenaje","description":"Magasin d'ampoules et de lampes LED pour les professionnels","publisher":{"@id":"https:\/\/ledsolintel.com\/#organization"},"potentialAction":[{"@type":"SearchAction","target":{"@type":"EntryPoint","urlTemplate":"https:\/\/ledsolintel.com\/?s={search_term_string}"},"query-input":{"@type":"PropertyValueSpecification","valueRequired":true,"valueName":"search_term_string"}}],"inLanguage":"fr-FR"},{"@type":"Organization","@id":"https:\/\/ledsolintel.com\/#organization","name":"Solintel Noroeste, S.L.","url":"https:\/\/ledsolintel.com\/","logo":{"@type":"ImageObject","inLanguage":"fr-FR","@id":"https:\/\/ledsolintel.com\/#\/schema\/logo\/image\/","url":"https:\/\/ledsolintel.com\/wp-content\/uploads\/2024\/11\/webmenaje-logo-1508269066.jpg","contentUrl":"https:\/\/ledsolintel.com\/wp-content\/uploads\/2024\/11\/webmenaje-logo-1508269066.jpg","width":370,"height":90,"caption":"Solintel Noroeste, S.L."},"image":{"@id":"https:\/\/ledsolintel.com\/#\/schema\/logo\/image\/"},"sameAs":["http:\/\/www.facebook.com\/webmenaje","https:\/\/x.com\/webmenaje","https:\/\/www.youtube.com\/channel\/UCX2KoVoeCG4LocZjUc6LmSQ","http:\/\/www.pinterest.com\/webmenaje"]}]}},"_links":{"self":[{"href":"https:\/\/ledsolintel.com\/fr\/wp-json\/wp\/v2\/product\/253722","targetHints":{"allow":["GET"]}}],"collection":[{"href":"https:\/\/ledsolintel.com\/fr\/wp-json\/wp\/v2\/product"}],"about":[{"href":"https:\/\/ledsolintel.com\/fr\/wp-json\/wp\/v2\/types\/product"}],"version-history":[{"count":0,"href":"https:\/\/ledsolintel.com\/fr\/wp-json\/wp\/v2\/product\/253722\/revisions"}],"wp:featuredmedia":[{"embeddable":true,"href":"https:\/\/ledsolintel.com\/fr\/wp-json\/wp\/v2\/media\/253717"}],"wp:attachment":[{"href":"https:\/\/ledsolintel.com\/fr\/wp-json\/wp\/v2\/media?parent=253722"}],"wp:term":[{"taxonomy":"product_brand","embeddable":true,"href":"https:\/\/ledsolintel.com\/fr\/wp-json\/wp\/v2\/product_brand?post=253722"},{"taxonomy":"product_cat","embeddable":true,"href":"https:\/\/ledsolintel.com\/fr\/wp-json\/wp\/v2\/product_cat?post=253722"},{"taxonomy":"product_tag","embeddable":true,"href":"https:\/\/ledsolintel.com\/fr\/wp-json\/wp\/v2\/product_tag?post=253722"}],"curies":[{"name":"wp","href":"https:\/\/api.w.org\/{rel}","templated":true}]}}