{"id":253637,"date":"2024-05-23T12:01:54","date_gmt":"2024-05-23T10:01:54","guid":{"rendered":"https:\/\/nueva.ledsolintel.com\/product\/ir554-linterna-led-recargable-3w-icaro-velamp\/"},"modified":"2024-05-23T12:01:54","modified_gmt":"2024-05-23T10:01:54","slug":"ir554-torche-led-rechargeable-3w-icaro-velamp","status":"publish","type":"product","link":"https:\/\/ledsolintel.com\/fr\/produit-2\/ir554-torche-led-rechargeable-3w-icaro-velamp\/","title":{"rendered":"IR554 TORCHE LED RECHARGEABLE 3W ICARO VELAMP"},"content":{"rendered":"<p>Id\u00e9al pour un usage professionnel (\u00e9lectriciens, plombiers, industries...) ou domestique (voiture, maison, camping...) Corps en ABS robuste, \u00e9tanche et r\u00e9sistant aux chocs. Avec batterie int\u00e9gr\u00e9e et chargeurs pour la maison et la voiture. Rechargeable en 230V ou 12V. Temps de recharge<\/p>","protected":false},"excerpt":{"rendered":"<p>Ideal para uso profesional (electricistas, fontaneros, industrias &#8230;) o dom\u00e9stico (auto, casa, camping &#8230;) Cuerpo de ABS resistente, a prueba de agua y golpes. Con bater\u00eda integrada Incluye cargadores de casa y coche. Recargable 230V o 12V. Tiempo de r<\/p>","protected":false},"featured_media":253636,"template":"","meta":[],"product_brand":[99485],"product_cat":[99619,100161,99787,99601],"product_tag":[],"class_list":{"0":"post-253637","1":"product","2":"type-product","3":"status-publish","4":"has-post-thumbnail","6":"product_brand-velamp","7":"product_cat-linternas","8":"product_cat-linternas-de-canon","9":"product_cat-profesionales-y-tiempo-libre","10":"product_cat-gyemo","13":"instock","14":"taxable","15":"shipping-taxable","16":"purchasable","17":"product-type-simple"},"yoast_head":"<!-- This site is optimized with the Yoast SEO plugin v26.6 - https:\/\/yoast.com\/wordpress\/plugins\/seo\/ -->\n<title>IR554 LINTERNA LED RECARGABLE 3W ICARO VELAMP - Ledsolintel<\/title>\n<meta name=\"robots\" content=\"index, follow, max-snippet:-1, max-image-preview:large, max-video-preview:-1\" \/>\n<link rel=\"canonical\" href=\"https:\/\/ledsolintel.com\/fr\/produit-2\/ir554-torche-led-rechargeable-3w-icaro-velamp\/\" \/>\n<meta property=\"og:locale\" content=\"fr_FR\" \/>\n<meta property=\"og:type\" content=\"article\" \/>\n<meta property=\"og:title\" content=\"IR554 LINTERNA LED RECARGABLE 3W ICARO VELAMP - Ledsolintel\" \/>\n<meta property=\"og:description\" content=\"Ideal para uso profesional (electricistas, fontaneros, industrias &#8230;) o dom\u00e9stico (auto, casa, camping &#8230;) Cuerpo de ABS resistente, a prueba de agua y golpes. Con bater\u00eda integrada Incluye cargadores de casa y coche. Recargable 230V o 12V. Tiempo de r\" \/>\n<meta property=\"og:url\" content=\"https:\/\/ledsolintel.com\/fr\/produit-2\/ir554-torche-led-rechargeable-3w-icaro-velamp\/\" \/>\n<meta property=\"og:site_name\" content=\"Ledsolintel\" \/>\n<meta property=\"article:publisher\" content=\"http:\/\/www.facebook.com\/webmenaje\" \/>\n<meta property=\"og:image\" content=\"https:\/\/ledsolintel.com\/wp-content\/uploads\/2024\/05\/29012-IR554-LINTERNA-LED-RECARGABLE-3W-ICARO-VELAMP.jpg\" \/>\n\t<meta property=\"og:image:width\" content=\"1\" \/>\n\t<meta property=\"og:image:height\" content=\"1\" \/>\n\t<meta property=\"og:image:type\" content=\"image\/jpeg\" \/>\n<meta name=\"twitter:card\" content=\"summary_large_image\" \/>\n<meta name=\"twitter:site\" content=\"@webmenaje\" \/>\n<script type=\"application\/ld+json\" class=\"yoast-schema-graph\">{\"@context\":\"https:\/\/schema.org\",\"@graph\":[{\"@type\":\"WebPage\",\"@id\":\"https:\/\/ledsolintel.com\/product\/ir554-linterna-led-recargable-3w-icaro-velamp\/\",\"url\":\"https:\/\/ledsolintel.com\/product\/ir554-linterna-led-recargable-3w-icaro-velamp\/\",\"name\":\"IR554 LINTERNA LED RECARGABLE 3W ICARO VELAMP - Ledsolintel\",\"isPartOf\":{\"@id\":\"https:\/\/ledsolintel.com\/#website\"},\"primaryImageOfPage\":{\"@id\":\"https:\/\/ledsolintel.com\/product\/ir554-linterna-led-recargable-3w-icaro-velamp\/#primaryimage\"},\"image\":{\"@id\":\"https:\/\/ledsolintel.com\/product\/ir554-linterna-led-recargable-3w-icaro-velamp\/#primaryimage\"},\"thumbnailUrl\":\"https:\/\/ledsolintel.com\/wp-content\/uploads\/2024\/05\/29012-IR554-LINTERNA-LED-RECARGABLE-3W-ICARO-VELAMP.jpg\",\"datePublished\":\"2024-05-23T10:01:54+00:00\",\"breadcrumb\":{\"@id\":\"https:\/\/ledsolintel.com\/product\/ir554-linterna-led-recargable-3w-icaro-velamp\/#breadcrumb\"},\"inLanguage\":\"fr-FR\",\"potentialAction\":[{\"@type\":\"ReadAction\",\"target\":[\"https:\/\/ledsolintel.com\/product\/ir554-linterna-led-recargable-3w-icaro-velamp\/\"]}]},{\"@type\":\"ImageObject\",\"inLanguage\":\"fr-FR\",\"@id\":\"https:\/\/ledsolintel.com\/product\/ir554-linterna-led-recargable-3w-icaro-velamp\/#primaryimage\",\"url\":\"https:\/\/ledsolintel.com\/wp-content\/uploads\/2024\/05\/29012-IR554-LINTERNA-LED-RECARGABLE-3W-ICARO-VELAMP.jpg\",\"contentUrl\":\"https:\/\/ledsolintel.com\/wp-content\/uploads\/2024\/05\/29012-IR554-LINTERNA-LED-RECARGABLE-3W-ICARO-VELAMP.jpg\",\"caption\":\"IR554 LINTERNA LED RECARGABLE 3W ICARO VELAMP\"},{\"@type\":\"BreadcrumbList\",\"@id\":\"https:\/\/ledsolintel.com\/product\/ir554-linterna-led-recargable-3w-icaro-velamp\/#breadcrumb\",\"itemListElement\":[{\"@type\":\"ListItem\",\"position\":1,\"name\":\"Portada\",\"item\":\"https:\/\/ledsolintel.com\/fr\/\"},{\"@type\":\"ListItem\",\"position\":2,\"name\":\"Tienda\",\"item\":\"https:\/\/ledsolintel.com\/tienda\/\"},{\"@type\":\"ListItem\",\"position\":3,\"name\":\"IR554 LINTERNA LED RECARGABLE 3W ICARO VELAMP\"}]},{\"@type\":\"WebSite\",\"@id\":\"https:\/\/ledsolintel.com\/#website\",\"url\":\"https:\/\/ledsolintel.com\/\",\"name\":\"Webmenaje\",\"description\":\"Tienda de bombillas y l\u00e1mparas LED para profesionales\",\"publisher\":{\"@id\":\"https:\/\/ledsolintel.com\/#organization\"},\"potentialAction\":[{\"@type\":\"SearchAction\",\"target\":{\"@type\":\"EntryPoint\",\"urlTemplate\":\"https:\/\/ledsolintel.com\/?s={search_term_string}\"},\"query-input\":{\"@type\":\"PropertyValueSpecification\",\"valueRequired\":true,\"valueName\":\"search_term_string\"}}],\"inLanguage\":\"fr-FR\"},{\"@type\":\"Organization\",\"@id\":\"https:\/\/ledsolintel.com\/#organization\",\"name\":\"Solintel Noroeste, S.L.\",\"url\":\"https:\/\/ledsolintel.com\/\",\"logo\":{\"@type\":\"ImageObject\",\"inLanguage\":\"fr-FR\",\"@id\":\"https:\/\/ledsolintel.com\/#\/schema\/logo\/image\/\",\"url\":\"https:\/\/ledsolintel.com\/wp-content\/uploads\/2024\/11\/webmenaje-logo-1508269066.jpg\",\"contentUrl\":\"https:\/\/ledsolintel.com\/wp-content\/uploads\/2024\/11\/webmenaje-logo-1508269066.jpg\",\"width\":370,\"height\":90,\"caption\":\"Solintel Noroeste, S.L.\"},\"image\":{\"@id\":\"https:\/\/ledsolintel.com\/#\/schema\/logo\/image\/\"},\"sameAs\":[\"http:\/\/www.facebook.com\/webmenaje\",\"https:\/\/x.com\/webmenaje\",\"https:\/\/www.youtube.com\/channel\/UCX2KoVoeCG4LocZjUc6LmSQ\",\"http:\/\/www.pinterest.com\/webmenaje\"]}]}<\/script>\n<!-- \/ Yoast SEO plugin. -->","yoast_head_json":{"title":"IR554 ICARO VELAMP 3W RECHARGEABLE LED LAMP - Ledsolintel","robots":{"index":"index","follow":"follow","max-snippet":"max-snippet:-1","max-image-preview":"max-image-preview:large","max-video-preview":"max-video-preview:-1"},"canonical":"https:\/\/ledsolintel.com\/fr\/produit-2\/ir554-torche-led-rechargeable-3w-icaro-velamp\/","og_locale":"fr_FR","og_type":"article","og_title":"IR554 LINTERNA LED RECARGABLE 3W ICARO VELAMP - Ledsolintel","og_description":"Ideal para uso profesional (electricistas, fontaneros, industrias &#8230;) o dom\u00e9stico (auto, casa, camping &#8230;) Cuerpo de ABS resistente, a prueba de agua y golpes. Con bater\u00eda integrada Incluye cargadores de casa y coche. Recargable 230V o 12V. Tiempo de r","og_url":"https:\/\/ledsolintel.com\/fr\/produit-2\/ir554-torche-led-rechargeable-3w-icaro-velamp\/","og_site_name":"Ledsolintel","article_publisher":"http:\/\/www.facebook.com\/webmenaje","og_image":[{"url":"https:\/\/ledsolintel.com\/wp-content\/uploads\/2024\/05\/29012-IR554-LINTERNA-LED-RECARGABLE-3W-ICARO-VELAMP.jpg","width":1,"height":1,"type":"image\/jpeg"}],"twitter_card":"summary_large_image","twitter_site":"@webmenaje","schema":{"@context":"https:\/\/schema.org","@graph":[{"@type":"WebPage","@id":"https:\/\/ledsolintel.com\/product\/ir554-linterna-led-recargable-3w-icaro-velamp\/","url":"https:\/\/ledsolintel.com\/product\/ir554-linterna-led-recargable-3w-icaro-velamp\/","name":"IR554 ICARO VELAMP 3W RECHARGEABLE LED LAMP - Ledsolintel","isPartOf":{"@id":"https:\/\/ledsolintel.com\/#website"},"primaryImageOfPage":{"@id":"https:\/\/ledsolintel.com\/product\/ir554-linterna-led-recargable-3w-icaro-velamp\/#primaryimage"},"image":{"@id":"https:\/\/ledsolintel.com\/product\/ir554-linterna-led-recargable-3w-icaro-velamp\/#primaryimage"},"thumbnailUrl":"https:\/\/ledsolintel.com\/wp-content\/uploads\/2024\/05\/29012-IR554-LINTERNA-LED-RECARGABLE-3W-ICARO-VELAMP.jpg","datePublished":"2024-05-23T10:01:54+00:00","breadcrumb":{"@id":"https:\/\/ledsolintel.com\/product\/ir554-linterna-led-recargable-3w-icaro-velamp\/#breadcrumb"},"inLanguage":"fr-FR","potentialAction":[{"@type":"ReadAction","target":["https:\/\/ledsolintel.com\/product\/ir554-linterna-led-recargable-3w-icaro-velamp\/"]}]},{"@type":"ImageObject","inLanguage":"fr-FR","@id":"https:\/\/ledsolintel.com\/product\/ir554-linterna-led-recargable-3w-icaro-velamp\/#primaryimage","url":"https:\/\/ledsolintel.com\/wp-content\/uploads\/2024\/05\/29012-IR554-LINTERNA-LED-RECARGABLE-3W-ICARO-VELAMP.jpg","contentUrl":"https:\/\/ledsolintel.com\/wp-content\/uploads\/2024\/05\/29012-IR554-LINTERNA-LED-RECARGABLE-3W-ICARO-VELAMP.jpg","caption":"IR554 LINTERNA LED RECARGABLE 3W ICARO VELAMP"},{"@type":"BreadcrumbList","@id":"https:\/\/ledsolintel.com\/product\/ir554-linterna-led-recargable-3w-icaro-velamp\/#breadcrumb","itemListElement":[{"@type":"ListItem","position":1,"name":"Portada","item":"https:\/\/ledsolintel.com\/fr\/"},{"@type":"ListItem","position":2,"name":"Tienda","item":"https:\/\/ledsolintel.com\/tienda\/"},{"@type":"ListItem","position":3,"name":"IR554 LINTERNA LED RECARGABLE 3W ICARO VELAMP"}]},{"@type":"WebSite","@id":"https:\/\/ledsolintel.com\/#website","url":"https:\/\/ledsolintel.com\/","name":"Webmenaje","description":"Magasin d'ampoules et de lampes LED pour les professionnels","publisher":{"@id":"https:\/\/ledsolintel.com\/#organization"},"potentialAction":[{"@type":"SearchAction","target":{"@type":"EntryPoint","urlTemplate":"https:\/\/ledsolintel.com\/?s={search_term_string}"},"query-input":{"@type":"PropertyValueSpecification","valueRequired":true,"valueName":"search_term_string"}}],"inLanguage":"fr-FR"},{"@type":"Organization","@id":"https:\/\/ledsolintel.com\/#organization","name":"Solintel Noroeste, S.L.","url":"https:\/\/ledsolintel.com\/","logo":{"@type":"ImageObject","inLanguage":"fr-FR","@id":"https:\/\/ledsolintel.com\/#\/schema\/logo\/image\/","url":"https:\/\/ledsolintel.com\/wp-content\/uploads\/2024\/11\/webmenaje-logo-1508269066.jpg","contentUrl":"https:\/\/ledsolintel.com\/wp-content\/uploads\/2024\/11\/webmenaje-logo-1508269066.jpg","width":370,"height":90,"caption":"Solintel Noroeste, S.L."},"image":{"@id":"https:\/\/ledsolintel.com\/#\/schema\/logo\/image\/"},"sameAs":["http:\/\/www.facebook.com\/webmenaje","https:\/\/x.com\/webmenaje","https:\/\/www.youtube.com\/channel\/UCX2KoVoeCG4LocZjUc6LmSQ","http:\/\/www.pinterest.com\/webmenaje"]}]}},"_links":{"self":[{"href":"https:\/\/ledsolintel.com\/fr\/wp-json\/wp\/v2\/product\/253637","targetHints":{"allow":["GET"]}}],"collection":[{"href":"https:\/\/ledsolintel.com\/fr\/wp-json\/wp\/v2\/product"}],"about":[{"href":"https:\/\/ledsolintel.com\/fr\/wp-json\/wp\/v2\/types\/product"}],"version-history":[{"count":0,"href":"https:\/\/ledsolintel.com\/fr\/wp-json\/wp\/v2\/product\/253637\/revisions"}],"wp:featuredmedia":[{"embeddable":true,"href":"https:\/\/ledsolintel.com\/fr\/wp-json\/wp\/v2\/media\/253636"}],"wp:attachment":[{"href":"https:\/\/ledsolintel.com\/fr\/wp-json\/wp\/v2\/media?parent=253637"}],"wp:term":[{"taxonomy":"product_brand","embeddable":true,"href":"https:\/\/ledsolintel.com\/fr\/wp-json\/wp\/v2\/product_brand?post=253637"},{"taxonomy":"product_cat","embeddable":true,"href":"https:\/\/ledsolintel.com\/fr\/wp-json\/wp\/v2\/product_cat?post=253637"},{"taxonomy":"product_tag","embeddable":true,"href":"https:\/\/ledsolintel.com\/fr\/wp-json\/wp\/v2\/product_tag?post=253637"}],"curies":[{"name":"wp","href":"https:\/\/api.w.org\/{rel}","templated":true}]}}