{"id":253633,"date":"2024-05-23T12:01:54","date_gmt":"2024-05-23T10:01:54","guid":{"rendered":"https:\/\/nueva.ledsolintel.com\/product\/60383-linterna-recargable-frontal-led-5w-zoom-dh\/"},"modified":"2024-05-23T12:01:54","modified_gmt":"2024-05-23T10:01:54","slug":"60383-lampe-frontale-rechargeable-led-5w-zoom-dh","status":"publish","type":"product","link":"https:\/\/ledsolintel.com\/fr\/produit-2\/60383-lampe-frontale-rechargeable-led-5w-zoom-dh\/","title":{"rendered":"60.383 LAMPE FRONTALE RECHARGEABLE 5W ZOOM DH"},"content":{"rendered":"<p>Sangles \u00e9lastiques r\u00e9glables pour un plus grand confort. Position verticale du projecteur r\u00e9glable. Chargeur et prise de connexion \u00e0 l'int\u00e9rieur du corps. Batterie incluse. Id\u00e9al pour la chasse, la p\u00eache, la randonn\u00e9e, l'airsoft, la sp\u00e9l\u00e9ologie, le camping....<\/p>","protected":false},"excerpt":{"rendered":"<p>Sangles \u00e9lastiques r\u00e9glables pour un plus grand confort. Position verticale du projecteur r\u00e9glable. Chargeur et prise de connexion \u00e0 l'int\u00e9rieur du corps. Batterie incluse. Id\u00e9al pour la chasse, la p\u00eache, la randonn\u00e9e, l'airsoft, la sp\u00e9l\u00e9ologie, le camping....<\/p>","protected":false},"featured_media":253632,"template":"","meta":[],"product_brand":[99413],"product_cat":[99601,99619,100163,99787],"product_tag":[],"class_list":{"0":"post-253633","1":"product","2":"type-product","3":"status-publish","4":"has-post-thumbnail","6":"product_brand-electro-dh","7":"product_cat-gyemo","8":"product_cat-linternas","9":"product_cat-linternas-de-cabeza","10":"product_cat-profesionales-y-tiempo-libre","13":"instock","14":"taxable","15":"shipping-taxable","16":"purchasable","17":"product-type-simple"},"yoast_head":"<!-- This site is optimized with the Yoast SEO plugin v27.4 - https:\/\/yoast.com\/product\/yoast-seo-wordpress\/ -->\n<title>60.383 LINTERNA RECARGABLE FRONTAL LED 5W ZOOM DH - Ledsolintel<\/title>\n<meta name=\"robots\" content=\"index, follow, max-snippet:-1, max-image-preview:large, max-video-preview:-1\" \/>\n<link rel=\"canonical\" href=\"https:\/\/ledsolintel.com\/fr\/produit-2\/60383-lampe-frontale-rechargeable-led-5w-zoom-dh\/\" \/>\n<meta property=\"og:locale\" content=\"fr_FR\" \/>\n<meta property=\"og:type\" content=\"article\" \/>\n<meta property=\"og:title\" content=\"60.383 LINTERNA RECARGABLE FRONTAL LED 5W ZOOM DH - Ledsolintel\" \/>\n<meta property=\"og:description\" content=\"Tiras el\u00e1sticas ajustables para mayor confort. Regulador de posici\u00f3n vertical del foco. Cargador y Jack de conexi\u00f3n en la parte interior del cuerpo. Bater\u00eda incluida. Ideal para caza, pesca, senderismo, airsoft, espeleolog\u00eda, camping&#8230;.\" \/>\n<meta property=\"og:url\" content=\"https:\/\/ledsolintel.com\/fr\/produit-2\/60383-lampe-frontale-rechargeable-led-5w-zoom-dh\/\" \/>\n<meta property=\"og:site_name\" content=\"Ledsolintel\" \/>\n<meta property=\"article:publisher\" content=\"http:\/\/www.facebook.com\/webmenaje\" \/>\n<meta property=\"og:image\" content=\"https:\/\/ledsolintel.com\/wp-content\/uploads\/2024\/05\/29010-60.383-LINTERNA-RECARGABLE-FRONTAL-LED-5W-ZOOM-DH.jpg\" \/>\n\t<meta property=\"og:image:width\" content=\"1\" \/>\n\t<meta property=\"og:image:height\" content=\"1\" \/>\n\t<meta property=\"og:image:type\" content=\"image\/jpeg\" \/>\n<meta name=\"twitter:card\" content=\"summary_large_image\" \/>\n<meta name=\"twitter:site\" content=\"@webmenaje\" \/>\n<script type=\"application\/ld+json\" class=\"yoast-schema-graph\">{\"@context\":\"https:\\\/\\\/schema.org\",\"@graph\":[{\"@type\":\"WebPage\",\"@id\":\"https:\\\/\\\/ledsolintel.com\\\/product\\\/60383-linterna-recargable-frontal-led-5w-zoom-dh\\\/\",\"url\":\"https:\\\/\\\/ledsolintel.com\\\/product\\\/60383-linterna-recargable-frontal-led-5w-zoom-dh\\\/\",\"name\":\"60.383 LINTERNA RECARGABLE FRONTAL LED 5W ZOOM DH - Ledsolintel\",\"isPartOf\":{\"@id\":\"https:\\\/\\\/ledsolintel.com\\\/#website\"},\"primaryImageOfPage\":{\"@id\":\"https:\\\/\\\/ledsolintel.com\\\/product\\\/60383-linterna-recargable-frontal-led-5w-zoom-dh\\\/#primaryimage\"},\"image\":{\"@id\":\"https:\\\/\\\/ledsolintel.com\\\/product\\\/60383-linterna-recargable-frontal-led-5w-zoom-dh\\\/#primaryimage\"},\"thumbnailUrl\":\"https:\\\/\\\/ledsolintel.com\\\/wp-content\\\/uploads\\\/2024\\\/05\\\/29010-60.383-LINTERNA-RECARGABLE-FRONTAL-LED-5W-ZOOM-DH.jpg\",\"datePublished\":\"2024-05-23T10:01:54+00:00\",\"breadcrumb\":{\"@id\":\"https:\\\/\\\/ledsolintel.com\\\/product\\\/60383-linterna-recargable-frontal-led-5w-zoom-dh\\\/#breadcrumb\"},\"inLanguage\":\"fr-FR\",\"potentialAction\":[{\"@type\":\"ReadAction\",\"target\":[\"https:\\\/\\\/ledsolintel.com\\\/product\\\/60383-linterna-recargable-frontal-led-5w-zoom-dh\\\/\"]}]},{\"@type\":\"ImageObject\",\"inLanguage\":\"fr-FR\",\"@id\":\"https:\\\/\\\/ledsolintel.com\\\/product\\\/60383-linterna-recargable-frontal-led-5w-zoom-dh\\\/#primaryimage\",\"url\":\"https:\\\/\\\/ledsolintel.com\\\/wp-content\\\/uploads\\\/2024\\\/05\\\/29010-60.383-LINTERNA-RECARGABLE-FRONTAL-LED-5W-ZOOM-DH.jpg\",\"contentUrl\":\"https:\\\/\\\/ledsolintel.com\\\/wp-content\\\/uploads\\\/2024\\\/05\\\/29010-60.383-LINTERNA-RECARGABLE-FRONTAL-LED-5W-ZOOM-DH.jpg\",\"caption\":\"60.383 LINTERNA RECARGABLE FRONTAL LED 5W ZOOM DH\"},{\"@type\":\"BreadcrumbList\",\"@id\":\"https:\\\/\\\/ledsolintel.com\\\/product\\\/60383-linterna-recargable-frontal-led-5w-zoom-dh\\\/#breadcrumb\",\"itemListElement\":[{\"@type\":\"ListItem\",\"position\":1,\"name\":\"Portada\",\"item\":\"https:\\\/\\\/ledsolintel.com\\\/fr\\\/\"},{\"@type\":\"ListItem\",\"position\":2,\"name\":\"Tienda\",\"item\":\"https:\\\/\\\/ledsolintel.com\\\/tienda\\\/\"},{\"@type\":\"ListItem\",\"position\":3,\"name\":\"60.383 LINTERNA RECARGABLE FRONTAL LED 5W ZOOM DH\"}]},{\"@type\":\"WebSite\",\"@id\":\"https:\\\/\\\/ledsolintel.com\\\/#website\",\"url\":\"https:\\\/\\\/ledsolintel.com\\\/\",\"name\":\"Webmenaje\",\"description\":\"Tienda de bombillas y l\u00e1mparas LED para profesionales\",\"publisher\":{\"@id\":\"https:\\\/\\\/ledsolintel.com\\\/#organization\"},\"potentialAction\":[{\"@type\":\"SearchAction\",\"target\":{\"@type\":\"EntryPoint\",\"urlTemplate\":\"https:\\\/\\\/ledsolintel.com\\\/?s={search_term_string}\"},\"query-input\":{\"@type\":\"PropertyValueSpecification\",\"valueRequired\":true,\"valueName\":\"search_term_string\"}}],\"inLanguage\":\"fr-FR\"},{\"@type\":\"Organization\",\"@id\":\"https:\\\/\\\/ledsolintel.com\\\/#organization\",\"name\":\"Solintel Noroeste, S.L.\",\"url\":\"https:\\\/\\\/ledsolintel.com\\\/\",\"logo\":{\"@type\":\"ImageObject\",\"inLanguage\":\"fr-FR\",\"@id\":\"https:\\\/\\\/ledsolintel.com\\\/#\\\/schema\\\/logo\\\/image\\\/\",\"url\":\"https:\\\/\\\/ledsolintel.com\\\/wp-content\\\/uploads\\\/2024\\\/11\\\/webmenaje-logo-1508269066.jpg\",\"contentUrl\":\"https:\\\/\\\/ledsolintel.com\\\/wp-content\\\/uploads\\\/2024\\\/11\\\/webmenaje-logo-1508269066.jpg\",\"width\":370,\"height\":90,\"caption\":\"Solintel Noroeste, S.L.\"},\"image\":{\"@id\":\"https:\\\/\\\/ledsolintel.com\\\/#\\\/schema\\\/logo\\\/image\\\/\"},\"sameAs\":[\"http:\\\/\\\/www.facebook.com\\\/webmenaje\",\"https:\\\/\\\/x.com\\\/webmenaje\",\"https:\\\/\\\/www.youtube.com\\\/channel\\\/UCX2KoVoeCG4LocZjUc6LmSQ\",\"http:\\\/\\\/www.pinterest.com\\\/webmenaje\"]}]}<\/script>\n<!-- \/ Yoast SEO plugin. -->","yoast_head_json":{"title":"60.383 RECHARGEABLE HEADLIGHT LED 5W ZOOM DH - Ledsolintel","robots":{"index":"index","follow":"follow","max-snippet":"max-snippet:-1","max-image-preview":"max-image-preview:large","max-video-preview":"max-video-preview:-1"},"canonical":"https:\/\/ledsolintel.com\/fr\/produit-2\/60383-lampe-frontale-rechargeable-led-5w-zoom-dh\/","og_locale":"fr_FR","og_type":"article","og_title":"60.383 LINTERNA RECARGABLE FRONTAL LED 5W ZOOM DH - Ledsolintel","og_description":"Tiras el\u00e1sticas ajustables para mayor confort. Regulador de posici\u00f3n vertical del foco. Cargador y Jack de conexi\u00f3n en la parte interior del cuerpo. Bater\u00eda incluida. Ideal para caza, pesca, senderismo, airsoft, espeleolog\u00eda, camping&#8230;.","og_url":"https:\/\/ledsolintel.com\/fr\/produit-2\/60383-lampe-frontale-rechargeable-led-5w-zoom-dh\/","og_site_name":"Ledsolintel","article_publisher":"http:\/\/www.facebook.com\/webmenaje","og_image":[{"url":"https:\/\/ledsolintel.com\/wp-content\/uploads\/2024\/05\/29010-60.383-LINTERNA-RECARGABLE-FRONTAL-LED-5W-ZOOM-DH.jpg","width":1,"height":1,"type":"image\/jpeg"}],"twitter_card":"summary_large_image","twitter_site":"@webmenaje","schema":{"@context":"https:\/\/schema.org","@graph":[{"@type":"WebPage","@id":"https:\/\/ledsolintel.com\/product\/60383-linterna-recargable-frontal-led-5w-zoom-dh\/","url":"https:\/\/ledsolintel.com\/product\/60383-linterna-recargable-frontal-led-5w-zoom-dh\/","name":"60.383 RECHARGEABLE HEADLIGHT LED 5W ZOOM DH - Ledsolintel","isPartOf":{"@id":"https:\/\/ledsolintel.com\/#website"},"primaryImageOfPage":{"@id":"https:\/\/ledsolintel.com\/product\/60383-linterna-recargable-frontal-led-5w-zoom-dh\/#primaryimage"},"image":{"@id":"https:\/\/ledsolintel.com\/product\/60383-linterna-recargable-frontal-led-5w-zoom-dh\/#primaryimage"},"thumbnailUrl":"https:\/\/ledsolintel.com\/wp-content\/uploads\/2024\/05\/29010-60.383-LINTERNA-RECARGABLE-FRONTAL-LED-5W-ZOOM-DH.jpg","datePublished":"2024-05-23T10:01:54+00:00","breadcrumb":{"@id":"https:\/\/ledsolintel.com\/product\/60383-linterna-recargable-frontal-led-5w-zoom-dh\/#breadcrumb"},"inLanguage":"fr-FR","potentialAction":[{"@type":"ReadAction","target":["https:\/\/ledsolintel.com\/product\/60383-linterna-recargable-frontal-led-5w-zoom-dh\/"]}]},{"@type":"ImageObject","inLanguage":"fr-FR","@id":"https:\/\/ledsolintel.com\/product\/60383-linterna-recargable-frontal-led-5w-zoom-dh\/#primaryimage","url":"https:\/\/ledsolintel.com\/wp-content\/uploads\/2024\/05\/29010-60.383-LINTERNA-RECARGABLE-FRONTAL-LED-5W-ZOOM-DH.jpg","contentUrl":"https:\/\/ledsolintel.com\/wp-content\/uploads\/2024\/05\/29010-60.383-LINTERNA-RECARGABLE-FRONTAL-LED-5W-ZOOM-DH.jpg","caption":"60.383 LINTERNA RECARGABLE FRONTAL LED 5W ZOOM DH"},{"@type":"BreadcrumbList","@id":"https:\/\/ledsolintel.com\/product\/60383-linterna-recargable-frontal-led-5w-zoom-dh\/#breadcrumb","itemListElement":[{"@type":"ListItem","position":1,"name":"Portada","item":"https:\/\/ledsolintel.com\/fr\/"},{"@type":"ListItem","position":2,"name":"Tienda","item":"https:\/\/ledsolintel.com\/tienda\/"},{"@type":"ListItem","position":3,"name":"60.383 LINTERNA RECARGABLE FRONTAL LED 5W ZOOM DH"}]},{"@type":"WebSite","@id":"https:\/\/ledsolintel.com\/#website","url":"https:\/\/ledsolintel.com\/","name":"Webmenaje","description":"Magasin d'ampoules et de lampes LED pour les professionnels","publisher":{"@id":"https:\/\/ledsolintel.com\/#organization"},"potentialAction":[{"@type":"SearchAction","target":{"@type":"EntryPoint","urlTemplate":"https:\/\/ledsolintel.com\/?s={search_term_string}"},"query-input":{"@type":"PropertyValueSpecification","valueRequired":true,"valueName":"search_term_string"}}],"inLanguage":"fr-FR"},{"@type":"Organization","@id":"https:\/\/ledsolintel.com\/#organization","name":"Solintel Noroeste, S.L.","url":"https:\/\/ledsolintel.com\/","logo":{"@type":"ImageObject","inLanguage":"fr-FR","@id":"https:\/\/ledsolintel.com\/#\/schema\/logo\/image\/","url":"https:\/\/ledsolintel.com\/wp-content\/uploads\/2024\/11\/webmenaje-logo-1508269066.jpg","contentUrl":"https:\/\/ledsolintel.com\/wp-content\/uploads\/2024\/11\/webmenaje-logo-1508269066.jpg","width":370,"height":90,"caption":"Solintel Noroeste, S.L."},"image":{"@id":"https:\/\/ledsolintel.com\/#\/schema\/logo\/image\/"},"sameAs":["http:\/\/www.facebook.com\/webmenaje","https:\/\/x.com\/webmenaje","https:\/\/www.youtube.com\/channel\/UCX2KoVoeCG4LocZjUc6LmSQ","http:\/\/www.pinterest.com\/webmenaje"]}]}},"_links":{"self":[{"href":"https:\/\/ledsolintel.com\/fr\/wp-json\/wp\/v2\/product\/253633","targetHints":{"allow":["GET"]}}],"collection":[{"href":"https:\/\/ledsolintel.com\/fr\/wp-json\/wp\/v2\/product"}],"about":[{"href":"https:\/\/ledsolintel.com\/fr\/wp-json\/wp\/v2\/types\/product"}],"version-history":[{"count":0,"href":"https:\/\/ledsolintel.com\/fr\/wp-json\/wp\/v2\/product\/253633\/revisions"}],"wp:featuredmedia":[{"embeddable":true,"href":"https:\/\/ledsolintel.com\/fr\/wp-json\/wp\/v2\/media\/253632"}],"wp:attachment":[{"href":"https:\/\/ledsolintel.com\/fr\/wp-json\/wp\/v2\/media?parent=253633"}],"wp:term":[{"taxonomy":"product_brand","embeddable":true,"href":"https:\/\/ledsolintel.com\/fr\/wp-json\/wp\/v2\/product_brand?post=253633"},{"taxonomy":"product_cat","embeddable":true,"href":"https:\/\/ledsolintel.com\/fr\/wp-json\/wp\/v2\/product_cat?post=253633"},{"taxonomy":"product_tag","embeddable":true,"href":"https:\/\/ledsolintel.com\/fr\/wp-json\/wp\/v2\/product_tag?post=253633"}],"curies":[{"name":"wp","href":"https:\/\/api.w.org\/{rel}","templated":true}]}}