{"id":253606,"date":"2024-05-23T12:01:54","date_gmt":"2024-05-23T10:01:54","guid":{"rendered":"https:\/\/nueva.ledsolintel.com\/product\/60381-linterna-frontal-led-3w-con-zoom-dh\/"},"modified":"2024-05-23T12:01:54","modified_gmt":"2024-05-23T10:01:54","slug":"60381-lampe-frontale-a-led-3w-avec-zoom-dh","status":"publish","type":"product","link":"https:\/\/ledsolintel.com\/fr\/produit-2\/60381-lampe-frontale-a-led-3w-avec-zoom-dh\/","title":{"rendered":"60.381 LAMPE FRONTALE \u00c0 LED 3W AVEC ZOOM DH"},"content":{"rendered":"<p>Mat\u00e9riau en aluminium anodis\u00e9. R\u00e9sistant aux chocs et \u00e0 l'humidit\u00e9. R\u00e9sistant \u00e0 la corrosion. Sangle pour la t\u00eate ou le casque. Interrupteur prot\u00e9g\u00e9. L\u00e9g\u00e8re, portable et \u00e9conome en \u00e9nergie. Id\u00e9al pour : le camping, les voyages, l'atelier, la maison, la voiture ..... Le bo\u00eetier r\u00e9siste \u00e0<\/p>","protected":false},"excerpt":{"rendered":"<p>Mat\u00e9riau en aluminium anodis\u00e9. R\u00e9sistant aux chocs et \u00e0 l'humidit\u00e9. R\u00e9sistant \u00e0 la corrosion. Sangle pour la t\u00eate ou le casque. Interrupteur prot\u00e9g\u00e9. L\u00e9g\u00e8re, portable et \u00e9conome en \u00e9nergie. Id\u00e9al pour : le camping, les voyages, l'atelier, la maison, la voiture ..... Le bo\u00eetier r\u00e9siste \u00e0<\/p>","protected":false},"featured_media":253605,"template":"","meta":[],"product_brand":[99413],"product_cat":[99601,99619,100163,99787],"product_tag":[],"class_list":{"0":"post-253606","1":"product","2":"type-product","3":"status-publish","4":"has-post-thumbnail","6":"product_brand-electro-dh","7":"product_cat-gyemo","8":"product_cat-linternas","9":"product_cat-linternas-de-cabeza","10":"product_cat-profesionales-y-tiempo-libre","13":"instock","14":"taxable","15":"shipping-taxable","16":"purchasable","17":"product-type-simple"},"yoast_head":"<!-- This site is optimized with the Yoast SEO plugin v26.6 - https:\/\/yoast.com\/wordpress\/plugins\/seo\/ -->\n<title>60.381 LINTERNA FRONTAL LED 3W CON ZOOM DH - Ledsolintel<\/title>\n<meta name=\"robots\" content=\"index, follow, max-snippet:-1, max-image-preview:large, max-video-preview:-1\" \/>\n<link rel=\"canonical\" href=\"https:\/\/ledsolintel.com\/fr\/produit-2\/60381-lampe-frontale-a-led-3w-avec-zoom-dh\/\" \/>\n<meta property=\"og:locale\" content=\"fr_FR\" \/>\n<meta property=\"og:type\" content=\"article\" \/>\n<meta property=\"og:title\" content=\"60.381 LINTERNA FRONTAL LED 3W CON ZOOM DH - Ledsolintel\" \/>\n<meta property=\"og:description\" content=\"Material de aluminio anodizado. Resistente a golpes y humedades. Anticorrosi\u00f3n. Correa de sujeci\u00f3n para la cabeza o casco. Interruptor protegido. Ligera, port\u00e1til, y de bajo consumo. Ideal para: camping, viajes, taller, hogar, autom\u00f3vil&#8230;.. Funda resiste\" \/>\n<meta property=\"og:url\" content=\"https:\/\/ledsolintel.com\/fr\/produit-2\/60381-lampe-frontale-a-led-3w-avec-zoom-dh\/\" \/>\n<meta property=\"og:site_name\" content=\"Ledsolintel\" \/>\n<meta property=\"article:publisher\" content=\"http:\/\/www.facebook.com\/webmenaje\" \/>\n<meta property=\"og:image\" content=\"https:\/\/ledsolintel.com\/wp-content\/uploads\/2024\/05\/28982-60.381-LINTERNA-FRONTAL-LED-3W-CON-ZOOM-DH.jpg\" \/>\n\t<meta property=\"og:image:width\" content=\"1\" \/>\n\t<meta property=\"og:image:height\" content=\"1\" \/>\n\t<meta property=\"og:image:type\" content=\"image\/jpeg\" \/>\n<meta name=\"twitter:card\" content=\"summary_large_image\" \/>\n<meta name=\"twitter:site\" content=\"@webmenaje\" \/>\n<script type=\"application\/ld+json\" class=\"yoast-schema-graph\">{\"@context\":\"https:\/\/schema.org\",\"@graph\":[{\"@type\":\"WebPage\",\"@id\":\"https:\/\/ledsolintel.com\/product\/60381-linterna-frontal-led-3w-con-zoom-dh\/\",\"url\":\"https:\/\/ledsolintel.com\/product\/60381-linterna-frontal-led-3w-con-zoom-dh\/\",\"name\":\"60.381 LINTERNA FRONTAL LED 3W CON ZOOM DH - Ledsolintel\",\"isPartOf\":{\"@id\":\"https:\/\/ledsolintel.com\/#website\"},\"primaryImageOfPage\":{\"@id\":\"https:\/\/ledsolintel.com\/product\/60381-linterna-frontal-led-3w-con-zoom-dh\/#primaryimage\"},\"image\":{\"@id\":\"https:\/\/ledsolintel.com\/product\/60381-linterna-frontal-led-3w-con-zoom-dh\/#primaryimage\"},\"thumbnailUrl\":\"https:\/\/ledsolintel.com\/wp-content\/uploads\/2024\/05\/28982-60.381-LINTERNA-FRONTAL-LED-3W-CON-ZOOM-DH.jpg\",\"datePublished\":\"2024-05-23T10:01:54+00:00\",\"breadcrumb\":{\"@id\":\"https:\/\/ledsolintel.com\/product\/60381-linterna-frontal-led-3w-con-zoom-dh\/#breadcrumb\"},\"inLanguage\":\"fr-FR\",\"potentialAction\":[{\"@type\":\"ReadAction\",\"target\":[\"https:\/\/ledsolintel.com\/product\/60381-linterna-frontal-led-3w-con-zoom-dh\/\"]}]},{\"@type\":\"ImageObject\",\"inLanguage\":\"fr-FR\",\"@id\":\"https:\/\/ledsolintel.com\/product\/60381-linterna-frontal-led-3w-con-zoom-dh\/#primaryimage\",\"url\":\"https:\/\/ledsolintel.com\/wp-content\/uploads\/2024\/05\/28982-60.381-LINTERNA-FRONTAL-LED-3W-CON-ZOOM-DH.jpg\",\"contentUrl\":\"https:\/\/ledsolintel.com\/wp-content\/uploads\/2024\/05\/28982-60.381-LINTERNA-FRONTAL-LED-3W-CON-ZOOM-DH.jpg\",\"caption\":\"60.381 LINTERNA FRONTAL LED 3W CON ZOOM DH\"},{\"@type\":\"BreadcrumbList\",\"@id\":\"https:\/\/ledsolintel.com\/product\/60381-linterna-frontal-led-3w-con-zoom-dh\/#breadcrumb\",\"itemListElement\":[{\"@type\":\"ListItem\",\"position\":1,\"name\":\"Portada\",\"item\":\"https:\/\/ledsolintel.com\/fr\/\"},{\"@type\":\"ListItem\",\"position\":2,\"name\":\"Tienda\",\"item\":\"https:\/\/ledsolintel.com\/tienda\/\"},{\"@type\":\"ListItem\",\"position\":3,\"name\":\"60.381 LINTERNA FRONTAL LED 3W CON ZOOM DH\"}]},{\"@type\":\"WebSite\",\"@id\":\"https:\/\/ledsolintel.com\/#website\",\"url\":\"https:\/\/ledsolintel.com\/\",\"name\":\"Webmenaje\",\"description\":\"Tienda de bombillas y l\u00e1mparas LED para profesionales\",\"publisher\":{\"@id\":\"https:\/\/ledsolintel.com\/#organization\"},\"potentialAction\":[{\"@type\":\"SearchAction\",\"target\":{\"@type\":\"EntryPoint\",\"urlTemplate\":\"https:\/\/ledsolintel.com\/?s={search_term_string}\"},\"query-input\":{\"@type\":\"PropertyValueSpecification\",\"valueRequired\":true,\"valueName\":\"search_term_string\"}}],\"inLanguage\":\"fr-FR\"},{\"@type\":\"Organization\",\"@id\":\"https:\/\/ledsolintel.com\/#organization\",\"name\":\"Solintel Noroeste, S.L.\",\"url\":\"https:\/\/ledsolintel.com\/\",\"logo\":{\"@type\":\"ImageObject\",\"inLanguage\":\"fr-FR\",\"@id\":\"https:\/\/ledsolintel.com\/#\/schema\/logo\/image\/\",\"url\":\"https:\/\/ledsolintel.com\/wp-content\/uploads\/2024\/11\/webmenaje-logo-1508269066.jpg\",\"contentUrl\":\"https:\/\/ledsolintel.com\/wp-content\/uploads\/2024\/11\/webmenaje-logo-1508269066.jpg\",\"width\":370,\"height\":90,\"caption\":\"Solintel Noroeste, S.L.\"},\"image\":{\"@id\":\"https:\/\/ledsolintel.com\/#\/schema\/logo\/image\/\"},\"sameAs\":[\"http:\/\/www.facebook.com\/webmenaje\",\"https:\/\/x.com\/webmenaje\",\"https:\/\/www.youtube.com\/channel\/UCX2KoVoeCG4LocZjUc6LmSQ\",\"http:\/\/www.pinterest.com\/webmenaje\"]}]}<\/script>\n<!-- \/ Yoast SEO plugin. -->","yoast_head_json":{"title":"60.381 LED HEADLIGHT 3W AVEC ZOOM DH - Ledsolintel","robots":{"index":"index","follow":"follow","max-snippet":"max-snippet:-1","max-image-preview":"max-image-preview:large","max-video-preview":"max-video-preview:-1"},"canonical":"https:\/\/ledsolintel.com\/fr\/produit-2\/60381-lampe-frontale-a-led-3w-avec-zoom-dh\/","og_locale":"fr_FR","og_type":"article","og_title":"60.381 LINTERNA FRONTAL LED 3W CON ZOOM DH - Ledsolintel","og_description":"Material de aluminio anodizado. Resistente a golpes y humedades. Anticorrosi\u00f3n. Correa de sujeci\u00f3n para la cabeza o casco. Interruptor protegido. Ligera, port\u00e1til, y de bajo consumo. Ideal para: camping, viajes, taller, hogar, autom\u00f3vil&#8230;.. Funda resiste","og_url":"https:\/\/ledsolintel.com\/fr\/produit-2\/60381-lampe-frontale-a-led-3w-avec-zoom-dh\/","og_site_name":"Ledsolintel","article_publisher":"http:\/\/www.facebook.com\/webmenaje","og_image":[{"url":"https:\/\/ledsolintel.com\/wp-content\/uploads\/2024\/05\/28982-60.381-LINTERNA-FRONTAL-LED-3W-CON-ZOOM-DH.jpg","width":1,"height":1,"type":"image\/jpeg"}],"twitter_card":"summary_large_image","twitter_site":"@webmenaje","schema":{"@context":"https:\/\/schema.org","@graph":[{"@type":"WebPage","@id":"https:\/\/ledsolintel.com\/product\/60381-linterna-frontal-led-3w-con-zoom-dh\/","url":"https:\/\/ledsolintel.com\/product\/60381-linterna-frontal-led-3w-con-zoom-dh\/","name":"60.381 LED HEADLIGHT 3W AVEC ZOOM DH - Ledsolintel","isPartOf":{"@id":"https:\/\/ledsolintel.com\/#website"},"primaryImageOfPage":{"@id":"https:\/\/ledsolintel.com\/product\/60381-linterna-frontal-led-3w-con-zoom-dh\/#primaryimage"},"image":{"@id":"https:\/\/ledsolintel.com\/product\/60381-linterna-frontal-led-3w-con-zoom-dh\/#primaryimage"},"thumbnailUrl":"https:\/\/ledsolintel.com\/wp-content\/uploads\/2024\/05\/28982-60.381-LINTERNA-FRONTAL-LED-3W-CON-ZOOM-DH.jpg","datePublished":"2024-05-23T10:01:54+00:00","breadcrumb":{"@id":"https:\/\/ledsolintel.com\/product\/60381-linterna-frontal-led-3w-con-zoom-dh\/#breadcrumb"},"inLanguage":"fr-FR","potentialAction":[{"@type":"ReadAction","target":["https:\/\/ledsolintel.com\/product\/60381-linterna-frontal-led-3w-con-zoom-dh\/"]}]},{"@type":"ImageObject","inLanguage":"fr-FR","@id":"https:\/\/ledsolintel.com\/product\/60381-linterna-frontal-led-3w-con-zoom-dh\/#primaryimage","url":"https:\/\/ledsolintel.com\/wp-content\/uploads\/2024\/05\/28982-60.381-LINTERNA-FRONTAL-LED-3W-CON-ZOOM-DH.jpg","contentUrl":"https:\/\/ledsolintel.com\/wp-content\/uploads\/2024\/05\/28982-60.381-LINTERNA-FRONTAL-LED-3W-CON-ZOOM-DH.jpg","caption":"60.381 LINTERNA FRONTAL LED 3W CON ZOOM DH"},{"@type":"BreadcrumbList","@id":"https:\/\/ledsolintel.com\/product\/60381-linterna-frontal-led-3w-con-zoom-dh\/#breadcrumb","itemListElement":[{"@type":"ListItem","position":1,"name":"Portada","item":"https:\/\/ledsolintel.com\/fr\/"},{"@type":"ListItem","position":2,"name":"Tienda","item":"https:\/\/ledsolintel.com\/tienda\/"},{"@type":"ListItem","position":3,"name":"60.381 LINTERNA FRONTAL LED 3W CON ZOOM DH"}]},{"@type":"WebSite","@id":"https:\/\/ledsolintel.com\/#website","url":"https:\/\/ledsolintel.com\/","name":"Webmenaje","description":"Magasin d'ampoules et de lampes LED pour les professionnels","publisher":{"@id":"https:\/\/ledsolintel.com\/#organization"},"potentialAction":[{"@type":"SearchAction","target":{"@type":"EntryPoint","urlTemplate":"https:\/\/ledsolintel.com\/?s={search_term_string}"},"query-input":{"@type":"PropertyValueSpecification","valueRequired":true,"valueName":"search_term_string"}}],"inLanguage":"fr-FR"},{"@type":"Organization","@id":"https:\/\/ledsolintel.com\/#organization","name":"Solintel Noroeste, S.L.","url":"https:\/\/ledsolintel.com\/","logo":{"@type":"ImageObject","inLanguage":"fr-FR","@id":"https:\/\/ledsolintel.com\/#\/schema\/logo\/image\/","url":"https:\/\/ledsolintel.com\/wp-content\/uploads\/2024\/11\/webmenaje-logo-1508269066.jpg","contentUrl":"https:\/\/ledsolintel.com\/wp-content\/uploads\/2024\/11\/webmenaje-logo-1508269066.jpg","width":370,"height":90,"caption":"Solintel Noroeste, S.L."},"image":{"@id":"https:\/\/ledsolintel.com\/#\/schema\/logo\/image\/"},"sameAs":["http:\/\/www.facebook.com\/webmenaje","https:\/\/x.com\/webmenaje","https:\/\/www.youtube.com\/channel\/UCX2KoVoeCG4LocZjUc6LmSQ","http:\/\/www.pinterest.com\/webmenaje"]}]}},"_links":{"self":[{"href":"https:\/\/ledsolintel.com\/fr\/wp-json\/wp\/v2\/product\/253606","targetHints":{"allow":["GET"]}}],"collection":[{"href":"https:\/\/ledsolintel.com\/fr\/wp-json\/wp\/v2\/product"}],"about":[{"href":"https:\/\/ledsolintel.com\/fr\/wp-json\/wp\/v2\/types\/product"}],"version-history":[{"count":0,"href":"https:\/\/ledsolintel.com\/fr\/wp-json\/wp\/v2\/product\/253606\/revisions"}],"wp:featuredmedia":[{"embeddable":true,"href":"https:\/\/ledsolintel.com\/fr\/wp-json\/wp\/v2\/media\/253605"}],"wp:attachment":[{"href":"https:\/\/ledsolintel.com\/fr\/wp-json\/wp\/v2\/media?parent=253606"}],"wp:term":[{"taxonomy":"product_brand","embeddable":true,"href":"https:\/\/ledsolintel.com\/fr\/wp-json\/wp\/v2\/product_brand?post=253606"},{"taxonomy":"product_cat","embeddable":true,"href":"https:\/\/ledsolintel.com\/fr\/wp-json\/wp\/v2\/product_cat?post=253606"},{"taxonomy":"product_tag","embeddable":true,"href":"https:\/\/ledsolintel.com\/fr\/wp-json\/wp\/v2\/product_tag?post=253606"}],"curies":[{"name":"wp","href":"https:\/\/api.w.org\/{rel}","templated":true}]}}