{"id":253585,"date":"2024-05-23T12:01:54","date_gmt":"2024-05-23T10:01:54","guid":{"rendered":"https:\/\/nueva.ledsolintel.com\/product\/kit-cordon-dor-170-metros-rosa-26\/"},"modified":"2025-12-16T17:47:49","modified_gmt":"2025-12-16T16:47:49","slug":"kit-cordon-dor-170-metros-rosa-26","status":"publish","type":"product","link":"https:\/\/ledsolintel.com\/fr\/produit-2\/kit-cordon-dor-170-metros-rosa-26\/","title":{"rendered":"KIT CORDON D'OR 1,70 M\u00c8TRES ROSE (26)"},"content":{"rendered":"<p>Le kit de cordon D'or est un \u00e9l\u00e9ment tr\u00e8s d\u00e9coratif et innovant qui, apr\u00e8s une installation facile, permet d'am\u00e9liorer l'apparence de n'importe quelle lampe de table. Comprend le c\u00e2ble avec l'interrupteur et la fiche. Longueur du c\u00e2ble de la prise \u00e0 l'interrupteur :<\/p>","protected":false},"excerpt":{"rendered":"<p>Le kit de cordon D'or est un \u00e9l\u00e9ment tr\u00e8s d\u00e9coratif et innovant qui, apr\u00e8s une installation facile, permet d'am\u00e9liorer l'apparence de n'importe quelle lampe de table. Comprend le c\u00e2ble avec l'interrupteur et la fiche. Longueur du c\u00e2ble de la prise \u00e0 l'interrupteur :<\/p>","protected":false},"featured_media":253584,"template":"","meta":[],"product_brand":[99501],"product_cat":[99781,99601],"product_tag":[],"class_list":{"0":"post-253585","1":"product","2":"type-product","3":"status-publish","4":"has-post-thumbnail","6":"product_brand-cordon-dor","7":"product_cat-cable","8":"product_cat-gyemo","11":"instock","12":"taxable","13":"shipping-taxable","14":"purchasable","15":"product-type-simple"},"yoast_head":"<!-- This site is optimized with the Yoast SEO plugin v26.6 - https:\/\/yoast.com\/wordpress\/plugins\/seo\/ -->\n<title>KIT CORDON D\u00b4OR 1,70 METROS ROSA (26) - Ledsolintel<\/title>\n<meta name=\"robots\" content=\"index, follow, max-snippet:-1, max-image-preview:large, max-video-preview:-1\" \/>\n<link rel=\"canonical\" href=\"https:\/\/ledsolintel.com\/fr\/produit-2\/kit-cordon-dor-170-metros-rosa-26\/\" \/>\n<meta property=\"og:locale\" content=\"fr_FR\" \/>\n<meta property=\"og:type\" content=\"article\" \/>\n<meta property=\"og:title\" content=\"KIT CORDON D\u00b4OR 1,70 METROS ROSA (26) - Ledsolintel\" \/>\n<meta property=\"og:description\" content=\"El Kit Cord\u00f3n D&#8217;or es un elemento muy decorativo y novedoso que, tras su f\u00e1cil instalaci\u00f3n, consigue realzar notablemente el aspecto de cualquier l\u00e1mpara de sobremesa. Incluye cable con interruptor y clavija. Longitud del cable del enchufe al interruptor:\" \/>\n<meta property=\"og:url\" content=\"https:\/\/ledsolintel.com\/fr\/produit-2\/kit-cordon-dor-170-metros-rosa-26\/\" \/>\n<meta property=\"og:site_name\" content=\"Ledsolintel\" \/>\n<meta property=\"article:publisher\" content=\"http:\/\/www.facebook.com\/webmenaje\" \/>\n<meta property=\"article:modified_time\" content=\"2025-12-16T16:47:49+00:00\" \/>\n<meta property=\"og:image\" content=\"https:\/\/ledsolintel.com\/wp-content\/uploads\/2024\/05\/28957-KIT-CORDON-D\u00b4OR-170-METROS-ROSA-26.jpg\" \/>\n\t<meta property=\"og:image:width\" content=\"1\" \/>\n\t<meta property=\"og:image:height\" content=\"1\" \/>\n\t<meta property=\"og:image:type\" content=\"image\/jpeg\" \/>\n<meta name=\"twitter:card\" content=\"summary_large_image\" \/>\n<meta name=\"twitter:site\" content=\"@webmenaje\" \/>\n<script type=\"application\/ld+json\" class=\"yoast-schema-graph\">{\"@context\":\"https:\/\/schema.org\",\"@graph\":[{\"@type\":\"WebPage\",\"@id\":\"https:\/\/ledsolintel.com\/product\/kit-cordon-dor-170-metros-rosa-26\/\",\"url\":\"https:\/\/ledsolintel.com\/product\/kit-cordon-dor-170-metros-rosa-26\/\",\"name\":\"KIT CORDON D\u00b4OR 1,70 METROS ROSA (26) - Ledsolintel\",\"isPartOf\":{\"@id\":\"https:\/\/ledsolintel.com\/#website\"},\"primaryImageOfPage\":{\"@id\":\"https:\/\/ledsolintel.com\/product\/kit-cordon-dor-170-metros-rosa-26\/#primaryimage\"},\"image\":{\"@id\":\"https:\/\/ledsolintel.com\/product\/kit-cordon-dor-170-metros-rosa-26\/#primaryimage\"},\"thumbnailUrl\":\"https:\/\/ledsolintel.com\/wp-content\/uploads\/2024\/05\/28957-KIT-CORDON-D\u00b4OR-170-METROS-ROSA-26.jpg\",\"datePublished\":\"2024-05-23T10:01:54+00:00\",\"dateModified\":\"2025-12-16T16:47:49+00:00\",\"breadcrumb\":{\"@id\":\"https:\/\/ledsolintel.com\/product\/kit-cordon-dor-170-metros-rosa-26\/#breadcrumb\"},\"inLanguage\":\"fr-FR\",\"potentialAction\":[{\"@type\":\"ReadAction\",\"target\":[\"https:\/\/ledsolintel.com\/product\/kit-cordon-dor-170-metros-rosa-26\/\"]}]},{\"@type\":\"ImageObject\",\"inLanguage\":\"fr-FR\",\"@id\":\"https:\/\/ledsolintel.com\/product\/kit-cordon-dor-170-metros-rosa-26\/#primaryimage\",\"url\":\"https:\/\/ledsolintel.com\/wp-content\/uploads\/2024\/05\/28957-KIT-CORDON-D\u00b4OR-170-METROS-ROSA-26.jpg\",\"contentUrl\":\"https:\/\/ledsolintel.com\/wp-content\/uploads\/2024\/05\/28957-KIT-CORDON-D\u00b4OR-170-METROS-ROSA-26.jpg\",\"caption\":\"KIT CORDON D\u00b4OR 1,70 METROS ROSA (26)\"},{\"@type\":\"BreadcrumbList\",\"@id\":\"https:\/\/ledsolintel.com\/product\/kit-cordon-dor-170-metros-rosa-26\/#breadcrumb\",\"itemListElement\":[{\"@type\":\"ListItem\",\"position\":1,\"name\":\"Portada\",\"item\":\"https:\/\/ledsolintel.com\/fr\/\"},{\"@type\":\"ListItem\",\"position\":2,\"name\":\"Tienda\",\"item\":\"https:\/\/ledsolintel.com\/tienda\/\"},{\"@type\":\"ListItem\",\"position\":3,\"name\":\"KIT CORDON D\u00b4OR 1,70 METROS ROSA (26)\"}]},{\"@type\":\"WebSite\",\"@id\":\"https:\/\/ledsolintel.com\/#website\",\"url\":\"https:\/\/ledsolintel.com\/\",\"name\":\"Webmenaje\",\"description\":\"Tienda de bombillas y l\u00e1mparas LED para profesionales\",\"publisher\":{\"@id\":\"https:\/\/ledsolintel.com\/#organization\"},\"potentialAction\":[{\"@type\":\"SearchAction\",\"target\":{\"@type\":\"EntryPoint\",\"urlTemplate\":\"https:\/\/ledsolintel.com\/?s={search_term_string}\"},\"query-input\":{\"@type\":\"PropertyValueSpecification\",\"valueRequired\":true,\"valueName\":\"search_term_string\"}}],\"inLanguage\":\"fr-FR\"},{\"@type\":\"Organization\",\"@id\":\"https:\/\/ledsolintel.com\/#organization\",\"name\":\"Solintel Noroeste, S.L.\",\"url\":\"https:\/\/ledsolintel.com\/\",\"logo\":{\"@type\":\"ImageObject\",\"inLanguage\":\"fr-FR\",\"@id\":\"https:\/\/ledsolintel.com\/#\/schema\/logo\/image\/\",\"url\":\"https:\/\/ledsolintel.com\/wp-content\/uploads\/2024\/11\/webmenaje-logo-1508269066.jpg\",\"contentUrl\":\"https:\/\/ledsolintel.com\/wp-content\/uploads\/2024\/11\/webmenaje-logo-1508269066.jpg\",\"width\":370,\"height\":90,\"caption\":\"Solintel Noroeste, S.L.\"},\"image\":{\"@id\":\"https:\/\/ledsolintel.com\/#\/schema\/logo\/image\/\"},\"sameAs\":[\"http:\/\/www.facebook.com\/webmenaje\",\"https:\/\/x.com\/webmenaje\",\"https:\/\/www.youtube.com\/channel\/UCX2KoVoeCG4LocZjUc6LmSQ\",\"http:\/\/www.pinterest.com\/webmenaje\"]}]}<\/script>\n<!-- \/ Yoast SEO plugin. -->","yoast_head_json":{"title":"KIT CORDON D\u00b4OR 1,70 METROS ROSA (26) - Ledsolintel","robots":{"index":"index","follow":"follow","max-snippet":"max-snippet:-1","max-image-preview":"max-image-preview:large","max-video-preview":"max-video-preview:-1"},"canonical":"https:\/\/ledsolintel.com\/fr\/produit-2\/kit-cordon-dor-170-metros-rosa-26\/","og_locale":"fr_FR","og_type":"article","og_title":"KIT CORDON D\u00b4OR 1,70 METROS ROSA (26) - Ledsolintel","og_description":"El Kit Cord\u00f3n D&#8217;or es un elemento muy decorativo y novedoso que, tras su f\u00e1cil instalaci\u00f3n, consigue realzar notablemente el aspecto de cualquier l\u00e1mpara de sobremesa. Incluye cable con interruptor y clavija. Longitud del cable del enchufe al interruptor:","og_url":"https:\/\/ledsolintel.com\/fr\/produit-2\/kit-cordon-dor-170-metros-rosa-26\/","og_site_name":"Ledsolintel","article_publisher":"http:\/\/www.facebook.com\/webmenaje","article_modified_time":"2025-12-16T16:47:49+00:00","og_image":[{"url":"https:\/\/ledsolintel.com\/wp-content\/uploads\/2024\/05\/28957-KIT-CORDON-D\u00b4OR-170-METROS-ROSA-26.jpg","width":1,"height":1,"type":"image\/jpeg"}],"twitter_card":"summary_large_image","twitter_site":"@webmenaje","schema":{"@context":"https:\/\/schema.org","@graph":[{"@type":"WebPage","@id":"https:\/\/ledsolintel.com\/product\/kit-cordon-dor-170-metros-rosa-26\/","url":"https:\/\/ledsolintel.com\/product\/kit-cordon-dor-170-metros-rosa-26\/","name":"KIT CORDON D\u00b4OR 1,70 METROS ROSA (26) - Ledsolintel","isPartOf":{"@id":"https:\/\/ledsolintel.com\/#website"},"primaryImageOfPage":{"@id":"https:\/\/ledsolintel.com\/product\/kit-cordon-dor-170-metros-rosa-26\/#primaryimage"},"image":{"@id":"https:\/\/ledsolintel.com\/product\/kit-cordon-dor-170-metros-rosa-26\/#primaryimage"},"thumbnailUrl":"https:\/\/ledsolintel.com\/wp-content\/uploads\/2024\/05\/28957-KIT-CORDON-D\u00b4OR-170-METROS-ROSA-26.jpg","datePublished":"2024-05-23T10:01:54+00:00","dateModified":"2025-12-16T16:47:49+00:00","breadcrumb":{"@id":"https:\/\/ledsolintel.com\/product\/kit-cordon-dor-170-metros-rosa-26\/#breadcrumb"},"inLanguage":"fr-FR","potentialAction":[{"@type":"ReadAction","target":["https:\/\/ledsolintel.com\/product\/kit-cordon-dor-170-metros-rosa-26\/"]}]},{"@type":"ImageObject","inLanguage":"fr-FR","@id":"https:\/\/ledsolintel.com\/product\/kit-cordon-dor-170-metros-rosa-26\/#primaryimage","url":"https:\/\/ledsolintel.com\/wp-content\/uploads\/2024\/05\/28957-KIT-CORDON-D\u00b4OR-170-METROS-ROSA-26.jpg","contentUrl":"https:\/\/ledsolintel.com\/wp-content\/uploads\/2024\/05\/28957-KIT-CORDON-D\u00b4OR-170-METROS-ROSA-26.jpg","caption":"KIT CORDON D\u00b4OR 1,70 METROS ROSA (26)"},{"@type":"BreadcrumbList","@id":"https:\/\/ledsolintel.com\/product\/kit-cordon-dor-170-metros-rosa-26\/#breadcrumb","itemListElement":[{"@type":"ListItem","position":1,"name":"Portada","item":"https:\/\/ledsolintel.com\/fr\/"},{"@type":"ListItem","position":2,"name":"Tienda","item":"https:\/\/ledsolintel.com\/tienda\/"},{"@type":"ListItem","position":3,"name":"KIT CORDON D\u00b4OR 1,70 METROS ROSA (26)"}]},{"@type":"WebSite","@id":"https:\/\/ledsolintel.com\/#website","url":"https:\/\/ledsolintel.com\/","name":"Webmenaje","description":"Magasin d'ampoules et de lampes LED pour les professionnels","publisher":{"@id":"https:\/\/ledsolintel.com\/#organization"},"potentialAction":[{"@type":"SearchAction","target":{"@type":"EntryPoint","urlTemplate":"https:\/\/ledsolintel.com\/?s={search_term_string}"},"query-input":{"@type":"PropertyValueSpecification","valueRequired":true,"valueName":"search_term_string"}}],"inLanguage":"fr-FR"},{"@type":"Organization","@id":"https:\/\/ledsolintel.com\/#organization","name":"Solintel Noroeste, S.L.","url":"https:\/\/ledsolintel.com\/","logo":{"@type":"ImageObject","inLanguage":"fr-FR","@id":"https:\/\/ledsolintel.com\/#\/schema\/logo\/image\/","url":"https:\/\/ledsolintel.com\/wp-content\/uploads\/2024\/11\/webmenaje-logo-1508269066.jpg","contentUrl":"https:\/\/ledsolintel.com\/wp-content\/uploads\/2024\/11\/webmenaje-logo-1508269066.jpg","width":370,"height":90,"caption":"Solintel Noroeste, S.L."},"image":{"@id":"https:\/\/ledsolintel.com\/#\/schema\/logo\/image\/"},"sameAs":["http:\/\/www.facebook.com\/webmenaje","https:\/\/x.com\/webmenaje","https:\/\/www.youtube.com\/channel\/UCX2KoVoeCG4LocZjUc6LmSQ","http:\/\/www.pinterest.com\/webmenaje"]}]}},"_links":{"self":[{"href":"https:\/\/ledsolintel.com\/fr\/wp-json\/wp\/v2\/product\/253585","targetHints":{"allow":["GET"]}}],"collection":[{"href":"https:\/\/ledsolintel.com\/fr\/wp-json\/wp\/v2\/product"}],"about":[{"href":"https:\/\/ledsolintel.com\/fr\/wp-json\/wp\/v2\/types\/product"}],"version-history":[{"count":1,"href":"https:\/\/ledsolintel.com\/fr\/wp-json\/wp\/v2\/product\/253585\/revisions"}],"predecessor-version":[{"id":269609,"href":"https:\/\/ledsolintel.com\/fr\/wp-json\/wp\/v2\/product\/253585\/revisions\/269609"}],"wp:featuredmedia":[{"embeddable":true,"href":"https:\/\/ledsolintel.com\/fr\/wp-json\/wp\/v2\/media\/253584"}],"wp:attachment":[{"href":"https:\/\/ledsolintel.com\/fr\/wp-json\/wp\/v2\/media?parent=253585"}],"wp:term":[{"taxonomy":"product_brand","embeddable":true,"href":"https:\/\/ledsolintel.com\/fr\/wp-json\/wp\/v2\/product_brand?post=253585"},{"taxonomy":"product_cat","embeddable":true,"href":"https:\/\/ledsolintel.com\/fr\/wp-json\/wp\/v2\/product_cat?post=253585"},{"taxonomy":"product_tag","embeddable":true,"href":"https:\/\/ledsolintel.com\/fr\/wp-json\/wp\/v2\/product_tag?post=253585"}],"curies":[{"name":"wp","href":"https:\/\/api.w.org\/{rel}","templated":true}]}}