{"id":253351,"date":"2024-05-23T12:01:54","date_gmt":"2024-05-23T10:01:54","guid":{"rendered":"https:\/\/nueva.ledsolintel.com\/product\/h038058-3m-conexion-con-interruptor-de-pie-dorada\/"},"modified":"2025-12-16T17:47:47","modified_gmt":"2025-12-16T16:47:47","slug":"h038058-3m-conexion-con-interruptor-de-pie-dorada","status":"publish","type":"product","link":"https:\/\/ledsolintel.com\/fr\/produit-2\/h038058-3m-conexion-con-interruptor-de-pie-dorada\/","title":{"rendered":"H038058 3m RACCORDEMENT AVEC INTERRUPTEUR DE PIED PLAQUE D'OR"},"content":{"rendered":"<p>C\u00e2ble tuyau plat 2\u00d70,75mm\u00b2. H03VVH2-F. Interrupteur \u00e0 pied avec 100cm jusqu'\u00e0 la prise europ\u00e9enne et 200cm jusqu'\u00e0 l'extr\u00e9mit\u00e9 libre.<\/p>","protected":false},"excerpt":{"rendered":"<p>C\u00e2ble tuyau plat 2\u00d70,75mm\u00b2. H03VVH2-F. Interrupteur \u00e0 pied avec 100cm jusqu'\u00e0 la prise europ\u00e9enne et 200cm jusqu'\u00e0 l'extr\u00e9mit\u00e9 libre.<\/p>","protected":false},"featured_media":253350,"template":"","meta":[],"product_brand":[],"product_cat":[99781,99601],"product_tag":[],"class_list":{"0":"post-253351","1":"product","2":"type-product","3":"status-publish","4":"has-post-thumbnail","6":"product_cat-cable","7":"product_cat-gyemo","10":"instock","11":"taxable","12":"shipping-taxable","13":"purchasable","14":"product-type-simple"},"yoast_head":"<!-- This site is optimized with the Yoast SEO plugin v26.6 - https:\/\/yoast.com\/wordpress\/plugins\/seo\/ -->\n<title>H038058 3m CONEXION CON INTERRUPTOR DE PIE DORADA - Ledsolintel<\/title>\n<meta name=\"robots\" content=\"index, follow, max-snippet:-1, max-image-preview:large, max-video-preview:-1\" \/>\n<link rel=\"canonical\" href=\"https:\/\/ledsolintel.com\/fr\/produit-2\/h038058-3m-conexion-con-interruptor-de-pie-dorada\/\" \/>\n<meta property=\"og:locale\" content=\"fr_FR\" \/>\n<meta property=\"og:type\" content=\"article\" \/>\n<meta property=\"og:title\" content=\"H038058 3m CONEXION CON INTERRUPTOR DE PIE DORADA - Ledsolintel\" \/>\n<meta property=\"og:description\" content=\"Cable manguera plana 2&#215;0,75mm\u00b2. H03VVH2-F. Interruptor de pie con 100cm a clavija europea y 200cm a extremo libre.\" \/>\n<meta property=\"og:url\" content=\"https:\/\/ledsolintel.com\/fr\/produit-2\/h038058-3m-conexion-con-interruptor-de-pie-dorada\/\" \/>\n<meta property=\"og:site_name\" content=\"Ledsolintel\" \/>\n<meta property=\"article:publisher\" content=\"http:\/\/www.facebook.com\/webmenaje\" \/>\n<meta property=\"article:modified_time\" content=\"2025-12-16T16:47:47+00:00\" \/>\n<meta property=\"og:image\" content=\"https:\/\/ledsolintel.com\/wp-content\/uploads\/2024\/05\/28721-H038058-3m-CONEXION-CON-INTERRUPTOR-DE-PIE-DORADA.jpg\" \/>\n\t<meta property=\"og:image:width\" content=\"1\" \/>\n\t<meta property=\"og:image:height\" content=\"1\" \/>\n\t<meta property=\"og:image:type\" content=\"image\/jpeg\" \/>\n<meta name=\"twitter:card\" content=\"summary_large_image\" \/>\n<meta name=\"twitter:site\" content=\"@webmenaje\" \/>\n<script type=\"application\/ld+json\" class=\"yoast-schema-graph\">{\"@context\":\"https:\/\/schema.org\",\"@graph\":[{\"@type\":\"WebPage\",\"@id\":\"https:\/\/ledsolintel.com\/product\/h038058-3m-conexion-con-interruptor-de-pie-dorada\/\",\"url\":\"https:\/\/ledsolintel.com\/product\/h038058-3m-conexion-con-interruptor-de-pie-dorada\/\",\"name\":\"H038058 3m CONEXION CON INTERRUPTOR DE PIE DORADA - Ledsolintel\",\"isPartOf\":{\"@id\":\"https:\/\/ledsolintel.com\/#website\"},\"primaryImageOfPage\":{\"@id\":\"https:\/\/ledsolintel.com\/product\/h038058-3m-conexion-con-interruptor-de-pie-dorada\/#primaryimage\"},\"image\":{\"@id\":\"https:\/\/ledsolintel.com\/product\/h038058-3m-conexion-con-interruptor-de-pie-dorada\/#primaryimage\"},\"thumbnailUrl\":\"https:\/\/ledsolintel.com\/wp-content\/uploads\/2024\/05\/28721-H038058-3m-CONEXION-CON-INTERRUPTOR-DE-PIE-DORADA.jpg\",\"datePublished\":\"2024-05-23T10:01:54+00:00\",\"dateModified\":\"2025-12-16T16:47:47+00:00\",\"breadcrumb\":{\"@id\":\"https:\/\/ledsolintel.com\/product\/h038058-3m-conexion-con-interruptor-de-pie-dorada\/#breadcrumb\"},\"inLanguage\":\"fr-FR\",\"potentialAction\":[{\"@type\":\"ReadAction\",\"target\":[\"https:\/\/ledsolintel.com\/product\/h038058-3m-conexion-con-interruptor-de-pie-dorada\/\"]}]},{\"@type\":\"ImageObject\",\"inLanguage\":\"fr-FR\",\"@id\":\"https:\/\/ledsolintel.com\/product\/h038058-3m-conexion-con-interruptor-de-pie-dorada\/#primaryimage\",\"url\":\"https:\/\/ledsolintel.com\/wp-content\/uploads\/2024\/05\/28721-H038058-3m-CONEXION-CON-INTERRUPTOR-DE-PIE-DORADA.jpg\",\"contentUrl\":\"https:\/\/ledsolintel.com\/wp-content\/uploads\/2024\/05\/28721-H038058-3m-CONEXION-CON-INTERRUPTOR-DE-PIE-DORADA.jpg\",\"caption\":\"H038058 3m CONEXION CON INTERRUPTOR DE PIE DORADA\"},{\"@type\":\"BreadcrumbList\",\"@id\":\"https:\/\/ledsolintel.com\/product\/h038058-3m-conexion-con-interruptor-de-pie-dorada\/#breadcrumb\",\"itemListElement\":[{\"@type\":\"ListItem\",\"position\":1,\"name\":\"Portada\",\"item\":\"https:\/\/ledsolintel.com\/fr\/\"},{\"@type\":\"ListItem\",\"position\":2,\"name\":\"Tienda\",\"item\":\"https:\/\/ledsolintel.com\/tienda\/\"},{\"@type\":\"ListItem\",\"position\":3,\"name\":\"H038058 3m CONEXION CON INTERRUPTOR DE PIE DORADA\"}]},{\"@type\":\"WebSite\",\"@id\":\"https:\/\/ledsolintel.com\/#website\",\"url\":\"https:\/\/ledsolintel.com\/\",\"name\":\"Webmenaje\",\"description\":\"Tienda de bombillas y l\u00e1mparas LED para profesionales\",\"publisher\":{\"@id\":\"https:\/\/ledsolintel.com\/#organization\"},\"potentialAction\":[{\"@type\":\"SearchAction\",\"target\":{\"@type\":\"EntryPoint\",\"urlTemplate\":\"https:\/\/ledsolintel.com\/?s={search_term_string}\"},\"query-input\":{\"@type\":\"PropertyValueSpecification\",\"valueRequired\":true,\"valueName\":\"search_term_string\"}}],\"inLanguage\":\"fr-FR\"},{\"@type\":\"Organization\",\"@id\":\"https:\/\/ledsolintel.com\/#organization\",\"name\":\"Solintel Noroeste, S.L.\",\"url\":\"https:\/\/ledsolintel.com\/\",\"logo\":{\"@type\":\"ImageObject\",\"inLanguage\":\"fr-FR\",\"@id\":\"https:\/\/ledsolintel.com\/#\/schema\/logo\/image\/\",\"url\":\"https:\/\/ledsolintel.com\/wp-content\/uploads\/2024\/11\/webmenaje-logo-1508269066.jpg\",\"contentUrl\":\"https:\/\/ledsolintel.com\/wp-content\/uploads\/2024\/11\/webmenaje-logo-1508269066.jpg\",\"width\":370,\"height\":90,\"caption\":\"Solintel Noroeste, S.L.\"},\"image\":{\"@id\":\"https:\/\/ledsolintel.com\/#\/schema\/logo\/image\/\"},\"sameAs\":[\"http:\/\/www.facebook.com\/webmenaje\",\"https:\/\/x.com\/webmenaje\",\"https:\/\/www.youtube.com\/channel\/UCX2KoVoeCG4LocZjUc6LmSQ\",\"http:\/\/www.pinterest.com\/webmenaje\"]}]}<\/script>\n<!-- \/ Yoast SEO plugin. -->","yoast_head_json":{"title":"H038058 3m CONEXION CON INTERRUPTOR DE PIE DORADA - Ledsolintel","robots":{"index":"index","follow":"follow","max-snippet":"max-snippet:-1","max-image-preview":"max-image-preview:large","max-video-preview":"max-video-preview:-1"},"canonical":"https:\/\/ledsolintel.com\/fr\/produit-2\/h038058-3m-conexion-con-interruptor-de-pie-dorada\/","og_locale":"fr_FR","og_type":"article","og_title":"H038058 3m CONEXION CON INTERRUPTOR DE PIE DORADA - Ledsolintel","og_description":"Cable manguera plana 2&#215;0,75mm\u00b2. H03VVH2-F. Interruptor de pie con 100cm a clavija europea y 200cm a extremo libre.","og_url":"https:\/\/ledsolintel.com\/fr\/produit-2\/h038058-3m-conexion-con-interruptor-de-pie-dorada\/","og_site_name":"Ledsolintel","article_publisher":"http:\/\/www.facebook.com\/webmenaje","article_modified_time":"2025-12-16T16:47:47+00:00","og_image":[{"url":"https:\/\/ledsolintel.com\/wp-content\/uploads\/2024\/05\/28721-H038058-3m-CONEXION-CON-INTERRUPTOR-DE-PIE-DORADA.jpg","width":1,"height":1,"type":"image\/jpeg"}],"twitter_card":"summary_large_image","twitter_site":"@webmenaje","schema":{"@context":"https:\/\/schema.org","@graph":[{"@type":"WebPage","@id":"https:\/\/ledsolintel.com\/product\/h038058-3m-conexion-con-interruptor-de-pie-dorada\/","url":"https:\/\/ledsolintel.com\/product\/h038058-3m-conexion-con-interruptor-de-pie-dorada\/","name":"H038058 3m CONEXION CON INTERRUPTOR DE PIE DORADA - Ledsolintel","isPartOf":{"@id":"https:\/\/ledsolintel.com\/#website"},"primaryImageOfPage":{"@id":"https:\/\/ledsolintel.com\/product\/h038058-3m-conexion-con-interruptor-de-pie-dorada\/#primaryimage"},"image":{"@id":"https:\/\/ledsolintel.com\/product\/h038058-3m-conexion-con-interruptor-de-pie-dorada\/#primaryimage"},"thumbnailUrl":"https:\/\/ledsolintel.com\/wp-content\/uploads\/2024\/05\/28721-H038058-3m-CONEXION-CON-INTERRUPTOR-DE-PIE-DORADA.jpg","datePublished":"2024-05-23T10:01:54+00:00","dateModified":"2025-12-16T16:47:47+00:00","breadcrumb":{"@id":"https:\/\/ledsolintel.com\/product\/h038058-3m-conexion-con-interruptor-de-pie-dorada\/#breadcrumb"},"inLanguage":"fr-FR","potentialAction":[{"@type":"ReadAction","target":["https:\/\/ledsolintel.com\/product\/h038058-3m-conexion-con-interruptor-de-pie-dorada\/"]}]},{"@type":"ImageObject","inLanguage":"fr-FR","@id":"https:\/\/ledsolintel.com\/product\/h038058-3m-conexion-con-interruptor-de-pie-dorada\/#primaryimage","url":"https:\/\/ledsolintel.com\/wp-content\/uploads\/2024\/05\/28721-H038058-3m-CONEXION-CON-INTERRUPTOR-DE-PIE-DORADA.jpg","contentUrl":"https:\/\/ledsolintel.com\/wp-content\/uploads\/2024\/05\/28721-H038058-3m-CONEXION-CON-INTERRUPTOR-DE-PIE-DORADA.jpg","caption":"H038058 3m CONEXION CON INTERRUPTOR DE PIE DORADA"},{"@type":"BreadcrumbList","@id":"https:\/\/ledsolintel.com\/product\/h038058-3m-conexion-con-interruptor-de-pie-dorada\/#breadcrumb","itemListElement":[{"@type":"ListItem","position":1,"name":"Portada","item":"https:\/\/ledsolintel.com\/fr\/"},{"@type":"ListItem","position":2,"name":"Tienda","item":"https:\/\/ledsolintel.com\/tienda\/"},{"@type":"ListItem","position":3,"name":"H038058 3m CONEXION CON INTERRUPTOR DE PIE DORADA"}]},{"@type":"WebSite","@id":"https:\/\/ledsolintel.com\/#website","url":"https:\/\/ledsolintel.com\/","name":"Webmenaje","description":"Magasin d'ampoules et de lampes LED pour les professionnels","publisher":{"@id":"https:\/\/ledsolintel.com\/#organization"},"potentialAction":[{"@type":"SearchAction","target":{"@type":"EntryPoint","urlTemplate":"https:\/\/ledsolintel.com\/?s={search_term_string}"},"query-input":{"@type":"PropertyValueSpecification","valueRequired":true,"valueName":"search_term_string"}}],"inLanguage":"fr-FR"},{"@type":"Organization","@id":"https:\/\/ledsolintel.com\/#organization","name":"Solintel Noroeste, S.L.","url":"https:\/\/ledsolintel.com\/","logo":{"@type":"ImageObject","inLanguage":"fr-FR","@id":"https:\/\/ledsolintel.com\/#\/schema\/logo\/image\/","url":"https:\/\/ledsolintel.com\/wp-content\/uploads\/2024\/11\/webmenaje-logo-1508269066.jpg","contentUrl":"https:\/\/ledsolintel.com\/wp-content\/uploads\/2024\/11\/webmenaje-logo-1508269066.jpg","width":370,"height":90,"caption":"Solintel Noroeste, S.L."},"image":{"@id":"https:\/\/ledsolintel.com\/#\/schema\/logo\/image\/"},"sameAs":["http:\/\/www.facebook.com\/webmenaje","https:\/\/x.com\/webmenaje","https:\/\/www.youtube.com\/channel\/UCX2KoVoeCG4LocZjUc6LmSQ","http:\/\/www.pinterest.com\/webmenaje"]}]}},"_links":{"self":[{"href":"https:\/\/ledsolintel.com\/fr\/wp-json\/wp\/v2\/product\/253351","targetHints":{"allow":["GET"]}}],"collection":[{"href":"https:\/\/ledsolintel.com\/fr\/wp-json\/wp\/v2\/product"}],"about":[{"href":"https:\/\/ledsolintel.com\/fr\/wp-json\/wp\/v2\/types\/product"}],"version-history":[{"count":1,"href":"https:\/\/ledsolintel.com\/fr\/wp-json\/wp\/v2\/product\/253351\/revisions"}],"predecessor-version":[{"id":269600,"href":"https:\/\/ledsolintel.com\/fr\/wp-json\/wp\/v2\/product\/253351\/revisions\/269600"}],"wp:featuredmedia":[{"embeddable":true,"href":"https:\/\/ledsolintel.com\/fr\/wp-json\/wp\/v2\/media\/253350"}],"wp:attachment":[{"href":"https:\/\/ledsolintel.com\/fr\/wp-json\/wp\/v2\/media?parent=253351"}],"wp:term":[{"taxonomy":"product_brand","embeddable":true,"href":"https:\/\/ledsolintel.com\/fr\/wp-json\/wp\/v2\/product_brand?post=253351"},{"taxonomy":"product_cat","embeddable":true,"href":"https:\/\/ledsolintel.com\/fr\/wp-json\/wp\/v2\/product_cat?post=253351"},{"taxonomy":"product_tag","embeddable":true,"href":"https:\/\/ledsolintel.com\/fr\/wp-json\/wp\/v2\/product_tag?post=253351"}],"curies":[{"name":"wp","href":"https:\/\/api.w.org\/{rel}","templated":true}]}}