{"id":253079,"date":"2024-05-23T10:38:19","date_gmt":"2024-05-23T08:38:19","guid":{"rendered":"https:\/\/nueva.ledsolintel.com\/product\/227996-lampara-suspension-pendulum-negro-osram\/"},"modified":"2024-05-23T10:38:19","modified_gmt":"2024-05-23T08:38:19","slug":"227996-lampe-pendulaire-noir-osram","status":"publish","type":"product","link":"https:\/\/ledsolintel.com\/fr\/produit-2\/227996-lampe-pendulaire-noir-osram\/","title":{"rendered":"227996 LAMPE PENDULAIRE NOIR OSRAM"},"content":{"rendered":"<p>Il ne s'agit pas d'un simple rail de plus. Osram s'engage en faveur de la modulation et du montage flexible en incluant une pi\u00e8ce suppl\u00e9mentaire \u00e0 cette lampe, qui consiste en un c\u00e2ble avec une fixation m\u00e9tallique qui est fix\u00e9e au plafond et qui dirige le c\u00e2blage dans la direction que vous souhaitez. Il comprend une rosace et<\/p>","protected":false},"excerpt":{"rendered":"<p>Il ne s'agit pas d'un simple rail de plus. Osram s'engage en faveur de la modulation et du montage flexible en incluant une pi\u00e8ce suppl\u00e9mentaire \u00e0 cette lampe, qui consiste en un c\u00e2ble avec une fixation m\u00e9tallique qui est fix\u00e9e au plafond et qui dirige le c\u00e2blage dans la direction que vous souhaitez. Il comprend une rosace et<\/p>","protected":false},"featured_media":253071,"template":"","meta":[],"product_brand":[99391],"product_cat":[99601],"product_tag":[],"class_list":{"0":"post-253079","1":"product","2":"type-product","3":"status-publish","4":"has-post-thumbnail","6":"product_brand-osram","7":"product_cat-gyemo","10":"instock","11":"taxable","12":"shipping-taxable","13":"purchasable","14":"product-type-simple"},"yoast_head":"<!-- This site is optimized with the Yoast SEO plugin v26.6 - https:\/\/yoast.com\/wordpress\/plugins\/seo\/ -->\n<title>227996 LAMPARA SUSPENSION PENDULUM NEGRO OSRAM - Ledsolintel<\/title>\n<meta name=\"robots\" content=\"index, follow, max-snippet:-1, max-image-preview:large, max-video-preview:-1\" \/>\n<link rel=\"canonical\" href=\"https:\/\/ledsolintel.com\/fr\/produit-2\/227996-lampe-pendulaire-noir-osram\/\" \/>\n<meta property=\"og:locale\" content=\"fr_FR\" \/>\n<meta property=\"og:type\" content=\"article\" \/>\n<meta property=\"og:title\" content=\"227996 LAMPARA SUSPENSION PENDULUM NEGRO OSRAM - Ledsolintel\" \/>\n<meta property=\"og:description\" content=\"No es un enfilaje m\u00e1s. Osram apuesta por la modulaci\u00f3n y el montaje flexible incluyendo una pieza extra a esta l\u00e1mpara, que consiste en un cable con aplique met\u00e1lico que se fija en el techo y dirige el enfilaje en la direcci\u00f3n que desees. Incluye flor\u00f3n y\" \/>\n<meta property=\"og:url\" content=\"https:\/\/ledsolintel.com\/fr\/produit-2\/227996-lampe-pendulaire-noir-osram\/\" \/>\n<meta property=\"og:site_name\" content=\"Ledsolintel\" \/>\n<meta property=\"article:publisher\" content=\"http:\/\/www.facebook.com\/webmenaje\" \/>\n<meta property=\"og:image\" content=\"https:\/\/ledsolintel.com\/wp-content\/uploads\/2024\/05\/28484-227996-LAMPARA-SUSPENSION-PENDULUM-NEGRO-OSRAM.jpg\" \/>\n\t<meta property=\"og:image:width\" content=\"1\" \/>\n\t<meta property=\"og:image:height\" content=\"1\" \/>\n\t<meta property=\"og:image:type\" content=\"image\/jpeg\" \/>\n<meta name=\"twitter:card\" content=\"summary_large_image\" \/>\n<meta name=\"twitter:site\" content=\"@webmenaje\" \/>\n<script type=\"application\/ld+json\" class=\"yoast-schema-graph\">{\"@context\":\"https:\/\/schema.org\",\"@graph\":[{\"@type\":\"WebPage\",\"@id\":\"https:\/\/ledsolintel.com\/product\/227996-lampara-suspension-pendulum-negro-osram\/\",\"url\":\"https:\/\/ledsolintel.com\/product\/227996-lampara-suspension-pendulum-negro-osram\/\",\"name\":\"227996 LAMPARA SUSPENSION PENDULUM NEGRO OSRAM - Ledsolintel\",\"isPartOf\":{\"@id\":\"https:\/\/ledsolintel.com\/#website\"},\"primaryImageOfPage\":{\"@id\":\"https:\/\/ledsolintel.com\/product\/227996-lampara-suspension-pendulum-negro-osram\/#primaryimage\"},\"image\":{\"@id\":\"https:\/\/ledsolintel.com\/product\/227996-lampara-suspension-pendulum-negro-osram\/#primaryimage\"},\"thumbnailUrl\":\"https:\/\/ledsolintel.com\/wp-content\/uploads\/2024\/05\/28484-227996-LAMPARA-SUSPENSION-PENDULUM-NEGRO-OSRAM.jpg\",\"datePublished\":\"2024-05-23T08:38:19+00:00\",\"breadcrumb\":{\"@id\":\"https:\/\/ledsolintel.com\/product\/227996-lampara-suspension-pendulum-negro-osram\/#breadcrumb\"},\"inLanguage\":\"fr-FR\",\"potentialAction\":[{\"@type\":\"ReadAction\",\"target\":[\"https:\/\/ledsolintel.com\/product\/227996-lampara-suspension-pendulum-negro-osram\/\"]}]},{\"@type\":\"ImageObject\",\"inLanguage\":\"fr-FR\",\"@id\":\"https:\/\/ledsolintel.com\/product\/227996-lampara-suspension-pendulum-negro-osram\/#primaryimage\",\"url\":\"https:\/\/ledsolintel.com\/wp-content\/uploads\/2024\/05\/28484-227996-LAMPARA-SUSPENSION-PENDULUM-NEGRO-OSRAM.jpg\",\"contentUrl\":\"https:\/\/ledsolintel.com\/wp-content\/uploads\/2024\/05\/28484-227996-LAMPARA-SUSPENSION-PENDULUM-NEGRO-OSRAM.jpg\",\"caption\":\"227996 LAMPARA SUSPENSION PENDULUM NEGRO OSRAM\"},{\"@type\":\"BreadcrumbList\",\"@id\":\"https:\/\/ledsolintel.com\/product\/227996-lampara-suspension-pendulum-negro-osram\/#breadcrumb\",\"itemListElement\":[{\"@type\":\"ListItem\",\"position\":1,\"name\":\"Portada\",\"item\":\"https:\/\/ledsolintel.com\/fr\/\"},{\"@type\":\"ListItem\",\"position\":2,\"name\":\"Tienda\",\"item\":\"https:\/\/ledsolintel.com\/tienda\/\"},{\"@type\":\"ListItem\",\"position\":3,\"name\":\"227996 LAMPARA SUSPENSION PENDULUM NEGRO OSRAM\"}]},{\"@type\":\"WebSite\",\"@id\":\"https:\/\/ledsolintel.com\/#website\",\"url\":\"https:\/\/ledsolintel.com\/\",\"name\":\"Webmenaje\",\"description\":\"Tienda de bombillas y l\u00e1mparas LED para profesionales\",\"publisher\":{\"@id\":\"https:\/\/ledsolintel.com\/#organization\"},\"potentialAction\":[{\"@type\":\"SearchAction\",\"target\":{\"@type\":\"EntryPoint\",\"urlTemplate\":\"https:\/\/ledsolintel.com\/?s={search_term_string}\"},\"query-input\":{\"@type\":\"PropertyValueSpecification\",\"valueRequired\":true,\"valueName\":\"search_term_string\"}}],\"inLanguage\":\"fr-FR\"},{\"@type\":\"Organization\",\"@id\":\"https:\/\/ledsolintel.com\/#organization\",\"name\":\"Solintel Noroeste, S.L.\",\"url\":\"https:\/\/ledsolintel.com\/\",\"logo\":{\"@type\":\"ImageObject\",\"inLanguage\":\"fr-FR\",\"@id\":\"https:\/\/ledsolintel.com\/#\/schema\/logo\/image\/\",\"url\":\"https:\/\/ledsolintel.com\/wp-content\/uploads\/2024\/11\/webmenaje-logo-1508269066.jpg\",\"contentUrl\":\"https:\/\/ledsolintel.com\/wp-content\/uploads\/2024\/11\/webmenaje-logo-1508269066.jpg\",\"width\":370,\"height\":90,\"caption\":\"Solintel Noroeste, S.L.\"},\"image\":{\"@id\":\"https:\/\/ledsolintel.com\/#\/schema\/logo\/image\/\"},\"sameAs\":[\"http:\/\/www.facebook.com\/webmenaje\",\"https:\/\/x.com\/webmenaje\",\"https:\/\/www.youtube.com\/channel\/UCX2KoVoeCG4LocZjUc6LmSQ\",\"http:\/\/www.pinterest.com\/webmenaje\"]}]}<\/script>\n<!-- \/ Yoast SEO plugin. -->","yoast_head_json":{"title":"227996 LAMPE DE SUSPENSION PENDULE NOIRE OSRAM - Ledsolintel","robots":{"index":"index","follow":"follow","max-snippet":"max-snippet:-1","max-image-preview":"max-image-preview:large","max-video-preview":"max-video-preview:-1"},"canonical":"https:\/\/ledsolintel.com\/fr\/produit-2\/227996-lampe-pendulaire-noir-osram\/","og_locale":"fr_FR","og_type":"article","og_title":"227996 LAMPARA SUSPENSION PENDULUM NEGRO OSRAM - Ledsolintel","og_description":"No es un enfilaje m\u00e1s. Osram apuesta por la modulaci\u00f3n y el montaje flexible incluyendo una pieza extra a esta l\u00e1mpara, que consiste en un cable con aplique met\u00e1lico que se fija en el techo y dirige el enfilaje en la direcci\u00f3n que desees. Incluye flor\u00f3n y","og_url":"https:\/\/ledsolintel.com\/fr\/produit-2\/227996-lampe-pendulaire-noir-osram\/","og_site_name":"Ledsolintel","article_publisher":"http:\/\/www.facebook.com\/webmenaje","og_image":[{"url":"https:\/\/ledsolintel.com\/wp-content\/uploads\/2024\/05\/28484-227996-LAMPARA-SUSPENSION-PENDULUM-NEGRO-OSRAM.jpg","width":1,"height":1,"type":"image\/jpeg"}],"twitter_card":"summary_large_image","twitter_site":"@webmenaje","schema":{"@context":"https:\/\/schema.org","@graph":[{"@type":"WebPage","@id":"https:\/\/ledsolintel.com\/product\/227996-lampara-suspension-pendulum-negro-osram\/","url":"https:\/\/ledsolintel.com\/product\/227996-lampara-suspension-pendulum-negro-osram\/","name":"227996 LAMPE DE SUSPENSION PENDULE NOIRE OSRAM - Ledsolintel","isPartOf":{"@id":"https:\/\/ledsolintel.com\/#website"},"primaryImageOfPage":{"@id":"https:\/\/ledsolintel.com\/product\/227996-lampara-suspension-pendulum-negro-osram\/#primaryimage"},"image":{"@id":"https:\/\/ledsolintel.com\/product\/227996-lampara-suspension-pendulum-negro-osram\/#primaryimage"},"thumbnailUrl":"https:\/\/ledsolintel.com\/wp-content\/uploads\/2024\/05\/28484-227996-LAMPARA-SUSPENSION-PENDULUM-NEGRO-OSRAM.jpg","datePublished":"2024-05-23T08:38:19+00:00","breadcrumb":{"@id":"https:\/\/ledsolintel.com\/product\/227996-lampara-suspension-pendulum-negro-osram\/#breadcrumb"},"inLanguage":"fr-FR","potentialAction":[{"@type":"ReadAction","target":["https:\/\/ledsolintel.com\/product\/227996-lampara-suspension-pendulum-negro-osram\/"]}]},{"@type":"ImageObject","inLanguage":"fr-FR","@id":"https:\/\/ledsolintel.com\/product\/227996-lampara-suspension-pendulum-negro-osram\/#primaryimage","url":"https:\/\/ledsolintel.com\/wp-content\/uploads\/2024\/05\/28484-227996-LAMPARA-SUSPENSION-PENDULUM-NEGRO-OSRAM.jpg","contentUrl":"https:\/\/ledsolintel.com\/wp-content\/uploads\/2024\/05\/28484-227996-LAMPARA-SUSPENSION-PENDULUM-NEGRO-OSRAM.jpg","caption":"227996 LAMPARA SUSPENSION PENDULUM NEGRO OSRAM"},{"@type":"BreadcrumbList","@id":"https:\/\/ledsolintel.com\/product\/227996-lampara-suspension-pendulum-negro-osram\/#breadcrumb","itemListElement":[{"@type":"ListItem","position":1,"name":"Portada","item":"https:\/\/ledsolintel.com\/fr\/"},{"@type":"ListItem","position":2,"name":"Tienda","item":"https:\/\/ledsolintel.com\/tienda\/"},{"@type":"ListItem","position":3,"name":"227996 LAMPARA SUSPENSION PENDULUM NEGRO OSRAM"}]},{"@type":"WebSite","@id":"https:\/\/ledsolintel.com\/#website","url":"https:\/\/ledsolintel.com\/","name":"Webmenaje","description":"Magasin d'ampoules et de lampes LED pour les professionnels","publisher":{"@id":"https:\/\/ledsolintel.com\/#organization"},"potentialAction":[{"@type":"SearchAction","target":{"@type":"EntryPoint","urlTemplate":"https:\/\/ledsolintel.com\/?s={search_term_string}"},"query-input":{"@type":"PropertyValueSpecification","valueRequired":true,"valueName":"search_term_string"}}],"inLanguage":"fr-FR"},{"@type":"Organization","@id":"https:\/\/ledsolintel.com\/#organization","name":"Solintel Noroeste, S.L.","url":"https:\/\/ledsolintel.com\/","logo":{"@type":"ImageObject","inLanguage":"fr-FR","@id":"https:\/\/ledsolintel.com\/#\/schema\/logo\/image\/","url":"https:\/\/ledsolintel.com\/wp-content\/uploads\/2024\/11\/webmenaje-logo-1508269066.jpg","contentUrl":"https:\/\/ledsolintel.com\/wp-content\/uploads\/2024\/11\/webmenaje-logo-1508269066.jpg","width":370,"height":90,"caption":"Solintel Noroeste, S.L."},"image":{"@id":"https:\/\/ledsolintel.com\/#\/schema\/logo\/image\/"},"sameAs":["http:\/\/www.facebook.com\/webmenaje","https:\/\/x.com\/webmenaje","https:\/\/www.youtube.com\/channel\/UCX2KoVoeCG4LocZjUc6LmSQ","http:\/\/www.pinterest.com\/webmenaje"]}]}},"_links":{"self":[{"href":"https:\/\/ledsolintel.com\/fr\/wp-json\/wp\/v2\/product\/253079","targetHints":{"allow":["GET"]}}],"collection":[{"href":"https:\/\/ledsolintel.com\/fr\/wp-json\/wp\/v2\/product"}],"about":[{"href":"https:\/\/ledsolintel.com\/fr\/wp-json\/wp\/v2\/types\/product"}],"version-history":[{"count":0,"href":"https:\/\/ledsolintel.com\/fr\/wp-json\/wp\/v2\/product\/253079\/revisions"}],"wp:featuredmedia":[{"embeddable":true,"href":"https:\/\/ledsolintel.com\/fr\/wp-json\/wp\/v2\/media\/253071"}],"wp:attachment":[{"href":"https:\/\/ledsolintel.com\/fr\/wp-json\/wp\/v2\/media?parent=253079"}],"wp:term":[{"taxonomy":"product_brand","embeddable":true,"href":"https:\/\/ledsolintel.com\/fr\/wp-json\/wp\/v2\/product_brand?post=253079"},{"taxonomy":"product_cat","embeddable":true,"href":"https:\/\/ledsolintel.com\/fr\/wp-json\/wp\/v2\/product_cat?post=253079"},{"taxonomy":"product_tag","embeddable":true,"href":"https:\/\/ledsolintel.com\/fr\/wp-json\/wp\/v2\/product_tag?post=253079"}],"curies":[{"name":"wp","href":"https:\/\/api.w.org\/{rel}","templated":true}]}}