{"id":252982,"date":"2024-05-23T10:38:19","date_gmt":"2024-05-23T08:38:19","guid":{"rendered":"https:\/\/nueva.ledsolintel.com\/product\/04033-foco-con-carril-3xgu10-3x35w-ip20-1000mm-negro-sofia-struhm\/"},"modified":"2024-05-23T10:38:19","modified_gmt":"2024-05-23T08:38:19","slug":"04033-foco-con-carril-3xgu10-3x35w-ip20-1000mm-negro-sofia-struhm","status":"publish","type":"product","link":"https:\/\/ledsolintel.com\/fr\/produit-2\/04033-foco-con-carril-3xgu10-3x35w-ip20-1000mm-negro-sofia-struhm\/","title":{"rendered":"04033 LAMPE AVEC RAIL 3xGU10 3x35W IP20 1000mm NOIR SOFIA STR\u00dcHM"},"content":{"rendered":"<p>Id\u00e9al pour les int\u00e9rieurs modernes. Elle \u00e9claire les \u00eelots de cuisine, les salons, les tables \u00e0 manger, les comptoirs de bar, les salons de coiffure, les r\u00e9ceptions, etc.  Comprend un support de lampe pour une ampoule GU10 non incluse.<\/p>","protected":false},"excerpt":{"rendered":"<p>Ideal para interiores con estilo moderno. Ilumina islas de cocina, salones, mesas de comedor, barras de bares, peluquer\u00edas, recepciones, etc. Incluye portal\u00e1mparas para bombilla GU10 no inclu\u00edda.<\/p>","protected":false},"featured_media":252978,"template":"","meta":[],"product_brand":[99455],"product_cat":[99601],"product_tag":[],"class_list":{"0":"post-252982","1":"product","2":"type-product","3":"status-publish","4":"has-post-thumbnail","6":"product_brand-strum","7":"product_cat-gyemo","10":"instock","11":"taxable","12":"shipping-taxable","13":"purchasable","14":"product-type-simple"},"yoast_head":"<!-- This site is optimized with the Yoast SEO plugin v26.6 - https:\/\/yoast.com\/wordpress\/plugins\/seo\/ -->\n<title>04033 FOCO CON CARRIL 3xGU10 3x35W IP20 1000mm NEGRO SOFIA STR\u00dcHM - Ledsolintel<\/title>\n<meta name=\"robots\" content=\"index, follow, max-snippet:-1, max-image-preview:large, max-video-preview:-1\" \/>\n<link rel=\"canonical\" href=\"https:\/\/ledsolintel.com\/fr\/produit-2\/04033-foco-con-carril-3xgu10-3x35w-ip20-1000mm-negro-sofia-struhm\/\" \/>\n<meta property=\"og:locale\" content=\"fr_FR\" \/>\n<meta property=\"og:type\" content=\"article\" \/>\n<meta property=\"og:title\" content=\"04033 FOCO CON CARRIL 3xGU10 3x35W IP20 1000mm NEGRO SOFIA STR\u00dcHM - Ledsolintel\" \/>\n<meta property=\"og:description\" content=\"Ideal para interiores con estilo moderno. Ilumina islas de cocina, salones, mesas de comedor, barras de bares, peluquer\u00edas, recepciones, etc. Incluye portal\u00e1mparas para bombilla GU10 no inclu\u00edda.\" \/>\n<meta property=\"og:url\" content=\"https:\/\/ledsolintel.com\/fr\/produit-2\/04033-foco-con-carril-3xgu10-3x35w-ip20-1000mm-negro-sofia-struhm\/\" \/>\n<meta property=\"og:site_name\" content=\"Ledsolintel\" \/>\n<meta property=\"article:publisher\" content=\"http:\/\/www.facebook.com\/webmenaje\" \/>\n<meta property=\"og:image\" content=\"https:\/\/ledsolintel.com\/wp-content\/uploads\/2024\/05\/28379-04033-FOCO-CON-CARRIL-3xGU10-3x35W-IP20-1000mm-NEGRO-SOFIA-STRUHM.jpg\" \/>\n\t<meta property=\"og:image:width\" content=\"1\" \/>\n\t<meta property=\"og:image:height\" content=\"1\" \/>\n\t<meta property=\"og:image:type\" content=\"image\/jpeg\" \/>\n<meta name=\"twitter:card\" content=\"summary_large_image\" \/>\n<meta name=\"twitter:site\" content=\"@webmenaje\" \/>\n<script type=\"application\/ld+json\" class=\"yoast-schema-graph\">{\"@context\":\"https:\/\/schema.org\",\"@graph\":[{\"@type\":\"WebPage\",\"@id\":\"https:\/\/ledsolintel.com\/product\/04033-foco-con-carril-3xgu10-3x35w-ip20-1000mm-negro-sofia-struhm\/\",\"url\":\"https:\/\/ledsolintel.com\/product\/04033-foco-con-carril-3xgu10-3x35w-ip20-1000mm-negro-sofia-struhm\/\",\"name\":\"04033 FOCO CON CARRIL 3xGU10 3x35W IP20 1000mm NEGRO SOFIA STR\u00dcHM - Ledsolintel\",\"isPartOf\":{\"@id\":\"https:\/\/ledsolintel.com\/#website\"},\"primaryImageOfPage\":{\"@id\":\"https:\/\/ledsolintel.com\/product\/04033-foco-con-carril-3xgu10-3x35w-ip20-1000mm-negro-sofia-struhm\/#primaryimage\"},\"image\":{\"@id\":\"https:\/\/ledsolintel.com\/product\/04033-foco-con-carril-3xgu10-3x35w-ip20-1000mm-negro-sofia-struhm\/#primaryimage\"},\"thumbnailUrl\":\"https:\/\/ledsolintel.com\/wp-content\/uploads\/2024\/05\/28379-04033-FOCO-CON-CARRIL-3xGU10-3x35W-IP20-1000mm-NEGRO-SOFIA-STRUHM.jpg\",\"datePublished\":\"2024-05-23T08:38:19+00:00\",\"breadcrumb\":{\"@id\":\"https:\/\/ledsolintel.com\/product\/04033-foco-con-carril-3xgu10-3x35w-ip20-1000mm-negro-sofia-struhm\/#breadcrumb\"},\"inLanguage\":\"fr-FR\",\"potentialAction\":[{\"@type\":\"ReadAction\",\"target\":[\"https:\/\/ledsolintel.com\/product\/04033-foco-con-carril-3xgu10-3x35w-ip20-1000mm-negro-sofia-struhm\/\"]}]},{\"@type\":\"ImageObject\",\"inLanguage\":\"fr-FR\",\"@id\":\"https:\/\/ledsolintel.com\/product\/04033-foco-con-carril-3xgu10-3x35w-ip20-1000mm-negro-sofia-struhm\/#primaryimage\",\"url\":\"https:\/\/ledsolintel.com\/wp-content\/uploads\/2024\/05\/28379-04033-FOCO-CON-CARRIL-3xGU10-3x35W-IP20-1000mm-NEGRO-SOFIA-STRUHM.jpg\",\"contentUrl\":\"https:\/\/ledsolintel.com\/wp-content\/uploads\/2024\/05\/28379-04033-FOCO-CON-CARRIL-3xGU10-3x35W-IP20-1000mm-NEGRO-SOFIA-STRUHM.jpg\",\"caption\":\"04033 FOCO CON CARRIL 3xGU10 3x35W IP20 1000mm NEGRO SOFIA STR\u00dcHM\"},{\"@type\":\"BreadcrumbList\",\"@id\":\"https:\/\/ledsolintel.com\/product\/04033-foco-con-carril-3xgu10-3x35w-ip20-1000mm-negro-sofia-struhm\/#breadcrumb\",\"itemListElement\":[{\"@type\":\"ListItem\",\"position\":1,\"name\":\"Portada\",\"item\":\"https:\/\/ledsolintel.com\/fr\/\"},{\"@type\":\"ListItem\",\"position\":2,\"name\":\"Tienda\",\"item\":\"https:\/\/ledsolintel.com\/tienda\/\"},{\"@type\":\"ListItem\",\"position\":3,\"name\":\"04033 FOCO CON CARRIL 3xGU10 3x35W IP20 1000mm NEGRO SOFIA STR\u00dcHM\"}]},{\"@type\":\"WebSite\",\"@id\":\"https:\/\/ledsolintel.com\/#website\",\"url\":\"https:\/\/ledsolintel.com\/\",\"name\":\"Webmenaje\",\"description\":\"Tienda de bombillas y l\u00e1mparas LED para profesionales\",\"publisher\":{\"@id\":\"https:\/\/ledsolintel.com\/#organization\"},\"potentialAction\":[{\"@type\":\"SearchAction\",\"target\":{\"@type\":\"EntryPoint\",\"urlTemplate\":\"https:\/\/ledsolintel.com\/?s={search_term_string}\"},\"query-input\":{\"@type\":\"PropertyValueSpecification\",\"valueRequired\":true,\"valueName\":\"search_term_string\"}}],\"inLanguage\":\"fr-FR\"},{\"@type\":\"Organization\",\"@id\":\"https:\/\/ledsolintel.com\/#organization\",\"name\":\"Solintel Noroeste, S.L.\",\"url\":\"https:\/\/ledsolintel.com\/\",\"logo\":{\"@type\":\"ImageObject\",\"inLanguage\":\"fr-FR\",\"@id\":\"https:\/\/ledsolintel.com\/#\/schema\/logo\/image\/\",\"url\":\"https:\/\/ledsolintel.com\/wp-content\/uploads\/2024\/11\/webmenaje-logo-1508269066.jpg\",\"contentUrl\":\"https:\/\/ledsolintel.com\/wp-content\/uploads\/2024\/11\/webmenaje-logo-1508269066.jpg\",\"width\":370,\"height\":90,\"caption\":\"Solintel Noroeste, S.L.\"},\"image\":{\"@id\":\"https:\/\/ledsolintel.com\/#\/schema\/logo\/image\/\"},\"sameAs\":[\"http:\/\/www.facebook.com\/webmenaje\",\"https:\/\/x.com\/webmenaje\",\"https:\/\/www.youtube.com\/channel\/UCX2KoVoeCG4LocZjUc6LmSQ\",\"http:\/\/www.pinterest.com\/webmenaje\"]}]}<\/script>\n<!-- \/ Yoast SEO plugin. -->","yoast_head_json":{"title":"04033 FOCO CON CARRIL 3xGU10 3x35W IP20 1000mm NEGRO SOFIA STR\u00dcHM - Ledsolintel","robots":{"index":"index","follow":"follow","max-snippet":"max-snippet:-1","max-image-preview":"max-image-preview:large","max-video-preview":"max-video-preview:-1"},"canonical":"https:\/\/ledsolintel.com\/fr\/produit-2\/04033-foco-con-carril-3xgu10-3x35w-ip20-1000mm-negro-sofia-struhm\/","og_locale":"fr_FR","og_type":"article","og_title":"04033 FOCO CON CARRIL 3xGU10 3x35W IP20 1000mm NEGRO SOFIA STR\u00dcHM - Ledsolintel","og_description":"Ideal para interiores con estilo moderno. Ilumina islas de cocina, salones, mesas de comedor, barras de bares, peluquer\u00edas, recepciones, etc. Incluye portal\u00e1mparas para bombilla GU10 no inclu\u00edda.","og_url":"https:\/\/ledsolintel.com\/fr\/produit-2\/04033-foco-con-carril-3xgu10-3x35w-ip20-1000mm-negro-sofia-struhm\/","og_site_name":"Ledsolintel","article_publisher":"http:\/\/www.facebook.com\/webmenaje","og_image":[{"url":"https:\/\/ledsolintel.com\/wp-content\/uploads\/2024\/05\/28379-04033-FOCO-CON-CARRIL-3xGU10-3x35W-IP20-1000mm-NEGRO-SOFIA-STRUHM.jpg","width":1,"height":1,"type":"image\/jpeg"}],"twitter_card":"summary_large_image","twitter_site":"@webmenaje","schema":{"@context":"https:\/\/schema.org","@graph":[{"@type":"WebPage","@id":"https:\/\/ledsolintel.com\/product\/04033-foco-con-carril-3xgu10-3x35w-ip20-1000mm-negro-sofia-struhm\/","url":"https:\/\/ledsolintel.com\/product\/04033-foco-con-carril-3xgu10-3x35w-ip20-1000mm-negro-sofia-struhm\/","name":"04033 FOCO CON CARRIL 3xGU10 3x35W IP20 1000mm NEGRO SOFIA STR\u00dcHM - Ledsolintel","isPartOf":{"@id":"https:\/\/ledsolintel.com\/#website"},"primaryImageOfPage":{"@id":"https:\/\/ledsolintel.com\/product\/04033-foco-con-carril-3xgu10-3x35w-ip20-1000mm-negro-sofia-struhm\/#primaryimage"},"image":{"@id":"https:\/\/ledsolintel.com\/product\/04033-foco-con-carril-3xgu10-3x35w-ip20-1000mm-negro-sofia-struhm\/#primaryimage"},"thumbnailUrl":"https:\/\/ledsolintel.com\/wp-content\/uploads\/2024\/05\/28379-04033-FOCO-CON-CARRIL-3xGU10-3x35W-IP20-1000mm-NEGRO-SOFIA-STRUHM.jpg","datePublished":"2024-05-23T08:38:19+00:00","breadcrumb":{"@id":"https:\/\/ledsolintel.com\/product\/04033-foco-con-carril-3xgu10-3x35w-ip20-1000mm-negro-sofia-struhm\/#breadcrumb"},"inLanguage":"fr-FR","potentialAction":[{"@type":"ReadAction","target":["https:\/\/ledsolintel.com\/product\/04033-foco-con-carril-3xgu10-3x35w-ip20-1000mm-negro-sofia-struhm\/"]}]},{"@type":"ImageObject","inLanguage":"fr-FR","@id":"https:\/\/ledsolintel.com\/product\/04033-foco-con-carril-3xgu10-3x35w-ip20-1000mm-negro-sofia-struhm\/#primaryimage","url":"https:\/\/ledsolintel.com\/wp-content\/uploads\/2024\/05\/28379-04033-FOCO-CON-CARRIL-3xGU10-3x35W-IP20-1000mm-NEGRO-SOFIA-STRUHM.jpg","contentUrl":"https:\/\/ledsolintel.com\/wp-content\/uploads\/2024\/05\/28379-04033-FOCO-CON-CARRIL-3xGU10-3x35W-IP20-1000mm-NEGRO-SOFIA-STRUHM.jpg","caption":"04033 FOCO CON CARRIL 3xGU10 3x35W IP20 1000mm NEGRO SOFIA STR\u00dcHM"},{"@type":"BreadcrumbList","@id":"https:\/\/ledsolintel.com\/product\/04033-foco-con-carril-3xgu10-3x35w-ip20-1000mm-negro-sofia-struhm\/#breadcrumb","itemListElement":[{"@type":"ListItem","position":1,"name":"Portada","item":"https:\/\/ledsolintel.com\/fr\/"},{"@type":"ListItem","position":2,"name":"Tienda","item":"https:\/\/ledsolintel.com\/tienda\/"},{"@type":"ListItem","position":3,"name":"04033 FOCO CON CARRIL 3xGU10 3x35W IP20 1000mm NEGRO SOFIA STR\u00dcHM"}]},{"@type":"WebSite","@id":"https:\/\/ledsolintel.com\/#website","url":"https:\/\/ledsolintel.com\/","name":"Webmenaje","description":"Magasin d'ampoules et de lampes LED pour les professionnels","publisher":{"@id":"https:\/\/ledsolintel.com\/#organization"},"potentialAction":[{"@type":"SearchAction","target":{"@type":"EntryPoint","urlTemplate":"https:\/\/ledsolintel.com\/?s={search_term_string}"},"query-input":{"@type":"PropertyValueSpecification","valueRequired":true,"valueName":"search_term_string"}}],"inLanguage":"fr-FR"},{"@type":"Organization","@id":"https:\/\/ledsolintel.com\/#organization","name":"Solintel Noroeste, S.L.","url":"https:\/\/ledsolintel.com\/","logo":{"@type":"ImageObject","inLanguage":"fr-FR","@id":"https:\/\/ledsolintel.com\/#\/schema\/logo\/image\/","url":"https:\/\/ledsolintel.com\/wp-content\/uploads\/2024\/11\/webmenaje-logo-1508269066.jpg","contentUrl":"https:\/\/ledsolintel.com\/wp-content\/uploads\/2024\/11\/webmenaje-logo-1508269066.jpg","width":370,"height":90,"caption":"Solintel Noroeste, S.L."},"image":{"@id":"https:\/\/ledsolintel.com\/#\/schema\/logo\/image\/"},"sameAs":["http:\/\/www.facebook.com\/webmenaje","https:\/\/x.com\/webmenaje","https:\/\/www.youtube.com\/channel\/UCX2KoVoeCG4LocZjUc6LmSQ","http:\/\/www.pinterest.com\/webmenaje"]}]}},"_links":{"self":[{"href":"https:\/\/ledsolintel.com\/fr\/wp-json\/wp\/v2\/product\/252982","targetHints":{"allow":["GET"]}}],"collection":[{"href":"https:\/\/ledsolintel.com\/fr\/wp-json\/wp\/v2\/product"}],"about":[{"href":"https:\/\/ledsolintel.com\/fr\/wp-json\/wp\/v2\/types\/product"}],"version-history":[{"count":0,"href":"https:\/\/ledsolintel.com\/fr\/wp-json\/wp\/v2\/product\/252982\/revisions"}],"wp:featuredmedia":[{"embeddable":true,"href":"https:\/\/ledsolintel.com\/fr\/wp-json\/wp\/v2\/media\/252978"}],"wp:attachment":[{"href":"https:\/\/ledsolintel.com\/fr\/wp-json\/wp\/v2\/media?parent=252982"}],"wp:term":[{"taxonomy":"product_brand","embeddable":true,"href":"https:\/\/ledsolintel.com\/fr\/wp-json\/wp\/v2\/product_brand?post=252982"},{"taxonomy":"product_cat","embeddable":true,"href":"https:\/\/ledsolintel.com\/fr\/wp-json\/wp\/v2\/product_cat?post=252982"},{"taxonomy":"product_tag","embeddable":true,"href":"https:\/\/ledsolintel.com\/fr\/wp-json\/wp\/v2\/product_tag?post=252982"}],"curies":[{"name":"wp","href":"https:\/\/api.w.org\/{rel}","templated":true}]}}