{"id":252917,"date":"2024-05-23T10:38:19","date_gmt":"2024-05-23T08:38:19","guid":{"rendered":"https:\/\/nueva.ledsolintel.com\/product\/2805002-panel-led-plano-blanco-40w-4000k-60x60cm\/"},"modified":"2024-05-23T10:38:19","modified_gmt":"2024-05-23T08:38:19","slug":"2805002-panneau-led-plat-blanc-40w-4000k-60x60cm","status":"publish","type":"product","link":"https:\/\/ledsolintel.com\/fr\/produit-2\/2805002-panneau-led-plat-blanc-40w-4000k-60x60cm\/","title":{"rendered":"2805002 LED FLAT PANEL BLANC 40W 4000K 60x60cm"},"content":{"rendered":"<p>Pour l'encastrement dans le plafond armstrom ou la suspension. Ne comprend pas de pattes de fixation et ne convient donc pas aux plafonds en pl\u00e2tre ou en plaques de pl\u00e2tre. Pilote incorpor\u00e9. 576 Leds.<\/p>","protected":false},"excerpt":{"rendered":"<p>Pour l'encastrement dans le plafond armstrom ou la suspension. Ne comprend pas de pattes de fixation et ne convient donc pas aux plafonds en pl\u00e2tre ou en plaques de pl\u00e2tre. Pilote incorpor\u00e9. 576 Leds.<\/p>","protected":false},"featured_media":252916,"template":"","meta":[],"product_brand":[99399],"product_cat":[99601,99803,100219],"product_tag":[],"class_list":{"0":"post-252917","1":"product","2":"type-product","3":"status-publish","4":"has-post-thumbnail","6":"product_brand-f-bright","7":"product_cat-gyemo","8":"product_cat-paneles","9":"product_cat-paneles-led-de-techo","12":"instock","13":"taxable","14":"shipping-taxable","15":"purchasable","16":"product-type-simple"},"yoast_head":"<!-- This site is optimized with the Yoast SEO plugin v26.6 - https:\/\/yoast.com\/wordpress\/plugins\/seo\/ -->\n<title>2805002 PANEL LED PLANO BLANCO 40W 4000K 60x60cm - Ledsolintel<\/title>\n<meta name=\"robots\" content=\"index, follow, max-snippet:-1, max-image-preview:large, max-video-preview:-1\" \/>\n<link rel=\"canonical\" href=\"https:\/\/ledsolintel.com\/fr\/produit-2\/2805002-panneau-led-plat-blanc-40w-4000k-60x60cm\/\" \/>\n<meta property=\"og:locale\" content=\"fr_FR\" \/>\n<meta property=\"og:type\" content=\"article\" \/>\n<meta property=\"og:title\" content=\"2805002 PANEL LED PLANO BLANCO 40W 4000K 60x60cm - Ledsolintel\" \/>\n<meta property=\"og:description\" content=\"Para empotrar en techo tipo armstrom o para colgar. No incluye solapas de sujeci\u00f3n, por lo que no es v\u00e1lida para techos de pladur o escayola. Driver incorporado. 576 Leds.\" \/>\n<meta property=\"og:url\" content=\"https:\/\/ledsolintel.com\/fr\/produit-2\/2805002-panneau-led-plat-blanc-40w-4000k-60x60cm\/\" \/>\n<meta property=\"og:site_name\" content=\"Ledsolintel\" \/>\n<meta property=\"article:publisher\" content=\"http:\/\/www.facebook.com\/webmenaje\" \/>\n<meta property=\"og:image\" content=\"https:\/\/ledsolintel.com\/wp-content\/uploads\/2024\/05\/28338-2805002-PANEL-LED-PLANO-BLANCO-40W-4000K-60x60cm.jpg\" \/>\n\t<meta property=\"og:image:width\" content=\"1\" \/>\n\t<meta property=\"og:image:height\" content=\"1\" \/>\n\t<meta property=\"og:image:type\" content=\"image\/jpeg\" \/>\n<meta name=\"twitter:card\" content=\"summary_large_image\" \/>\n<meta name=\"twitter:site\" content=\"@webmenaje\" \/>\n<script type=\"application\/ld+json\" class=\"yoast-schema-graph\">{\"@context\":\"https:\/\/schema.org\",\"@graph\":[{\"@type\":\"WebPage\",\"@id\":\"https:\/\/ledsolintel.com\/product\/2805002-panel-led-plano-blanco-40w-4000k-60x60cm\/\",\"url\":\"https:\/\/ledsolintel.com\/product\/2805002-panel-led-plano-blanco-40w-4000k-60x60cm\/\",\"name\":\"2805002 PANEL LED PLANO BLANCO 40W 4000K 60x60cm - Ledsolintel\",\"isPartOf\":{\"@id\":\"https:\/\/ledsolintel.com\/#website\"},\"primaryImageOfPage\":{\"@id\":\"https:\/\/ledsolintel.com\/product\/2805002-panel-led-plano-blanco-40w-4000k-60x60cm\/#primaryimage\"},\"image\":{\"@id\":\"https:\/\/ledsolintel.com\/product\/2805002-panel-led-plano-blanco-40w-4000k-60x60cm\/#primaryimage\"},\"thumbnailUrl\":\"https:\/\/ledsolintel.com\/wp-content\/uploads\/2024\/05\/28338-2805002-PANEL-LED-PLANO-BLANCO-40W-4000K-60x60cm.jpg\",\"datePublished\":\"2024-05-23T08:38:19+00:00\",\"breadcrumb\":{\"@id\":\"https:\/\/ledsolintel.com\/product\/2805002-panel-led-plano-blanco-40w-4000k-60x60cm\/#breadcrumb\"},\"inLanguage\":\"fr-FR\",\"potentialAction\":[{\"@type\":\"ReadAction\",\"target\":[\"https:\/\/ledsolintel.com\/product\/2805002-panel-led-plano-blanco-40w-4000k-60x60cm\/\"]}]},{\"@type\":\"ImageObject\",\"inLanguage\":\"fr-FR\",\"@id\":\"https:\/\/ledsolintel.com\/product\/2805002-panel-led-plano-blanco-40w-4000k-60x60cm\/#primaryimage\",\"url\":\"https:\/\/ledsolintel.com\/wp-content\/uploads\/2024\/05\/28338-2805002-PANEL-LED-PLANO-BLANCO-40W-4000K-60x60cm.jpg\",\"contentUrl\":\"https:\/\/ledsolintel.com\/wp-content\/uploads\/2024\/05\/28338-2805002-PANEL-LED-PLANO-BLANCO-40W-4000K-60x60cm.jpg\",\"caption\":\"2805002 PANEL LED PLANO BLANCO 40W 4000K 60x60cm\"},{\"@type\":\"BreadcrumbList\",\"@id\":\"https:\/\/ledsolintel.com\/product\/2805002-panel-led-plano-blanco-40w-4000k-60x60cm\/#breadcrumb\",\"itemListElement\":[{\"@type\":\"ListItem\",\"position\":1,\"name\":\"Portada\",\"item\":\"https:\/\/ledsolintel.com\/fr\/\"},{\"@type\":\"ListItem\",\"position\":2,\"name\":\"Tienda\",\"item\":\"https:\/\/ledsolintel.com\/tienda\/\"},{\"@type\":\"ListItem\",\"position\":3,\"name\":\"2805002 PANEL LED PLANO BLANCO 40W 4000K 60x60cm\"}]},{\"@type\":\"WebSite\",\"@id\":\"https:\/\/ledsolintel.com\/#website\",\"url\":\"https:\/\/ledsolintel.com\/\",\"name\":\"Webmenaje\",\"description\":\"Tienda de bombillas y l\u00e1mparas LED para profesionales\",\"publisher\":{\"@id\":\"https:\/\/ledsolintel.com\/#organization\"},\"potentialAction\":[{\"@type\":\"SearchAction\",\"target\":{\"@type\":\"EntryPoint\",\"urlTemplate\":\"https:\/\/ledsolintel.com\/?s={search_term_string}\"},\"query-input\":{\"@type\":\"PropertyValueSpecification\",\"valueRequired\":true,\"valueName\":\"search_term_string\"}}],\"inLanguage\":\"fr-FR\"},{\"@type\":\"Organization\",\"@id\":\"https:\/\/ledsolintel.com\/#organization\",\"name\":\"Solintel Noroeste, S.L.\",\"url\":\"https:\/\/ledsolintel.com\/\",\"logo\":{\"@type\":\"ImageObject\",\"inLanguage\":\"fr-FR\",\"@id\":\"https:\/\/ledsolintel.com\/#\/schema\/logo\/image\/\",\"url\":\"https:\/\/ledsolintel.com\/wp-content\/uploads\/2024\/11\/webmenaje-logo-1508269066.jpg\",\"contentUrl\":\"https:\/\/ledsolintel.com\/wp-content\/uploads\/2024\/11\/webmenaje-logo-1508269066.jpg\",\"width\":370,\"height\":90,\"caption\":\"Solintel Noroeste, S.L.\"},\"image\":{\"@id\":\"https:\/\/ledsolintel.com\/#\/schema\/logo\/image\/\"},\"sameAs\":[\"http:\/\/www.facebook.com\/webmenaje\",\"https:\/\/x.com\/webmenaje\",\"https:\/\/www.youtube.com\/channel\/UCX2KoVoeCG4LocZjUc6LmSQ\",\"http:\/\/www.pinterest.com\/webmenaje\"]}]}<\/script>\n<!-- \/ Yoast SEO plugin. -->","yoast_head_json":{"title":"2805002 PANNEAU DE LEDS BLANC PLAT 40W 4000K 60x60cm - Ledsolintel","robots":{"index":"index","follow":"follow","max-snippet":"max-snippet:-1","max-image-preview":"max-image-preview:large","max-video-preview":"max-video-preview:-1"},"canonical":"https:\/\/ledsolintel.com\/fr\/produit-2\/2805002-panneau-led-plat-blanc-40w-4000k-60x60cm\/","og_locale":"fr_FR","og_type":"article","og_title":"2805002 PANEL LED PLANO BLANCO 40W 4000K 60x60cm - Ledsolintel","og_description":"Para empotrar en techo tipo armstrom o para colgar. No incluye solapas de sujeci\u00f3n, por lo que no es v\u00e1lida para techos de pladur o escayola. Driver incorporado. 576 Leds.","og_url":"https:\/\/ledsolintel.com\/fr\/produit-2\/2805002-panneau-led-plat-blanc-40w-4000k-60x60cm\/","og_site_name":"Ledsolintel","article_publisher":"http:\/\/www.facebook.com\/webmenaje","og_image":[{"url":"https:\/\/ledsolintel.com\/wp-content\/uploads\/2024\/05\/28338-2805002-PANEL-LED-PLANO-BLANCO-40W-4000K-60x60cm.jpg","width":1,"height":1,"type":"image\/jpeg"}],"twitter_card":"summary_large_image","twitter_site":"@webmenaje","schema":{"@context":"https:\/\/schema.org","@graph":[{"@type":"WebPage","@id":"https:\/\/ledsolintel.com\/product\/2805002-panel-led-plano-blanco-40w-4000k-60x60cm\/","url":"https:\/\/ledsolintel.com\/product\/2805002-panel-led-plano-blanco-40w-4000k-60x60cm\/","name":"2805002 PANNEAU DE LEDS BLANC PLAT 40W 4000K 60x60cm - Ledsolintel","isPartOf":{"@id":"https:\/\/ledsolintel.com\/#website"},"primaryImageOfPage":{"@id":"https:\/\/ledsolintel.com\/product\/2805002-panel-led-plano-blanco-40w-4000k-60x60cm\/#primaryimage"},"image":{"@id":"https:\/\/ledsolintel.com\/product\/2805002-panel-led-plano-blanco-40w-4000k-60x60cm\/#primaryimage"},"thumbnailUrl":"https:\/\/ledsolintel.com\/wp-content\/uploads\/2024\/05\/28338-2805002-PANEL-LED-PLANO-BLANCO-40W-4000K-60x60cm.jpg","datePublished":"2024-05-23T08:38:19+00:00","breadcrumb":{"@id":"https:\/\/ledsolintel.com\/product\/2805002-panel-led-plano-blanco-40w-4000k-60x60cm\/#breadcrumb"},"inLanguage":"fr-FR","potentialAction":[{"@type":"ReadAction","target":["https:\/\/ledsolintel.com\/product\/2805002-panel-led-plano-blanco-40w-4000k-60x60cm\/"]}]},{"@type":"ImageObject","inLanguage":"fr-FR","@id":"https:\/\/ledsolintel.com\/product\/2805002-panel-led-plano-blanco-40w-4000k-60x60cm\/#primaryimage","url":"https:\/\/ledsolintel.com\/wp-content\/uploads\/2024\/05\/28338-2805002-PANEL-LED-PLANO-BLANCO-40W-4000K-60x60cm.jpg","contentUrl":"https:\/\/ledsolintel.com\/wp-content\/uploads\/2024\/05\/28338-2805002-PANEL-LED-PLANO-BLANCO-40W-4000K-60x60cm.jpg","caption":"2805002 PANEL LED PLANO BLANCO 40W 4000K 60x60cm"},{"@type":"BreadcrumbList","@id":"https:\/\/ledsolintel.com\/product\/2805002-panel-led-plano-blanco-40w-4000k-60x60cm\/#breadcrumb","itemListElement":[{"@type":"ListItem","position":1,"name":"Portada","item":"https:\/\/ledsolintel.com\/fr\/"},{"@type":"ListItem","position":2,"name":"Tienda","item":"https:\/\/ledsolintel.com\/tienda\/"},{"@type":"ListItem","position":3,"name":"2805002 PANEL LED PLANO BLANCO 40W 4000K 60x60cm"}]},{"@type":"WebSite","@id":"https:\/\/ledsolintel.com\/#website","url":"https:\/\/ledsolintel.com\/","name":"Webmenaje","description":"Magasin d'ampoules et de lampes LED pour les professionnels","publisher":{"@id":"https:\/\/ledsolintel.com\/#organization"},"potentialAction":[{"@type":"SearchAction","target":{"@type":"EntryPoint","urlTemplate":"https:\/\/ledsolintel.com\/?s={search_term_string}"},"query-input":{"@type":"PropertyValueSpecification","valueRequired":true,"valueName":"search_term_string"}}],"inLanguage":"fr-FR"},{"@type":"Organization","@id":"https:\/\/ledsolintel.com\/#organization","name":"Solintel Noroeste, S.L.","url":"https:\/\/ledsolintel.com\/","logo":{"@type":"ImageObject","inLanguage":"fr-FR","@id":"https:\/\/ledsolintel.com\/#\/schema\/logo\/image\/","url":"https:\/\/ledsolintel.com\/wp-content\/uploads\/2024\/11\/webmenaje-logo-1508269066.jpg","contentUrl":"https:\/\/ledsolintel.com\/wp-content\/uploads\/2024\/11\/webmenaje-logo-1508269066.jpg","width":370,"height":90,"caption":"Solintel Noroeste, S.L."},"image":{"@id":"https:\/\/ledsolintel.com\/#\/schema\/logo\/image\/"},"sameAs":["http:\/\/www.facebook.com\/webmenaje","https:\/\/x.com\/webmenaje","https:\/\/www.youtube.com\/channel\/UCX2KoVoeCG4LocZjUc6LmSQ","http:\/\/www.pinterest.com\/webmenaje"]}]}},"_links":{"self":[{"href":"https:\/\/ledsolintel.com\/fr\/wp-json\/wp\/v2\/product\/252917","targetHints":{"allow":["GET"]}}],"collection":[{"href":"https:\/\/ledsolintel.com\/fr\/wp-json\/wp\/v2\/product"}],"about":[{"href":"https:\/\/ledsolintel.com\/fr\/wp-json\/wp\/v2\/types\/product"}],"version-history":[{"count":0,"href":"https:\/\/ledsolintel.com\/fr\/wp-json\/wp\/v2\/product\/252917\/revisions"}],"wp:featuredmedia":[{"embeddable":true,"href":"https:\/\/ledsolintel.com\/fr\/wp-json\/wp\/v2\/media\/252916"}],"wp:attachment":[{"href":"https:\/\/ledsolintel.com\/fr\/wp-json\/wp\/v2\/media?parent=252917"}],"wp:term":[{"taxonomy":"product_brand","embeddable":true,"href":"https:\/\/ledsolintel.com\/fr\/wp-json\/wp\/v2\/product_brand?post=252917"},{"taxonomy":"product_cat","embeddable":true,"href":"https:\/\/ledsolintel.com\/fr\/wp-json\/wp\/v2\/product_cat?post=252917"},{"taxonomy":"product_tag","embeddable":true,"href":"https:\/\/ledsolintel.com\/fr\/wp-json\/wp\/v2\/product_tag?post=252917"}],"curies":[{"name":"wp","href":"https:\/\/api.w.org\/{rel}","templated":true}]}}