{"id":252915,"date":"2024-05-23T10:38:19","date_gmt":"2024-05-23T08:38:19","guid":{"rendered":"https:\/\/nueva.ledsolintel.com\/product\/386648-panel-led-empotrable-36w-4000k-60x60cm-eco-class-ledvance\/"},"modified":"2024-05-23T10:38:19","modified_gmt":"2024-05-23T08:38:19","slug":"386648-encastre-36w-led-panel-4000k-60x60cm-eco-class-ledvance","status":"publish","type":"product","link":"https:\/\/ledsolintel.com\/fr\/produit-2\/386648-encastre-36w-led-panel-4000k-60x60cm-eco-class-ledvance\/","title":{"rendered":"386648 PANNEAU LED 36W 4000K 60x60cm ECO CLASS LEDVANCE"},"content":{"rendered":"<p>Remplacement direct des luminaires \u00e9quip\u00e9s de lampes fluorescentes. Convient aux syst\u00e8mes de plafonds encastr\u00e9s avec une grille de 600 x 600 mm. Installation simple. \u00c9conomie d'\u00e9nergie gr\u00e2ce \u00e0 une efficacit\u00e9 du syst\u00e8me allant jusqu'\u00e0 90 lm\/W. Faible scintillement gr\u00e2ce \u00e0 une faible<\/p>","protected":false},"excerpt":{"rendered":"<p>Remplacement direct des luminaires \u00e9quip\u00e9s de lampes fluorescentes. Convient aux syst\u00e8mes de plafonds encastr\u00e9s avec une grille de 600 x 600 mm. Installation simple. \u00c9conomie d'\u00e9nergie gr\u00e2ce \u00e0 une efficacit\u00e9 du syst\u00e8me allant jusqu'\u00e0 90 lm\/W. Faible scintillement gr\u00e2ce \u00e0 une faible<\/p>","protected":false},"featured_media":252912,"template":"","meta":[],"product_brand":[99393],"product_cat":[99601,99803,100219],"product_tag":[],"class_list":{"0":"post-252915","1":"product","2":"type-product","3":"status-publish","4":"has-post-thumbnail","6":"product_brand-ledvance","7":"product_cat-gyemo","8":"product_cat-paneles","9":"product_cat-paneles-led-de-techo","12":"instock","13":"taxable","14":"shipping-taxable","15":"purchasable","16":"product-type-simple"},"yoast_head":"<!-- This site is optimized with the Yoast SEO plugin v27.4 - https:\/\/yoast.com\/product\/yoast-seo-wordpress\/ -->\n<title>386648 PANEL LED EMPOTRABLE 36W 4000K 60x60cm ECO CLASS LEDVANCE - Ledsolintel<\/title>\n<meta name=\"robots\" content=\"index, follow, max-snippet:-1, max-image-preview:large, max-video-preview:-1\" \/>\n<link rel=\"canonical\" href=\"https:\/\/ledsolintel.com\/fr\/produit\/386648-encastre-36w-led-panel-4000k-60x60cm-eco-class-ledvance\/\" \/>\n<meta property=\"og:locale\" content=\"fr_FR\" \/>\n<meta property=\"og:type\" content=\"article\" \/>\n<meta property=\"og:title\" content=\"386648 PANEL LED EMPOTRABLE 36W 4000K 60x60cm ECO CLASS LEDVANCE - Ledsolintel\" \/>\n<meta property=\"og:description\" content=\"Sustituto directo para luminarias con l\u00e1mparas fluorescentes.Adecuado para sistemas de techo empotrado con una rejilla de 600 x 600 mm. Montaje sencillo. Ahorro de energ\u00eda gracias a la eficacia del sistema de hasta 90 lm\/W. Bajo flickering gracias a un me\" \/>\n<meta property=\"og:url\" content=\"https:\/\/ledsolintel.com\/fr\/produit\/386648-encastre-36w-led-panel-4000k-60x60cm-eco-class-ledvance\/\" \/>\n<meta property=\"og:site_name\" content=\"Ledsolintel\" \/>\n<meta property=\"article:publisher\" content=\"http:\/\/www.facebook.com\/webmenaje\" \/>\n<meta property=\"og:image\" content=\"https:\/\/ledsolintel.com\/wp-content\/uploads\/2024\/05\/28335-386648-PANEL-LED-EMPOTRABLE-36W-4000K-60x60cm-ECO-CLASS-LEDVANCE.jpg\" \/>\n\t<meta property=\"og:image:width\" content=\"1\" \/>\n\t<meta property=\"og:image:height\" content=\"1\" \/>\n\t<meta property=\"og:image:type\" content=\"image\/jpeg\" \/>\n<meta name=\"twitter:card\" content=\"summary_large_image\" \/>\n<meta name=\"twitter:site\" content=\"@webmenaje\" \/>\n<script type=\"application\/ld+json\" class=\"yoast-schema-graph\">{\"@context\":\"https:\\\/\\\/schema.org\",\"@graph\":[{\"@type\":\"WebPage\",\"@id\":\"https:\\\/\\\/ledsolintel.com\\\/en\\\/product\\\/386648-panel-led-empotrable-36w-4000k-60x60cm-eco-class-ledvance\\\/\",\"url\":\"https:\\\/\\\/ledsolintel.com\\\/en\\\/product\\\/386648-panel-led-empotrable-36w-4000k-60x60cm-eco-class-ledvance\\\/\",\"name\":\"386648 PANEL LED EMPOTRABLE 36W 4000K 60x60cm ECO CLASS LEDVANCE - Ledsolintel\",\"isPartOf\":{\"@id\":\"https:\\\/\\\/ledsolintel.com\\\/#website\"},\"primaryImageOfPage\":{\"@id\":\"https:\\\/\\\/ledsolintel.com\\\/en\\\/product\\\/386648-panel-led-empotrable-36w-4000k-60x60cm-eco-class-ledvance\\\/#primaryimage\"},\"image\":{\"@id\":\"https:\\\/\\\/ledsolintel.com\\\/en\\\/product\\\/386648-panel-led-empotrable-36w-4000k-60x60cm-eco-class-ledvance\\\/#primaryimage\"},\"thumbnailUrl\":\"https:\\\/\\\/ledsolintel.com\\\/wp-content\\\/uploads\\\/2024\\\/05\\\/28335-386648-PANEL-LED-EMPOTRABLE-36W-4000K-60x60cm-ECO-CLASS-LEDVANCE.jpg\",\"datePublished\":\"2024-05-23T08:38:19+00:00\",\"breadcrumb\":{\"@id\":\"https:\\\/\\\/ledsolintel.com\\\/en\\\/product\\\/386648-panel-led-empotrable-36w-4000k-60x60cm-eco-class-ledvance\\\/#breadcrumb\"},\"inLanguage\":\"fr-FR\",\"potentialAction\":[{\"@type\":\"ReadAction\",\"target\":[\"https:\\\/\\\/ledsolintel.com\\\/en\\\/product\\\/386648-panel-led-empotrable-36w-4000k-60x60cm-eco-class-ledvance\\\/\"]}]},{\"@type\":\"ImageObject\",\"inLanguage\":\"fr-FR\",\"@id\":\"https:\\\/\\\/ledsolintel.com\\\/en\\\/product\\\/386648-panel-led-empotrable-36w-4000k-60x60cm-eco-class-ledvance\\\/#primaryimage\",\"url\":\"https:\\\/\\\/ledsolintel.com\\\/wp-content\\\/uploads\\\/2024\\\/05\\\/28335-386648-PANEL-LED-EMPOTRABLE-36W-4000K-60x60cm-ECO-CLASS-LEDVANCE.jpg\",\"contentUrl\":\"https:\\\/\\\/ledsolintel.com\\\/wp-content\\\/uploads\\\/2024\\\/05\\\/28335-386648-PANEL-LED-EMPOTRABLE-36W-4000K-60x60cm-ECO-CLASS-LEDVANCE.jpg\",\"caption\":\"386648 PANEL LED EMPOTRABLE 36W 4000K 60x60cm ECO CLASS LEDVANCE\"},{\"@type\":\"BreadcrumbList\",\"@id\":\"https:\\\/\\\/ledsolintel.com\\\/en\\\/product\\\/386648-panel-led-empotrable-36w-4000k-60x60cm-eco-class-ledvance\\\/#breadcrumb\",\"itemListElement\":[{\"@type\":\"ListItem\",\"position\":1,\"name\":\"Portada\",\"item\":\"https:\\\/\\\/ledsolintel.com\\\/fr\\\/\"},{\"@type\":\"ListItem\",\"position\":2,\"name\":\"Tienda\",\"item\":\"https:\\\/\\\/ledsolintel.com\\\/tienda\\\/\"},{\"@type\":\"ListItem\",\"position\":3,\"name\":\"386648 PANEL LED EMPOTRABLE 36W 4000K 60x60cm ECO CLASS LEDVANCE\"}]},{\"@type\":\"WebSite\",\"@id\":\"https:\\\/\\\/ledsolintel.com\\\/#website\",\"url\":\"https:\\\/\\\/ledsolintel.com\\\/\",\"name\":\"Webmenaje\",\"description\":\"Tienda de bombillas y l\u00e1mparas LED para profesionales\",\"publisher\":{\"@id\":\"https:\\\/\\\/ledsolintel.com\\\/#organization\"},\"potentialAction\":[{\"@type\":\"SearchAction\",\"target\":{\"@type\":\"EntryPoint\",\"urlTemplate\":\"https:\\\/\\\/ledsolintel.com\\\/?s={search_term_string}\"},\"query-input\":{\"@type\":\"PropertyValueSpecification\",\"valueRequired\":true,\"valueName\":\"search_term_string\"}}],\"inLanguage\":\"fr-FR\"},{\"@type\":\"Organization\",\"@id\":\"https:\\\/\\\/ledsolintel.com\\\/#organization\",\"name\":\"Solintel Noroeste, S.L.\",\"url\":\"https:\\\/\\\/ledsolintel.com\\\/\",\"logo\":{\"@type\":\"ImageObject\",\"inLanguage\":\"fr-FR\",\"@id\":\"https:\\\/\\\/ledsolintel.com\\\/#\\\/schema\\\/logo\\\/image\\\/\",\"url\":\"https:\\\/\\\/ledsolintel.com\\\/wp-content\\\/uploads\\\/2024\\\/11\\\/webmenaje-logo-1508269066.jpg\",\"contentUrl\":\"https:\\\/\\\/ledsolintel.com\\\/wp-content\\\/uploads\\\/2024\\\/11\\\/webmenaje-logo-1508269066.jpg\",\"width\":370,\"height\":90,\"caption\":\"Solintel Noroeste, S.L.\"},\"image\":{\"@id\":\"https:\\\/\\\/ledsolintel.com\\\/#\\\/schema\\\/logo\\\/image\\\/\"},\"sameAs\":[\"http:\\\/\\\/www.facebook.com\\\/webmenaje\",\"https:\\\/\\\/x.com\\\/webmenaje\",\"https:\\\/\\\/www.youtube.com\\\/channel\\\/UCX2KoVoeCG4LocZjUc6LmSQ\",\"http:\\\/\\\/www.pinterest.com\\\/webmenaje\"]}]}<\/script>\n<!-- \/ Yoast SEO plugin. -->","yoast_head_json":{"title":"386648 PANNEAU LED 36W 4000K 60x60cm ECO CLASS LEDVANCE - Ledsolintel","robots":{"index":"index","follow":"follow","max-snippet":"max-snippet:-1","max-image-preview":"max-image-preview:large","max-video-preview":"max-video-preview:-1"},"canonical":"https:\/\/ledsolintel.com\/fr\/produit\/386648-encastre-36w-led-panel-4000k-60x60cm-eco-class-ledvance\/","og_locale":"fr_FR","og_type":"article","og_title":"386648 PANEL LED EMPOTRABLE 36W 4000K 60x60cm ECO CLASS LEDVANCE - Ledsolintel","og_description":"Sustituto directo para luminarias con l\u00e1mparas fluorescentes.Adecuado para sistemas de techo empotrado con una rejilla de 600 x 600 mm. Montaje sencillo. Ahorro de energ\u00eda gracias a la eficacia del sistema de hasta 90 lm\/W. Bajo flickering gracias a un me","og_url":"https:\/\/ledsolintel.com\/fr\/produit\/386648-encastre-36w-led-panel-4000k-60x60cm-eco-class-ledvance\/","og_site_name":"Ledsolintel","article_publisher":"http:\/\/www.facebook.com\/webmenaje","og_image":[{"url":"https:\/\/ledsolintel.com\/wp-content\/uploads\/2024\/05\/28335-386648-PANEL-LED-EMPOTRABLE-36W-4000K-60x60cm-ECO-CLASS-LEDVANCE.jpg","width":1,"height":1,"type":"image\/jpeg"}],"twitter_card":"summary_large_image","twitter_site":"@webmenaje","schema":{"@context":"https:\/\/schema.org","@graph":[{"@type":"WebPage","@id":"https:\/\/ledsolintel.com\/en\/product\/386648-panel-led-empotrable-36w-4000k-60x60cm-eco-class-ledvance\/","url":"https:\/\/ledsolintel.com\/en\/product\/386648-panel-led-empotrable-36w-4000k-60x60cm-eco-class-ledvance\/","name":"386648 PANNEAU LED 36W 4000K 60x60cm ECO CLASS LEDVANCE - Ledsolintel","isPartOf":{"@id":"https:\/\/ledsolintel.com\/#website"},"primaryImageOfPage":{"@id":"https:\/\/ledsolintel.com\/en\/product\/386648-panel-led-empotrable-36w-4000k-60x60cm-eco-class-ledvance\/#primaryimage"},"image":{"@id":"https:\/\/ledsolintel.com\/en\/product\/386648-panel-led-empotrable-36w-4000k-60x60cm-eco-class-ledvance\/#primaryimage"},"thumbnailUrl":"https:\/\/ledsolintel.com\/wp-content\/uploads\/2024\/05\/28335-386648-PANEL-LED-EMPOTRABLE-36W-4000K-60x60cm-ECO-CLASS-LEDVANCE.jpg","datePublished":"2024-05-23T08:38:19+00:00","breadcrumb":{"@id":"https:\/\/ledsolintel.com\/en\/product\/386648-panel-led-empotrable-36w-4000k-60x60cm-eco-class-ledvance\/#breadcrumb"},"inLanguage":"fr-FR","potentialAction":[{"@type":"ReadAction","target":["https:\/\/ledsolintel.com\/en\/product\/386648-panel-led-empotrable-36w-4000k-60x60cm-eco-class-ledvance\/"]}]},{"@type":"ImageObject","inLanguage":"fr-FR","@id":"https:\/\/ledsolintel.com\/en\/product\/386648-panel-led-empotrable-36w-4000k-60x60cm-eco-class-ledvance\/#primaryimage","url":"https:\/\/ledsolintel.com\/wp-content\/uploads\/2024\/05\/28335-386648-PANEL-LED-EMPOTRABLE-36W-4000K-60x60cm-ECO-CLASS-LEDVANCE.jpg","contentUrl":"https:\/\/ledsolintel.com\/wp-content\/uploads\/2024\/05\/28335-386648-PANEL-LED-EMPOTRABLE-36W-4000K-60x60cm-ECO-CLASS-LEDVANCE.jpg","caption":"386648 PANEL LED EMPOTRABLE 36W 4000K 60x60cm ECO CLASS LEDVANCE"},{"@type":"BreadcrumbList","@id":"https:\/\/ledsolintel.com\/en\/product\/386648-panel-led-empotrable-36w-4000k-60x60cm-eco-class-ledvance\/#breadcrumb","itemListElement":[{"@type":"ListItem","position":1,"name":"Portada","item":"https:\/\/ledsolintel.com\/fr\/"},{"@type":"ListItem","position":2,"name":"Tienda","item":"https:\/\/ledsolintel.com\/tienda\/"},{"@type":"ListItem","position":3,"name":"386648 PANEL LED EMPOTRABLE 36W 4000K 60x60cm ECO CLASS LEDVANCE"}]},{"@type":"WebSite","@id":"https:\/\/ledsolintel.com\/#website","url":"https:\/\/ledsolintel.com\/","name":"Webmenaje","description":"Magasin d'ampoules et de lampes LED pour les professionnels","publisher":{"@id":"https:\/\/ledsolintel.com\/#organization"},"potentialAction":[{"@type":"SearchAction","target":{"@type":"EntryPoint","urlTemplate":"https:\/\/ledsolintel.com\/?s={search_term_string}"},"query-input":{"@type":"PropertyValueSpecification","valueRequired":true,"valueName":"search_term_string"}}],"inLanguage":"fr-FR"},{"@type":"Organization","@id":"https:\/\/ledsolintel.com\/#organization","name":"Solintel Noroeste, S.L.","url":"https:\/\/ledsolintel.com\/","logo":{"@type":"ImageObject","inLanguage":"fr-FR","@id":"https:\/\/ledsolintel.com\/#\/schema\/logo\/image\/","url":"https:\/\/ledsolintel.com\/wp-content\/uploads\/2024\/11\/webmenaje-logo-1508269066.jpg","contentUrl":"https:\/\/ledsolintel.com\/wp-content\/uploads\/2024\/11\/webmenaje-logo-1508269066.jpg","width":370,"height":90,"caption":"Solintel Noroeste, S.L."},"image":{"@id":"https:\/\/ledsolintel.com\/#\/schema\/logo\/image\/"},"sameAs":["http:\/\/www.facebook.com\/webmenaje","https:\/\/x.com\/webmenaje","https:\/\/www.youtube.com\/channel\/UCX2KoVoeCG4LocZjUc6LmSQ","http:\/\/www.pinterest.com\/webmenaje"]}]}},"_links":{"self":[{"href":"https:\/\/ledsolintel.com\/fr\/wp-json\/wp\/v2\/product\/252915","targetHints":{"allow":["GET"]}}],"collection":[{"href":"https:\/\/ledsolintel.com\/fr\/wp-json\/wp\/v2\/product"}],"about":[{"href":"https:\/\/ledsolintel.com\/fr\/wp-json\/wp\/v2\/types\/product"}],"version-history":[{"count":0,"href":"https:\/\/ledsolintel.com\/fr\/wp-json\/wp\/v2\/product\/252915\/revisions"}],"wp:featuredmedia":[{"embeddable":true,"href":"https:\/\/ledsolintel.com\/fr\/wp-json\/wp\/v2\/media\/252912"}],"wp:attachment":[{"href":"https:\/\/ledsolintel.com\/fr\/wp-json\/wp\/v2\/media?parent=252915"}],"wp:term":[{"taxonomy":"product_brand","embeddable":true,"href":"https:\/\/ledsolintel.com\/fr\/wp-json\/wp\/v2\/product_brand?post=252915"},{"taxonomy":"product_cat","embeddable":true,"href":"https:\/\/ledsolintel.com\/fr\/wp-json\/wp\/v2\/product_cat?post=252915"},{"taxonomy":"product_tag","embeddable":true,"href":"https:\/\/ledsolintel.com\/fr\/wp-json\/wp\/v2\/product_tag?post=252915"}],"curies":[{"name":"wp","href":"https:\/\/api.w.org\/{rel}","templated":true}]}}