{"id":252864,"date":"2024-05-23T10:38:19","date_gmt":"2024-05-23T08:38:19","guid":{"rendered":"https:\/\/nueva.ledsolintel.com\/product\/trlh120x18b-regleta-led-t5-18w-3000-4000-6000k-120cm-con-interruptor\/"},"modified":"2024-05-23T10:38:19","modified_gmt":"2024-05-23T08:38:19","slug":"trlh120x18b-led-strip-t5-18w-3000-4000-6000k-120cm-avec-switch","status":"publish","type":"product","link":"https:\/\/ledsolintel.com\/fr\/produit-2\/trlh120x18b-led-strip-t5-18w-3000-4000-6000k-120cm-avec-switch\/","title":{"rendered":"TRLH120X18B LED T5 18W 3000\/4000\/6000K 120cm BULB LED COMMUT\u00c9E"},"content":{"rendered":"<p>Utilise des LED SMD 2835 Epistar\u00ae SMD \u00e0 haute luminosit\u00e9.  Disponible avec trois temp\u00e9ratures de couleur (froide, chaude et neutre) qui changent avec l'interrupteur. Un clic permet d'allumer \u00e0 6000\u00b0K, un autre clic permet d'allumer \u00e0 3000\u00b0K et un troisi\u00e8me clic permet d'allumer la source lumineuse \u00e0 6000\u00b0K.<\/p>","protected":false},"excerpt":{"rendered":"<p>Utilise des LED SMD 2835 Epistar\u00ae SMD \u00e0 haute luminosit\u00e9. Disponible avec trois temp\u00e9ratures de couleur (froide, chaude et neutre) qui changent avec l'interrupteur. Un clic permet d'allumer \u00e0 6000\u00b0K, un autre clic permet d'allumer \u00e0 3000\u00b0K et un troisi\u00e8me clic permet d'allumer la source lumineuse \u00e0 6000\u00b0K.<\/p>","protected":false},"featured_media":252863,"template":"","meta":[],"product_brand":[],"product_cat":[100217,99601],"product_tag":[],"class_list":{"0":"post-252864","1":"product","2":"type-product","3":"status-publish","4":"has-post-thumbnail","6":"product_cat-regletas-de-interior","7":"product_cat-gyemo","10":"instock","11":"taxable","12":"shipping-taxable","13":"purchasable","14":"product-type-simple"},"yoast_head":"<!-- This site is optimized with the Yoast SEO plugin v26.6 - https:\/\/yoast.com\/wordpress\/plugins\/seo\/ -->\n<title>TRLH120X18B REGLETA LED T5 18W 3000\/4000\/6000K 120cm CON INTERRUPTOR - Ledsolintel<\/title>\n<meta name=\"robots\" content=\"index, follow, max-snippet:-1, max-image-preview:large, max-video-preview:-1\" \/>\n<link rel=\"canonical\" href=\"https:\/\/ledsolintel.com\/fr\/produit-2\/trlh120x18b-led-strip-t5-18w-3000-4000-6000k-120cm-avec-switch\/\" \/>\n<meta property=\"og:locale\" content=\"fr_FR\" \/>\n<meta property=\"og:type\" content=\"article\" \/>\n<meta property=\"og:title\" content=\"TRLH120X18B REGLETA LED T5 18W 3000\/4000\/6000K 120cm CON INTERRUPTOR - Ledsolintel\" \/>\n<meta property=\"og:description\" content=\"Utiliza LEDs SMD 2835 Epistar\u00ae de alta luminosidad. Disponible con las tres temperaturas de color (frio, c\u00e1lido y neutro) que cambian con el interruptor de la luz. Un click enciende en 6000\u00b0K, otro click cambia a 3000\u00b0K y un tercer click pone la fuente d\" \/>\n<meta property=\"og:url\" content=\"https:\/\/ledsolintel.com\/fr\/produit-2\/trlh120x18b-led-strip-t5-18w-3000-4000-6000k-120cm-avec-switch\/\" \/>\n<meta property=\"og:site_name\" content=\"Ledsolintel\" \/>\n<meta property=\"article:publisher\" content=\"http:\/\/www.facebook.com\/webmenaje\" \/>\n<meta property=\"og:image\" content=\"https:\/\/ledsolintel.com\/wp-content\/uploads\/2024\/05\/28295-TRLH120X18B-REGLETA-LED-T5-18W-300040006000K-120cm-CON-INTERRUPTOR.jpg\" \/>\n\t<meta property=\"og:image:width\" content=\"1\" \/>\n\t<meta property=\"og:image:height\" content=\"1\" \/>\n\t<meta property=\"og:image:type\" content=\"image\/jpeg\" \/>\n<meta name=\"twitter:card\" content=\"summary_large_image\" \/>\n<meta name=\"twitter:site\" content=\"@webmenaje\" \/>\n<script type=\"application\/ld+json\" class=\"yoast-schema-graph\">{\"@context\":\"https:\/\/schema.org\",\"@graph\":[{\"@type\":\"WebPage\",\"@id\":\"https:\/\/ledsolintel.com\/product\/trlh120x18b-regleta-led-t5-18w-3000-4000-6000k-120cm-con-interruptor\/\",\"url\":\"https:\/\/ledsolintel.com\/product\/trlh120x18b-regleta-led-t5-18w-3000-4000-6000k-120cm-con-interruptor\/\",\"name\":\"TRLH120X18B REGLETA LED T5 18W 3000\/4000\/6000K 120cm CON INTERRUPTOR - Ledsolintel\",\"isPartOf\":{\"@id\":\"https:\/\/ledsolintel.com\/#website\"},\"primaryImageOfPage\":{\"@id\":\"https:\/\/ledsolintel.com\/product\/trlh120x18b-regleta-led-t5-18w-3000-4000-6000k-120cm-con-interruptor\/#primaryimage\"},\"image\":{\"@id\":\"https:\/\/ledsolintel.com\/product\/trlh120x18b-regleta-led-t5-18w-3000-4000-6000k-120cm-con-interruptor\/#primaryimage\"},\"thumbnailUrl\":\"https:\/\/ledsolintel.com\/wp-content\/uploads\/2024\/05\/28295-TRLH120X18B-REGLETA-LED-T5-18W-300040006000K-120cm-CON-INTERRUPTOR.jpg\",\"datePublished\":\"2024-05-23T08:38:19+00:00\",\"breadcrumb\":{\"@id\":\"https:\/\/ledsolintel.com\/product\/trlh120x18b-regleta-led-t5-18w-3000-4000-6000k-120cm-con-interruptor\/#breadcrumb\"},\"inLanguage\":\"fr-FR\",\"potentialAction\":[{\"@type\":\"ReadAction\",\"target\":[\"https:\/\/ledsolintel.com\/product\/trlh120x18b-regleta-led-t5-18w-3000-4000-6000k-120cm-con-interruptor\/\"]}]},{\"@type\":\"ImageObject\",\"inLanguage\":\"fr-FR\",\"@id\":\"https:\/\/ledsolintel.com\/product\/trlh120x18b-regleta-led-t5-18w-3000-4000-6000k-120cm-con-interruptor\/#primaryimage\",\"url\":\"https:\/\/ledsolintel.com\/wp-content\/uploads\/2024\/05\/28295-TRLH120X18B-REGLETA-LED-T5-18W-300040006000K-120cm-CON-INTERRUPTOR.jpg\",\"contentUrl\":\"https:\/\/ledsolintel.com\/wp-content\/uploads\/2024\/05\/28295-TRLH120X18B-REGLETA-LED-T5-18W-300040006000K-120cm-CON-INTERRUPTOR.jpg\",\"caption\":\"TRLH120X18B REGLETA LED T5 18W 3000\/4000\/6000K 120cm CON INTERRUPTOR\"},{\"@type\":\"BreadcrumbList\",\"@id\":\"https:\/\/ledsolintel.com\/product\/trlh120x18b-regleta-led-t5-18w-3000-4000-6000k-120cm-con-interruptor\/#breadcrumb\",\"itemListElement\":[{\"@type\":\"ListItem\",\"position\":1,\"name\":\"Portada\",\"item\":\"https:\/\/ledsolintel.com\/fr\/\"},{\"@type\":\"ListItem\",\"position\":2,\"name\":\"Tienda\",\"item\":\"https:\/\/ledsolintel.com\/tienda\/\"},{\"@type\":\"ListItem\",\"position\":3,\"name\":\"TRLH120X18B REGLETA LED T5 18W 3000\/4000\/6000K 120cm CON INTERRUPTOR\"}]},{\"@type\":\"WebSite\",\"@id\":\"https:\/\/ledsolintel.com\/#website\",\"url\":\"https:\/\/ledsolintel.com\/\",\"name\":\"Webmenaje\",\"description\":\"Tienda de bombillas y l\u00e1mparas LED para profesionales\",\"publisher\":{\"@id\":\"https:\/\/ledsolintel.com\/#organization\"},\"potentialAction\":[{\"@type\":\"SearchAction\",\"target\":{\"@type\":\"EntryPoint\",\"urlTemplate\":\"https:\/\/ledsolintel.com\/?s={search_term_string}\"},\"query-input\":{\"@type\":\"PropertyValueSpecification\",\"valueRequired\":true,\"valueName\":\"search_term_string\"}}],\"inLanguage\":\"fr-FR\"},{\"@type\":\"Organization\",\"@id\":\"https:\/\/ledsolintel.com\/#organization\",\"name\":\"Solintel Noroeste, S.L.\",\"url\":\"https:\/\/ledsolintel.com\/\",\"logo\":{\"@type\":\"ImageObject\",\"inLanguage\":\"fr-FR\",\"@id\":\"https:\/\/ledsolintel.com\/#\/schema\/logo\/image\/\",\"url\":\"https:\/\/ledsolintel.com\/wp-content\/uploads\/2024\/11\/webmenaje-logo-1508269066.jpg\",\"contentUrl\":\"https:\/\/ledsolintel.com\/wp-content\/uploads\/2024\/11\/webmenaje-logo-1508269066.jpg\",\"width\":370,\"height\":90,\"caption\":\"Solintel Noroeste, S.L.\"},\"image\":{\"@id\":\"https:\/\/ledsolintel.com\/#\/schema\/logo\/image\/\"},\"sameAs\":[\"http:\/\/www.facebook.com\/webmenaje\",\"https:\/\/x.com\/webmenaje\",\"https:\/\/www.youtube.com\/channel\/UCX2KoVoeCG4LocZjUc6LmSQ\",\"http:\/\/www.pinterest.com\/webmenaje\"]}]}<\/script>\n<!-- \/ Yoast SEO plugin. -->","yoast_head_json":{"title":"TRLH120X18B LED T5 18W 3000\/4000\/6000K 120cm LUMI\u00c8RE LED COMMUT\u00c9E - Ledsolintel","robots":{"index":"index","follow":"follow","max-snippet":"max-snippet:-1","max-image-preview":"max-image-preview:large","max-video-preview":"max-video-preview:-1"},"canonical":"https:\/\/ledsolintel.com\/fr\/produit-2\/trlh120x18b-led-strip-t5-18w-3000-4000-6000k-120cm-avec-switch\/","og_locale":"fr_FR","og_type":"article","og_title":"TRLH120X18B REGLETA LED T5 18W 3000\/4000\/6000K 120cm CON INTERRUPTOR - Ledsolintel","og_description":"Utiliza LEDs SMD 2835 Epistar\u00ae de alta luminosidad. Disponible con las tres temperaturas de color (frio, c\u00e1lido y neutro) que cambian con el interruptor de la luz. Un click enciende en 6000\u00b0K, otro click cambia a 3000\u00b0K y un tercer click pone la fuente d","og_url":"https:\/\/ledsolintel.com\/fr\/produit-2\/trlh120x18b-led-strip-t5-18w-3000-4000-6000k-120cm-avec-switch\/","og_site_name":"Ledsolintel","article_publisher":"http:\/\/www.facebook.com\/webmenaje","og_image":[{"url":"https:\/\/ledsolintel.com\/wp-content\/uploads\/2024\/05\/28295-TRLH120X18B-REGLETA-LED-T5-18W-300040006000K-120cm-CON-INTERRUPTOR.jpg","width":1,"height":1,"type":"image\/jpeg"}],"twitter_card":"summary_large_image","twitter_site":"@webmenaje","schema":{"@context":"https:\/\/schema.org","@graph":[{"@type":"WebPage","@id":"https:\/\/ledsolintel.com\/product\/trlh120x18b-regleta-led-t5-18w-3000-4000-6000k-120cm-con-interruptor\/","url":"https:\/\/ledsolintel.com\/product\/trlh120x18b-regleta-led-t5-18w-3000-4000-6000k-120cm-con-interruptor\/","name":"TRLH120X18B LED T5 18W 3000\/4000\/6000K 120cm LUMI\u00c8RE LED COMMUT\u00c9E - Ledsolintel","isPartOf":{"@id":"https:\/\/ledsolintel.com\/#website"},"primaryImageOfPage":{"@id":"https:\/\/ledsolintel.com\/product\/trlh120x18b-regleta-led-t5-18w-3000-4000-6000k-120cm-con-interruptor\/#primaryimage"},"image":{"@id":"https:\/\/ledsolintel.com\/product\/trlh120x18b-regleta-led-t5-18w-3000-4000-6000k-120cm-con-interruptor\/#primaryimage"},"thumbnailUrl":"https:\/\/ledsolintel.com\/wp-content\/uploads\/2024\/05\/28295-TRLH120X18B-REGLETA-LED-T5-18W-300040006000K-120cm-CON-INTERRUPTOR.jpg","datePublished":"2024-05-23T08:38:19+00:00","breadcrumb":{"@id":"https:\/\/ledsolintel.com\/product\/trlh120x18b-regleta-led-t5-18w-3000-4000-6000k-120cm-con-interruptor\/#breadcrumb"},"inLanguage":"fr-FR","potentialAction":[{"@type":"ReadAction","target":["https:\/\/ledsolintel.com\/product\/trlh120x18b-regleta-led-t5-18w-3000-4000-6000k-120cm-con-interruptor\/"]}]},{"@type":"ImageObject","inLanguage":"fr-FR","@id":"https:\/\/ledsolintel.com\/product\/trlh120x18b-regleta-led-t5-18w-3000-4000-6000k-120cm-con-interruptor\/#primaryimage","url":"https:\/\/ledsolintel.com\/wp-content\/uploads\/2024\/05\/28295-TRLH120X18B-REGLETA-LED-T5-18W-300040006000K-120cm-CON-INTERRUPTOR.jpg","contentUrl":"https:\/\/ledsolintel.com\/wp-content\/uploads\/2024\/05\/28295-TRLH120X18B-REGLETA-LED-T5-18W-300040006000K-120cm-CON-INTERRUPTOR.jpg","caption":"TRLH120X18B REGLETA LED T5 18W 3000\/4000\/6000K 120cm CON INTERRUPTOR"},{"@type":"BreadcrumbList","@id":"https:\/\/ledsolintel.com\/product\/trlh120x18b-regleta-led-t5-18w-3000-4000-6000k-120cm-con-interruptor\/#breadcrumb","itemListElement":[{"@type":"ListItem","position":1,"name":"Portada","item":"https:\/\/ledsolintel.com\/fr\/"},{"@type":"ListItem","position":2,"name":"Tienda","item":"https:\/\/ledsolintel.com\/tienda\/"},{"@type":"ListItem","position":3,"name":"TRLH120X18B REGLETA LED T5 18W 3000\/4000\/6000K 120cm CON INTERRUPTOR"}]},{"@type":"WebSite","@id":"https:\/\/ledsolintel.com\/#website","url":"https:\/\/ledsolintel.com\/","name":"Webmenaje","description":"Magasin d'ampoules et de lampes LED pour les professionnels","publisher":{"@id":"https:\/\/ledsolintel.com\/#organization"},"potentialAction":[{"@type":"SearchAction","target":{"@type":"EntryPoint","urlTemplate":"https:\/\/ledsolintel.com\/?s={search_term_string}"},"query-input":{"@type":"PropertyValueSpecification","valueRequired":true,"valueName":"search_term_string"}}],"inLanguage":"fr-FR"},{"@type":"Organization","@id":"https:\/\/ledsolintel.com\/#organization","name":"Solintel Noroeste, S.L.","url":"https:\/\/ledsolintel.com\/","logo":{"@type":"ImageObject","inLanguage":"fr-FR","@id":"https:\/\/ledsolintel.com\/#\/schema\/logo\/image\/","url":"https:\/\/ledsolintel.com\/wp-content\/uploads\/2024\/11\/webmenaje-logo-1508269066.jpg","contentUrl":"https:\/\/ledsolintel.com\/wp-content\/uploads\/2024\/11\/webmenaje-logo-1508269066.jpg","width":370,"height":90,"caption":"Solintel Noroeste, S.L."},"image":{"@id":"https:\/\/ledsolintel.com\/#\/schema\/logo\/image\/"},"sameAs":["http:\/\/www.facebook.com\/webmenaje","https:\/\/x.com\/webmenaje","https:\/\/www.youtube.com\/channel\/UCX2KoVoeCG4LocZjUc6LmSQ","http:\/\/www.pinterest.com\/webmenaje"]}]}},"_links":{"self":[{"href":"https:\/\/ledsolintel.com\/fr\/wp-json\/wp\/v2\/product\/252864","targetHints":{"allow":["GET"]}}],"collection":[{"href":"https:\/\/ledsolintel.com\/fr\/wp-json\/wp\/v2\/product"}],"about":[{"href":"https:\/\/ledsolintel.com\/fr\/wp-json\/wp\/v2\/types\/product"}],"version-history":[{"count":0,"href":"https:\/\/ledsolintel.com\/fr\/wp-json\/wp\/v2\/product\/252864\/revisions"}],"wp:featuredmedia":[{"embeddable":true,"href":"https:\/\/ledsolintel.com\/fr\/wp-json\/wp\/v2\/media\/252863"}],"wp:attachment":[{"href":"https:\/\/ledsolintel.com\/fr\/wp-json\/wp\/v2\/media?parent=252864"}],"wp:term":[{"taxonomy":"product_brand","embeddable":true,"href":"https:\/\/ledsolintel.com\/fr\/wp-json\/wp\/v2\/product_brand?post=252864"},{"taxonomy":"product_cat","embeddable":true,"href":"https:\/\/ledsolintel.com\/fr\/wp-json\/wp\/v2\/product_cat?post=252864"},{"taxonomy":"product_tag","embeddable":true,"href":"https:\/\/ledsolintel.com\/fr\/wp-json\/wp\/v2\/product_tag?post=252864"}],"curies":[{"name":"wp","href":"https:\/\/api.w.org\/{rel}","templated":true}]}}