{"id":252705,"date":"2024-05-23T10:02:02","date_gmt":"2024-05-23T08:02:02","guid":{"rendered":"https:\/\/nueva.ledsolintel.com\/product\/03832-pantalla-led-estanca-60w-ip65-7680lm-1220mm-blanca-walter-struhm\/"},"modified":"2024-05-23T10:02:02","modified_gmt":"2024-05-23T08:02:02","slug":"03832-pantalla-led-estanca-60w-ip65-7680lm-1220mm-blanca-walter-struhm","status":"publish","type":"product","link":"https:\/\/ledsolintel.com\/fr\/produit-2\/03832-pantalla-led-estanca-60w-ip65-7680lm-1220mm-blanca-walter-struhm\/","title":{"rendered":"03832 WALTER STR\u00dcHM WALTER STR\u00dcHM 60W IP65 7680Lm BLANC 1220mm WALTER STR\u00dcHM 60W LED WALLSCREEN"},"content":{"rendered":"<p>Utilisation en ext\u00e9rieur<\/p>","protected":false},"excerpt":{"rendered":"<p>Utilisation en ext\u00e9rieur<\/p>","protected":false},"featured_media":252704,"template":"","meta":[],"product_brand":[99455],"product_cat":[99601,100231],"product_tag":[],"class_list":{"0":"post-252705","1":"product","2":"type-product","3":"status-publish","4":"has-post-thumbnail","6":"product_brand-strum","7":"product_cat-gyemo","8":"product_cat-regletas-estancas","11":"instock","12":"taxable","13":"shipping-taxable","14":"purchasable","15":"product-type-simple"},"yoast_head":"<!-- This site is optimized with the Yoast SEO plugin v27.4 - https:\/\/yoast.com\/product\/yoast-seo-wordpress\/ -->\n<title>03832 PANTALLA LED ESTANCA 60W IP65 7680Lm 1220mm BLANCA WALTER STR\u00dcHM - Ledsolintel<\/title>\n<meta name=\"robots\" content=\"index, follow, max-snippet:-1, max-image-preview:large, max-video-preview:-1\" \/>\n<link rel=\"canonical\" href=\"https:\/\/ledsolintel.com\/fr\/produit-2\/03832-pantalla-led-estanca-60w-ip65-7680lm-1220mm-blanca-walter-struhm\/\" \/>\n<meta property=\"og:locale\" content=\"fr_FR\" \/>\n<meta property=\"og:type\" content=\"article\" \/>\n<meta property=\"og:title\" content=\"03832 PANTALLA LED ESTANCA 60W IP65 7680Lm 1220mm BLANCA WALTER STR\u00dcHM - Ledsolintel\" \/>\n<meta property=\"og:description\" content=\"Uso exterior\" \/>\n<meta property=\"og:url\" content=\"https:\/\/ledsolintel.com\/fr\/produit-2\/03832-pantalla-led-estanca-60w-ip65-7680lm-1220mm-blanca-walter-struhm\/\" \/>\n<meta property=\"og:site_name\" content=\"Ledsolintel\" \/>\n<meta property=\"article:publisher\" content=\"http:\/\/www.facebook.com\/webmenaje\" \/>\n<meta property=\"og:image\" content=\"https:\/\/ledsolintel.com\/wp-content\/uploads\/2024\/05\/27985-03832-PANTALLA-LED-ESTANCA-60W-IP65-7680Lm-1220mm-BLANCA-WALTER-STRUHM.jpg\" \/>\n\t<meta property=\"og:image:width\" content=\"1\" \/>\n\t<meta property=\"og:image:height\" content=\"1\" \/>\n\t<meta property=\"og:image:type\" content=\"image\/jpeg\" \/>\n<meta name=\"twitter:card\" content=\"summary_large_image\" \/>\n<meta name=\"twitter:site\" content=\"@webmenaje\" \/>\n<script type=\"application\/ld+json\" class=\"yoast-schema-graph\">{\"@context\":\"https:\\\/\\\/schema.org\",\"@graph\":[{\"@type\":\"WebPage\",\"@id\":\"https:\\\/\\\/ledsolintel.com\\\/product\\\/03832-pantalla-led-estanca-60w-ip65-7680lm-1220mm-blanca-walter-struhm\\\/\",\"url\":\"https:\\\/\\\/ledsolintel.com\\\/product\\\/03832-pantalla-led-estanca-60w-ip65-7680lm-1220mm-blanca-walter-struhm\\\/\",\"name\":\"03832 PANTALLA LED ESTANCA 60W IP65 7680Lm 1220mm BLANCA WALTER STR\u00dcHM - Ledsolintel\",\"isPartOf\":{\"@id\":\"https:\\\/\\\/ledsolintel.com\\\/#website\"},\"primaryImageOfPage\":{\"@id\":\"https:\\\/\\\/ledsolintel.com\\\/product\\\/03832-pantalla-led-estanca-60w-ip65-7680lm-1220mm-blanca-walter-struhm\\\/#primaryimage\"},\"image\":{\"@id\":\"https:\\\/\\\/ledsolintel.com\\\/product\\\/03832-pantalla-led-estanca-60w-ip65-7680lm-1220mm-blanca-walter-struhm\\\/#primaryimage\"},\"thumbnailUrl\":\"https:\\\/\\\/ledsolintel.com\\\/wp-content\\\/uploads\\\/2024\\\/05\\\/27985-03832-PANTALLA-LED-ESTANCA-60W-IP65-7680Lm-1220mm-BLANCA-WALTER-STRUHM.jpg\",\"datePublished\":\"2024-05-23T08:02:02+00:00\",\"breadcrumb\":{\"@id\":\"https:\\\/\\\/ledsolintel.com\\\/product\\\/03832-pantalla-led-estanca-60w-ip65-7680lm-1220mm-blanca-walter-struhm\\\/#breadcrumb\"},\"inLanguage\":\"fr-FR\",\"potentialAction\":[{\"@type\":\"ReadAction\",\"target\":[\"https:\\\/\\\/ledsolintel.com\\\/product\\\/03832-pantalla-led-estanca-60w-ip65-7680lm-1220mm-blanca-walter-struhm\\\/\"]}]},{\"@type\":\"ImageObject\",\"inLanguage\":\"fr-FR\",\"@id\":\"https:\\\/\\\/ledsolintel.com\\\/product\\\/03832-pantalla-led-estanca-60w-ip65-7680lm-1220mm-blanca-walter-struhm\\\/#primaryimage\",\"url\":\"https:\\\/\\\/ledsolintel.com\\\/wp-content\\\/uploads\\\/2024\\\/05\\\/27985-03832-PANTALLA-LED-ESTANCA-60W-IP65-7680Lm-1220mm-BLANCA-WALTER-STRUHM.jpg\",\"contentUrl\":\"https:\\\/\\\/ledsolintel.com\\\/wp-content\\\/uploads\\\/2024\\\/05\\\/27985-03832-PANTALLA-LED-ESTANCA-60W-IP65-7680Lm-1220mm-BLANCA-WALTER-STRUHM.jpg\",\"caption\":\"03832 PANTALLA LED ESTANCA 60W IP65 7680Lm 1220mm BLANCA WALTER STR\u00dcHM\"},{\"@type\":\"BreadcrumbList\",\"@id\":\"https:\\\/\\\/ledsolintel.com\\\/product\\\/03832-pantalla-led-estanca-60w-ip65-7680lm-1220mm-blanca-walter-struhm\\\/#breadcrumb\",\"itemListElement\":[{\"@type\":\"ListItem\",\"position\":1,\"name\":\"Portada\",\"item\":\"https:\\\/\\\/ledsolintel.com\\\/fr\\\/\"},{\"@type\":\"ListItem\",\"position\":2,\"name\":\"Tienda\",\"item\":\"https:\\\/\\\/ledsolintel.com\\\/tienda\\\/\"},{\"@type\":\"ListItem\",\"position\":3,\"name\":\"03832 PANTALLA LED ESTANCA 60W IP65 7680Lm 1220mm BLANCA WALTER STR\u00dcHM\"}]},{\"@type\":\"WebSite\",\"@id\":\"https:\\\/\\\/ledsolintel.com\\\/#website\",\"url\":\"https:\\\/\\\/ledsolintel.com\\\/\",\"name\":\"Webmenaje\",\"description\":\"Tienda de bombillas y l\u00e1mparas LED para profesionales\",\"publisher\":{\"@id\":\"https:\\\/\\\/ledsolintel.com\\\/#organization\"},\"potentialAction\":[{\"@type\":\"SearchAction\",\"target\":{\"@type\":\"EntryPoint\",\"urlTemplate\":\"https:\\\/\\\/ledsolintel.com\\\/?s={search_term_string}\"},\"query-input\":{\"@type\":\"PropertyValueSpecification\",\"valueRequired\":true,\"valueName\":\"search_term_string\"}}],\"inLanguage\":\"fr-FR\"},{\"@type\":\"Organization\",\"@id\":\"https:\\\/\\\/ledsolintel.com\\\/#organization\",\"name\":\"Solintel Noroeste, S.L.\",\"url\":\"https:\\\/\\\/ledsolintel.com\\\/\",\"logo\":{\"@type\":\"ImageObject\",\"inLanguage\":\"fr-FR\",\"@id\":\"https:\\\/\\\/ledsolintel.com\\\/#\\\/schema\\\/logo\\\/image\\\/\",\"url\":\"https:\\\/\\\/ledsolintel.com\\\/wp-content\\\/uploads\\\/2024\\\/11\\\/webmenaje-logo-1508269066.jpg\",\"contentUrl\":\"https:\\\/\\\/ledsolintel.com\\\/wp-content\\\/uploads\\\/2024\\\/11\\\/webmenaje-logo-1508269066.jpg\",\"width\":370,\"height\":90,\"caption\":\"Solintel Noroeste, S.L.\"},\"image\":{\"@id\":\"https:\\\/\\\/ledsolintel.com\\\/#\\\/schema\\\/logo\\\/image\\\/\"},\"sameAs\":[\"http:\\\/\\\/www.facebook.com\\\/webmenaje\",\"https:\\\/\\\/x.com\\\/webmenaje\",\"https:\\\/\\\/www.youtube.com\\\/channel\\\/UCX2KoVoeCG4LocZjUc6LmSQ\",\"http:\\\/\\\/www.pinterest.com\\\/webmenaje\"]}]}<\/script>\n<!-- \/ Yoast SEO plugin. -->","yoast_head_json":{"title":"03832 PANTALLA LED ESTANCA 60W IP65 7680Lm 1220mm BLANCA WALTER STR\u00dcHM - Ledsolintel","robots":{"index":"index","follow":"follow","max-snippet":"max-snippet:-1","max-image-preview":"max-image-preview:large","max-video-preview":"max-video-preview:-1"},"canonical":"https:\/\/ledsolintel.com\/fr\/produit-2\/03832-pantalla-led-estanca-60w-ip65-7680lm-1220mm-blanca-walter-struhm\/","og_locale":"fr_FR","og_type":"article","og_title":"03832 PANTALLA LED ESTANCA 60W IP65 7680Lm 1220mm BLANCA WALTER STR\u00dcHM - Ledsolintel","og_description":"Uso exterior","og_url":"https:\/\/ledsolintel.com\/fr\/produit-2\/03832-pantalla-led-estanca-60w-ip65-7680lm-1220mm-blanca-walter-struhm\/","og_site_name":"Ledsolintel","article_publisher":"http:\/\/www.facebook.com\/webmenaje","og_image":[{"url":"https:\/\/ledsolintel.com\/wp-content\/uploads\/2024\/05\/27985-03832-PANTALLA-LED-ESTANCA-60W-IP65-7680Lm-1220mm-BLANCA-WALTER-STRUHM.jpg","width":1,"height":1,"type":"image\/jpeg"}],"twitter_card":"summary_large_image","twitter_site":"@webmenaje","schema":{"@context":"https:\/\/schema.org","@graph":[{"@type":"WebPage","@id":"https:\/\/ledsolintel.com\/product\/03832-pantalla-led-estanca-60w-ip65-7680lm-1220mm-blanca-walter-struhm\/","url":"https:\/\/ledsolintel.com\/product\/03832-pantalla-led-estanca-60w-ip65-7680lm-1220mm-blanca-walter-struhm\/","name":"03832 PANTALLA LED ESTANCA 60W IP65 7680Lm 1220mm BLANCA WALTER STR\u00dcHM - Ledsolintel","isPartOf":{"@id":"https:\/\/ledsolintel.com\/#website"},"primaryImageOfPage":{"@id":"https:\/\/ledsolintel.com\/product\/03832-pantalla-led-estanca-60w-ip65-7680lm-1220mm-blanca-walter-struhm\/#primaryimage"},"image":{"@id":"https:\/\/ledsolintel.com\/product\/03832-pantalla-led-estanca-60w-ip65-7680lm-1220mm-blanca-walter-struhm\/#primaryimage"},"thumbnailUrl":"https:\/\/ledsolintel.com\/wp-content\/uploads\/2024\/05\/27985-03832-PANTALLA-LED-ESTANCA-60W-IP65-7680Lm-1220mm-BLANCA-WALTER-STRUHM.jpg","datePublished":"2024-05-23T08:02:02+00:00","breadcrumb":{"@id":"https:\/\/ledsolintel.com\/product\/03832-pantalla-led-estanca-60w-ip65-7680lm-1220mm-blanca-walter-struhm\/#breadcrumb"},"inLanguage":"fr-FR","potentialAction":[{"@type":"ReadAction","target":["https:\/\/ledsolintel.com\/product\/03832-pantalla-led-estanca-60w-ip65-7680lm-1220mm-blanca-walter-struhm\/"]}]},{"@type":"ImageObject","inLanguage":"fr-FR","@id":"https:\/\/ledsolintel.com\/product\/03832-pantalla-led-estanca-60w-ip65-7680lm-1220mm-blanca-walter-struhm\/#primaryimage","url":"https:\/\/ledsolintel.com\/wp-content\/uploads\/2024\/05\/27985-03832-PANTALLA-LED-ESTANCA-60W-IP65-7680Lm-1220mm-BLANCA-WALTER-STRUHM.jpg","contentUrl":"https:\/\/ledsolintel.com\/wp-content\/uploads\/2024\/05\/27985-03832-PANTALLA-LED-ESTANCA-60W-IP65-7680Lm-1220mm-BLANCA-WALTER-STRUHM.jpg","caption":"03832 PANTALLA LED ESTANCA 60W IP65 7680Lm 1220mm BLANCA WALTER STR\u00dcHM"},{"@type":"BreadcrumbList","@id":"https:\/\/ledsolintel.com\/product\/03832-pantalla-led-estanca-60w-ip65-7680lm-1220mm-blanca-walter-struhm\/#breadcrumb","itemListElement":[{"@type":"ListItem","position":1,"name":"Portada","item":"https:\/\/ledsolintel.com\/fr\/"},{"@type":"ListItem","position":2,"name":"Tienda","item":"https:\/\/ledsolintel.com\/tienda\/"},{"@type":"ListItem","position":3,"name":"03832 PANTALLA LED ESTANCA 60W IP65 7680Lm 1220mm BLANCA WALTER STR\u00dcHM"}]},{"@type":"WebSite","@id":"https:\/\/ledsolintel.com\/#website","url":"https:\/\/ledsolintel.com\/","name":"Webmenaje","description":"Magasin d'ampoules et de lampes LED pour les professionnels","publisher":{"@id":"https:\/\/ledsolintel.com\/#organization"},"potentialAction":[{"@type":"SearchAction","target":{"@type":"EntryPoint","urlTemplate":"https:\/\/ledsolintel.com\/?s={search_term_string}"},"query-input":{"@type":"PropertyValueSpecification","valueRequired":true,"valueName":"search_term_string"}}],"inLanguage":"fr-FR"},{"@type":"Organization","@id":"https:\/\/ledsolintel.com\/#organization","name":"Solintel Noroeste, S.L.","url":"https:\/\/ledsolintel.com\/","logo":{"@type":"ImageObject","inLanguage":"fr-FR","@id":"https:\/\/ledsolintel.com\/#\/schema\/logo\/image\/","url":"https:\/\/ledsolintel.com\/wp-content\/uploads\/2024\/11\/webmenaje-logo-1508269066.jpg","contentUrl":"https:\/\/ledsolintel.com\/wp-content\/uploads\/2024\/11\/webmenaje-logo-1508269066.jpg","width":370,"height":90,"caption":"Solintel Noroeste, S.L."},"image":{"@id":"https:\/\/ledsolintel.com\/#\/schema\/logo\/image\/"},"sameAs":["http:\/\/www.facebook.com\/webmenaje","https:\/\/x.com\/webmenaje","https:\/\/www.youtube.com\/channel\/UCX2KoVoeCG4LocZjUc6LmSQ","http:\/\/www.pinterest.com\/webmenaje"]}]}},"_links":{"self":[{"href":"https:\/\/ledsolintel.com\/fr\/wp-json\/wp\/v2\/product\/252705","targetHints":{"allow":["GET"]}}],"collection":[{"href":"https:\/\/ledsolintel.com\/fr\/wp-json\/wp\/v2\/product"}],"about":[{"href":"https:\/\/ledsolintel.com\/fr\/wp-json\/wp\/v2\/types\/product"}],"version-history":[{"count":0,"href":"https:\/\/ledsolintel.com\/fr\/wp-json\/wp\/v2\/product\/252705\/revisions"}],"wp:featuredmedia":[{"embeddable":true,"href":"https:\/\/ledsolintel.com\/fr\/wp-json\/wp\/v2\/media\/252704"}],"wp:attachment":[{"href":"https:\/\/ledsolintel.com\/fr\/wp-json\/wp\/v2\/media?parent=252705"}],"wp:term":[{"taxonomy":"product_brand","embeddable":true,"href":"https:\/\/ledsolintel.com\/fr\/wp-json\/wp\/v2\/product_brand?post=252705"},{"taxonomy":"product_cat","embeddable":true,"href":"https:\/\/ledsolintel.com\/fr\/wp-json\/wp\/v2\/product_cat?post=252705"},{"taxonomy":"product_tag","embeddable":true,"href":"https:\/\/ledsolintel.com\/fr\/wp-json\/wp\/v2\/product_tag?post=252705"}],"curies":[{"name":"wp","href":"https:\/\/api.w.org\/{rel}","templated":true}]}}