{"id":252683,"date":"2024-05-23T10:02:02","date_gmt":"2024-05-23T08:02:02","guid":{"rendered":"https:\/\/nueva.ledsolintel.com\/product\/sli028030nw-regleta-led-36w-4000k-ip65-limea-mini\/"},"modified":"2024-05-23T10:02:02","modified_gmt":"2024-05-23T08:02:02","slug":"sli028030nw-regleta-led-36w-4000k-ip65-limea-mini","status":"publish","type":"product","link":"https:\/\/ledsolintel.com\/fr\/produit-2\/sli028030nw-regleta-led-36w-4000k-ip65-limea-mini\/","title":{"rendered":"SLI02803030NW LED STRIP 36W 4000K IP65 LIMEA MINI"},"content":{"rendered":"<p>Bande \u00e9tanche avec un degr\u00e9 d'\u00e9tanch\u00e9it\u00e9 IP65. Son \u00e9paisseur de 26 mm lui permet de s'adapter aux petits espaces. Fabriqu\u00e9e en PVC de haute qualit\u00e9. Son rev\u00eatement mat r\u00e9duit l'effet d'\u00e9blouissement. Deux accessoires de montage inclus. Options de montage<\/p>","protected":false},"excerpt":{"rendered":"<p>Bande \u00e9tanche avec un degr\u00e9 d'\u00e9tanch\u00e9it\u00e9 IP65. Son \u00e9paisseur de 26 mm lui permet de s'adapter aux petits espaces. Fabriqu\u00e9e en PVC de haute qualit\u00e9. Son rev\u00eatement mat r\u00e9duit l'effet d'\u00e9blouissement. Deux accessoires de montage inclus. Options de montage<\/p>","protected":false},"featured_media":252679,"template":"","meta":[],"product_brand":[99401],"product_cat":[100231,99601],"product_tag":[],"class_list":{"0":"post-252683","1":"product","2":"type-product","3":"status-publish","4":"has-post-thumbnail","6":"product_brand-spectrum","7":"product_cat-regletas-estancas","8":"product_cat-gyemo","11":"instock","12":"taxable","13":"shipping-taxable","14":"purchasable","15":"product-type-simple"},"yoast_head":"<!-- This site is optimized with the Yoast SEO plugin v26.6 - https:\/\/yoast.com\/wordpress\/plugins\/seo\/ -->\n<title>SLI028030NW REGLETA LED 36W 4000K IP65 LIMEA MINI - Ledsolintel<\/title>\n<meta name=\"robots\" content=\"index, follow, max-snippet:-1, max-image-preview:large, max-video-preview:-1\" \/>\n<link rel=\"canonical\" href=\"https:\/\/ledsolintel.com\/fr\/produit-2\/sli028030nw-regleta-led-36w-4000k-ip65-limea-mini\/\" \/>\n<meta property=\"og:locale\" content=\"fr_FR\" \/>\n<meta property=\"og:type\" content=\"article\" \/>\n<meta property=\"og:title\" content=\"SLI028030NW REGLETA LED 36W 4000K IP65 LIMEA MINI - Ledsolintel\" \/>\n<meta property=\"og:description\" content=\"Regleta herm\u00e9tica con una estanqueidad IP65. Su grosor de 26 mm. la hace adecuada para espacios reducidos. Fabricado en PVC de alta calidad. Su cubierta mate reduce el efecto del deslumbramiento. Dos accesorios de montaje incluidos. Posibilidad de montaje\" \/>\n<meta property=\"og:url\" content=\"https:\/\/ledsolintel.com\/fr\/produit-2\/sli028030nw-regleta-led-36w-4000k-ip65-limea-mini\/\" \/>\n<meta property=\"og:site_name\" content=\"Ledsolintel\" \/>\n<meta property=\"article:publisher\" content=\"http:\/\/www.facebook.com\/webmenaje\" \/>\n<meta property=\"og:image\" content=\"https:\/\/ledsolintel.com\/wp-content\/uploads\/2024\/05\/27964-SLI028030NW-REGLETA-LED-36W-4000K-IP65-LIMEA-MINI.jpg\" \/>\n\t<meta property=\"og:image:width\" content=\"1\" \/>\n\t<meta property=\"og:image:height\" content=\"1\" \/>\n\t<meta property=\"og:image:type\" content=\"image\/jpeg\" \/>\n<meta name=\"twitter:card\" content=\"summary_large_image\" \/>\n<meta name=\"twitter:site\" content=\"@webmenaje\" \/>\n<script type=\"application\/ld+json\" class=\"yoast-schema-graph\">{\"@context\":\"https:\/\/schema.org\",\"@graph\":[{\"@type\":\"WebPage\",\"@id\":\"https:\/\/ledsolintel.com\/product\/sli028030nw-regleta-led-36w-4000k-ip65-limea-mini\/\",\"url\":\"https:\/\/ledsolintel.com\/product\/sli028030nw-regleta-led-36w-4000k-ip65-limea-mini\/\",\"name\":\"SLI028030NW REGLETA LED 36W 4000K IP65 LIMEA MINI - Ledsolintel\",\"isPartOf\":{\"@id\":\"https:\/\/ledsolintel.com\/#website\"},\"primaryImageOfPage\":{\"@id\":\"https:\/\/ledsolintel.com\/product\/sli028030nw-regleta-led-36w-4000k-ip65-limea-mini\/#primaryimage\"},\"image\":{\"@id\":\"https:\/\/ledsolintel.com\/product\/sli028030nw-regleta-led-36w-4000k-ip65-limea-mini\/#primaryimage\"},\"thumbnailUrl\":\"https:\/\/ledsolintel.com\/wp-content\/uploads\/2024\/05\/27964-SLI028030NW-REGLETA-LED-36W-4000K-IP65-LIMEA-MINI.jpg\",\"datePublished\":\"2024-05-23T08:02:02+00:00\",\"breadcrumb\":{\"@id\":\"https:\/\/ledsolintel.com\/product\/sli028030nw-regleta-led-36w-4000k-ip65-limea-mini\/#breadcrumb\"},\"inLanguage\":\"fr-FR\",\"potentialAction\":[{\"@type\":\"ReadAction\",\"target\":[\"https:\/\/ledsolintel.com\/product\/sli028030nw-regleta-led-36w-4000k-ip65-limea-mini\/\"]}]},{\"@type\":\"ImageObject\",\"inLanguage\":\"fr-FR\",\"@id\":\"https:\/\/ledsolintel.com\/product\/sli028030nw-regleta-led-36w-4000k-ip65-limea-mini\/#primaryimage\",\"url\":\"https:\/\/ledsolintel.com\/wp-content\/uploads\/2024\/05\/27964-SLI028030NW-REGLETA-LED-36W-4000K-IP65-LIMEA-MINI.jpg\",\"contentUrl\":\"https:\/\/ledsolintel.com\/wp-content\/uploads\/2024\/05\/27964-SLI028030NW-REGLETA-LED-36W-4000K-IP65-LIMEA-MINI.jpg\",\"caption\":\"SLI028030NW REGLETA LED 36W 4000K IP65 LIMEA MINI\"},{\"@type\":\"BreadcrumbList\",\"@id\":\"https:\/\/ledsolintel.com\/product\/sli028030nw-regleta-led-36w-4000k-ip65-limea-mini\/#breadcrumb\",\"itemListElement\":[{\"@type\":\"ListItem\",\"position\":1,\"name\":\"Portada\",\"item\":\"https:\/\/ledsolintel.com\/fr\/\"},{\"@type\":\"ListItem\",\"position\":2,\"name\":\"Tienda\",\"item\":\"https:\/\/ledsolintel.com\/tienda\/\"},{\"@type\":\"ListItem\",\"position\":3,\"name\":\"SLI028030NW REGLETA LED 36W 4000K IP65 LIMEA MINI\"}]},{\"@type\":\"WebSite\",\"@id\":\"https:\/\/ledsolintel.com\/#website\",\"url\":\"https:\/\/ledsolintel.com\/\",\"name\":\"Webmenaje\",\"description\":\"Tienda de bombillas y l\u00e1mparas LED para profesionales\",\"publisher\":{\"@id\":\"https:\/\/ledsolintel.com\/#organization\"},\"potentialAction\":[{\"@type\":\"SearchAction\",\"target\":{\"@type\":\"EntryPoint\",\"urlTemplate\":\"https:\/\/ledsolintel.com\/?s={search_term_string}\"},\"query-input\":{\"@type\":\"PropertyValueSpecification\",\"valueRequired\":true,\"valueName\":\"search_term_string\"}}],\"inLanguage\":\"fr-FR\"},{\"@type\":\"Organization\",\"@id\":\"https:\/\/ledsolintel.com\/#organization\",\"name\":\"Solintel Noroeste, S.L.\",\"url\":\"https:\/\/ledsolintel.com\/\",\"logo\":{\"@type\":\"ImageObject\",\"inLanguage\":\"fr-FR\",\"@id\":\"https:\/\/ledsolintel.com\/#\/schema\/logo\/image\/\",\"url\":\"https:\/\/ledsolintel.com\/wp-content\/uploads\/2024\/11\/webmenaje-logo-1508269066.jpg\",\"contentUrl\":\"https:\/\/ledsolintel.com\/wp-content\/uploads\/2024\/11\/webmenaje-logo-1508269066.jpg\",\"width\":370,\"height\":90,\"caption\":\"Solintel Noroeste, S.L.\"},\"image\":{\"@id\":\"https:\/\/ledsolintel.com\/#\/schema\/logo\/image\/\"},\"sameAs\":[\"http:\/\/www.facebook.com\/webmenaje\",\"https:\/\/x.com\/webmenaje\",\"https:\/\/www.youtube.com\/channel\/UCX2KoVoeCG4LocZjUc6LmSQ\",\"http:\/\/www.pinterest.com\/webmenaje\"]}]}<\/script>\n<!-- \/ Yoast SEO plugin. -->","yoast_head_json":{"title":"SLI028030NW REGLETA LED 36W 4000K IP65 LIMEA MINI - Ledsolintel","robots":{"index":"index","follow":"follow","max-snippet":"max-snippet:-1","max-image-preview":"max-image-preview:large","max-video-preview":"max-video-preview:-1"},"canonical":"https:\/\/ledsolintel.com\/fr\/produit-2\/sli028030nw-regleta-led-36w-4000k-ip65-limea-mini\/","og_locale":"fr_FR","og_type":"article","og_title":"SLI028030NW REGLETA LED 36W 4000K IP65 LIMEA MINI - Ledsolintel","og_description":"Regleta herm\u00e9tica con una estanqueidad IP65. Su grosor de 26 mm. la hace adecuada para espacios reducidos. Fabricado en PVC de alta calidad. Su cubierta mate reduce el efecto del deslumbramiento. Dos accesorios de montaje incluidos. Posibilidad de montaje","og_url":"https:\/\/ledsolintel.com\/fr\/produit-2\/sli028030nw-regleta-led-36w-4000k-ip65-limea-mini\/","og_site_name":"Ledsolintel","article_publisher":"http:\/\/www.facebook.com\/webmenaje","og_image":[{"url":"https:\/\/ledsolintel.com\/wp-content\/uploads\/2024\/05\/27964-SLI028030NW-REGLETA-LED-36W-4000K-IP65-LIMEA-MINI.jpg","width":1,"height":1,"type":"image\/jpeg"}],"twitter_card":"summary_large_image","twitter_site":"@webmenaje","schema":{"@context":"https:\/\/schema.org","@graph":[{"@type":"WebPage","@id":"https:\/\/ledsolintel.com\/product\/sli028030nw-regleta-led-36w-4000k-ip65-limea-mini\/","url":"https:\/\/ledsolintel.com\/product\/sli028030nw-regleta-led-36w-4000k-ip65-limea-mini\/","name":"SLI028030NW REGLETA LED 36W 4000K IP65 LIMEA MINI - Ledsolintel","isPartOf":{"@id":"https:\/\/ledsolintel.com\/#website"},"primaryImageOfPage":{"@id":"https:\/\/ledsolintel.com\/product\/sli028030nw-regleta-led-36w-4000k-ip65-limea-mini\/#primaryimage"},"image":{"@id":"https:\/\/ledsolintel.com\/product\/sli028030nw-regleta-led-36w-4000k-ip65-limea-mini\/#primaryimage"},"thumbnailUrl":"https:\/\/ledsolintel.com\/wp-content\/uploads\/2024\/05\/27964-SLI028030NW-REGLETA-LED-36W-4000K-IP65-LIMEA-MINI.jpg","datePublished":"2024-05-23T08:02:02+00:00","breadcrumb":{"@id":"https:\/\/ledsolintel.com\/product\/sli028030nw-regleta-led-36w-4000k-ip65-limea-mini\/#breadcrumb"},"inLanguage":"fr-FR","potentialAction":[{"@type":"ReadAction","target":["https:\/\/ledsolintel.com\/product\/sli028030nw-regleta-led-36w-4000k-ip65-limea-mini\/"]}]},{"@type":"ImageObject","inLanguage":"fr-FR","@id":"https:\/\/ledsolintel.com\/product\/sli028030nw-regleta-led-36w-4000k-ip65-limea-mini\/#primaryimage","url":"https:\/\/ledsolintel.com\/wp-content\/uploads\/2024\/05\/27964-SLI028030NW-REGLETA-LED-36W-4000K-IP65-LIMEA-MINI.jpg","contentUrl":"https:\/\/ledsolintel.com\/wp-content\/uploads\/2024\/05\/27964-SLI028030NW-REGLETA-LED-36W-4000K-IP65-LIMEA-MINI.jpg","caption":"SLI028030NW REGLETA LED 36W 4000K IP65 LIMEA MINI"},{"@type":"BreadcrumbList","@id":"https:\/\/ledsolintel.com\/product\/sli028030nw-regleta-led-36w-4000k-ip65-limea-mini\/#breadcrumb","itemListElement":[{"@type":"ListItem","position":1,"name":"Portada","item":"https:\/\/ledsolintel.com\/fr\/"},{"@type":"ListItem","position":2,"name":"Tienda","item":"https:\/\/ledsolintel.com\/tienda\/"},{"@type":"ListItem","position":3,"name":"SLI028030NW REGLETA LED 36W 4000K IP65 LIMEA MINI"}]},{"@type":"WebSite","@id":"https:\/\/ledsolintel.com\/#website","url":"https:\/\/ledsolintel.com\/","name":"Webmenaje","description":"Magasin d'ampoules et de lampes LED pour les professionnels","publisher":{"@id":"https:\/\/ledsolintel.com\/#organization"},"potentialAction":[{"@type":"SearchAction","target":{"@type":"EntryPoint","urlTemplate":"https:\/\/ledsolintel.com\/?s={search_term_string}"},"query-input":{"@type":"PropertyValueSpecification","valueRequired":true,"valueName":"search_term_string"}}],"inLanguage":"fr-FR"},{"@type":"Organization","@id":"https:\/\/ledsolintel.com\/#organization","name":"Solintel Noroeste, S.L.","url":"https:\/\/ledsolintel.com\/","logo":{"@type":"ImageObject","inLanguage":"fr-FR","@id":"https:\/\/ledsolintel.com\/#\/schema\/logo\/image\/","url":"https:\/\/ledsolintel.com\/wp-content\/uploads\/2024\/11\/webmenaje-logo-1508269066.jpg","contentUrl":"https:\/\/ledsolintel.com\/wp-content\/uploads\/2024\/11\/webmenaje-logo-1508269066.jpg","width":370,"height":90,"caption":"Solintel Noroeste, S.L."},"image":{"@id":"https:\/\/ledsolintel.com\/#\/schema\/logo\/image\/"},"sameAs":["http:\/\/www.facebook.com\/webmenaje","https:\/\/x.com\/webmenaje","https:\/\/www.youtube.com\/channel\/UCX2KoVoeCG4LocZjUc6LmSQ","http:\/\/www.pinterest.com\/webmenaje"]}]}},"_links":{"self":[{"href":"https:\/\/ledsolintel.com\/fr\/wp-json\/wp\/v2\/product\/252683","targetHints":{"allow":["GET"]}}],"collection":[{"href":"https:\/\/ledsolintel.com\/fr\/wp-json\/wp\/v2\/product"}],"about":[{"href":"https:\/\/ledsolintel.com\/fr\/wp-json\/wp\/v2\/types\/product"}],"version-history":[{"count":0,"href":"https:\/\/ledsolintel.com\/fr\/wp-json\/wp\/v2\/product\/252683\/revisions"}],"wp:featuredmedia":[{"embeddable":true,"href":"https:\/\/ledsolintel.com\/fr\/wp-json\/wp\/v2\/media\/252679"}],"wp:attachment":[{"href":"https:\/\/ledsolintel.com\/fr\/wp-json\/wp\/v2\/media?parent=252683"}],"wp:term":[{"taxonomy":"product_brand","embeddable":true,"href":"https:\/\/ledsolintel.com\/fr\/wp-json\/wp\/v2\/product_brand?post=252683"},{"taxonomy":"product_cat","embeddable":true,"href":"https:\/\/ledsolintel.com\/fr\/wp-json\/wp\/v2\/product_cat?post=252683"},{"taxonomy":"product_tag","embeddable":true,"href":"https:\/\/ledsolintel.com\/fr\/wp-json\/wp\/v2\/product_tag?post=252683"}],"curies":[{"name":"wp","href":"https:\/\/api.w.org\/{rel}","templated":true}]}}