{"id":252659,"date":"2024-05-23T10:02:02","date_gmt":"2024-05-23T08:02:02","guid":{"rendered":"https:\/\/nueva.ledsolintel.com\/product\/54507-tapa-ciega-para-perfil-de-empotrar-ledesma\/"},"modified":"2024-05-23T10:02:02","modified_gmt":"2024-05-23T08:02:02","slug":"54507-tapa-ciega-para-perfil-de-empotrar-ledesma","status":"publish","type":"product","link":"https:\/\/ledsolintel.com\/fr\/produit-2\/54507-tapa-ciega-para-perfil-de-empotrar-ledesma\/","title":{"rendered":"54507 CACHE POUR RAIL D'ENCASTREMENT LEDESMA"},"content":{"rendered":"<p>Le profil\u00e9 d\u00e9coratif en aluminium pour installation encastr\u00e9e sert de dissipateur thermique pour les r\u00e9glettes de forte puissance, prolongeant ainsi leur dur\u00e9e de vie. Il peut \u00e9galement \u00eatre int\u00e9gr\u00e9 dans des r\u00e9glettes de faible puissance, am\u00e9liorant ainsi leurs performances et leur durabilit\u00e9. Diffuseur non inclus<\/p>","protected":false},"excerpt":{"rendered":"<p>Le profil\u00e9 d\u00e9coratif en aluminium pour installation encastr\u00e9e sert de dissipateur thermique pour les r\u00e9glettes de forte puissance, prolongeant ainsi leur dur\u00e9e de vie. Il peut \u00e9galement \u00eatre int\u00e9gr\u00e9 dans des r\u00e9glettes de faible puissance, am\u00e9liorant ainsi leurs performances et leur durabilit\u00e9. Diffuseur non inclus<\/p>","protected":false},"featured_media":252658,"template":"","meta":[],"product_brand":[99425],"product_cat":[99601],"product_tag":[],"class_list":{"0":"post-252659","1":"product","2":"type-product","3":"status-publish","4":"has-post-thumbnail","6":"product_brand-ledesma","7":"product_cat-gyemo","10":"instock","11":"taxable","12":"shipping-taxable","13":"purchasable","14":"product-type-simple"},"yoast_head":"<!-- This site is optimized with the Yoast SEO plugin v26.6 - https:\/\/yoast.com\/wordpress\/plugins\/seo\/ -->\n<title>54507 TAPA CIEGA PARA PERFIL DE EMPOTRAR LEDESMA - Ledsolintel<\/title>\n<meta name=\"robots\" content=\"index, follow, max-snippet:-1, max-image-preview:large, max-video-preview:-1\" \/>\n<link rel=\"canonical\" href=\"https:\/\/ledsolintel.com\/fr\/produit-2\/54507-tapa-ciega-para-perfil-de-empotrar-ledesma\/\" \/>\n<meta property=\"og:locale\" content=\"fr_FR\" \/>\n<meta property=\"og:type\" content=\"article\" \/>\n<meta property=\"og:title\" content=\"54507 TAPA CIEGA PARA PERFIL DE EMPOTRAR LEDESMA - Ledsolintel\" \/>\n<meta property=\"og:description\" content=\"El perfil decorativo de aluminio para instalaci\u00f3n empotrada funciona como disipador para las tiras de alta potencia, alargando as\u00ed la vida de las mismas. Tambi\u00e9n se integra en tiras de menor potencia, mejorando su rendimiento y duraci\u00f3n. No incluye difuso\" \/>\n<meta property=\"og:url\" content=\"https:\/\/ledsolintel.com\/fr\/produit-2\/54507-tapa-ciega-para-perfil-de-empotrar-ledesma\/\" \/>\n<meta property=\"og:site_name\" content=\"Ledsolintel\" \/>\n<meta property=\"article:publisher\" content=\"http:\/\/www.facebook.com\/webmenaje\" \/>\n<meta property=\"og:image\" content=\"https:\/\/ledsolintel.com\/wp-content\/uploads\/2024\/05\/27938-54507-TAPA-CIEGA-PARA-PERFIL-DE-EMPOTRAR-LEDESMA.jpg\" \/>\n\t<meta property=\"og:image:width\" content=\"1\" \/>\n\t<meta property=\"og:image:height\" content=\"1\" \/>\n\t<meta property=\"og:image:type\" content=\"image\/jpeg\" \/>\n<meta name=\"twitter:card\" content=\"summary_large_image\" \/>\n<meta name=\"twitter:site\" content=\"@webmenaje\" \/>\n<script type=\"application\/ld+json\" class=\"yoast-schema-graph\">{\"@context\":\"https:\/\/schema.org\",\"@graph\":[{\"@type\":\"WebPage\",\"@id\":\"https:\/\/ledsolintel.com\/product\/54507-tapa-ciega-para-perfil-de-empotrar-ledesma\/\",\"url\":\"https:\/\/ledsolintel.com\/product\/54507-tapa-ciega-para-perfil-de-empotrar-ledesma\/\",\"name\":\"54507 TAPA CIEGA PARA PERFIL DE EMPOTRAR LEDESMA - Ledsolintel\",\"isPartOf\":{\"@id\":\"https:\/\/ledsolintel.com\/#website\"},\"primaryImageOfPage\":{\"@id\":\"https:\/\/ledsolintel.com\/product\/54507-tapa-ciega-para-perfil-de-empotrar-ledesma\/#primaryimage\"},\"image\":{\"@id\":\"https:\/\/ledsolintel.com\/product\/54507-tapa-ciega-para-perfil-de-empotrar-ledesma\/#primaryimage\"},\"thumbnailUrl\":\"https:\/\/ledsolintel.com\/wp-content\/uploads\/2024\/05\/27938-54507-TAPA-CIEGA-PARA-PERFIL-DE-EMPOTRAR-LEDESMA.jpg\",\"datePublished\":\"2024-05-23T08:02:02+00:00\",\"breadcrumb\":{\"@id\":\"https:\/\/ledsolintel.com\/product\/54507-tapa-ciega-para-perfil-de-empotrar-ledesma\/#breadcrumb\"},\"inLanguage\":\"fr-FR\",\"potentialAction\":[{\"@type\":\"ReadAction\",\"target\":[\"https:\/\/ledsolintel.com\/product\/54507-tapa-ciega-para-perfil-de-empotrar-ledesma\/\"]}]},{\"@type\":\"ImageObject\",\"inLanguage\":\"fr-FR\",\"@id\":\"https:\/\/ledsolintel.com\/product\/54507-tapa-ciega-para-perfil-de-empotrar-ledesma\/#primaryimage\",\"url\":\"https:\/\/ledsolintel.com\/wp-content\/uploads\/2024\/05\/27938-54507-TAPA-CIEGA-PARA-PERFIL-DE-EMPOTRAR-LEDESMA.jpg\",\"contentUrl\":\"https:\/\/ledsolintel.com\/wp-content\/uploads\/2024\/05\/27938-54507-TAPA-CIEGA-PARA-PERFIL-DE-EMPOTRAR-LEDESMA.jpg\",\"caption\":\"54507 TAPA CIEGA PARA PERFIL DE EMPOTRAR LEDESMA\"},{\"@type\":\"BreadcrumbList\",\"@id\":\"https:\/\/ledsolintel.com\/product\/54507-tapa-ciega-para-perfil-de-empotrar-ledesma\/#breadcrumb\",\"itemListElement\":[{\"@type\":\"ListItem\",\"position\":1,\"name\":\"Portada\",\"item\":\"https:\/\/ledsolintel.com\/fr\/\"},{\"@type\":\"ListItem\",\"position\":2,\"name\":\"Tienda\",\"item\":\"https:\/\/ledsolintel.com\/tienda\/\"},{\"@type\":\"ListItem\",\"position\":3,\"name\":\"54507 TAPA CIEGA PARA PERFIL DE EMPOTRAR LEDESMA\"}]},{\"@type\":\"WebSite\",\"@id\":\"https:\/\/ledsolintel.com\/#website\",\"url\":\"https:\/\/ledsolintel.com\/\",\"name\":\"Webmenaje\",\"description\":\"Tienda de bombillas y l\u00e1mparas LED para profesionales\",\"publisher\":{\"@id\":\"https:\/\/ledsolintel.com\/#organization\"},\"potentialAction\":[{\"@type\":\"SearchAction\",\"target\":{\"@type\":\"EntryPoint\",\"urlTemplate\":\"https:\/\/ledsolintel.com\/?s={search_term_string}\"},\"query-input\":{\"@type\":\"PropertyValueSpecification\",\"valueRequired\":true,\"valueName\":\"search_term_string\"}}],\"inLanguage\":\"fr-FR\"},{\"@type\":\"Organization\",\"@id\":\"https:\/\/ledsolintel.com\/#organization\",\"name\":\"Solintel Noroeste, S.L.\",\"url\":\"https:\/\/ledsolintel.com\/\",\"logo\":{\"@type\":\"ImageObject\",\"inLanguage\":\"fr-FR\",\"@id\":\"https:\/\/ledsolintel.com\/#\/schema\/logo\/image\/\",\"url\":\"https:\/\/ledsolintel.com\/wp-content\/uploads\/2024\/11\/webmenaje-logo-1508269066.jpg\",\"contentUrl\":\"https:\/\/ledsolintel.com\/wp-content\/uploads\/2024\/11\/webmenaje-logo-1508269066.jpg\",\"width\":370,\"height\":90,\"caption\":\"Solintel Noroeste, S.L.\"},\"image\":{\"@id\":\"https:\/\/ledsolintel.com\/#\/schema\/logo\/image\/\"},\"sameAs\":[\"http:\/\/www.facebook.com\/webmenaje\",\"https:\/\/x.com\/webmenaje\",\"https:\/\/www.youtube.com\/channel\/UCX2KoVoeCG4LocZjUc6LmSQ\",\"http:\/\/www.pinterest.com\/webmenaje\"]}]}<\/script>\n<!-- \/ Yoast SEO plugin. -->","yoast_head_json":{"title":"54507 TAPA CIEGA PARA PERFIL DE EMPOTRAR LEDESMA - Ledsolintel","robots":{"index":"index","follow":"follow","max-snippet":"max-snippet:-1","max-image-preview":"max-image-preview:large","max-video-preview":"max-video-preview:-1"},"canonical":"https:\/\/ledsolintel.com\/fr\/produit-2\/54507-tapa-ciega-para-perfil-de-empotrar-ledesma\/","og_locale":"fr_FR","og_type":"article","og_title":"54507 TAPA CIEGA PARA PERFIL DE EMPOTRAR LEDESMA - Ledsolintel","og_description":"El perfil decorativo de aluminio para instalaci\u00f3n empotrada funciona como disipador para las tiras de alta potencia, alargando as\u00ed la vida de las mismas. Tambi\u00e9n se integra en tiras de menor potencia, mejorando su rendimiento y duraci\u00f3n. No incluye difuso","og_url":"https:\/\/ledsolintel.com\/fr\/produit-2\/54507-tapa-ciega-para-perfil-de-empotrar-ledesma\/","og_site_name":"Ledsolintel","article_publisher":"http:\/\/www.facebook.com\/webmenaje","og_image":[{"url":"https:\/\/ledsolintel.com\/wp-content\/uploads\/2024\/05\/27938-54507-TAPA-CIEGA-PARA-PERFIL-DE-EMPOTRAR-LEDESMA.jpg","width":1,"height":1,"type":"image\/jpeg"}],"twitter_card":"summary_large_image","twitter_site":"@webmenaje","schema":{"@context":"https:\/\/schema.org","@graph":[{"@type":"WebPage","@id":"https:\/\/ledsolintel.com\/product\/54507-tapa-ciega-para-perfil-de-empotrar-ledesma\/","url":"https:\/\/ledsolintel.com\/product\/54507-tapa-ciega-para-perfil-de-empotrar-ledesma\/","name":"54507 TAPA CIEGA PARA PERFIL DE EMPOTRAR LEDESMA - Ledsolintel","isPartOf":{"@id":"https:\/\/ledsolintel.com\/#website"},"primaryImageOfPage":{"@id":"https:\/\/ledsolintel.com\/product\/54507-tapa-ciega-para-perfil-de-empotrar-ledesma\/#primaryimage"},"image":{"@id":"https:\/\/ledsolintel.com\/product\/54507-tapa-ciega-para-perfil-de-empotrar-ledesma\/#primaryimage"},"thumbnailUrl":"https:\/\/ledsolintel.com\/wp-content\/uploads\/2024\/05\/27938-54507-TAPA-CIEGA-PARA-PERFIL-DE-EMPOTRAR-LEDESMA.jpg","datePublished":"2024-05-23T08:02:02+00:00","breadcrumb":{"@id":"https:\/\/ledsolintel.com\/product\/54507-tapa-ciega-para-perfil-de-empotrar-ledesma\/#breadcrumb"},"inLanguage":"fr-FR","potentialAction":[{"@type":"ReadAction","target":["https:\/\/ledsolintel.com\/product\/54507-tapa-ciega-para-perfil-de-empotrar-ledesma\/"]}]},{"@type":"ImageObject","inLanguage":"fr-FR","@id":"https:\/\/ledsolintel.com\/product\/54507-tapa-ciega-para-perfil-de-empotrar-ledesma\/#primaryimage","url":"https:\/\/ledsolintel.com\/wp-content\/uploads\/2024\/05\/27938-54507-TAPA-CIEGA-PARA-PERFIL-DE-EMPOTRAR-LEDESMA.jpg","contentUrl":"https:\/\/ledsolintel.com\/wp-content\/uploads\/2024\/05\/27938-54507-TAPA-CIEGA-PARA-PERFIL-DE-EMPOTRAR-LEDESMA.jpg","caption":"54507 TAPA CIEGA PARA PERFIL DE EMPOTRAR LEDESMA"},{"@type":"BreadcrumbList","@id":"https:\/\/ledsolintel.com\/product\/54507-tapa-ciega-para-perfil-de-empotrar-ledesma\/#breadcrumb","itemListElement":[{"@type":"ListItem","position":1,"name":"Portada","item":"https:\/\/ledsolintel.com\/fr\/"},{"@type":"ListItem","position":2,"name":"Tienda","item":"https:\/\/ledsolintel.com\/tienda\/"},{"@type":"ListItem","position":3,"name":"54507 TAPA CIEGA PARA PERFIL DE EMPOTRAR LEDESMA"}]},{"@type":"WebSite","@id":"https:\/\/ledsolintel.com\/#website","url":"https:\/\/ledsolintel.com\/","name":"Webmenaje","description":"Magasin d'ampoules et de lampes LED pour les professionnels","publisher":{"@id":"https:\/\/ledsolintel.com\/#organization"},"potentialAction":[{"@type":"SearchAction","target":{"@type":"EntryPoint","urlTemplate":"https:\/\/ledsolintel.com\/?s={search_term_string}"},"query-input":{"@type":"PropertyValueSpecification","valueRequired":true,"valueName":"search_term_string"}}],"inLanguage":"fr-FR"},{"@type":"Organization","@id":"https:\/\/ledsolintel.com\/#organization","name":"Solintel Noroeste, S.L.","url":"https:\/\/ledsolintel.com\/","logo":{"@type":"ImageObject","inLanguage":"fr-FR","@id":"https:\/\/ledsolintel.com\/#\/schema\/logo\/image\/","url":"https:\/\/ledsolintel.com\/wp-content\/uploads\/2024\/11\/webmenaje-logo-1508269066.jpg","contentUrl":"https:\/\/ledsolintel.com\/wp-content\/uploads\/2024\/11\/webmenaje-logo-1508269066.jpg","width":370,"height":90,"caption":"Solintel Noroeste, S.L."},"image":{"@id":"https:\/\/ledsolintel.com\/#\/schema\/logo\/image\/"},"sameAs":["http:\/\/www.facebook.com\/webmenaje","https:\/\/x.com\/webmenaje","https:\/\/www.youtube.com\/channel\/UCX2KoVoeCG4LocZjUc6LmSQ","http:\/\/www.pinterest.com\/webmenaje"]}]}},"_links":{"self":[{"href":"https:\/\/ledsolintel.com\/fr\/wp-json\/wp\/v2\/product\/252659","targetHints":{"allow":["GET"]}}],"collection":[{"href":"https:\/\/ledsolintel.com\/fr\/wp-json\/wp\/v2\/product"}],"about":[{"href":"https:\/\/ledsolintel.com\/fr\/wp-json\/wp\/v2\/types\/product"}],"version-history":[{"count":0,"href":"https:\/\/ledsolintel.com\/fr\/wp-json\/wp\/v2\/product\/252659\/revisions"}],"wp:featuredmedia":[{"embeddable":true,"href":"https:\/\/ledsolintel.com\/fr\/wp-json\/wp\/v2\/media\/252658"}],"wp:attachment":[{"href":"https:\/\/ledsolintel.com\/fr\/wp-json\/wp\/v2\/media?parent=252659"}],"wp:term":[{"taxonomy":"product_brand","embeddable":true,"href":"https:\/\/ledsolintel.com\/fr\/wp-json\/wp\/v2\/product_brand?post=252659"},{"taxonomy":"product_cat","embeddable":true,"href":"https:\/\/ledsolintel.com\/fr\/wp-json\/wp\/v2\/product_cat?post=252659"},{"taxonomy":"product_tag","embeddable":true,"href":"https:\/\/ledsolintel.com\/fr\/wp-json\/wp\/v2\/product_tag?post=252659"}],"curies":[{"name":"wp","href":"https:\/\/api.w.org\/{rel}","templated":true}]}}