{"id":252655,"date":"2024-05-23T10:02:02","date_gmt":"2024-05-23T08:02:02","guid":{"rendered":"https:\/\/nueva.ledsolintel.com\/product\/54121-2m-perfil-alum-superficie-125mm-sin-difusor\/"},"modified":"2024-05-23T10:02:02","modified_gmt":"2024-05-23T08:02:02","slug":"54121-2m-perfil-alum-superficie-125mm-sin-difusor","status":"publish","type":"product","link":"https:\/\/ledsolintel.com\/fr\/produit-2\/54121-2m-perfil-alum-superficie-125mm-sin-difusor\/","title":{"rendered":"54121 2m ALUM PROFILE SURFACE 12,5mm SANS DIFFUSEUR"},"content":{"rendered":"<p>Le profil\u00e9 d\u00e9coratif en aluminium pour montage en surface sert de dissipateur thermique pour les barrettes de forte puissance, ce qui augmente la dur\u00e9e de vie de la lampe. Il peut \u00e9galement \u00eatre int\u00e9gr\u00e9 dans des barrettes de faible puissance, am\u00e9liorant ainsi leurs performances et leur durabilit\u00e9. Ne comprend pas<\/p>","protected":false},"excerpt":{"rendered":"<p>Le profil\u00e9 d\u00e9coratif en aluminium pour montage en surface sert de dissipateur thermique pour les barrettes de forte puissance, ce qui augmente la dur\u00e9e de vie de la lampe. Il peut \u00e9galement \u00eatre int\u00e9gr\u00e9 dans des barrettes de faible puissance, am\u00e9liorant ainsi leurs performances et leur durabilit\u00e9. Ne comprend pas<\/p>","protected":false},"featured_media":252653,"template":"","meta":[],"product_brand":[99425],"product_cat":[99601],"product_tag":[],"class_list":{"0":"post-252655","1":"product","2":"type-product","3":"status-publish","4":"has-post-thumbnail","6":"product_brand-ledesma","7":"product_cat-gyemo","10":"instock","11":"taxable","12":"shipping-taxable","13":"purchasable","14":"product-type-simple"},"yoast_head":"<!-- This site is optimized with the Yoast SEO plugin v26.6 - https:\/\/yoast.com\/wordpress\/plugins\/seo\/ -->\n<title>54121 2m PERFIL ALUM SUPERFICIE 12,5mm SIN DIFUSOR - Ledsolintel<\/title>\n<meta name=\"robots\" content=\"index, follow, max-snippet:-1, max-image-preview:large, max-video-preview:-1\" \/>\n<link rel=\"canonical\" href=\"https:\/\/ledsolintel.com\/fr\/produit-2\/54121-2m-perfil-alum-superficie-125mm-sin-difusor\/\" \/>\n<meta property=\"og:locale\" content=\"fr_FR\" \/>\n<meta property=\"og:type\" content=\"article\" \/>\n<meta property=\"og:title\" content=\"54121 2m PERFIL ALUM SUPERFICIE 12,5mm SIN DIFUSOR - Ledsolintel\" \/>\n<meta property=\"og:description\" content=\"El perfil decorativo de aluminio para instalaci\u00f3n en superficie funciona como disipador de las tiras de alta potencia, ofreciendo mayor durabilidad de la l\u00e1mpara. Tambi\u00e9n se integra en tiras de menor potencia, mejorando su rendimiento y duraci\u00f3n. No inclu\" \/>\n<meta property=\"og:url\" content=\"https:\/\/ledsolintel.com\/fr\/produit-2\/54121-2m-perfil-alum-superficie-125mm-sin-difusor\/\" \/>\n<meta property=\"og:site_name\" content=\"Ledsolintel\" \/>\n<meta property=\"article:publisher\" content=\"http:\/\/www.facebook.com\/webmenaje\" \/>\n<meta property=\"og:image\" content=\"https:\/\/ledsolintel.com\/wp-content\/uploads\/2024\/05\/27935-54121-2m-PERFIL-ALUM-SUPERFICIE-125mm-SIN-DIFUSOR.jpg\" \/>\n\t<meta property=\"og:image:width\" content=\"1\" \/>\n\t<meta property=\"og:image:height\" content=\"1\" \/>\n\t<meta property=\"og:image:type\" content=\"image\/jpeg\" \/>\n<meta name=\"twitter:card\" content=\"summary_large_image\" \/>\n<meta name=\"twitter:site\" content=\"@webmenaje\" \/>\n<script type=\"application\/ld+json\" class=\"yoast-schema-graph\">{\"@context\":\"https:\/\/schema.org\",\"@graph\":[{\"@type\":\"WebPage\",\"@id\":\"https:\/\/ledsolintel.com\/product\/54121-2m-perfil-alum-superficie-125mm-sin-difusor\/\",\"url\":\"https:\/\/ledsolintel.com\/product\/54121-2m-perfil-alum-superficie-125mm-sin-difusor\/\",\"name\":\"54121 2m PERFIL ALUM SUPERFICIE 12,5mm SIN DIFUSOR - Ledsolintel\",\"isPartOf\":{\"@id\":\"https:\/\/ledsolintel.com\/#website\"},\"primaryImageOfPage\":{\"@id\":\"https:\/\/ledsolintel.com\/product\/54121-2m-perfil-alum-superficie-125mm-sin-difusor\/#primaryimage\"},\"image\":{\"@id\":\"https:\/\/ledsolintel.com\/product\/54121-2m-perfil-alum-superficie-125mm-sin-difusor\/#primaryimage\"},\"thumbnailUrl\":\"https:\/\/ledsolintel.com\/wp-content\/uploads\/2024\/05\/27935-54121-2m-PERFIL-ALUM-SUPERFICIE-125mm-SIN-DIFUSOR.jpg\",\"datePublished\":\"2024-05-23T08:02:02+00:00\",\"breadcrumb\":{\"@id\":\"https:\/\/ledsolintel.com\/product\/54121-2m-perfil-alum-superficie-125mm-sin-difusor\/#breadcrumb\"},\"inLanguage\":\"fr-FR\",\"potentialAction\":[{\"@type\":\"ReadAction\",\"target\":[\"https:\/\/ledsolintel.com\/product\/54121-2m-perfil-alum-superficie-125mm-sin-difusor\/\"]}]},{\"@type\":\"ImageObject\",\"inLanguage\":\"fr-FR\",\"@id\":\"https:\/\/ledsolintel.com\/product\/54121-2m-perfil-alum-superficie-125mm-sin-difusor\/#primaryimage\",\"url\":\"https:\/\/ledsolintel.com\/wp-content\/uploads\/2024\/05\/27935-54121-2m-PERFIL-ALUM-SUPERFICIE-125mm-SIN-DIFUSOR.jpg\",\"contentUrl\":\"https:\/\/ledsolintel.com\/wp-content\/uploads\/2024\/05\/27935-54121-2m-PERFIL-ALUM-SUPERFICIE-125mm-SIN-DIFUSOR.jpg\",\"caption\":\"54121 2m PERFIL ALUM SUPERFICIE 12,5mm SIN DIFUSOR\"},{\"@type\":\"BreadcrumbList\",\"@id\":\"https:\/\/ledsolintel.com\/product\/54121-2m-perfil-alum-superficie-125mm-sin-difusor\/#breadcrumb\",\"itemListElement\":[{\"@type\":\"ListItem\",\"position\":1,\"name\":\"Portada\",\"item\":\"https:\/\/ledsolintel.com\/fr\/\"},{\"@type\":\"ListItem\",\"position\":2,\"name\":\"Tienda\",\"item\":\"https:\/\/ledsolintel.com\/tienda\/\"},{\"@type\":\"ListItem\",\"position\":3,\"name\":\"54121 2m PERFIL ALUM SUPERFICIE 12,5mm SIN DIFUSOR\"}]},{\"@type\":\"WebSite\",\"@id\":\"https:\/\/ledsolintel.com\/#website\",\"url\":\"https:\/\/ledsolintel.com\/\",\"name\":\"Webmenaje\",\"description\":\"Tienda de bombillas y l\u00e1mparas LED para profesionales\",\"publisher\":{\"@id\":\"https:\/\/ledsolintel.com\/#organization\"},\"potentialAction\":[{\"@type\":\"SearchAction\",\"target\":{\"@type\":\"EntryPoint\",\"urlTemplate\":\"https:\/\/ledsolintel.com\/?s={search_term_string}\"},\"query-input\":{\"@type\":\"PropertyValueSpecification\",\"valueRequired\":true,\"valueName\":\"search_term_string\"}}],\"inLanguage\":\"fr-FR\"},{\"@type\":\"Organization\",\"@id\":\"https:\/\/ledsolintel.com\/#organization\",\"name\":\"Solintel Noroeste, S.L.\",\"url\":\"https:\/\/ledsolintel.com\/\",\"logo\":{\"@type\":\"ImageObject\",\"inLanguage\":\"fr-FR\",\"@id\":\"https:\/\/ledsolintel.com\/#\/schema\/logo\/image\/\",\"url\":\"https:\/\/ledsolintel.com\/wp-content\/uploads\/2024\/11\/webmenaje-logo-1508269066.jpg\",\"contentUrl\":\"https:\/\/ledsolintel.com\/wp-content\/uploads\/2024\/11\/webmenaje-logo-1508269066.jpg\",\"width\":370,\"height\":90,\"caption\":\"Solintel Noroeste, S.L.\"},\"image\":{\"@id\":\"https:\/\/ledsolintel.com\/#\/schema\/logo\/image\/\"},\"sameAs\":[\"http:\/\/www.facebook.com\/webmenaje\",\"https:\/\/x.com\/webmenaje\",\"https:\/\/www.youtube.com\/channel\/UCX2KoVoeCG4LocZjUc6LmSQ\",\"http:\/\/www.pinterest.com\/webmenaje\"]}]}<\/script>\n<!-- \/ Yoast SEO plugin. -->","yoast_head_json":{"title":"54121 2m PERFIL ALUM SUPERFICIE 12,5mm SIN DIFUSOR - Ledsolintel","robots":{"index":"index","follow":"follow","max-snippet":"max-snippet:-1","max-image-preview":"max-image-preview:large","max-video-preview":"max-video-preview:-1"},"canonical":"https:\/\/ledsolintel.com\/fr\/produit-2\/54121-2m-perfil-alum-superficie-125mm-sin-difusor\/","og_locale":"fr_FR","og_type":"article","og_title":"54121 2m PERFIL ALUM SUPERFICIE 12,5mm SIN DIFUSOR - Ledsolintel","og_description":"El perfil decorativo de aluminio para instalaci\u00f3n en superficie funciona como disipador de las tiras de alta potencia, ofreciendo mayor durabilidad de la l\u00e1mpara. Tambi\u00e9n se integra en tiras de menor potencia, mejorando su rendimiento y duraci\u00f3n. No inclu","og_url":"https:\/\/ledsolintel.com\/fr\/produit-2\/54121-2m-perfil-alum-superficie-125mm-sin-difusor\/","og_site_name":"Ledsolintel","article_publisher":"http:\/\/www.facebook.com\/webmenaje","og_image":[{"url":"https:\/\/ledsolintel.com\/wp-content\/uploads\/2024\/05\/27935-54121-2m-PERFIL-ALUM-SUPERFICIE-125mm-SIN-DIFUSOR.jpg","width":1,"height":1,"type":"image\/jpeg"}],"twitter_card":"summary_large_image","twitter_site":"@webmenaje","schema":{"@context":"https:\/\/schema.org","@graph":[{"@type":"WebPage","@id":"https:\/\/ledsolintel.com\/product\/54121-2m-perfil-alum-superficie-125mm-sin-difusor\/","url":"https:\/\/ledsolintel.com\/product\/54121-2m-perfil-alum-superficie-125mm-sin-difusor\/","name":"54121 2m PERFIL ALUM SUPERFICIE 12,5mm SIN DIFUSOR - Ledsolintel","isPartOf":{"@id":"https:\/\/ledsolintel.com\/#website"},"primaryImageOfPage":{"@id":"https:\/\/ledsolintel.com\/product\/54121-2m-perfil-alum-superficie-125mm-sin-difusor\/#primaryimage"},"image":{"@id":"https:\/\/ledsolintel.com\/product\/54121-2m-perfil-alum-superficie-125mm-sin-difusor\/#primaryimage"},"thumbnailUrl":"https:\/\/ledsolintel.com\/wp-content\/uploads\/2024\/05\/27935-54121-2m-PERFIL-ALUM-SUPERFICIE-125mm-SIN-DIFUSOR.jpg","datePublished":"2024-05-23T08:02:02+00:00","breadcrumb":{"@id":"https:\/\/ledsolintel.com\/product\/54121-2m-perfil-alum-superficie-125mm-sin-difusor\/#breadcrumb"},"inLanguage":"fr-FR","potentialAction":[{"@type":"ReadAction","target":["https:\/\/ledsolintel.com\/product\/54121-2m-perfil-alum-superficie-125mm-sin-difusor\/"]}]},{"@type":"ImageObject","inLanguage":"fr-FR","@id":"https:\/\/ledsolintel.com\/product\/54121-2m-perfil-alum-superficie-125mm-sin-difusor\/#primaryimage","url":"https:\/\/ledsolintel.com\/wp-content\/uploads\/2024\/05\/27935-54121-2m-PERFIL-ALUM-SUPERFICIE-125mm-SIN-DIFUSOR.jpg","contentUrl":"https:\/\/ledsolintel.com\/wp-content\/uploads\/2024\/05\/27935-54121-2m-PERFIL-ALUM-SUPERFICIE-125mm-SIN-DIFUSOR.jpg","caption":"54121 2m PERFIL ALUM SUPERFICIE 12,5mm SIN DIFUSOR"},{"@type":"BreadcrumbList","@id":"https:\/\/ledsolintel.com\/product\/54121-2m-perfil-alum-superficie-125mm-sin-difusor\/#breadcrumb","itemListElement":[{"@type":"ListItem","position":1,"name":"Portada","item":"https:\/\/ledsolintel.com\/fr\/"},{"@type":"ListItem","position":2,"name":"Tienda","item":"https:\/\/ledsolintel.com\/tienda\/"},{"@type":"ListItem","position":3,"name":"54121 2m PERFIL ALUM SUPERFICIE 12,5mm SIN DIFUSOR"}]},{"@type":"WebSite","@id":"https:\/\/ledsolintel.com\/#website","url":"https:\/\/ledsolintel.com\/","name":"Webmenaje","description":"Magasin d'ampoules et de lampes LED pour les professionnels","publisher":{"@id":"https:\/\/ledsolintel.com\/#organization"},"potentialAction":[{"@type":"SearchAction","target":{"@type":"EntryPoint","urlTemplate":"https:\/\/ledsolintel.com\/?s={search_term_string}"},"query-input":{"@type":"PropertyValueSpecification","valueRequired":true,"valueName":"search_term_string"}}],"inLanguage":"fr-FR"},{"@type":"Organization","@id":"https:\/\/ledsolintel.com\/#organization","name":"Solintel Noroeste, S.L.","url":"https:\/\/ledsolintel.com\/","logo":{"@type":"ImageObject","inLanguage":"fr-FR","@id":"https:\/\/ledsolintel.com\/#\/schema\/logo\/image\/","url":"https:\/\/ledsolintel.com\/wp-content\/uploads\/2024\/11\/webmenaje-logo-1508269066.jpg","contentUrl":"https:\/\/ledsolintel.com\/wp-content\/uploads\/2024\/11\/webmenaje-logo-1508269066.jpg","width":370,"height":90,"caption":"Solintel Noroeste, S.L."},"image":{"@id":"https:\/\/ledsolintel.com\/#\/schema\/logo\/image\/"},"sameAs":["http:\/\/www.facebook.com\/webmenaje","https:\/\/x.com\/webmenaje","https:\/\/www.youtube.com\/channel\/UCX2KoVoeCG4LocZjUc6LmSQ","http:\/\/www.pinterest.com\/webmenaje"]}]}},"_links":{"self":[{"href":"https:\/\/ledsolintel.com\/fr\/wp-json\/wp\/v2\/product\/252655","targetHints":{"allow":["GET"]}}],"collection":[{"href":"https:\/\/ledsolintel.com\/fr\/wp-json\/wp\/v2\/product"}],"about":[{"href":"https:\/\/ledsolintel.com\/fr\/wp-json\/wp\/v2\/types\/product"}],"version-history":[{"count":0,"href":"https:\/\/ledsolintel.com\/fr\/wp-json\/wp\/v2\/product\/252655\/revisions"}],"wp:featuredmedia":[{"embeddable":true,"href":"https:\/\/ledsolintel.com\/fr\/wp-json\/wp\/v2\/media\/252653"}],"wp:attachment":[{"href":"https:\/\/ledsolintel.com\/fr\/wp-json\/wp\/v2\/media?parent=252655"}],"wp:term":[{"taxonomy":"product_brand","embeddable":true,"href":"https:\/\/ledsolintel.com\/fr\/wp-json\/wp\/v2\/product_brand?post=252655"},{"taxonomy":"product_cat","embeddable":true,"href":"https:\/\/ledsolintel.com\/fr\/wp-json\/wp\/v2\/product_cat?post=252655"},{"taxonomy":"product_tag","embeddable":true,"href":"https:\/\/ledsolintel.com\/fr\/wp-json\/wp\/v2\/product_tag?post=252655"}],"curies":[{"name":"wp","href":"https:\/\/api.w.org\/{rel}","templated":true}]}}