{"id":252605,"date":"2024-05-23T10:02:02","date_gmt":"2024-05-23T08:02:02","guid":{"rendered":"https:\/\/nueva.ledsolintel.com\/product\/202400011-campana-industrial-led-90o-150w-6500k-titas-gsc\/"},"modified":"2024-05-23T10:02:02","modified_gmt":"2024-05-23T08:02:02","slug":"202400011-campana-industrial-led-90o-150w-6500k-titas-gsc","status":"publish","type":"product","link":"https:\/\/ledsolintel.com\/fr\/produit-2\/202400011-campana-industrial-led-90o-150w-6500k-titas-gsc\/","title":{"rendered":"202400011 HOTTE LED INDUSTRIELLE 90\u00ba 150W 6500K TITAS GSC"},"content":{"rendered":"<p>Elle brille avec une puissance in\u00e9gal\u00e9e, fournissant une lumi\u00e8re vive et uniforme dans les entrep\u00f4ts, les usines et les zones de travail. Sa conception robuste et de haute qualit\u00e9 garantit des performances durables, m\u00eame dans les environnements industriels exigeants.<\/p>","protected":false},"excerpt":{"rendered":"<p>Elle brille avec une puissance in\u00e9gal\u00e9e, fournissant une lumi\u00e8re vive et uniforme dans les entrep\u00f4ts, les usines et les zones de travail. Sa conception robuste et de haute qualit\u00e9 garantit des performances durables, m\u00eame dans les environnements industriels exigeants.<\/p>","protected":false},"featured_media":252604,"template":"","meta":[],"product_brand":[99397],"product_cat":[99601],"product_tag":[],"class_list":{"0":"post-252605","1":"product","2":"type-product","3":"status-publish","4":"has-post-thumbnail","6":"product_brand-gsc","7":"product_cat-gyemo","10":"outofstock","11":"taxable","12":"shipping-taxable","13":"purchasable","14":"product-type-simple"},"yoast_head":"<!-- This site is optimized with the Yoast SEO plugin v26.6 - https:\/\/yoast.com\/wordpress\/plugins\/seo\/ -->\n<title>202400011 CAMPANA INDUSTRIAL LED 90\u00ba 150W 6500K TITAS GSC - Ledsolintel<\/title>\n<meta name=\"robots\" content=\"index, follow, max-snippet:-1, max-image-preview:large, max-video-preview:-1\" \/>\n<link rel=\"canonical\" href=\"https:\/\/ledsolintel.com\/fr\/produit-2\/202400011-campana-industrial-led-90o-150w-6500k-titas-gsc\/\" \/>\n<meta property=\"og:locale\" content=\"fr_FR\" \/>\n<meta property=\"og:type\" content=\"article\" \/>\n<meta property=\"og:title\" content=\"202400011 CAMPANA INDUSTRIAL LED 90\u00ba 150W 6500K TITAS GSC - Ledsolintel\" \/>\n<meta property=\"og:description\" content=\"Brilla con una potencia incomparable, proporcionando una luz brillante y uniforme en almacenes, f\u00e1bricas y \u00e1reas de trabajo. Su dise\u00f1o robusto y de alta calidad garantiza un rendimiento duradero incluso en entornos industriales exigentes.\" \/>\n<meta property=\"og:url\" content=\"https:\/\/ledsolintel.com\/fr\/produit-2\/202400011-campana-industrial-led-90o-150w-6500k-titas-gsc\/\" \/>\n<meta property=\"og:site_name\" content=\"Ledsolintel\" \/>\n<meta property=\"article:publisher\" content=\"http:\/\/www.facebook.com\/webmenaje\" \/>\n<meta property=\"og:image\" content=\"https:\/\/ledsolintel.com\/wp-content\/uploads\/2024\/05\/27904-202400011-CAMPANA-INDUSTRIAL-LED-90o-150W-6500K-TITAS-GSC.jpg\" \/>\n\t<meta property=\"og:image:width\" content=\"1\" \/>\n\t<meta property=\"og:image:height\" content=\"1\" \/>\n\t<meta property=\"og:image:type\" content=\"image\/jpeg\" \/>\n<meta name=\"twitter:card\" content=\"summary_large_image\" \/>\n<meta name=\"twitter:site\" content=\"@webmenaje\" \/>\n<script type=\"application\/ld+json\" class=\"yoast-schema-graph\">{\"@context\":\"https:\/\/schema.org\",\"@graph\":[{\"@type\":\"WebPage\",\"@id\":\"https:\/\/ledsolintel.com\/product\/202400011-campana-industrial-led-90o-150w-6500k-titas-gsc\/\",\"url\":\"https:\/\/ledsolintel.com\/product\/202400011-campana-industrial-led-90o-150w-6500k-titas-gsc\/\",\"name\":\"202400011 CAMPANA INDUSTRIAL LED 90\u00ba 150W 6500K TITAS GSC - Ledsolintel\",\"isPartOf\":{\"@id\":\"https:\/\/ledsolintel.com\/#website\"},\"primaryImageOfPage\":{\"@id\":\"https:\/\/ledsolintel.com\/product\/202400011-campana-industrial-led-90o-150w-6500k-titas-gsc\/#primaryimage\"},\"image\":{\"@id\":\"https:\/\/ledsolintel.com\/product\/202400011-campana-industrial-led-90o-150w-6500k-titas-gsc\/#primaryimage\"},\"thumbnailUrl\":\"https:\/\/ledsolintel.com\/wp-content\/uploads\/2024\/05\/27904-202400011-CAMPANA-INDUSTRIAL-LED-90o-150W-6500K-TITAS-GSC.jpg\",\"datePublished\":\"2024-05-23T08:02:02+00:00\",\"breadcrumb\":{\"@id\":\"https:\/\/ledsolintel.com\/product\/202400011-campana-industrial-led-90o-150w-6500k-titas-gsc\/#breadcrumb\"},\"inLanguage\":\"fr-FR\",\"potentialAction\":[{\"@type\":\"ReadAction\",\"target\":[\"https:\/\/ledsolintel.com\/product\/202400011-campana-industrial-led-90o-150w-6500k-titas-gsc\/\"]}]},{\"@type\":\"ImageObject\",\"inLanguage\":\"fr-FR\",\"@id\":\"https:\/\/ledsolintel.com\/product\/202400011-campana-industrial-led-90o-150w-6500k-titas-gsc\/#primaryimage\",\"url\":\"https:\/\/ledsolintel.com\/wp-content\/uploads\/2024\/05\/27904-202400011-CAMPANA-INDUSTRIAL-LED-90o-150W-6500K-TITAS-GSC.jpg\",\"contentUrl\":\"https:\/\/ledsolintel.com\/wp-content\/uploads\/2024\/05\/27904-202400011-CAMPANA-INDUSTRIAL-LED-90o-150W-6500K-TITAS-GSC.jpg\",\"caption\":\"202400011 CAMPANA INDUSTRIAL LED 90\u00ba 150W 6500K TITAS GSC\"},{\"@type\":\"BreadcrumbList\",\"@id\":\"https:\/\/ledsolintel.com\/product\/202400011-campana-industrial-led-90o-150w-6500k-titas-gsc\/#breadcrumb\",\"itemListElement\":[{\"@type\":\"ListItem\",\"position\":1,\"name\":\"Portada\",\"item\":\"https:\/\/ledsolintel.com\/fr\/\"},{\"@type\":\"ListItem\",\"position\":2,\"name\":\"Tienda\",\"item\":\"https:\/\/ledsolintel.com\/tienda\/\"},{\"@type\":\"ListItem\",\"position\":3,\"name\":\"202400011 CAMPANA INDUSTRIAL LED 90\u00ba 150W 6500K TITAS GSC\"}]},{\"@type\":\"WebSite\",\"@id\":\"https:\/\/ledsolintel.com\/#website\",\"url\":\"https:\/\/ledsolintel.com\/\",\"name\":\"Webmenaje\",\"description\":\"Tienda de bombillas y l\u00e1mparas LED para profesionales\",\"publisher\":{\"@id\":\"https:\/\/ledsolintel.com\/#organization\"},\"potentialAction\":[{\"@type\":\"SearchAction\",\"target\":{\"@type\":\"EntryPoint\",\"urlTemplate\":\"https:\/\/ledsolintel.com\/?s={search_term_string}\"},\"query-input\":{\"@type\":\"PropertyValueSpecification\",\"valueRequired\":true,\"valueName\":\"search_term_string\"}}],\"inLanguage\":\"fr-FR\"},{\"@type\":\"Organization\",\"@id\":\"https:\/\/ledsolintel.com\/#organization\",\"name\":\"Solintel Noroeste, S.L.\",\"url\":\"https:\/\/ledsolintel.com\/\",\"logo\":{\"@type\":\"ImageObject\",\"inLanguage\":\"fr-FR\",\"@id\":\"https:\/\/ledsolintel.com\/#\/schema\/logo\/image\/\",\"url\":\"https:\/\/ledsolintel.com\/wp-content\/uploads\/2024\/11\/webmenaje-logo-1508269066.jpg\",\"contentUrl\":\"https:\/\/ledsolintel.com\/wp-content\/uploads\/2024\/11\/webmenaje-logo-1508269066.jpg\",\"width\":370,\"height\":90,\"caption\":\"Solintel Noroeste, S.L.\"},\"image\":{\"@id\":\"https:\/\/ledsolintel.com\/#\/schema\/logo\/image\/\"},\"sameAs\":[\"http:\/\/www.facebook.com\/webmenaje\",\"https:\/\/x.com\/webmenaje\",\"https:\/\/www.youtube.com\/channel\/UCX2KoVoeCG4LocZjUc6LmSQ\",\"http:\/\/www.pinterest.com\/webmenaje\"]}]}<\/script>\n<!-- \/ Yoast SEO plugin. -->","yoast_head_json":{"title":"202400011 CAMPANA INDUSTRIAL LED 90\u00ba 150W 6500K TITAS GSC - Ledsolintel","robots":{"index":"index","follow":"follow","max-snippet":"max-snippet:-1","max-image-preview":"max-image-preview:large","max-video-preview":"max-video-preview:-1"},"canonical":"https:\/\/ledsolintel.com\/fr\/produit-2\/202400011-campana-industrial-led-90o-150w-6500k-titas-gsc\/","og_locale":"fr_FR","og_type":"article","og_title":"202400011 CAMPANA INDUSTRIAL LED 90\u00ba 150W 6500K TITAS GSC - Ledsolintel","og_description":"Brilla con una potencia incomparable, proporcionando una luz brillante y uniforme en almacenes, f\u00e1bricas y \u00e1reas de trabajo. Su dise\u00f1o robusto y de alta calidad garantiza un rendimiento duradero incluso en entornos industriales exigentes.","og_url":"https:\/\/ledsolintel.com\/fr\/produit-2\/202400011-campana-industrial-led-90o-150w-6500k-titas-gsc\/","og_site_name":"Ledsolintel","article_publisher":"http:\/\/www.facebook.com\/webmenaje","og_image":[{"url":"https:\/\/ledsolintel.com\/wp-content\/uploads\/2024\/05\/27904-202400011-CAMPANA-INDUSTRIAL-LED-90o-150W-6500K-TITAS-GSC.jpg","width":1,"height":1,"type":"image\/jpeg"}],"twitter_card":"summary_large_image","twitter_site":"@webmenaje","schema":{"@context":"https:\/\/schema.org","@graph":[{"@type":"WebPage","@id":"https:\/\/ledsolintel.com\/product\/202400011-campana-industrial-led-90o-150w-6500k-titas-gsc\/","url":"https:\/\/ledsolintel.com\/product\/202400011-campana-industrial-led-90o-150w-6500k-titas-gsc\/","name":"202400011 CAMPANA INDUSTRIAL LED 90\u00ba 150W 6500K TITAS GSC - Ledsolintel","isPartOf":{"@id":"https:\/\/ledsolintel.com\/#website"},"primaryImageOfPage":{"@id":"https:\/\/ledsolintel.com\/product\/202400011-campana-industrial-led-90o-150w-6500k-titas-gsc\/#primaryimage"},"image":{"@id":"https:\/\/ledsolintel.com\/product\/202400011-campana-industrial-led-90o-150w-6500k-titas-gsc\/#primaryimage"},"thumbnailUrl":"https:\/\/ledsolintel.com\/wp-content\/uploads\/2024\/05\/27904-202400011-CAMPANA-INDUSTRIAL-LED-90o-150W-6500K-TITAS-GSC.jpg","datePublished":"2024-05-23T08:02:02+00:00","breadcrumb":{"@id":"https:\/\/ledsolintel.com\/product\/202400011-campana-industrial-led-90o-150w-6500k-titas-gsc\/#breadcrumb"},"inLanguage":"fr-FR","potentialAction":[{"@type":"ReadAction","target":["https:\/\/ledsolintel.com\/product\/202400011-campana-industrial-led-90o-150w-6500k-titas-gsc\/"]}]},{"@type":"ImageObject","inLanguage":"fr-FR","@id":"https:\/\/ledsolintel.com\/product\/202400011-campana-industrial-led-90o-150w-6500k-titas-gsc\/#primaryimage","url":"https:\/\/ledsolintel.com\/wp-content\/uploads\/2024\/05\/27904-202400011-CAMPANA-INDUSTRIAL-LED-90o-150W-6500K-TITAS-GSC.jpg","contentUrl":"https:\/\/ledsolintel.com\/wp-content\/uploads\/2024\/05\/27904-202400011-CAMPANA-INDUSTRIAL-LED-90o-150W-6500K-TITAS-GSC.jpg","caption":"202400011 CAMPANA INDUSTRIAL LED 90\u00ba 150W 6500K TITAS GSC"},{"@type":"BreadcrumbList","@id":"https:\/\/ledsolintel.com\/product\/202400011-campana-industrial-led-90o-150w-6500k-titas-gsc\/#breadcrumb","itemListElement":[{"@type":"ListItem","position":1,"name":"Portada","item":"https:\/\/ledsolintel.com\/fr\/"},{"@type":"ListItem","position":2,"name":"Tienda","item":"https:\/\/ledsolintel.com\/tienda\/"},{"@type":"ListItem","position":3,"name":"202400011 CAMPANA INDUSTRIAL LED 90\u00ba 150W 6500K TITAS GSC"}]},{"@type":"WebSite","@id":"https:\/\/ledsolintel.com\/#website","url":"https:\/\/ledsolintel.com\/","name":"Webmenaje","description":"Magasin d'ampoules et de lampes LED pour les professionnels","publisher":{"@id":"https:\/\/ledsolintel.com\/#organization"},"potentialAction":[{"@type":"SearchAction","target":{"@type":"EntryPoint","urlTemplate":"https:\/\/ledsolintel.com\/?s={search_term_string}"},"query-input":{"@type":"PropertyValueSpecification","valueRequired":true,"valueName":"search_term_string"}}],"inLanguage":"fr-FR"},{"@type":"Organization","@id":"https:\/\/ledsolintel.com\/#organization","name":"Solintel Noroeste, S.L.","url":"https:\/\/ledsolintel.com\/","logo":{"@type":"ImageObject","inLanguage":"fr-FR","@id":"https:\/\/ledsolintel.com\/#\/schema\/logo\/image\/","url":"https:\/\/ledsolintel.com\/wp-content\/uploads\/2024\/11\/webmenaje-logo-1508269066.jpg","contentUrl":"https:\/\/ledsolintel.com\/wp-content\/uploads\/2024\/11\/webmenaje-logo-1508269066.jpg","width":370,"height":90,"caption":"Solintel Noroeste, S.L."},"image":{"@id":"https:\/\/ledsolintel.com\/#\/schema\/logo\/image\/"},"sameAs":["http:\/\/www.facebook.com\/webmenaje","https:\/\/x.com\/webmenaje","https:\/\/www.youtube.com\/channel\/UCX2KoVoeCG4LocZjUc6LmSQ","http:\/\/www.pinterest.com\/webmenaje"]}]}},"_links":{"self":[{"href":"https:\/\/ledsolintel.com\/fr\/wp-json\/wp\/v2\/product\/252605","targetHints":{"allow":["GET"]}}],"collection":[{"href":"https:\/\/ledsolintel.com\/fr\/wp-json\/wp\/v2\/product"}],"about":[{"href":"https:\/\/ledsolintel.com\/fr\/wp-json\/wp\/v2\/types\/product"}],"version-history":[{"count":0,"href":"https:\/\/ledsolintel.com\/fr\/wp-json\/wp\/v2\/product\/252605\/revisions"}],"wp:featuredmedia":[{"embeddable":true,"href":"https:\/\/ledsolintel.com\/fr\/wp-json\/wp\/v2\/media\/252604"}],"wp:attachment":[{"href":"https:\/\/ledsolintel.com\/fr\/wp-json\/wp\/v2\/media?parent=252605"}],"wp:term":[{"taxonomy":"product_brand","embeddable":true,"href":"https:\/\/ledsolintel.com\/fr\/wp-json\/wp\/v2\/product_brand?post=252605"},{"taxonomy":"product_cat","embeddable":true,"href":"https:\/\/ledsolintel.com\/fr\/wp-json\/wp\/v2\/product_cat?post=252605"},{"taxonomy":"product_tag","embeddable":true,"href":"https:\/\/ledsolintel.com\/fr\/wp-json\/wp\/v2\/product_tag?post=252605"}],"curies":[{"name":"wp","href":"https:\/\/api.w.org\/{rel}","templated":true}]}}