{"id":252577,"date":"2024-05-23T10:02:02","date_gmt":"2024-05-23T08:02:02","guid":{"rendered":"https:\/\/nueva.ledsolintel.com\/product\/54994-5m-tira-led-4000k-24v-144w-m-smd2835-ledesm\/"},"modified":"2024-05-23T10:02:02","modified_gmt":"2024-05-23T08:02:02","slug":"54994-5m-tira-led-4000k-24v-144w-m-smd2835-ledesm","status":"publish","type":"product","link":"https:\/\/ledsolintel.com\/fr\/produit-2\/54994-5m-tira-led-4000k-24v-144w-m-smd2835-ledesm\/","title":{"rendered":"54994 5m LED LINE 4000K 24V 14,4W\/m SMD2835 LEDESM"},"content":{"rendered":"<p>Installation facile et s\u00fbre gr\u00e2ce \u00e0 l'adh\u00e9sif 3M. Il peut \u00eatre coup\u00e9 tous les 10 cm et convient \u00e9galement \u00e0 la soudure. Il offre un \u00e9clairage uniforme gr\u00e2ce \u00e0 ses 60 LED par m\u00e8tre.<\/p>","protected":false},"excerpt":{"rendered":"<p>Installation facile et s\u00fbre gr\u00e2ce \u00e0 l'adh\u00e9sif 3M. Il peut \u00eatre coup\u00e9 tous les 10 cm et convient \u00e9galement \u00e0 la soudure. Il offre un \u00e9clairage uniforme gr\u00e2ce \u00e0 ses 60 LED par m\u00e8tre.<\/p>","protected":false},"featured_media":252576,"template":"","meta":[],"product_brand":[99425],"product_cat":[99601],"product_tag":[],"class_list":{"0":"post-252577","1":"product","2":"type-product","3":"status-publish","4":"has-post-thumbnail","6":"product_brand-ledesma","7":"product_cat-gyemo","10":"instock","11":"taxable","12":"shipping-taxable","13":"purchasable","14":"product-type-simple"},"yoast_head":"<!-- This site is optimized with the Yoast SEO plugin v26.6 - https:\/\/yoast.com\/wordpress\/plugins\/seo\/ -->\n<title>54994 5m TIRA LED 4000K 24V 14,4W\/m SMD2835 LEDESM - Ledsolintel<\/title>\n<meta name=\"robots\" content=\"index, follow, max-snippet:-1, max-image-preview:large, max-video-preview:-1\" \/>\n<link rel=\"canonical\" href=\"https:\/\/ledsolintel.com\/fr\/produit-2\/54994-5m-tira-led-4000k-24v-144w-m-smd2835-ledesm\/\" \/>\n<meta property=\"og:locale\" content=\"fr_FR\" \/>\n<meta property=\"og:type\" content=\"article\" \/>\n<meta property=\"og:title\" content=\"54994 5m TIRA LED 4000K 24V 14,4W\/m SMD2835 LEDESM - Ledsolintel\" \/>\n<meta property=\"og:description\" content=\"Instalaci\u00f3n f\u00e1cil y segura gracias a su adhesivo 3M. Se puede cortar cada 10 cm. y tambi\u00e9n es v\u00e1lida para soldar. Ofrece una iluminaci\u00f3n uniforme gracias a sus 60 leds por metro.\" \/>\n<meta property=\"og:url\" content=\"https:\/\/ledsolintel.com\/fr\/produit-2\/54994-5m-tira-led-4000k-24v-144w-m-smd2835-ledesm\/\" \/>\n<meta property=\"og:site_name\" content=\"Ledsolintel\" \/>\n<meta property=\"article:publisher\" content=\"http:\/\/www.facebook.com\/webmenaje\" \/>\n<meta property=\"og:image\" content=\"https:\/\/ledsolintel.com\/wp-content\/uploads\/2024\/05\/27875-54994-5m-TIRA-LED-4000K-24V-144Wm-SMD2835-LEDESM.jpg\" \/>\n\t<meta property=\"og:image:width\" content=\"1\" \/>\n\t<meta property=\"og:image:height\" content=\"1\" \/>\n\t<meta property=\"og:image:type\" content=\"image\/jpeg\" \/>\n<meta name=\"twitter:card\" content=\"summary_large_image\" \/>\n<meta name=\"twitter:site\" content=\"@webmenaje\" \/>\n<script type=\"application\/ld+json\" class=\"yoast-schema-graph\">{\"@context\":\"https:\/\/schema.org\",\"@graph\":[{\"@type\":\"WebPage\",\"@id\":\"https:\/\/ledsolintel.com\/product\/54994-5m-tira-led-4000k-24v-144w-m-smd2835-ledesm\/\",\"url\":\"https:\/\/ledsolintel.com\/product\/54994-5m-tira-led-4000k-24v-144w-m-smd2835-ledesm\/\",\"name\":\"54994 5m TIRA LED 4000K 24V 14,4W\/m SMD2835 LEDESM - Ledsolintel\",\"isPartOf\":{\"@id\":\"https:\/\/ledsolintel.com\/#website\"},\"primaryImageOfPage\":{\"@id\":\"https:\/\/ledsolintel.com\/product\/54994-5m-tira-led-4000k-24v-144w-m-smd2835-ledesm\/#primaryimage\"},\"image\":{\"@id\":\"https:\/\/ledsolintel.com\/product\/54994-5m-tira-led-4000k-24v-144w-m-smd2835-ledesm\/#primaryimage\"},\"thumbnailUrl\":\"https:\/\/ledsolintel.com\/wp-content\/uploads\/2024\/05\/27875-54994-5m-TIRA-LED-4000K-24V-144Wm-SMD2835-LEDESM.jpg\",\"datePublished\":\"2024-05-23T08:02:02+00:00\",\"breadcrumb\":{\"@id\":\"https:\/\/ledsolintel.com\/product\/54994-5m-tira-led-4000k-24v-144w-m-smd2835-ledesm\/#breadcrumb\"},\"inLanguage\":\"fr-FR\",\"potentialAction\":[{\"@type\":\"ReadAction\",\"target\":[\"https:\/\/ledsolintel.com\/product\/54994-5m-tira-led-4000k-24v-144w-m-smd2835-ledesm\/\"]}]},{\"@type\":\"ImageObject\",\"inLanguage\":\"fr-FR\",\"@id\":\"https:\/\/ledsolintel.com\/product\/54994-5m-tira-led-4000k-24v-144w-m-smd2835-ledesm\/#primaryimage\",\"url\":\"https:\/\/ledsolintel.com\/wp-content\/uploads\/2024\/05\/27875-54994-5m-TIRA-LED-4000K-24V-144Wm-SMD2835-LEDESM.jpg\",\"contentUrl\":\"https:\/\/ledsolintel.com\/wp-content\/uploads\/2024\/05\/27875-54994-5m-TIRA-LED-4000K-24V-144Wm-SMD2835-LEDESM.jpg\",\"caption\":\"54994 5m TIRA LED 4000K 24V 14,4W\/m SMD2835 LEDESM\"},{\"@type\":\"BreadcrumbList\",\"@id\":\"https:\/\/ledsolintel.com\/product\/54994-5m-tira-led-4000k-24v-144w-m-smd2835-ledesm\/#breadcrumb\",\"itemListElement\":[{\"@type\":\"ListItem\",\"position\":1,\"name\":\"Portada\",\"item\":\"https:\/\/ledsolintel.com\/fr\/\"},{\"@type\":\"ListItem\",\"position\":2,\"name\":\"Tienda\",\"item\":\"https:\/\/ledsolintel.com\/tienda\/\"},{\"@type\":\"ListItem\",\"position\":3,\"name\":\"54994 5m TIRA LED 4000K 24V 14,4W\/m SMD2835 LEDESM\"}]},{\"@type\":\"WebSite\",\"@id\":\"https:\/\/ledsolintel.com\/#website\",\"url\":\"https:\/\/ledsolintel.com\/\",\"name\":\"Webmenaje\",\"description\":\"Tienda de bombillas y l\u00e1mparas LED para profesionales\",\"publisher\":{\"@id\":\"https:\/\/ledsolintel.com\/#organization\"},\"potentialAction\":[{\"@type\":\"SearchAction\",\"target\":{\"@type\":\"EntryPoint\",\"urlTemplate\":\"https:\/\/ledsolintel.com\/?s={search_term_string}\"},\"query-input\":{\"@type\":\"PropertyValueSpecification\",\"valueRequired\":true,\"valueName\":\"search_term_string\"}}],\"inLanguage\":\"fr-FR\"},{\"@type\":\"Organization\",\"@id\":\"https:\/\/ledsolintel.com\/#organization\",\"name\":\"Solintel Noroeste, S.L.\",\"url\":\"https:\/\/ledsolintel.com\/\",\"logo\":{\"@type\":\"ImageObject\",\"inLanguage\":\"fr-FR\",\"@id\":\"https:\/\/ledsolintel.com\/#\/schema\/logo\/image\/\",\"url\":\"https:\/\/ledsolintel.com\/wp-content\/uploads\/2024\/11\/webmenaje-logo-1508269066.jpg\",\"contentUrl\":\"https:\/\/ledsolintel.com\/wp-content\/uploads\/2024\/11\/webmenaje-logo-1508269066.jpg\",\"width\":370,\"height\":90,\"caption\":\"Solintel Noroeste, S.L.\"},\"image\":{\"@id\":\"https:\/\/ledsolintel.com\/#\/schema\/logo\/image\/\"},\"sameAs\":[\"http:\/\/www.facebook.com\/webmenaje\",\"https:\/\/x.com\/webmenaje\",\"https:\/\/www.youtube.com\/channel\/UCX2KoVoeCG4LocZjUc6LmSQ\",\"http:\/\/www.pinterest.com\/webmenaje\"]}]}<\/script>\n<!-- \/ Yoast SEO plugin. -->","yoast_head_json":{"title":"54994 5m TIRA LED 4000K 24V 14,4W\/m SMD2835 LEDESM - Ledsolintel","robots":{"index":"index","follow":"follow","max-snippet":"max-snippet:-1","max-image-preview":"max-image-preview:large","max-video-preview":"max-video-preview:-1"},"canonical":"https:\/\/ledsolintel.com\/fr\/produit-2\/54994-5m-tira-led-4000k-24v-144w-m-smd2835-ledesm\/","og_locale":"fr_FR","og_type":"article","og_title":"54994 5m TIRA LED 4000K 24V 14,4W\/m SMD2835 LEDESM - Ledsolintel","og_description":"Instalaci\u00f3n f\u00e1cil y segura gracias a su adhesivo 3M. Se puede cortar cada 10 cm. y tambi\u00e9n es v\u00e1lida para soldar. Ofrece una iluminaci\u00f3n uniforme gracias a sus 60 leds por metro.","og_url":"https:\/\/ledsolintel.com\/fr\/produit-2\/54994-5m-tira-led-4000k-24v-144w-m-smd2835-ledesm\/","og_site_name":"Ledsolintel","article_publisher":"http:\/\/www.facebook.com\/webmenaje","og_image":[{"url":"https:\/\/ledsolintel.com\/wp-content\/uploads\/2024\/05\/27875-54994-5m-TIRA-LED-4000K-24V-144Wm-SMD2835-LEDESM.jpg","width":1,"height":1,"type":"image\/jpeg"}],"twitter_card":"summary_large_image","twitter_site":"@webmenaje","schema":{"@context":"https:\/\/schema.org","@graph":[{"@type":"WebPage","@id":"https:\/\/ledsolintel.com\/product\/54994-5m-tira-led-4000k-24v-144w-m-smd2835-ledesm\/","url":"https:\/\/ledsolintel.com\/product\/54994-5m-tira-led-4000k-24v-144w-m-smd2835-ledesm\/","name":"54994 5m TIRA LED 4000K 24V 14,4W\/m SMD2835 LEDESM - Ledsolintel","isPartOf":{"@id":"https:\/\/ledsolintel.com\/#website"},"primaryImageOfPage":{"@id":"https:\/\/ledsolintel.com\/product\/54994-5m-tira-led-4000k-24v-144w-m-smd2835-ledesm\/#primaryimage"},"image":{"@id":"https:\/\/ledsolintel.com\/product\/54994-5m-tira-led-4000k-24v-144w-m-smd2835-ledesm\/#primaryimage"},"thumbnailUrl":"https:\/\/ledsolintel.com\/wp-content\/uploads\/2024\/05\/27875-54994-5m-TIRA-LED-4000K-24V-144Wm-SMD2835-LEDESM.jpg","datePublished":"2024-05-23T08:02:02+00:00","breadcrumb":{"@id":"https:\/\/ledsolintel.com\/product\/54994-5m-tira-led-4000k-24v-144w-m-smd2835-ledesm\/#breadcrumb"},"inLanguage":"fr-FR","potentialAction":[{"@type":"ReadAction","target":["https:\/\/ledsolintel.com\/product\/54994-5m-tira-led-4000k-24v-144w-m-smd2835-ledesm\/"]}]},{"@type":"ImageObject","inLanguage":"fr-FR","@id":"https:\/\/ledsolintel.com\/product\/54994-5m-tira-led-4000k-24v-144w-m-smd2835-ledesm\/#primaryimage","url":"https:\/\/ledsolintel.com\/wp-content\/uploads\/2024\/05\/27875-54994-5m-TIRA-LED-4000K-24V-144Wm-SMD2835-LEDESM.jpg","contentUrl":"https:\/\/ledsolintel.com\/wp-content\/uploads\/2024\/05\/27875-54994-5m-TIRA-LED-4000K-24V-144Wm-SMD2835-LEDESM.jpg","caption":"54994 5m TIRA LED 4000K 24V 14,4W\/m SMD2835 LEDESM"},{"@type":"BreadcrumbList","@id":"https:\/\/ledsolintel.com\/product\/54994-5m-tira-led-4000k-24v-144w-m-smd2835-ledesm\/#breadcrumb","itemListElement":[{"@type":"ListItem","position":1,"name":"Portada","item":"https:\/\/ledsolintel.com\/fr\/"},{"@type":"ListItem","position":2,"name":"Tienda","item":"https:\/\/ledsolintel.com\/tienda\/"},{"@type":"ListItem","position":3,"name":"54994 5m TIRA LED 4000K 24V 14,4W\/m SMD2835 LEDESM"}]},{"@type":"WebSite","@id":"https:\/\/ledsolintel.com\/#website","url":"https:\/\/ledsolintel.com\/","name":"Webmenaje","description":"Magasin d'ampoules et de lampes LED pour les professionnels","publisher":{"@id":"https:\/\/ledsolintel.com\/#organization"},"potentialAction":[{"@type":"SearchAction","target":{"@type":"EntryPoint","urlTemplate":"https:\/\/ledsolintel.com\/?s={search_term_string}"},"query-input":{"@type":"PropertyValueSpecification","valueRequired":true,"valueName":"search_term_string"}}],"inLanguage":"fr-FR"},{"@type":"Organization","@id":"https:\/\/ledsolintel.com\/#organization","name":"Solintel Noroeste, S.L.","url":"https:\/\/ledsolintel.com\/","logo":{"@type":"ImageObject","inLanguage":"fr-FR","@id":"https:\/\/ledsolintel.com\/#\/schema\/logo\/image\/","url":"https:\/\/ledsolintel.com\/wp-content\/uploads\/2024\/11\/webmenaje-logo-1508269066.jpg","contentUrl":"https:\/\/ledsolintel.com\/wp-content\/uploads\/2024\/11\/webmenaje-logo-1508269066.jpg","width":370,"height":90,"caption":"Solintel Noroeste, S.L."},"image":{"@id":"https:\/\/ledsolintel.com\/#\/schema\/logo\/image\/"},"sameAs":["http:\/\/www.facebook.com\/webmenaje","https:\/\/x.com\/webmenaje","https:\/\/www.youtube.com\/channel\/UCX2KoVoeCG4LocZjUc6LmSQ","http:\/\/www.pinterest.com\/webmenaje"]}]}},"_links":{"self":[{"href":"https:\/\/ledsolintel.com\/fr\/wp-json\/wp\/v2\/product\/252577","targetHints":{"allow":["GET"]}}],"collection":[{"href":"https:\/\/ledsolintel.com\/fr\/wp-json\/wp\/v2\/product"}],"about":[{"href":"https:\/\/ledsolintel.com\/fr\/wp-json\/wp\/v2\/types\/product"}],"version-history":[{"count":0,"href":"https:\/\/ledsolintel.com\/fr\/wp-json\/wp\/v2\/product\/252577\/revisions"}],"wp:featuredmedia":[{"embeddable":true,"href":"https:\/\/ledsolintel.com\/fr\/wp-json\/wp\/v2\/media\/252576"}],"wp:attachment":[{"href":"https:\/\/ledsolintel.com\/fr\/wp-json\/wp\/v2\/media?parent=252577"}],"wp:term":[{"taxonomy":"product_brand","embeddable":true,"href":"https:\/\/ledsolintel.com\/fr\/wp-json\/wp\/v2\/product_brand?post=252577"},{"taxonomy":"product_cat","embeddable":true,"href":"https:\/\/ledsolintel.com\/fr\/wp-json\/wp\/v2\/product_cat?post=252577"},{"taxonomy":"product_tag","embeddable":true,"href":"https:\/\/ledsolintel.com\/fr\/wp-json\/wp\/v2\/product_tag?post=252577"}],"curies":[{"name":"wp","href":"https:\/\/api.w.org\/{rel}","templated":true}]}}