{"id":252508,"date":"2024-05-23T09:09:44","date_gmt":"2024-05-23T07:09:44","guid":{"rendered":"https:\/\/nueva.ledsolintel.com\/product\/6017-plafon-led-cuadrado-39w-reg-metal-blanco\/"},"modified":"2024-05-23T09:09:44","modified_gmt":"2024-05-23T07:09:44","slug":"6017-square-led-ceiling-lamp-39w-reg-metal-white","status":"publish","type":"product","link":"https:\/\/ledsolintel.com\/fr\/produit-2\/6017-square-led-ceiling-lamp-39w-reg-metal-white\/","title":{"rendered":"6017 SQUARE LED CEILING LAMP 39W REG METAL WHITE"},"content":{"rendered":"<p>Plafonnier LED \u00e0 gradation s\u00e9quentielle (3000\u00b0K, 4000\u00b0K ou 6000\u00b0K). Changement de couleur \u00e0 l'aide de l'interrupteur. Fabriqu\u00e9 en m\u00e9thacrylate non recyclable et en aluminium. LED Epistar. Peinture \u00e9poxy.  Garantie de trois ans.<\/p>","protected":false},"excerpt":{"rendered":"<p>Plafonnier LED \u00e0 gradation s\u00e9quentielle (3000\u00b0K, 4000\u00b0K ou 6000\u00b0K). Changement de couleur \u00e0 l'aide de l'interrupteur. Fabriqu\u00e9 en m\u00e9thacrylate non recyclable et en aluminium. LED Epistar. Peinture \u00e9poxy. Garantie de trois ans.<\/p>","protected":false},"featured_media":252506,"template":"","meta":[],"product_brand":[],"product_cat":[99601],"product_tag":[],"class_list":{"0":"post-252508","1":"product","2":"type-product","3":"status-publish","4":"has-post-thumbnail","6":"product_cat-gyemo","9":"instock","10":"taxable","11":"shipping-taxable","12":"purchasable","13":"product-type-simple"},"yoast_head":"<!-- This site is optimized with the Yoast SEO plugin v26.6 - https:\/\/yoast.com\/wordpress\/plugins\/seo\/ -->\n<title>6017 PLAFON LED CUADRADO 39W REG METAL BLANCO - Ledsolintel<\/title>\n<meta name=\"robots\" content=\"index, follow, max-snippet:-1, max-image-preview:large, max-video-preview:-1\" \/>\n<link rel=\"canonical\" href=\"https:\/\/ledsolintel.com\/fr\/produit-2\/6017-square-led-ceiling-lamp-39w-reg-metal-white\/\" \/>\n<meta property=\"og:locale\" content=\"fr_FR\" \/>\n<meta property=\"og:type\" content=\"article\" \/>\n<meta property=\"og:title\" content=\"6017 PLAFON LED CUADRADO 39W REG METAL BLANCO - Ledsolintel\" \/>\n<meta property=\"og:description\" content=\"Plaf\u00f3n Led secuencial regulable en tono (3000\u00b0K, 4000\u00b0K o 6000\u00b0K) Cambio de color en el interruptor. Fabricada en metacrilato y aluminio de origen no reciclable. Led Epistar. Pintura epoxy. Garant\u00eda de tres a\u00f1os.\" \/>\n<meta property=\"og:url\" content=\"https:\/\/ledsolintel.com\/fr\/produit-2\/6017-square-led-ceiling-lamp-39w-reg-metal-white\/\" \/>\n<meta property=\"og:site_name\" content=\"Ledsolintel\" \/>\n<meta property=\"article:publisher\" content=\"http:\/\/www.facebook.com\/webmenaje\" \/>\n<meta property=\"og:image\" content=\"https:\/\/ledsolintel.com\/wp-content\/uploads\/2024\/05\/27608-6017-PLAFON-LED-CUADRADO-39W-REG-METAL-BLANCO.jpg\" \/>\n\t<meta property=\"og:image:width\" content=\"1\" \/>\n\t<meta property=\"og:image:height\" content=\"1\" \/>\n\t<meta property=\"og:image:type\" content=\"image\/jpeg\" \/>\n<meta name=\"twitter:card\" content=\"summary_large_image\" \/>\n<meta name=\"twitter:site\" content=\"@webmenaje\" \/>\n<script type=\"application\/ld+json\" class=\"yoast-schema-graph\">{\"@context\":\"https:\/\/schema.org\",\"@graph\":[{\"@type\":\"WebPage\",\"@id\":\"https:\/\/ledsolintel.com\/product\/6017-plafon-led-cuadrado-39w-reg-metal-blanco\/\",\"url\":\"https:\/\/ledsolintel.com\/product\/6017-plafon-led-cuadrado-39w-reg-metal-blanco\/\",\"name\":\"6017 PLAFON LED CUADRADO 39W REG METAL BLANCO - Ledsolintel\",\"isPartOf\":{\"@id\":\"https:\/\/ledsolintel.com\/#website\"},\"primaryImageOfPage\":{\"@id\":\"https:\/\/ledsolintel.com\/product\/6017-plafon-led-cuadrado-39w-reg-metal-blanco\/#primaryimage\"},\"image\":{\"@id\":\"https:\/\/ledsolintel.com\/product\/6017-plafon-led-cuadrado-39w-reg-metal-blanco\/#primaryimage\"},\"thumbnailUrl\":\"https:\/\/ledsolintel.com\/wp-content\/uploads\/2024\/05\/27608-6017-PLAFON-LED-CUADRADO-39W-REG-METAL-BLANCO.jpg\",\"datePublished\":\"2024-05-23T07:09:44+00:00\",\"breadcrumb\":{\"@id\":\"https:\/\/ledsolintel.com\/product\/6017-plafon-led-cuadrado-39w-reg-metal-blanco\/#breadcrumb\"},\"inLanguage\":\"fr-FR\",\"potentialAction\":[{\"@type\":\"ReadAction\",\"target\":[\"https:\/\/ledsolintel.com\/product\/6017-plafon-led-cuadrado-39w-reg-metal-blanco\/\"]}]},{\"@type\":\"ImageObject\",\"inLanguage\":\"fr-FR\",\"@id\":\"https:\/\/ledsolintel.com\/product\/6017-plafon-led-cuadrado-39w-reg-metal-blanco\/#primaryimage\",\"url\":\"https:\/\/ledsolintel.com\/wp-content\/uploads\/2024\/05\/27608-6017-PLAFON-LED-CUADRADO-39W-REG-METAL-BLANCO.jpg\",\"contentUrl\":\"https:\/\/ledsolintel.com\/wp-content\/uploads\/2024\/05\/27608-6017-PLAFON-LED-CUADRADO-39W-REG-METAL-BLANCO.jpg\",\"caption\":\"6017 PLAFON LED CUADRADO 39W REG METAL BLANCO\"},{\"@type\":\"BreadcrumbList\",\"@id\":\"https:\/\/ledsolintel.com\/product\/6017-plafon-led-cuadrado-39w-reg-metal-blanco\/#breadcrumb\",\"itemListElement\":[{\"@type\":\"ListItem\",\"position\":1,\"name\":\"Portada\",\"item\":\"https:\/\/ledsolintel.com\/fr\/\"},{\"@type\":\"ListItem\",\"position\":2,\"name\":\"Tienda\",\"item\":\"https:\/\/ledsolintel.com\/tienda\/\"},{\"@type\":\"ListItem\",\"position\":3,\"name\":\"6017 PLAFON LED CUADRADO 39W REG METAL BLANCO\"}]},{\"@type\":\"WebSite\",\"@id\":\"https:\/\/ledsolintel.com\/#website\",\"url\":\"https:\/\/ledsolintel.com\/\",\"name\":\"Webmenaje\",\"description\":\"Tienda de bombillas y l\u00e1mparas LED para profesionales\",\"publisher\":{\"@id\":\"https:\/\/ledsolintel.com\/#organization\"},\"potentialAction\":[{\"@type\":\"SearchAction\",\"target\":{\"@type\":\"EntryPoint\",\"urlTemplate\":\"https:\/\/ledsolintel.com\/?s={search_term_string}\"},\"query-input\":{\"@type\":\"PropertyValueSpecification\",\"valueRequired\":true,\"valueName\":\"search_term_string\"}}],\"inLanguage\":\"fr-FR\"},{\"@type\":\"Organization\",\"@id\":\"https:\/\/ledsolintel.com\/#organization\",\"name\":\"Solintel Noroeste, S.L.\",\"url\":\"https:\/\/ledsolintel.com\/\",\"logo\":{\"@type\":\"ImageObject\",\"inLanguage\":\"fr-FR\",\"@id\":\"https:\/\/ledsolintel.com\/#\/schema\/logo\/image\/\",\"url\":\"https:\/\/ledsolintel.com\/wp-content\/uploads\/2024\/11\/webmenaje-logo-1508269066.jpg\",\"contentUrl\":\"https:\/\/ledsolintel.com\/wp-content\/uploads\/2024\/11\/webmenaje-logo-1508269066.jpg\",\"width\":370,\"height\":90,\"caption\":\"Solintel Noroeste, S.L.\"},\"image\":{\"@id\":\"https:\/\/ledsolintel.com\/#\/schema\/logo\/image\/\"},\"sameAs\":[\"http:\/\/www.facebook.com\/webmenaje\",\"https:\/\/x.com\/webmenaje\",\"https:\/\/www.youtube.com\/channel\/UCX2KoVoeCG4LocZjUc6LmSQ\",\"http:\/\/www.pinterest.com\/webmenaje\"]}]}<\/script>\n<!-- \/ Yoast SEO plugin. -->","yoast_head_json":{"title":"6017 LAMPE LED CARREE 39W METAL BLANC REG - Ledsolintel","robots":{"index":"index","follow":"follow","max-snippet":"max-snippet:-1","max-image-preview":"max-image-preview:large","max-video-preview":"max-video-preview:-1"},"canonical":"https:\/\/ledsolintel.com\/fr\/produit-2\/6017-square-led-ceiling-lamp-39w-reg-metal-white\/","og_locale":"fr_FR","og_type":"article","og_title":"6017 PLAFON LED CUADRADO 39W REG METAL BLANCO - Ledsolintel","og_description":"Plaf\u00f3n Led secuencial regulable en tono (3000\u00b0K, 4000\u00b0K o 6000\u00b0K) Cambio de color en el interruptor. Fabricada en metacrilato y aluminio de origen no reciclable. Led Epistar. Pintura epoxy. Garant\u00eda de tres a\u00f1os.","og_url":"https:\/\/ledsolintel.com\/fr\/produit-2\/6017-square-led-ceiling-lamp-39w-reg-metal-white\/","og_site_name":"Ledsolintel","article_publisher":"http:\/\/www.facebook.com\/webmenaje","og_image":[{"url":"https:\/\/ledsolintel.com\/wp-content\/uploads\/2024\/05\/27608-6017-PLAFON-LED-CUADRADO-39W-REG-METAL-BLANCO.jpg","width":1,"height":1,"type":"image\/jpeg"}],"twitter_card":"summary_large_image","twitter_site":"@webmenaje","schema":{"@context":"https:\/\/schema.org","@graph":[{"@type":"WebPage","@id":"https:\/\/ledsolintel.com\/product\/6017-plafon-led-cuadrado-39w-reg-metal-blanco\/","url":"https:\/\/ledsolintel.com\/product\/6017-plafon-led-cuadrado-39w-reg-metal-blanco\/","name":"6017 LAMPE LED CARREE 39W METAL BLANC REG - Ledsolintel","isPartOf":{"@id":"https:\/\/ledsolintel.com\/#website"},"primaryImageOfPage":{"@id":"https:\/\/ledsolintel.com\/product\/6017-plafon-led-cuadrado-39w-reg-metal-blanco\/#primaryimage"},"image":{"@id":"https:\/\/ledsolintel.com\/product\/6017-plafon-led-cuadrado-39w-reg-metal-blanco\/#primaryimage"},"thumbnailUrl":"https:\/\/ledsolintel.com\/wp-content\/uploads\/2024\/05\/27608-6017-PLAFON-LED-CUADRADO-39W-REG-METAL-BLANCO.jpg","datePublished":"2024-05-23T07:09:44+00:00","breadcrumb":{"@id":"https:\/\/ledsolintel.com\/product\/6017-plafon-led-cuadrado-39w-reg-metal-blanco\/#breadcrumb"},"inLanguage":"fr-FR","potentialAction":[{"@type":"ReadAction","target":["https:\/\/ledsolintel.com\/product\/6017-plafon-led-cuadrado-39w-reg-metal-blanco\/"]}]},{"@type":"ImageObject","inLanguage":"fr-FR","@id":"https:\/\/ledsolintel.com\/product\/6017-plafon-led-cuadrado-39w-reg-metal-blanco\/#primaryimage","url":"https:\/\/ledsolintel.com\/wp-content\/uploads\/2024\/05\/27608-6017-PLAFON-LED-CUADRADO-39W-REG-METAL-BLANCO.jpg","contentUrl":"https:\/\/ledsolintel.com\/wp-content\/uploads\/2024\/05\/27608-6017-PLAFON-LED-CUADRADO-39W-REG-METAL-BLANCO.jpg","caption":"6017 PLAFON LED CUADRADO 39W REG METAL BLANCO"},{"@type":"BreadcrumbList","@id":"https:\/\/ledsolintel.com\/product\/6017-plafon-led-cuadrado-39w-reg-metal-blanco\/#breadcrumb","itemListElement":[{"@type":"ListItem","position":1,"name":"Portada","item":"https:\/\/ledsolintel.com\/fr\/"},{"@type":"ListItem","position":2,"name":"Tienda","item":"https:\/\/ledsolintel.com\/tienda\/"},{"@type":"ListItem","position":3,"name":"6017 PLAFON LED CUADRADO 39W REG METAL BLANCO"}]},{"@type":"WebSite","@id":"https:\/\/ledsolintel.com\/#website","url":"https:\/\/ledsolintel.com\/","name":"Webmenaje","description":"Magasin d'ampoules et de lampes LED pour les professionnels","publisher":{"@id":"https:\/\/ledsolintel.com\/#organization"},"potentialAction":[{"@type":"SearchAction","target":{"@type":"EntryPoint","urlTemplate":"https:\/\/ledsolintel.com\/?s={search_term_string}"},"query-input":{"@type":"PropertyValueSpecification","valueRequired":true,"valueName":"search_term_string"}}],"inLanguage":"fr-FR"},{"@type":"Organization","@id":"https:\/\/ledsolintel.com\/#organization","name":"Solintel Noroeste, S.L.","url":"https:\/\/ledsolintel.com\/","logo":{"@type":"ImageObject","inLanguage":"fr-FR","@id":"https:\/\/ledsolintel.com\/#\/schema\/logo\/image\/","url":"https:\/\/ledsolintel.com\/wp-content\/uploads\/2024\/11\/webmenaje-logo-1508269066.jpg","contentUrl":"https:\/\/ledsolintel.com\/wp-content\/uploads\/2024\/11\/webmenaje-logo-1508269066.jpg","width":370,"height":90,"caption":"Solintel Noroeste, S.L."},"image":{"@id":"https:\/\/ledsolintel.com\/#\/schema\/logo\/image\/"},"sameAs":["http:\/\/www.facebook.com\/webmenaje","https:\/\/x.com\/webmenaje","https:\/\/www.youtube.com\/channel\/UCX2KoVoeCG4LocZjUc6LmSQ","http:\/\/www.pinterest.com\/webmenaje"]}]}},"_links":{"self":[{"href":"https:\/\/ledsolintel.com\/fr\/wp-json\/wp\/v2\/product\/252508","targetHints":{"allow":["GET"]}}],"collection":[{"href":"https:\/\/ledsolintel.com\/fr\/wp-json\/wp\/v2\/product"}],"about":[{"href":"https:\/\/ledsolintel.com\/fr\/wp-json\/wp\/v2\/types\/product"}],"version-history":[{"count":0,"href":"https:\/\/ledsolintel.com\/fr\/wp-json\/wp\/v2\/product\/252508\/revisions"}],"wp:featuredmedia":[{"embeddable":true,"href":"https:\/\/ledsolintel.com\/fr\/wp-json\/wp\/v2\/media\/252506"}],"wp:attachment":[{"href":"https:\/\/ledsolintel.com\/fr\/wp-json\/wp\/v2\/media?parent=252508"}],"wp:term":[{"taxonomy":"product_brand","embeddable":true,"href":"https:\/\/ledsolintel.com\/fr\/wp-json\/wp\/v2\/product_brand?post=252508"},{"taxonomy":"product_cat","embeddable":true,"href":"https:\/\/ledsolintel.com\/fr\/wp-json\/wp\/v2\/product_cat?post=252508"},{"taxonomy":"product_tag","embeddable":true,"href":"https:\/\/ledsolintel.com\/fr\/wp-json\/wp\/v2\/product_tag?post=252508"}],"curies":[{"name":"wp","href":"https:\/\/api.w.org\/{rel}","templated":true}]}}