{"id":252440,"date":"2024-05-23T09:09:44","date_gmt":"2024-05-23T07:09:44","guid":{"rendered":"https:\/\/nueva.ledsolintel.com\/product\/72-100-plafon-led-sever-regulable-estrellas-72w\/"},"modified":"2024-05-23T09:09:44","modified_gmt":"2024-05-23T07:09:44","slug":"72-100-plafon-led-sever-regulable-estrellas-72w","status":"publish","type":"product","link":"https:\/\/ledsolintel.com\/fr\/produit-2\/72-100-plafon-led-sever-regulable-estrellas-72w\/","title":{"rendered":"72-100 PLAFONNIER LED SEVER DIMMABLE STARS 72W"},"content":{"rendered":"<p>Plafonnier \u00e0 LED de grande puissance avec t\u00e9l\u00e9commande permettant de r\u00e9gler la puissance et jusqu'\u00e0 3 temp\u00e9ratures de couleur : 2700\u00b0K, 4200\u00b0K et 6500\u00b0K. Avec m\u00e9moire, il s'allume avec la derni\u00e8re configuration utilis\u00e9e. Comprend un bouton rapide pour le mode nuit et la puissance<\/p>","protected":false},"excerpt":{"rendered":"<p>Plafonnier \u00e0 LED de grande puissance avec t\u00e9l\u00e9commande permettant de r\u00e9gler la puissance et jusqu'\u00e0 3 temp\u00e9ratures de couleur : 2700\u00b0K, 4200\u00b0K et 6500\u00b0K. Avec m\u00e9moire, il s'allume avec la derni\u00e8re configuration utilis\u00e9e. Comprend un bouton rapide pour le mode nuit et la puissance<\/p>","protected":false},"featured_media":252434,"template":"","meta":[],"product_brand":[99423],"product_cat":[99601],"product_tag":[],"class_list":{"0":"post-252440","1":"product","2":"type-product","3":"status-publish","4":"has-post-thumbnail","6":"product_brand-cristal-record","7":"product_cat-gyemo","10":"instock","11":"taxable","12":"shipping-taxable","13":"purchasable","14":"product-type-simple"},"yoast_head":"<!-- This site is optimized with the Yoast SEO plugin v26.6 - https:\/\/yoast.com\/wordpress\/plugins\/seo\/ -->\n<title>72-100 PLAFON LED SEVER REGULABLE ESTRELLAS 72W - Ledsolintel<\/title>\n<meta name=\"robots\" content=\"index, follow, max-snippet:-1, max-image-preview:large, max-video-preview:-1\" \/>\n<link rel=\"canonical\" href=\"https:\/\/ledsolintel.com\/fr\/produit-2\/72-100-plafon-led-sever-regulable-estrellas-72w\/\" \/>\n<meta property=\"og:locale\" content=\"fr_FR\" \/>\n<meta property=\"og:type\" content=\"article\" \/>\n<meta property=\"og:title\" content=\"72-100 PLAFON LED SEVER REGULABLE ESTRELLAS 72W - Ledsolintel\" \/>\n<meta property=\"og:description\" content=\"Plaf\u00f3n Led de alta potencia con mando a distancia que permite regular la potencia y hasta 3 temperaturas de color: 2700\u00b0K, 4200\u00b0K y 6500\u00b0K. Con memoria, para que se encienda con la \u00faltima configuraci\u00f3n utilizada. Incluye bot\u00f3n r\u00e1pido modo noche y potencia\" \/>\n<meta property=\"og:url\" content=\"https:\/\/ledsolintel.com\/fr\/produit-2\/72-100-plafon-led-sever-regulable-estrellas-72w\/\" \/>\n<meta property=\"og:site_name\" content=\"Ledsolintel\" \/>\n<meta property=\"article:publisher\" content=\"http:\/\/www.facebook.com\/webmenaje\" \/>\n<meta property=\"og:image\" content=\"https:\/\/ledsolintel.com\/wp-content\/uploads\/2024\/05\/27547-72-100-PLAFON-LED-SEVER-REGULABLE-ESTRELLAS-72W.jpg\" \/>\n\t<meta property=\"og:image:width\" content=\"1\" \/>\n\t<meta property=\"og:image:height\" content=\"1\" \/>\n\t<meta property=\"og:image:type\" content=\"image\/jpeg\" \/>\n<meta name=\"twitter:card\" content=\"summary_large_image\" \/>\n<meta name=\"twitter:site\" content=\"@webmenaje\" \/>\n<script type=\"application\/ld+json\" class=\"yoast-schema-graph\">{\"@context\":\"https:\/\/schema.org\",\"@graph\":[{\"@type\":\"WebPage\",\"@id\":\"https:\/\/ledsolintel.com\/product\/72-100-plafon-led-sever-regulable-estrellas-72w\/\",\"url\":\"https:\/\/ledsolintel.com\/product\/72-100-plafon-led-sever-regulable-estrellas-72w\/\",\"name\":\"72-100 PLAFON LED SEVER REGULABLE ESTRELLAS 72W - Ledsolintel\",\"isPartOf\":{\"@id\":\"https:\/\/ledsolintel.com\/#website\"},\"primaryImageOfPage\":{\"@id\":\"https:\/\/ledsolintel.com\/product\/72-100-plafon-led-sever-regulable-estrellas-72w\/#primaryimage\"},\"image\":{\"@id\":\"https:\/\/ledsolintel.com\/product\/72-100-plafon-led-sever-regulable-estrellas-72w\/#primaryimage\"},\"thumbnailUrl\":\"https:\/\/ledsolintel.com\/wp-content\/uploads\/2024\/05\/27547-72-100-PLAFON-LED-SEVER-REGULABLE-ESTRELLAS-72W.jpg\",\"datePublished\":\"2024-05-23T07:09:44+00:00\",\"breadcrumb\":{\"@id\":\"https:\/\/ledsolintel.com\/product\/72-100-plafon-led-sever-regulable-estrellas-72w\/#breadcrumb\"},\"inLanguage\":\"fr-FR\",\"potentialAction\":[{\"@type\":\"ReadAction\",\"target\":[\"https:\/\/ledsolintel.com\/product\/72-100-plafon-led-sever-regulable-estrellas-72w\/\"]}]},{\"@type\":\"ImageObject\",\"inLanguage\":\"fr-FR\",\"@id\":\"https:\/\/ledsolintel.com\/product\/72-100-plafon-led-sever-regulable-estrellas-72w\/#primaryimage\",\"url\":\"https:\/\/ledsolintel.com\/wp-content\/uploads\/2024\/05\/27547-72-100-PLAFON-LED-SEVER-REGULABLE-ESTRELLAS-72W.jpg\",\"contentUrl\":\"https:\/\/ledsolintel.com\/wp-content\/uploads\/2024\/05\/27547-72-100-PLAFON-LED-SEVER-REGULABLE-ESTRELLAS-72W.jpg\",\"caption\":\"72-100 PLAFON LED SEVER REGULABLE ESTRELLAS 72W\"},{\"@type\":\"BreadcrumbList\",\"@id\":\"https:\/\/ledsolintel.com\/product\/72-100-plafon-led-sever-regulable-estrellas-72w\/#breadcrumb\",\"itemListElement\":[{\"@type\":\"ListItem\",\"position\":1,\"name\":\"Portada\",\"item\":\"https:\/\/ledsolintel.com\/fr\/\"},{\"@type\":\"ListItem\",\"position\":2,\"name\":\"Tienda\",\"item\":\"https:\/\/ledsolintel.com\/tienda\/\"},{\"@type\":\"ListItem\",\"position\":3,\"name\":\"72-100 PLAFON LED SEVER REGULABLE ESTRELLAS 72W\"}]},{\"@type\":\"WebSite\",\"@id\":\"https:\/\/ledsolintel.com\/#website\",\"url\":\"https:\/\/ledsolintel.com\/\",\"name\":\"Webmenaje\",\"description\":\"Tienda de bombillas y l\u00e1mparas LED para profesionales\",\"publisher\":{\"@id\":\"https:\/\/ledsolintel.com\/#organization\"},\"potentialAction\":[{\"@type\":\"SearchAction\",\"target\":{\"@type\":\"EntryPoint\",\"urlTemplate\":\"https:\/\/ledsolintel.com\/?s={search_term_string}\"},\"query-input\":{\"@type\":\"PropertyValueSpecification\",\"valueRequired\":true,\"valueName\":\"search_term_string\"}}],\"inLanguage\":\"fr-FR\"},{\"@type\":\"Organization\",\"@id\":\"https:\/\/ledsolintel.com\/#organization\",\"name\":\"Solintel Noroeste, S.L.\",\"url\":\"https:\/\/ledsolintel.com\/\",\"logo\":{\"@type\":\"ImageObject\",\"inLanguage\":\"fr-FR\",\"@id\":\"https:\/\/ledsolintel.com\/#\/schema\/logo\/image\/\",\"url\":\"https:\/\/ledsolintel.com\/wp-content\/uploads\/2024\/11\/webmenaje-logo-1508269066.jpg\",\"contentUrl\":\"https:\/\/ledsolintel.com\/wp-content\/uploads\/2024\/11\/webmenaje-logo-1508269066.jpg\",\"width\":370,\"height\":90,\"caption\":\"Solintel Noroeste, S.L.\"},\"image\":{\"@id\":\"https:\/\/ledsolintel.com\/#\/schema\/logo\/image\/\"},\"sameAs\":[\"http:\/\/www.facebook.com\/webmenaje\",\"https:\/\/x.com\/webmenaje\",\"https:\/\/www.youtube.com\/channel\/UCX2KoVoeCG4LocZjUc6LmSQ\",\"http:\/\/www.pinterest.com\/webmenaje\"]}]}<\/script>\n<!-- \/ Yoast SEO plugin. -->","yoast_head_json":{"title":"72-100 PLAFON LED SEVER REGULABLE ESTRELLAS 72W - Ledsolintel","robots":{"index":"index","follow":"follow","max-snippet":"max-snippet:-1","max-image-preview":"max-image-preview:large","max-video-preview":"max-video-preview:-1"},"canonical":"https:\/\/ledsolintel.com\/fr\/produit-2\/72-100-plafon-led-sever-regulable-estrellas-72w\/","og_locale":"fr_FR","og_type":"article","og_title":"72-100 PLAFON LED SEVER REGULABLE ESTRELLAS 72W - Ledsolintel","og_description":"Plaf\u00f3n Led de alta potencia con mando a distancia que permite regular la potencia y hasta 3 temperaturas de color: 2700\u00b0K, 4200\u00b0K y 6500\u00b0K. Con memoria, para que se encienda con la \u00faltima configuraci\u00f3n utilizada. Incluye bot\u00f3n r\u00e1pido modo noche y potencia","og_url":"https:\/\/ledsolintel.com\/fr\/produit-2\/72-100-plafon-led-sever-regulable-estrellas-72w\/","og_site_name":"Ledsolintel","article_publisher":"http:\/\/www.facebook.com\/webmenaje","og_image":[{"url":"https:\/\/ledsolintel.com\/wp-content\/uploads\/2024\/05\/27547-72-100-PLAFON-LED-SEVER-REGULABLE-ESTRELLAS-72W.jpg","width":1,"height":1,"type":"image\/jpeg"}],"twitter_card":"summary_large_image","twitter_site":"@webmenaje","schema":{"@context":"https:\/\/schema.org","@graph":[{"@type":"WebPage","@id":"https:\/\/ledsolintel.com\/product\/72-100-plafon-led-sever-regulable-estrellas-72w\/","url":"https:\/\/ledsolintel.com\/product\/72-100-plafon-led-sever-regulable-estrellas-72w\/","name":"72-100 PLAFON LED SEVER REGULABLE ESTRELLAS 72W - Ledsolintel","isPartOf":{"@id":"https:\/\/ledsolintel.com\/#website"},"primaryImageOfPage":{"@id":"https:\/\/ledsolintel.com\/product\/72-100-plafon-led-sever-regulable-estrellas-72w\/#primaryimage"},"image":{"@id":"https:\/\/ledsolintel.com\/product\/72-100-plafon-led-sever-regulable-estrellas-72w\/#primaryimage"},"thumbnailUrl":"https:\/\/ledsolintel.com\/wp-content\/uploads\/2024\/05\/27547-72-100-PLAFON-LED-SEVER-REGULABLE-ESTRELLAS-72W.jpg","datePublished":"2024-05-23T07:09:44+00:00","breadcrumb":{"@id":"https:\/\/ledsolintel.com\/product\/72-100-plafon-led-sever-regulable-estrellas-72w\/#breadcrumb"},"inLanguage":"fr-FR","potentialAction":[{"@type":"ReadAction","target":["https:\/\/ledsolintel.com\/product\/72-100-plafon-led-sever-regulable-estrellas-72w\/"]}]},{"@type":"ImageObject","inLanguage":"fr-FR","@id":"https:\/\/ledsolintel.com\/product\/72-100-plafon-led-sever-regulable-estrellas-72w\/#primaryimage","url":"https:\/\/ledsolintel.com\/wp-content\/uploads\/2024\/05\/27547-72-100-PLAFON-LED-SEVER-REGULABLE-ESTRELLAS-72W.jpg","contentUrl":"https:\/\/ledsolintel.com\/wp-content\/uploads\/2024\/05\/27547-72-100-PLAFON-LED-SEVER-REGULABLE-ESTRELLAS-72W.jpg","caption":"72-100 PLAFON LED SEVER REGULABLE ESTRELLAS 72W"},{"@type":"BreadcrumbList","@id":"https:\/\/ledsolintel.com\/product\/72-100-plafon-led-sever-regulable-estrellas-72w\/#breadcrumb","itemListElement":[{"@type":"ListItem","position":1,"name":"Portada","item":"https:\/\/ledsolintel.com\/fr\/"},{"@type":"ListItem","position":2,"name":"Tienda","item":"https:\/\/ledsolintel.com\/tienda\/"},{"@type":"ListItem","position":3,"name":"72-100 PLAFON LED SEVER REGULABLE ESTRELLAS 72W"}]},{"@type":"WebSite","@id":"https:\/\/ledsolintel.com\/#website","url":"https:\/\/ledsolintel.com\/","name":"Webmenaje","description":"Magasin d'ampoules et de lampes LED pour les professionnels","publisher":{"@id":"https:\/\/ledsolintel.com\/#organization"},"potentialAction":[{"@type":"SearchAction","target":{"@type":"EntryPoint","urlTemplate":"https:\/\/ledsolintel.com\/?s={search_term_string}"},"query-input":{"@type":"PropertyValueSpecification","valueRequired":true,"valueName":"search_term_string"}}],"inLanguage":"fr-FR"},{"@type":"Organization","@id":"https:\/\/ledsolintel.com\/#organization","name":"Solintel Noroeste, S.L.","url":"https:\/\/ledsolintel.com\/","logo":{"@type":"ImageObject","inLanguage":"fr-FR","@id":"https:\/\/ledsolintel.com\/#\/schema\/logo\/image\/","url":"https:\/\/ledsolintel.com\/wp-content\/uploads\/2024\/11\/webmenaje-logo-1508269066.jpg","contentUrl":"https:\/\/ledsolintel.com\/wp-content\/uploads\/2024\/11\/webmenaje-logo-1508269066.jpg","width":370,"height":90,"caption":"Solintel Noroeste, S.L."},"image":{"@id":"https:\/\/ledsolintel.com\/#\/schema\/logo\/image\/"},"sameAs":["http:\/\/www.facebook.com\/webmenaje","https:\/\/x.com\/webmenaje","https:\/\/www.youtube.com\/channel\/UCX2KoVoeCG4LocZjUc6LmSQ","http:\/\/www.pinterest.com\/webmenaje"]}]}},"_links":{"self":[{"href":"https:\/\/ledsolintel.com\/fr\/wp-json\/wp\/v2\/product\/252440","targetHints":{"allow":["GET"]}}],"collection":[{"href":"https:\/\/ledsolintel.com\/fr\/wp-json\/wp\/v2\/product"}],"about":[{"href":"https:\/\/ledsolintel.com\/fr\/wp-json\/wp\/v2\/types\/product"}],"version-history":[{"count":0,"href":"https:\/\/ledsolintel.com\/fr\/wp-json\/wp\/v2\/product\/252440\/revisions"}],"wp:featuredmedia":[{"embeddable":true,"href":"https:\/\/ledsolintel.com\/fr\/wp-json\/wp\/v2\/media\/252434"}],"wp:attachment":[{"href":"https:\/\/ledsolintel.com\/fr\/wp-json\/wp\/v2\/media?parent=252440"}],"wp:term":[{"taxonomy":"product_brand","embeddable":true,"href":"https:\/\/ledsolintel.com\/fr\/wp-json\/wp\/v2\/product_brand?post=252440"},{"taxonomy":"product_cat","embeddable":true,"href":"https:\/\/ledsolintel.com\/fr\/wp-json\/wp\/v2\/product_cat?post=252440"},{"taxonomy":"product_tag","embeddable":true,"href":"https:\/\/ledsolintel.com\/fr\/wp-json\/wp\/v2\/product_tag?post=252440"}],"curies":[{"name":"wp","href":"https:\/\/api.w.org\/{rel}","templated":true}]}}