{"id":252411,"date":"2024-05-23T09:09:44","date_gmt":"2024-05-23T07:09:44","guid":{"rendered":"https:\/\/nueva.ledsolintel.com\/product\/10277-plafon-led-ova-reg-50w-3000k-4000k-6000k-jueric\/"},"modified":"2024-05-23T09:09:44","modified_gmt":"2024-05-23T07:09:44","slug":"10277-plafon-led-ova-reg-50w-3000k-4000k-6000k-jueric","status":"publish","type":"product","link":"https:\/\/ledsolintel.com\/fr\/produit-2\/10277-plafon-led-ova-reg-50w-3000k-4000k-6000k-jueric\/","title":{"rendered":"10277 LED CEILING LAMP OVA REG 50W 3000K-4000K-6000K JUERIC"},"content":{"rendered":"<p>Plafonnier LED dimmable avec intensit\u00e9 r\u00e9glable et changement de temp\u00e9rature de couleur (3000\u00b0K, 4000\u00b0K et 6000\u00b0K) par t\u00e9l\u00e9commande incluse. M\u00e9moire de la couleur de la lumi\u00e8re et effet d'\u00e9toile. Pour que la m\u00e9moire soit activ\u00e9e, le plafonnier doit rester allum\u00e9 pendant 15 secondes dans la zone d'\u00e9clairage.<\/p>","protected":false},"excerpt":{"rendered":"<p>Plafonnier LED dimmable avec intensit\u00e9 r\u00e9glable et changement de temp\u00e9rature de couleur (3000\u00b0K, 4000\u00b0K et 6000\u00b0K) par t\u00e9l\u00e9commande incluse. M\u00e9moire de la couleur de la lumi\u00e8re et effet d'\u00e9toile. Pour que la m\u00e9moire soit activ\u00e9e, le plafonnier doit rester allum\u00e9 pendant 15 secondes dans la zone d'\u00e9clairage.<\/p>","protected":false},"featured_media":252410,"template":"","meta":[],"product_brand":[99487],"product_cat":[99601],"product_tag":[],"class_list":{"0":"post-252411","1":"product","2":"type-product","3":"status-publish","4":"has-post-thumbnail","6":"product_brand-jueric","7":"product_cat-gyemo","10":"instock","11":"taxable","12":"shipping-taxable","13":"purchasable","14":"product-type-simple"},"yoast_head":"<!-- This site is optimized with the Yoast SEO plugin v27.4 - https:\/\/yoast.com\/product\/yoast-seo-wordpress\/ -->\n<title>10277 PLAFON LED OVA REG 50W 3000K-4000K-6000K JUERIC - Ledsolintel<\/title>\n<meta name=\"robots\" content=\"index, follow, max-snippet:-1, max-image-preview:large, max-video-preview:-1\" \/>\n<link rel=\"canonical\" href=\"https:\/\/ledsolintel.com\/fr\/produit-2\/10277-plafon-led-ova-reg-50w-3000k-4000k-6000k-jueric\/\" \/>\n<meta property=\"og:locale\" content=\"fr_FR\" \/>\n<meta property=\"og:type\" content=\"article\" \/>\n<meta property=\"og:title\" content=\"10277 PLAFON LED OVA REG 50W 3000K-4000K-6000K JUERIC - Ledsolintel\" \/>\n<meta property=\"og:description\" content=\"Plafon Led regulable en intensidad y cambio de temperatura de color (3000\u00b0K, 4000\u00b0K y 6000\u00b0k) mediante mando a distancia incluido. Memoria de color de luz y efecto estelar. Para que la memoria se active, el plaf\u00f3n debe permanecer encendido 15 segundos en\" \/>\n<meta property=\"og:url\" content=\"https:\/\/ledsolintel.com\/fr\/produit-2\/10277-plafon-led-ova-reg-50w-3000k-4000k-6000k-jueric\/\" \/>\n<meta property=\"og:site_name\" content=\"Ledsolintel\" \/>\n<meta property=\"article:publisher\" content=\"http:\/\/www.facebook.com\/webmenaje\" \/>\n<meta property=\"og:image\" content=\"https:\/\/ledsolintel.com\/wp-content\/uploads\/2024\/05\/27524-10277-PLAFON-LED-OVA-REG-50W-3000K-4000K-6000K-JUERIC.jpg\" \/>\n\t<meta property=\"og:image:width\" content=\"1\" \/>\n\t<meta property=\"og:image:height\" content=\"1\" \/>\n\t<meta property=\"og:image:type\" content=\"image\/jpeg\" \/>\n<meta name=\"twitter:card\" content=\"summary_large_image\" \/>\n<meta name=\"twitter:site\" content=\"@webmenaje\" \/>\n<script type=\"application\/ld+json\" class=\"yoast-schema-graph\">{\"@context\":\"https:\\\/\\\/schema.org\",\"@graph\":[{\"@type\":\"WebPage\",\"@id\":\"https:\\\/\\\/ledsolintel.com\\\/product\\\/10277-plafon-led-ova-reg-50w-3000k-4000k-6000k-jueric\\\/\",\"url\":\"https:\\\/\\\/ledsolintel.com\\\/product\\\/10277-plafon-led-ova-reg-50w-3000k-4000k-6000k-jueric\\\/\",\"name\":\"10277 PLAFON LED OVA REG 50W 3000K-4000K-6000K JUERIC - Ledsolintel\",\"isPartOf\":{\"@id\":\"https:\\\/\\\/ledsolintel.com\\\/#website\"},\"primaryImageOfPage\":{\"@id\":\"https:\\\/\\\/ledsolintel.com\\\/product\\\/10277-plafon-led-ova-reg-50w-3000k-4000k-6000k-jueric\\\/#primaryimage\"},\"image\":{\"@id\":\"https:\\\/\\\/ledsolintel.com\\\/product\\\/10277-plafon-led-ova-reg-50w-3000k-4000k-6000k-jueric\\\/#primaryimage\"},\"thumbnailUrl\":\"https:\\\/\\\/ledsolintel.com\\\/wp-content\\\/uploads\\\/2024\\\/05\\\/27524-10277-PLAFON-LED-OVA-REG-50W-3000K-4000K-6000K-JUERIC.jpg\",\"datePublished\":\"2024-05-23T07:09:44+00:00\",\"breadcrumb\":{\"@id\":\"https:\\\/\\\/ledsolintel.com\\\/product\\\/10277-plafon-led-ova-reg-50w-3000k-4000k-6000k-jueric\\\/#breadcrumb\"},\"inLanguage\":\"fr-FR\",\"potentialAction\":[{\"@type\":\"ReadAction\",\"target\":[\"https:\\\/\\\/ledsolintel.com\\\/product\\\/10277-plafon-led-ova-reg-50w-3000k-4000k-6000k-jueric\\\/\"]}]},{\"@type\":\"ImageObject\",\"inLanguage\":\"fr-FR\",\"@id\":\"https:\\\/\\\/ledsolintel.com\\\/product\\\/10277-plafon-led-ova-reg-50w-3000k-4000k-6000k-jueric\\\/#primaryimage\",\"url\":\"https:\\\/\\\/ledsolintel.com\\\/wp-content\\\/uploads\\\/2024\\\/05\\\/27524-10277-PLAFON-LED-OVA-REG-50W-3000K-4000K-6000K-JUERIC.jpg\",\"contentUrl\":\"https:\\\/\\\/ledsolintel.com\\\/wp-content\\\/uploads\\\/2024\\\/05\\\/27524-10277-PLAFON-LED-OVA-REG-50W-3000K-4000K-6000K-JUERIC.jpg\",\"caption\":\"10277 PLAFON LED OVA REG 50W 3000K-4000K-6000K JUERIC\"},{\"@type\":\"BreadcrumbList\",\"@id\":\"https:\\\/\\\/ledsolintel.com\\\/product\\\/10277-plafon-led-ova-reg-50w-3000k-4000k-6000k-jueric\\\/#breadcrumb\",\"itemListElement\":[{\"@type\":\"ListItem\",\"position\":1,\"name\":\"Portada\",\"item\":\"https:\\\/\\\/ledsolintel.com\\\/fr\\\/\"},{\"@type\":\"ListItem\",\"position\":2,\"name\":\"Tienda\",\"item\":\"https:\\\/\\\/ledsolintel.com\\\/tienda\\\/\"},{\"@type\":\"ListItem\",\"position\":3,\"name\":\"10277 PLAFON LED OVA REG 50W 3000K-4000K-6000K JUERIC\"}]},{\"@type\":\"WebSite\",\"@id\":\"https:\\\/\\\/ledsolintel.com\\\/#website\",\"url\":\"https:\\\/\\\/ledsolintel.com\\\/\",\"name\":\"Webmenaje\",\"description\":\"Tienda de bombillas y l\u00e1mparas LED para profesionales\",\"publisher\":{\"@id\":\"https:\\\/\\\/ledsolintel.com\\\/#organization\"},\"potentialAction\":[{\"@type\":\"SearchAction\",\"target\":{\"@type\":\"EntryPoint\",\"urlTemplate\":\"https:\\\/\\\/ledsolintel.com\\\/?s={search_term_string}\"},\"query-input\":{\"@type\":\"PropertyValueSpecification\",\"valueRequired\":true,\"valueName\":\"search_term_string\"}}],\"inLanguage\":\"fr-FR\"},{\"@type\":\"Organization\",\"@id\":\"https:\\\/\\\/ledsolintel.com\\\/#organization\",\"name\":\"Solintel Noroeste, S.L.\",\"url\":\"https:\\\/\\\/ledsolintel.com\\\/\",\"logo\":{\"@type\":\"ImageObject\",\"inLanguage\":\"fr-FR\",\"@id\":\"https:\\\/\\\/ledsolintel.com\\\/#\\\/schema\\\/logo\\\/image\\\/\",\"url\":\"https:\\\/\\\/ledsolintel.com\\\/wp-content\\\/uploads\\\/2024\\\/11\\\/webmenaje-logo-1508269066.jpg\",\"contentUrl\":\"https:\\\/\\\/ledsolintel.com\\\/wp-content\\\/uploads\\\/2024\\\/11\\\/webmenaje-logo-1508269066.jpg\",\"width\":370,\"height\":90,\"caption\":\"Solintel Noroeste, S.L.\"},\"image\":{\"@id\":\"https:\\\/\\\/ledsolintel.com\\\/#\\\/schema\\\/logo\\\/image\\\/\"},\"sameAs\":[\"http:\\\/\\\/www.facebook.com\\\/webmenaje\",\"https:\\\/\\\/x.com\\\/webmenaje\",\"https:\\\/\\\/www.youtube.com\\\/channel\\\/UCX2KoVoeCG4LocZjUc6LmSQ\",\"http:\\\/\\\/www.pinterest.com\\\/webmenaje\"]}]}<\/script>\n<!-- \/ Yoast SEO plugin. -->","yoast_head_json":{"title":"10277 PLAFON LED OVA REG 50W 3000K-4000K-6000K JUERIC - Ledsolintel","robots":{"index":"index","follow":"follow","max-snippet":"max-snippet:-1","max-image-preview":"max-image-preview:large","max-video-preview":"max-video-preview:-1"},"canonical":"https:\/\/ledsolintel.com\/fr\/produit-2\/10277-plafon-led-ova-reg-50w-3000k-4000k-6000k-jueric\/","og_locale":"fr_FR","og_type":"article","og_title":"10277 PLAFON LED OVA REG 50W 3000K-4000K-6000K JUERIC - Ledsolintel","og_description":"Plafon Led regulable en intensidad y cambio de temperatura de color (3000\u00b0K, 4000\u00b0K y 6000\u00b0k) mediante mando a distancia incluido. Memoria de color de luz y efecto estelar. Para que la memoria se active, el plaf\u00f3n debe permanecer encendido 15 segundos en","og_url":"https:\/\/ledsolintel.com\/fr\/produit-2\/10277-plafon-led-ova-reg-50w-3000k-4000k-6000k-jueric\/","og_site_name":"Ledsolintel","article_publisher":"http:\/\/www.facebook.com\/webmenaje","og_image":[{"url":"https:\/\/ledsolintel.com\/wp-content\/uploads\/2024\/05\/27524-10277-PLAFON-LED-OVA-REG-50W-3000K-4000K-6000K-JUERIC.jpg","width":1,"height":1,"type":"image\/jpeg"}],"twitter_card":"summary_large_image","twitter_site":"@webmenaje","schema":{"@context":"https:\/\/schema.org","@graph":[{"@type":"WebPage","@id":"https:\/\/ledsolintel.com\/product\/10277-plafon-led-ova-reg-50w-3000k-4000k-6000k-jueric\/","url":"https:\/\/ledsolintel.com\/product\/10277-plafon-led-ova-reg-50w-3000k-4000k-6000k-jueric\/","name":"10277 PLAFON LED OVA REG 50W 3000K-4000K-6000K JUERIC - Ledsolintel","isPartOf":{"@id":"https:\/\/ledsolintel.com\/#website"},"primaryImageOfPage":{"@id":"https:\/\/ledsolintel.com\/product\/10277-plafon-led-ova-reg-50w-3000k-4000k-6000k-jueric\/#primaryimage"},"image":{"@id":"https:\/\/ledsolintel.com\/product\/10277-plafon-led-ova-reg-50w-3000k-4000k-6000k-jueric\/#primaryimage"},"thumbnailUrl":"https:\/\/ledsolintel.com\/wp-content\/uploads\/2024\/05\/27524-10277-PLAFON-LED-OVA-REG-50W-3000K-4000K-6000K-JUERIC.jpg","datePublished":"2024-05-23T07:09:44+00:00","breadcrumb":{"@id":"https:\/\/ledsolintel.com\/product\/10277-plafon-led-ova-reg-50w-3000k-4000k-6000k-jueric\/#breadcrumb"},"inLanguage":"fr-FR","potentialAction":[{"@type":"ReadAction","target":["https:\/\/ledsolintel.com\/product\/10277-plafon-led-ova-reg-50w-3000k-4000k-6000k-jueric\/"]}]},{"@type":"ImageObject","inLanguage":"fr-FR","@id":"https:\/\/ledsolintel.com\/product\/10277-plafon-led-ova-reg-50w-3000k-4000k-6000k-jueric\/#primaryimage","url":"https:\/\/ledsolintel.com\/wp-content\/uploads\/2024\/05\/27524-10277-PLAFON-LED-OVA-REG-50W-3000K-4000K-6000K-JUERIC.jpg","contentUrl":"https:\/\/ledsolintel.com\/wp-content\/uploads\/2024\/05\/27524-10277-PLAFON-LED-OVA-REG-50W-3000K-4000K-6000K-JUERIC.jpg","caption":"10277 PLAFON LED OVA REG 50W 3000K-4000K-6000K JUERIC"},{"@type":"BreadcrumbList","@id":"https:\/\/ledsolintel.com\/product\/10277-plafon-led-ova-reg-50w-3000k-4000k-6000k-jueric\/#breadcrumb","itemListElement":[{"@type":"ListItem","position":1,"name":"Portada","item":"https:\/\/ledsolintel.com\/fr\/"},{"@type":"ListItem","position":2,"name":"Tienda","item":"https:\/\/ledsolintel.com\/tienda\/"},{"@type":"ListItem","position":3,"name":"10277 PLAFON LED OVA REG 50W 3000K-4000K-6000K JUERIC"}]},{"@type":"WebSite","@id":"https:\/\/ledsolintel.com\/#website","url":"https:\/\/ledsolintel.com\/","name":"Webmenaje","description":"Magasin d'ampoules et de lampes LED pour les professionnels","publisher":{"@id":"https:\/\/ledsolintel.com\/#organization"},"potentialAction":[{"@type":"SearchAction","target":{"@type":"EntryPoint","urlTemplate":"https:\/\/ledsolintel.com\/?s={search_term_string}"},"query-input":{"@type":"PropertyValueSpecification","valueRequired":true,"valueName":"search_term_string"}}],"inLanguage":"fr-FR"},{"@type":"Organization","@id":"https:\/\/ledsolintel.com\/#organization","name":"Solintel Noroeste, S.L.","url":"https:\/\/ledsolintel.com\/","logo":{"@type":"ImageObject","inLanguage":"fr-FR","@id":"https:\/\/ledsolintel.com\/#\/schema\/logo\/image\/","url":"https:\/\/ledsolintel.com\/wp-content\/uploads\/2024\/11\/webmenaje-logo-1508269066.jpg","contentUrl":"https:\/\/ledsolintel.com\/wp-content\/uploads\/2024\/11\/webmenaje-logo-1508269066.jpg","width":370,"height":90,"caption":"Solintel Noroeste, S.L."},"image":{"@id":"https:\/\/ledsolintel.com\/#\/schema\/logo\/image\/"},"sameAs":["http:\/\/www.facebook.com\/webmenaje","https:\/\/x.com\/webmenaje","https:\/\/www.youtube.com\/channel\/UCX2KoVoeCG4LocZjUc6LmSQ","http:\/\/www.pinterest.com\/webmenaje"]}]}},"_links":{"self":[{"href":"https:\/\/ledsolintel.com\/fr\/wp-json\/wp\/v2\/product\/252411","targetHints":{"allow":["GET"]}}],"collection":[{"href":"https:\/\/ledsolintel.com\/fr\/wp-json\/wp\/v2\/product"}],"about":[{"href":"https:\/\/ledsolintel.com\/fr\/wp-json\/wp\/v2\/types\/product"}],"version-history":[{"count":0,"href":"https:\/\/ledsolintel.com\/fr\/wp-json\/wp\/v2\/product\/252411\/revisions"}],"wp:featuredmedia":[{"embeddable":true,"href":"https:\/\/ledsolintel.com\/fr\/wp-json\/wp\/v2\/media\/252410"}],"wp:attachment":[{"href":"https:\/\/ledsolintel.com\/fr\/wp-json\/wp\/v2\/media?parent=252411"}],"wp:term":[{"taxonomy":"product_brand","embeddable":true,"href":"https:\/\/ledsolintel.com\/fr\/wp-json\/wp\/v2\/product_brand?post=252411"},{"taxonomy":"product_cat","embeddable":true,"href":"https:\/\/ledsolintel.com\/fr\/wp-json\/wp\/v2\/product_cat?post=252411"},{"taxonomy":"product_tag","embeddable":true,"href":"https:\/\/ledsolintel.com\/fr\/wp-json\/wp\/v2\/product_tag?post=252411"}],"curies":[{"name":"wp","href":"https:\/\/api.w.org\/{rel}","templated":true}]}}