{"id":252145,"date":"2024-05-23T09:09:44","date_gmt":"2024-05-23T07:09:44","guid":{"rendered":"https:\/\/nueva.ledsolintel.com\/product\/54021-2-regleta-2-focos-blanco-arena-2xe27-40w-230v-widy-globo\/"},"modified":"2024-05-23T09:09:44","modified_gmt":"2024-05-23T07:09:44","slug":"54021-2-regleta-2-focos-blanco-arena-2xe27-40w-230v-widy-globo","status":"publish","type":"product","link":"https:\/\/ledsolintel.com\/fr\/produit-2\/54021-2-regleta-2-focos-blanco-arena-2xe27-40w-230v-widy-globo\/","title":{"rendered":"54021-2 BLANC SAND 2xE27 40W 230V WIDY GLOBO 2 LAMPE ROLLER 2 x E27 40W 230V"},"content":{"rendered":"<p>Design nordique combinant un abat-jour en m\u00e9tal blanc et une corde de chanvre marron.  A utiliser avec des ampoules E27. Id\u00e9ale pour les int\u00e9rieurs tels que les chambres \u00e0 coucher, les couloirs, le salon et la salle \u00e0 manger.<\/p>","protected":false},"excerpt":{"rendered":"<p>Design nordique combinant un abat-jour en m\u00e9tal blanc et une corde de chanvre marron. A utiliser avec des ampoules E27. Id\u00e9ale pour les int\u00e9rieurs tels que les chambres \u00e0 coucher, les couloirs, le salon et la salle \u00e0 manger.<\/p>","protected":false},"featured_media":252143,"template":"","meta":[],"product_brand":[99471],"product_cat":[99601],"product_tag":[],"class_list":{"0":"post-252145","1":"product","2":"type-product","3":"status-publish","4":"has-post-thumbnail","6":"product_brand-globo-lighting","7":"product_cat-gyemo","10":"instock","11":"taxable","12":"shipping-taxable","13":"purchasable","14":"product-type-simple"},"yoast_head":"<!-- This site is optimized with the Yoast SEO plugin v26.6 - https:\/\/yoast.com\/wordpress\/plugins\/seo\/ -->\n<title>54021-2 REGLETA 2 FOCOS BLANCO ARENA 2xE27 40W 230V WIDY GLOBO - Ledsolintel<\/title>\n<meta name=\"robots\" content=\"index, follow, max-snippet:-1, max-image-preview:large, max-video-preview:-1\" \/>\n<link rel=\"canonical\" href=\"https:\/\/ledsolintel.com\/fr\/produit-2\/54021-2-regleta-2-focos-blanco-arena-2xe27-40w-230v-widy-globo\/\" \/>\n<meta property=\"og:locale\" content=\"fr_FR\" \/>\n<meta property=\"og:type\" content=\"article\" \/>\n<meta property=\"og:title\" content=\"54021-2 REGLETA 2 FOCOS BLANCO ARENA 2xE27 40W 230V WIDY GLOBO - Ledsolintel\" \/>\n<meta property=\"og:description\" content=\"Dise\u00f1o n\u00f3rdico que combina una pantalla de malla de metal blanco con cuerda de c\u00e1\u00f1amo marr\u00f3n. Para uso de bombillas E27. Ideal para interiores como habitaciones, pasillos, sala de estar y comedor.\" \/>\n<meta property=\"og:url\" content=\"https:\/\/ledsolintel.com\/fr\/produit-2\/54021-2-regleta-2-focos-blanco-arena-2xe27-40w-230v-widy-globo\/\" \/>\n<meta property=\"og:site_name\" content=\"Ledsolintel\" \/>\n<meta property=\"article:publisher\" content=\"http:\/\/www.facebook.com\/webmenaje\" \/>\n<meta property=\"og:image\" content=\"https:\/\/ledsolintel.com\/wp-content\/uploads\/2024\/05\/27294-54021-2-REGLETA-2-FOCOS-BLANCO-ARENA-2xE27-40W-230V-WIDY-GLOBO.jpg\" \/>\n\t<meta property=\"og:image:width\" content=\"1\" \/>\n\t<meta property=\"og:image:height\" content=\"1\" \/>\n\t<meta property=\"og:image:type\" content=\"image\/jpeg\" \/>\n<meta name=\"twitter:card\" content=\"summary_large_image\" \/>\n<meta name=\"twitter:site\" content=\"@webmenaje\" \/>\n<script type=\"application\/ld+json\" class=\"yoast-schema-graph\">{\"@context\":\"https:\/\/schema.org\",\"@graph\":[{\"@type\":\"WebPage\",\"@id\":\"https:\/\/ledsolintel.com\/product\/54021-2-regleta-2-focos-blanco-arena-2xe27-40w-230v-widy-globo\/\",\"url\":\"https:\/\/ledsolintel.com\/product\/54021-2-regleta-2-focos-blanco-arena-2xe27-40w-230v-widy-globo\/\",\"name\":\"54021-2 REGLETA 2 FOCOS BLANCO ARENA 2xE27 40W 230V WIDY GLOBO - Ledsolintel\",\"isPartOf\":{\"@id\":\"https:\/\/ledsolintel.com\/#website\"},\"primaryImageOfPage\":{\"@id\":\"https:\/\/ledsolintel.com\/product\/54021-2-regleta-2-focos-blanco-arena-2xe27-40w-230v-widy-globo\/#primaryimage\"},\"image\":{\"@id\":\"https:\/\/ledsolintel.com\/product\/54021-2-regleta-2-focos-blanco-arena-2xe27-40w-230v-widy-globo\/#primaryimage\"},\"thumbnailUrl\":\"https:\/\/ledsolintel.com\/wp-content\/uploads\/2024\/05\/27294-54021-2-REGLETA-2-FOCOS-BLANCO-ARENA-2xE27-40W-230V-WIDY-GLOBO.jpg\",\"datePublished\":\"2024-05-23T07:09:44+00:00\",\"breadcrumb\":{\"@id\":\"https:\/\/ledsolintel.com\/product\/54021-2-regleta-2-focos-blanco-arena-2xe27-40w-230v-widy-globo\/#breadcrumb\"},\"inLanguage\":\"fr-FR\",\"potentialAction\":[{\"@type\":\"ReadAction\",\"target\":[\"https:\/\/ledsolintel.com\/product\/54021-2-regleta-2-focos-blanco-arena-2xe27-40w-230v-widy-globo\/\"]}]},{\"@type\":\"ImageObject\",\"inLanguage\":\"fr-FR\",\"@id\":\"https:\/\/ledsolintel.com\/product\/54021-2-regleta-2-focos-blanco-arena-2xe27-40w-230v-widy-globo\/#primaryimage\",\"url\":\"https:\/\/ledsolintel.com\/wp-content\/uploads\/2024\/05\/27294-54021-2-REGLETA-2-FOCOS-BLANCO-ARENA-2xE27-40W-230V-WIDY-GLOBO.jpg\",\"contentUrl\":\"https:\/\/ledsolintel.com\/wp-content\/uploads\/2024\/05\/27294-54021-2-REGLETA-2-FOCOS-BLANCO-ARENA-2xE27-40W-230V-WIDY-GLOBO.jpg\",\"caption\":\"54021-2 REGLETA 2 FOCOS BLANCO ARENA 2xE27 40W 230V WIDY GLOBO\"},{\"@type\":\"BreadcrumbList\",\"@id\":\"https:\/\/ledsolintel.com\/product\/54021-2-regleta-2-focos-blanco-arena-2xe27-40w-230v-widy-globo\/#breadcrumb\",\"itemListElement\":[{\"@type\":\"ListItem\",\"position\":1,\"name\":\"Portada\",\"item\":\"https:\/\/ledsolintel.com\/fr\/\"},{\"@type\":\"ListItem\",\"position\":2,\"name\":\"Tienda\",\"item\":\"https:\/\/ledsolintel.com\/tienda\/\"},{\"@type\":\"ListItem\",\"position\":3,\"name\":\"54021-2 REGLETA 2 FOCOS BLANCO ARENA 2xE27 40W 230V WIDY GLOBO\"}]},{\"@type\":\"WebSite\",\"@id\":\"https:\/\/ledsolintel.com\/#website\",\"url\":\"https:\/\/ledsolintel.com\/\",\"name\":\"Webmenaje\",\"description\":\"Tienda de bombillas y l\u00e1mparas LED para profesionales\",\"publisher\":{\"@id\":\"https:\/\/ledsolintel.com\/#organization\"},\"potentialAction\":[{\"@type\":\"SearchAction\",\"target\":{\"@type\":\"EntryPoint\",\"urlTemplate\":\"https:\/\/ledsolintel.com\/?s={search_term_string}\"},\"query-input\":{\"@type\":\"PropertyValueSpecification\",\"valueRequired\":true,\"valueName\":\"search_term_string\"}}],\"inLanguage\":\"fr-FR\"},{\"@type\":\"Organization\",\"@id\":\"https:\/\/ledsolintel.com\/#organization\",\"name\":\"Solintel Noroeste, S.L.\",\"url\":\"https:\/\/ledsolintel.com\/\",\"logo\":{\"@type\":\"ImageObject\",\"inLanguage\":\"fr-FR\",\"@id\":\"https:\/\/ledsolintel.com\/#\/schema\/logo\/image\/\",\"url\":\"https:\/\/ledsolintel.com\/wp-content\/uploads\/2024\/11\/webmenaje-logo-1508269066.jpg\",\"contentUrl\":\"https:\/\/ledsolintel.com\/wp-content\/uploads\/2024\/11\/webmenaje-logo-1508269066.jpg\",\"width\":370,\"height\":90,\"caption\":\"Solintel Noroeste, S.L.\"},\"image\":{\"@id\":\"https:\/\/ledsolintel.com\/#\/schema\/logo\/image\/\"},\"sameAs\":[\"http:\/\/www.facebook.com\/webmenaje\",\"https:\/\/x.com\/webmenaje\",\"https:\/\/www.youtube.com\/channel\/UCX2KoVoeCG4LocZjUc6LmSQ\",\"http:\/\/www.pinterest.com\/webmenaje\"]}]}<\/script>\n<!-- \/ Yoast SEO plugin. -->","yoast_head_json":{"title":"54021-2 REGLETA 2 FOCOS BLANCO ARENA 2xE27 40W 230V WIDY GLOBO - Ledsolintel","robots":{"index":"index","follow":"follow","max-snippet":"max-snippet:-1","max-image-preview":"max-image-preview:large","max-video-preview":"max-video-preview:-1"},"canonical":"https:\/\/ledsolintel.com\/fr\/produit-2\/54021-2-regleta-2-focos-blanco-arena-2xe27-40w-230v-widy-globo\/","og_locale":"fr_FR","og_type":"article","og_title":"54021-2 REGLETA 2 FOCOS BLANCO ARENA 2xE27 40W 230V WIDY GLOBO - Ledsolintel","og_description":"Dise\u00f1o n\u00f3rdico que combina una pantalla de malla de metal blanco con cuerda de c\u00e1\u00f1amo marr\u00f3n. Para uso de bombillas E27. Ideal para interiores como habitaciones, pasillos, sala de estar y comedor.","og_url":"https:\/\/ledsolintel.com\/fr\/produit-2\/54021-2-regleta-2-focos-blanco-arena-2xe27-40w-230v-widy-globo\/","og_site_name":"Ledsolintel","article_publisher":"http:\/\/www.facebook.com\/webmenaje","og_image":[{"url":"https:\/\/ledsolintel.com\/wp-content\/uploads\/2024\/05\/27294-54021-2-REGLETA-2-FOCOS-BLANCO-ARENA-2xE27-40W-230V-WIDY-GLOBO.jpg","width":1,"height":1,"type":"image\/jpeg"}],"twitter_card":"summary_large_image","twitter_site":"@webmenaje","schema":{"@context":"https:\/\/schema.org","@graph":[{"@type":"WebPage","@id":"https:\/\/ledsolintel.com\/product\/54021-2-regleta-2-focos-blanco-arena-2xe27-40w-230v-widy-globo\/","url":"https:\/\/ledsolintel.com\/product\/54021-2-regleta-2-focos-blanco-arena-2xe27-40w-230v-widy-globo\/","name":"54021-2 REGLETA 2 FOCOS BLANCO ARENA 2xE27 40W 230V WIDY GLOBO - Ledsolintel","isPartOf":{"@id":"https:\/\/ledsolintel.com\/#website"},"primaryImageOfPage":{"@id":"https:\/\/ledsolintel.com\/product\/54021-2-regleta-2-focos-blanco-arena-2xe27-40w-230v-widy-globo\/#primaryimage"},"image":{"@id":"https:\/\/ledsolintel.com\/product\/54021-2-regleta-2-focos-blanco-arena-2xe27-40w-230v-widy-globo\/#primaryimage"},"thumbnailUrl":"https:\/\/ledsolintel.com\/wp-content\/uploads\/2024\/05\/27294-54021-2-REGLETA-2-FOCOS-BLANCO-ARENA-2xE27-40W-230V-WIDY-GLOBO.jpg","datePublished":"2024-05-23T07:09:44+00:00","breadcrumb":{"@id":"https:\/\/ledsolintel.com\/product\/54021-2-regleta-2-focos-blanco-arena-2xe27-40w-230v-widy-globo\/#breadcrumb"},"inLanguage":"fr-FR","potentialAction":[{"@type":"ReadAction","target":["https:\/\/ledsolintel.com\/product\/54021-2-regleta-2-focos-blanco-arena-2xe27-40w-230v-widy-globo\/"]}]},{"@type":"ImageObject","inLanguage":"fr-FR","@id":"https:\/\/ledsolintel.com\/product\/54021-2-regleta-2-focos-blanco-arena-2xe27-40w-230v-widy-globo\/#primaryimage","url":"https:\/\/ledsolintel.com\/wp-content\/uploads\/2024\/05\/27294-54021-2-REGLETA-2-FOCOS-BLANCO-ARENA-2xE27-40W-230V-WIDY-GLOBO.jpg","contentUrl":"https:\/\/ledsolintel.com\/wp-content\/uploads\/2024\/05\/27294-54021-2-REGLETA-2-FOCOS-BLANCO-ARENA-2xE27-40W-230V-WIDY-GLOBO.jpg","caption":"54021-2 REGLETA 2 FOCOS BLANCO ARENA 2xE27 40W 230V WIDY GLOBO"},{"@type":"BreadcrumbList","@id":"https:\/\/ledsolintel.com\/product\/54021-2-regleta-2-focos-blanco-arena-2xe27-40w-230v-widy-globo\/#breadcrumb","itemListElement":[{"@type":"ListItem","position":1,"name":"Portada","item":"https:\/\/ledsolintel.com\/fr\/"},{"@type":"ListItem","position":2,"name":"Tienda","item":"https:\/\/ledsolintel.com\/tienda\/"},{"@type":"ListItem","position":3,"name":"54021-2 REGLETA 2 FOCOS BLANCO ARENA 2xE27 40W 230V WIDY GLOBO"}]},{"@type":"WebSite","@id":"https:\/\/ledsolintel.com\/#website","url":"https:\/\/ledsolintel.com\/","name":"Webmenaje","description":"Magasin d'ampoules et de lampes LED pour les professionnels","publisher":{"@id":"https:\/\/ledsolintel.com\/#organization"},"potentialAction":[{"@type":"SearchAction","target":{"@type":"EntryPoint","urlTemplate":"https:\/\/ledsolintel.com\/?s={search_term_string}"},"query-input":{"@type":"PropertyValueSpecification","valueRequired":true,"valueName":"search_term_string"}}],"inLanguage":"fr-FR"},{"@type":"Organization","@id":"https:\/\/ledsolintel.com\/#organization","name":"Solintel Noroeste, S.L.","url":"https:\/\/ledsolintel.com\/","logo":{"@type":"ImageObject","inLanguage":"fr-FR","@id":"https:\/\/ledsolintel.com\/#\/schema\/logo\/image\/","url":"https:\/\/ledsolintel.com\/wp-content\/uploads\/2024\/11\/webmenaje-logo-1508269066.jpg","contentUrl":"https:\/\/ledsolintel.com\/wp-content\/uploads\/2024\/11\/webmenaje-logo-1508269066.jpg","width":370,"height":90,"caption":"Solintel Noroeste, S.L."},"image":{"@id":"https:\/\/ledsolintel.com\/#\/schema\/logo\/image\/"},"sameAs":["http:\/\/www.facebook.com\/webmenaje","https:\/\/x.com\/webmenaje","https:\/\/www.youtube.com\/channel\/UCX2KoVoeCG4LocZjUc6LmSQ","http:\/\/www.pinterest.com\/webmenaje"]}]}},"_links":{"self":[{"href":"https:\/\/ledsolintel.com\/fr\/wp-json\/wp\/v2\/product\/252145","targetHints":{"allow":["GET"]}}],"collection":[{"href":"https:\/\/ledsolintel.com\/fr\/wp-json\/wp\/v2\/product"}],"about":[{"href":"https:\/\/ledsolintel.com\/fr\/wp-json\/wp\/v2\/types\/product"}],"version-history":[{"count":0,"href":"https:\/\/ledsolintel.com\/fr\/wp-json\/wp\/v2\/product\/252145\/revisions"}],"wp:featuredmedia":[{"embeddable":true,"href":"https:\/\/ledsolintel.com\/fr\/wp-json\/wp\/v2\/media\/252143"}],"wp:attachment":[{"href":"https:\/\/ledsolintel.com\/fr\/wp-json\/wp\/v2\/media?parent=252145"}],"wp:term":[{"taxonomy":"product_brand","embeddable":true,"href":"https:\/\/ledsolintel.com\/fr\/wp-json\/wp\/v2\/product_brand?post=252145"},{"taxonomy":"product_cat","embeddable":true,"href":"https:\/\/ledsolintel.com\/fr\/wp-json\/wp\/v2\/product_cat?post=252145"},{"taxonomy":"product_tag","embeddable":true,"href":"https:\/\/ledsolintel.com\/fr\/wp-json\/wp\/v2\/product_tag?post=252145"}],"curies":[{"name":"wp","href":"https:\/\/api.w.org\/{rel}","templated":true}]}}