{"id":251838,"date":"2024-05-23T08:37:37","date_gmt":"2024-05-23T06:37:37","guid":{"rendered":"https:\/\/nueva.ledsolintel.com\/product\/10143-plafon-orientable-plain-3-focos-gu10-niquel-ledesma\/"},"modified":"2024-05-23T08:37:37","modified_gmt":"2024-05-23T06:37:37","slug":"10143-plafon-orientable-plain-3-focos-gu10-niquel-ledesma","status":"publish","type":"product","link":"https:\/\/ledsolintel.com\/fr\/produit-2\/10143-plafon-orientable-plain-3-focos-gu10-niquel-ledesma\/","title":{"rendered":"10143 PLAFON ORIENTABLE PLAIN 3 SPOTS GU10 NIQUEL LEDESMA"},"content":{"rendered":"<p>Famille de bandes d\u00e9coratives \u00e0 utiliser avec des ampoules GU10. Fabriqu\u00e9e en m\u00e9tal avec une finition nickel satin\u00e9. PLAIN s\u00e9duit par la simplicit\u00e9 de ses lignes et la qualit\u00e9 de sa finition qui lui permet d'\u00eatre install\u00e9 dans les salons et les chambres \u00e0 coucher. Source lumineuse 1xGU10<\/p>","protected":false},"excerpt":{"rendered":"<p>Famille de bandes d\u00e9coratives \u00e0 utiliser avec des ampoules GU10. Fabriqu\u00e9e en m\u00e9tal avec une finition nickel satin\u00e9. PLAIN s\u00e9duit par la simplicit\u00e9 de ses lignes et la qualit\u00e9 de sa finition qui lui permet d'\u00eatre install\u00e9 dans les salons et les chambres \u00e0 coucher. Source lumineuse 1xGU10<\/p>","protected":false},"featured_media":251837,"template":"","meta":[],"product_brand":[99425],"product_cat":[99601],"product_tag":[],"class_list":{"0":"post-251838","1":"product","2":"type-product","3":"status-publish","4":"has-post-thumbnail","6":"product_brand-ledesma","7":"product_cat-gyemo","10":"instock","11":"taxable","12":"shipping-taxable","13":"purchasable","14":"product-type-simple"},"yoast_head":"<!-- This site is optimized with the Yoast SEO plugin v26.6 - https:\/\/yoast.com\/wordpress\/plugins\/seo\/ -->\n<title>10143 PLAFON ORIENTABLE PLAIN 3 FOCOS GU10 NIQUEL LEDESMA - Ledsolintel<\/title>\n<meta name=\"robots\" content=\"index, follow, max-snippet:-1, max-image-preview:large, max-video-preview:-1\" \/>\n<link rel=\"canonical\" href=\"https:\/\/ledsolintel.com\/fr\/produit-2\/10143-plafon-orientable-plain-3-focos-gu10-niquel-ledesma\/\" \/>\n<meta property=\"og:locale\" content=\"fr_FR\" \/>\n<meta property=\"og:type\" content=\"article\" \/>\n<meta property=\"og:title\" content=\"10143 PLAFON ORIENTABLE PLAIN 3 FOCOS GU10 NIQUEL LEDESMA - Ledsolintel\" \/>\n<meta property=\"og:description\" content=\"Familia de regletas decorativas para uso de bombillas GU10. Fabricado en metal acabado en n\u00edquel sat\u00edn. PLAIN atrae por su simplicidad de l\u00edneas y la alta calidad de su acabado que permiten que sea instalada en salones y habitaciones. Fuente de luz 1xGU10\" \/>\n<meta property=\"og:url\" content=\"https:\/\/ledsolintel.com\/fr\/produit-2\/10143-plafon-orientable-plain-3-focos-gu10-niquel-ledesma\/\" \/>\n<meta property=\"og:site_name\" content=\"Ledsolintel\" \/>\n<meta property=\"article:publisher\" content=\"http:\/\/www.facebook.com\/webmenaje\" \/>\n<meta property=\"og:image\" content=\"https:\/\/ledsolintel.com\/wp-content\/uploads\/2024\/05\/27051-10143-PLAFON-ORIENTABLE-PLAIN-3-FOCOS-GU10-NIQUEL-LEDESMA.jpg\" \/>\n\t<meta property=\"og:image:width\" content=\"1\" \/>\n\t<meta property=\"og:image:height\" content=\"1\" \/>\n\t<meta property=\"og:image:type\" content=\"image\/jpeg\" \/>\n<meta name=\"twitter:card\" content=\"summary_large_image\" \/>\n<meta name=\"twitter:site\" content=\"@webmenaje\" \/>\n<script type=\"application\/ld+json\" class=\"yoast-schema-graph\">{\"@context\":\"https:\/\/schema.org\",\"@graph\":[{\"@type\":\"WebPage\",\"@id\":\"https:\/\/ledsolintel.com\/product\/10143-plafon-orientable-plain-3-focos-gu10-niquel-ledesma\/\",\"url\":\"https:\/\/ledsolintel.com\/product\/10143-plafon-orientable-plain-3-focos-gu10-niquel-ledesma\/\",\"name\":\"10143 PLAFON ORIENTABLE PLAIN 3 FOCOS GU10 NIQUEL LEDESMA - Ledsolintel\",\"isPartOf\":{\"@id\":\"https:\/\/ledsolintel.com\/#website\"},\"primaryImageOfPage\":{\"@id\":\"https:\/\/ledsolintel.com\/product\/10143-plafon-orientable-plain-3-focos-gu10-niquel-ledesma\/#primaryimage\"},\"image\":{\"@id\":\"https:\/\/ledsolintel.com\/product\/10143-plafon-orientable-plain-3-focos-gu10-niquel-ledesma\/#primaryimage\"},\"thumbnailUrl\":\"https:\/\/ledsolintel.com\/wp-content\/uploads\/2024\/05\/27051-10143-PLAFON-ORIENTABLE-PLAIN-3-FOCOS-GU10-NIQUEL-LEDESMA.jpg\",\"datePublished\":\"2024-05-23T06:37:37+00:00\",\"breadcrumb\":{\"@id\":\"https:\/\/ledsolintel.com\/product\/10143-plafon-orientable-plain-3-focos-gu10-niquel-ledesma\/#breadcrumb\"},\"inLanguage\":\"fr-FR\",\"potentialAction\":[{\"@type\":\"ReadAction\",\"target\":[\"https:\/\/ledsolintel.com\/product\/10143-plafon-orientable-plain-3-focos-gu10-niquel-ledesma\/\"]}]},{\"@type\":\"ImageObject\",\"inLanguage\":\"fr-FR\",\"@id\":\"https:\/\/ledsolintel.com\/product\/10143-plafon-orientable-plain-3-focos-gu10-niquel-ledesma\/#primaryimage\",\"url\":\"https:\/\/ledsolintel.com\/wp-content\/uploads\/2024\/05\/27051-10143-PLAFON-ORIENTABLE-PLAIN-3-FOCOS-GU10-NIQUEL-LEDESMA.jpg\",\"contentUrl\":\"https:\/\/ledsolintel.com\/wp-content\/uploads\/2024\/05\/27051-10143-PLAFON-ORIENTABLE-PLAIN-3-FOCOS-GU10-NIQUEL-LEDESMA.jpg\",\"caption\":\"10143 PLAFON ORIENTABLE PLAIN 3 FOCOS GU10 NIQUEL LEDESMA\"},{\"@type\":\"BreadcrumbList\",\"@id\":\"https:\/\/ledsolintel.com\/product\/10143-plafon-orientable-plain-3-focos-gu10-niquel-ledesma\/#breadcrumb\",\"itemListElement\":[{\"@type\":\"ListItem\",\"position\":1,\"name\":\"Portada\",\"item\":\"https:\/\/ledsolintel.com\/fr\/\"},{\"@type\":\"ListItem\",\"position\":2,\"name\":\"Tienda\",\"item\":\"https:\/\/ledsolintel.com\/tienda\/\"},{\"@type\":\"ListItem\",\"position\":3,\"name\":\"10143 PLAFON ORIENTABLE PLAIN 3 FOCOS GU10 NIQUEL LEDESMA\"}]},{\"@type\":\"WebSite\",\"@id\":\"https:\/\/ledsolintel.com\/#website\",\"url\":\"https:\/\/ledsolintel.com\/\",\"name\":\"Webmenaje\",\"description\":\"Tienda de bombillas y l\u00e1mparas LED para profesionales\",\"publisher\":{\"@id\":\"https:\/\/ledsolintel.com\/#organization\"},\"potentialAction\":[{\"@type\":\"SearchAction\",\"target\":{\"@type\":\"EntryPoint\",\"urlTemplate\":\"https:\/\/ledsolintel.com\/?s={search_term_string}\"},\"query-input\":{\"@type\":\"PropertyValueSpecification\",\"valueRequired\":true,\"valueName\":\"search_term_string\"}}],\"inLanguage\":\"fr-FR\"},{\"@type\":\"Organization\",\"@id\":\"https:\/\/ledsolintel.com\/#organization\",\"name\":\"Solintel Noroeste, S.L.\",\"url\":\"https:\/\/ledsolintel.com\/\",\"logo\":{\"@type\":\"ImageObject\",\"inLanguage\":\"fr-FR\",\"@id\":\"https:\/\/ledsolintel.com\/#\/schema\/logo\/image\/\",\"url\":\"https:\/\/ledsolintel.com\/wp-content\/uploads\/2024\/11\/webmenaje-logo-1508269066.jpg\",\"contentUrl\":\"https:\/\/ledsolintel.com\/wp-content\/uploads\/2024\/11\/webmenaje-logo-1508269066.jpg\",\"width\":370,\"height\":90,\"caption\":\"Solintel Noroeste, S.L.\"},\"image\":{\"@id\":\"https:\/\/ledsolintel.com\/#\/schema\/logo\/image\/\"},\"sameAs\":[\"http:\/\/www.facebook.com\/webmenaje\",\"https:\/\/x.com\/webmenaje\",\"https:\/\/www.youtube.com\/channel\/UCX2KoVoeCG4LocZjUc6LmSQ\",\"http:\/\/www.pinterest.com\/webmenaje\"]}]}<\/script>\n<!-- \/ Yoast SEO plugin. -->","yoast_head_json":{"title":"10143 PLAFON ORIENTABLE PLAIN 3 FOCOS GU10 NIQUEL LEDESMA - Ledsolintel","robots":{"index":"index","follow":"follow","max-snippet":"max-snippet:-1","max-image-preview":"max-image-preview:large","max-video-preview":"max-video-preview:-1"},"canonical":"https:\/\/ledsolintel.com\/fr\/produit-2\/10143-plafon-orientable-plain-3-focos-gu10-niquel-ledesma\/","og_locale":"fr_FR","og_type":"article","og_title":"10143 PLAFON ORIENTABLE PLAIN 3 FOCOS GU10 NIQUEL LEDESMA - Ledsolintel","og_description":"Familia de regletas decorativas para uso de bombillas GU10. Fabricado en metal acabado en n\u00edquel sat\u00edn. PLAIN atrae por su simplicidad de l\u00edneas y la alta calidad de su acabado que permiten que sea instalada en salones y habitaciones. Fuente de luz 1xGU10","og_url":"https:\/\/ledsolintel.com\/fr\/produit-2\/10143-plafon-orientable-plain-3-focos-gu10-niquel-ledesma\/","og_site_name":"Ledsolintel","article_publisher":"http:\/\/www.facebook.com\/webmenaje","og_image":[{"url":"https:\/\/ledsolintel.com\/wp-content\/uploads\/2024\/05\/27051-10143-PLAFON-ORIENTABLE-PLAIN-3-FOCOS-GU10-NIQUEL-LEDESMA.jpg","width":1,"height":1,"type":"image\/jpeg"}],"twitter_card":"summary_large_image","twitter_site":"@webmenaje","schema":{"@context":"https:\/\/schema.org","@graph":[{"@type":"WebPage","@id":"https:\/\/ledsolintel.com\/product\/10143-plafon-orientable-plain-3-focos-gu10-niquel-ledesma\/","url":"https:\/\/ledsolintel.com\/product\/10143-plafon-orientable-plain-3-focos-gu10-niquel-ledesma\/","name":"10143 PLAFON ORIENTABLE PLAIN 3 FOCOS GU10 NIQUEL LEDESMA - Ledsolintel","isPartOf":{"@id":"https:\/\/ledsolintel.com\/#website"},"primaryImageOfPage":{"@id":"https:\/\/ledsolintel.com\/product\/10143-plafon-orientable-plain-3-focos-gu10-niquel-ledesma\/#primaryimage"},"image":{"@id":"https:\/\/ledsolintel.com\/product\/10143-plafon-orientable-plain-3-focos-gu10-niquel-ledesma\/#primaryimage"},"thumbnailUrl":"https:\/\/ledsolintel.com\/wp-content\/uploads\/2024\/05\/27051-10143-PLAFON-ORIENTABLE-PLAIN-3-FOCOS-GU10-NIQUEL-LEDESMA.jpg","datePublished":"2024-05-23T06:37:37+00:00","breadcrumb":{"@id":"https:\/\/ledsolintel.com\/product\/10143-plafon-orientable-plain-3-focos-gu10-niquel-ledesma\/#breadcrumb"},"inLanguage":"fr-FR","potentialAction":[{"@type":"ReadAction","target":["https:\/\/ledsolintel.com\/product\/10143-plafon-orientable-plain-3-focos-gu10-niquel-ledesma\/"]}]},{"@type":"ImageObject","inLanguage":"fr-FR","@id":"https:\/\/ledsolintel.com\/product\/10143-plafon-orientable-plain-3-focos-gu10-niquel-ledesma\/#primaryimage","url":"https:\/\/ledsolintel.com\/wp-content\/uploads\/2024\/05\/27051-10143-PLAFON-ORIENTABLE-PLAIN-3-FOCOS-GU10-NIQUEL-LEDESMA.jpg","contentUrl":"https:\/\/ledsolintel.com\/wp-content\/uploads\/2024\/05\/27051-10143-PLAFON-ORIENTABLE-PLAIN-3-FOCOS-GU10-NIQUEL-LEDESMA.jpg","caption":"10143 PLAFON ORIENTABLE PLAIN 3 FOCOS GU10 NIQUEL LEDESMA"},{"@type":"BreadcrumbList","@id":"https:\/\/ledsolintel.com\/product\/10143-plafon-orientable-plain-3-focos-gu10-niquel-ledesma\/#breadcrumb","itemListElement":[{"@type":"ListItem","position":1,"name":"Portada","item":"https:\/\/ledsolintel.com\/fr\/"},{"@type":"ListItem","position":2,"name":"Tienda","item":"https:\/\/ledsolintel.com\/tienda\/"},{"@type":"ListItem","position":3,"name":"10143 PLAFON ORIENTABLE PLAIN 3 FOCOS GU10 NIQUEL LEDESMA"}]},{"@type":"WebSite","@id":"https:\/\/ledsolintel.com\/#website","url":"https:\/\/ledsolintel.com\/","name":"Webmenaje","description":"Magasin d'ampoules et de lampes LED pour les professionnels","publisher":{"@id":"https:\/\/ledsolintel.com\/#organization"},"potentialAction":[{"@type":"SearchAction","target":{"@type":"EntryPoint","urlTemplate":"https:\/\/ledsolintel.com\/?s={search_term_string}"},"query-input":{"@type":"PropertyValueSpecification","valueRequired":true,"valueName":"search_term_string"}}],"inLanguage":"fr-FR"},{"@type":"Organization","@id":"https:\/\/ledsolintel.com\/#organization","name":"Solintel Noroeste, S.L.","url":"https:\/\/ledsolintel.com\/","logo":{"@type":"ImageObject","inLanguage":"fr-FR","@id":"https:\/\/ledsolintel.com\/#\/schema\/logo\/image\/","url":"https:\/\/ledsolintel.com\/wp-content\/uploads\/2024\/11\/webmenaje-logo-1508269066.jpg","contentUrl":"https:\/\/ledsolintel.com\/wp-content\/uploads\/2024\/11\/webmenaje-logo-1508269066.jpg","width":370,"height":90,"caption":"Solintel Noroeste, S.L."},"image":{"@id":"https:\/\/ledsolintel.com\/#\/schema\/logo\/image\/"},"sameAs":["http:\/\/www.facebook.com\/webmenaje","https:\/\/x.com\/webmenaje","https:\/\/www.youtube.com\/channel\/UCX2KoVoeCG4LocZjUc6LmSQ","http:\/\/www.pinterest.com\/webmenaje"]}]}},"_links":{"self":[{"href":"https:\/\/ledsolintel.com\/fr\/wp-json\/wp\/v2\/product\/251838","targetHints":{"allow":["GET"]}}],"collection":[{"href":"https:\/\/ledsolintel.com\/fr\/wp-json\/wp\/v2\/product"}],"about":[{"href":"https:\/\/ledsolintel.com\/fr\/wp-json\/wp\/v2\/types\/product"}],"version-history":[{"count":0,"href":"https:\/\/ledsolintel.com\/fr\/wp-json\/wp\/v2\/product\/251838\/revisions"}],"wp:featuredmedia":[{"embeddable":true,"href":"https:\/\/ledsolintel.com\/fr\/wp-json\/wp\/v2\/media\/251837"}],"wp:attachment":[{"href":"https:\/\/ledsolintel.com\/fr\/wp-json\/wp\/v2\/media?parent=251838"}],"wp:term":[{"taxonomy":"product_brand","embeddable":true,"href":"https:\/\/ledsolintel.com\/fr\/wp-json\/wp\/v2\/product_brand?post=251838"},{"taxonomy":"product_cat","embeddable":true,"href":"https:\/\/ledsolintel.com\/fr\/wp-json\/wp\/v2\/product_cat?post=251838"},{"taxonomy":"product_tag","embeddable":true,"href":"https:\/\/ledsolintel.com\/fr\/wp-json\/wp\/v2\/product_tag?post=251838"}],"curies":[{"name":"wp","href":"https:\/\/api.w.org\/{rel}","templated":true}]}}